{"id":6563,"date":"2025-03-17T16:17:19","date_gmt":"2025-03-17T08:17:19","guid":{"rendered":"https:\/\/www.qualitester.com\/?page_id=6563"},"modified":"2025-03-17T16:47:18","modified_gmt":"2025-03-17T08:47:18","slug":"peel-test-machine-iso-8510-2","status":"publish","type":"page","link":"https:\/\/www.qualitester.com\/de\/peel-test-machine-iso-8510-2\/","title":{"rendered":"Peel-Test-Maschine"},"content":{"rendered":"<div data-elementor-type=\"wp-page\" data-elementor-id=\"6563\" class=\"elementor elementor-6563\" data-elementor-post-type=\"page\">\n\t\t\t\t<div class=\"elementor-element elementor-element-7cc5ddc e-flex e-con-boxed e-con e-parent\" data-id=\"7cc5ddc\" data-element_type=\"container\">\n\t\t\t\t\t<div class=\"e-con-inner\">\n\t\t\t\t<div class=\"elementor-element elementor-element-0615e23 elementor-widget elementor-widget-heading\" data-id=\"0615e23\" data-element_type=\"widget\" data-widget_type=\"heading.default\">\n\t\t\t\t<div class=\"elementor-widget-container\">\n\t\t\t<h2 class=\"elementor-heading-title elementor-size-default\">ISO 8510-2 Sch\u00e4lpr\u00fcfmaschine<\/h2>\t\t<\/div>\n\t\t\t\t<\/div>\n\t\t\t\t<div class=\"elementor-element elementor-element-425c387 elementor-widget elementor-widget-text-editor\" data-id=\"425c387\" data-element_type=\"widget\" data-widget_type=\"text-editor.default\">\n\t\t\t\t<div class=\"elementor-widget-container\">\n\t\t\t\t\t\t\t<p data-pm-slice=\"1 1 []\">A <strong>Sch\u00e4lpr\u00fcfmaschine<\/strong> misst die Haftfestigkeit von Materialien wie Klebeb\u00e4ndern, Beschichtungen, Etiketten, Laminaten und Klebstoffen, indem die Kraft bestimmt wird, die erforderlich ist, um sie auseinander zu ziehen. Dieser Test stellt sicher, dass die <strong>Zuverl\u00e4ssigkeit, Langlebigkeit und Leistung<\/strong> von Klebeverbindungen in realen Anwendungen.<\/p><h3 data-pm-slice=\"1 1 []\">Peel-Test-Verfahren nach <em><span style=\"text-decoration: underline;\"><a href=\"https:\/\/www.qualitester.com\/de\/standards\/iso-8510-2\/\" target=\"_blank\" rel=\"noopener\">ISO 8510-2<\/a><\/span><\/em><\/h3><ol start=\"1\" data-spread=\"false\" data-pm-slice=\"3 3 []\"><li><p><strong>Sichern Sie die Probe<\/strong> in den Testgriffen.<\/p><\/li><li><p><strong>Pr\u00fcfparameter ausw\u00e4hlen<\/strong> (Sch\u00e4lwinkel, Geschwindigkeit, Kraftmessbereich).<\/p><\/li><li><p><strong>Starten Sie den Test<\/strong> zur Messung der Sch\u00e4lfestigkeit und der Adh\u00e4sionskraft.<\/p><\/li><li><p><strong>Analysieren Sie die Ergebnisse<\/strong> mit integrierter Software f\u00fcr die Datenauswertung.<\/p><\/li><\/ol>\t\t\t\t\t\t<\/div>\n\t\t\t\t<\/div>\n\t\t\t\t\t<\/div>\n\t\t\t\t<\/div>\n\t\t<div class=\"elementor-element elementor-element-c378781 e-flex e-con-boxed e-con e-parent\" data-id=\"c378781\" data-element_type=\"container\">\n\t\t\t\t\t<div class=\"e-con-inner\">\n\t\t\t\t<div class=\"elementor-element elementor-element-db4a51b elementor-grid-3 elementor-grid-tablet-2 elementor-grid-mobile-1 elementor-posts--thumbnail-top elementor-card-shadow-yes elementor-posts__hover-gradient elementor-widget elementor-widget-posts\" data-id=\"db4a51b\" data-element_type=\"widget\" data-settings=\"{&quot;cards_columns&quot;:&quot;3&quot;,&quot;cards_columns_tablet&quot;:&quot;2&quot;,&quot;cards_columns_mobile&quot;:&quot;1&quot;,&quot;cards_row_gap&quot;:{&quot;unit&quot;:&quot;px&quot;,&quot;size&quot;:35,&quot;sizes&quot;:[]},&quot;cards_row_gap_tablet&quot;:{&quot;unit&quot;:&quot;px&quot;,&quot;size&quot;:&quot;&quot;,&quot;sizes&quot;:[]},&quot;cards_row_gap_mobile&quot;:{&quot;unit&quot;:&quot;px&quot;,&quot;size&quot;:&quot;&quot;,&quot;sizes&quot;:[]}}\" data-widget_type=\"posts.cards\">\n\t\t\t\t<div class=\"elementor-widget-container\">\n\t\t\t\t\t<div class=\"elementor-posts-container elementor-posts elementor-posts--skin-cards elementor-grid\">\n\t\t\t\t<article class=\"elementor-post elementor-grid-item post-5149 product type-product status-publish has-post-thumbnail product_cat-180-peeling-tester product_cat-astm-d1894 product_cat-astm-d3330 product_cat-astm-d4917 product_cat-bursting-tester product_cat-cobb-tester product_cat-coefficient-of-friction-tester product_cat-crush-tester product_cat-customization product_cat-iso-8295 product_cat-iso-8510-2 product_cat-paper-tear-tester product_cat-peel-tester product_cat-plybond-tester product_cat-products product_cat-puncture-tester product_cat-rub-tester product_cat-stiffness-tester product_cat-tappi-t549 product_cat-tappi-t816 desktop-align-left tablet-align-left mobile-align-left first instock shipping-taxable product-type-simple\">\n\t\t\t<div class=\"elementor-post__card\">\n\t\t\t\t<a class=\"elementor-post__thumbnail__link\" href=\"https:\/\/www.qualitester.com\/de\/produkt-2\/sale-film-friction-peel-tester\/\" tabindex=\"-1\" ><div class=\"elementor-post__thumbnail\"><img fetchpriority=\"high\" decoding=\"async\" width=\"300\" height=\"300\" src=\"https:\/\/www.qualitester.com\/wp-content\/uploads\/2024\/10\/Film-FrictionPeel-Tester-COF-Testing-300x300.jpg\" class=\"attachment-medium size-medium wp-image-6139\" alt=\"Reibungs-\/Sch\u00e4lpr\u00fcfger\u00e4t f\u00fcr Folien \u2013 COF-Test\" srcset=\"https:\/\/www.qualitester.com\/wp-content\/uploads\/2024\/10\/Film-FrictionPeel-Tester-COF-Testing-300x300.jpg 300w, https:\/\/www.qualitester.com\/wp-content\/uploads\/2024\/10\/Film-FrictionPeel-Tester-COF-Testing-150x150.jpg 150w, https:\/\/www.qualitester.com\/wp-content\/uploads\/2024\/10\/Film-FrictionPeel-Tester-COF-Testing-768x768.jpg 768w, https:\/\/www.qualitester.com\/wp-content\/uploads\/2024\/10\/Film-FrictionPeel-Tester-COF-Testing-600x600.jpg 600w, https:\/\/www.qualitester.com\/wp-content\/uploads\/2024\/10\/Film-FrictionPeel-Tester-COF-Testing-100x100.jpg 100w, https:\/\/www.qualitester.com\/wp-content\/uploads\/2024\/10\/Film-FrictionPeel-Tester-COF-Testing.jpg 1000w\" sizes=\"(max-width: 300px) 100vw, 300px\" \/><\/div><\/a>\n\t\t\t\t<div class=\"elementor-post__text\">\n\t\t\t\t<h3 class=\"elementor-post__title\">\n\t\t\t<a href=\"https:\/\/www.qualitester.com\/de\/produkt-2\/sale-film-friction-peel-tester\/\" >\n\t\t\t\tFPT-01 Reibungs-\/Sch\u00e4lpr\u00fcfger\u00e4t f\u00fcr Folien\t\t\t<\/a>\n\t\t<\/h3>\n\t\t\n\t\t<a class=\"elementor-post__read-more\" href=\"https:\/\/www.qualitester.com\/de\/produkt-2\/sale-film-friction-peel-tester\/\" aria-label=\"Read more about FPT-01 Film Friction\/Peel Tester\" tabindex=\"-1\" >\n\t\t\tMehr lesen &quot;\t\t<\/a>\n\n\t\t\t\t<\/div>\n\t\t\t\t\t<\/div>\n\t\t<\/article>\n\t\t\t\t<article class=\"elementor-post elementor-grid-item post-2429 product type-product status-publish has-post-thumbnail product_cat-astm product_cat-astm-d1938 product_cat-astm-d3330 product_cat-astm-d882 product_cat-astm-e4 product_cat-astm-f88 product_cat-astm-f904 product_cat-package-container-testers product_cat-paper-and-board-testers product_cat-pharma-and-medical-testers product_cat-plastic-packaging-testers product_tag-astm-d1938 product_tag-astm-d3330 product_tag-astm-d882 product_tag-astm-e4 product_tag-astm-f88 product_tag-astm-f904 product_tag-iso-37 product_tag-jis-p8113 product_tag-physical-properties product_tag-tensile product_tag-tensile-strength product_tag-universal-testing-machine desktop-align-left tablet-align-left mobile-align-left  instock shipping-taxable product-type-simple\">\n\t\t\t<div class=\"elementor-post__card\">\n\t\t\t\t<a class=\"elementor-post__thumbnail__link\" href=\"https:\/\/www.qualitester.com\/de\/produkt-2\/tst-01-universal-testing-machine\/\" tabindex=\"-1\" ><div class=\"elementor-post__thumbnail\"><img decoding=\"async\" width=\"300\" height=\"300\" src=\"https:\/\/www.qualitester.com\/wp-content\/uploads\/2023\/04\/Tensile-Tester-TST-01-Front-view-1-300x300.jpg\" class=\"attachment-medium size-medium wp-image-1833\" alt=\"\" srcset=\"https:\/\/www.qualitester.com\/wp-content\/uploads\/2023\/04\/Tensile-Tester-TST-01-Front-view-1-300x300.jpg 300w, https:\/\/www.qualitester.com\/wp-content\/uploads\/2023\/04\/Tensile-Tester-TST-01-Front-view-1-150x150.jpg 150w, https:\/\/www.qualitester.com\/wp-content\/uploads\/2023\/04\/Tensile-Tester-TST-01-Front-view-1-600x600.jpg 600w, https:\/\/www.qualitester.com\/wp-content\/uploads\/2023\/04\/Tensile-Tester-TST-01-Front-view-1-100x100.jpg 100w, https:\/\/www.qualitester.com\/wp-content\/uploads\/2023\/04\/Tensile-Tester-TST-01-Front-view-1.jpg 750w\" sizes=\"(max-width: 300px) 100vw, 300px\" \/><\/div><\/a>\n\t\t\t\t<div class=\"elementor-post__text\">\n\t\t\t\t<h3 class=\"elementor-post__title\">\n\t\t\t<a href=\"https:\/\/www.qualitester.com\/de\/produkt-2\/tst-01-universal-testing-machine\/\" >\n\t\t\t\tTST-01 Universalpr\u00fcfmaschine\t\t\t<\/a>\n\t\t<\/h3>\n\t\t\n\t\t<a class=\"elementor-post__read-more\" href=\"https:\/\/www.qualitester.com\/de\/produkt-2\/tst-01-universal-testing-machine\/\" aria-label=\"Read more about TST-01 Universal Testing Machine\" tabindex=\"-1\" >\n\t\t\tMehr lesen &quot;\t\t<\/a>\n\n\t\t\t\t<\/div>\n\t\t\t\t\t<\/div>\n\t\t<\/article>\n\t\t\t\t<article class=\"elementor-post elementor-grid-item post-2316 product type-product status-publish has-post-thumbnail product_cat-180-peeling-tester product_cat-90-peeling-tester product_cat-adhesive-tester product_cat-ampoule-breaking-tester product_cat-applied-materials product_cat-astm product_cat-astm-d1938 product_cat-astm-d3330 product_cat-astm-d882 product_cat-astm-e4 product_cat-astm-f88 product_cat-astm-f904 product_cat-customization product_cat-iso product_cat-iso-37 product_cat-medical-packaging-tester product_cat-package-compression-tester product_cat-package-container-testers product_cat-paper-and-board-testers product_cat-paper-tear-tester product_cat-peel-tester product_cat-pharma-and-medical-testers product_cat-plastic-packaging-testers product_cat-products product_cat-protrusion-tester product_cat-puncture-tester product_cat-tear-tester product_cat-tensile-tester product_cat-test-items product_cat-textile-tester desktop-align-left tablet-align-left mobile-align-left last instock shipping-taxable product-type-simple\">\n\t\t\t<div class=\"elementor-post__card\">\n\t\t\t\t<a class=\"elementor-post__thumbnail__link\" href=\"https:\/\/www.qualitester.com\/de\/produkt-2\/tst-01-tensile-tester\/\" tabindex=\"-1\" ><div class=\"elementor-post__thumbnail\"><img decoding=\"async\" width=\"300\" height=\"300\" src=\"https:\/\/www.qualitester.com\/wp-content\/uploads\/2023\/05\/TST-01-Tensile-Tester-3-300x300.jpg\" class=\"attachment-medium size-medium wp-image-6313\" alt=\"TST-01 Zugpr\u00fcfger\u00e4t 3\" srcset=\"https:\/\/www.qualitester.com\/wp-content\/uploads\/2023\/05\/TST-01-Tensile-Tester-3-300x300.jpg 300w, https:\/\/www.qualitester.com\/wp-content\/uploads\/2023\/05\/TST-01-Tensile-Tester-3-150x150.jpg 150w, https:\/\/www.qualitester.com\/wp-content\/uploads\/2023\/05\/TST-01-Tensile-Tester-3-768x768.jpg 768w, https:\/\/www.qualitester.com\/wp-content\/uploads\/2023\/05\/TST-01-Tensile-Tester-3-600x600.jpg 600w, https:\/\/www.qualitester.com\/wp-content\/uploads\/2023\/05\/TST-01-Tensile-Tester-3-100x100.jpg 100w, https:\/\/www.qualitester.com\/wp-content\/uploads\/2023\/05\/TST-01-Tensile-Tester-3.jpg 1000w\" sizes=\"(max-width: 300px) 100vw, 300px\" \/><\/div><\/a>\n\t\t\t\t<div class=\"elementor-post__text\">\n\t\t\t\t<h3 class=\"elementor-post__title\">\n\t\t\t<a href=\"https:\/\/www.qualitester.com\/de\/produkt-2\/tst-01-tensile-tester\/\" >\n\t\t\t\tTST-01 Zugpr\u00fcfger\u00e4t\t\t\t<\/a>\n\t\t<\/h3>\n\t\t\n\t\t<a class=\"elementor-post__read-more\" href=\"https:\/\/www.qualitester.com\/de\/produkt-2\/tst-01-tensile-tester\/\" aria-label=\"Read more about TST-01 Tensile Tester\" tabindex=\"-1\" >\n\t\t\tMehr lesen &quot;\t\t<\/a>\n\n\t\t\t\t<\/div>\n\t\t\t\t\t<\/div>\n\t\t<\/article>\n\t\t\t\t<\/div>\n\t\t\n\t\t\t\t<\/div>\n\t\t\t\t<\/div>\n\t\t\t\t\t<\/div>\n\t\t\t\t<\/div>\n\t\t<div class=\"elementor-element elementor-element-fec96e0 e-con-full e-flex e-con e-parent\" data-id=\"fec96e0\" data-element_type=\"container\">\n\t\t\t\t<div class=\"elementor-element elementor-element-234039b elementor-cta--skin-classic elementor-animated-content elementor-bg-transform elementor-bg-transform-zoom-in elementor-widget elementor-widget-call-to-action\" data-id=\"234039b\" data-element_type=\"widget\" data-widget_type=\"call-to-action.default\">\n\t\t\t\t<div class=\"elementor-widget-container\">\n\t\t\t\t\t<div class=\"elementor-cta\">\n\t\t\t\t\t\t\t<div class=\"elementor-cta__content\">\n\t\t\t\t\n\t\t\t\t\t\t\t\t\t<h2 class=\"elementor-cta__title elementor-cta__content-item elementor-content-item\">\n\t\t\t\t\t\tFordern Sie noch heute ein Angebot an!\t\t\t\t\t<\/h2>\n\t\t\t\t\n\t\t\t\t\t\t\t\t\t<div class=\"elementor-cta__description elementor-cta__content-item elementor-content-item\">\n\t\t\t\t\t\tAuf der Suche nach einer hochpr\u00e4zisen <strong>Sch\u00e4lpr\u00fcfmaschine<\/strong> Das entspricht <strong>ISO 8510-2<\/strong> Normen? <strong>Zellinstrumente<\/strong> bietet fortschrittliche L\u00f6sungen f\u00fcr Adh\u00e4sionspr\u00fcfungen, die genaue und wiederholbare Ergebnisse f\u00fcr verschiedene Branchen liefern, darunter <strong>Verpackungs-, Automobil-, Elektronik- und medizinische Anwendungen.<\/strong>\t\t\t\t\t<\/div>\n\t\t\t\t\n\t\t\t\t\t\t\t\t\t<div class=\"elementor-cta__button-wrapper elementor-cta__content-item elementor-content-item\">\n\t\t\t\t\t<a class=\"elementor-cta__button elementor-button elementor-size-\" href=\"https:\/\/www.qualitester.com\/de\/contact\/\">\n\t\t\t\t\t\tKontaktieren Sie uns\t\t\t\t\t<\/a>\n\t\t\t\t\t<\/div>\n\t\t\t\t\t\t\t<\/div>\n\t\t\t\t\t\t<\/div>\n\t\t\t\t<\/div>\n\t\t\t\t<\/div>\n\t\t\t\t<\/div>\n\t\t\t\t<\/div>","protected":false},"excerpt":{"rendered":"<p>ISO 8510-2 Peel Test Machine A peel test machine measures the adhesion strength of materials, such as tapes, coatings, labels, laminates, and adhesives, by determining<\/p>","protected":false},"author":4,"featured_media":0,"parent":0,"menu_order":0,"comment_status":"closed","ping_status":"closed","template":"","meta":{"site-sidebar-layout":"no-sidebar","site-content-layout":"page-builder","ast-global-header-display":"","ast-main-header-display":"","ast-hfb-above-header-display":"","ast-hfb-below-header-display":"","ast-hfb-mobile-header-display":"","site-post-title":"disabled","ast-breadcrumbs-content":"","ast-featured-img":"disabled","footer-sml-layout":"","theme-transparent-header-meta":"default","adv-header-id-meta":"","stick-header-meta":"","header-above-stick-meta":"","header-main-stick-meta":"","header-below-stick-meta":"","footnotes":""},"class_list":["post-6563","page","type-page","status-publish","hentry","desktop-align-left","tablet-align-left","mobile-align-left"],"_links":{"self":[{"href":"https:\/\/www.qualitester.com\/de\/wp-json\/wp\/v2\/pages\/6563","targetHints":{"allow":["GET"]}}],"collection":[{"href":"https:\/\/www.qualitester.com\/de\/wp-json\/wp\/v2\/pages"}],"about":[{"href":"https:\/\/www.qualitester.com\/de\/wp-json\/wp\/v2\/types\/page"}],"author":[{"embeddable":true,"href":"https:\/\/www.qualitester.com\/de\/wp-json\/wp\/v2\/users\/4"}],"replies":[{"embeddable":true,"href":"https:\/\/www.qualitester.com\/de\/wp-json\/wp\/v2\/comments?post=6563"}],"version-history":[{"count":0,"href":"https:\/\/www.qualitester.com\/de\/wp-json\/wp\/v2\/pages\/6563\/revisions"}],"wp:attachment":[{"href":"https:\/\/www.qualitester.com\/de\/wp-json\/wp\/v2\/media?parent=6563"}],"curies":[{"name":"wp","href":"https:\/\/api.w.org\/{rel}","templated":true}]}}