{"id":6558,"date":"2025-03-17T16:04:02","date_gmt":"2025-03-17T08:04:02","guid":{"rendered":"https:\/\/www.qualitester.com\/?page_id=6558"},"modified":"2025-03-17T16:56:01","modified_gmt":"2025-03-17T08:56:01","slug":"iso-8510-2","status":"publish","type":"page","link":"https:\/\/www.qualitester.com\/de\/standards\/iso-8510-2\/","title":{"rendered":"ISO 8510-2"},"content":{"rendered":"<h1 style=\"text-align: center;\">ISO 8510-2<\/h1>\n<p data-pm-slice=\"1 1 []\">ISO 8510-2 spezifiziert den 180-Grad-Sch\u00e4l-Haftungstest zur Bewertung der <strong>Sch\u00e4lfestigkeit des Klebstoffs<\/strong> von verklebten Materialien. Diese Norm ist wichtig f\u00fcr Branchen wie <strong>Verpackungen, medizinische Ger\u00e4te, Elektronik und Klebstoffe<\/strong>, wo eine starke und zuverl\u00e4ssige Haftung entscheidend ist. Der Test liefert wichtige Erkenntnisse \u00fcber die <strong>Leistung und Haltbarkeit von Klebstoffen<\/strong> durch Messung der Kraft, die erforderlich ist, um ein flexibles F\u00fcgeteil von einem starren F\u00fcgeteil unter kontrollierten Bedingungen zu trennen.<\/p>\n<h2>Pr\u00fcfverfahren nach ISO 8510-2<\/h2>\n<p>Der <strong><a href=\"https:\/\/www.qualitester.com\/de\/produkt-kategorie\/iso\/iso-8510-2\/\" target=\"_blank\" rel=\"noopener\">ISO 8510-.<\/a>2 Pr\u00fcfverfahren<\/strong> umfasst die Vorbereitung und Pr\u00fcfung von Klebeproben unter standardisierten Bedingungen. Die Schritte umfassen:<\/p>\n<h3>1. Vorbereitung des Pr\u00fcfmusters<\/h3>\n<ul data-spread=\"false\">\n<li>Eine Schuldverschreibung <strong>flexibel-steif<\/strong> Die Baugruppe wird mit dem zu bewertenden Klebstoff hergestellt.<\/li>\n<li>Der <strong>starres F\u00fcgeteil<\/strong> kann sein <strong>Metall, Kunststoff, Holz oder Gummi<\/strong> mit bestimmten Dicken.<\/li>\n<li>Der <strong>flexible Verklebung<\/strong> widerstehen sollte <strong>180-Grad-Biegung<\/strong> ohne Verformung.<\/li>\n<li>Kleberauftrag folgt <strong>ISO 17212<\/strong> oder Herstellerrichtlinien.<\/li>\n<li>Die Bondlinie muss sein <strong>gleichm\u00e4\u00dfig aufgetragen und vollst\u00e4ndig ausgeh\u00e4rtet<\/strong> vor der Pr\u00fcfung.<\/li>\n<\/ul>\n<p><img fetchpriority=\"high\" decoding=\"async\" class=\"wp-image-6591 aligncenter\" src=\"https:\/\/www.qualitester.com\/wp-content\/uploads\/2025\/03\/ISO-8510-2-180-Degree-Peel-Adhesion-Test.png\" alt=\"ISO 8510-2 180-Grad-Sch\u00e4l-Haftungstest\" width=\"171\" height=\"366\" srcset=\"https:\/\/www.qualitester.com\/wp-content\/uploads\/2025\/03\/ISO-8510-2-180-Degree-Peel-Adhesion-Test.png 278w, https:\/\/www.qualitester.com\/wp-content\/uploads\/2025\/03\/ISO-8510-2-180-Degree-Peel-Adhesion-Test-140x300.png 140w, https:\/\/www.qualitester.com\/wp-content\/uploads\/2025\/03\/ISO-8510-2-180-Degree-Peel-Adhesion-Test-6x12.png 6w\" sizes=\"(max-width: 171px) 100vw, 171px\" \/><\/p>\n<h3>2. Anforderungen an das Pr\u00fcfger\u00e4t<\/h3>\n<ul data-spread=\"false\">\n<li>A <strong>Sch\u00e4lpr\u00fcfmaschine<\/strong> (<a href=\"https:\/\/www.qualitester.com\/de\/produkt-2\/tst-01-tensile-tester\/\" target=\"_blank\" rel=\"noopener\">Zugpr\u00fcfmaschine<\/a>) ist erforderlich.<\/li>\n<li>Die Maschine muss eine <strong>konstante Rate der Griffabl\u00f6sung<\/strong> (typischerweise <strong>100 mm\/min \u00b1 10 mm\/min<\/strong>).<\/li>\n<li>Die Griffe m\u00fcssen das Ger\u00e4t sicher halten <strong>starre und flexible F\u00fcgeteile<\/strong>.<\/li>\n<li>Die Kraftmessung muss innerhalb folgender Grenzen genau sein <strong>\u00b12%<\/strong>.<\/li>\n<\/ul>\n<h3>3. Pr\u00fcfverfahren<\/h3>\n<ul data-spread=\"false\">\n<li>Der <strong>starres F\u00fcgeteil<\/strong> wird in den festen Griff der Maschine eingespannt.<\/li>\n<li>Der <strong>flexible Verklebung<\/strong> wird in einen selbstausrichtenden Griff eingespannt.<\/li>\n<li>Die Maschine \u00fcbt eine Kraft parallel zur verklebten Ebene aus und zieht das flexible F\u00fcgeteil mit einer <strong>180-Grad-Winkel<\/strong>.<\/li>\n<li>Der Test wird fortgesetzt, bis mindestens <strong>125 mm der verklebten L\u00e4nge haben sich abgel\u00f6st<\/strong>.<\/li>\n<li>Die Sch\u00e4lkraft wird aufgezeichnet \u00fcber <strong>100 mm<\/strong>, mit Ausnahme des ersten <strong>25 mm<\/strong>.<\/li>\n<li>Die Versagensart (adh\u00e4sives, koh\u00e4sives oder adh\u00e4rentes Versagen) wird vermerkt.<\/li>\n<\/ul>\n<h3>4. Aufzeichnung der Sch\u00e4lpr\u00fcfungsergebnisse<\/h3>\n<ul data-spread=\"false\">\n<li>Der Test bestimmt die <strong>durchschnittliche Sch\u00e4lkraft in Newton<\/strong> \u00fcber die gesamte Testdauer.<\/li>\n<li><strong>Maximale und minimale Kr\u00e4fte<\/strong> aufgezeichnet werden.<\/li>\n<li>Ergebnisse helfen bei <strong>Vergleich von Klebstoffformulierungen<\/strong> Und <strong>Gew\u00e4hrleistung der Konsistenz der Produktion<\/strong>.<\/li>\n<\/ul>\n<h2 data-pm-slice=\"1 3 []\">Die Bedeutung des 180-Grad-Sch\u00e4l-Haftungstests<\/h2>\n<p>Der <strong>180-Grad-Sch\u00e4l-Haftungstest<\/strong> wird h\u00e4ufig zur Bewertung der <strong>Sch\u00e4lfestigkeit<\/strong> von Klebstoffen. Es hilft den Herstellern sicherzustellen, dass ihre Klebstoffprodukte die Leistungserwartungen der Industrie erf\u00fcllen. Zu den wichtigsten Anwendungen geh\u00f6ren:<\/p>\n<ul data-spread=\"false\">\n<li><strong>Qualit\u00e4tskontrolle<\/strong> f\u00fcr Klebstoffe, die in Verpackungen und medizinischen Anwendungen eingesetzt werden<\/li>\n<li><strong>Forschung und Entwicklung<\/strong> zur Verbesserung von Klebstoffformulierungen<\/li>\n<li><strong>Einhaltung<\/strong> mit internationalen Klebstoffpr\u00fcfnormen<\/li>\n<\/ul>\n<h2>Pr\u00e4zisionssch\u00e4lpr\u00fcfmaschine f\u00fcr Klebeband<\/h2>\n<ul data-spread=\"false\">\n<li><strong>Pr\u00e4zision und Genauigkeit<\/strong> (Kraftmessung innerhalb <strong>2% Toleranz<\/strong>)<\/li>\n<li><strong>Einstellbare Grifftrennraten<\/strong><\/li>\n<li><strong>SPS-Steuerung<\/strong><\/li>\n<li><strong>F\u00e4higkeiten zur Datenaufzeichnung<\/strong> zur Analyse<\/li>\n<li>Mehr \u00fcber <a href=\"https:\/\/www.qualitester.com\/de\/produkt-2\/tst-01-tensile-tester\/\" target=\"_blank\" rel=\"noopener\">Peel-Test-Maschine<\/a>...<\/li>\n<\/ul>\n<p style=\"text-align: center;\"><big><big>F\u00fcr hochpr\u00e4zise <a href=\"https:\/\/www.qualitester.com\/de\/produkt-2\/tst-01-tensile-tester\/\"><strong>Pr\u00fcfung der Sch\u00e4lfestigkeit von Klebstoffen<\/strong><\/a>, Kontakt <a href=\"https:\/\/www.qualitester.com\/de\/\"><strong>Zellinstrumente<\/strong><\/a> heute!<\/big><\/big><\/p>\n<h2>FAQs<\/h2>\n<p><strong>1. Was ist ISO 8510-2?<br \/>\n<\/strong>ISO 8510-2 ist eine internationale Norm, die die <strong>180-Grad-Sch\u00e4l-Haftungstest<\/strong> zu messen <strong>Sch\u00e4lfestigkeit des Klebstoffs<\/strong>.<\/p>\n<p><strong>2. Warum ist der 180-Grad-Sch\u00e4l-Haftungstest wichtig?<br \/>\n<\/strong>Dieser Test bewertet die <strong>Klebekraft<\/strong> von Klebstoffen, um sicherzustellen, dass sie den Anforderungen der Industrie f\u00fcr <strong>Langlebigkeit und Zuverl\u00e4ssigkeit<\/strong>.<\/p>\n<p><strong>3. Welche Ausr\u00fcstung wird f\u00fcr die Pr\u00fcfung nach ISO 8510-2 ben\u00f6tigt?<br \/>\n<\/strong>A <strong>Sch\u00e4lpr\u00fcfmaschine<\/strong>, die in der Lage sind, eine konstante Abl\u00f6sungsrate des Griffs, eine genaue Kraftmessung und sichere Griffe zu gew\u00e4hrleisten.<\/p>\n<p><strong>4. Welche Faktoren beeinflussen die Sch\u00e4lfestigkeit bei diesem Test?<br \/>\n<\/strong>Zu den Faktoren geh\u00f6ren <strong>Klebstofftyp, Oberfl\u00e4chenvorbereitung, Klebstoffmaterial und Pr\u00fcfgeschwindigkeit<\/strong>.<\/p>\n<p><strong>5. Wo wird der Test nach ISO 8510-2 angewendet?<br \/>\n<\/strong>G\u00e4ngige Branchen sind <strong>Verpackungs-, Medizin-, Elektronik-, Automobil- und Klebstoffherstellung<\/strong>.<\/p>","protected":false},"excerpt":{"rendered":"<p>ISO 8510-2 ISO 8510-2 specifies the 180-degree peel adhesion test for evaluating the adhesive peel strength of bonded materials. This standard is essential in industries such as packaging, medical devices, electronics, and adhesives, where strong and reliable adhesion is crucial. The test provides critical insights into the performance and durability of adhesives by measuring the &hellip;<\/p>\n<p class=\"read-more\"> <a class=\"\" href=\"https:\/\/www.qualitester.com\/de\/standards\/iso-8510-2\/\"> <span class=\"screen-reader-text\">ISO 8510-2<\/span> Weiterlesen \"<\/a><\/p>","protected":false},"author":4,"featured_media":0,"parent":4948,"menu_order":0,"comment_status":"closed","ping_status":"closed","template":"","meta":{"site-sidebar-layout":"default","site-content-layout":"default","ast-global-header-display":"","ast-main-header-display":"","ast-hfb-above-header-display":"","ast-hfb-below-header-display":"","ast-hfb-mobile-header-display":"","site-post-title":"disabled","ast-breadcrumbs-content":"","ast-featured-img":"","footer-sml-layout":"","theme-transparent-header-meta":"default","adv-header-id-meta":"","stick-header-meta":"","header-above-stick-meta":"","header-main-stick-meta":"","header-below-stick-meta":"","footnotes":""},"class_list":["post-6558","page","type-page","status-publish","hentry"],"_links":{"self":[{"href":"https:\/\/www.qualitester.com\/de\/wp-json\/wp\/v2\/pages\/6558","targetHints":{"allow":["GET"]}}],"collection":[{"href":"https:\/\/www.qualitester.com\/de\/wp-json\/wp\/v2\/pages"}],"about":[{"href":"https:\/\/www.qualitester.com\/de\/wp-json\/wp\/v2\/types\/page"}],"author":[{"embeddable":true,"href":"https:\/\/www.qualitester.com\/de\/wp-json\/wp\/v2\/users\/4"}],"replies":[{"embeddable":true,"href":"https:\/\/www.qualitester.com\/de\/wp-json\/wp\/v2\/comments?post=6558"}],"version-history":[{"count":0,"href":"https:\/\/www.qualitester.com\/de\/wp-json\/wp\/v2\/pages\/6558\/revisions"}],"up":[{"embeddable":true,"href":"https:\/\/www.qualitester.com\/de\/wp-json\/wp\/v2\/pages\/4948"}],"wp:attachment":[{"href":"https:\/\/www.qualitester.com\/de\/wp-json\/wp\/v2\/media?parent=6558"}],"curies":[{"name":"wp","href":"https:\/\/api.w.org\/{rel}","templated":true}]}}