{"id":4999,"date":"2024-10-03T13:41:30","date_gmt":"2024-10-03T05:41:30","guid":{"rendered":"https:\/\/www.qualitester.com\/?page_id=4999"},"modified":"2024-11-28T10:04:17","modified_gmt":"2024-11-28T02:04:17","slug":"blog","status":"publish","type":"page","link":"https:\/\/www.qualitester.com\/de\/blog\/","title":{"rendered":"Der Blog"},"content":{"rendered":"<div data-elementor-type=\"wp-page\" data-elementor-id=\"4999\" class=\"elementor elementor-4999\" data-elementor-post-type=\"page\">\n\t\t\t\t<div class=\"elementor-element elementor-element-665610e3 e-flex e-con-boxed e-con e-parent\" data-id=\"665610e3\" data-element_type=\"container\" data-settings=\"{&quot;background_background&quot;:&quot;classic&quot;}\">\n\t\t\t\t\t<div class=\"e-con-inner\">\n\t\t<div class=\"elementor-element elementor-element-5723a97a e-flex e-con-boxed e-con e-child\" data-id=\"5723a97a\" data-element_type=\"container\">\n\t\t\t\t\t<div class=\"e-con-inner\">\n\t\t\t\t<div class=\"elementor-element elementor-element-626984f0 elementor-widget elementor-widget-heading\" data-id=\"626984f0\" data-element_type=\"widget\" data-widget_type=\"heading.default\">\n\t\t\t\t<div class=\"elementor-widget-container\">\n\t\t\t<h1 class=\"elementor-heading-title elementor-size-default\">Blog f\u00fcr Materialqualit\u00e4tstester <\/h1>\t\t<\/div>\n\t\t\t\t<\/div>\n\t\t\t\t<div class=\"elementor-element elementor-element-52544a1b elementor-widget__width-inherit elementor-widget elementor-widget-text-editor\" data-id=\"52544a1b\" data-element_type=\"widget\" data-widget_type=\"text-editor.default\">\n\t\t\t\t<div class=\"elementor-widget-container\">\n\t\t\t\t\t\t\t<p>Hier k\u00f6nnen Sie mehr \u00fcber die Innovationen und L\u00f6sungen von Cell Instruments im Bereich der Materialpr\u00fcfung erfahren.<\/p>\t\t\t\t\t\t<\/div>\n\t\t\t\t<\/div>\n\t\t\t\t<div class=\"elementor-element elementor-element-0adf485 elementor-button-success elementor-invisible elementor-widget elementor-widget-button\" data-id=\"0adf485\" data-element_type=\"widget\" data-settings=\"{&quot;_animation&quot;:&quot;zoomIn&quot;}\" data-widget_type=\"button.default\">\n\t\t\t\t<div class=\"elementor-widget-container\">\n\t\t\t\t\t\t\t<div class=\"elementor-button-wrapper\">\n\t\t\t\t\t<a class=\"elementor-button elementor-button-link elementor-size-sm\" href=\"#elementor-action%3Aaction%3Dpopup%3Aopen%26settings%3DeyJpZCI6IjUwMTgiLCJ0b2dnbGUiOmZhbHNlfQ%3D%3D\">\n\t\t\t\t\t\t<span class=\"elementor-button-content-wrapper\">\n\t\t\t\t\t\t\t\t\t<span class=\"elementor-button-text\">Testmethode anfordern<\/span>\n\t\t\t\t\t<\/span>\n\t\t\t\t\t<\/a>\n\t\t\t\t<\/div>\n\t\t\t\t\t\t<\/div>\n\t\t\t\t<\/div>\n\t\t\t\t\t<\/div>\n\t\t\t\t<\/div>\n\t\t\t\t\t<\/div>\n\t\t\t\t<\/div>\n\t\t<div class=\"elementor-element elementor-element-5a9448d e-flex e-con-boxed e-con e-parent\" data-id=\"5a9448d\" data-element_type=\"container\">\n\t\t\t\t\t<div class=\"e-con-inner\">\n\t\t\t\t<div class=\"elementor-element elementor-element-1a69631 elementor-grid-3 elementor-grid-tablet-2 elementor-grid-mobile-1 elementor-posts--thumbnail-top elementor-posts--show-avatar elementor-card-shadow-yes elementor-posts__hover-gradient elementor-widget elementor-widget-posts\" data-id=\"1a69631\" data-element_type=\"widget\" data-settings=\"{&quot;pagination_type&quot;:&quot;prev_next&quot;,&quot;cards_columns&quot;:&quot;3&quot;,&quot;cards_columns_tablet&quot;:&quot;2&quot;,&quot;cards_columns_mobile&quot;:&quot;1&quot;,&quot;cards_row_gap&quot;:{&quot;unit&quot;:&quot;px&quot;,&quot;size&quot;:35,&quot;sizes&quot;:[]},&quot;cards_row_gap_tablet&quot;:{&quot;unit&quot;:&quot;px&quot;,&quot;size&quot;:&quot;&quot;,&quot;sizes&quot;:[]},&quot;cards_row_gap_mobile&quot;:{&quot;unit&quot;:&quot;px&quot;,&quot;size&quot;:&quot;&quot;,&quot;sizes&quot;:[]}}\" data-widget_type=\"posts.cards\">\n\t\t\t\t<div class=\"elementor-widget-container\">\n\t\t\t\t\t<div class=\"elementor-posts-container elementor-posts elementor-posts--skin-cards elementor-grid\">\n\t\t\t\t<article class=\"elementor-post elementor-grid-item post-7407 post type-post status-publish format-standard hentry category-test-method\">\n\t\t\t<div class=\"elementor-post__card\">\n\t\t\t\t<div class=\"elementor-post__text\">\n\t\t\t\t<h3 class=\"elementor-post__title\">\n\t\t\t<a href=\"https:\/\/www.qualitester.com\/de\/drop-weight-test\/\">\n\t\t\t\tFallgewichts-Test: ASTM D3420 Bewertung der Sto\u00dffestigkeit\t\t\t<\/a>\n\t\t<\/h3>\n\t\t\t\t<div class=\"elementor-post__excerpt\">\n\t\t\t<p>Der Fallgewichtstest ist eine weit verbreitete Methode zur Bewertung der Schlagfestigkeit von Kunststofffolien, Laminaten und flexiblen Verpackungsmaterialien. Durch Fallenlassen einer<\/p>\n\t\t<\/div>\n\t\t\t\t\t<div class=\"elementor-post__read-more-wrapper\">\n\t\t\n\t\t<a class=\"elementor-post__read-more\" href=\"https:\/\/www.qualitester.com\/de\/drop-weight-test\/\" aria-label=\"Read more about Drop Weight Test: ASTM D3420 Impact Resistance Evaluation\" tabindex=\"-1\" target=\"_blank\">\n\t\t\tMehr lesen &quot;\t\t<\/a>\n\n\t\t\t\t\t<\/div>\n\t\t\t\t<\/div>\n\t\t\t\t\t<\/div>\n\t\t<\/article>\n\t\t\t\t<article class=\"elementor-post elementor-grid-item post-7390 post type-post status-publish format-standard hentry category-test-method\">\n\t\t\t<div class=\"elementor-post__card\">\n\t\t\t\t<div class=\"elementor-post__text\">\n\t\t\t\t<h3 class=\"elementor-post__title\">\n\t\t\t<a href=\"https:\/\/www.qualitester.com\/de\/bottle-wall-thickness-guide\/\">\n\t\t\t\tLeitfaden f\u00fcr die Wanddicke von Flaschen f\u00fcr die Verpackungsqualit\u00e4t\t\t\t<\/a>\n\t\t<\/h3>\n\t\t\t\t<div class=\"elementor-post__excerpt\">\n\t\t\t<p>Die Verpackung spielt eine entscheidende Rolle bei der Gew\u00e4hrleistung von Produktsicherheit, Stabilit\u00e4t und Verbraucherzufriedenheit. Unter den vielen Qualit\u00e4tsparametern ist die Wandst\u00e4rke der Flasche einer der<\/p>\n\t\t<\/div>\n\t\t\t\t\t<div class=\"elementor-post__read-more-wrapper\">\n\t\t\n\t\t<a class=\"elementor-post__read-more\" href=\"https:\/\/www.qualitester.com\/de\/bottle-wall-thickness-guide\/\" aria-label=\"Read more about Bottle Wall Thickness Guide for Packaging Quality\" tabindex=\"-1\" target=\"_blank\">\n\t\t\tMehr lesen &quot;\t\t<\/a>\n\n\t\t\t\t\t<\/div>\n\t\t\t\t<\/div>\n\t\t\t\t\t<\/div>\n\t\t<\/article>\n\t\t\t\t<article class=\"elementor-post elementor-grid-item post-7373 post type-post status-publish format-standard hentry category-test-method\">\n\t\t\t<div class=\"elementor-post__card\">\n\t\t\t\t<div class=\"elementor-post__text\">\n\t\t\t\t<h3 class=\"elementor-post__title\">\n\t\t\t<a href=\"https:\/\/www.qualitester.com\/de\/shrinkage-films-tester\/\">\n\t\t\t\tVollst\u00e4ndiger Leitfaden f\u00fcr Schrumpfungsfolien-Tester nach ASTM D2732\t\t\t<\/a>\n\t\t<\/h3>\n\t\t\t\t<div class=\"elementor-post__excerpt\">\n\t\t\t<p>&nbsp; Die thermische Schrumpfung ist einer der kritischsten Leistungsparameter f\u00fcr Kunststofffolien, die f\u00fcr flexible Verpackungen verwendet werden. Ob in der Lebensmittel-, Medizin- oder Elektronikbranche<\/p>\n\t\t<\/div>\n\t\t\t\t\t<div class=\"elementor-post__read-more-wrapper\">\n\t\t\n\t\t<a class=\"elementor-post__read-more\" href=\"https:\/\/www.qualitester.com\/de\/shrinkage-films-tester\/\" aria-label=\"Read more about Complete Guide to Shrinkage Films Tester According to ASTM D2732\" tabindex=\"-1\" target=\"_blank\">\n\t\t\tMehr lesen &quot;\t\t<\/a>\n\n\t\t\t\t\t<\/div>\n\t\t\t\t<\/div>\n\t\t\t\t\t<\/div>\n\t\t<\/article>\n\t\t\t\t<article class=\"elementor-post elementor-grid-item post-7362 post type-post status-publish format-standard hentry category-test-method\">\n\t\t\t<div class=\"elementor-post__card\">\n\t\t\t\t<div class=\"elementor-post__text\">\n\t\t\t\t<h3 class=\"elementor-post__title\">\n\t\t\t<a href=\"https:\/\/www.qualitester.com\/de\/shrinkage-tester\/\">\n\t\t\t\tSchrumpfungspr\u00fcfger\u00e4t und die kritische Rolle der Gummimaterialpr\u00fcfung\t\t\t<\/a>\n\t\t<\/h3>\n\t\t\t\t<div class=\"elementor-post__excerpt\">\n\t\t\t<p>0Bei der Herstellung und Qualit\u00e4tssicherung von Produkten auf Kautschukbasis ist es von entscheidender Bedeutung zu kontrollieren, wie die Materialien auf W\u00e4rme reagieren. Das Schrumpfungspr\u00fcfger\u00e4t spielt eine zentrale Rolle bei<\/p>\n\t\t<\/div>\n\t\t\t\t\t<div class=\"elementor-post__read-more-wrapper\">\n\t\t\n\t\t<a class=\"elementor-post__read-more\" href=\"https:\/\/www.qualitester.com\/de\/shrinkage-tester\/\" aria-label=\"Read more about Shrinkage Tester and the Critical Role of Rubber Materials Testing\" tabindex=\"-1\" target=\"_blank\">\n\t\t\tMehr lesen &quot;\t\t<\/a>\n\n\t\t\t\t\t<\/div>\n\t\t\t\t<\/div>\n\t\t\t\t\t<\/div>\n\t\t<\/article>\n\t\t\t\t<article class=\"elementor-post elementor-grid-item post-7344 post type-post status-publish format-standard hentry category-test-method\">\n\t\t\t<div class=\"elementor-post__card\">\n\t\t\t\t<div class=\"elementor-post__text\">\n\t\t\t\t<h3 class=\"elementor-post__title\">\n\t\t\t<a href=\"https:\/\/www.qualitester.com\/de\/stiffness-tester\/\">\n\t\t\t\tBeherrschung der Verwendung von Steifigkeitspr\u00fcfger\u00e4ten f\u00fcr die Papierpr\u00fcfung nach ISO 2493-1\t\t\t<\/a>\n\t\t<\/h3>\n\t\t\t\t<div class=\"elementor-post__excerpt\">\n\t\t\t<p>Einf\u00fchrung: Die Rolle eines Steifigkeitspr\u00fcfger\u00e4ts verstehen Ein Steifigkeitspr\u00fcfger\u00e4t spielt eine entscheidende Rolle bei der Qualit\u00e4tskontrolle von Papier, Pappe und \u00e4hnlichen Folien.<\/p>\n\t\t<\/div>\n\t\t\t\t\t<div class=\"elementor-post__read-more-wrapper\">\n\t\t\n\t\t<a class=\"elementor-post__read-more\" href=\"https:\/\/www.qualitester.com\/de\/stiffness-tester\/\" aria-label=\"Read more about Mastering Stiffness Tester Use for ISO 2493-1 Paper Testing\" tabindex=\"-1\" target=\"_blank\">\n\t\t\tMehr lesen &quot;\t\t<\/a>\n\n\t\t\t\t\t<\/div>\n\t\t\t\t<\/div>\n\t\t\t\t\t<\/div>\n\t\t<\/article>\n\t\t\t\t<article class=\"elementor-post elementor-grid-item post-7246 post type-post status-publish format-standard hentry category-test-method\">\n\t\t\t<div class=\"elementor-post__card\">\n\t\t\t\t<div class=\"elementor-post__text\">\n\t\t\t\t<h3 class=\"elementor-post__title\">\n\t\t\t<a href=\"https:\/\/www.qualitester.com\/de\/tablet-hardness-test\/\">\n\t\t\t\tTablettenh\u00e4rtetest\t\t\t<\/a>\n\t\t<\/h3>\n\t\t\t\t<div class=\"elementor-post__excerpt\">\n\t\t\t<p>Tablettenh\u00e4rtetest Der Tablettenh\u00e4rtetest ist ein grundlegendes Qualit\u00e4tskontrollverfahren, das in der pharmazeutischen Industrie zur Bestimmung der mechanischen Festigkeit von Tabletten eingesetzt wird.<\/p>\n\t\t<\/div>\n\t\t\t\t\t<div class=\"elementor-post__read-more-wrapper\">\n\t\t\n\t\t<a class=\"elementor-post__read-more\" href=\"https:\/\/www.qualitester.com\/de\/tablet-hardness-test\/\" aria-label=\"Read more about Tablet Hardness Test\" tabindex=\"-1\" target=\"_blank\">\n\t\t\tMehr lesen &quot;\t\t<\/a>\n\n\t\t\t\t\t<\/div>\n\t\t\t\t<\/div>\n\t\t\t\t\t<\/div>\n\t\t<\/article>\n\t\t\t\t<article class=\"elementor-post elementor-grid-item post-7177 post type-post status-publish format-standard hentry category-test-method\">\n\t\t\t<div class=\"elementor-post__card\">\n\t\t\t\t<div class=\"elementor-post__text\">\n\t\t\t\t<h3 class=\"elementor-post__title\">\n\t\t\t<a href=\"https:\/\/www.qualitester.com\/de\/ampoule-fracture\/\">\n\t\t\t\tWarum die Pr\u00fcfung der Ampullenst\u00e4rke f\u00fcr sichere pharmazeutische Verpackungen wichtig ist\t\t\t<\/a>\n\t\t<\/h3>\n\t\t\t\t<div class=\"elementor-post__excerpt\">\n\t\t\t<p>Warum die Bruchfestigkeitspr\u00fcfung von Ampullen f\u00fcr sichere pharmazeutische Verpackungen wichtig ist In der pharmazeutischen Industrie ist die Zuverl\u00e4ssigkeit der Verpackung genauso wichtig wie das Medikament selbst.<\/p>\n\t\t<\/div>\n\t\t\t\t\t<div class=\"elementor-post__read-more-wrapper\">\n\t\t\n\t\t<a class=\"elementor-post__read-more\" href=\"https:\/\/www.qualitester.com\/de\/ampoule-fracture\/\" aria-label=\"Read more about Why Ampoule Strength Testing Is Important for Safe Pharmaceutical Packaging\" tabindex=\"-1\" target=\"_blank\">\n\t\t\tMehr lesen &quot;\t\t<\/a>\n\n\t\t\t\t\t<\/div>\n\t\t\t\t<\/div>\n\t\t\t\t\t<\/div>\n\t\t<\/article>\n\t\t\t\t<article class=\"elementor-post elementor-grid-item post-7139 post type-post status-publish format-standard hentry category-test-method\">\n\t\t\t<div class=\"elementor-post__card\">\n\t\t\t\t<div class=\"elementor-post__text\">\n\t\t\t\t<h3 class=\"elementor-post__title\">\n\t\t\t<a href=\"https:\/\/www.qualitester.com\/de\/infusion-bag-compression-test\/\">\n\t\t\t\tInfusionsbeutel-Kompressionstest\t\t\t<\/a>\n\t\t<\/h3>\n\t\t\t\t<div class=\"elementor-post__excerpt\">\n\t\t\t<p>Die Gew\u00e4hrleistung der strukturellen Integrit\u00e4t medizinischer Verpackungen hat in der heutigen Gesundheits- und Pharmaindustrie Priorit\u00e4t. Dabei spielt die Druckpr\u00fcfung von Infusionsbeuteln eine<\/p>\n\t\t<\/div>\n\t\t\t\t\t<div class=\"elementor-post__read-more-wrapper\">\n\t\t\n\t\t<a class=\"elementor-post__read-more\" href=\"https:\/\/www.qualitester.com\/de\/infusion-bag-compression-test\/\" aria-label=\"Read more about Infusion Bag Compression Test\" tabindex=\"-1\" target=\"_blank\">\n\t\t\tMehr lesen &quot;\t\t<\/a>\n\n\t\t\t\t\t<\/div>\n\t\t\t\t<\/div>\n\t\t\t\t\t<\/div>\n\t\t<\/article>\n\t\t\t\t<article class=\"elementor-post elementor-grid-item post-7090 post type-post status-publish format-standard hentry category-test-method\">\n\t\t\t<div class=\"elementor-post__card\">\n\t\t\t\t<div class=\"elementor-post__text\">\n\t\t\t\t<h3 class=\"elementor-post__title\">\n\t\t\t<a href=\"https:\/\/www.qualitester.com\/de\/package-compression-test\/\">\n\t\t\t\tPaketkomprimierungstest\t\t\t<\/a>\n\t\t<\/h3>\n\t\t\t\t<div class=\"elementor-post__excerpt\">\n\t\t\t<p>Die Verpackungsqualit\u00e4t wirkt sich direkt auf die Produktsicherheit und das Vertrauen der Verbraucher aus, insbesondere in sensiblen Bereichen wie der Pharmazie. Der Verpackungsdrucktest ist eine grundlegende Methode zur Bewertung<\/p>\n\t\t<\/div>\n\t\t\t\t\t<div class=\"elementor-post__read-more-wrapper\">\n\t\t\n\t\t<a class=\"elementor-post__read-more\" href=\"https:\/\/www.qualitester.com\/de\/package-compression-test\/\" aria-label=\"Read more about Package Compression Test\" tabindex=\"-1\" target=\"_blank\">\n\t\t\tMehr lesen &quot;\t\t<\/a>\n\n\t\t\t\t\t<\/div>\n\t\t\t\t<\/div>\n\t\t\t\t\t<\/div>\n\t\t<\/article>\n\t\t\t\t<article class=\"elementor-post elementor-grid-item post-6872 post type-post status-publish format-standard hentry category-test-method\">\n\t\t\t<div class=\"elementor-post__card\">\n\t\t\t\t<div class=\"elementor-post__text\">\n\t\t\t\t<h3 class=\"elementor-post__title\">\n\t\t\t<a href=\"https:\/\/www.qualitester.com\/de\/elmendorf-tear-test\/\">\n\t\t\t\tElmendorf-Tr\u00e4nen-Test\t\t\t<\/a>\n\t\t<\/h3>\n\t\t\t\t<div class=\"elementor-post__excerpt\">\n\t\t\t<p>Elmendorf-Rei\u00dftest In der Verpackungs- und Druckindustrie sowie in der Industrie f\u00fcr flexible Materialien spielt der Elmendorf-Rei\u00dftest eine entscheidende Rolle bei der Bewertung der Haltbarkeit und Leistung von<\/p>\n\t\t<\/div>\n\t\t\t\t\t<div class=\"elementor-post__read-more-wrapper\">\n\t\t\n\t\t<a class=\"elementor-post__read-more\" href=\"https:\/\/www.qualitester.com\/de\/elmendorf-tear-test\/\" aria-label=\"Read more about Elmendorf Tear Test\" tabindex=\"-1\" target=\"_blank\">\n\t\t\tMehr lesen &quot;\t\t<\/a>\n\n\t\t\t\t\t<\/div>\n\t\t\t\t<\/div>\n\t\t\t\t\t<\/div>\n\t\t<\/article>\n\t\t\t\t<article class=\"elementor-post elementor-grid-item post-6896 post type-post status-publish format-standard hentry category-test-method\">\n\t\t\t<div class=\"elementor-post__card\">\n\t\t\t\t<div class=\"elementor-post__text\">\n\t\t\t\t<h3 class=\"elementor-post__title\">\n\t\t\t<a href=\"https:\/\/www.qualitester.com\/de\/plastic-tensile-strength-test\/\">\n\t\t\t\tPr\u00fcfung der plastischen Zugfestigkeit\t\t\t<\/a>\n\t\t<\/h3>\n\t\t\t\t<div class=\"elementor-post__excerpt\">\n\t\t\t<p>Folienverpackungsmaterialien spielen eine entscheidende Rolle bei der Wahrung der Produktintegrit\u00e4t in Branchen wie der Lebensmittel-, Pharma- und Konsumg\u00fcterindustrie. Eine der wichtigsten Bewertungen<\/p>\n\t\t<\/div>\n\t\t\t\t\t<div class=\"elementor-post__read-more-wrapper\">\n\t\t\n\t\t<a class=\"elementor-post__read-more\" href=\"https:\/\/www.qualitester.com\/de\/plastic-tensile-strength-test\/\" aria-label=\"Read more about Plastic Tensile Strength Test\" tabindex=\"-1\" target=\"_blank\">\n\t\t\tMehr lesen &quot;\t\t<\/a>\n\n\t\t\t\t\t<\/div>\n\t\t\t\t<\/div>\n\t\t\t\t\t<\/div>\n\t\t<\/article>\n\t\t\t\t<article class=\"elementor-post elementor-grid-item post-6792 post type-post status-publish format-standard hentry category-test-method\">\n\t\t\t<div class=\"elementor-post__card\">\n\t\t\t\t<div class=\"elementor-post__text\">\n\t\t\t\t<h3 class=\"elementor-post__title\">\n\t\t\t<a href=\"https:\/\/www.qualitester.com\/de\/how-to-measure-carbonation\/\">\n\t\t\t\tMessung der Karbonisierung\t\t\t<\/a>\n\t\t<\/h3>\n\t\t\t\t<div class=\"elementor-post__excerpt\">\n\t\t\t<p>Wie misst man die Karbonisierung? Die genaue Messung der Karbonisierung ist in der Getr\u00e4nkeindustrie von zentraler Bedeutung, da sie die Produktqualit\u00e4t, die Haltbarkeit und die Zufriedenheit der Verbraucher beeinflusst.<\/p>\n\t\t<\/div>\n\t\t\t\t\t<div class=\"elementor-post__read-more-wrapper\">\n\t\t\n\t\t<a class=\"elementor-post__read-more\" href=\"https:\/\/www.qualitester.com\/de\/how-to-measure-carbonation\/\" aria-label=\"Read more about How to Measure Carbonation\" tabindex=\"-1\" target=\"_blank\">\n\t\t\tMehr lesen &quot;\t\t<\/a>\n\n\t\t\t\t\t<\/div>\n\t\t\t\t<\/div>\n\t\t\t\t\t<\/div>\n\t\t<\/article>\n\t\t\t\t<\/div>\n\t\t\n\t\t\t\t<div class=\"e-load-more-anchor\" data-page=\"1\" data-max-page=\"12\" data-next-page=\"https:\/\/www.qualitester.com\/de\/?e-page-1a69631=2\"><\/div>\n\t\t\t\t<nav class=\"elementor-pagination\" aria-label=\"Pagination\">\n\t\t\t<span class=\"page-numbers prev\">&quot; Vorherige<\/span>\n<a class=\"page-numbers next\" href=\"https:\/\/www.qualitester.com\/de\/?e-page-1a69631=2\">N\u00e4chste &quot;<\/a>\t\t<\/nav>\n\t\t\t\t<\/div>\n\t\t\t\t<\/div>\n\t\t\t\t\t<\/div>\n\t\t\t\t<\/div>\n\t\t\t\t<\/div>","protected":false},"excerpt":{"rendered":"<p>Material Quality Tester Blog From here you can read Cell Instruments&#8217; innovation and solution in material testing method. Request a test method<\/p>","protected":false},"author":3,"featured_media":0,"parent":0,"menu_order":0,"comment_status":"closed","ping_status":"closed","template":"","meta":{"site-sidebar-layout":"no-sidebar","site-content-layout":"page-builder","ast-global-header-display":"","ast-main-header-display":"","ast-hfb-above-header-display":"","ast-hfb-below-header-display":"","ast-hfb-mobile-header-display":"","site-post-title":"disabled","ast-breadcrumbs-content":"","ast-featured-img":"disabled","footer-sml-layout":"","theme-transparent-header-meta":"","adv-header-id-meta":"","stick-header-meta":"","header-above-stick-meta":"","header-main-stick-meta":"","header-below-stick-meta":"","footnotes":""},"class_list":["post-4999","page","type-page","status-publish","hentry"],"_links":{"self":[{"href":"https:\/\/www.qualitester.com\/de\/wp-json\/wp\/v2\/pages\/4999","targetHints":{"allow":["GET"]}}],"collection":[{"href":"https:\/\/www.qualitester.com\/de\/wp-json\/wp\/v2\/pages"}],"about":[{"href":"https:\/\/www.qualitester.com\/de\/wp-json\/wp\/v2\/types\/page"}],"author":[{"embeddable":true,"href":"https:\/\/www.qualitester.com\/de\/wp-json\/wp\/v2\/users\/3"}],"replies":[{"embeddable":true,"href":"https:\/\/www.qualitester.com\/de\/wp-json\/wp\/v2\/comments?post=4999"}],"version-history":[{"count":0,"href":"https:\/\/www.qualitester.com\/de\/wp-json\/wp\/v2\/pages\/4999\/revisions"}],"wp:attachment":[{"href":"https:\/\/www.qualitester.com\/de\/wp-json\/wp\/v2\/media?parent=4999"}],"curies":[{"name":"wp","href":"https:\/\/api.w.org\/{rel}","templated":true}]}}