{"id":7769,"date":"2025-12-29T14:18:31","date_gmt":"2025-12-29T06:18:31","guid":{"rendered":"https:\/\/www.qualitester.com\/?post_type=product&#038;p=7769"},"modified":"2025-12-30T16:49:34","modified_gmt":"2025-12-30T08:49:34","slug":"spt-01-soap-texture-analyzer","status":"publish","type":"product","link":"https:\/\/www.qualitester.com\/da\/vare\/spt-01-soap-texture-analyzer\/","title":{"rendered":"SPT-01 Analyseapparat til s\u00e6bestruktur"},"content":{"rendered":"<p data-start=\"690\" data-end=\"1009\">A <strong data-start=\"692\" data-end=\"717\">analyseapparat til s\u00e6bestruktur<\/strong> er et professionelt instrument, der er designet til objektivt at evaluere s\u00e6beprodukters mekaniske og teksturelle egenskaber. Det giver pr\u00e6cise, gentagelige m\u00e5linger af h\u00e5rdhed, fasthed og penetrationsmodstand og hj\u00e6lper producenter med at opretholde ensartet kvalitet p\u00e5 tv\u00e6rs af produktionspartier.<\/p>\n<p data-start=\"1011\" data-end=\"1343\">P\u00e5 <strong data-start=\"1014\" data-end=\"1044\">Cell Instruments Co., Ltd.<\/strong>, Vi har specialiseret os i l\u00f8sninger til materialetestning af emballage, l\u00e6gemidler, papir og forbrugerprodukter. Vores erfaring med teksturanalyse giver os mulighed for at levere p\u00e5lidelige s\u00e6betestsystemer, der underst\u00f8tter kvalitetskontrol, formuleringsudvikling og overholdelse af anerkendt testpraksis.<\/p>\n<h2 data-start=\"1501\" data-end=\"1555\">Forst\u00e5else af ASTM D1321 Test af s\u00e6bestruktur og gennemtr\u00e6ngning<\/h2>\n<h3>H\u00e5rdhed af s\u00e6be som en vigtig kvalitetsindikator<\/h3>\n<p data-start=\"1557\" data-end=\"1870\">Den <strong data-start=\"1472\" data-end=\"1492\">H\u00e5rdhed af s\u00e6be<\/strong> p\u00e5virker direkte produktets holdbarhed, anvendelsesgrad og forbrugernes opfattelse. En s\u00e6be, der er for bl\u00f8d, kan deformeres eller opl\u00f8ses hurtigt, mens overdreven h\u00e5rdhed kan reducere anvendeligheden og skumpr\u00e6stationen. En s\u00e6beteksturanalysator giver objektive h\u00e5rdhedsv\u00e6rdier og erstatter subjektive evalueringer af h\u00e5ndf\u00f8lelsen med m\u00e5lbare data.<\/p>\n<h3 data-start=\"1732\" data-end=\"1781\">Princip for s\u00e6bestruktur og penetrationstest<\/h3>\n<p data-start=\"1782\" data-end=\"2134\">A <strong data-start=\"1871\" data-end=\"1908\">S\u00e6bestruktur og penetrationstest<\/strong> m\u00e5ler modstanden i s\u00e6be, n\u00e5r en sonde tr\u00e6nger ind i overfladen med en kontrolleret hastighed og dybde. Den registrerede kraftforskydningskurve afspejler den indre struktur, h\u00e6rdningstilstanden og formuleringsbalancen. Denne metode giver producenterne mulighed for at sammenligne produkter, overv\u00e5ge \u00e6ldningseffekter og verificere processtabilitet.<\/p>\n<h3 data-start=\"2136\" data-end=\"2165\">Henvisning til ASTM D1321<\/h3>\n<p data-start=\"2166\" data-end=\"2611\"><strong data-start=\"2258\" data-end=\"2272\">ASTM D1321<\/strong> er en bredt anerkendt reference til penetrationstest af vokslignende materialer og anvendes ofte til analyse af s\u00e6betekstur. Ved at f\u00f8lge ASTM D1321-vejledningen om testbetingelser og datafortolkning forbedres resultatkonsistensen, og kommunikationen mellem laboratorier, leverand\u00f8rer og kunder underst\u00f8ttes.<\/p>\n<hr data-start=\"2613\" data-end=\"2616\" \/>\n<h2 data-start=\"2668\" data-end=\"2961\">S\u00e5dan fungerer Soap Texture Analyzer<\/h2>\n<p data-start=\"2628\" data-end=\"2870\">En s\u00e6beteksturanalysator p\u00e5f\u00f8rer en kontrolleret lodret kraft p\u00e5 s\u00e6bepr\u00f8ven ved hj\u00e6lp af en defineret sonde. N\u00e5r sonden kommer i kontakt med og tr\u00e6nger ind i s\u00e6ben, registrerer systemet l\u00f8bende kraft og forskydning og genererer n\u00f8jagtige teksturprofiler.<\/p>\n<p data-start=\"2872\" data-end=\"2907\"><strong data-start=\"2872\" data-end=\"2907\">En typisk testarbejdsgang omfatter:<\/strong><\/p>\n<ul>\n<li data-start=\"2910\" data-end=\"2961\">Forberedelse af s\u00e6bepr\u00f8ver med ensartede dimensioner<\/li>\n<li data-start=\"2964\" data-end=\"3024\">Valg af passende penetrations- eller kompressionssonde<\/li>\n<li data-start=\"3027\" data-end=\"3109\">Indstilling af testhastighed og indtr\u00e6ngningsdybde baseret p\u00e5 interne metoder eller ASTM D1321<\/li>\n<li data-start=\"3112\" data-end=\"3165\">Udf\u00f8relse af testen og indsamling af kraft-distance-data<\/li>\n<li data-start=\"3168\" data-end=\"3223\">Evaluering af spidskraft, kurveform og repeterbarhed<\/li>\n<\/ul>\n<p data-start=\"3225\" data-end=\"3332\">Denne kontrollerede proces sikrer en p\u00e5lidelig sammenligning mellem forskellige s\u00e6beformuleringer eller produktionspartier.<\/p>\n<hr data-start=\"3486\" data-end=\"3489\" \/>\n<h2 data-start=\"3491\" data-end=\"3550\">Egnede anvendelsesmaterialer<\/h2>\n<p data-start=\"3374\" data-end=\"3461\">S\u00e6bestrukturanalysatoren underst\u00f8tter test af en bred vifte af s\u00e6beprodukter, herunder:<\/p>\n<ul>\n<li data-start=\"3464\" data-end=\"3487\">Traditionelle s\u00e6ber<\/li>\n<li data-start=\"3490\" data-end=\"3522\">Transparente s\u00e6ber og glycerins\u00e6ber<\/li>\n<li data-start=\"3525\" data-end=\"3556\">Medicinske s\u00e6ber og specials\u00e6ber<\/li>\n<li data-start=\"3559\" data-end=\"3599\">Sammensatte og syntetiske vaskemiddelst\u00e6nger<\/li>\n<\/ul>\n<p data-start=\"3601\" data-end=\"3716\">Den kan ogs\u00e5 evaluere halvf\u00e6rdige pr\u00f8ver for at overv\u00e5ge h\u00e6rdningsforl\u00f8bet og formuleringens stabilitet under udviklingen.<\/p>\n<hr data-start=\"4411\" data-end=\"4414\" \/>\n<h2 data-start=\"5016\" data-end=\"5081\">Cell Instruments SPT-01 teksturanalysator<\/h2>\n<p><a href=\"https:\/\/www.qualitester.com\/da\/vare\/sale-cheap-texture-analyser\/\"><img fetchpriority=\"high\" decoding=\"async\" class=\"alignright wp-image-7786\" src=\"https:\/\/www.qualitester.com\/wp-content\/uploads\/2025\/12\/SPT-01-Soap-Texture-Analyzer3-300x300.png\" alt=\"SPT-01 Analyseapparat til s\u00e6bestruktur\" width=\"227\" height=\"227\" srcset=\"https:\/\/www.qualitester.com\/wp-content\/uploads\/2025\/12\/SPT-01-Soap-Texture-Analyzer3-300x300.png 300w, https:\/\/www.qualitester.com\/wp-content\/uploads\/2025\/12\/SPT-01-Soap-Texture-Analyzer3-150x150.png 150w, https:\/\/www.qualitester.com\/wp-content\/uploads\/2025\/12\/SPT-01-Soap-Texture-Analyzer3-768x768.png 768w, https:\/\/www.qualitester.com\/wp-content\/uploads\/2025\/12\/SPT-01-Soap-Texture-Analyzer3-12x12.png 12w, https:\/\/www.qualitester.com\/wp-content\/uploads\/2025\/12\/SPT-01-Soap-Texture-Analyzer3-600x600.png 600w, https:\/\/www.qualitester.com\/wp-content\/uploads\/2025\/12\/SPT-01-Soap-Texture-Analyzer3-100x100.png 100w, https:\/\/www.qualitester.com\/wp-content\/uploads\/2025\/12\/SPT-01-Soap-Texture-Analyzer3.png 950w\" sizes=\"(max-width: 227px) 100vw, 227px\" \/><\/a><\/p>\n<p data-start=\"5083\" data-end=\"5472\"><strong data-start=\"5135\" data-end=\"5179\">Cellens instrumenter <a href=\"https:\/\/www.qualitester.com\/da\/vare\/sale-cheap-texture-analyser\/\">SPT-01 Analyseapparat til s\u00e6bestruktur <\/a><\/strong>er velegnet til evaluering af s\u00e6beh\u00e5rdhed, s\u00e6betekstur og penetrationstest baseret p\u00e5 ASTM D1321. Den tilbyder stabil kraftm\u00e5ling, fleksibel hastighedskontrol og intuitiv betjening, hvilket g\u00f8r den ideel til kvalitetskontrol og R&amp;D-laboratorier.<\/p>\n<p><strong>SPT-01 Analyseapparat til s\u00e6bestruktur<\/strong><\/p>\n<table style=\"height: 230px\" width=\"720\">\n<tbody>\n<tr>\n<td width=\"152\">Testomr\u00e5de<\/td>\n<td width=\"260\">\u00a0500N (eller andre)<\/td>\n<\/tr>\n<tr>\n<td width=\"152\">Hastighed<\/td>\n<td width=\"260\">\u00a01-500 mm\/m (eller efter behov)<\/td>\n<\/tr>\n<tr>\n<td width=\"152\">Opl\u00f8sning<\/td>\n<td width=\"260\">0,5% F.S.<\/td>\n<\/tr>\n<tr>\n<td width=\"152\">Slagl\u00e6ngde (ekskl. jig)<\/td>\n<td width=\"260\">250 mm<\/td>\n<\/tr>\n<tr>\n<td width=\"152\">Dimension (mm, LWH)<\/td>\n<td width=\"260\">410*360*820<\/td>\n<\/tr>\n<tr>\n<td width=\"152\">Kraft<\/td>\n<td width=\"260\">AC 110~ 220V<\/td>\n<\/tr>\n<\/tbody>\n<\/table>\n<p data-start=\"5474\" data-end=\"5639\">Ved at kombinere n\u00f8jagtig kraftm\u00e5ling med intuitiv betjening hj\u00e6lper SPT-01 s\u00e6beproducenter med at omdanne teksturtest til en standardiseret, datadrevet proces.<\/p>\n<h2 class=\"elementor-heading-title elementor-size-default\">Hvorfor v\u00e6lge Cell Instruments\u2019 SPT-01<\/h2>\n<p data-start=\"5058\" data-end=\"5199\">SPT-01 underst\u00f8tter ensartet, gentagelig testning af s\u00e6betekstur og kan tilpasses tilpassede testkrav, efterh\u00e5nden som produktionsbehovene udvikler sig.<\/p>\n<p data-start=\"5058\" data-end=\"5199\">En professionel <strong data-start=\"5274\" data-end=\"5299\">analyseapparat til s\u00e6bestruktur<\/strong> g\u00f8r det muligt for producenter at bev\u00e6ge sig ud over subjektiv vurdering og etablere m\u00e5lbare kvalitetsstandarder. Ved at kombinere p\u00e5lidelig instrumentering med anerkendte testreferencer hj\u00e6lper Cell Instruments s\u00e6beproducenter med at opn\u00e5 ensartet ydeevne, forbedret produktkontrol og st\u00f8rre kundetillid.<\/p>\n<hr data-start=\"6529\" data-end=\"6532\" \/>\n<h2 data-start=\"6534\" data-end=\"6542\">Ofte stillede sp\u00f8rgsm\u00e5l<\/h2>\n<p data-start=\"133\" data-end=\"329\"><strong data-start=\"133\" data-end=\"181\">1. Hvad bruges en s\u00e6beteksturanalysator til?<\/strong><br data-start=\"181\" data-end=\"184\" \/>A <strong data-start=\"186\" data-end=\"211\">analyseapparat til s\u00e6bestruktur<\/strong> m\u00e5ler den <strong data-start=\"225\" data-end=\"245\">H\u00e5rdhed af s\u00e6be<\/strong>, fasthed og penetrationsmodstand for at sikre ensartet kvalitet og ydeevne.<\/p>\n<p data-start=\"331\" data-end=\"543\"><strong data-start=\"331\" data-end=\"382\">2. Hvad er en s\u00e6betekstur og penetrationstest?<\/strong><br data-start=\"382\" data-end=\"385\" \/>A <strong data-start=\"387\" data-end=\"424\">S\u00e6bestruktur og penetrationstest<\/strong> anvender kontrolleret kraft p\u00e5 en s\u00e6bepr\u00f8ve og registrerer deformation, hvilket hj\u00e6lper med at kvantificere strukturel styrke og anvendelighed.<\/p>\n<p data-start=\"545\" data-end=\"746\"><strong data-start=\"545\" data-end=\"594\">3. Hvordan g\u00e6lder ASTM D1321 for s\u00e6betest?<\/strong><br data-start=\"594\" data-end=\"597\" \/><strong data-start=\"597\" data-end=\"611\">ASTM D1321<\/strong> giver en standardiseret penetrationstestmetode, der forbedrer repeterbarheden og p\u00e5lideligheden ved evaluering af s\u00e6betekstur og -h\u00e5rdhed.<\/p>\n<p data-start=\"748\" data-end=\"929\"><strong data-start=\"748\" data-end=\"796\">4. Hvorfor er det vigtigt at m\u00e5le s\u00e6beh\u00e5rdhed?<\/strong><br data-start=\"796\" data-end=\"799\" \/>Den <strong data-start=\"803\" data-end=\"823\">H\u00e5rdhed af s\u00e6be<\/strong> p\u00e5virker holdbarhed, opl\u00f8sningshastighed og forbrugeroplevelse, hvilket g\u00f8r det til en vigtig parameter for kvalitetskontrol.<\/p>\n<p data-start=\"931\" data-end=\"1132\"><strong data-start=\"931\" data-end=\"995\">5. Hvilke typer s\u00e6be kan testes med en teksturanalysator?<\/strong><br data-start=\"995\" data-end=\"998\" \/>S\u00e6bestrukturanalysatorer kan teste bar s\u00e6ber, glycerins\u00e6ber, medicinske s\u00e6ber og specialformuleringer, der bruges i produkter til personlig pleje.<\/p>","protected":false},"excerpt":{"rendered":"<ul>\n<li><strong>Standard<\/strong>: ASTM D1321<\/li>\n<li><strong>Producent<\/strong>: Cell-instrumenter<\/li>\n<li><strong>Anvendelser<\/strong>:Daglige kemikalier og meget mere.<\/li>\n<li><strong>Tilpasning<\/strong>: Tilg\u00e6ngelig til s\u00e6rlige testkrav og automatiseringstransformationer<\/li>\n<\/ul>","protected":false},"featured_media":7786,"comment_status":"closed","ping_status":"closed","template":"","meta":{"site-sidebar-layout":"default","site-content-layout":"default","ast-global-header-display":"","ast-main-header-display":"","ast-hfb-above-header-display":"","ast-hfb-below-header-display":"","ast-hfb-mobile-header-display":"","site-post-title":"","ast-breadcrumbs-content":"","ast-featured-img":"","footer-sml-layout":"","theme-transparent-header-meta":"default","adv-header-id-meta":"","stick-header-meta":"","header-above-stick-meta":"","header-main-stick-meta":"","header-below-stick-meta":""},"product_cat":[845,1187,937,1185,1179,962,928,674,672,99],"product_tag":[],"class_list":{"0":"post-7769","1":"product","2":"type-product","3":"status-publish","4":"has-post-thumbnail","6":"product_cat-customization","7":"product_cat-astm-d1321","8":"product_cat-electronic-product-tester","9":"product_cat-iec-60404-13","10":"product_cat-needle-toughness-tester","11":"product_cat-thickness-gauges","12":"product_cat-tpa-texture-analyzer","13":"product_cat-test-items","14":"product_cat-applied-materials","15":"product_cat-astm","16":"desktop-align-left","17":"tablet-align-left","18":"mobile-align-left","20":"first","21":"instock","22":"shipping-taxable","23":"product-type-simple"},"_links":{"self":[{"href":"https:\/\/www.qualitester.com\/da\/wp-json\/wp\/v2\/product\/7769","targetHints":{"allow":["GET"]}}],"collection":[{"href":"https:\/\/www.qualitester.com\/da\/wp-json\/wp\/v2\/product"}],"about":[{"href":"https:\/\/www.qualitester.com\/da\/wp-json\/wp\/v2\/types\/product"}],"replies":[{"embeddable":true,"href":"https:\/\/www.qualitester.com\/da\/wp-json\/wp\/v2\/comments?post=7769"}],"version-history":[{"count":0,"href":"https:\/\/www.qualitester.com\/da\/wp-json\/wp\/v2\/product\/7769\/revisions"}],"wp:featuredmedia":[{"embeddable":true,"href":"https:\/\/www.qualitester.com\/da\/wp-json\/wp\/v2\/media\/7786"}],"wp:attachment":[{"href":"https:\/\/www.qualitester.com\/da\/wp-json\/wp\/v2\/media?parent=7769"}],"wp:term":[{"taxonomy":"product_cat","embeddable":true,"href":"https:\/\/www.qualitester.com\/da\/wp-json\/wp\/v2\/product_cat?post=7769"},{"taxonomy":"product_tag","embeddable":true,"href":"https:\/\/www.qualitester.com\/da\/wp-json\/wp\/v2\/product_tag?post=7769"}],"curies":[{"name":"wp","href":"https:\/\/api.w.org\/{rel}","templated":true}]}}