{"id":6887,"date":"2025-07-14T16:04:43","date_gmt":"2025-07-14T08:04:43","guid":{"rendered":"https:\/\/www.qualitester.com\/?post_type=product&#038;p=6887"},"modified":"2025-07-14T16:04:44","modified_gmt":"2025-07-14T08:04:44","slug":"lamination-factor-tester","status":"publish","type":"product","link":"https:\/\/www.qualitester.com\/da\/vare\/lamination-factor-tester\/","title":{"rendered":"FTT-02 Laminationsfaktor-tester"},"content":{"rendered":"<p data-start=\"898\" data-end=\"1494\">I fremstillingen af magnetiske materialer som elektrisk st\u00e5l og amorfe b\u00e5nd, <strong data-start=\"985\" data-end=\"1006\">Lamineringsfaktor<\/strong> spiller en afg\u00f8rende rolle for materialekvaliteten. Den p\u00e5virker effektiviteten af motorer, transformatorer og andre elektromagnetiske komponenter. For at vurdere denne kritiske parameter skal en <strong data-start=\"1185\" data-end=\"1213\">Test af lamineringsfaktor<\/strong> tilbyder en pr\u00e6cis, standardiseret m\u00e5lemetode.<\/p>\n<h2 data-start=\"1501\" data-end=\"1555\">Hvad er lamineringsfaktor, og hvorfor er det vigtigt?<\/h2>\n<p data-start=\"1557\" data-end=\"1870\"><strong data-start=\"1557\" data-end=\"1578\">Laminationsfaktor<\/strong>-ogs\u00e5 kendt som <strong data-start=\"1593\" data-end=\"1623\">laminering stablingsfaktor<\/strong> eller <strong data-start=\"1627\" data-end=\"1643\">Rumfaktor<\/strong>-er forholdet mellem den sande metalvolumen og den tilsyneladende volumen af et stablet s\u00e6t metalstrimler. Det kvantificerer, hvor effektivt materialet er pakket, idet der tages h\u00f8jde for virkningerne af overfladeruhed, bel\u00e6gninger og hulrum mellem lagene.<\/p>\n<p data-start=\"1872\" data-end=\"2095\">Ved anvendelse af magnetkerner minimerer en h\u00f8j lamineringsfaktor energitab og forbedrer ydeevnen. Derfor er det en kritisk parameter for kvalitetssikring i <strong data-start=\"2045\" data-end=\"2094\">Elektro-, elektronik- og motorindustrien<\/strong>.<\/p>\n<h2 data-start=\"2102\" data-end=\"2153\">Arbejdsprincip for en lamineringsfaktortester<\/h2>\n<p data-start=\"2155\" data-end=\"2349\">A <strong data-start=\"2157\" data-end=\"2185\">Test af lamineringsfaktor<\/strong> bestemmer stakningseffektiviteten ved at sammenligne det m\u00e5lte stakningsvolumen under tryk med det beregnede faste volumen baseret p\u00e5 materialets masse og densitet.<\/p>\n<p data-start=\"2351\" data-end=\"2378\"><strong data-start=\"2351\" data-end=\"2378\">De vigtigste testtrin omfatter:<\/strong><\/p>\n<ul>\n<li data-start=\"2382\" data-end=\"2433\">Sk\u00e6ring af det magnetiske materiale i ensartede strimler<\/li>\n<li data-start=\"2436\" data-end=\"2470\">Stabling af strimlerne p\u00e5 linje<\/li>\n<li data-start=\"2473\" data-end=\"2520\">Anvend et standardtryk ved hj\u00e6lp af testeren<\/li>\n<li data-start=\"2523\" data-end=\"2562\">M\u00e5ling af den komprimerede stakh\u00f8jde<\/li>\n<li data-start=\"2565\" data-end=\"2619\">Beregning af lamineringsfaktoren ved hj\u00e6lp af formlen:<\/li>\n<\/ul>\n<blockquote data-start=\"2622\" data-end=\"2862\">\n<p data-start=\"2624\" data-end=\"2862\"><strong data-start=\"2624\" data-end=\"2655\">S = m \/ (l - w - \u03b4 - h - k)<\/strong><br data-start=\"2655\" data-end=\"2658\" \/><em data-start=\"2662\" data-end=\"2670\">Hvor?<\/em><br data-start=\"2670\" data-end=\"2673\" \/><em data-start=\"2677\" data-end=\"2680\">S<\/em> = lamineringsfaktor (%)<br data-start=\"2704\" data-end=\"2707\" \/><em data-start=\"2711\" data-end=\"2714\">m<\/em> = stakkens masse<br data-start=\"2734\" data-end=\"2737\" \/><em data-start=\"2741\" data-end=\"2747\">l, w<\/em> = l\u00e6ngde og bredde<br data-start=\"2766\" data-end=\"2769\" \/><em data-start=\"2773\" data-end=\"2776\">\u03b4<\/em> = materialets t\u00e6thed<br data-start=\"2795\" data-end=\"2798\" \/><em data-start=\"2802\" data-end=\"2805\">h<\/em> = komprimeret h\u00f8jde<br data-start=\"2825\" data-end=\"2828\" \/><em data-start=\"2832\" data-end=\"2835\">k<\/em> = enhedsomregningskonstant<\/p>\n<\/blockquote>\n<p data-start=\"2864\" data-end=\"2978\">Processen kr\u00e6ver h\u00f8j m\u00e5lepr\u00e6cision for at afspejle sm\u00e5 variationer, der kan p\u00e5virke stablingsfaktoren.<\/p>\n<h2 data-start=\"2985\" data-end=\"3038\">Standarder, der henvises til i test af lamineringsfaktor<\/h2>\n<p data-start=\"3040\" data-end=\"3181\">At sikre global overensstemmelse og konsekvens, <strong data-start=\"3085\" data-end=\"3114\">Laminationsfaktor-testere<\/strong> skal v\u00e6re i overensstemmelse med anerkendte standarder. De mest refererede omfatter:<\/p>\n<h3 data-start=\"3183\" data-end=\"3217\"><a href=\"https:\/\/www.qualitester.com\/da\/standards\/astm-a719\/\" target=\"_blank\" rel=\"noopener\">ASTM A719<\/a> - Magnetiske materialer<\/h3>\n<p data-start=\"3219\" data-end=\"3436\">Definerer den <strong data-start=\"3231\" data-end=\"3250\">Standardmetode<\/strong> til m\u00e5ling af lamineringsfaktor i ferromagnetiske materialer. Den l\u00e6gger v\u00e6gt p\u00e5 ensartet tryk (typisk 50 psi), pr\u00e6cis m\u00e5ling af stakh\u00f8jde og korrekte masse-til-volumen-beregninger.<\/p>\n<h3 data-start=\"3438\" data-end=\"3479\">ASTM A900 - Amorfe magnetiske strimler<\/h3>\n<p data-start=\"3481\" data-end=\"3668\">Specielt udviklet til <strong data-start=\"3505\" data-end=\"3540\">tynde, amorfe magnetiske strimler<\/strong>, kr\u00e6ver denne metode justeringsfiksturer, mikrometerm\u00e5linger og omhyggelig stabling p\u00e5 grund af materialets f\u00f8lsomhed.<\/p>\n<h3 data-start=\"3670\" data-end=\"3716\">ASTM A683 - Halvforarbejdet elektrisk st\u00e5l<\/h3>\n<p data-start=\"3718\" data-end=\"3903\">Henviser til <strong data-start=\"3732\" data-end=\"3752\">brug af ASTM A719<\/strong> som den udpegede testmetode. Den understreger, at en h\u00f8jere lamineringsfaktor indikerer bedre kvalitet, is\u00e6r i glattere og tykkere materialer.<\/p>\n<h3 data-start=\"3905\" data-end=\"3956\">IEC 60404-13 - Global standard for elektrisk st\u00e5l<\/h3>\n<p data-start=\"3958\" data-end=\"4167\">Leverer <strong data-start=\"3967\" data-end=\"3995\">internationale retningslinjer<\/strong> til m\u00e5ling af stablingsfaktor p\u00e5 tv\u00e6rs af alle elektriske st\u00e5ltyper. Det kr\u00e6ver n\u00f8jagtig vejning, dimensionel pr\u00e6cision og trykp\u00e5virkning af <strong data-start=\"4145\" data-end=\"4166\">1,00 \u00b1 0,05 N\/mm\u00b2<\/strong>.<\/p>\n<h2 data-start=\"4174\" data-end=\"4245\">Vi pr\u00e6senterer FTT-02 Lamination Factor Tester fra Cell Instruments<\/h2>\n<p data-start=\"4247\" data-end=\"4437\">Til laboratorier og produktionsmilj\u00f8er, der kr\u00e6ver p\u00e5lidelig test af lamineringsfaktor, er <strong data-start=\"4342\" data-end=\"4377\">FTT-02 Laminationsfaktor-tester<\/strong> fra <strong data-start=\"4383\" data-end=\"4403\">Cell-instrumenter<\/strong> er en professionel l\u00f8sning.<\/p>\n<h3>Vigtige funktioner:<\/h3>\n<ul>\n<li data-start=\"4459\" data-end=\"4498\"><strong data-start=\"4459\" data-end=\"4474\">Testomr\u00e5de:<\/strong> 0-2 mm (kan tilpasses)<\/li>\n<li data-start=\"4501\" data-end=\"4563\"><strong data-start=\"4501\" data-end=\"4516\">Opl\u00f8sning:<\/strong> 0,1 \u03bcm til pr\u00e6cis m\u00e5ling af stakh\u00f8jde<\/li>\n<li data-start=\"4566\" data-end=\"4625\"><strong data-start=\"4566\" data-end=\"4584\">Testtryk:<\/strong> 50 \u00b1 0,5 kPa (standard, i henhold til ASTM A719)<\/li>\n<li data-start=\"4628\" data-end=\"4692\"><strong data-start=\"4628\" data-end=\"4646\">Indrykningsst\u00f8rrelse:<\/strong> \u00d814-17 mm (justerbar for at passe til pr\u00f8vetyper)<\/li>\n<li data-start=\"4695\" data-end=\"4766\"><strong data-start=\"4695\" data-end=\"4714\">Kompakt design:<\/strong> 461 \u00d7 334 \u00d7 357 mm, velegnet til forskellige laboratorieops\u00e6tninger<\/li>\n<\/ul>\n<p data-start=\"4768\" data-end=\"4944\">FTT-02 er konstrueret til <strong data-start=\"4797\" data-end=\"4824\">nem justering af pr\u00f8ver<\/strong>, <strong data-start=\"4826\" data-end=\"4858\">automatiseret h\u00f8jdem\u00e5ling<\/strong>, og <strong data-start=\"4864\" data-end=\"4891\">Stabil trykkontrol<\/strong>, hvilket sikrer meget n\u00f8jagtige resultater for lamineringsfaktoren.<\/p>\n<h3 data-start=\"4946\" data-end=\"4971\">Anvendelige materialer:<\/h3>\n<ul>\n<li data-start=\"4974\" data-end=\"5028\"><strong data-start=\"4974\" data-end=\"5026\">Ikke-orienteret og kornorienteret elektrost\u00e5l<\/strong><\/li>\n<li data-start=\"5031\" data-end=\"5082\"><strong data-start=\"5031\" data-end=\"5080\">Amorfe og nanokrystallinske magnetb\u00e5nd<\/strong><\/li>\n<li data-start=\"5085\" data-end=\"5141\"><strong data-start=\"5085\" data-end=\"5141\">Tyndt belagte elektriske materialer, der bruges i motorkerner<\/strong><\/li>\n<\/ul>\n<p data-start=\"5143\" data-end=\"5256\">Ved at f\u00f8lge ASTM- og IEC-testprocedurer minimerer FTT-02 menneskelige fejl og forbedrer resultaternes repeterbarhed.<\/p>\n<h2 data-start=\"5263\" data-end=\"5321\">Anvendelser og fordele ved test af lamineringsfaktor<\/h2>\n<p data-start=\"5323\" data-end=\"5366\">Laminationsfaktortesten er vigtig i:<\/p>\n<ul>\n<li data-start=\"5370\" data-end=\"5413\"><strong data-start=\"5370\" data-end=\"5411\">Produktion af transformator- og motorkerner<\/strong><\/li>\n<li data-start=\"5416\" data-end=\"5455\"><strong data-start=\"5416\" data-end=\"5453\">Kvalitetskontrol af magnetisk materiale<\/strong><\/li>\n<li data-start=\"5458\" data-end=\"5507\"><strong data-start=\"5458\" data-end=\"5505\">R&amp;D-laboratorier evaluerer nye legeringer og bel\u00e6gninger<\/strong><\/li>\n<li data-start=\"5510\" data-end=\"5579\"><strong data-start=\"5510\" data-end=\"5579\">Overensstemmelsesvurdering til international forsendelse eller certificering<\/strong><\/li>\n<\/ul>\n<h3 data-start=\"5581\" data-end=\"5598\">Vigtige fordele:<\/h3>\n<ul>\n<li>Registrerer hulrum, ruhed og bel\u00e6gningseffekter<\/li>\n<li>Sikrer materialekvalitet og -konsistens<\/li>\n<li>Hj\u00e6lper med at optimere lamineringsdesign og procesparametre<\/li>\n<li>Underst\u00f8tter overholdelse af <strong data-start=\"5781\" data-end=\"5794\">ASTM A719<\/strong>, <strong data-start=\"5796\" data-end=\"5804\">A900<\/strong>, og <strong data-start=\"5810\" data-end=\"5826\">IEC 60404-13<\/strong><\/li>\n<\/ul>\n<p data-start=\"5849\" data-end=\"6157\">Forst\u00e5else og kontrol af <strong data-start=\"5883\" data-end=\"5904\">Lamineringsfaktor<\/strong> af magnetiske materialer er afg\u00f8rende for energieffektivt produktdesign og -fremstilling. N\u00f8jagtige m\u00e5linger kr\u00e6ver pr\u00e6cisionsudstyr, der overholder internationale standarder som f.eks. <strong data-start=\"6091\" data-end=\"6104\">ASTM A719<\/strong>, <strong data-start=\"6106\" data-end=\"6119\">ASTM A900<\/strong>, <strong data-start=\"6121\" data-end=\"6134\">ASTM A683<\/strong>, og <strong data-start=\"6140\" data-end=\"6156\">IEC 60404-13<\/strong>.<\/p>\n<p data-start=\"6159\" data-end=\"6527\">Den <strong data-start=\"6163\" data-end=\"6198\">FTT-02 Laminationsfaktor-tester<\/strong> af <strong data-start=\"6202\" data-end=\"6222\">Cell-instrumenter<\/strong> tilbyder branchef\u00f8rende n\u00f8jagtighed, brugervenlig betjening og fuld overensstemmelse med globale testprotokoller. Uanset om du er materialeingeni\u00f8r, QA-manager eller producent af magnetiske komponenter, sikrer dette instrument, at dine lamineringsfaktorresultater er <strong data-start=\"6485\" data-end=\"6526\">p\u00e5lidelig, sporbar og professionel<\/strong>.<\/p>\n<hr data-start=\"6529\" data-end=\"6532\" \/>\n<h2 data-start=\"6534\" data-end=\"6542\">Ofte stillede sp\u00f8rgsm\u00e5l<\/h2>\n<p data-start=\"6544\" data-end=\"6758\"><strong data-start=\"6544\" data-end=\"6601\">1. Hvad er form\u00e5let med en lamineringsfaktortester?<\/strong><br data-start=\"6601\" data-end=\"6604\" \/>Den bestemmer, hvor effektivt magnetiske strimler er stablet ved at beregne forholdet mellem volumen af fast metal og den samlede volumen, hvilket indikerer materialekvalitet.<\/p>\n<p data-start=\"6760\" data-end=\"6960\"><strong data-start=\"6760\" data-end=\"6832\">2. Hvilke standarder skal f\u00f8lges ved test af lamineringsfaktor?<\/strong><br data-start=\"6832\" data-end=\"6835\" \/>Relevante standarder omfatter <a href=\"https:\/\/www.astm.org\/a0719_a0719m-14r19.html\" target=\"_blank\" rel=\"noopener nofollow\"><strong data-start=\"6862\" data-end=\"6875\">ASTM A719<\/strong><\/a>, <a href=\"https:\/\/www.astm.org\/a0900_a0900m-01r18.html\" target=\"_blank\" rel=\"noopener nofollow\"><strong data-start=\"6877\" data-end=\"6890\">ASTM A900<\/strong><\/a>, <a href=\"https:\/\/www.astm.org\/a0683-16.html\" target=\"_blank\" rel=\"noopener nofollow\"><strong data-start=\"6892\" data-end=\"6905\">ASTM A683<\/strong><\/a>, og <strong data-start=\"6911\" data-end=\"6927\">IEC 60404-13<\/strong>, afh\u00e6ngigt af materialetypen.<\/p>\n<p data-start=\"6962\" data-end=\"7176\"><strong data-start=\"6962\" data-end=\"7018\">3. Kan FTT-02 bruges til tynde amorfe strimler?<\/strong><br data-start=\"7018\" data-end=\"7021\" \/>Ja, FTT-02 underst\u00f8tter forskellige materialer, herunder <strong data-start=\"7074\" data-end=\"7108\">tynde amorfe magnetiske strimler<\/strong>, takket v\u00e6re det justerbare tryk og m\u00e5ling i h\u00f8j opl\u00f8sning.<\/p>\n<p data-start=\"7178\" data-end=\"7342\"><strong data-start=\"7178\" data-end=\"7227\">4. Hvilke faktorer p\u00e5virker lamineringsfaktoren?<\/strong><br data-start=\"7227\" data-end=\"7230\" \/>Overfladebel\u00e6gninger, materialets ruhed, oxidlag og luftspalter mellem strimlerne kan s\u00e6nke lamineringsfaktoren.<\/p>\n<p data-start=\"7344\" data-end=\"7555\"><strong data-start=\"7344\" data-end=\"7408\">5. Hvordan p\u00e5virker lamineringsfaktoren den elektriske ydeevne?<\/strong><br data-start=\"7408\" data-end=\"7411\" \/>En h\u00f8jere lamineringsfaktor betyder bedre magnetisk kobling og mindre energitab, hvilket forbedrer effektiviteten af motorer, transformatorer og induktorer.<\/p>","protected":false},"excerpt":{"rendered":"<p>In the manufacturing of magnetic materials like electrical steel and amorphous strips, lamination factor plays a vital role in determining material quality. It affects the efficiency of motors, transformers, and other electromagnetic components. To assess this critical parameter, a lamination factor tester offers a precise, standardized method for measurement. What Is Lamination Factor and Why &hellip;<\/p>\n<p class=\"read-more\"> <a class=\"\" href=\"https:\/\/www.qualitester.com\/da\/vare\/lamination-factor-tester\/\"> <span class=\"screen-reader-text\">FTT-02 Laminationsfaktor-tester<\/span> L\u00e6s mere \"<\/a><\/p>","protected":false},"featured_media":6912,"comment_status":"closed","ping_status":"closed","template":"","meta":{"site-sidebar-layout":"default","site-content-layout":"default","ast-global-header-display":"","ast-main-header-display":"","ast-hfb-above-header-display":"","ast-hfb-below-header-display":"","ast-hfb-mobile-header-display":"","site-post-title":"","ast-breadcrumbs-content":"","ast-featured-img":"","footer-sml-layout":"","theme-transparent-header-meta":"default","adv-header-id-meta":"","stick-header-meta":"","header-above-stick-meta":"","header-main-stick-meta":"","header-below-stick-meta":""},"product_cat":[845,1184,1182,1183,937,1185,962,674,672],"product_tag":[],"class_list":{"0":"post-6887","1":"product","2":"type-product","3":"status-publish","4":"has-post-thumbnail","6":"product_cat-customization","7":"product_cat-astm-a683","8":"product_cat-astm-a719","9":"product_cat-astm-a900","10":"product_cat-electronic-product-tester","11":"product_cat-iec-60404-13","12":"product_cat-thickness-gauges","13":"product_cat-test-items","14":"product_cat-applied-materials","15":"desktop-align-left","16":"tablet-align-left","17":"mobile-align-left","19":"first","20":"instock","21":"shipping-taxable","22":"product-type-simple"},"_links":{"self":[{"href":"https:\/\/www.qualitester.com\/da\/wp-json\/wp\/v2\/product\/6887","targetHints":{"allow":["GET"]}}],"collection":[{"href":"https:\/\/www.qualitester.com\/da\/wp-json\/wp\/v2\/product"}],"about":[{"href":"https:\/\/www.qualitester.com\/da\/wp-json\/wp\/v2\/types\/product"}],"replies":[{"embeddable":true,"href":"https:\/\/www.qualitester.com\/da\/wp-json\/wp\/v2\/comments?post=6887"}],"version-history":[{"count":0,"href":"https:\/\/www.qualitester.com\/da\/wp-json\/wp\/v2\/product\/6887\/revisions"}],"wp:featuredmedia":[{"embeddable":true,"href":"https:\/\/www.qualitester.com\/da\/wp-json\/wp\/v2\/media\/6912"}],"wp:attachment":[{"href":"https:\/\/www.qualitester.com\/da\/wp-json\/wp\/v2\/media?parent=6887"}],"wp:term":[{"taxonomy":"product_cat","embeddable":true,"href":"https:\/\/www.qualitester.com\/da\/wp-json\/wp\/v2\/product_cat?post=6887"},{"taxonomy":"product_tag","embeddable":true,"href":"https:\/\/www.qualitester.com\/da\/wp-json\/wp\/v2\/product_tag?post=6887"}],"curies":[{"name":"wp","href":"https:\/\/api.w.org\/{rel}","templated":true}]}}