{"id":6644,"date":"2025-05-07T11:30:19","date_gmt":"2025-05-07T03:30:19","guid":{"rendered":"https:\/\/www.qualitester.com\/?post_type=product&#038;p=6644"},"modified":"2025-05-07T11:30:19","modified_gmt":"2025-05-07T03:30:19","slug":"medical-needle-tubing-stiffness-tester","status":"publish","type":"product","link":"https:\/\/www.qualitester.com\/da\/vare\/medical-needle-tubing-stiffness-tester\/","title":{"rendered":"TS-01 Stivhedstester til r\u00f8r"},"content":{"rendered":"<h2 data-start=\"393\" data-end=\"1063\">Introduktion til stivhedstester til medicinske kanyleslanger<\/h2>\n<p class=\"\" data-start=\"393\" data-end=\"1063\">At sikre den mekaniske integritet af kanyler er afg\u00f8rende inden for det medicinske omr\u00e5de. En v\u00e6sentlig egenskab, der p\u00e5virker ydeevne, sikkerhed og anvendelighed, er <em data-start=\"621\" data-end=\"639\">R\u00f8rets stivhed<\/em>. Den <strong data-start=\"645\" data-end=\"687\">Stivhedstester til medicinske n\u00e5leslanger<\/strong> giver en standardiseret, pr\u00e6cis metode til at evaluere stivheden af slanger af rustfrit st\u00e5l, der bruges til fremstilling af n\u00e5le. Med stigningen i globale medicinske standarder, is\u00e6r overholdelse af <a href=\"https:\/\/www.qualitester.com\/da\/standards\/iso-9626\/\"><strong data-start=\"880\" data-end=\"892\">ISO 9626<\/strong><\/a> og <strong data-start=\"897\" data-end=\"917\">ISO 9626 Bilag B<\/strong>, p\u00e5lidelige testl\u00f8sninger er blevet uundv\u00e6rlige for producenter af medicinsk udstyr, fagfolk inden for kvalitetskontrol og forskningsinstitutioner.<\/p>\n<hr class=\"\" data-start=\"1065\" data-end=\"1068\" \/>\n<h2 data-start=\"1070\" data-end=\"1624\">Betydningen af n\u00e5leslangens stivhed i medicinske applikationer<\/h2>\n<p class=\"\" data-start=\"1070\" data-end=\"1624\">Stivhed p\u00e5virker direkte en n\u00e5les <strong data-start=\"1176\" data-end=\"1219\">inds\u00e6ttelsesevne, strukturel integritet<\/strong>, og <strong data-start=\"1225\" data-end=\"1241\">Brugerkontrol<\/strong>. Et kanyler\u00f8r, der er for bl\u00f8dt, kan b\u00f8jes eller kn\u00e6kke og risikere at skade patienten eller give forkert medicin. Omvendt kan en alt for stiv n\u00e5l kn\u00e6kke eller for\u00e5rsage un\u00f8dvendigt traume under indf\u00f8ringen. Derfor er det vigtigt at opn\u00e5 en optimal balance. Den <strong data-start=\"1497\" data-end=\"1539\">Stivhedstester til medicinske n\u00e5leslanger<\/strong> spiller en vigtig rolle i at kvantificere denne balance og opretholde produktionsstandarder.<\/p>\n<hr class=\"\" data-start=\"1626\" data-end=\"1629\" \/>\n<h2 data-start=\"1631\" data-end=\"1921\"><strong data-start=\"1631\" data-end=\"1697\">ISO 9626-testning <\/strong><strong data-start=\"1631\" data-end=\"1697\">ISO 9626 Bilag B<\/strong><\/h2>\n<p class=\"\" data-start=\"1631\" data-end=\"1921\">Den internationale standard <strong data-start=\"1727\" data-end=\"1744\">ISO 9626:2016<\/strong> beskriver de mekaniske og dimensionelle krav til slanger af rustfrit st\u00e5l beregnet til injektionskanyler. <strong data-start=\"1858\" data-end=\"1869\">Bilag B<\/strong> giver en specifik metode til at m\u00e5le stivhed:<\/p>\n<ul data-start=\"1923\" data-end=\"2213\">\n<li class=\"\" data-start=\"1923\" data-end=\"2014\">\n<p class=\"\" data-start=\"1925\" data-end=\"2014\">A <strong data-start=\"1927\" data-end=\"1955\">kendt kraft (op til 60 N)<\/strong> p\u00e5f\u00f8res centralt p\u00e5 slangen, der underst\u00f8ttes i begge ender.<\/p>\n<\/li>\n<li class=\"\" data-start=\"2015\" data-end=\"2085\">\n<p class=\"\" data-start=\"2017\" data-end=\"2085\">Den resulterende <strong data-start=\"2031\" data-end=\"2045\">afb\u00f8jning<\/strong> m\u00e5les med <strong data-start=\"2063\" data-end=\"2084\">0,01 mm pr\u00e6cision<\/strong>.<\/p>\n<\/li>\n<li class=\"\" data-start=\"2086\" data-end=\"2213\">\n<p class=\"\" data-start=\"2088\" data-end=\"2213\">Apparatet skal omfatte en stump kileformet <strong data-start=\"2136\" data-end=\"2147\">Stempel<\/strong>, h\u00e6lder ved <strong data-start=\"2161\" data-end=\"2168\">60\u00b0<\/strong>, med en <strong data-start=\"2177\" data-end=\"2212\">1 mm radius cylindrisk overflade<\/strong>.<\/p>\n<\/li>\n<\/ul>\n<p class=\"\" data-start=\"2215\" data-end=\"2371\">Den <strong data-start=\"2219\" data-end=\"2267\">TS-01 Stivhedstester til medicinske kanyleslanger<\/strong> er designet specielt til at opfylde denne testmetode, hvilket sikrer streng overholdelse af ISO-standarder.<\/p>\n<hr class=\"\" data-start=\"2373\" data-end=\"2376\" \/>\n<h2 data-start=\"2378\" data-end=\"2515\"><strong data-start=\"2378\" data-end=\"2418\">Testprincip og arbejdsmekanisme<\/strong><\/h2>\n<p class=\"\" data-start=\"2378\" data-end=\"2515\">Den <strong data-start=\"2425\" data-end=\"2467\">Stivhedstester til medicinske n\u00e5leslanger<\/strong> fungerer efter et enkelt, men effektivt princip:<\/p>\n<p class=\"\" data-start=\"2517\" data-end=\"2702\"><em data-start=\"2517\" data-end=\"2702\">En pr\u00e6cis kraft p\u00e5f\u00f8res midtpunktet af slangen, som er symmetrisk underst\u00f8ttet. Instrumentet registrerer derefter den lodrette afb\u00f8jning, hvilket giver kvantitative stivhedsdata.<\/em><\/p>\n<p class=\"\" data-start=\"2704\" data-end=\"2753\">Den <strong data-start=\"2708\" data-end=\"2723\">TS-01 model<\/strong> af Cell Instruments funktioner:<\/p>\n<ul data-start=\"2754\" data-end=\"3112\">\n<li class=\"\" data-start=\"2754\" data-end=\"2864\">\n<p class=\"\" data-start=\"2756\" data-end=\"2864\">En stump kileformet <strong data-start=\"2777\" data-end=\"2788\">Stempel<\/strong> forbundet til en <strong data-start=\"2804\" data-end=\"2817\">Vejecelle<\/strong>, hvilket sikrer h\u00f8j m\u00e5len\u00f8jagtighed (\u00b10,01 N).<\/p>\n<\/li>\n<li class=\"\" data-start=\"2865\" data-end=\"2930\">\n<p class=\"\" data-start=\"2867\" data-end=\"2930\">Et bev\u00e6geligt krydshoved drevet af en <strong data-start=\"2900\" data-end=\"2929\">Pr\u00e6cisionskuglespindel<\/strong>.<\/p>\n<\/li>\n<li class=\"\" data-start=\"2931\" data-end=\"3018\">\n<p class=\"\" data-start=\"2933\" data-end=\"3018\">En slangeholder (pan), der justerer testpr\u00f8ven n\u00f8jagtigt under kraftstemplet.<\/p>\n<\/li>\n<li class=\"\" data-start=\"3019\" data-end=\"3112\">\n<p class=\"\" data-start=\"3021\" data-end=\"3112\">Variabel <strong data-start=\"3030\" data-end=\"3044\">Test hastighed<\/strong> (1-500 mm\/min) for at im\u00f8dekomme forskellige slangest\u00f8rrelser og materialer.<\/p>\n<\/li>\n<\/ul>\n<hr class=\"\" data-start=\"3114\" data-end=\"3117\" \/>\n<h2 data-start=\"3119\" data-end=\"3349\">Hvorfor v\u00e6lge TS-01 stivhedstester til medicinske kanyleslanger?<\/h2>\n<p class=\"\" data-start=\"3119\" data-end=\"3349\">Som producent af pr\u00e6cisionstestinstrumenter, <strong data-start=\"3237\" data-end=\"3257\">Cell-instrumenter<\/strong> designet den <strong data-start=\"3271\" data-end=\"3280\">TS-01<\/strong> specielt til producenter af medicinske n\u00e5le. De vigtigste fordele omfatter:<\/p>\n<ul data-start=\"3351\" data-end=\"3682\">\n<li class=\"\" data-start=\"3351\" data-end=\"3408\">\n<p class=\"\" data-start=\"3353\" data-end=\"3408\"><strong data-start=\"3353\" data-end=\"3407\">Fuld overensstemmelse med ISO 9626 og ISO 9626 Annex B<\/strong>.<\/p>\n<\/li>\n<li class=\"\" data-start=\"3409\" data-end=\"3468\">\n<p class=\"\" data-start=\"3411\" data-end=\"3468\">H\u00f8j opl\u00f8sning <strong data-start=\"3427\" data-end=\"3453\">m\u00e5ling af afb\u00f8jning<\/strong> op til 0,01 mm.<\/p>\n<\/li>\n<li class=\"\" data-start=\"3469\" data-end=\"3549\">\n<p class=\"\" data-start=\"3471\" data-end=\"3549\">Robust design med <strong data-start=\"3490\" data-end=\"3513\">Beskyttelse mod overbelastning<\/strong> og <strong data-start=\"3518\" data-end=\"3538\">automatisk returnering<\/strong> funktioner.<\/p>\n<\/li>\n<li class=\"\" data-start=\"3550\" data-end=\"3627\">\n<p class=\"\" data-start=\"3552\" data-end=\"3627\">Brugervenlig <strong data-start=\"3566\" data-end=\"3593\">7-tommers ber\u00f8ringssk\u00e6rm HMI<\/strong> til testkontrol og datagennemgang.<\/p>\n<\/li>\n<li class=\"\" data-start=\"3628\" data-end=\"3682\">\n<p class=\"\" data-start=\"3630\" data-end=\"3682\">Indbygget <strong data-start=\"3639\" data-end=\"3655\">Mikroprinter<\/strong> for \u00f8jeblikkelig rapportoutput.<\/p>\n<\/li>\n<\/ul>\n<p class=\"\" data-start=\"3684\" data-end=\"3857\">Disse funktioner str\u00f8mliner ikke kun testningen, men forbedrer ogs\u00e5 <strong data-start=\"3748\" data-end=\"3794\">n\u00f8jagtighed, repeterbarhed og dokumentation<\/strong> der kr\u00e6ves til validering af medicinske produkter og regulatoriske audits.<\/p>\n<hr class=\"\" data-start=\"3859\" data-end=\"3862\" \/>\n<h2 data-start=\"3864\" data-end=\"3996\">Anvendelser p\u00e5 tv\u00e6rs af medicinsk produktion og forskning<\/h2>\n<p class=\"\" data-start=\"3864\" data-end=\"3996\">Den <strong data-start=\"3929\" data-end=\"3971\">Stivhedstester til medicinske n\u00e5leslanger<\/strong> er bredt anvendelig i:<\/p>\n<ul data-start=\"3997\" data-end=\"4271\">\n<li class=\"\" data-start=\"3997\" data-end=\"4038\">\n<p class=\"\" data-start=\"3999\" data-end=\"4038\">Fremstilling af hypodermiske kanyler og penkanyler<\/p>\n<\/li>\n<li class=\"\" data-start=\"4039\" data-end=\"4097\">\n<p class=\"\" data-start=\"4041\" data-end=\"4097\">Kvalitetskontrolafdelinger i produktionen af medicinsk udstyr<\/p>\n<\/li>\n<li class=\"\" data-start=\"4098\" data-end=\"4166\">\n<p class=\"\" data-start=\"4100\" data-end=\"4166\">Forsknings- og udviklingslaboratorier arbejder p\u00e5 innovative n\u00e5ledesigns<\/p>\n<\/li>\n<li class=\"\" data-start=\"4167\" data-end=\"4218\">\n<p class=\"\" data-start=\"4169\" data-end=\"4218\">Lovpligtige test- og inspektionsorganer<\/p>\n<\/li>\n<li class=\"\" data-start=\"4219\" data-end=\"4271\">\n<p class=\"\" data-start=\"4221\" data-end=\"4271\">OEM'er og private label-leverand\u00f8rer af medicinske komponenter<\/p>\n<\/li>\n<\/ul>\n<p class=\"\" data-start=\"4273\" data-end=\"4388\">Det giver kritiske mekaniske data, der sikrer, at hvert kanyler\u00f8r fungerer p\u00e5lideligt under kliniske forhold.<\/p>\n<hr class=\"\" data-start=\"4390\" data-end=\"4393\" \/>\n<h2 data-start=\"4395\" data-end=\"4437\">Et overblik over de tekniske specifikationer<\/h2>\n<div class=\"_tableContainer_16hzy_1\">\n<div class=\"_tableWrapper_16hzy_14 group flex w-fit flex-col-reverse\" tabindex=\"-1\">\n<table class=\"w-fit min-w-(--thread-content-width)\" data-start=\"4438\" data-end=\"4972\">\n<thead data-start=\"4438\" data-end=\"4503\">\n<tr data-start=\"4438\" data-end=\"4503\">\n<th data-start=\"4438\" data-end=\"4466\" data-col-size=\"sm\"><strong data-start=\"4440\" data-end=\"4453\">Parameter<\/strong><\/th>\n<th data-start=\"4466\" data-end=\"4503\" data-col-size=\"sm\"><strong data-start=\"4468\" data-end=\"4485\">Specifikation<\/strong><\/th>\n<\/tr>\n<\/thead>\n<tbody data-start=\"4570\" data-end=\"4972\">\n<tr data-start=\"4570\" data-end=\"4635\">\n<td data-start=\"4570\" data-end=\"4598\" data-col-size=\"sm\">Maksimal testkraft<\/td>\n<td data-col-size=\"sm\" data-start=\"4598\" data-end=\"4635\">60 N (kan tilpasses)<\/td>\n<\/tr>\n<tr data-start=\"4636\" data-end=\"4701\">\n<td data-start=\"4636\" data-end=\"4664\" data-col-size=\"sm\">Hastighedsomr\u00e5de<\/td>\n<td data-col-size=\"sm\" data-start=\"4664\" data-end=\"4701\">1-500 mm\/min<\/td>\n<\/tr>\n<tr data-start=\"4702\" data-end=\"4767\">\n<td data-start=\"4702\" data-end=\"4730\" data-col-size=\"sm\">M\u00e5lingsn\u00f8jagtighed<\/td>\n<td data-col-size=\"sm\" data-start=\"4730\" data-end=\"4767\">\u00b10,01 mm<\/td>\n<\/tr>\n<tr data-start=\"4768\" data-end=\"4833\">\n<td data-start=\"4768\" data-end=\"4796\" data-col-size=\"sm\">Str\u00f8mforsyning<\/td>\n<td data-col-size=\"sm\" data-start=\"4796\" data-end=\"4833\">110~220V<\/td>\n<\/tr>\n<tr data-start=\"4834\" data-end=\"4899\">\n<td data-start=\"4834\" data-end=\"4862\" data-col-size=\"sm\">Kontrolgr\u00e6nseflade<\/td>\n<td data-col-size=\"sm\" data-start=\"4862\" data-end=\"4899\">PLC med 7\u201d HMI-ber\u00f8ringssk\u00e6rm<\/td>\n<\/tr>\n<tr data-start=\"4900\" data-end=\"4972\">\n<td data-start=\"4900\" data-end=\"4928\" data-col-size=\"sm\">Inkluderet tilbeh\u00f8r<\/td>\n<td data-col-size=\"sm\" data-start=\"4928\" data-end=\"4972\">Stempel, slangeholder, netledning, sikring<\/td>\n<\/tr>\n<\/tbody>\n<\/table>\n<div class=\"sticky end-(--thread-content-margin) h-0 self-end select-none\">\n<div class=\"absolute end-0 flex items-end\"><span style=\"font-size: 16px;\">Stivhedstest er afg\u00f8rende for at garantere <\/span><strong style=\"font-size: 16px;\" data-start=\"5044\" data-end=\"5090\">mekanisk p\u00e5lidelighed og klinisk sikkerhed<\/strong><span style=\"font-size: 16px;\"> af hypodermiske n\u00e5le. Ved at overholde <\/span><strong style=\"font-size: 16px;\" data-start=\"5132\" data-end=\"5152\"><a href=\"https:\/\/www.iso.org\/standard\/60480.html\" target=\"_blank\" rel=\"noopener nofollow\">ISO 9626<\/a> testning<\/strong><span style=\"font-size: 16px;\"> protokoller kan producenterne sikre, at deres slanger lever op til globale standarder for ydeevne. Den <\/span><strong style=\"font-size: 16px;\" data-start=\"5247\" data-end=\"5295\">TS-01 stivhedstester til medicinske n\u00e5leslanger<\/strong><span style=\"font-size: 16px;\"> fra <\/span><strong style=\"font-size: 16px;\" data-start=\"5301\" data-end=\"5321\">Cell-instrumenter<\/strong><span style=\"font-size: 16px;\"> tilbyder en professionel, pr\u00e6cis og brugervenlig l\u00f8sning til stivhedsm\u00e5ling. Uanset om det drejer sig om compliance, R&amp;D eller kvalitetssikring, er TS-01 det p\u00e5lidelige valg til evaluering af n\u00e5leslanger.<\/span><\/div>\n<\/div>\n<\/div>\n<\/div>\n<hr class=\"\" data-start=\"5520\" data-end=\"5523\" \/>\n<h2 data-start=\"5525\" data-end=\"5572\">OFTE STILLEDE SP\u00d8RGSM\u00c5L: Stivhedstester til medicinske n\u00e5leslanger<\/h2>\n<p class=\"\" data-start=\"5755\" data-end=\"5933\"><strong data-start=\"5755\" data-end=\"5829\">Q1: Hvilken type n\u00e5le eller slanger kan testes med dette instrument?<\/strong><br data-start=\"5829\" data-end=\"5832\" \/>A1: Den er velegnet til kanyleslanger i rustfrit st\u00e5l, der bruges i hypodermiske, penne- eller intraven\u00f8se kanyler.<\/p>\n<p class=\"\" data-start=\"6096\" data-end=\"6253\"><strong data-start=\"6096\" data-end=\"6138\">Sp\u00f8rgsm\u00e5l 2: Kan jeg teste forskellige slangest\u00f8rrelser?<\/strong><br data-start=\"6138\" data-end=\"6141\" \/>A2: Ja, testeren har justerbare armaturer og underst\u00f8tter forskellige sp\u00e6ndvidder i henhold til specifikationerne i ISO tabel 2.<\/p>","protected":false},"excerpt":{"rendered":"<p>Introduction to Medical Needle Tubing Stiffness Tester Ensuring the mechanical integrity of hypodermic needles is critical in the medical field. One essential property that influences performance, safety, and usability is tubing stiffness. The medical needle tubing stiffness tester provides a standardized, precise method to evaluate the stiffness of stainless steel tubing used in needle manufacturing. &hellip;<\/p>\n<p class=\"read-more\"> <a class=\"\" href=\"https:\/\/www.qualitester.com\/da\/vare\/medical-needle-tubing-stiffness-tester\/\"> <span class=\"screen-reader-text\">TS-01 Stivhedstester til r\u00f8r<\/span> L\u00e6s mere \"<\/a><\/p>","protected":false},"featured_media":6646,"comment_status":"closed","ping_status":"closed","template":"","meta":{"site-sidebar-layout":"default","site-content-layout":"default","ast-global-header-display":"","ast-main-header-display":"","ast-hfb-above-header-display":"","ast-hfb-below-header-display":"","ast-hfb-mobile-header-display":"","site-post-title":"","ast-breadcrumbs-content":"","ast-featured-img":"","footer-sml-layout":"","theme-transparent-header-meta":"default","adv-header-id-meta":"","stick-header-meta":"","header-above-stick-meta":"","header-main-stick-meta":"","header-below-stick-meta":""},"product_cat":[1180,845,934,149],"product_tag":[],"class_list":{"0":"post-6644","1":"product","2":"type-product","3":"status-publish","4":"has-post-thumbnail","6":"product_cat-iso-9626","7":"product_cat-customization","8":"product_cat-medical-packaging-tester","9":"product_cat-pharma-and-medical-testers","10":"desktop-align-left","11":"tablet-align-left","12":"mobile-align-left","14":"first","15":"instock","16":"shipping-taxable","17":"product-type-simple"},"_links":{"self":[{"href":"https:\/\/www.qualitester.com\/da\/wp-json\/wp\/v2\/product\/6644","targetHints":{"allow":["GET"]}}],"collection":[{"href":"https:\/\/www.qualitester.com\/da\/wp-json\/wp\/v2\/product"}],"about":[{"href":"https:\/\/www.qualitester.com\/da\/wp-json\/wp\/v2\/types\/product"}],"replies":[{"embeddable":true,"href":"https:\/\/www.qualitester.com\/da\/wp-json\/wp\/v2\/comments?post=6644"}],"version-history":[{"count":0,"href":"https:\/\/www.qualitester.com\/da\/wp-json\/wp\/v2\/product\/6644\/revisions"}],"wp:featuredmedia":[{"embeddable":true,"href":"https:\/\/www.qualitester.com\/da\/wp-json\/wp\/v2\/media\/6646"}],"wp:attachment":[{"href":"https:\/\/www.qualitester.com\/da\/wp-json\/wp\/v2\/media?parent=6644"}],"wp:term":[{"taxonomy":"product_cat","embeddable":true,"href":"https:\/\/www.qualitester.com\/da\/wp-json\/wp\/v2\/product_cat?post=6644"},{"taxonomy":"product_tag","embeddable":true,"href":"https:\/\/www.qualitester.com\/da\/wp-json\/wp\/v2\/product_tag?post=6644"}],"curies":[{"name":"wp","href":"https:\/\/api.w.org\/{rel}","templated":true}]}}