{"id":5339,"date":"2024-11-14T10:55:57","date_gmt":"2024-11-14T02:55:57","guid":{"rendered":"https:\/\/www.qualitester.com\/?post_type=product&#038;p=5339"},"modified":"2024-12-05T15:14:48","modified_gmt":"2024-12-05T07:14:48","slug":"sale-laboratory-valley-beater-pulp","status":"publish","type":"product","link":"https:\/\/www.qualitester.com\/da\/vare\/sale-laboratory-valley-beater-pulp\/","title":{"rendered":"VB-01 Valley Beater"},"content":{"rendered":"<p>Den <strong>Laboratorie Valley Beater (VB-01)<\/strong> er et topmoderne instrument, der er designet til pr\u00e6cis raffinering af papirmasse i papirfremstillingslaboratorier. Denne 23-liters Valley Beater er bygget til at opfylde strenge internationale standarder og er afg\u00f8rende for at udvikle og teste de fiberegenskaber, der er n\u00f8dvendige for papirproduktion af h\u00f8j kvalitet. VB-01 bruger mekaniske kr\u00e6fter mellem en piskerulle og en bundkniv til at forfine, \u00e6lte og bearbejde forskellige fibertyper, hvilket sikrer en kontrolleret og ensartet masseproduktion til industri- og forskningsform\u00e5l.<\/p>\n<h2>De vigtigste anvendelser og vigtigheden af laboratorievalpiskeren<\/h2>\n<p>Laboratory Valley Beater er afg\u00f8rende for at optimere pulpens egenskaber p\u00e5 tv\u00e6rs af forskellige fibermaterialer, herunder plantefibre, syntetiske fibre, kulfibre og glasfibre. Den spiller en grundl\u00e6ggende rolle i:<\/p>\n<ul>\n<li><strong>Forbedring af papirkvaliteten<\/strong>: Ved at finjustere fiberegenskaberne hj\u00e6lper VB-01 med at opn\u00e5 den \u00f8nskede tr\u00e6kstyrke, overfladestruktur og kvalitetskonsistens i papirprodukter.<\/li>\n<li><strong>Forskning og udvikling<\/strong>: Valley Beater er ideel til at teste og studere fiberegenskaber og er uvurderlig til videnskabelig forskning, pulpformulering og procesudvikling.<\/li>\n<li><strong>Kvalitetskontrol<\/strong>: VB-01 er en p\u00e5lidelig laboratorieenhed, der underst\u00f8tter n\u00f8jagtige kvalitetsvurderinger, sikrer konsistens i massen og hj\u00e6lper med at overholde produktionsstandarder.<\/li>\n<\/ul>\n<h2>Overholdelse af ISO 5264-1 og relaterede standarder<\/h2>\n<p>Den <strong>VB-01 Laboratorie Valley Beater<\/strong> stemmer overens med <a href=\"https:\/\/www.iso.org\/standard\/11258.html\" target=\"_blank\" rel=\"noopener nofollow\"><strong>ISO 5264-1<\/strong><\/a> standard, en vigtig international retningslinje for bearbejdning og test af papirmasse. <a href=\"https:\/\/www.qualitester.com\/da\/vare-kategori\/iso\/iso-5264-1\/\" target=\"_blank\" rel=\"noopener\">ISO 5264-1<\/a> etablerer ensartede procedurer for at sikre repeterbarhed og n\u00f8jagtighed i behandlingen af papirmasse i laboratoriet, hvilket er afg\u00f8rende for p\u00e5lidelige sammenligninger p\u00e5 tv\u00e6rs af forskellige laboratorier og forskningscentre. Denne standard \u00f8ger forskningens trov\u00e6rdighed ved at give en ensartet ramme for raffinering af papirmasse og evaluering af dens egenskaber.<\/p>\n<p>Ud over ISO 5264-1 overholder VB-01 ogs\u00e5 andre relevante industristandarder:<\/p>\n<ul>\n<li><strong>TAPPI T200<\/strong>: Definerer procedurer for evaluering af pulpens for\u00e6dling og kvalitet.<\/li>\n<li><strong>GB\/T 24325<\/strong>: En kinesisk standard, der regulerer papirmassens konsistens og kontrolmetoder.<\/li>\n<li><strong>QBT 3702<\/strong>: Fasts\u00e6tter benchmarks for laboratorieslagprocesser, der underst\u00f8tter b\u00e5de akademisk og industriel brug.<\/li>\n<\/ul>\n<h2>Laboratory Valley Beater (VB-01) Funktioner og tekniske specifikationer<\/h2>\n<p>VB-01 er konstrueret med pr\u00e6cisionsfunktioner og komponenter af h\u00f8j kvalitet, hvilket g\u00f8r den alsidig og effektiv til laboratorietestning. De vigtigste specifikationer omfatter:<\/p>\n<ul>\n<li><strong>Kapacitet<\/strong>: Standard 23 liter, med en pulptank p\u00e5 47 liter til store pr\u00f8vem\u00e6ngder.<\/li>\n<li><strong>M\u00e6ngde og konsistens af papirmasse<\/strong>: Kan rumme 200-700 g ovnt\u00f8rret pulp med en typisk pulpkonsistens p\u00e5 1,57%.<\/li>\n<li><strong>Konfiguration af piskeris og klinge<\/strong>: Valsen m\u00e5ler \u03c6 194 mm \u00d7 155 mm, arbejder med en hastighed p\u00e5 (8,3\u00b10,2) omdrejninger pr. sekund eller (500\u00b110) omdrejninger pr. minut og har 32 knive p\u00e5 slagrullen og 7 knive i bunden.<\/li>\n<li><strong>Justerbar klingeafstand<\/strong>: Bladets placering kan justeres manuelt, s\u00e5 operat\u00f8rerne kan raffinere massen til pr\u00e6cise specifikationer.<\/li>\n<li><strong>Sikkerheds- og vedligeholdelsesfunktioner<\/strong>: VB-01 har en beskyttelsesanordning ved pulpeudl\u00f8bet, en automatisk bikagerensningsfunktion og et aftageligt pulpetankd\u00e6ksel for nem reng\u00f8ring.<\/li>\n<\/ul>\n<p>Disse tekniske parametre sikrer, at VB-01 giver n\u00f8jagtige, effektive og gentagelige resultater i alle laboratoriemilj\u00f8er.<\/p>\n<h2>Testmetoder og procedure for pulp-beating<\/h2>\n<p>Laboratory Valley Beater (VB-01) for\u00e6dler papirmasse gennem en r\u00e6kke kontrollerede mekaniske processer, herunder sk\u00e6ring, knusning og \u00e6ltning. Disse handlinger p\u00e5virker fibercellev\u00e6ggene ved at:<\/p>\n<ul>\n<li>\u00c6ndring af cellestrukturen og \u00f8get fiberfleksibilitet.<\/li>\n<li>Fremmer vandoptagelse for optimeret fiberbinding.<\/li>\n<li>Justering af fiberdeformation for at forbedre papirets styrke og kvalitet.<\/li>\n<\/ul>\n<p>Graden af pulp-piskning kan skr\u00e6ddersys ved at justere trykket p\u00e5 bundkniven og indstille specifikke pisketider, hvilket sikrer alsidighed p\u00e5 tv\u00e6rs af en r\u00e6kke pulp-typer.<\/p>\n<h2>Fordele ved at bruge VB-01 Laboratory Valley Beater<\/h2>\n<p>VB-01 giver klare fordele ved test af papirmasse og papir:<\/p>\n<ul>\n<li><strong>Forbedret papirkvalitet<\/strong>: Ved at kontrollere fiberfor\u00e6dlingen forbedrer Valley Beater papirmassens styrke, tekstur og ensartethed, hvilket f\u00f8rer til overlegne papirprodukter.<\/li>\n<li><strong>Test af ensartethed<\/strong>: Overholdelsen af ISO 5264-1 og andre standarder sikrer, at hver slagtest giver ensartede resultater, hvilket er afg\u00f8rende for b\u00e5de forskning og kvalitetskontrol.<\/li>\n<li><strong>Materialets alsidighed<\/strong>: VB-01 er i stand til at raffinere plante-, syntetiske, kulstof- og glasfibre og kan tilpasses forskellige industrier, herunder emballage, tekstiler og meget mere.<\/li>\n<\/ul>\n<h2>Tabel med oversigt over tekniske parametre<\/h2>\n<table>\n<thead>\n<tr>\n<th>Specifikation<\/th>\n<th>Detaljer<\/th>\n<\/tr>\n<\/thead>\n<tbody>\n<tr>\n<td style=\"text-align: center;\"><strong>Standard kapacitet<\/strong><\/td>\n<td style=\"text-align: center;\">23 liter (47-liters pulptank)<\/td>\n<\/tr>\n<tr>\n<td style=\"text-align: center;\"><strong>M\u00e6ngde papirmasse<\/strong><\/td>\n<td style=\"text-align: center;\">200-700 g ovnt\u00f8rret pulp (1,57% konsistens)<\/td>\n<\/tr>\n<tr>\n<td style=\"text-align: center;\"><strong>St\u00f8rrelse p\u00e5 piskeris<\/strong><\/td>\n<td style=\"text-align: center;\">\u03c6 194 mm \u00d7 155 mm<\/td>\n<\/tr>\n<tr>\n<td style=\"text-align: center;\"><strong>Konfiguration af blade<\/strong><\/td>\n<td style=\"text-align: center;\">32 piskerisblade, 7 bundblade<\/td>\n<\/tr>\n<tr>\n<td style=\"text-align: center;\"><strong>Piskerisets rullehastighed<\/strong><\/td>\n<td style=\"text-align: center;\">(8,3\u00b10,2) r\/s; (500\u00b110) r\/min<\/td>\n<\/tr>\n<tr>\n<td style=\"text-align: center;\"><strong>Afstand til klinge<\/strong><\/td>\n<td style=\"text-align: center;\">Justerbar (manuel)<\/td>\n<\/tr>\n<tr>\n<td style=\"text-align: center;\"><strong>Sikkerhedsfunktioner<\/strong><\/td>\n<td style=\"text-align: center;\">Beskyttelsesanordning ved pulpudl\u00f8b, aftageligt tankd\u00e6ksel<\/td>\n<\/tr>\n<tr>\n<td style=\"text-align: center;\"><strong>Reng\u00f8ringsfunktion<\/strong><\/td>\n<td style=\"text-align: center;\">Honeycomb automatisk reng\u00f8ring<\/td>\n<\/tr>\n<tr>\n<td style=\"text-align: center;\"><strong>Str\u00f8mkrav<\/strong><\/td>\n<td style=\"text-align: center;\">750W\/380V<\/td>\n<\/tr>\n<tr>\n<td style=\"text-align: center;\"><strong>Dimensioner<\/strong><\/td>\n<td style=\"text-align: center;\">1240 mm \u00d7 650 mm \u00d7 1180 mm<\/td>\n<\/tr>\n<tr>\n<td style=\"text-align: center;\"><strong>V\u00e6gt<\/strong><\/td>\n<td style=\"text-align: center;\">200 kg<\/td>\n<\/tr>\n<tr>\n<td style=\"text-align: center;\"><strong>Tilbeh\u00f8r<\/strong><\/td>\n<td style=\"text-align: center;\">Inkluderer luftslange og vandslange<\/td>\n<\/tr>\n<\/tbody>\n<\/table>\n<h3>Ofte stillede sp\u00f8rgsm\u00e5l (FAQ)<\/h3>\n<p><strong>1. Hvilke materialer kan Laboratory Valley Beater behandle?<\/strong><br \/>\nVB-01 er designet til at behandle forskellige fibre, herunder plantefibre, syntetiske fibre, kulfibre og glasfibre, hvilket g\u00f8r den alsidig til en lang r\u00e6kke anvendelser.<\/p>\n<p><strong>2. Hvordan p\u00e5virker ISO 5264-1 standarderne for pulpbeating?<\/strong><br \/>\nISO 5264-1 standardiserer metoder til at sl\u00e5 papirmasse, hvilket sikrer ensartede, gentagelige resultater, som er afg\u00f8rende for p\u00e5lidelig forskning og kvalitetskontrol inden for papirfremstilling.<\/p>\n<p><strong>3. Hvad er den typiske pisketid for at opn\u00e5 optimal pulpkonsistens?<\/strong><br \/>\nPisketiden afh\u00e6nger af den \u00f8nskede for\u00e6dlingsgrad af papirmassen. Ved at justere piskerullen og bundknivens tryk kan operat\u00f8rerne opn\u00e5 forskellige grader af fiberforarbejdning.<\/p>\n<p><strong>4. Hvordan sikrer VB-01 sikker drift og nem vedligeholdelse?<\/strong><br \/>\nVB-01 har en beskyttelsesanordning ved pulpudl\u00f8bet for at forhindre ulykker. Den har ogs\u00e5 en automatisk honeycomb-reng\u00f8ringsfunktion og et aftageligt tankd\u00e6ksel for nem vedligeholdelse.<\/p>\n<p><strong>5. Hvorfor er konsistens vigtig i laboratorieslagpr\u00f8ver?<\/strong><br \/>\nKonsistens i pulpbeatningen er afg\u00f8rende for at opn\u00e5 p\u00e5lidelige resultater til forskning og produktion. VB-01 overholder ISO-standarderne og sikrer n\u00f8jagtighed og repeterbarhed i hver test.<\/p>\n<p>Den <strong>VB-01 Laboratorie Valley Beater<\/strong> tilbyder p\u00e5lidelig, standardiseret for\u00e6dling af papirmasse til forbedret papirkvalitet og forskningsn\u00f8jagtighed. Med sine pr\u00e6cise tekniske specifikationer og overholdelse af <strong>ISO 5264-1<\/strong>, VB-01 er et uundv\u00e6rligt v\u00e6rkt\u00f8j for ethvert laboratorium, der \u00f8nsker at optimere papirfremstillingsprocessen. Opdag, hvordan VB-01 kan opfylde dine behov for test af papirmasse og forbedre kvaliteten af dine papirprodukter.<\/p>","protected":false},"excerpt":{"rendered":"<p>Den <strong>Laboratorie Valley Beater (VB-01)<\/strong> er et topmoderne instrument, der er designet til pr\u00e6cis raffinering af papirmasse i papirfremstillingslaboratorier. Denne 23-liters Valley Beater er bygget til at opfylde strenge internationale standarder og er afg\u00f8rende for at udvikle og teste de fiberegenskaber, der er n\u00f8dvendige for papirproduktion af h\u00f8j kvalitet. VB-01 bruger mekaniske kr\u00e6fter mellem en piskerulle og en bundkniv til at forfine, \u00e6lte og bearbejde forskellige fibertyper, hvilket sikrer en kontrolleret og ensartet masseproduktion til industri- og forskningsform\u00e5l.<\/p>","protected":false},"featured_media":6285,"comment_status":"closed","ping_status":"closed","template":"","meta":{"site-sidebar-layout":"default","site-content-layout":"default","ast-global-header-display":"","ast-main-header-display":"","ast-hfb-above-header-display":"","ast-hfb-below-header-display":"","ast-hfb-mobile-header-display":"","site-post-title":"","ast-breadcrumbs-content":"","ast-featured-img":"","footer-sml-layout":"","theme-transparent-header-meta":"default","adv-header-id-meta":"","stick-header-meta":"","header-above-stick-meta":"","header-main-stick-meta":"","header-below-stick-meta":""},"product_cat":[845,1169,1170,44,95],"product_tag":[],"class_list":{"0":"post-5339","1":"product","2":"type-product","3":"status-publish","4":"has-post-thumbnail","6":"product_cat-customization","7":"product_cat-iso-5264-1","8":"product_cat-tappi-t200","9":"product_cat-paper-and-board-testers","10":"product_cat-products","11":"desktop-align-left","12":"tablet-align-left","13":"mobile-align-left","15":"first","16":"instock","17":"shipping-taxable","18":"product-type-simple"},"_links":{"self":[{"href":"https:\/\/www.qualitester.com\/da\/wp-json\/wp\/v2\/product\/5339","targetHints":{"allow":["GET"]}}],"collection":[{"href":"https:\/\/www.qualitester.com\/da\/wp-json\/wp\/v2\/product"}],"about":[{"href":"https:\/\/www.qualitester.com\/da\/wp-json\/wp\/v2\/types\/product"}],"replies":[{"embeddable":true,"href":"https:\/\/www.qualitester.com\/da\/wp-json\/wp\/v2\/comments?post=5339"}],"version-history":[{"count":0,"href":"https:\/\/www.qualitester.com\/da\/wp-json\/wp\/v2\/product\/5339\/revisions"}],"wp:featuredmedia":[{"embeddable":true,"href":"https:\/\/www.qualitester.com\/da\/wp-json\/wp\/v2\/media\/6285"}],"wp:attachment":[{"href":"https:\/\/www.qualitester.com\/da\/wp-json\/wp\/v2\/media?parent=5339"}],"wp:term":[{"taxonomy":"product_cat","embeddable":true,"href":"https:\/\/www.qualitester.com\/da\/wp-json\/wp\/v2\/product_cat?post=5339"},{"taxonomy":"product_tag","embeddable":true,"href":"https:\/\/www.qualitester.com\/da\/wp-json\/wp\/v2\/product_tag?post=5339"}],"curies":[{"name":"wp","href":"https:\/\/api.w.org\/{rel}","templated":true}]}}