{"id":5309,"date":"2024-11-13T09:24:25","date_gmt":"2024-11-13T01:24:25","guid":{"rendered":"https:\/\/www.qualitester.com\/?post_type=product&#038;p=5309"},"modified":"2024-12-04T16:31:54","modified_gmt":"2024-12-04T08:31:54","slug":"sale-drop-weight-impact-tester","status":"publish","type":"product","link":"https:\/\/www.qualitester.com\/da\/vare\/sale-drop-weight-impact-tester\/","title":{"rendered":"FBT-01S Slagpr\u00f8vemaskine med faldv\u00e6gt"},"content":{"rendered":"<p>Slagfasthed er en vigtig egenskab for materialer, der uds\u00e6ttes for pludselige eller vedvarende slag. Den <strong>Drop Weight Impact Tester<\/strong> giver en n\u00f8jagtig og p\u00e5lidelig metode til at vurdere holdbarheden af forskellige materialer, herunder film, folier, papir, plastplader og kompositter med en tykkelse p\u00e5 under 2 mm. Denne tester spiller en afg\u00f8rende rolle i kvalitetskontrol og produktudvikling p\u00e5 tv\u00e6rs af brancher og sikrer, at materialer lever op til strenge standarder for ydeevne og holdbarhed.<\/p>\n<h2>Overholder standarderne ASTM D1709 og ISO 7765-1<\/h2>\n<p>Drop Weight Impact Tester er designet til at opfylde kravene i <strong>ASTM D1709<\/strong> og <strong>ISO 7765-1<\/strong>-To af de mest anerkendte standarder for test af slagfasthed. <strong>ASTM D1709<\/strong> fokuserer p\u00e5 plastfoliers slagfasthed ved hj\u00e6lp af en metode med frit faldende pile, der sikrer, at materialerne modst\u00e5r punkteringskr\u00e6fter effektivt. <strong>ISO 7765-1<\/strong> giver en standardtestmetode til bestemmelse af slagstyrken af termoplastiske film, hvilket g\u00f8r denne tester ideel til b\u00e5de regional og international testoverensstemmelse. Opfyldelse af disse standarder garanterer, at denne tester producerer meget p\u00e5lidelige, standardiserede resultater, der er egnede til en lang r\u00e6kke anvendelser.<\/p>\n<h2>Anvendelser af slagtesteren med faldv\u00e6gt<\/h2>\n<p>Testeren anvendes i mange sektorer, herunder emballage, l\u00e6gemidler, f\u00f8de- og drikkevarer, elektronik og daglige kemikalier. Den vurderer modstandsdygtigheden af materialer som emballagefilm, plastikindpakning og beskyttelsesfolier, som ofte uds\u00e6ttes for slagkr\u00e6fter under h\u00e5ndtering, transport og forbrugerbrug. Ved at evaluere materialernes slagfasthed hj\u00e6lper denne tester producenterne med at sikre, at deres produkter bevarer den strukturelle integritet, beskytter indholdet og lever op til branchestandarderne.<\/p>\n<h2>Testmetode til slagpr\u00f8vning med faldv\u00e6gt<\/h2>\n<p>Den <strong>Drop Weight Impact Tester<\/strong> bruger en st\u00e5lkugle eller -pil med specificeret masse og diameter, som slippes fra en forudbestemt h\u00f8jde for at simulere en kontrolleret slagkraft p\u00e5 materialet. Testeren m\u00e5ler den resulterende skade, deformation og energi, der absorberes af materialet, hvilket giver en kvantificerbar analyse af dets slagfasthed. N\u00f8glefaktorer, der p\u00e5virker testresultaterne, omfatter:<\/p>\n<ul>\n<li><strong>Faldh\u00f8jde<\/strong>: Kan justeres fra 300 mm til 600 mm (og udvides efter behov), hvilket simulerer forskellige slagforhold for tilpassede testscenarier.<\/li>\n<li><strong>Kuglens st\u00f8rrelse og masse<\/strong>: Kan konfigureres ud fra teststandard og anvendelseskrav, hvilket giver mulighed for n\u00f8jagtig simulering af p\u00e5virkninger i den virkelige verden.<\/li>\n<\/ul>\n<h2>N\u00f8glefunktioner i slagtesteren med faldv\u00e6gt<\/h2>\n<ul>\n<li><strong>Justerbar slagh\u00f8jde<\/strong>: Tilpas st\u00f8dh\u00f8jden til forskellige testscenarier, hvilket giver mulighed for pr\u00e6cis og fleksibel st\u00f8dtestning.<\/li>\n<li><strong>Elektromagnetisk affjedringssystem<\/strong>: Denne funktion sikrer en ensartet udl\u00f8sningsmekanisme, der minimerer variationer og \u00f8ger n\u00f8jagtigheden.<\/li>\n<li><strong>Pneumatisk fastsp\u00e6nding af pr\u00f8ver<\/strong>: Den pneumatiske sp\u00e6ndemekanisme holder pr\u00f8ven sikkert fast og forhindrer bev\u00e6gelse, der kan p\u00e5virke resultaterne.<\/li>\n<li><strong>Brugervenlig betjening<\/strong>: Testeren er udstyret med fodkontakter, der g\u00f8r den nem at betjene og giver mulighed for h\u00e5ndfri kontrol til sikker og effektiv testning.<\/li>\n<\/ul>\n<h2>Tekniske specifikationer<\/h2>\n<table>\n<tbody>\n<tr>\n<td style=\"text-align: center;\" width=\"161\">P\u00e5virkningsh\u00f8jde<\/td>\n<td style=\"text-align: center;\" width=\"290\">300 mm-600 mm (kan forl\u00e6nges)<\/td>\n<\/tr>\n<tr>\n<td style=\"text-align: center;\" width=\"161\">Kuglediametre (mm)<\/td>\n<td style=\"text-align: center;\" width=\"290\">23, 25, 28.6, 38.1, 50.8(en udstyret)<\/td>\n<\/tr>\n<tr>\n<td style=\"text-align: center;\" width=\"161\">N\u00f8jagtighed<\/td>\n<td style=\"text-align: center;\" width=\"290\">0,1g (0,1J)<\/td>\n<\/tr>\n<tr>\n<td style=\"text-align: center;\" width=\"161\">Pr\u00f8veklemme<\/td>\n<td style=\"text-align: center;\" width=\"290\">Pneumatisk klemme<\/td>\n<\/tr>\n<tr>\n<td style=\"text-align: center;\" width=\"161\">Gasforsyning<\/td>\n<td style=\"text-align: center;\" width=\"290\">0,6 MPa \u03a68 mm PU-slange<\/td>\n<\/tr>\n<tr>\n<td style=\"text-align: center;\" width=\"161\">Pr\u00f8vens st\u00f8rrelse<\/td>\n<td style=\"text-align: center;\" width=\"290\">&gt; 150 mm x 150 mm<\/td>\n<\/tr>\n<tr>\n<td style=\"text-align: center;\" width=\"161\">Str\u00f8mforsyning<\/td>\n<td style=\"text-align: center;\" width=\"290\">AC 110~220V 50Hz<\/td>\n<\/tr>\n<\/tbody>\n<\/table>\n<h2>Fordele ved slagtesteren med faldv\u00e6gt<\/h2>\n<p>Brugen af denne tester giver ensartede og n\u00f8jagtige resultater, der informerer om kvalitetskontrolforanstaltninger og materialevalg i produktionen. Ved at sikre overensstemmelse med ASTM D1709 og ISO 7765-1 hj\u00e6lper denne slagfasthedstester industrien med at opfylde lovm\u00e6ssige standarder og kundernes forventninger til holdbarhed og sikkerhed, is\u00e6r inden for emballage- og materialeproduktion. Testeren er ogs\u00e5 et ideelt valg til forsknings- og udviklingsmilj\u00f8er, hvor p\u00e5lidelige data om slagfasthed styrer udviklingen af nye produkter.<\/p>\n<h2>Overholdelse af standarderne ASTM D1709 og ISO 7765-1<\/h2>\n<p>Drop Weight Impact Tester er i fuld overensstemmelse med <a href=\"https:\/\/www.astm.org\/standards\/d1709\" target=\"_blank\" rel=\"noopener nofollow\"><strong>ASTM D1709<\/strong><\/a> og <a href=\"https:\/\/www.iso.org\/standard\/14629.html\" target=\"_blank\" rel=\"noopener nofollow\"><strong>ISO 7765-1<\/strong><\/a>, hvilket betyder, at den er certificeret til standardiseret testning og kan anvendes p\u00e5 b\u00e5de lokale og internationale markeder. Det sikrer, at brugerne kan stole p\u00e5 n\u00f8jagtige og sammenlignelige resultater p\u00e5 tv\u00e6rs af forskellige testfaciliteter og produktionslinjer, hvilket forenkler kvalitetskontrol og overholdelse af lovgivningen.<\/p>\n<h2>Ofte stillede sp\u00f8rgsm\u00e5l (FAQ)<\/h2>\n<ol>\n<li><strong>Hvilke typer materialer kan testes med en faldv\u00e6gtstest?<\/strong>\n<ul>\n<li>Denne tester er velegnet til film, folier, papir, plastikplader og andre tynde materialer med en tykkelse p\u00e5 op til 2 mm.<\/li>\n<\/ul>\n<\/li>\n<li><strong>Hvorfor er ASTM D1709 og ISO 7765-1 vigtige for st\u00f8dtest?<\/strong>\n<ul>\n<li>Disse standarder specificerer ensartede metoder til test af slagfasthed, hvilket sikrer p\u00e5lidelige, sammenlignelige resultater p\u00e5 tv\u00e6rs af brancher.<\/li>\n<\/ul>\n<\/li>\n<li><strong>Hvilke faktorer kan p\u00e5virke n\u00f8jagtigheden af slagtesten?<\/strong>\n<ul>\n<li>De vigtigste faktorer er faldh\u00f8jde, kuglest\u00f8rrelse og fastsp\u00e6nding af pr\u00f8ven, som alle kan styres, s\u00e5 de opfylder specifikke testbehov.<\/li>\n<\/ul>\n<\/li>\n<li><strong>Hvordan forbedrer det elektromagnetiske oph\u00e6ngningssystem testn\u00f8jagtigheden?<\/strong>\n<ul>\n<li>Det elektromagnetiske oph\u00e6ng sikrer et pr\u00e6cist, ensartet fald, hvilket reducerer variationer og forbedrer resultatn\u00f8jagtigheden.<\/li>\n<\/ul>\n<\/li>\n<li><strong>Hvilke brancher har mest gavn af at bruge en faldv\u00e6gtstest?<\/strong>\n<ul>\n<li>Industrier som emballage, l\u00e6gemidler, elektronik og f\u00f8de- og drikkevareproduktion nyder godt af at verificere materialers holdbarhed over for slagkr\u00e6fter.<\/li>\n<\/ul>\n<\/li>\n<\/ol>","protected":false},"excerpt":{"rendered":"<p>Slagfasthed er en vigtig egenskab for materialer, der uds\u00e6ttes for pludselige eller vedvarende slag. Den <strong>Drop Weight Impact Tester<\/strong> giver en n\u00f8jagtig og p\u00e5lidelig metode til at vurdere holdbarheden af forskellige materialer, herunder film, folier, papir, plastplader og kompositter med en tykkelse p\u00e5 under 2 mm. Denne tester spiller en afg\u00f8rende rolle i kvalitetskontrol og produktudvikling p\u00e5 tv\u00e6rs af brancher og sikrer, at materialer lever op til strenge standarder for ydeevne og holdbarhed.<\/p>","protected":false},"featured_media":6147,"comment_status":"closed","ping_status":"closed","template":"","meta":{"site-sidebar-layout":"default","site-content-layout":"default","ast-global-header-display":"","ast-main-header-display":"","ast-hfb-above-header-display":"","ast-hfb-below-header-display":"","ast-hfb-mobile-header-display":"","site-post-title":"","ast-breadcrumbs-content":"","ast-featured-img":"","footer-sml-layout":"","theme-transparent-header-meta":"default","adv-header-id-meta":"","stick-header-meta":"","header-above-stick-meta":"","header-main-stick-meta":"","header-below-stick-meta":""},"product_cat":[845,938,684,17,44,149,16,95],"product_tag":[],"class_list":{"0":"post-5309","1":"product","2":"type-product","3":"status-publish","4":"has-post-thumbnail","6":"product_cat-customization","7":"product_cat-textile-tester","8":"product_cat-impact-tester","9":"product_cat-package-container-testers","10":"product_cat-paper-and-board-testers","11":"product_cat-pharma-and-medical-testers","12":"product_cat-plastic-packaging-testers","13":"product_cat-products","14":"desktop-align-left","15":"tablet-align-left","16":"mobile-align-left","18":"first","19":"instock","20":"shipping-taxable","21":"product-type-simple"},"_links":{"self":[{"href":"https:\/\/www.qualitester.com\/da\/wp-json\/wp\/v2\/product\/5309","targetHints":{"allow":["GET"]}}],"collection":[{"href":"https:\/\/www.qualitester.com\/da\/wp-json\/wp\/v2\/product"}],"about":[{"href":"https:\/\/www.qualitester.com\/da\/wp-json\/wp\/v2\/types\/product"}],"replies":[{"embeddable":true,"href":"https:\/\/www.qualitester.com\/da\/wp-json\/wp\/v2\/comments?post=5309"}],"version-history":[{"count":0,"href":"https:\/\/www.qualitester.com\/da\/wp-json\/wp\/v2\/product\/5309\/revisions"}],"wp:featuredmedia":[{"embeddable":true,"href":"https:\/\/www.qualitester.com\/da\/wp-json\/wp\/v2\/media\/6147"}],"wp:attachment":[{"href":"https:\/\/www.qualitester.com\/da\/wp-json\/wp\/v2\/media?parent=5309"}],"wp:term":[{"taxonomy":"product_cat","embeddable":true,"href":"https:\/\/www.qualitester.com\/da\/wp-json\/wp\/v2\/product_cat?post=5309"},{"taxonomy":"product_tag","embeddable":true,"href":"https:\/\/www.qualitester.com\/da\/wp-json\/wp\/v2\/product_tag?post=5309"}],"curies":[{"name":"wp","href":"https:\/\/api.w.org\/{rel}","templated":true}]}}