{"id":5301,"date":"2024-11-12T16:58:37","date_gmt":"2024-11-12T08:58:37","guid":{"rendered":"https:\/\/www.qualitester.com\/?post_type=product&#038;p=5301"},"modified":"2024-12-05T11:16:30","modified_gmt":"2024-12-05T03:16:30","slug":"sale-paper-tearing-tester-manufacturer","status":"publish","type":"product","link":"https:\/\/www.qualitester.com\/da\/vare\/sale-paper-tearing-tester-manufacturer\/","title":{"rendered":"SLD-02 Test til afrivning"},"content":{"rendered":"<h2><strong>Introduktion af papirrivningstester<\/strong><\/h2>\n<p>Den <strong>SLD-02 Test til at rive papir over<\/strong> fra Cell Instruments er designet til at levere pr\u00e6cise, p\u00e5lidelige m\u00e5linger af rivestyrke p\u00e5 tv\u00e6rs af en lang r\u00e6kke materialer, herunder papir, pap, tekstiler, l\u00e6der og plastfilm. Bygget med avancerede funktioner og i overensstemmelse med f\u00f8rende industristandarder, herunder <strong>ASTM D689<\/strong>, Denne tester er vigtig for industrier, der prioriterer kvalitetskontrol, fra emballage og trykning til medicinsk udstyr og forbrugsvarer. Med dette v\u00e6rkt\u00f8j kan du sikre, at dine materialer opfylder strenge krav til rivestyrke, hvilket hj\u00e6lper med at opretholde produktets holdbarhed og kvalitet.<\/p>\n<h2><strong>De vigtigste funktioner i SLD-02 Paper Tearing Tester<\/strong><\/h2>\n<ul>\n<li><strong>Bred anvendelse<\/strong>: SLD-02 Paper Tearing Tester g\u00e5r videre end test af papir og pap og tilbyder test af rivestyrke for arkmaterialer som tekstiler, l\u00e6der, plastfilm og endda metalfolier, hvilket g\u00f8r den ideel til forskellige kvalitetskontrolopgaver.<\/li>\n<li><strong>Innovativt design<\/strong>: SLD-02 er konstrueret med henblik p\u00e5 n\u00f8jagtighed og har en pendulmekanisme og et pneumatisk fastsp\u00e6ndingssystem, der sikrer ensartede, gentagelige resultater.<\/li>\n<li><strong>Tekniske specifikationer<\/strong>: Dette instrument har en r\u00e6kke funktioner, der forbedrer dets p\u00e5lidelighed og brugervenlighed:\n<ul>\n<li><strong>K\u00e6be bredde<\/strong>: 74,8 mm, velegnet til pr\u00f8vest\u00f8rrelser p\u00e5 63\u00d776 mm eller 63\u00d750 mm.<\/li>\n<li><strong>Automatisk nulstilling<\/strong>: Efter hver test nulstilles pendulet automatisk, hvilket forenkler testprocessen.<\/li>\n<li><strong>Brugervenlig gr\u00e6nseflade<\/strong>: Den 5-tommer store farveber\u00f8ringssk\u00e6rm har en enkel og intuitiv brugerflade, som giver en smidig betjening.<\/li>\n<li><strong>Pneumatisk fastsp\u00e6nding af pr\u00f8ver<\/strong>: Reducerer menneskelige fejl og sikrer ensartet pr\u00f8veplacering.<\/li>\n<li><strong>Flere pendulkapaciteter<\/strong>: Forskellige kapaciteter giver mulighed for en r\u00e6kke testapplikationer, der passer til forskellige materialetyper og styrker.<\/li>\n<li><strong>Luftfilter\/regulator<\/strong>: Bevarer komponenternes integritet og forl\u00e6nger testerens levetid ved at filtrere urenheder i luften.<\/li>\n<\/ul>\n<\/li>\n<\/ul>\n<h2><strong>S\u00e5dan fungerer papirrivningstesteren<\/strong><\/h2>\n<ul>\n<li><strong>Testproces<\/strong>: SLD-02 Paper Tearing Tester fungerer med en pr\u00e6cis mekanisme, der leverer standardiseret rivetest:\n<ol>\n<li>En sk\u00e6rekniv laver en spalte p\u00e5 43 mm fra den yderste kant af pr\u00f8ven.<\/li>\n<li>N\u00e5r pendulmekanismen udl\u00f8ses, bruger den tyngdekraften til at sprede spalten og rive pr\u00f8ven over i den resterende l\u00e6ngde.<\/li>\n<li>Den energi, der g\u00e5r tabt under denne proces, m\u00e5les og bruges til at beregne pr\u00f8vens gennemsnitlige rivekraft, hvilket giver en p\u00e5lidelig v\u00e6rdi for rivefasthed.<\/li>\n<\/ol>\n<\/li>\n<\/ul>\n<h2><strong>Overholdelse af vigtige standarder (herunder ASTM D689)<\/strong><\/h2>\n<ul>\n<li><strong>Oversigt over standarder<\/strong>: SLD-02 Tear Tester er i overensstemmelse med en r\u00e6kke internationale standarder, hvilket sikrer, at den opfylder strenge testkrav:\n<ul>\n<li><a href=\"https:\/\/www.astm.org\/d1922-15r20.html\" target=\"_blank\" rel=\"noopener nofollow\"><strong>ASTM D1922<\/strong><\/a>: Test af plastens rivestyrke.<\/li>\n<li><a href=\"https:\/\/www.astm.org\/d1424-09r19.html\" target=\"_blank\" rel=\"noopener nofollow\"><strong>ASTM D1424<\/strong><\/a>: Standard for m\u00e5ling af tekstilers rivestyrke.<\/li>\n<li><a href=\"https:\/\/www.astm.org\/d0689-17.html\" target=\"_blank\" rel=\"noopener nofollow\"><strong>ASTM D689<\/strong><\/a>: En specifik standard til m\u00e5ling af papir og paps rivestyrke, som er afg\u00f8rende for kvalitetskontrol af emballage.<\/li>\n<li><strong>ISO 6383 &amp; ISO 1974<\/strong>: Internationale standarder for rivestyrke.<\/li>\n<li><strong>TAPPI T414<\/strong>: Standard for test af papirets rivestyrke, som er meget udbredt i papirindustrien.<\/li>\n<\/ul>\n<\/li>\n<li><strong>Fokus p\u00e5 ASTM D689<\/strong>: ASTM D689 er en vigtig standard for m\u00e5ling af rivstyrke i papir- og papmaterialer, der sikrer, at produkter som emballage opfylder kvalitetskravene. Denne standard beskriver specifikke metoder til test af rivestyrke, hvilket \u00f8ger n\u00f8jagtigheden og p\u00e5lideligheden, is\u00e6r i forbindelse med kvalitetskontrol. Ved at opfylde ASTM D689 giver SLD-02 resultater, du kan stole p\u00e5, og g\u00f8r det lettere at overholde branchens normer.<\/li>\n<\/ul>\n<h2><strong>Tekniske parametre for papirrivningstesteren<\/strong><\/h2>\n<table>\n<tbody>\n<tr>\n<td style=\"text-align: center;\" width=\"167\">Testomr\u00e5de (mN)<\/td>\n<td style=\"text-align: center;\" width=\"167\">10~8000,8000~16000<\/td>\n<\/tr>\n<tr>\n<td style=\"text-align: center;\" width=\"167\">Gaskilde<\/td>\n<td style=\"text-align: center;\" width=\"167\">0,6 MPa<\/td>\n<\/tr>\n<tr>\n<td style=\"text-align: center;\" width=\"167\">Rivearm<\/td>\n<td style=\"text-align: center;\" width=\"167\">104 \u00b1 1 mm<\/td>\n<\/tr>\n<tr>\n<td style=\"text-align: center;\" width=\"167\">Afrivning af indledende vinkel<\/td>\n<td style=\"text-align: center;\" width=\"167\">27.5 \u00b10.5\u00b0<\/td>\n<\/tr>\n<tr>\n<td style=\"text-align: center;\" width=\"167\">N\u00f8jagtighed<\/td>\n<td style=\"text-align: center;\" width=\"167\">0,01 mN<\/td>\n<\/tr>\n<tr>\n<td style=\"text-align: center;\" width=\"167\">Sk\u00e6ring af spalte<\/td>\n<td style=\"text-align: center;\" width=\"167\">20 mm<\/td>\n<\/tr>\n<tr>\n<td style=\"text-align: center;\" width=\"167\">Klemmeoverflade<\/td>\n<td style=\"text-align: center;\" width=\"167\">\u226525*15mm<\/td>\n<\/tr>\n<tr>\n<td style=\"text-align: center;\" width=\"167\">Stikpr\u00f8vens st\u00f8rrelse<\/td>\n<td style=\"text-align: center;\" width=\"167\">63*50mm<\/td>\n<\/tr>\n<tr>\n<td style=\"text-align: center;\" width=\"167\">Klemmens tykkelse<\/td>\n<td style=\"text-align: center;\" width=\"167\">2,8 \u00b1 0,3 mm<\/td>\n<\/tr>\n<tr>\n<td style=\"text-align: center;\" width=\"167\">Kraft<\/td>\n<td style=\"text-align: center;\" width=\"167\">220V 50 Hz<\/td>\n<\/tr>\n<\/tbody>\n<\/table>\n<h2><strong>Fordele ved SLD-02 Paper Tearing Tester<\/strong><\/h2>\n<ul>\n<li><strong>Forbedret p\u00e5lidelighed<\/strong>: Det pneumatiske sp\u00e6ndesystem minimerer fejl fra manuel h\u00e5ndtering, hvilket f\u00f8rer til ensartede, n\u00f8jagtige resultater.<\/li>\n<li><strong>Brugervenligt design<\/strong>: Den 5-tommer store ber\u00f8ringssk\u00e6rm forenkler betjeningen og giver en intuitiv brugeroplevelse, der underst\u00f8tter effektiv testning.<\/li>\n<li><strong>Fleksible testmuligheder<\/strong>: Flere pendulkapaciteter g\u00f8r det muligt at teste forskellige materialer, fra let papir til robuste tekstiler og film.<\/li>\n<li><strong>Holdbarhed og vedligeholdelse<\/strong>: Et integreret luftfilter og en regulator forl\u00e6nger de pneumatiske komponenters levetid og reducerer nedetid og vedligeholdelsesomkostninger.<\/li>\n<\/ul>\n<h2><strong>Anvendelser af papirrivningstesteren<\/strong><\/h2>\n<p>SLD-02 Paper Tearing Tester anvendes i forskellige brancher, hvor rivestyrke er en kritisk kvalitetsfaktor:<\/p>\n<ul>\n<li><strong>Emballage<\/strong>: Sikrer, at papir- og papemballage er holdbar nok til transport og h\u00e5ndtering.<\/li>\n<li><strong>Medicinsk og farmaceutisk<\/strong>: Underst\u00f8tter h\u00f8je standarder for emballagematerialer for at sikre produktintegritet.<\/li>\n<li><strong>Tekstiler og plast<\/strong>: Kontrollerer rivestyrken af tekstiler, l\u00e6der og plastfilm og opretholder kvalitetsstandarder p\u00e5 tv\u00e6rs af fremstillingsprocesser.<\/li>\n<li><strong>Agenturer for kvalitetskontrol<\/strong>: Giver n\u00f8jagtige t\u00e5rem\u00e5linger og hj\u00e6lper organisationer med at overholde lovm\u00e6ssige standarder for materialestyrke og p\u00e5lidelighed.<\/li>\n<\/ul>\n<h2><strong>Ofte stillede sp\u00f8rgsm\u00e5l om papirrivningstesteren og ASTM D689<\/strong><\/h2>\n<ol>\n<li><strong>Hvad er ASTM D689, og hvorfor er den vigtig for rivetest?<\/strong><br \/>\n<a href=\"https:\/\/www.qualitester.com\/da\/vare-kategori\/astm\/astm-d689\/\">ASTM D689<\/a> er en standard, der definerer testmetoder til m\u00e5ling af papir og paps rivestyrke. Den sikrer, at testresultaterne er ensartede og p\u00e5lidelige, hvilket er afg\u00f8rende for kvalitetskontrollen i industrier, der er afh\u00e6ngige af rivefast emballage.<\/li>\n<li><strong>Hvordan forbedrer det pneumatiske fastsp\u00e6ndingssystem testn\u00f8jagtigheden?<\/strong><br \/>\nVed at fastg\u00f8re pr\u00f8verne pneumatisk reducerer SLD-02 variationen i den menneskelige h\u00e5ndtering og giver et stabilt greb, der forhindrer udskridning og sikrer ensartede, n\u00f8jagtige testresultater.<\/li>\n<li><strong>Kan SLD-02-testmaterialerne v\u00e6re andet end papir?<\/strong><br \/>\nJa, SLD-02 er alsidig nok til at teste forskellige arkmaterialer, herunder tekstiler, l\u00e6der og plastfilm, hvilket im\u00f8dekommer en bred vifte af kvalitetskontrolbehov.<\/li>\n<li><strong>Hvad er betydningen af flere pendulkapaciteter?<\/strong><br \/>\nForskellige pendulkapaciteter g\u00f8r det muligt for SLD-02 at h\u00e5ndtere materialer med forskellig rivestyrke, hvilket giver fleksibilitet til test af b\u00e5de lette og tunge materialer.<\/li>\n<li><strong>Hvordan overholder SLD-02 andre standarder ud over ASTM D689?<\/strong><br \/>\nUd over ASTM D689 opfylder den ASTM D1922 for plast, ASTM D1424 for tekstiler, ISO-standarder og TAPPI T414, hvilket sikrer, at den er velegnet til international kvalitetskontrol.<\/li>\n<\/ol>","protected":false},"excerpt":{"rendered":"<p>Den <strong>SLD-02 Test til at rive papir over<\/strong> fra Cell Instruments er designet til at levere pr\u00e6cise, p\u00e5lidelige m\u00e5linger af rivestyrke p\u00e5 tv\u00e6rs af en lang r\u00e6kke materialer, herunder papir, pap, tekstiler, l\u00e6der og plastfilm. Bygget med avancerede funktioner og i overensstemmelse med f\u00f8rende industristandarder, herunder <strong>ASTM D689<\/strong>, Denne tester er vigtig for industrier, der prioriterer kvalitetskontrol, fra emballage og trykning til medicinsk udstyr og forbrugsvarer. Med dette v\u00e6rkt\u00f8j kan du sikre, at dine materialer opfylder strenge krav til rivestyrke, hvilket hj\u00e6lper med at opretholde produktets holdbarhed og kvalitet.<\/p>","protected":false},"featured_media":6197,"comment_status":"closed","ping_status":"closed","template":"","meta":{"site-sidebar-layout":"default","site-content-layout":"default","ast-global-header-display":"","ast-main-header-display":"","ast-hfb-above-header-display":"","ast-hfb-below-header-display":"","ast-hfb-mobile-header-display":"","site-post-title":"","ast-breadcrumbs-content":"","ast-featured-img":"","footer-sml-layout":"","theme-transparent-header-meta":"default","adv-header-id-meta":"","stick-header-meta":"","header-above-stick-meta":"","header-main-stick-meta":"","header-below-stick-meta":""},"product_cat":[845,953,956,955,954,957,958,952,959,1154,680,44,16,119,121,137,159,165,95],"product_tag":[],"class_list":{"0":"post-5301","1":"product","2":"type-product","3":"status-publish","4":"has-post-thumbnail","6":"product_cat-customization","7":"product_cat-bursting-tester","8":"product_cat-cobb-tester","9":"product_cat-crush-tester","10":"product_cat-paper-tear-tester","11":"product_cat-plybond-tester","12":"product_cat-puncture-tester","13":"product_cat-rub-tester","14":"product_cat-stiffness-tester","15":"product_cat-tappi-t414","16":"product_cat-tear-tester","17":"product_cat-paper-and-board-testers","18":"product_cat-plastic-packaging-testers","19":"product_cat-astm-d1424","20":"product_cat-astm-d1922","21":"product_cat-astm-d689","22":"product_cat-iso-1974","23":"product_cat-iso-6383","24":"product_cat-products","25":"desktop-align-left","26":"tablet-align-left","27":"mobile-align-left","29":"first","30":"instock","31":"shipping-taxable","32":"product-type-simple"},"_links":{"self":[{"href":"https:\/\/www.qualitester.com\/da\/wp-json\/wp\/v2\/product\/5301","targetHints":{"allow":["GET"]}}],"collection":[{"href":"https:\/\/www.qualitester.com\/da\/wp-json\/wp\/v2\/product"}],"about":[{"href":"https:\/\/www.qualitester.com\/da\/wp-json\/wp\/v2\/types\/product"}],"replies":[{"embeddable":true,"href":"https:\/\/www.qualitester.com\/da\/wp-json\/wp\/v2\/comments?post=5301"}],"version-history":[{"count":0,"href":"https:\/\/www.qualitester.com\/da\/wp-json\/wp\/v2\/product\/5301\/revisions"}],"wp:featuredmedia":[{"embeddable":true,"href":"https:\/\/www.qualitester.com\/da\/wp-json\/wp\/v2\/media\/6197"}],"wp:attachment":[{"href":"https:\/\/www.qualitester.com\/da\/wp-json\/wp\/v2\/media?parent=5301"}],"wp:term":[{"taxonomy":"product_cat","embeddable":true,"href":"https:\/\/www.qualitester.com\/da\/wp-json\/wp\/v2\/product_cat?post=5301"},{"taxonomy":"product_tag","embeddable":true,"href":"https:\/\/www.qualitester.com\/da\/wp-json\/wp\/v2\/product_tag?post=5301"}],"curies":[{"name":"wp","href":"https:\/\/api.w.org\/{rel}","templated":true}]}}