{"id":5289,"date":"2024-11-13T09:14:26","date_gmt":"2024-11-13T01:14:26","guid":{"rendered":"https:\/\/www.qualitester.com\/?post_type=product&#038;p=5289"},"modified":"2024-12-04T16:29:42","modified_gmt":"2024-12-04T08:29:42","slug":"sale-vertical-motorized-test-stand","status":"publish","type":"product","link":"https:\/\/www.qualitester.com\/da\/vare\/sale-vertical-motorized-test-stand\/","title":{"rendered":"DTS-01 Lodret motoriseret teststand"},"content":{"rendered":"<h2><strong>Oversigt over den lodrette motoriserede teststand<\/strong><\/h2>\n<p>Den <strong>Lodret motoriseret teststand (DTS-01)<\/strong> er et h\u00f8jpr\u00e6cisions testinstrument, der er designet til at levere p\u00e5lidelige og pr\u00e6cise testresultater for materialestyrke og holdbarhed. Denne teststand er bygget med en robust dobbeltpolet struktur, der sikrer enest\u00e5ende stabilitet under testning, hvilket g\u00f8r den velegnet til kr\u00e6vende anvendelser p\u00e5 tv\u00e6rs af forskellige brancher. Med avancerede funktioner som trinl\u00f8s hastighedsregulering og to kontroltilstande - manuel (jog) og automatisk - er dette stativ alsidigt, nemt at betjene og kan tilpasses en r\u00e6kke testscenarier.<\/p>\n<h2><strong>Anvendelser af den lodrette motoriserede teststand<\/strong><\/h2>\n<p>DTS-01 Vertical Motorized Test Stand er ideel til en bred vifte af testopgaver, is\u00e6r:<\/p>\n<ul>\n<li><strong>Tr\u00e6kpr\u00f8vning af materialer<\/strong>: Dette stativ er specielt designet til at underst\u00f8tte tr\u00e6kpr\u00f8vning af materialer og muligg\u00f8r pr\u00e6cise m\u00e5linger af tr\u00e6kstyrke, forl\u00e6ngelse og elasticitet. Det giver vigtige data om et materiales ydeevne under belastning, hvilket er afg\u00f8rende for kvalitetskontrol og overholdelse.<\/li>\n<li><strong>Andre testapplikationer<\/strong>: Ud over tr\u00e6ktest kan DTS-01 udf\u00f8re push-pull-belastningstest, plug-in- og pull-out-kraftm\u00e5linger og skadetest. Dens alsidighed g\u00f8r den til et v\u00e6rdifuldt v\u00e6rkt\u00f8j p\u00e5 tv\u00e6rs af brancher, herunder gummi, plast, lette industrielle tekstiler, byggematerialer, bildele, kraftmaskiner og videnskabelig forskning.<\/li>\n<\/ul>\n<h2><strong>Tekniske specifikationer og funktioner<\/strong><\/h2>\n<p>DTS-01 er konstrueret til at give optimal funktionalitet og brugervenlighed:<\/p>\n<ul>\n<li><strong>Robust struktur og stabilitet<\/strong>: Med sit dobbeltpolede design og geartransmissionssystem opretholder teststanden stabil drift under hele testproceduren, hvilket sikrer n\u00f8jagtighed og repeterbarhed i resultaterne.<\/li>\n<li><strong>Intuitive kontrolfunktioner<\/strong>: DTS-01 leveres med et tilg\u00e6ngeligt kontrolpanel for nem betjening:\n<ul>\n<li><strong>Str\u00f8mafbryder<\/strong>: Aktiverer str\u00f8mmen, hvilket indikeres af et lys p\u00e5 t\u00e6llerdisplayet.<\/li>\n<li><strong>Knap til justering af hastighed<\/strong>: Giver mulighed for problemfri hastighedskontrol inden for et omr\u00e5de p\u00e5 60 til 500 mm\/min, hvilket g\u00f8r det muligt for operat\u00f8rerne at skr\u00e6ddersy testhastigheden ud fra specifikke testkrav.<\/li>\n<li><strong>UP\/STOP\/DOWN-knapper<\/strong>: Giver pr\u00e6cis bev\u00e6gelse af kraftm\u00e5leren i begge retninger, hvilket muligg\u00f8r n\u00f8jagtig kraftanvendelse.<\/li>\n<li><strong>Manuel\/automatisk omskiftning<\/strong>: \u00d8ger fleksibiliteten ved at give operat\u00f8rerne mulighed for at v\u00e6lge mellem manuel og automatisk styring, afh\u00e6ngigt af testbehovet.<\/li>\n<\/ul>\n<\/li>\n<li><strong>Tilpasning og kompatibilitet<\/strong>: DTS-01 er designet til at fungere med en r\u00e6kke forskellige armaturer og kraftm\u00e5lere og kan nemt tilpasses til at opfylde specifikke testkrav, hvilket giver ekstra fleksibilitet til forskellige testscenarier.<\/li>\n<\/ul>\n<h2>Vigtigste parameter<\/h2>\n<table style=\"height: 141px;\" width=\"1173\">\n<tbody>\n<tr>\n<td style=\"text-align: center;\" width=\"125\">Maksimal belastning<\/td>\n<td style=\"text-align: center;\" colspan=\"3\" rowspan=\"1\" width=\"228\">500N<\/td>\n<td style=\"text-align: center;\" colspan=\"3\" rowspan=\"1\" width=\"228\">1000N<\/td>\n<\/tr>\n<tr>\n<td style=\"text-align: center;\" width=\"125\">Effektiv Stoke<\/td>\n<td style=\"text-align: center;\" width=\"73\">200 mm<\/td>\n<td style=\"text-align: center;\" width=\"73\">400 mm<\/td>\n<td style=\"text-align: center;\" width=\"82\">700 mm<\/td>\n<td style=\"text-align: center;\" width=\"82\">200 mm<\/td>\n<td style=\"text-align: center;\" width=\"73\">400 mm<\/td>\n<td style=\"text-align: center;\" width=\"73\">700 mm<\/td>\n<\/tr>\n<tr>\n<td style=\"text-align: center;\" width=\"125\">Dimension cm<\/td>\n<td style=\"text-align: center;\" width=\"73\">28*34*78<\/td>\n<td style=\"text-align: center;\" width=\"73\">28*34*98<\/td>\n<td style=\"text-align: center;\" width=\"82\">28*34*127<\/td>\n<td style=\"text-align: center;\" width=\"82\">28*34*127<\/td>\n<td style=\"text-align: center;\" width=\"73\">28*34*78<\/td>\n<td style=\"text-align: center;\" width=\"73\">28*34*98<\/td>\n<\/tr>\n<tr>\n<td style=\"text-align: center;\" width=\"125\">Nettov\u00e6gt<\/td>\n<td style=\"text-align: center;\" width=\"73\">38 KG<\/td>\n<td style=\"text-align: center;\" width=\"73\">40 KG<\/td>\n<td style=\"text-align: center;\" width=\"82\">42 KG<\/td>\n<td style=\"text-align: center;\" width=\"82\">42 KG<\/td>\n<td style=\"text-align: center;\" width=\"73\">38 KG<\/td>\n<td style=\"text-align: center;\" width=\"73\">40 KG<\/td>\n<\/tr>\n<tr>\n<td style=\"text-align: center;\" width=\"125\">Test hastighed<\/td>\n<td style=\"text-align: center;\" colspan=\"6\" rowspan=\"1\" width=\"456\">70~270mm\/min<\/td>\n<\/tr>\n<tr>\n<td style=\"text-align: center;\" width=\"125\">Kraft<\/td>\n<td style=\"text-align: center;\" colspan=\"6\" rowspan=\"1\" width=\"456\">AC110\/220V<\/td>\n<\/tr>\n<\/tbody>\n<\/table>\n<h2><strong>Installations- og monteringsproces for kraftm\u00e5leren<\/strong><\/h2>\n<p>Det er nemt at montere kraftm\u00e5leren p\u00e5 DTS-01, s\u00e5 den sidder godt fast og giver n\u00f8jagtige testresultater. F\u00f8lg disse trin til installation:<\/p>\n<ol>\n<li>S\u00e6t fire M6-skruer i de angivne \u03c66.2-huller i den faste blok, og anbring skiver i hver gevindretning.<\/li>\n<li>Sp\u00e6nd skruerne for at fastg\u00f8re kraftm\u00e5leren til monteringspladen. Monteringspladen har to s\u00e6t monteringshuller (30\u00d7145 mm og 40\u00d790 mm), s\u00e5 den passer til forskellige m\u00e5lerkonfigurationer.<\/li>\n<\/ol>\n<h2><strong>Tr\u00e6kpr\u00f8vning af materialer: Testmetoder og standarder<\/strong><\/h2>\n<p>Tr\u00e6kpr\u00f8vning af materialer er afg\u00f8rende for at vurdere et materiales styrke, elasticitet og generelle holdbarhed. DTS-01 Vertical Motorized Test Stand udf\u00f8rer tr\u00e6ktest ved at p\u00e5f\u00f8re en pr\u00e6cis og kontrolleret kraft og registrere m\u00e5linger, der viser, hvordan et materiale reagerer p\u00e5 str\u00e6k- eller tr\u00e6kkr\u00e6fter.<\/p>\n<h3><strong>Testmetode<\/strong><\/h3>\n<p>Tr\u00e6kpr\u00f8vningsprocessen omfatter generelt forberedelse af materialepr\u00f8ven, fastg\u00f8relse af den til pr\u00f8vestanden, p\u00e5f\u00f8ring af kraft gennem kraftm\u00e5leren og registrering af data. Hastigheden og den anvendte kraft kan justeres, s\u00e5 den passer til materialespecifikationerne, hvilket sikrer, at resultaterne er n\u00f8jagtige og repr\u00e6sentative for ydeevnen i den virkelige verden.<\/p>\n<h3><strong>Relevante standarder<\/strong><\/h3>\n<p>F\u00f8lgende ASTM-standarder f\u00f8lges almindeligvis ved tr\u00e6kpr\u00f8vning, og hver af dem specificerer retningslinjer for forskellige materialetyper:<\/p>\n<ul>\n<li><strong>ASTM D638<\/strong>: Standardtestmetode for tr\u00e6kstyrkeegenskaber for plast, der beskriver procedurer for bestemmelse af tr\u00e6kstyrke, forl\u00e6ngelse og modul.<\/li>\n<li><strong>ASTM D882<\/strong>: Vedr\u00f8rer tynde plastfolier og beskriver metoder til evaluering af tr\u00e6kstyrkeegenskaberne for plastfolier og -plader.<\/li>\n<li><strong>ASTM D412<\/strong>: Specificerer testprocedurer for gummi og elastomermaterialer, herunder metoder til m\u00e5ling af tr\u00e6kstyrke, forl\u00e6ngelse og sp\u00e6nding.<\/li>\n<\/ul>\n<h3><strong>Tekniske fordele ved den lodrette motoriserede teststand<\/strong><\/h3>\n<ul>\n<li><strong>Forbedret pr\u00e6cision og stabilitet<\/strong>: Med funktioner som geartransmission og trinl\u00f8s hastighedsregulering leverer DTS-01 h\u00f8j n\u00f8jagtighed og underst\u00f8tter strenge testkrav.<\/li>\n<li><strong>Brugervenlig betjening<\/strong>: Operat\u00f8rerne kan nemt skifte mellem manuel og automatisk tilstand og justere testhastigheden, hvilket forenkler testprocessen og sikrer fleksibel kontrol over testforholdene.<\/li>\n<\/ul>\n<h3><strong>Anbefalede anvendelser p\u00e5 tv\u00e6rs af brancher<\/strong><\/h3>\n<p>P\u00e5 grund af sin alsidighed bruges DTS-01 p\u00e5 tv\u00e6rs af mange sektorer, herunder:<\/p>\n<ul>\n<li><strong>Emballage og kvalitetskontrol<\/strong>: Ideel til at sikre produktets holdbarhed og overensstemmelse i emballagematerialer.<\/li>\n<li><strong>Biler og elektronik<\/strong>: Bruges til at teste komponenters styrke og fleksibilitet i bildele og elektroniske enheder.<\/li>\n<li><strong>Farmaceutiske produkter og f\u00f8devarer<\/strong>: Sikrer, at materialerne lever op til de lovgivningsm\u00e6ssige standarder for emballage til l\u00e6gemidler og f\u00f8devarer.<\/li>\n<li><strong>Tekstiler og kl\u00e6bemidler<\/strong>: Bruges til at evaluere materialers ydeevne til tekstilproduktion og kl\u00e6beprodukter.<\/li>\n<\/ul>\n<h3><strong>Ofte stillede sp\u00f8rgsm\u00e5l (FAQ)<\/strong><\/h3>\n<ol>\n<li><strong>Hvilke typer test kan den lodrette motoriserede teststand udf\u00f8re?<\/strong><br \/>\nTeststanden kan udf\u00f8re materialetr\u00e6kpr\u00f8vninger, push-pull-belastningstests, plug-in- og pull-out-tests og beskadigelsestests p\u00e5 tv\u00e6rs af forskellige materialer.<\/li>\n<li><strong>Hvordan justeres hastigheden p\u00e5 teststanden?<\/strong><br \/>\nHastighedsjusteringsknappen p\u00e5 kontrolpanelet giver brugerne mulighed for at indstille kraftm\u00e5lerens bev\u00e6gelseshastighed mellem 60 og 500 mm\/min for at opn\u00e5 optimale testforhold.<\/li>\n<li><strong>Hvilke brancher har mest gavn af denne pr\u00f8vestand?<\/strong><br \/>\nIndustrier som emballage, bilindustrien, f\u00f8devarer, l\u00e6gemidler, kl\u00e6bemidler og tekstiler bruger ofte dette stativ til kvalitetskontrol og overensstemmelsestest.<\/li>\n<li><strong>Er det lodrette motoriserede teststativ kompatibelt med forskellige kraftm\u00e5lere?<\/strong><br \/>\nJa, DTS-01 er kompatibel med en r\u00e6kke kraftm\u00e5lere og fiksturer, hvilket giver mulighed for tilpasning baseret p\u00e5 testkrav.<\/li>\n<li><strong>Hvordan forbedrer den manuelle\/automatiske skiftefunktion testens fleksibilitet?<\/strong><br \/>\nDen manuelle\/automatiske kontakt giver brugerne mulighed for at v\u00e6lge den kontroltilstand, der passer bedst til deres testbehov, hvad enten det drejer sig om pr\u00e6cise manuelle justeringer eller automatisk, h\u00e5ndfri testning.<\/li>\n<\/ol>","protected":false},"excerpt":{"rendered":"<p>Den <strong>Lodret motoriseret teststand (DTS-01)<\/strong> er et h\u00f8jpr\u00e6cisions testinstrument, der er designet til at levere p\u00e5lidelige og pr\u00e6cise testresultater for materialestyrke og holdbarhed. Denne teststand er bygget med en robust dobbeltpolet struktur, der sikrer enest\u00e5ende stabilitet under testning, hvilket g\u00f8r den velegnet til kr\u00e6vende anvendelser p\u00e5 tv\u00e6rs af forskellige brancher. Med avancerede funktioner som trinl\u00f8s hastighedsregulering og to kontroltilstande - manuel (jog) og automatisk - er dette stativ alsidigt, nemt at betjene og kan tilpasses en r\u00e6kke testscenarier.<\/p>","protected":false},"featured_media":6146,"comment_status":"closed","ping_status":"closed","template":"","meta":{"site-sidebar-layout":"default","site-content-layout":"default","ast-global-header-display":"","ast-main-header-display":"","ast-hfb-above-header-display":"","ast-hfb-below-header-display":"","ast-hfb-mobile-header-display":"","site-post-title":"","ast-breadcrumbs-content":"","ast-featured-img":"","footer-sml-layout":"","theme-transparent-header-meta":"default","adv-header-id-meta":"","stick-header-meta":"","header-above-stick-meta":"","header-main-stick-meta":"","header-below-stick-meta":""},"product_cat":[845,938,679,673,17,44,149,16,95],"product_tag":[],"class_list":{"0":"post-5289","1":"product","2":"type-product","3":"status-publish","4":"has-post-thumbnail","6":"product_cat-customization","7":"product_cat-textile-tester","8":"product_cat-tensile-tester","9":"product_cat-adhesive-tester","10":"product_cat-package-container-testers","11":"product_cat-paper-and-board-testers","12":"product_cat-pharma-and-medical-testers","13":"product_cat-plastic-packaging-testers","14":"product_cat-products","15":"desktop-align-left","16":"tablet-align-left","17":"mobile-align-left","19":"first","20":"instock","21":"shipping-taxable","22":"product-type-simple"},"_links":{"self":[{"href":"https:\/\/www.qualitester.com\/da\/wp-json\/wp\/v2\/product\/5289","targetHints":{"allow":["GET"]}}],"collection":[{"href":"https:\/\/www.qualitester.com\/da\/wp-json\/wp\/v2\/product"}],"about":[{"href":"https:\/\/www.qualitester.com\/da\/wp-json\/wp\/v2\/types\/product"}],"replies":[{"embeddable":true,"href":"https:\/\/www.qualitester.com\/da\/wp-json\/wp\/v2\/comments?post=5289"}],"version-history":[{"count":0,"href":"https:\/\/www.qualitester.com\/da\/wp-json\/wp\/v2\/product\/5289\/revisions"}],"wp:featuredmedia":[{"embeddable":true,"href":"https:\/\/www.qualitester.com\/da\/wp-json\/wp\/v2\/media\/6146"}],"wp:attachment":[{"href":"https:\/\/www.qualitester.com\/da\/wp-json\/wp\/v2\/media?parent=5289"}],"wp:term":[{"taxonomy":"product_cat","embeddable":true,"href":"https:\/\/www.qualitester.com\/da\/wp-json\/wp\/v2\/product_cat?post=5289"},{"taxonomy":"product_tag","embeddable":true,"href":"https:\/\/www.qualitester.com\/da\/wp-json\/wp\/v2\/product_tag?post=5289"}],"curies":[{"name":"wp","href":"https:\/\/api.w.org\/{rel}","templated":true}]}}