{"id":5275,"date":"2024-11-08T09:59:06","date_gmt":"2024-11-08T01:59:06","guid":{"rendered":"https:\/\/www.qualitester.com\/?post_type=product&#038;p=5275"},"modified":"2024-12-05T10:22:46","modified_gmt":"2024-12-05T02:22:46","slug":"sale-mit-folding-endurance-tester","status":"publish","type":"product","link":"https:\/\/www.qualitester.com\/da\/vare\/sale-mit-folding-endurance-tester\/","title":{"rendered":"NZD-01 MIT foldbar udholdenhedstester"},"content":{"rendered":"<h2>Introduktion til MIT Folding Endurance Tester<\/h2>\n<p>MIT Folding Endurance Tester, specifikt NZD-01-modellen, er et p\u00e5lideligt og pr\u00e6cist instrument, der er designet til at vurdere foldeudholdenheden af arkmaterialer, herunder papir, pap og tobaksark med tykkelser p\u00e5 op til 1,25 mm. Test af foldeudholdenhed er afg\u00f8rende for industrier, hvor materialer ofte b\u00f8jes og foldes, hvilket g\u00f8r det til et vigtigt v\u00e6rkt\u00f8j til kvalitetskontrol inden for emballage, papirproduktion og endda tekstil- og tobaksproduktion. NZD-01 MIT Folding Endurance Testers avancerede funktioner og overholdelse af internationale standarder g\u00f8r den til et ideelt valg for producenter og forskere med fokus p\u00e5 materialers holdbarhed.<\/p>\n<h2>Hvorfor MIT-foldeudholdenhedstest er vigtig i kvalitetssikring<\/h2>\n<p>Foldeudholdenhed er en kritisk indikator for et materiales evne til at modst\u00e5 gentagne b\u00f8jninger uden at revne eller blive sv\u00e6kket. MIT Folding Endurance Tester giver n\u00f8jagtige foldeudholdenhedsv\u00e6rdier, der afspejler et materiales holdbarhed. Materialer med h\u00f8jere foldeudholdenhedsv\u00e6rdier viser st\u00f8rre modstandsdygtighed over for foldestress, hvilket kan have stor indflydelse p\u00e5 slutprodukternes ydeevne og levetid. Ved at bruge MIT Folding Endurance Tester kan producenter tr\u00e6ffe datadrevne beslutninger om valg af materialer, der vil fungere godt i den virkelige verden.<\/p>\n<h2>Oversigt over ISO 5626-standarden: Sikring af ensartethed i foldetest<\/h2>\n<p>MIT Folding Endurance Tester er i overensstemmelse med <a href=\"https:\/\/www.iso.org\/standard\/11700.html\" target=\"_blank\" rel=\"noopener nofollow\"><strong>ISO 5626<\/strong><\/a>, en standard, der beskriver metoden til bestemmelse af papirets og relaterede materialers foldeudholdenhed. Denne internationale standard sikrer ensartethed i testprocedurer p\u00e5 tv\u00e6rs af brancher og fasts\u00e6tter retningslinjer for, hvordan man forbereder pr\u00f8ver, anvender foldesp\u00e6nding og m\u00e5ler foldeudholdenhed. Under <a href=\"https:\/\/www.qualitester.com\/da\/vare-kategori\/iso\/iso-5626\/\" target=\"_blank\" rel=\"noopener\">ISO 5626<\/a>, Pr\u00f8verne foldes dobbelt, indtil de n\u00e5r bristepunktet, og resultaterne viser materialets udholdenhed over for foldning. Ved at opfylde ISO 5626-standarderne hj\u00e6lper MIT Folding Endurance Tester virksomheder med at overholde globale testprotokoller og opretholde benchmarks af h\u00f8j kvalitet i deres materialer.<\/p>\n<h2>Testprincipper og betjening af MIT Folding Endurance Tester<\/h2>\n<p>Testproceduren begynder med en forsigtig fastsp\u00e6nding af pr\u00f8ven i instrumentets foldek\u00e6ber. Pr\u00f8ven holdes sikkert i \u00e9t plan, og der p\u00e5f\u00f8res sp\u00e6nding, typisk omkring 9,81 N, hvilket simulerer kr\u00e6fter p\u00e5 materialet i den virkelige verden. Foldehovedet bev\u00e6ger sig frem og tilbage og laver dobbeltfoldninger, indtil pr\u00f8ven kn\u00e6kker. N\u00e5r testen er f\u00e6rdig, stopper t\u00e6lleren automatisk og registrerer det antal dobbeltfoldninger, der skal til, f\u00f8r materialet g\u00e5r i stykker. Dette tal repr\u00e6senterer pr\u00f8vens foldeudholdenhed og giver afg\u00f8rende indsigt i dens holdbarhed under b\u00f8jningsstress.<\/p>\n<h2>Vigtige tekniske egenskaber ved MIT Folding Endurance Tester<\/h2>\n<ul>\n<li><strong>Justerbar foldehastighed:<\/strong> Giver brugerne mulighed for at indstille foldehastigheden til mellem 20 og 200 dobbeltfoldninger pr. minut, s\u00e5 der kan tages h\u00f8jde for forskellige materialer og testforhold.<\/li>\n<li><strong>Farvetouchscreen og mikroprinter:<\/strong> Den ber\u00f8ringsf\u00f8lsomme sk\u00e6rm giver en intuitiv brugergr\u00e6nseflade, mens den integrerede termoprinter genererer \u00f8jeblikkelige udskrifter af testresultater for nem registrering.<\/li>\n<li><strong>Forskellige foldehoveder:<\/strong> Udstyret med udskiftelige foldehoveder, hvilket g\u00f8r testeren alsidig nok til at h\u00e5ndtere en bred vifte af materialer med forskellige tykkelser og egenskaber.<\/li>\n<li><strong>Yderligere specifikationer:<\/strong> Andre vigtige parametre omfatter en foldevinkel p\u00e5 135\u00b0, en foldeudholdenhed p\u00e5 op til 99.999 foldninger og en justerbar pr\u00f8vesp\u00e6ndingskraft fra 4,91 N til 14,72 N, hvilket sikrer pr\u00e6cise og gentagelige resultater.<\/li>\n<\/ul>\n<h2>Overholdelse af yderligere standarder<\/h2>\n<p>Ud over ISO 5626 overholder MIT Folding Endurance Tester f\u00f8lgende standarder:<\/p>\n<ul>\n<li><strong>TAPPI T511:<\/strong> Amerikansk standard til vurdering af papir- og papmaterialers foldebestandighed.<\/li>\n<li><strong>GB\/T 457:<\/strong> En national standard i Kina til bestemmelse af papirets foldeudholdenhed.<\/li>\n<li><strong>QB\/T 1049:<\/strong> Yderligere regional standard, der bruges i materialetestning til specifikke kvalitetssikringsprotokoller.<\/li>\n<\/ul>\n<h2>Anvendelser af MIT Folding Endurance Tester<\/h2>\n<ul>\n<li><strong>Emballage- og papirindustrien:<\/strong> Testeren bruges i vid udstr\u00e6kning til at evaluere holdbarheden af materialer i emballage og papirprodukter for at sikre, at de lever op til branchens standarder for foldeholdbarhed.<\/li>\n<li><strong>Tobak og tekstiler:<\/strong> For tynde, specialiserede materialer som tobaksplader og tekstiler er denne tester medvirkende til at vurdere holdbarheden og sikre, at materialerne bevarer deres integritet under hyppig h\u00e5ndtering.<\/li>\n<li><strong>Forsknings- og udviklingslaboratorier:<\/strong> I R&amp;D hj\u00e6lper testeren med at evaluere materialer under simulerede brugsforhold, hvilket hj\u00e6lper producenterne med at forbedre produkternes ydeevne og v\u00e6lge de materialer, der er bedst egnet til deres applikationer.<\/li>\n<\/ul>\n<h2>Valgfri konfigurationer og tilbeh\u00f8r<\/h2>\n<p>MIT Folding Endurance Tester kan tilpasses med ekstra tilbeh\u00f8r for at opfylde specifikke testkrav:<\/p>\n<ul>\n<li><strong>Ikke-standardiserede k\u00e6ber:<\/strong> K\u00e6berne kan tilpasses unikke materialedimensioner og -former.<\/li>\n<li><strong>V\u00e6rkt\u00f8jer til kalibrering og vedligeholdelse:<\/strong> Vigtigt tilbeh\u00f8r til at holde instrumentet i topform og sikre ensartet n\u00f8jagtighed i testene.<\/li>\n<\/ul>\n<h2>Tekniske specifikationer for MIT Folding Endurance Tester (model NZD-01)<\/h2>\n<table>\n<tbody>\n<tr>\n<td width=\"349\">M\u00e5leomr\u00e5de<\/td>\n<td width=\"456\">\u00a01 \uff5e 99999 gange<\/td>\n<\/tr>\n<tr>\n<td width=\"349\">Udholdenhed ved foldning (logaritme)<\/td>\n<td width=\"456\">\u00a00\uff5e4.99<\/td>\n<\/tr>\n<tr>\n<td width=\"349\">Sammenklappelig vinkel<\/td>\n<td width=\"456\">\uff08135 \u00b1 2\uff09\u00b0<\/td>\n<\/tr>\n<tr>\n<td width=\"349\">Foldehastighed<\/td>\n<td width=\"456\">\uff08175\u00b110\uff09\u6b21\/\u5206\u949f<\/td>\n<\/tr>\n<tr>\n<td width=\"349\">Pr\u00f8vebredde<\/td>\n<td width=\"456\">\uff0815 \u00b1 0,1\uff09Mm<\/td>\n<\/tr>\n<tr>\n<td width=\"349\">Sp\u00e6ndingskraft<\/td>\n<td width=\"456\">\uff084.91\uff5e14.72\uff09N<\/td>\n<\/tr>\n<tr>\n<td width=\"349\">Foldning \u00c5bning Spr\u00e6kkeafstand<\/td>\n<td width=\"456\">0.25mm\/0.50mm\/0.75mm\/1.00mm\/1.25mm\uff08Choose One\uff09<\/td>\n<\/tr>\n<tr>\n<td width=\"349\">Buens radius af folden<\/td>\n<td width=\"456\">\uff080,38\u00b10,02\uff09Mm<\/td>\n<\/tr>\n<tr>\n<td width=\"349\">Sk\u00e6rm<\/td>\n<td width=\"456\">5\u201d ber\u00f8ringssk\u00e6rm<\/td>\n<\/tr>\n<tr>\n<td width=\"349\">Printer<\/td>\n<td width=\"456\">Modul\u00e6r integreret termisk printer<\/td>\n<\/tr>\n<tr>\n<td width=\"349\">Milj\u00f8<\/td>\n<td width=\"456\">Omgivende \uff0820 \u00b1 10\uff09 \u00b0C\uff1bRh \uff1c 85\uff05<\/td>\n<\/tr>\n<tr>\n<td width=\"349\">Kraft<\/td>\n<td width=\"456\">Ac220v, 50hz<\/td>\n<\/tr>\n<\/tbody>\n<\/table>\n<h2>FAQ-sektion<\/h2>\n<ol>\n<li><strong>Hvilke materialer kan MIT Folding Endurance Tester h\u00e5ndtere?<\/strong><br \/>\nTesteren er velegnet til tynde arkmaterialer som papir, pap og tobaksplader med en tykkelse p\u00e5 op til 1,25 mm.<\/li>\n<li><strong>Hvordan m\u00e5ler instrumentet foldeudholdenhed?<\/strong><br \/>\nTesteren udf\u00f8rer dobbeltfoldning, indtil pr\u00f8ven kn\u00e6kker, og registrerer antallet af foldninger som en indikator for foldningens udholdenhed.<\/li>\n<li><strong>Hvordan er ISO 5626 relevant for testen?<\/strong><br \/>\nISO 5626 specificerer den standardiserede metode til test af foldeudholdenhed, hvilket sikrer ensartede og sammenlignelige resultater p\u00e5 tv\u00e6rs af brancher.<\/li>\n<li><strong>Hvilke brancher har gavn af at bruge denne tester?<\/strong><br \/>\nIndustrier som emballage, papirfremstilling, tekstiler og tobak finder dette instrument v\u00e6rdifuldt til kvalitetskontrol og materialetest.<\/li>\n<li><strong>Kan jeg tilpasse foldehovedet til unikke materialer?<\/strong><br \/>\nJa, ikke-standardiserede k\u00e6ber og andre brugerdefinerede konfigurationer er tilg\u00e6ngelige for at im\u00f8dekomme specifikke behov for materialetest.<\/li>\n<\/ol>","protected":false},"excerpt":{"rendered":"<p>MIT Folding Endurance Tester, specifikt NZD-01-modellen, er et p\u00e5lideligt og pr\u00e6cist instrument, der er designet til at vurdere foldeudholdenheden af arkmaterialer, herunder papir, pap og tobaksark med tykkelser p\u00e5 op til 1,25 mm. Test af foldeudholdenhed er afg\u00f8rende for industrier, hvor materialer ofte b\u00f8jes og foldes, hvilket g\u00f8r det til et vigtigt v\u00e6rkt\u00f8j til kvalitetskontrol inden for emballage, papirproduktion og endda tekstil- og tobaksproduktion. NZD-01 MIT Folding Endurance Testers avancerede funktioner og overholdelse af internationale standarder g\u00f8r den til et ideelt valg for producenter og forskere med fokus p\u00e5 materialers holdbarhed.<\/p>","protected":false},"featured_media":6182,"comment_status":"closed","ping_status":"closed","template":"","meta":{"site-sidebar-layout":"default","site-content-layout":"default","ast-global-header-display":"","ast-main-header-display":"","ast-hfb-above-header-display":"","ast-hfb-below-header-display":"","ast-hfb-mobile-header-display":"","site-post-title":"","ast-breadcrumbs-content":"","ast-featured-img":"","footer-sml-layout":"","theme-transparent-header-meta":"default","adv-header-id-meta":"","stick-header-meta":"","header-above-stick-meta":"","header-main-stick-meta":"","header-below-stick-meta":""},"product_cat":[953,956,955,845,1083,1084,1085,44,95],"product_tag":[],"class_list":{"0":"post-5275","1":"product","2":"type-product","3":"status-publish","4":"has-post-thumbnail","6":"product_cat-bursting-tester","7":"product_cat-cobb-tester","8":"product_cat-crush-tester","9":"product_cat-customization","10":"product_cat-iso-5626","11":"product_cat-mit-folding-endurance-tester","12":"product_cat-tappi-t511","13":"product_cat-paper-and-board-testers","14":"product_cat-products","15":"desktop-align-left","16":"tablet-align-left","17":"mobile-align-left","19":"first","20":"instock","21":"shipping-taxable","22":"product-type-simple"},"_links":{"self":[{"href":"https:\/\/www.qualitester.com\/da\/wp-json\/wp\/v2\/product\/5275","targetHints":{"allow":["GET"]}}],"collection":[{"href":"https:\/\/www.qualitester.com\/da\/wp-json\/wp\/v2\/product"}],"about":[{"href":"https:\/\/www.qualitester.com\/da\/wp-json\/wp\/v2\/types\/product"}],"replies":[{"embeddable":true,"href":"https:\/\/www.qualitester.com\/da\/wp-json\/wp\/v2\/comments?post=5275"}],"version-history":[{"count":0,"href":"https:\/\/www.qualitester.com\/da\/wp-json\/wp\/v2\/product\/5275\/revisions"}],"wp:featuredmedia":[{"embeddable":true,"href":"https:\/\/www.qualitester.com\/da\/wp-json\/wp\/v2\/media\/6182"}],"wp:attachment":[{"href":"https:\/\/www.qualitester.com\/da\/wp-json\/wp\/v2\/media?parent=5275"}],"wp:term":[{"taxonomy":"product_cat","embeddable":true,"href":"https:\/\/www.qualitester.com\/da\/wp-json\/wp\/v2\/product_cat?post=5275"},{"taxonomy":"product_tag","embeddable":true,"href":"https:\/\/www.qualitester.com\/da\/wp-json\/wp\/v2\/product_tag?post=5275"}],"curies":[{"name":"wp","href":"https:\/\/api.w.org\/{rel}","templated":true}]}}