{"id":5254,"date":"2024-11-07T09:31:49","date_gmt":"2024-11-07T01:31:49","guid":{"rendered":"https:\/\/www.qualitester.com\/?post_type=product&#038;p=5254"},"modified":"2024-12-05T10:01:46","modified_gmt":"2024-12-05T02:01:46","slug":"sale-bursting-strength-tester","status":"publish","type":"product","link":"https:\/\/www.qualitester.com\/da\/vare\/sale-bursting-strength-tester\/","title":{"rendered":"Test af spr\u00e6ngstyrke"},"content":{"rendered":"<p>Den <strong>Test af spr\u00e6ngstyrke<\/strong> er et vigtigt v\u00e6rkt\u00f8j til evaluering af papir- og papmaterialers strukturelle integritet og holdbarhed. Denne tester er designet til at vurdere den maksimale kraft, disse materialer kan modst\u00e5, f\u00f8r de g\u00e5r i stykker, og bruges i vid udstr\u00e6kning i emballage-, produktions- og kvalitetskontrolmilj\u00f8er. Med anvendelser, der sp\u00e6nder fra let papir til kraftig karton, er <strong>Test af spr\u00e6ngstyrke<\/strong> sikrer, at materialer lever op til strenge standarder for ydeevne under belastning, hvilket g\u00f8r det uundv\u00e6rligt i industrier, hvor styrke og holdbarhed er altafg\u00f8rende.<\/p>\n<h3>Anvendelser af spr\u00e6ngstyrketesteren<\/h3>\n<p>Test af spr\u00e6ngstyrke m\u00e5ler et materiales evne til at modst\u00e5 brud eller spr\u00e6ngning, n\u00e5r det uds\u00e6ttes for ydre kr\u00e6fter. Denne kvalitet er afg\u00f8rende for <strong>papir, karton og emballagematerialer<\/strong>, is\u00e6r i forbindelse med <strong>forsendelse og opbevaring<\/strong>. Ved at identificere svage punkter, f\u00f8r materialerne anvendes, kan virksomhederne undg\u00e5 dyre skader og sikre en sikker produkttransport. For producenter giver denne test indsigt i materialekvalitet og informerer om emballagedesign, hvilket giver mulighed for forbedret holdbarhed og reduceret risiko for skader under transport.<\/p>\n<h3>N\u00f8glefunktioner i spr\u00e6ngstyrketesteren<\/h3>\n<ul>\n<li><strong>Test af hydraulisk tryk:<\/strong> Testeren bruger hydraulisk tryk til at p\u00e5f\u00f8re pr\u00f8ven kraft, hvilket giver mulighed for en meget n\u00f8jagtig m\u00e5ling af spr\u00e6ngmodstanden.<\/li>\n<li><strong>Bredt testomr\u00e5de:<\/strong> Den kan teste et bredt spektrum af materialer, fra let papir til solide fiberplader, med spr\u00e6ngstyrker fra <strong>70 kPa til 5500 kPa<\/strong>.<\/li>\n<li><strong>Pr\u00e6cision og p\u00e5lidelighed:<\/strong> Spr\u00e6ngstyrketesteren er udstyret med avancerede tryksensorer og leverer p\u00e5lidelige, gentagelige resultater, der sikrer h\u00f8j pr\u00e6cision i kvalitetskontrollen.<\/li>\n<\/ul>\n<h3>Tester til spr\u00e6ngning af tavler: Sikrer strukturel styrke for tavler<\/h3>\n<p>Den <strong>BNP-01 Board Bursting Tester<\/strong> er specielt designet til at teste boardmaterialer som <strong>B\u00f8lgepap og massiv fiberplade<\/strong>. I stand til at m\u00e5le materialer med spr\u00e6ngstyrke inden for omr\u00e5det <strong>350 kPa til 5500 kPa<\/strong>, Denne tester opfylder de kr\u00e6vende behov i emballage- og transportsektoren. Ved at evaluere materialets modstandsdygtighed g\u00f8r den det muligt for producenterne at garantere, at deres emballagematerialer kan modst\u00e5 det tryk, der opst\u00e5r under h\u00e5ndtering og forsendelse. Denne tester er i overensstemmelse med f\u00f8rende industristandarder, herunder:<\/p>\n<ul>\n<li><strong><a href=\"https:\/\/www.iso.org\/standard\/61488.html\" target=\"_blank\" rel=\"noopener nofollow\">ISO 2759<\/a>:<\/strong> ISO 2759 er internationalt anerkendt til vurdering af pladens styrke og fastl\u00e6gger retningslinjer for evaluering af pladematerialers spr\u00e6ngstyrke, hvilket sikrer global overholdelse af kvalitetskravene.<\/li>\n<li><strong>TAPPI T810 og TAPPI T807:<\/strong> Disse standarder d\u00e6kker spr\u00e6ngpr\u00f8vning af fiber- og b\u00f8lgepap, hvilket muligg\u00f8r ensartet kvalitet p\u00e5 tv\u00e6rs af partier og sikrer, at emballagematerialer er sikre at transportere.<\/li>\n<\/ul>\n<h3>Tester til spr\u00e6ngning af papir: Optimeret til letv\u00e6gtsmaterialer<\/h3>\n<p>For papirapplikationer skal <strong>ZNP-01 Tester for spr\u00e6ngning af papir<\/strong> er det ideelle valg til at teste materialer med spr\u00e6ngstyrke fra <strong>70 kPa til 1400 kPa<\/strong>. Denne tester er velegnet til lettere materialer som papir og tyndt pap og er afg\u00f8rende for anvendelser, hvor materialefleksibilitet er afg\u00f8rende. ZNP-01 er i overensstemmelse med standarder som f.eks:<\/p>\n<ul>\n<li><strong><a href=\"https:\/\/www.qualitester.com\/da\/vare-kategori\/iso\/iso-5627\/\" target=\"_blank\" rel=\"noopener\">ISO 2758<\/a>:<\/strong> Denne standard regulerer test af spr\u00e6ngstyrke for papirmaterialer og sikrer, at resultaterne lever op til internationale benchmarks.<\/li>\n<li><strong>TAPPI T403 og ASTM D774:<\/strong> Begge standarder beskriver metoder til evaluering af papirstyrke, hvor ASTM D774 fokuserer p\u00e5 letv\u00e6gtspapir med h\u00f8j modstandsdygtighed.<\/li>\n<\/ul>\n<p>Disse standarder sikrer, at de materialer, der bruges til emballage og print, lever op til den n\u00f8dvendige holdbarhed for produktsikkerhed og kvalitetssikring.<\/p>\n<h3>Testprincip<\/h3>\n<p>Spr\u00e6ngningstesten indeb\u00e6rer, at en pr\u00f8ve placeres over en cirkul\u00e6r, elastisk membran, der er fastsp\u00e6ndt i kanterne, men frit kan bule ud i midten. Som <strong>Hydraulikv\u00e6sken pumpes med en konstant hastighed<\/strong>, N\u00e5r testen er f\u00e6rdig, pustes membranen op, indtil pr\u00f8ven brister. Testeren registrerer det maksimale tryk, der n\u00e5s ved bruddet, hvilket indikerer materialets <strong>Spr\u00e6ngkraft<\/strong>. Denne testmetode er meget pr\u00e6cis og giver producenterne mulighed for konsekvent at vurdere styrken og kvaliteten af forskellige materialer.<\/p>\n<h3>Fordele ved at bruge en spr\u00e6ngstyrketester<\/h3>\n<ul>\n<li><strong>Kvalitetssikring af emballage:<\/strong> Testeren sikrer, at emballagematerialerne kan modst\u00e5 belastningerne ved forsendelse og h\u00e5ndtering, hvilket reducerer risikoen for skader.<\/li>\n<li><strong>Ensartede produktionsstandarder:<\/strong> Med regelm\u00e6ssig testning kan producenterne opretholde en ensartet kvalitet og hurtigt l\u00f8se eventuelle problemer med materialets ydeevne.<\/li>\n<li><strong>Tilpasningsevne p\u00e5 tv\u00e6rs af brancher:<\/strong> Denne tester er velegnet til en lang r\u00e6kke sektorer, herunder <strong>medicinsk udstyr, elektronik, tekstiler, emballage og f\u00f8devarer<\/strong>, hvor holdbare materialer er et afg\u00f8rende krav.<\/li>\n<\/ul>\n<h3>Ofte stillede sp\u00f8rgsm\u00e5l (FAQ)<\/h3>\n<ul>\n<li><strong>Hvad er form\u00e5let med en spr\u00e6ngstyrketest?<\/strong><br \/>\nDenne test vurderer holdbarheden af papir- og papmaterialer ved at bestemme den maksimale kraft, de kan modst\u00e5, f\u00f8r de g\u00e5r i stykker. Den er afg\u00f8rende for kvalitetskontrollen i emballage- og materialeproduktionen.<\/li>\n<li><strong>Hvordan m\u00e5ler Bursting Strength Tester materialets styrke?<\/strong><br \/>\nTesteren p\u00e5f\u00f8rer pr\u00f8ven et hydraulisk tryk, indtil den brister, og det maksimale tryk registreres som materialets spr\u00e6ngstyrke.<\/li>\n<li><strong>Hvilke typer materialer kan testes?<\/strong><br \/>\nDenne tester kan vurdere en lang r\u00e6kke materialer, herunder letv\u00e6gtspapir, tykt pap, b\u00f8lgepap og fiberplader.<\/li>\n<li><strong>Hvorfor er ISO 2759 vigtig for test af spr\u00e6ngstyrke?<\/strong><br \/>\nISO 2759 er en global standard, der sikrer, at materialer lever op til ensartede kvalitetsstandarder, hvilket er afg\u00f8rende for internationale producenter og leverand\u00f8rer.<\/li>\n<li><strong>Hvor ofte skal emballagematerialer testes for spr\u00e6ngstyrke?<\/strong><br \/>\nRegelm\u00e6ssig testning anbefales, is\u00e6r n\u00e5r der sker \u00e6ndringer i materialeindk\u00f8b eller produktionsprocesser, for at opretholde p\u00e5lidelige kvalitetsstandarder.<\/li>\n<\/ul>","protected":false},"excerpt":{"rendered":"<p>Den <strong>Test af spr\u00e6ngstyrke<\/strong> er et vigtigt v\u00e6rkt\u00f8j til evaluering af papir- og papmaterialers strukturelle integritet og holdbarhed. Denne tester er designet til at vurdere den maksimale kraft, disse materialer kan modst\u00e5, f\u00f8r de g\u00e5r i stykker, og bruges i vid udstr\u00e6kning i emballage-, produktions- og kvalitetskontrolmilj\u00f8er. Med anvendelser, der sp\u00e6nder fra let papir til kraftig karton, er <strong>Test af spr\u00e6ngstyrke<\/strong> sikrer, at materialer lever op til strenge standarder for ydeevne under belastning, hvilket g\u00f8r det uundv\u00e6rligt i industrier, hvor styrke og holdbarhed er altafg\u00f8rende.<\/p>","protected":false},"featured_media":6172,"comment_status":"closed","ping_status":"closed","template":"","meta":{"site-sidebar-layout":"default","site-content-layout":"default","ast-global-header-display":"","ast-main-header-display":"","ast-hfb-above-header-display":"","ast-hfb-below-header-display":"","ast-hfb-mobile-header-display":"","site-post-title":"","ast-breadcrumbs-content":"","ast-featured-img":"","footer-sml-layout":"","theme-transparent-header-meta":"default","adv-header-id-meta":"","stick-header-meta":"","header-above-stick-meta":"","header-main-stick-meta":"","header-below-stick-meta":""},"product_cat":[44,1146,953,956,955,1142,1141,954,957,958,952,959,1145,1144,1143,95],"product_tag":[],"class_list":{"0":"post-5254","1":"product","2":"type-product","3":"status-publish","4":"has-post-thumbnail","6":"product_cat-paper-and-board-testers","7":"product_cat-astm-d774","8":"product_cat-bursting-tester","9":"product_cat-cobb-tester","10":"product_cat-crush-tester","11":"product_cat-iso-2758","12":"product_cat-iso-2759","13":"product_cat-paper-tear-tester","14":"product_cat-plybond-tester","15":"product_cat-puncture-tester","16":"product_cat-rub-tester","17":"product_cat-stiffness-tester","18":"product_cat-tappi-t403","19":"product_cat-tappi-t807","20":"product_cat-tappi-t810","21":"product_cat-products","22":"desktop-align-left","23":"tablet-align-left","24":"mobile-align-left","26":"first","27":"instock","28":"shipping-taxable","29":"product-type-simple"},"_links":{"self":[{"href":"https:\/\/www.qualitester.com\/da\/wp-json\/wp\/v2\/product\/5254","targetHints":{"allow":["GET"]}}],"collection":[{"href":"https:\/\/www.qualitester.com\/da\/wp-json\/wp\/v2\/product"}],"about":[{"href":"https:\/\/www.qualitester.com\/da\/wp-json\/wp\/v2\/types\/product"}],"replies":[{"embeddable":true,"href":"https:\/\/www.qualitester.com\/da\/wp-json\/wp\/v2\/comments?post=5254"}],"version-history":[{"count":0,"href":"https:\/\/www.qualitester.com\/da\/wp-json\/wp\/v2\/product\/5254\/revisions"}],"wp:featuredmedia":[{"embeddable":true,"href":"https:\/\/www.qualitester.com\/da\/wp-json\/wp\/v2\/media\/6172"}],"wp:attachment":[{"href":"https:\/\/www.qualitester.com\/da\/wp-json\/wp\/v2\/media?parent=5254"}],"wp:term":[{"taxonomy":"product_cat","embeddable":true,"href":"https:\/\/www.qualitester.com\/da\/wp-json\/wp\/v2\/product_cat?post=5254"},{"taxonomy":"product_tag","embeddable":true,"href":"https:\/\/www.qualitester.com\/da\/wp-json\/wp\/v2\/product_tag?post=5254"}],"curies":[{"name":"wp","href":"https:\/\/api.w.org\/{rel}","templated":true}]}}