{"id":5251,"date":"2024-11-06T13:33:51","date_gmt":"2024-11-06T05:33:51","guid":{"rendered":"https:\/\/www.qualitester.com\/?post_type=product&#038;p=5251"},"modified":"2024-12-05T14:34:45","modified_gmt":"2024-12-05T06:34:45","slug":"sale-cleaning-efficacy-tester-textile","status":"publish","type":"product","link":"https:\/\/www.qualitester.com\/da\/vare\/sale-cleaning-efficacy-tester-textile\/","title":{"rendered":"CLEAN-EFF01 Test af moppens reng\u00f8ringsevne"},"content":{"rendered":"<h3><strong>Introduktion til reng\u00f8ringseffektivitetstesteren<\/strong><\/h3>\n<p>Den <strong>CLEAN-EFF01 Test af reng\u00f8ringseffektivitet<\/strong> er en banebrydende l\u00f8sning, der er designet til at vurdere reng\u00f8ringsevnen for en lang r\u00e6kke reng\u00f8ringsmaterialer, herunder reng\u00f8ringsklude, gulvmopper, moppeklude og meget mere. Dette avancerede instrument simulerer reng\u00f8ringsforhold i den virkelige verden og giver v\u00e6rdifuld indsigt i effektiviteten af reng\u00f8ringsprodukter, der bruges p\u00e5 forskellige overflader, f.eks. fliser, tr\u00e6gulve og glas. Uanset om du tester reng\u00f8ringsklude af forbrugerkvalitet eller moppesystemer af industriel kvalitet, tilbyder CLEAN-EFF01 en omfattende og p\u00e5lidelig metode til at evaluere reng\u00f8ringsydelsen.<\/p>\n<h3><strong>Anvendelser af reng\u00f8ringseffektivitetstesteren<\/strong><\/h3>\n<h4><strong>Test af reng\u00f8ringsmaterialer<\/strong><\/h4>\n<p>CLEAN-EFF01 Cleaning Efficacy Tester er vigtig for producenter og kvalitetskontroll\u00f8rer i brancher som reng\u00f8ring i hjemmet, hotel- og restaurationsbranchen, sundhedssektoren og industrien. Den er perfekt til at teste en r\u00e6kke forskellige reng\u00f8ringsmaterialer, herunder mikrofiberklude, gulvmopper og andre stofbaserede reng\u00f8ringsprodukter. Testeren giver dig mulighed for at simulere typiske reng\u00f8ringshandlinger og sikre, at dine reng\u00f8ringsprodukter fungerer effektivt i forskellige milj\u00f8er.<\/p>\n<h4><strong>Test af overflader<\/strong><\/h4>\n<p>Denne alsidige tester kan bruges til at simulere reng\u00f8ringshandlinger p\u00e5 en r\u00e6kke forskellige overflader. Den efterligner den virkelige verdens reng\u00f8ringsresultater p\u00e5 overflader som fliser, glas og tr\u00e6. Maskinen giver brugerne mulighed for at teste reng\u00f8ringsmaterialer under forskellige forhold og sikre, at de opfylder de kvalitets- og effektivitetsstandarder, der kr\u00e6ves til forskellige overflader.<\/p>\n<h4><strong>Industriens relevans<\/strong><\/h4>\n<p>CLEAN-EFF01 er velegnet til brancher, hvor reng\u00f8ringseffektivitet er altafg\u00f8rende, f.eks. hotel- og restaurationsbranchen, f\u00f8devareproduktion, medicinalindustrien og sundhedssektoren. Den er ideel til virksomheder, der har brug for at vurdere reng\u00f8ringsevnen af deres materialer f\u00f8r distribution, hvilket sikrer konsistens og p\u00e5lidelighed for slutbrugerne.<\/p>\n<h3><strong>Betydningen af testen af reng\u00f8ringseffektivitet<\/strong><\/h3>\n<h4><strong>Vigtighed i kvalitetskontrol<\/strong><\/h4>\n<p>CLEAN-EFF01 Cleaning Efficacy Tester spiller en afg\u00f8rende rolle i kvalitetskontrolprocessen. Ved at simulere den virkelige anvendelse af reng\u00f8ringsmaterialer giver den producenterne mulighed for n\u00f8jagtigt at vurdere reng\u00f8ringseffektiviteten af deres produkter. Denne proces hj\u00e6lper med at forbedre reng\u00f8ringsmaterialernes kvalitet og sikrer, at de opfylder branchens standarder for ydeevne og holdbarhed.<\/p>\n<h4><strong>Forbedring af produktion og udvikling<\/strong><\/h4>\n<p>Ved hj\u00e6lp af CLEAN-EFF01 kan producenterne forbedre produktudviklingen ved at f\u00e5 v\u00e6rdifuld indsigt i, hvordan forskellige reng\u00f8ringsmaterialer fungerer under standardiserede testforhold. Denne feedback hj\u00e6lper med at optimere produktformuleringer, forbedre design og forfine reng\u00f8ringsprocesser. Desuden hj\u00e6lper testeren med at reducere arbejdsomkostningerne ved at automatisere testprocessen og levere ensartede, gentagelige resultater.<\/p>\n<h3><strong>Testmetoder med CLEAN-EFF01-reng\u00f8ringseffektivitetstesteren<\/strong><\/h3>\n<p>CLEAN-EFF01 anvender en enkel, men effektiv testmetode.<\/p>\n<ol>\n<li><strong>Testops\u00e6tning<\/strong>: Pr\u00f8verensningskluden eller moppen er sikkert fastgjort til en aluminiums- eller plastikramme. Denne ramme placeres derefter lodret p\u00e5 testerens mobile arm.<\/li>\n<li><strong>Simulering af reng\u00f8ringshandlinger<\/strong>: Pr\u00f8ven justeres for at sikre, at dens overflade kommer helt i indgreb med m\u00e5lfladen, som kan omfatte materialer som fliser, glas eller tr\u00e6. Operat\u00f8ren kan manuelt regulere det anvendte tryk, justere bev\u00e6gelseshastigheden og styre antallet af cyklusser for at simulere forskellige reng\u00f8ringsforhold.<\/li>\n<li><strong>Testcyklusser<\/strong>: N\u00e5r det angivne antal reng\u00f8ringscyklusser er gennemf\u00f8rt, analyseres pr\u00f8ven ud fra forskellige pr\u00e6stationsparametre, f.eks. overfladens renhed, slid og effektivitet.<\/li>\n<\/ol>\n<h3><strong>Tekniske egenskaber ved reng\u00f8ringseffektivitetstesteren<\/strong><\/h3>\n<ul>\n<li><strong>Kontrolsystem<\/strong>: CLEAN-EFF01 betjenes via en sofistikeret PLC (Programmable Logic Controller) og en brugervenlig HMI-sk\u00e6rm (Human-Machine Interface), hvilket g\u00f8r det nemt for operat\u00f8rer at ops\u00e6tte og overv\u00e5ge tests.<\/li>\n<li><strong>Pr\u00e6cision og holdbarhed<\/strong>: CLEAN-EFF01 er bygget til at modst\u00e5 industriel brug og har en robust konstruktion, der giver langvarig ydeevne. Systemets design sikrer stabilitet under lange testcyklusser og leverer resultater med h\u00f8j pr\u00e6cision hver gang.<\/li>\n<li><strong>H\u00f8jhastighedsydelse<\/strong>: Udstyret med en hurtig line\u00e6r styring sikrer testeren b\u00e5de h\u00f8jhastighedsbev\u00e6gelse og pr\u00e6cis n\u00f8jagtighed, hvilket giver p\u00e5lidelige resultater p\u00e5 kort tid.<\/li>\n<li><strong>Justerbare testparametre<\/strong>:\n<ul>\n<li><strong>Hastighedsomr\u00e5de<\/strong>: 1~27.000 mm\/min (justerbar) til en bred vifte af testforhold.<\/li>\n<li><strong>Hastighed N\u00f8jagtighed<\/strong>: 1 mm\/min for meget pr\u00e6cis styring af bev\u00e6gelse og testbetingelser.<\/li>\n<li><strong>Testcyklusser<\/strong>: Giver mulighed for at teste op til 20.000 cyklusser for at evaluere reng\u00f8ringsmaterialers langsigtede ydeevne og holdbarhed.<\/li>\n<li><strong>Flytning af afstand<\/strong>: 600 mm sikrer kompatibilitet med en r\u00e6kke forskellige materialer og testopstillinger.<\/li>\n<\/ul>\n<\/li>\n<li><strong>Str\u00f8mforsyning<\/strong>: Testeren k\u00f8rer p\u00e5 en standardstr\u00f8mforsyning p\u00e5 110~220V, hvilket g\u00f8r den velegnet til brug i forskellige regioner og milj\u00f8er.<\/li>\n<\/ul>\n<h3><strong>Vigtige specifikationer<\/strong><\/h3>\n<table>\n<thead>\n<tr>\n<th><strong>Parameter<\/strong><\/th>\n<th><strong>V\u00e6rdi<\/strong><\/th>\n<\/tr>\n<\/thead>\n<tbody>\n<tr>\n<td><strong>Hastighed<\/strong><\/td>\n<td>1~27.000 mm\/min (justerbar)<\/td>\n<\/tr>\n<tr>\n<td><strong>Hastighed N\u00f8jagtighed<\/strong><\/td>\n<td>1 mm\/min<\/td>\n<\/tr>\n<tr>\n<td><strong>Testcyklusser<\/strong><\/td>\n<td>1~20.000 cyklusser<\/td>\n<\/tr>\n<tr>\n<td><strong>Flytning af afstand<\/strong><\/td>\n<td>600 mm<\/td>\n<\/tr>\n<tr>\n<td><strong>Str\u00f8mindgang<\/strong><\/td>\n<td>110~220V<\/td>\n<\/tr>\n<\/tbody>\n<\/table>\n<h3><strong>Hvorfor v\u00e6lge CLEAN-EFF01 Reng\u00f8ringseffektivitetstester?<\/strong><\/h3>\n<p>Den <strong>CLEAN-EFF01 Test af reng\u00f8ringseffektivitet<\/strong> er designet til at give de mest p\u00e5lidelige og gentagelige resultater til test af reng\u00f8ringsevne. Kombinationen af pr\u00e6cision, fleksibilitet og holdbarhed g\u00f8r den til den ideelle l\u00f8sning til at teste en lang r\u00e6kke reng\u00f8ringsmaterialer og sikre, at de opfylder de n\u00f8dvendige kvalitetsstandarder. Den brugervenlige gr\u00e6nseflade, den h\u00f8je hastighed og de justerbare parametre giver mulighed for skr\u00e6ddersyet testning, hvilket g\u00f8r den velegnet til forskellige brancher, fra hotel- og restaurationsbranchen til sundhedssektoren og meget mere.<\/p>\n<h3><strong>Anvendelser i industrien<\/strong><\/h3>\n<ul>\n<li><strong>Emballage<\/strong>: Sikrer, at de reng\u00f8ringsmaterialer, der anvendes til emballering, opfylder hygiejne- og pr\u00e6stationsstandarder.<\/li>\n<li><strong>Mad og drikke<\/strong>: Ideel til test af reng\u00f8ringsmaterialer, der bruges i f\u00f8devareforarbejdnings- og emballeringsmilj\u00f8er.<\/li>\n<li><strong>Tekstiler<\/strong>: Evaluerer reng\u00f8ringseffektiviteten af tekstilbaserede reng\u00f8ringsmidler, der anvendes i forskellige industrier.<\/li>\n<li><strong>L\u00e6gemidler og sundhedspleje<\/strong>: Tester effektiviteten af reng\u00f8ringsmaterialer, der bruges i renrumsmilj\u00f8er og medicinske faciliteter.<\/li>\n<\/ul>\n<p>Den <strong>CLEAN-EFF01 Test af reng\u00f8ringseffektivitet<\/strong> er et vigtigt v\u00e6rkt\u00f8j for producenter og kvalitetssikringsteams, der \u00f8nsker at sikre, at deres reng\u00f8ringsprodukter lever op til de h\u00f8jeste standarder. Ved at replikere reng\u00f8ringsforhold i den virkelige verden giver testeren n\u00f8jagtige, gentagelige resultater, der hj\u00e6lper med at forbedre produktkvaliteten, reducere arbejdsomkostningerne og optimere produktudviklingen. Kontakt Cell Instruments i dag for at f\u00e5 mere at vide om, hvordan CLEAN-EFF01 kan forbedre din testproces for reng\u00f8ringsmaterialer.<\/p>","protected":false},"excerpt":{"rendered":"<p>Den <strong>CLEAN-EFF01 Test af reng\u00f8ringseffektivitet<\/strong> er en banebrydende l\u00f8sning, der er designet til at vurdere reng\u00f8ringsevnen for en lang r\u00e6kke reng\u00f8ringsmaterialer, herunder reng\u00f8ringsklude, gulvmopper, moppeklude og meget mere. Dette avancerede instrument simulerer reng\u00f8ringsforhold i den virkelige verden og giver v\u00e6rdifuld indsigt i effektiviteten af reng\u00f8ringsprodukter, der bruges p\u00e5 forskellige overflader, f.eks. fliser, tr\u00e6gulve og glas. Uanset om du tester reng\u00f8ringsklude af forbrugerkvalitet eller moppesystemer af industriel kvalitet, tilbyder CLEAN-EFF01 en omfattende og p\u00e5lidelig metode til at evaluere reng\u00f8ringsydelsen.<\/p>","protected":false},"featured_media":6263,"comment_status":"closed","ping_status":"closed","template":"","meta":{"site-sidebar-layout":"default","site-content-layout":"default","ast-global-header-display":"","ast-main-header-display":"","ast-hfb-above-header-display":"","ast-hfb-below-header-display":"","ast-hfb-mobile-header-display":"","site-post-title":"","ast-breadcrumbs-content":"","ast-featured-img":"","footer-sml-layout":"","theme-transparent-header-meta":"default","adv-header-id-meta":"","stick-header-meta":"","header-above-stick-meta":"","header-main-stick-meta":"","header-below-stick-meta":""},"product_cat":[845,938,683,95],"product_tag":[],"class_list":{"0":"post-5251","1":"product","2":"type-product","3":"status-publish","4":"has-post-thumbnail","6":"product_cat-customization","7":"product_cat-textile-tester","8":"product_cat-coefficient-of-friction-tester","9":"product_cat-products","10":"desktop-align-left","11":"tablet-align-left","12":"mobile-align-left","14":"first","15":"instock","16":"shipping-taxable","17":"product-type-simple"},"_links":{"self":[{"href":"https:\/\/www.qualitester.com\/da\/wp-json\/wp\/v2\/product\/5251","targetHints":{"allow":["GET"]}}],"collection":[{"href":"https:\/\/www.qualitester.com\/da\/wp-json\/wp\/v2\/product"}],"about":[{"href":"https:\/\/www.qualitester.com\/da\/wp-json\/wp\/v2\/types\/product"}],"replies":[{"embeddable":true,"href":"https:\/\/www.qualitester.com\/da\/wp-json\/wp\/v2\/comments?post=5251"}],"version-history":[{"count":0,"href":"https:\/\/www.qualitester.com\/da\/wp-json\/wp\/v2\/product\/5251\/revisions"}],"wp:featuredmedia":[{"embeddable":true,"href":"https:\/\/www.qualitester.com\/da\/wp-json\/wp\/v2\/media\/6263"}],"wp:attachment":[{"href":"https:\/\/www.qualitester.com\/da\/wp-json\/wp\/v2\/media?parent=5251"}],"wp:term":[{"taxonomy":"product_cat","embeddable":true,"href":"https:\/\/www.qualitester.com\/da\/wp-json\/wp\/v2\/product_cat?post=5251"},{"taxonomy":"product_tag","embeddable":true,"href":"https:\/\/www.qualitester.com\/da\/wp-json\/wp\/v2\/product_tag?post=5251"}],"curies":[{"name":"wp","href":"https:\/\/api.w.org\/{rel}","templated":true}]}}