{"id":5247,"date":"2024-11-06T13:22:00","date_gmt":"2024-11-06T05:22:00","guid":{"rendered":"https:\/\/www.qualitester.com\/?post_type=product&#038;p=5247"},"modified":"2024-12-05T15:33:06","modified_gmt":"2024-12-05T07:33:06","slug":"sale-tape-holding-power-tester","status":"publish","type":"product","link":"https:\/\/www.qualitester.com\/da\/vare\/sale-tape-holding-power-tester\/","title":{"rendered":"LAT-01 Test af vedvarende kl\u00e6beevne"},"content":{"rendered":"<h2><strong>Introduktion til test af b\u00e5ndets holdekraft<\/strong><\/h2>\n<p>Den <strong>Test af b\u00e5ndets holdekraft<\/strong> er et vigtigt testinstrument, der er designet til at m\u00e5le kl\u00e6bestyrken af trykf\u00f8lsomme tapes og etiketter under konstante belastningsforhold. Det vurderer kl\u00e6beb\u00e5ndenes evne til at modst\u00e5 glidning og bevare deres binding, n\u00e5r de uds\u00e6ttes for stress, hvilket g\u00f8r det til et afg\u00f8rende v\u00e6rkt\u00f8j for industrier, der er afh\u00e6ngige af kl\u00e6beb\u00e5ndets ydeevne, s\u00e5som emballage, medicin, l\u00e6gemidler og meget mere.<\/p>\n<p>Denne tester er et p\u00e5lideligt middel til at evaluere tapes' langsigtede stabilitet og holdbarhed og sikre, at de overholder de n\u00f8dvendige standarder for forskellige anvendelser. Den bruges til at afg\u00f8re, hvor godt tapen kl\u00e6ber til overflader, selv under udfordrende forhold, og giver vigtig indsigt i deres ydeevne over tid.<\/p>\n<h2><strong>Test af b\u00e5ndets holdekraft Anvendelse<\/strong><\/h2>\n<p>Den <strong>Test af b\u00e5ndets holdekraft<\/strong> er almindeligt anvendt i f\u00f8lgende brancher:<\/p>\n<ul>\n<li><strong>Emballage:<\/strong> Sikrer, at b\u00e5nd, der bruges i emballagematerialer, bevarer deres kl\u00e6beegenskaber under transport og opbevaring.<\/li>\n<li><strong>Medicinsk og farmaceutisk:<\/strong> Kontrollerer kl\u00e6bestyrken p\u00e5 medicinske tapes, bandager og farmaceutiske emballagematerialer.<\/li>\n<li><strong>Kl\u00e6bemidler:<\/strong> N\u00f8dvendig for at teste ydeevnen af trykf\u00f8lsomme kl\u00e6bemidler, der bruges i etiketter, b\u00e5nd og andre kl\u00e6bebaserede produkter.<\/li>\n<li><strong>Tekstiler:<\/strong> Hj\u00e6lper med at vurdere vedh\u00e6ftningen af tekstilb\u00e5nd og etiketter under stressede forhold.<\/li>\n<li><strong>Agenturer for kvalitetskontrol:<\/strong> Giver objektive data om b\u00e5ndets ydeevne og hj\u00e6lper med kvalitetskontrol for producenter og leverand\u00f8rer.<\/li>\n<\/ul>\n<p>Den bruges prim\u00e6rt til at teste <strong>Holdbarhed<\/strong> af trykf\u00f8lsomme b\u00e5nd og etiketter for at sikre, at de opfylder de n\u00f8dvendige specifikationer til virkelige anvendelser.<\/p>\n<h2><strong>Testprincip<\/strong><\/h2>\n<p>Den <strong>Test af b\u00e5ndets holdekraft<\/strong> arbejder ud fra princippet om <strong>forskydningsadh\u00e6sion under konstant belastning<\/strong>. Testen involverer f\u00f8lgende proces:<\/p>\n<ul>\n<li>En strimmel tape s\u00e6ttes p\u00e5 et standard st\u00e5lpanel under kontrollerede forhold.<\/li>\n<li>En standardmasse er fastgjort til den frie ende af b\u00e5ndet for at p\u00e5f\u00f8re en konstant belastning.<\/li>\n<li>Panelet placeres derefter lodret, og den tid, det tager, f\u00f8r tapen svigter (dvs. glider eller l\u00f8sner sig helt fra overfladen), registreres.<\/li>\n<\/ul>\n<p>Denne test hj\u00e6lper med at simulere forhold i den virkelige verden, hvor b\u00e5nd kan blive udsat for kr\u00e6fter, der kan f\u00f8re til kl\u00e6besvigt. Den <strong>Test af b\u00e5ndets holdekraft<\/strong> er i stand til at teste forskellige typer trykf\u00f8lsomme b\u00e5nd, herunder dem, der bruges i industrielle, medicinske og forbrugerapplikationer.<\/p>\n<h2><strong>Testmetoder<\/strong><\/h2>\n<h3><strong>ASTM D3654<\/strong><\/h3>\n<p>Den <strong>ASTM D3654<\/strong> er en af de mest anerkendte metoder til test af trykf\u00f8lsomme tapes' forskydningsadh\u00e6sion. I henhold til ASTM D3654:<\/p>\n<ul>\n<li>B\u00e5ndet s\u00e6ttes p\u00e5 en standard st\u00e5lplade og uds\u00e6ttes for en konstant masse i en bestemt vinkel.<\/li>\n<li>Testeren m\u00e5ler den <strong>Tid til fiasko<\/strong> eller <strong>m\u00e6ngden af udskridning<\/strong> der opst\u00e5r, n\u00e5r b\u00e5ndet uds\u00e6ttes for konstant forskydningssp\u00e6nding.<\/li>\n<li>Denne metode evaluerer kl\u00e6bemidlets evne til at modst\u00e5 glidning under belastning, hvilket giver et kvantitativt m\u00e5l for <strong>Holdbarhed<\/strong>.<\/li>\n<\/ul>\n<h3><strong>PSTC-107<\/strong><\/h3>\n<p>Den <strong>PSTC-107<\/strong> er en anden vigtig industristandard til test af trykf\u00f8lsomme tapes' holdekraft. Denne standard specificerer, hvordan man m\u00e5ler tapens evne til at modst\u00e5 kr\u00e6fter, der p\u00e5f\u00f8res parallelt med kl\u00e6beoverfladen, hvilket efterligner forhold, der ses under faktisk brug.<\/p>\n<ul>\n<li>Ligesom ASTM D3654, <strong>PSTC-107<\/strong> vurderer den <strong>Tid til fiasko<\/strong> eller <strong>m\u00e6ngden af udskridning<\/strong> der opst\u00e5r, n\u00e5r en bestemt masse p\u00e5f\u00f8res.<\/li>\n<li>Det sikrer, at b\u00e5nd, der bruges i forskellige produkter, bevarer deres kl\u00e6beegenskaber under konstante belastningsforhold over tid.<\/li>\n<\/ul>\n<p>Begge dele <strong>ASTM D3654<\/strong> og <strong>PSTC-107<\/strong> er vigtige standarder for at sikre trykf\u00f8lsomme kl\u00e6beres ydeevne og p\u00e5lidelighed.<\/p>\n<h2><strong>Fordele<\/strong><\/h2>\n<ul>\n<li><strong>Pr\u00e6cis m\u00e5ling<\/strong>: Med et mikrocontroller-baseret timing-system sikrer Tape Holding Power Tester n\u00f8jagtige og gentagelige resultater.<\/li>\n<li><strong>Muligheder, der kan tilpasses<\/strong>: Testeren kan konfigureres med flere teststationer, hvilket g\u00f8r den ideel til test med h\u00f8j gennemstr\u00f8mning i store produktionsmilj\u00f8er.<\/li>\n<li><strong>Alsidig temperaturkontrol<\/strong>: Testeren kan tilpasses til brug under forskellige temperaturforhold for at simulere milj\u00f8faktorer i den virkelige verden.<\/li>\n<li><strong>Brugervenlig gr\u00e6nseflade<\/strong>: Det brugervenlige LCD-display med tidsl\u00e5sning giver mulighed for klar og enkel overv\u00e5gning af testresultater.<\/li>\n<li><strong>P\u00e5lidelige resultater<\/strong>: Testeren giver ensartede data om tapens kl\u00e6bestyrke og hj\u00e6lper producenterne med at opfylde kravene til kvalitetssikring.<\/li>\n<\/ul>\n<h2><strong>Standarder<\/strong><\/h2>\n<p>Den <strong>Test af b\u00e5ndets holdekraft<\/strong> er designet til at overholde f\u00f8lgende vigtige industristandarder:<\/p>\n<ul>\n<li><a href=\"https:\/\/www.astm.org\/d3654_d3654m-06r19.html\" target=\"_blank\" rel=\"noopener nofollow\"><strong>ASTM D3654<\/strong><\/a>: Standard testmetode for shear-adh\u00e6sion af trykf\u00f8lsomme tapes.<\/li>\n<li><a href=\"https:\/\/pstc.org\/resources\/test-methods\/\" target=\"_blank\" rel=\"noopener nofollow\"><strong>PSTC-107<\/strong><\/a>: Standardtestmetode for trykf\u00f8lsomme tapers holdekraft under konstant belastning.<\/li>\n<li><strong>JIS Z0237<\/strong>: Japansk industristandard for test af kl\u00e6beb\u00e5nd.<\/li>\n<li><strong>GT\/T 4851<\/strong>: Kinesisk standard for test af trykf\u00f8lsom tape.<\/li>\n<\/ul>\n<p>Disse standarder sikrer, at <strong>Test af b\u00e5ndets holdekraft<\/strong> giver n\u00f8jagtige og p\u00e5lidelige resultater, der opfylder globale branchekrav.<\/p>\n<h2><strong>Vigtigste parametre<\/strong><\/h2>\n<table>\n<tbody>\n<tr>\n<td style=\"text-align: center;\" width=\"105\">Modeller<\/td>\n<td style=\"text-align: center;\" width=\"50\"><strong>LAT-5<\/strong><\/td>\n<td style=\"text-align: center;\" width=\"58\"><strong>LAT-10<\/strong><\/td>\n<td style=\"text-align: center;\" width=\"58\"><strong>LAT-20<\/strong><\/td>\n<td style=\"text-align: center;\" width=\"58\"><strong>LAT-30<\/strong><\/td>\n<td style=\"text-align: center;\" width=\"65\"><strong>LAT-5TC<\/strong><\/td>\n<td style=\"text-align: center;\" width=\"73\"><strong>LAT-10TC<\/strong><\/td>\n<\/tr>\n<tr>\n<td style=\"text-align: center;\" width=\"105\">Teststationer<\/td>\n<td style=\"text-align: center;\" width=\"50\">5<\/td>\n<td style=\"text-align: center;\" width=\"58\">10<\/td>\n<td style=\"text-align: center;\" width=\"58\">20<\/td>\n<td style=\"text-align: center;\" width=\"58\">30<\/td>\n<td style=\"text-align: center;\" width=\"65\">5<\/td>\n<td style=\"text-align: center;\" width=\"73\">10<\/td>\n<\/tr>\n<tr>\n<td style=\"text-align: center;\" width=\"105\">Temp. Omr\u00e5de<\/td>\n<td style=\"text-align: center;\" colspan=\"4\" rowspan=\"1\" width=\"224\">N\/A<\/td>\n<td style=\"text-align: center;\" colspan=\"2\" rowspan=\"1\" width=\"138\">Omgivelser~80\u2103<\/td>\n<\/tr>\n<tr>\n<td style=\"text-align: center;\" width=\"105\">Testtid<\/td>\n<td style=\"text-align: center;\" colspan=\"6\" rowspan=\"1\" width=\"362\">0~99H99M99S<\/td>\n<\/tr>\n<tr>\n<td style=\"text-align: center;\" width=\"105\">Testmasse<\/td>\n<td style=\"text-align: center;\" colspan=\"6\" rowspan=\"1\" width=\"362\">1000\u00b15g<\/td>\n<\/tr>\n<tr>\n<td style=\"text-align: center;\" width=\"105\">Panel<\/td>\n<td style=\"text-align: center;\" colspan=\"6\" rowspan=\"1\" width=\"362\">60*40*1,5 LWD<\/td>\n<\/tr>\n<tr>\n<td style=\"text-align: center;\" width=\"105\">Kraft<\/td>\n<td style=\"text-align: center;\" colspan=\"6\" rowspan=\"1\" width=\"362\">AC 220V 50Hz<\/td>\n<\/tr>\n<tr>\n<td style=\"text-align: center;\" colspan=\"7\" rowspan=\"1\" width=\"467\">Specifikation af rulle<\/td>\n<\/tr>\n<tr>\n<td style=\"text-align: center;\" width=\"105\">Rulle<\/td>\n<td style=\"text-align: center;\" colspan=\"6\" rowspan=\"1\" width=\"362\">2000g\u00b150g<\/td>\n<\/tr>\n<tr>\n<td style=\"text-align: center;\" width=\"105\">Diameter<\/td>\n<td style=\"text-align: center;\" colspan=\"6\" rowspan=\"1\" width=\"362\">85\u00b12,5 mm<\/td>\n<\/tr>\n<tr>\n<td style=\"text-align: center;\" width=\"105\">Bredde<\/td>\n<td style=\"text-align: center;\" colspan=\"6\" rowspan=\"1\" width=\"362\">45\u00b11,5 mm<\/td>\n<\/tr>\n<tr>\n<td style=\"text-align: center;\" width=\"105\">Gummi<\/td>\n<td style=\"text-align: center;\" colspan=\"6\" rowspan=\"1\" width=\"362\">6 mm i tykkelse, Shore-h\u00e5rdhed 80 \u00b1 5\u00b0.<\/td>\n<\/tr>\n<\/tbody>\n<\/table>\n<p style=\"text-align: left;\">Den <strong>Test af b\u00e5ndets holdekraft<\/strong> er et vigtigt v\u00e6rkt\u00f8j for enhver industri, der er afh\u00e6ngig af trykf\u00f8lsomme kl\u00e6beres ydeevne. Ved at tilbyde pr\u00e6cis testning i overensstemmelse med globale standarder som f.eks. <strong>ASTM D3654<\/strong> og <strong>PSTC-107<\/strong>, Den sikrer, at b\u00e5nd og etiketter opfylder de n\u00f8dvendige kriterier for ydeevne. Uanset om det er til emballage, medicinske, farmaceutiske eller kl\u00e6bende anvendelser, hj\u00e6lper denne tester producenterne med at sikre holdbarheden, p\u00e5lideligheden og kvaliteten af deres kl\u00e6bende produkter.<\/p>\n<div id=\"gtx-anchor\" style=\"position: absolute; visibility: hidden; left: 294.078px; top: 69.5156px; width: 22.3906px; height: 19px;\"><\/div>\n<div class=\"jfk-bubble gtx-bubble\" style=\"visibility: visible; left: -362px; top: 99px; opacity: 1;\" role=\"alertdialog\" aria-describedby=\"bubble-2\">\n<div id=\"bubble-2\" class=\"jfk-bubble-content-id\">\n<div id=\"gtx-host\" style=\"min-width: 200px; max-width: 400px;\"><\/div>\n<\/div>\n<div class=\"jfk-bubble-closebtn-id jfk-bubble-closebtn\" tabindex=\"0\" role=\"button\" aria-label=\"Luk\"><\/div>\n<div class=\"jfk-bubble-arrow-id jfk-bubble-arrow jfk-bubble-arrowup\" style=\"left: 305.078px;\">\n<div class=\"jfk-bubble-arrowimplbefore\"><\/div>\n<div class=\"jfk-bubble-arrowimplafter\"><\/div>\n<\/div>\n<\/div>","protected":false},"excerpt":{"rendered":"<p>Den <strong>Test af b\u00e5ndets holdekraft<\/strong> er et vigtigt testinstrument, der er designet til at m\u00e5le kl\u00e6bestyrken af trykf\u00f8lsomme tapes og etiketter under konstante belastningsforhold. Det vurderer kl\u00e6beb\u00e5ndenes evne til at modst\u00e5 glidning og bevare deres binding, n\u00e5r de uds\u00e6ttes for stress, hvilket g\u00f8r det til et afg\u00f8rende v\u00e6rkt\u00f8j for industrier, der er afh\u00e6ngige af kl\u00e6beb\u00e5ndets ydeevne, s\u00e5som emballage, medicin, l\u00e6gemidler og meget mere.<\/p>","protected":false},"featured_media":6298,"comment_status":"closed","ping_status":"closed","template":"","meta":{"site-sidebar-layout":"default","site-content-layout":"default","ast-global-header-display":"","ast-main-header-display":"","ast-hfb-above-header-display":"","ast-hfb-below-header-display":"","ast-hfb-mobile-header-display":"","site-post-title":"","ast-breadcrumbs-content":"","ast-featured-img":"","footer-sml-layout":"","theme-transparent-header-meta":"default","adv-header-id-meta":"","stick-header-meta":"","header-above-stick-meta":"","header-main-stick-meta":"","header-below-stick-meta":""},"product_cat":[845,1172,949,673,130,95],"product_tag":[],"class_list":{"0":"post-5247","1":"product","2":"type-product","3":"status-publish","4":"has-post-thumbnail","6":"product_cat-customization","7":"product_cat-jis-z0237","8":"product_cat-pstc-107","9":"product_cat-adhesive-tester","10":"product_cat-astm-d3654","11":"product_cat-products","12":"desktop-align-left","13":"tablet-align-left","14":"mobile-align-left","16":"first","17":"instock","18":"shipping-taxable","19":"product-type-simple"},"_links":{"self":[{"href":"https:\/\/www.qualitester.com\/da\/wp-json\/wp\/v2\/product\/5247","targetHints":{"allow":["GET"]}}],"collection":[{"href":"https:\/\/www.qualitester.com\/da\/wp-json\/wp\/v2\/product"}],"about":[{"href":"https:\/\/www.qualitester.com\/da\/wp-json\/wp\/v2\/types\/product"}],"replies":[{"embeddable":true,"href":"https:\/\/www.qualitester.com\/da\/wp-json\/wp\/v2\/comments?post=5247"}],"version-history":[{"count":0,"href":"https:\/\/www.qualitester.com\/da\/wp-json\/wp\/v2\/product\/5247\/revisions"}],"wp:featuredmedia":[{"embeddable":true,"href":"https:\/\/www.qualitester.com\/da\/wp-json\/wp\/v2\/media\/6298"}],"wp:attachment":[{"href":"https:\/\/www.qualitester.com\/da\/wp-json\/wp\/v2\/media?parent=5247"}],"wp:term":[{"taxonomy":"product_cat","embeddable":true,"href":"https:\/\/www.qualitester.com\/da\/wp-json\/wp\/v2\/product_cat?post=5247"},{"taxonomy":"product_tag","embeddable":true,"href":"https:\/\/www.qualitester.com\/da\/wp-json\/wp\/v2\/product_tag?post=5247"}],"curies":[{"name":"wp","href":"https:\/\/api.w.org\/{rel}","templated":true}]}}