{"id":5218,"date":"2024-11-05T11:57:50","date_gmt":"2024-11-05T03:57:50","guid":{"rendered":"https:\/\/www.qualitester.com\/?post_type=product&#038;p=5218"},"modified":"2025-02-27T14:50:00","modified_gmt":"2025-02-27T06:50:00","slug":"sale-tape-loop-tack-testing-machine","status":"publish","type":"product","link":"https:\/\/www.qualitester.com\/da\/vare\/sale-tape-loop-tack-testing-machine\/","title":{"rendered":"LTT-01 Loop Tack Tester"},"content":{"rendered":"<p data-start=\"157\" data-end=\"663\">Den <strong data-start=\"161\" data-end=\"188\">LTT-01 Loop Tack Tester<\/strong> er et vigtigt v\u00e6rkt\u00f8j til m\u00e5ling af kl\u00e6beevnen for kl\u00e6bestoffer, tape, etiketter og andre trykf\u00f8lsomme materialer. LTT-01 er designet til pr\u00e6cision og p\u00e5lidelighed og hj\u00e6lper med at sikre, at kl\u00e6bemidler fungerer som forventet under forskellige forhold. Den overholder anerkendte standarder som f.eks. <strong data-start=\"474\" data-end=\"509\">FINAT-testmetode nr. 9 (FTM-9)<\/strong>, <strong data-start=\"511\" data-end=\"532\">PSTC-16 l\u00f8begang<\/strong>, og <strong data-start=\"538\" data-end=\"552\">ASTM D6195<\/strong>, hvilket g\u00f8r den uundv\u00e6rlig i industrier, der sp\u00e6nder fra emballage og medicinsk udstyr til f\u00f8devarer og l\u00e6gemidler.<\/p>\n<h2>Testprincip for Loop Tack-testeren<\/h2>\n<p data-start=\"718\" data-end=\"979\">Den <strong data-start=\"722\" data-end=\"740\">loop tack test<\/strong> m\u00e5ler den kraft, der kr\u00e6ves for at adskille en kl\u00e6bepr\u00f8ve med l\u00f8kke fra en kl\u00e6ber (normalt en glasplade) umiddelbart efter kontakt. Denne test er afg\u00f8rende for at forst\u00e5, hvor hurtigt og st\u00e6rkt et kl\u00e6bemiddel binder ved f\u00f8rste kontakt.<\/p>\n<p data-start=\"981\" data-end=\"1383\">I LTT-01 formes en kl\u00e6bestrimmel, der typisk er 25 mm bred og 125 mm lang, til en l\u00f8kke og placeres mod en glasplade med en kontrolleret hastighed p\u00e5 300 mm\/min. N\u00e5r kl\u00e6beren er kommet i kontakt med glasset, tr\u00e6kkes den tilbage med samme hastighed, og den maksimale kraft, der kr\u00e6ves for at tr\u00e6kke den v\u00e6k, m\u00e5les. Denne kraft er \u201cloop tack\u201d, som er en vigtig indikator for kl\u00e6berens umiddelbare bindingsstyrke.<\/p>\n<h2 data-start=\"4338\" data-end=\"4371\"><strong data-start=\"4342\" data-end=\"4371\">Testmetode og -procedure<\/strong><\/h2>\n<p data-start=\"4373\" data-end=\"4454\">Den <strong data-start=\"4377\" data-end=\"4404\">LTT-01 Loop Tack Tester<\/strong> f\u00f8lger en enkel, men effektiv testprocedure:<\/p>\n<ol data-start=\"4455\" data-end=\"4816\">\n<li data-start=\"4455\" data-end=\"4545\">En pr\u00f8ve af kl\u00e6bende tape eller materiale, 25 mm bred og 175 mm lang, formes til en l\u00f8kke.<\/li>\n<li data-start=\"4546\" data-end=\"4626\">Sl\u00f8jfen presses mod en glasplade med en kontrolleret hastighed p\u00e5 300 mm\/min.<\/li>\n<li data-start=\"4627\" data-end=\"4697\">Efter kontakt tr\u00e6kkes l\u00f8kken straks tilbage med samme hastighed.<\/li>\n<li data-start=\"4698\" data-end=\"4816\">Den maksimale kraft, der kr\u00e6ves for at adskille l\u00f8kken fra glaspladen, registreres, hvilket er <strong data-start=\"4796\" data-end=\"4809\">l\u00f8kken\u00e5l<\/strong> v\u00e6rdi.<\/li>\n<\/ol>\n<h3 data-start=\"4818\" data-end=\"4967\">Vigtigste parameter<\/h3>\n<table>\n<tbody>\n<tr>\n<td style=\"text-align: center;\" width=\"194\">Testomr\u00e5de<\/td>\n<td style=\"text-align: center;\" width=\"178\">200N (eller andre)<\/td>\n<\/tr>\n<tr>\n<td style=\"text-align: center;\" width=\"194\">Hastighedsomr\u00e5de<\/td>\n<td style=\"text-align: center;\" width=\"178\">1-500 mm\/m<\/td>\n<\/tr>\n<tr>\n<td style=\"text-align: center;\" width=\"194\">Slagtilf\u00e6lde<\/td>\n<td style=\"text-align: center;\" width=\"178\">200 mm<\/td>\n<\/tr>\n<tr>\n<td style=\"text-align: center;\" width=\"194\">Stikpr\u00f8vens st\u00f8rrelse<\/td>\n<td style=\"text-align: center;\" width=\"178\">125mm*25mm<\/td>\n<\/tr>\n<tr>\n<td style=\"text-align: center;\" width=\"194\">Kraft<\/td>\n<td style=\"text-align: center;\" width=\"178\">AC 110~220V, 50\/60HZ<\/td>\n<\/tr>\n<\/tbody>\n<\/table>\n<h2 data-start=\"1390\" data-end=\"1429\"><strong data-start=\"1394\" data-end=\"1429\">Standarder for Loop Tack-test<\/strong><\/h2>\n<ol>\n<li data-start=\"1431\" data-end=\"1471\"><strong data-start=\"1436\" data-end=\"1471\">FINAT-testmetode nr. 9 (FTM-9) M\u00e5ling af loop tack<br \/>\n<\/strong>Den <strong data-start=\"1477\" data-end=\"1512\">FINAT-testmetode nr. 9 (FTM-9)<\/strong> er en af de mest anerkendte standarder i label- og kl\u00e6beindustrien. Den evaluerer kl\u00e6beevnen for trykf\u00f8lsomme kl\u00e6bemidler, som f.eks. dem, der bruges til etiketter og tape. FTM-9 sikrer, at kl\u00e6bemidlerne opfylder de n\u00f8dvendige kriterier for hurtig limning og nem p\u00e5f\u00f8ring.<\/li>\n<li data-start=\"1431\" data-end=\"1471\"><strong style=\"font-size: 16px;\" data-start=\"1814\" data-end=\"1835\">PSTC-16 Test af trykf\u00f8lsom tape med sl\u00f8jfetryk<br \/>\n<\/strong><a href=\"https:\/\/www.qualitester.com\/da\/vare-kategori\/pstc\/pstc-16\/\" target=\"_blank\" rel=\"noopener\"><strong style=\"font-size: 16px;\" data-start=\"1837\" data-end=\"1848\">PSTC-16<\/strong><\/a><span style=\"font-size: 16px;\"> er en standard udviklet af Pressure Sensitive Tape Council (PSTC) med fokus p\u00e5 evaluering af trykf\u00f8lsomme kl\u00e6bestoffers loop tack-egenskaber. Den bruges ofte til test af tape, etiketter og lignende kl\u00e6beprodukter.<\/span><\/li>\n<li data-start=\"1431\" data-end=\"1471\"><strong style=\"font-size: 16px;\" data-start=\"2234\" data-end=\"2248\">ASTM D6195 Standard testmetoder for loop tack<br \/>\n<\/strong><a href=\"https:\/\/www.qualitester.com\/da\/vare-kategori\/astm\/astm-d6195\/\" target=\"_blank\" rel=\"noopener\"><strong style=\"font-size: 16px;\" data-start=\"2250\" data-end=\"2264\">ASTM D6195<\/strong><\/a><span style=\"font-size: 16px;\"> giver retningslinjer for m\u00e5ling af trykf\u00f8lsomme kl\u00e6bemidlers loop tack. Denne standard bruges i vid udstr\u00e6kning i forskellige brancher, herunder emballage, medicinsk udstyr og l\u00e6gemidler, til at kontrollere, at kl\u00e6bestoffer opfylder de kr\u00e6vede bindingsstyrker.<\/span><\/li>\n<\/ol>\n<h2>Funktioner og tekniske specifikationer<\/h2>\n<p>Den <strong>Testmaskine til tape loop tack<\/strong> er udstyret med avancerede funktioner til pr\u00e6cis og p\u00e5lidelig kl\u00e6betestning.<\/p>\n<ul>\n<li><strong>Brugervenligt display<\/strong>: A <strong>7-tommer HMI-ber\u00f8ringssk\u00e6rm<\/strong> gr\u00e6nseflade muligg\u00f8r nem ops\u00e6tning, overv\u00e5gning og betjening, hvilket str\u00f8mliner testprocessen.<\/li>\n<li><strong>PLC-kontrol<\/strong>: Udstyret med <strong>Programmerbar logisk styring (PLC)<\/strong> for h\u00f8j pr\u00e6cision og automatiserede testmuligheder.<\/li>\n<li><strong>Bredt testomr\u00e5de<\/strong>: Instrumentet d\u00e6kker et <strong>Testomr\u00e5de p\u00e5 op til 200N<\/strong>, hvilket giver fleksibilitet til forskellige kl\u00e6bestyrker.<\/li>\n<li><strong>Justerbart hastighedsomr\u00e5de<\/strong>: Hastighedsindstillinger fra <strong>1-500 mm\/min<\/strong> underst\u00f8tter forskellige testkrav.<\/li>\n<li><strong>Pr\u00e6cisionsmekanik<\/strong>: A <strong>Pr\u00e6cisionskuglespindel<\/strong> systemet sikrer j\u00e6vne, ensartede bev\u00e6gelser og n\u00f8jagtig m\u00e5ling af hastighed og forskydning, hvilket opretholder en h\u00f8j testn\u00f8jagtighed.<\/li>\n<li><strong>Parametre, der kan tilpasses<\/strong>: Operat\u00f8rerne kan justere hastighed, slagl\u00e6ngde og opholdstid for at opfylde specifikke testbehov.<\/li>\n<li><strong>Forbedret sikkerhed<\/strong>: Sikkerhedsmekanismerne omfatter en <strong>automatisk returfunktion<\/strong> og begr\u00e6nsningsanordning, hvilket sikrer operat\u00f8rens sikkerhed under testen.<\/li>\n<li><strong>Integreret mikroprinter<\/strong>: En indbygget <strong>Punktmatrix-mikroprinter<\/strong> giver mulighed for \u00f8jeblikkelig udl\u00e6sning af testresultater til dokumentations- og rapporteringsform\u00e5l.<\/li>\n<li><strong>Standard-kompatibel glasplade<\/strong>: Indeholder en standard-kompatibel <strong>Floatglasplade<\/strong>, Det sikrer n\u00f8jagtige kl\u00e6bem\u00e5linger og ensartede testbetingelser.<\/li>\n<\/ul>\n<h2>Konfiguration og tilbeh\u00f8r<\/h2>\n<p>Den <strong>Testmaskine til tape loop tack<\/strong> er udstyret med standard- og ekstraudstyr, der \u00f8ger dens alsidighed og brugervenlighed.<\/p>\n<ul>\n<li>\n<h3><strong>Standardkonfiguration<\/strong>:<\/h3>\n<ul>\n<li><strong>LTT-01 Loop Tack Tester<\/strong> enhed<\/li>\n<li>Tilbeh\u00f8r: Glasplade, overk\u00e6be, underk\u00e6be, sikringer, brugervejledning, kalibreringscertifikat og netledning.<\/li>\n<\/ul>\n<\/li>\n<li>\n<h3><strong>Valgfri konfiguration<\/strong>:<\/h3>\n<ul>\n<li><strong>Panel i rustfrit st\u00e5l<\/strong> for \u00f8get holdbarhed<\/li>\n<li><strong>RS232-port<\/strong> til datakommunikation og -overf\u00f8rsel<\/li>\n<li><strong>COM-linje<\/strong> og specialiseret software til avanceret dataanalyse og rapportering<\/li>\n<\/ul>\n<\/li>\n<\/ul>\n<h2>Anvendelser af tape loop tack-testmaskinen<\/h2>\n<p>Dette instrument er ideelt til en lang r\u00e6kke industrier, hvor kl\u00e6bep\u00e5lidelighed er afg\u00f8rende, f.eks:<\/p>\n<ul>\n<li><strong>Emballage og m\u00e6rkning<\/strong> - Sikre, at tape, klisterm\u00e6rker og etiketter bevarer deres kl\u00e6beevne umiddelbart efter p\u00e5s\u00e6tning.<\/li>\n<li><strong>Medicinsk og farmaceutisk<\/strong> - Test af selvkl\u00e6bende tape og bandager for ensartet ydeevne.<\/li>\n<li><strong>Mad og drikke<\/strong> - Sikring af kvaliteten af emballageforseglinger og selvkl\u00e6bende lukninger.<\/li>\n<li><strong>Elektronik og daglige kemikalier<\/strong> - Kontrol af kl\u00e6bekomponenters kl\u00e6beevne for sikker og p\u00e5lidelig brug.<\/li>\n<\/ul>\n<p>Den <strong>Testmaskine til tape loop tack<\/strong> er en robust l\u00f8sning til producenter, kvalitetskontrolafdelinger og testlaboratorier, der \u00f8nsker en konsekvent og p\u00e5lidelig <strong>Vurdering af kl\u00e6beevne<\/strong>. Med sin overholdelse af ASTM D6195 og andre internationale standarder, brugertilpassede indstillinger og sikkerhedsfunktioner er den det bedste valg til loop tack-test med h\u00f8j pr\u00e6cision.<\/p>","protected":false},"excerpt":{"rendered":"<p>Den <strong>Testmaskine til tape loop tack<\/strong> er en robust l\u00f8sning til producenter, kvalitetskontrolafdelinger og testlaboratorier, der \u00f8nsker en konsekvent og p\u00e5lidelig <strong>Vurdering af kl\u00e6beevne<\/strong>. Med sin overholdelse af ASTM D6195 og andre internationale standarder, brugertilpassede indstillinger og sikkerhedsfunktioner er den det bedste valg til loop tack-test med h\u00f8j pr\u00e6cision.<\/p>","protected":false},"featured_media":6259,"comment_status":"closed","ping_status":"closed","template":"","meta":{"site-sidebar-layout":"default","site-content-layout":"default","ast-global-header-display":"","ast-main-header-display":"","ast-hfb-above-header-display":"","ast-hfb-below-header-display":"","ast-hfb-mobile-header-display":"","site-post-title":"","ast-breadcrumbs-content":"","ast-featured-img":"","footer-sml-layout":"","theme-transparent-header-meta":"default","adv-header-id-meta":"","stick-header-meta":"","header-above-stick-meta":"","header-main-stick-meta":"","header-below-stick-meta":""},"product_cat":[845,1075,1074,1162,672,673,95],"product_tag":[],"class_list":{"0":"post-5218","1":"product","2":"type-product","3":"status-publish","4":"has-post-thumbnail","6":"product_cat-customization","7":"product_cat-astm-d6195","8":"product_cat-loop-tack-tester","9":"product_cat-pstc-16","10":"product_cat-applied-materials","11":"product_cat-adhesive-tester","12":"product_cat-products","13":"desktop-align-left","14":"tablet-align-left","15":"mobile-align-left","17":"first","18":"instock","19":"shipping-taxable","20":"product-type-simple"},"_links":{"self":[{"href":"https:\/\/www.qualitester.com\/da\/wp-json\/wp\/v2\/product\/5218","targetHints":{"allow":["GET"]}}],"collection":[{"href":"https:\/\/www.qualitester.com\/da\/wp-json\/wp\/v2\/product"}],"about":[{"href":"https:\/\/www.qualitester.com\/da\/wp-json\/wp\/v2\/types\/product"}],"replies":[{"embeddable":true,"href":"https:\/\/www.qualitester.com\/da\/wp-json\/wp\/v2\/comments?post=5218"}],"version-history":[{"count":0,"href":"https:\/\/www.qualitester.com\/da\/wp-json\/wp\/v2\/product\/5218\/revisions"}],"wp:featuredmedia":[{"embeddable":true,"href":"https:\/\/www.qualitester.com\/da\/wp-json\/wp\/v2\/media\/6259"}],"wp:attachment":[{"href":"https:\/\/www.qualitester.com\/da\/wp-json\/wp\/v2\/media?parent=5218"}],"wp:term":[{"taxonomy":"product_cat","embeddable":true,"href":"https:\/\/www.qualitester.com\/da\/wp-json\/wp\/v2\/product_cat?post=5218"},{"taxonomy":"product_tag","embeddable":true,"href":"https:\/\/www.qualitester.com\/da\/wp-json\/wp\/v2\/product_tag?post=5218"}],"curies":[{"name":"wp","href":"https:\/\/api.w.org\/{rel}","templated":true}]}}