{"id":5197,"date":"2024-11-05T11:16:04","date_gmt":"2024-11-05T03:16:04","guid":{"rendered":"https:\/\/www.qualitester.com\/?post_type=product&#038;p=5197"},"modified":"2024-12-05T14:15:40","modified_gmt":"2024-12-05T06:15:40","slug":"sale-container-top-load-testing-machine-astm-d2659","status":"publish","type":"product","link":"https:\/\/www.qualitester.com\/da\/vare\/sale-container-top-load-testing-machine-astm-d2659\/","title":{"rendered":"TLT-01 Topbelastningstester"},"content":{"rendered":"<p><strong>Testmaskine til topbelastning af containere<\/strong> er en avanceret l\u00f8sning, der er designet til at vurdere den strukturelle integritet og trykstyrken af forskellige emballagebeholdere. Ved n\u00f8jagtigt at m\u00e5le b\u00e6reevnen for beholdere som flasker, krukker, kartoner og kasser hj\u00e6lper denne maskine producenterne med at sikre, at deres produkter kan modst\u00e5 stablings-, forsendelses- og opbevaringsbelastninger uden at blive deformeret eller falde sammen. Med denne maskine tilbyder Cell Instruments en f\u00f8rsteklasses l\u00f8sning til brancher som f\u00f8devarer, l\u00e6gemidler og forbrugsvarer, hvor emballagens holdbarhed er altafg\u00f8rende for produktsikkerhed og -kvalitet.<\/p>\n<h2><strong>Vigtigheden af topbelastningstest i emballage<\/strong><\/h2>\n<p>I moderne emballage er det vigtigt at sikre beholderens styrke og p\u00e5lidelighed. Topbelastningstest verificerer, at beholdere kan modst\u00e5 de trykkr\u00e6fter, der opst\u00e5r under stabling og transport, hvilket beskytter produktet indeni og forhindrer dyre skader, returneringer og udskiftninger. Derudover hj\u00e6lper denne test producenterne med at optimere emballagedesign og materialeforbrug, hvilket fremmer omkostningseffektivitet og b\u00e6redygtighed, samtidig med at kvaliteten og brandets omd\u00f8mme opretholdes.<\/p>\n<h2><strong>ASTM D2659 Standard<\/strong><\/h2>\n<p><strong>ASTM D2659<\/strong> er en vigtig standard til evaluering af trykstyrken af stive plastbeholdere. Den giver standardiserede metoder til at vurdere, hvor godt disse beholdere modst\u00e5r top-down-belastninger, et vigtigt m\u00e5l for at sikre strukturel integritet og ydeevne.<\/p>\n<ul>\n<li><strong>ASTM D2659 Testmetoder:<\/strong> Topbelastningstesten f\u00f8lger retningslinjerne i ASTM D2659 og anvender en kontrolleret trykkraft p\u00e5 beholderens top, som \u00f8ges trinvist, indtil der opst\u00e5r deformation eller svigt. Denne metode giver kritiske data om maksimal belastningstolerance og hj\u00e6lper med at sikre, at beholdere opfylder branchens sikkerheds- og pr\u00e6stationsstandarder.<\/li>\n<li><strong>Fordele ved at overholde reglerne:<\/strong> Overholdelse af ASTM D2659 \u00f8ger p\u00e5lideligheden og overholdelsen af lovgivningen, hvilket giver producenter og forbrugere tillid til emballagens holdbarhed.<\/li>\n<\/ul>\n<h2><strong>De vigtigste tekniske egenskaber ved container-topload-testmaskinen<\/strong><\/h2>\n<p>Container Top Load Testing Machine er konstrueret med henblik p\u00e5 n\u00f8jagtighed, bekvemmelighed og tilpasningsevne og er udstyret med avancerede funktioner til at opfylde forskellige testkrav.<\/p>\n<ul>\n<li><strong>Avanceret styring og visning:<\/strong>\n<ul>\n<li>Maskinen har en 7-tommers HMI-ber\u00f8ringssk\u00e6rm for problemfri brugerinteraktion og nem betjening.<\/li>\n<li>Den drives af et PLC-kontrolsystem, som giver stabilitet og effektivitet i industrikvalitet.<\/li>\n<\/ul>\n<\/li>\n<li><strong>Pr\u00e6cision og fleksibilitet:<\/strong>\n<ul>\n<li>Med en pr\u00e6cisionskuglespindel opn\u00e5r maskinen n\u00f8jagtig kontrol over hastighed og forskydning, hvilket giver p\u00e5lidelige og gentagelige resultater.<\/li>\n<li>Den justerbare testhastighed giver brugerne mulighed for at skr\u00e6ddersy testbetingelserne til deres specifikke materialer og standarder.<\/li>\n<li>Flere kompatible kompressionspladeformer og -st\u00f8rrelser giver fleksibilitet til forskellige beholdertyper og -dimensioner.<\/li>\n<\/ul>\n<\/li>\n<li><strong>Sikkerhed og bekvemmelighedsfunktioner:<\/strong>\n<ul>\n<li>Indbygget overbelastningsbeskyttelse og automatiske returfunktioner sikrer driftssikkerhed og brugervenlighed.<\/li>\n<li>Valgfri mikroprinter og RS232-dataudgangsport muligg\u00f8r effektiv dataregistrering og -rapportering med professionel software til omfattende dataanalyse.<\/li>\n<\/ul>\n<\/li>\n<\/ul>\n<h2><strong>Unikke testprogrammer til omfattende analyser<\/strong><\/h2>\n<p>Container Top Load Testing Machine er udstyret med specialiserede testprogrammer, der hver is\u00e6r er designet til forskellige analysekrav:<\/p>\n<ul>\n<li><strong>Test af spidsbelastning:<\/strong> M\u00e5ler den maksimale trykkraft, som en beholder kan modst\u00e5.<\/li>\n<li><strong>Belastningstest med fast deformation:<\/strong> Evaluerer belastningskapaciteten, n\u00e5r beholderen n\u00e5r et bestemt deformationsniveau.<\/li>\n<li><strong>Test af fast belastning:<\/strong> M\u00e5ler omfanget af beholderens deformation under en konstant belastning.<\/li>\n<li><strong>Enkelt- og cyklisk kompressionstest:<\/strong> Giver mulighed for en enkelt kompressionsanalyse eller gentagne kompressionscyklusser til dybdeg\u00e5ende test af strukturel modstandsdygtighed.<\/li>\n<\/ul>\n<h2><strong>Tekniske specifikationer<\/strong><\/h2>\n<table>\n<tbody>\n<tr>\n<td width=\"248\">Testomr\u00e5de<\/td>\n<td width=\"374\">0-1000N (eller efter behov)<\/td>\n<\/tr>\n<tr>\n<td width=\"248\">Pr\u00f8veh\u00f8jde<\/td>\n<td width=\"374\">700 mm<\/td>\n<\/tr>\n<tr>\n<td width=\"248\">Pr\u00f8vens diameter<\/td>\n<td width=\"374\">120 mm maks.<\/td>\n<\/tr>\n<tr>\n<td width=\"248\">Test hastighed<\/td>\n<td width=\"374\">1~500mm\/min<\/td>\n<\/tr>\n<tr>\n<td width=\"248\">Forskydningsn\u00f8jagtighed<\/td>\n<td width=\"374\">0,01 mm<\/td>\n<\/tr>\n<tr>\n<td width=\"248\">Kraftn\u00f8jagtighed<\/td>\n<td width=\"374\">0,5% Fuld skala<\/td>\n<\/tr>\n<tr>\n<td width=\"248\">Kontrol<\/td>\n<td width=\"374\">PLC og HMI-sk\u00e6rm<\/td>\n<\/tr>\n<tr>\n<td width=\"248\">Dataudgang<\/td>\n<td width=\"374\">sk\u00e6rm, mikroprinter (ekstraudstyr), RS232 (ekstraudstyr)<\/td>\n<\/tr>\n<tr>\n<td width=\"248\">Kraft<\/td>\n<td width=\"374\">110~ 220V, 50\/60Hz<\/td>\n<\/tr>\n<\/tbody>\n<\/table>\n<h2><strong>Overholdelse af yderligere standarder<\/strong><\/h2>\n<p>Ud over ASTM D2659 underst\u00f8tter Container Top Load Testing Machine testning i overensstemmelse med flere andre standarder for at opfylde forskellige branchebehov:<\/p>\n<ul>\n<li><strong><a href=\"https:\/\/www.astm.org\/d4577-19.html\" target=\"_blank\" rel=\"noopener nofollow\">ASTM D4577<\/a>:<\/strong> Retningslinjer for evaluering af trykstyrke for emballagebeholdere.<\/li>\n<li><strong><a href=\"https:\/\/www.astm.org\/d0642-20.html\" target=\"_blank\" rel=\"noopener nofollow\">ASTM D642<\/a>:<\/strong> Metoder til vurdering af emballagematerialers trykstyrke.<\/li>\n<li><strong><a href=\"https:\/\/www.iso.org\/standard\/35617.html\" target=\"_blank\" rel=\"noopener nofollow\">ISO 8113<\/a>:<\/strong> Angiver trykstyrketest ved topbelastning for stive beholdere.<\/li>\n<li><strong><a href=\"https:\/\/www.astm.org\/d4169-22.html\" target=\"_blank\" rel=\"noopener nofollow\">ASTM D4169<\/a>:<\/strong> Indeholder testprocedurer for ydeevne for skibscontainere og emballagesystemer.<\/li>\n<\/ul>\n<h2><strong>Ofte stillede sp\u00f8rgsm\u00e5l (FAQ)<\/strong><\/h2>\n<ol>\n<li><strong>Hvilke typer beholdere kan testes med denne maskine?<\/strong><br \/>\nMaskinen kan teste forskellige beholdere som flasker, krukker, kartoner og kasser af plast, glas eller andre stive materialer med en diameter p\u00e5 op til 120 mm og en h\u00f8jde p\u00e5 700 mm.<\/li>\n<li><strong>Hvordan sikrer denne maskine overensstemmelse med ASTM D2659?<\/strong><br \/>\nMaskinen er designet til at f\u00f8lge ASTM D2659-testmetoder, anvende kontrollerede, trinvise trykkr\u00e6fter og registrere maksimal belastningskapacitet og deformation, hvilket sikrer n\u00f8jagtighed i opfyldelsen af standarden.<\/li>\n<li><strong>Kan testparametrene justeres?<\/strong><br \/>\nJa, testparametrene, herunder testhastighed og pr\u00f8veh\u00f8jde, kan justeres, s\u00e5 de passer til forskellige beholderst\u00f8rrelser og testkrav.<\/li>\n<li><strong>Er det muligt at integrere denne maskine med datastyringssoftware?<\/strong><br \/>\nJa, maskinen har en RS232-dataport til problemfri integration med softwaresystemer, hvilket forbedrer mulighederne for dataregistrering og -analyse.<\/li>\n<li><strong>Hvor ofte skal maskinen kalibreres?<\/strong><br \/>\nRegelm\u00e6ssig kalibrering anbefales baseret p\u00e5 brugsfrekvens, typisk p\u00e5 \u00e5rsbasis, for at opretholde optimal n\u00f8jagtighed og overensstemmelse.<\/li>\n<\/ol>\n<p>Cell Instruments\u2019 <strong>Testmaskine til topbelastning af containere<\/strong> er konstrueret til at levere pr\u00e6cision, p\u00e5lidelighed og fleksibilitet til at opfylde en lang r\u00e6kke testbehov. Med muligheder for tilpasning kan den let tilpasses unikke kundekrav, herunder s\u00e6rlige testbehov og automatiseringstransformation. Brugerne f\u00e5r ekspertvejledning i ops\u00e6tning, overholdelse af ASTM-standarder og datafortolkning, hvilket sikrer effektiv integration i kvalitetssikringsarbejdsgange.<\/p>","protected":false},"excerpt":{"rendered":"<p><strong>Testmaskine til topbelastning af containere<\/strong> er en avanceret l\u00f8sning, der er designet til at vurdere den strukturelle integritet og trykstyrken af forskellige emballagebeholdere. Ved n\u00f8jagtigt at m\u00e5le b\u00e6reevnen for beholdere som flasker, krukker, kartoner og kasser hj\u00e6lper denne maskine producenterne med at sikre, at deres produkter kan modst\u00e5 stablings-, forsendelses- og opbevaringsbelastninger uden at blive deformeret eller falde sammen. Med denne maskine tilbyder Cell Instruments en f\u00f8rsteklasses l\u00f8sning til brancher som f\u00f8devarer, l\u00e6gemidler og forbrugsvarer, hvor emballagens holdbarhed er altafg\u00f8rende for produktsikkerhed og -kvalitet.<\/p>","protected":false},"featured_media":6248,"comment_status":"closed","ping_status":"closed","template":"","meta":{"site-sidebar-layout":"default","site-content-layout":"default","ast-global-header-display":"","ast-main-header-display":"","ast-hfb-above-header-display":"","ast-hfb-below-header-display":"","ast-hfb-mobile-header-display":"","site-post-title":"","ast-breadcrumbs-content":"","ast-featured-img":"","footer-sml-layout":"","theme-transparent-header-meta":"default","adv-header-id-meta":"","stick-header-meta":"","header-above-stick-meta":"","header-main-stick-meta":"","header-below-stick-meta":""},"product_cat":[845,1071,1069,1072,1068,1073,1113,95],"product_tag":[],"class_list":{"0":"post-5197","1":"product","2":"type-product","3":"status-publish","4":"has-post-thumbnail","6":"product_cat-customization","7":"product_cat-astm-d2659","8":"product_cat-astm-d4169","9":"product_cat-astm-d4577","10":"product_cat-astm-d642","11":"product_cat-iso-8113","12":"product_cat-top-load-tester","13":"product_cat-products","14":"desktop-align-left","15":"tablet-align-left","16":"mobile-align-left","18":"first","19":"instock","20":"shipping-taxable","21":"product-type-simple"},"_links":{"self":[{"href":"https:\/\/www.qualitester.com\/da\/wp-json\/wp\/v2\/product\/5197","targetHints":{"allow":["GET"]}}],"collection":[{"href":"https:\/\/www.qualitester.com\/da\/wp-json\/wp\/v2\/product"}],"about":[{"href":"https:\/\/www.qualitester.com\/da\/wp-json\/wp\/v2\/types\/product"}],"replies":[{"embeddable":true,"href":"https:\/\/www.qualitester.com\/da\/wp-json\/wp\/v2\/comments?post=5197"}],"version-history":[{"count":0,"href":"https:\/\/www.qualitester.com\/da\/wp-json\/wp\/v2\/product\/5197\/revisions"}],"wp:featuredmedia":[{"embeddable":true,"href":"https:\/\/www.qualitester.com\/da\/wp-json\/wp\/v2\/media\/6248"}],"wp:attachment":[{"href":"https:\/\/www.qualitester.com\/da\/wp-json\/wp\/v2\/media?parent=5197"}],"wp:term":[{"taxonomy":"product_cat","embeddable":true,"href":"https:\/\/www.qualitester.com\/da\/wp-json\/wp\/v2\/product_cat?post=5197"},{"taxonomy":"product_tag","embeddable":true,"href":"https:\/\/www.qualitester.com\/da\/wp-json\/wp\/v2\/product_tag?post=5197"}],"curies":[{"name":"wp","href":"https:\/\/api.w.org\/{rel}","templated":true}]}}