{"id":5133,"date":"2024-10-30T17:09:27","date_gmt":"2024-10-30T09:09:27","guid":{"rendered":"https:\/\/www.qualitester.com\/?post_type=product&#038;p=5133"},"modified":"2024-12-06T09:53:47","modified_gmt":"2024-12-06T01:53:47","slug":"sale-medical-device-packaging-testing-machine","status":"publish","type":"product","link":"https:\/\/www.qualitester.com\/da\/vare\/sale-medical-device-packaging-testing-machine\/","title":{"rendered":"MPT-01 Tester af medicinsk emballage"},"content":{"rendered":"<h2><strong>Introduktion<\/strong><\/h2>\n<p>Den <strong>Testmaskine til emballering af medicinsk udstyr<\/strong> er et vigtigt v\u00e6rkt\u00f8j i den medicinske og farmaceutiske industri, der er designet til at vurdere de mekaniske egenskaber af emballagematerialer til medicinsk udstyr og farmaceutiske produkter. Denne maskine spiller en afg\u00f8rende rolle for at sikre emballagens integritet og sikkerhed og hj\u00e6lper producenterne med at overholde strenge lovm\u00e6ssige standarder.<\/p>\n<h2><strong>Anvendelser<\/strong><\/h2>\n<p>Denne alsidige maskine er i stand til at teste en lang r\u00e6kke materialer, der ofte bruges i medicinsk emballage, herunder polymerer, poser, ampuller, gummipropper, spr\u00f8jter og kanyler. Ved at evaluere disse materialer hj\u00e6lper Medical Device Packaging Testing Machine med at garantere, at emballagen kan modst\u00e5 forskellige forhold under transport og opbevaring.<\/p>\n<h2><strong>Testmetoder<\/strong><\/h2>\n<p>Testmaskinen til emballage til medicinsk udstyr udf\u00f8rer flere vigtige tests for at sikre kvaliteten af emballagematerialerne:<\/p>\n<ul>\n<li><strong>Tr\u00e6kpr\u00f8vninger:<\/strong> M\u00e5l den kraft, der skal til for at tr\u00e6kke materialer fra hinanden.<\/li>\n<li><strong>Kompressionstest:<\/strong> Vurder emballagens evne til at modst\u00e5 ydre tryk.<\/li>\n<li><strong>T\u00e5repr\u00f8ver:<\/strong> Vurder materialers modstandsdygtighed over for rivning.<\/li>\n<li><strong>Test af \u00e5bningskraft:<\/strong> Bestem den kraft, der skal til for at \u00e5bne en forseglet emballage.<\/li>\n<li><strong>Penetrationstests:<\/strong> Test integriteten af gummipropper og t\u00e6tninger.<\/li>\n<li><strong>Test af brudstyrke:<\/strong> Vurder den maksimale belastning, et materiale kan b\u00e6re, f\u00f8r det svigter.<\/li>\n<li><strong>Tr\u00e6kpr\u00f8ver:<\/strong> M\u00e5l styrken af forbindelser i emballagekomponenter.<\/li>\n<\/ul>\n<h2><strong>Alsidighed<\/strong><\/h2>\n<p>Denne maskine underst\u00f8tter forskellige tests, der er vigtige for kvalitetssikring af medicinsk emballage. De vigtigste tests omfatter:<\/p>\n<ul>\n<li><strong>Gennemtr\u00e6ngningstest af gummipropper<\/strong> i antibiotikaflasker og kanyler: Sikrer, at propperne bevarer deres integritet, n\u00e5r de penetreres.<\/li>\n<li><strong>Test af brudstyrke<\/strong> af ampulflasker: Tester flaskernes modstandsdygtighed over for brud.<\/li>\n<li><strong>Test af l\u00e6kage<\/strong> af plastemballager under eksternt tryk: Kontrollerer emballagens forseglingsintegritet.<\/li>\n<li><strong>Test af tilslutningskraft<\/strong> mellem hypodermiske kanyler og kanylehubs\/h\u00e6tter: Vurderer p\u00e5lideligheden af disse forbindelser.<\/li>\n<li><strong>Test af flaskens stivhed:<\/strong> M\u00e5ler flaskers stivhed for at forhindre deformation.<\/li>\n<li><strong>Test af punktering af flaskel\u00e5g<\/strong> med animeret finger: Evaluerer l\u00e5gets modstandsdygtighed over for punktering.<\/li>\n<li><strong>Test af glidemodstand<\/strong> af stempler: Tester ydeevnen af bev\u00e6gelige komponenter i medicinsk udstyr.<\/li>\n<\/ul>\n<h2><strong>Tekniske funktioner<\/strong><\/h2>\n<p>Testmaskinen til emballage til medicinsk udstyr er udstyret med avancerede tekniske funktioner, der forbedrer dens ydeevne:<\/p>\n<ul>\n<li><strong>Programmerbar logisk controller (PLC):<\/strong> Giver stabil og p\u00e5lidelig kontrol.<\/li>\n<li><strong>Ber\u00f8ringssk\u00e6rm til menneske-maskine-gr\u00e6nseflade (HMI):<\/strong> Sikrer brugervenlig betjening.<\/li>\n<li><strong>Pr\u00e6cisions-kuglehovedskruemekanisme:<\/strong> Garanterer n\u00f8jagtig og ensartet kontrol af hastighed og forskydning.<\/li>\n<li><strong>Programmer, der kan tilpasses:<\/strong> Designet til at im\u00f8dekomme specifikke testkrav.<\/li>\n<li><strong>Justerbar testhastighed:<\/strong> Giver fleksibilitet i testbetingelserne.<\/li>\n<li><strong>Flere armaturer:<\/strong> F\u00e5s til tr\u00e6k- og tryktest, skr\u00e6ddersyet til specifikke materialer.<\/li>\n<li><strong>Sikkerhedsfunktioner:<\/strong> Inkluderer gr\u00e6nsebeskyttelse og automatisk returnering for sikker drift.<\/li>\n<\/ul>\n<h2><strong>Vigtigste parametre<\/strong><\/h2>\n<table>\n<tbody>\n<tr>\n<td style=\"text-align: center;\" width=\"175\">Testomr\u00e5de<\/td>\n<td style=\"text-align: center;\" width=\"277\">500N (eller efter behov)<\/td>\n<\/tr>\n<tr>\n<td style=\"text-align: center;\" width=\"175\">Slagtilf\u00e6lde<\/td>\n<td style=\"text-align: center;\" width=\"277\">200 mm (uden klemme)<\/td>\n<\/tr>\n<tr>\n<td style=\"text-align: center;\" width=\"175\">Test hastighed<\/td>\n<td style=\"text-align: center;\" width=\"277\">1~500mm\/min<\/td>\n<\/tr>\n<tr>\n<td style=\"text-align: center;\" width=\"175\">Forskydningsn\u00f8jagtighed<\/td>\n<td style=\"text-align: center;\" width=\"277\">0,01 mm<\/td>\n<\/tr>\n<tr>\n<td style=\"text-align: center;\" width=\"175\">N\u00f8jagtighed<\/td>\n<td style=\"text-align: center;\" width=\"277\">0,5% F.S.<\/td>\n<\/tr>\n<tr>\n<td style=\"text-align: center;\" width=\"175\">Kontrol<\/td>\n<td style=\"text-align: center;\" width=\"277\">PLC og gr\u00e6nseflade mellem menneske og maskine<\/td>\n<\/tr>\n<tr>\n<td style=\"text-align: center;\" width=\"175\">Output<\/td>\n<td style=\"text-align: center;\" width=\"277\">Sk\u00e6rm, mikroprinter, RS232 (valgfrit)<\/td>\n<\/tr>\n<tr>\n<td style=\"text-align: center;\" width=\"175\">Kraft<\/td>\n<td style=\"text-align: center;\" width=\"277\">110~220V<\/td>\n<\/tr>\n<\/tbody>\n<\/table>","protected":false},"excerpt":{"rendered":"<p>Den <strong>Testmaskine til emballering af medicinsk udstyr<\/strong> er et vigtigt v\u00e6rkt\u00f8j i den medicinske og farmaceutiske industri, der er designet til at vurdere de mekaniske egenskaber af emballagematerialer til medicinsk udstyr og farmaceutiske produkter. Denne maskine spiller en afg\u00f8rende rolle for at sikre emballagens integritet og sikkerhed og hj\u00e6lper producenterne med at overholde strenge lovm\u00e6ssige standarder.<\/p>","protected":false},"featured_media":6319,"comment_status":"closed","ping_status":"closed","template":"","meta":{"site-sidebar-layout":"default","site-content-layout":"default","ast-global-header-display":"","ast-main-header-display":"","ast-hfb-above-header-display":"","ast-hfb-below-header-display":"","ast-hfb-mobile-header-display":"","site-post-title":"","ast-breadcrumbs-content":"","ast-featured-img":"","footer-sml-layout":"","theme-transparent-header-meta":"default","adv-header-id-meta":"","stick-header-meta":"","header-above-stick-meta":"","header-main-stick-meta":"","header-below-stick-meta":""},"product_cat":[95,933,845,679,149],"product_tag":[],"class_list":{"0":"post-5133","1":"product","2":"type-product","3":"status-publish","4":"has-post-thumbnail","6":"product_cat-products","7":"product_cat-ampoule-breaking-tester","8":"product_cat-customization","9":"product_cat-tensile-tester","10":"product_cat-pharma-and-medical-testers","11":"desktop-align-left","12":"tablet-align-left","13":"mobile-align-left","15":"first","16":"instock","17":"shipping-taxable","18":"product-type-simple"},"_links":{"self":[{"href":"https:\/\/www.qualitester.com\/da\/wp-json\/wp\/v2\/product\/5133","targetHints":{"allow":["GET"]}}],"collection":[{"href":"https:\/\/www.qualitester.com\/da\/wp-json\/wp\/v2\/product"}],"about":[{"href":"https:\/\/www.qualitester.com\/da\/wp-json\/wp\/v2\/types\/product"}],"replies":[{"embeddable":true,"href":"https:\/\/www.qualitester.com\/da\/wp-json\/wp\/v2\/comments?post=5133"}],"version-history":[{"count":0,"href":"https:\/\/www.qualitester.com\/da\/wp-json\/wp\/v2\/product\/5133\/revisions"}],"wp:featuredmedia":[{"embeddable":true,"href":"https:\/\/www.qualitester.com\/da\/wp-json\/wp\/v2\/media\/6319"}],"wp:attachment":[{"href":"https:\/\/www.qualitester.com\/da\/wp-json\/wp\/v2\/media?parent=5133"}],"wp:term":[{"taxonomy":"product_cat","embeddable":true,"href":"https:\/\/www.qualitester.com\/da\/wp-json\/wp\/v2\/product_cat?post=5133"},{"taxonomy":"product_tag","embeddable":true,"href":"https:\/\/www.qualitester.com\/da\/wp-json\/wp\/v2\/product_tag?post=5133"}],"curies":[{"name":"wp","href":"https:\/\/api.w.org\/{rel}","templated":true}]}}