{"id":5127,"date":"2024-10-29T17:00:41","date_gmt":"2024-10-29T09:00:41","guid":{"rendered":"https:\/\/www.qualitester.com\/?post_type=product&#038;p=5127"},"modified":"2024-12-05T11:54:55","modified_gmt":"2024-12-05T03:54:55","slug":"sale-hardness-test-apparatus-for-tablet","status":"publish","type":"product","link":"https:\/\/www.qualitester.com\/da\/vare\/sale-hardness-test-apparatus-for-tablet\/","title":{"rendered":"MPT-02 Kompressionstester til tabletter"},"content":{"rendered":"<p><strong>Apparat til h\u00e5rdhedstest af tabletter<\/strong> er et avanceret instrument designet til pr\u00e6cis og p\u00e5lidelig test af tablettens h\u00e5rdhed, en vigtig proces i den farmaceutiske industri. Ved at vurdere tabletternes trykstyrke sikrer dette apparat, at tabletterne bevarer deres fysiske integritet under produktion, opbevaring og brug, hvilket i sidste ende sikrer l\u00e6gemidlets effekt og patientsikkerheden. Medicinalproducenter er afh\u00e6ngige af test af tablettens h\u00e5rdhed, ikke kun for at opfylde strenge lovm\u00e6ssige standarder, men ogs\u00e5 for at forbedre produktkvaliteten og konkurrenceevnen p\u00e5 markedet.<\/p>\n<h2>Betydningen af tablet-h\u00e5rdhedstest i farmaceutisk produktion<\/h2>\n<p><strong>Test af tablettens h\u00e5rdhed<\/strong> spiller en afg\u00f8rende rolle for at sikre den overordnede kvalitet og sikkerhed af farmaceutiske tabletter. Test af tablettens h\u00e5rdhed hj\u00e6lper med at:<\/p>\n<ul>\n<li><strong>S\u00f8rg for tablettens kvalitet<\/strong>: Tabletter med lav h\u00e5rdhed kan g\u00e5 i stykker under transport eller h\u00e5ndtering, mens for stor h\u00e5rdhed kan hindre tablettens opl\u00f8sning og dermed p\u00e5virke l\u00e6gemiddelfrigivelsen og biotilg\u00e6ngeligheden negativt. Et optimalt h\u00e5rdhedsomr\u00e5de sikrer, at tabletterne t\u00e5ler h\u00e5ndtering uden at g\u00e5 p\u00e5 kompromis med den terapeutiske effektivitet.<\/li>\n<li><strong>Optimering af produktionsprocesser<\/strong>: Rutinem\u00e6ssige h\u00e5rdhedstest hj\u00e6lper med at identificere uoverensstemmelser i produktionen, f.eks. forkert kompressionskraft eller problemer med formuleringen, s\u00e5 producenterne hurtigt kan justere processerne og forbedre tablettens ensartethed.<\/li>\n<li><strong>Guide til produktdesign<\/strong>: H\u00e5rdhedsdata hj\u00e6lper med at designe nye formuleringer, der opfylder specifikke krav til h\u00e5rdhed og nedbrydning, hvilket er afg\u00f8rende for at udvikle effektive, sikre og brugervenlige tabletter.<\/li>\n<\/ul>\n<h2>Principper for test af tablettens h\u00e5rdhed<\/h2>\n<p><strong>Test af tablettens h\u00e5rdhed<\/strong> indeb\u00e6rer, at tabletten placeres p\u00e5 h\u00e5rdhedstesterens m\u00e5leplatform, hvor en kontrolleret kraft p\u00e5f\u00f8res gennem et \u00f8vre stempel. Testeren m\u00e5ler enten tablettens deformation eller den kraft, der skal til for at kn\u00e6kke den, hvilket giver indsigt i dens h\u00e5rdhed. De vigtigste m\u00e5lemetoder omfatter:<\/p>\n<ul>\n<li><strong>Metode til indtryksdybde<\/strong>: Denne metode m\u00e5ler h\u00e5rdheden ved at registrere dybden af en fordybning, der dannes under et bestemt tryk. Mindre fordybninger indikerer en h\u00e5rdere tablet, hvilket g\u00f8r denne metode effektiv til kontrol af konsistens.<\/li>\n<li><strong>Metode til knusningsstyrke<\/strong>: Denne metode m\u00e5ler den kraft, der skal til for at knuse tabletten. En st\u00f8rre kraft betyder en h\u00e5rdere tablet, hvilket giver vigtige data til kvalitetskontrol og compliance.<\/li>\n<\/ul>\n<h2>N\u00f8glefunktioner i h\u00e5rdhedstest-apparatet<\/h2>\n<p>Denne <strong>Apparat til h\u00e5rdhedstest<\/strong> er konstrueret med avancerede funktioner for at sikre pr\u00e6cision, holdbarhed og brugervenlighed i farmaceutiske milj\u00f8er:<\/p>\n<ul>\n<li><strong>Brugervenlig gr\u00e6nseflade<\/strong>: Udstyret med en 7-tommers HMI-ber\u00f8ringssk\u00e6rm til intuitiv betjening og nem navigation.<\/li>\n<li><strong>Stabilitet i industriel klasse<\/strong>: Bygget med en h\u00f8jtydende PLC-kontrolenhed for p\u00e5lidelige og ensartede testresultater.<\/li>\n<li><strong>Komponenter med h\u00f8j pr\u00e6cision<\/strong>:\n<ul>\n<li><strong>Vejecelle<\/strong>: Leverer n\u00f8jagtige kraftm\u00e5linger, der er afg\u00f8rende for overholdelse af regler og kvalitetssikring.<\/li>\n<li><strong>Kuglespindelsystem<\/strong>: Giver pr\u00e6cis kraftanvendelse og minimerer variationen i testresultaterne.<\/li>\n<\/ul>\n<\/li>\n<li><strong>Justerbar testhastighed<\/strong>: Giver operat\u00f8rerne mulighed for at \u00e6ndre testhastigheder baseret p\u00e5 specifikke testkrav, hvilket \u00f8ger alsidigheden i forskellige testscenarier.<\/li>\n<li><strong>Visning af data i realtid<\/strong>: Viser kraftdata i realtid under testning, hvilket giver \u00f8jeblikkelig feedback og sporing til effektiv kvalitetskontrol.<\/li>\n<li><strong>Nem kalibrering<\/strong>: En forenklet kalibreringsproces sparer tid og sikrer n\u00f8jagtighed i overensstemmelse med branchens standarder.<\/li>\n<li><strong>Alsidige testmuligheder<\/strong>: Leveres med flere armaturer til forskellige testkonfigurationer, hvilket g\u00f8r apparatet anvendeligt til forskellige tabletst\u00f8rrelser og formuleringer.<\/li>\n<li><strong>Yderligere funktionaliteter<\/strong>:\n<ul>\n<li>Indeholder en positionsbegr\u00e6nser og automatisk returfunktion for effektiv h\u00e5ndtering.<\/li>\n<li>Valgfri mikroprinteroutput og softwareintegration til datah\u00e5ndtering og sporbarhed.<\/li>\n<\/ul>\n<\/li>\n<\/ul>\n<h2>De vigtigste parametre for tablet-h\u00e5rdhedstesteren<\/h2>\n<p>Dette apparat er konstrueret til at opfylde h\u00f8je standarder inden for farmaceutisk testning. De vigtigste specifikationer omfatter:<\/p>\n<ul>\n<li><strong>Belastningsomr\u00e5de<\/strong>: Bredt udvalg for at im\u00f8dekomme forskellige tableth\u00e5rdheder.<\/li>\n<li><strong>N\u00f8jagtighed og opl\u00f8sning<\/strong>: H\u00f8j pr\u00e6cision for ensartede og reproducerbare resultater.<\/li>\n<li><strong>Omr\u00e5de for testhastighed<\/strong>: Justerbare testhastigheder for at opfylde specifikke testbehov.<\/li>\n<li><strong>Dimensioner<\/strong>: Kompakt design velegnet til laboratorie- eller produktionsmilj\u00f8er.<\/li>\n<\/ul>\n<h2>Anvendelser af tablet-h\u00e5rdhedstestapparatet i industrien<\/h2>\n<p>Den <strong>Apparat til h\u00e5rdhedstest af tabletter<\/strong> har en bred anvendelse inden for farmaceutisk produktion og forskning:<\/p>\n<ul>\n<li><strong>Farmaceutisk produktion<\/strong>: Sikrer tabletkvalitet, ensartethed og overholdelse af lovgivningen under masseproduktion.<\/li>\n<li><strong>Forskning og udvikling<\/strong>: Giver vigtige data til udvikling og raffinering af l\u00e6gemiddelformuleringer og underst\u00f8tter skabelsen af effektiv og sikker medicin.<\/li>\n<li><strong>Kvalitetskontrol<\/strong>: Rutinem\u00e6ssig h\u00e5rdhedstestning i produktionslinjer og kvalitetskontrol sikrer konsistens og p\u00e5lidelighed i farmaceutiske produkter, der opfylder b\u00e5de lovgivningsm\u00e6ssige standarder og patienternes behov.<\/li>\n<\/ul>\n<h2>Fordele ved at bruge h\u00e5rdhedstestapparatet til kvalitetskontrol af tabletter<\/h2>\n<p>Med avancerede funktioner og fleksibel funktionalitet er denne <strong>Apparat til h\u00e5rdhedstest af tabletter<\/strong> giver mange fordele for producenterne:<\/p>\n<ul>\n<li><strong>Forbedret produktkonsistens<\/strong>: Opn\u00e5r p\u00e5lidelig kvalitetskontrol og forbedrer den overordnede kvalitet af farmaceutiske tabletter.<\/li>\n<li><strong>Str\u00f8mlinet datah\u00e5ndtering<\/strong>: Resultater i realtid og valgfri dataudl\u00e6sning g\u00f8r det nemt at spore, hvilket \u00f8ger effektiviteten og sporbarheden.<\/li>\n<li><strong>Overholdelse af lovgivningen<\/strong>: Forenkler overholdelsen af strenge kvalitetsstandarder og sikrer, at tabletterne opfylder de n\u00f8dvendige specifikationer for frigivelse til markedet.<\/li>\n<\/ul>","protected":false},"excerpt":{"rendered":"<p><strong>Apparat til h\u00e5rdhedstest af tabletter<\/strong> er et avanceret instrument designet til pr\u00e6cis og p\u00e5lidelig test af tablettens h\u00e5rdhed, en vigtig proces i den farmaceutiske industri. Ved at vurdere tabletternes trykstyrke sikrer dette apparat, at tabletterne bevarer deres fysiske integritet under produktion, opbevaring og brug, hvilket i sidste ende sikrer l\u00e6gemidlets effekt og patientsikkerheden. Medicinalproducenter er afh\u00e6ngige af test af tablettens h\u00e5rdhed, ikke kun for at opfylde strenge lovm\u00e6ssige standarder, men ogs\u00e5 for at forbedre produktkvaliteten og konkurrenceevnen p\u00e5 markedet.<\/p>","protected":false},"featured_media":6217,"comment_status":"closed","ping_status":"closed","template":"","meta":{"site-sidebar-layout":"default","site-content-layout":"default","ast-global-header-display":"","ast-main-header-display":"","ast-hfb-above-header-display":"","ast-hfb-below-header-display":"","ast-hfb-mobile-header-display":"","site-post-title":"","ast-breadcrumbs-content":"","ast-featured-img":"","footer-sml-layout":"","theme-transparent-header-meta":"default","adv-header-id-meta":"","stick-header-meta":"","header-above-stick-meta":"","header-main-stick-meta":"","header-below-stick-meta":""},"product_cat":[1054,845,149,95],"product_tag":[],"class_list":{"0":"post-5127","1":"product","2":"type-product","3":"status-publish","4":"has-post-thumbnail","6":"product_cat-hardness-tester","7":"product_cat-customization","8":"product_cat-pharma-and-medical-testers","9":"product_cat-products","10":"desktop-align-left","11":"tablet-align-left","12":"mobile-align-left","14":"first","15":"instock","16":"shipping-taxable","17":"product-type-simple"},"_links":{"self":[{"href":"https:\/\/www.qualitester.com\/da\/wp-json\/wp\/v2\/product\/5127","targetHints":{"allow":["GET"]}}],"collection":[{"href":"https:\/\/www.qualitester.com\/da\/wp-json\/wp\/v2\/product"}],"about":[{"href":"https:\/\/www.qualitester.com\/da\/wp-json\/wp\/v2\/types\/product"}],"replies":[{"embeddable":true,"href":"https:\/\/www.qualitester.com\/da\/wp-json\/wp\/v2\/comments?post=5127"}],"version-history":[{"count":0,"href":"https:\/\/www.qualitester.com\/da\/wp-json\/wp\/v2\/product\/5127\/revisions"}],"wp:featuredmedia":[{"embeddable":true,"href":"https:\/\/www.qualitester.com\/da\/wp-json\/wp\/v2\/media\/6217"}],"wp:attachment":[{"href":"https:\/\/www.qualitester.com\/da\/wp-json\/wp\/v2\/media?parent=5127"}],"wp:term":[{"taxonomy":"product_cat","embeddable":true,"href":"https:\/\/www.qualitester.com\/da\/wp-json\/wp\/v2\/product_cat?post=5127"},{"taxonomy":"product_tag","embeddable":true,"href":"https:\/\/www.qualitester.com\/da\/wp-json\/wp\/v2\/product_tag?post=5127"}],"curies":[{"name":"wp","href":"https:\/\/api.w.org\/{rel}","templated":true}]}}