{"id":5110,"date":"2024-10-29T16:23:12","date_gmt":"2024-10-29T08:23:12","guid":{"rendered":"https:\/\/www.qualitester.com\/?post_type=product&#038;p=5110"},"modified":"2024-12-05T11:31:23","modified_gmt":"2024-12-05T03:31:23","slug":"sale-soft-gel-capsule-hardness-tester","status":"publish","type":"product","link":"https:\/\/www.qualitester.com\/da\/vare\/sale-soft-gel-capsule-hardness-tester\/","title":{"rendered":"CHT-01 H\u00e5rdhedstester til bl\u00f8de gelekapsler"},"content":{"rendered":"<h2><strong>Introduktion til h\u00e5rdhedstesteren til softgel-kapsler<\/strong><\/h2>\n<p>I den farmaceutiske og nutraceutiske industri er kvalitetskontrol altafg\u00f8rende. Det er afg\u00f8rende at sikre, at softgel-kapsler bevarer deres strukturelle integritet gennem emballerings-, opbevarings- og distributionsprocesser. Den <strong>H\u00e5rdhedstester til bl\u00f8de gelekapsler<\/strong>, specifikt den <strong>CHT-01 Kapsel- og softgel-h\u00e5rdhedstester<\/strong>, er et h\u00f8jpr\u00e6cisionsinstrument, der er designet til at m\u00e5le kapslernes fasthed, elasticitet og generelle styrke. Ved at vurdere n\u00f8glefaktorer som h\u00e5rdhed, deformation og forseglingsstyrke hj\u00e6lper denne tester producenterne med at garantere, at deres produkter er sikre, effektive og af h\u00f8j kvalitet.<\/p>\n<h2><strong>Hvorfor teste h\u00e5rdheden og fastheden af softgel-kapsler?<\/strong><\/h2>\n<p>Softgelkapsler bruges i vid udstr\u00e6kning til at levere vitaminer, mineraler og medicin i en stabil og beskyttende gelatineskal. For disse kapsler er det vigtigt at opretholde et ideelt fasthedsniveau - ikke kun for at beskytte de aktive ingredienser indeni, men ogs\u00e5 for at sikre en kontrolleret frigivelse af indholdet ved indtagelse. H\u00e5rdhedstest afsl\u00f8rer, hvordan kapslen vil fungere under forskellige forhold, fra emballering og transport til forbrugerens oplevelse. Den <strong>H\u00e5rdhedstester til bl\u00f8de gelekapsler<\/strong> er afg\u00f8rende for at identificere eventuelle svagheder i kapselv\u00e6gge eller forseglinger og forhindre problemer, f\u00f8r de n\u00e5r ud p\u00e5 markedet.<\/p>\n<h2><strong>N\u00f8glefunktioner i h\u00e5rdhedstesteren til bl\u00f8de gelekapsler<\/strong><\/h2>\n<ul>\n<li><strong>Testmuligheder med h\u00f8j pr\u00e6cision<\/strong><br \/>\nUdstyret med avanceret teknologi s\u00e5som en PLC-kontrolenhed, pr\u00e6cisionskugleskrue og stepmotor giver denne tester p\u00e5lidelige og n\u00f8jagtige resultater, der underst\u00f8tter strenge kvalitetsstandarder.<\/li>\n<li><strong>Alsidige testprogrammer<\/strong><br \/>\nTilbyder flere standardprogrammer-<strong>Kraft<\/strong> (anvendelse af en bestemt kraft og m\u00e5ling af afstand), <strong>Toppen<\/strong> (m\u00e5ling af maksimal kraft for kapselbrud) og <strong>Afstand<\/strong> (m\u00e5ling af kraft i en fast afstand) - Soft Gel Capsule Hardness Tester muligg\u00f8r omfattende test for at forst\u00e5 alle aspekter af kapselintegriteten.<\/li>\n<li><strong>Brugervenlig gr\u00e6nseflade og kontrol<\/strong><br \/>\nEn 7-tommers HMI-ber\u00f8ringssk\u00e6rm giver brugerne mulighed for nemt at konfigurere indstillinger, administrere testprogrammer og visualisere resultater. Dette intuitive design forbedrer arbejdsgangen og g\u00f8r det muligt at foretage hurtige justeringer baseret p\u00e5 testkrav.<\/li>\n<li><strong>Forbedret effektivitet og sikkerhedsfunktioner<\/strong><br \/>\nEt roterende bord, automatisk statik til dataindsamling og overbelastningsbeskyttelse \u00f8ger effektiviteten og sikkerheden. Disse funktioner str\u00f8mliner testningen og beskytter instrumentet mod overforbrug, hvilket maksimerer dets levetid og p\u00e5lidelighed.<\/li>\n<\/ul>\n<h2><strong>Detaljerede testmetoder for bl\u00f8d gelekapsels h\u00e5rdhed og fasthed<\/strong><\/h2>\n<ul>\n<li><strong>Kompressionstest<\/strong><br \/>\nI kompressionstesten l\u00e6gger en cylinderprobe med en diameter p\u00e5 10 mm eller et overfladeareal p\u00e5 10 mm\u00b2 pres p\u00e5 kapslen, indtil der opst\u00e5r deformation eller brud. Dette simulerer de fysiske belastninger, som kapslen kan blive udsat for i den virkelige verden, f.eks. under emballering og transport. Ved at teste kompression f\u00e5r producenterne indsigt i kapslens holdbarhed og modstandsdygtighed over for skader.<\/li>\n<li><strong>Test af fasthed og forseglingsstyrke<\/strong><br \/>\nFasthedstest vurderer, hvor meget en kapsel deformeres under en specifik trykbelastning, hvilket giver indsigt i dens elasticitet og modstandsdygtighed. Derudover m\u00e5ler forseglingsstyrketesten den kraft, der kr\u00e6ves for at bryde kapslens forsegling, hvilket sikrer, at den ikke brister for tidligt og kun frigiver sit indhold under de tilsigtede forhold.<\/li>\n<\/ul>\n<h2><strong>Tekniske specifikationer og parametre<\/strong><\/h2>\n<table>\n<tbody>\n<tr>\n<td width=\"184\">Testomr\u00e5de<\/td>\n<td width=\"289\">0~200N (eller efter behov)<\/td>\n<\/tr>\n<tr>\n<td width=\"184\">Slagtilf\u00e6lde<\/td>\n<td width=\"289\">200 mm (uden klemme)<\/td>\n<\/tr>\n<tr>\n<td width=\"184\">Hastighed<\/td>\n<td width=\"289\">1~300mm\/min (eller efter behov)<\/td>\n<\/tr>\n<tr>\n<td width=\"184\">Forskydningsn\u00f8jagtighed<\/td>\n<td width=\"289\">0,01 mm<\/td>\n<\/tr>\n<tr>\n<td width=\"184\">N\u00f8jagtighed<\/td>\n<td width=\"289\">0,5% F.S.<\/td>\n<\/tr>\n<tr>\n<td width=\"184\">Output<\/td>\n<td width=\"289\">Sk\u00e6rm, mikroprinter, RS232 (valgfrit)<\/td>\n<\/tr>\n<tr>\n<td width=\"184\">Kraft<\/td>\n<td width=\"289\">110~ 220V 50\/60Hz<\/td>\n<\/tr>\n<\/tbody>\n<\/table>\n<h2><strong>Fordele ved h\u00e5rdhedstesteren til bl\u00f8de gelekapsler<\/strong><\/h2>\n<ul>\n<li><strong>Omfattende kvalitetssikringstest<\/strong><br \/>\nMed multitestfunktioner g\u00f8r denne tester det muligt for producenter at vurdere kapslernes holdbarhed, ensartethed og strukturelle styrke. Det resulterer i forbedret produktkvalitet og kundetilfredshed.<\/li>\n<li><strong>Tilpassede armaturmuligheder til alsidig testning<\/strong><br \/>\nMed forskellige fiksturer og jigs kan testeren rumme forskellige kapselst\u00f8rrelser og -former, hvilket g\u00f8r den alsidig til en bred vifte af softgel-anvendelser.<\/li>\n<li><strong>Bygget til langvarig holdbarhed<\/strong><br \/>\nTesteren er konstrueret med robuste komponenter og avancerede mekanismer og er bygget til at give en lang levetid, hvilket maksimerer investeringsafkastet og samtidig reducerer nedetid og vedligeholdelse.<\/li>\n<\/ul>\n<h2><strong>Anvendelser af h\u00e5rdhedstesteren til bl\u00f8de gelekapsler<\/strong><\/h2>\n<p>Dette instrument er vigtigt i farmaceutiske og nutraceutiske produktionsmilj\u00f8er, hvor soft gel-kapsler, der indeholder vitaminer, mineraler og andre flydende medikamenter, kr\u00e6ver streng kvalitetskontrol. Soft Gel Capsule Hardness Tester spiller en afg\u00f8rende rolle i kvalitetssikringen af fremstilling, emballering og h\u00e5ndtering og sikrer, at kapslerne bevarer deres integritet og effektivitet, indtil de n\u00e5r frem til forbrugeren.<\/p>\n<hr \/>\n<h2><strong>FAQ-sektion<\/strong><\/h2>\n<ul>\n<li><strong>Q1<\/strong>: <em>Hvilke typer kapsler kan testes med dette instrument?<\/em><br \/>\n<strong>A<\/strong>: Soft Gel Capsule Hardness Tester er ideel til at teste soft gel-kapsler, der bruges i l\u00e6gemidler og nutraceuticals, herunder dem, der indeholder vitaminer og flydende medicin.<\/li>\n<li><strong>Q2<\/strong>: <em>Hvad er betydningen af fasthedstesten?<\/em><br \/>\n<strong>A<\/strong>: Fasthedstest vurderer kapselv\u00e6ggens styrke og fleksibilitet og hj\u00e6lper med at sikre, at kapslerne ikke g\u00e5r i stykker under normal h\u00e5ndtering, opbevaring eller emballering.<\/li>\n<li><strong>Q3<\/strong>: <em>Kan denne tester m\u00e5le elasticitet?<\/em><br \/>\n<strong>A<\/strong>: Ja, den kvantificerer kapselelasticitet ved at m\u00e5le v\u00e6gdeformation under en specificeret trykbelastning, hvilket sikrer, at kapslerne er fleksible, men holdbare.<\/li>\n<li><strong>Q4<\/strong>: <em>Kan CHT-01 tilpasses til specifikke kapseltyper?<\/em><br \/>\n<strong>A<\/strong>: Ja, testeren kan tilpasses med forskellige fiksturer og jigs til at rumme forskellige kapselformer og -st\u00f8rrelser, hvilket g\u00f8r den velegnet til forskellige testbehov.<\/li>\n<li><strong>Q5<\/strong>: <em>Hvilke outputmuligheder er tilg\u00e6ngelige for dataoptagelse?<\/em><br \/>\n<strong>A<\/strong>: Testeren viser data p\u00e5 sk\u00e6rmen, tillader udskrifter via en mikroprinter og tilbyder valgfri RS232-forbindelse til digital dataeksport.<\/li>\n<\/ul>","protected":false},"excerpt":{"rendered":"<p>I den farmaceutiske og nutraceutiske industri er kvalitetskontrol altafg\u00f8rende. Det er afg\u00f8rende at sikre, at softgel-kapsler bevarer deres strukturelle integritet gennem emballerings-, opbevarings- og distributionsprocesser. Den <strong>H\u00e5rdhedstester til bl\u00f8de gelekapsler<\/strong>, specifikt den <strong>CHT-01 Kapsel- og softgel-h\u00e5rdhedstester<\/strong>, er et h\u00f8jpr\u00e6cisionsinstrument, der er designet til at m\u00e5le kapslernes fasthed, elasticitet og generelle styrke. Ved at vurdere n\u00f8glefaktorer som h\u00e5rdhed, deformation og forseglingsstyrke hj\u00e6lper denne tester producenterne med at garantere, at deres produkter er sikre, effektive og af h\u00f8j kvalitet.<\/p>","protected":false},"featured_media":6205,"comment_status":"closed","ping_status":"closed","template":"","meta":{"site-sidebar-layout":"default","site-content-layout":"default","ast-global-header-display":"","ast-main-header-display":"","ast-hfb-above-header-display":"","ast-hfb-below-header-display":"","ast-hfb-mobile-header-display":"","site-post-title":"","ast-breadcrumbs-content":"","ast-featured-img":"","footer-sml-layout":"","theme-transparent-header-meta":"default","adv-header-id-meta":"","stick-header-meta":"","header-above-stick-meta":"","header-main-stick-meta":"","header-below-stick-meta":""},"product_cat":[845,953,956,955,1054,954,957,958,952,959,149,95],"product_tag":[],"class_list":{"0":"post-5110","1":"product","2":"type-product","3":"status-publish","4":"has-post-thumbnail","6":"product_cat-customization","7":"product_cat-bursting-tester","8":"product_cat-cobb-tester","9":"product_cat-crush-tester","10":"product_cat-hardness-tester","11":"product_cat-paper-tear-tester","12":"product_cat-plybond-tester","13":"product_cat-puncture-tester","14":"product_cat-rub-tester","15":"product_cat-stiffness-tester","16":"product_cat-pharma-and-medical-testers","17":"product_cat-products","18":"desktop-align-left","19":"tablet-align-left","20":"mobile-align-left","22":"first","23":"instock","24":"shipping-taxable","25":"product-type-simple"},"_links":{"self":[{"href":"https:\/\/www.qualitester.com\/da\/wp-json\/wp\/v2\/product\/5110","targetHints":{"allow":["GET"]}}],"collection":[{"href":"https:\/\/www.qualitester.com\/da\/wp-json\/wp\/v2\/product"}],"about":[{"href":"https:\/\/www.qualitester.com\/da\/wp-json\/wp\/v2\/types\/product"}],"replies":[{"embeddable":true,"href":"https:\/\/www.qualitester.com\/da\/wp-json\/wp\/v2\/comments?post=5110"}],"version-history":[{"count":0,"href":"https:\/\/www.qualitester.com\/da\/wp-json\/wp\/v2\/product\/5110\/revisions"}],"wp:featuredmedia":[{"embeddable":true,"href":"https:\/\/www.qualitester.com\/da\/wp-json\/wp\/v2\/media\/6205"}],"wp:attachment":[{"href":"https:\/\/www.qualitester.com\/da\/wp-json\/wp\/v2\/media?parent=5110"}],"wp:term":[{"taxonomy":"product_cat","embeddable":true,"href":"https:\/\/www.qualitester.com\/da\/wp-json\/wp\/v2\/product_cat?post=5110"},{"taxonomy":"product_tag","embeddable":true,"href":"https:\/\/www.qualitester.com\/da\/wp-json\/wp\/v2\/product_tag?post=5110"}],"curies":[{"name":"wp","href":"https:\/\/api.w.org\/{rel}","templated":true}]}}