{"id":4401,"date":"2024-07-23T11:40:39","date_gmt":"2024-07-23T03:40:39","guid":{"rendered":"https:\/\/www.qualitester.com\/?post_type=product&#038;p=4401"},"modified":"2024-12-27T14:18:45","modified_gmt":"2024-12-27T06:18:45","slug":"best-balloon-burst-tester-for-sale","status":"publish","type":"product","link":"https:\/\/www.qualitester.com\/da\/vare\/best-balloon-burst-tester-for-sale\/","title":{"rendered":"LSST-01 Test af l\u00e6kage- og forseglingsstyrke"},"content":{"rendered":"<p>Den <strong>Ballonspr\u00e6ngningstester<\/strong> er alsidig og finder anvendelse p\u00e5 tv\u00e6rs af forskellige sektorer, emballagematerialer, herunder plastfilm og laminater, emballage til medicinsk udstyr, farmaceutisk emballage, f\u00f8devare- og drikkevareemballage, emballage til forbrugsvarer<\/p>\n<h2>Fuld introduktion til ballonspr\u00e6ngningstesteren<\/h2>\n<p>Den <strong>Ballonspr\u00e6ngningstester<\/strong> er konstrueret til at give pr\u00e6cis og p\u00e5lidelig <em><span style=\"text-decoration: underline;\">Spr\u00e6ngpr\u00f8vning af en lang r\u00e6kke emballagematerialer<\/span><\/em>s. Det er en PLC-kontrolleret enhed, der tilbyder stabilitet p\u00e5 industrielt niveau, suppleret med en brugervenlig HMI-ber\u00f8ringssk\u00e6rm for nem betjening. Testeren er udstyret med automatisk statistik og lagring af testresultater, hvilket forbedrer effektiviteten og datah\u00e5ndteringen.<\/p>\n<p><a href=\"https:\/\/www.qualitester.com\/da\/vare-kategori\/test-items\/bursting-tester\/\"><img fetchpriority=\"high\" decoding=\"async\" class=\"wp-image-4402 size-full aligncenter\" src=\"https:\/\/www.qualitester.com\/wp-content\/uploads\/2024\/07\/astm-f1440-Balloon-Burst-Tester-astm-f2054.jpg\" alt=\"astm f1440 Ballonspr\u00e6ngningstester astm f2054\" width=\"600\" height=\"600\" srcset=\"https:\/\/www.qualitester.com\/wp-content\/uploads\/2024\/07\/astm-f1440-Balloon-Burst-Tester-astm-f2054.jpg 600w, https:\/\/www.qualitester.com\/wp-content\/uploads\/2024\/07\/astm-f1440-Balloon-Burst-Tester-astm-f2054-300x300.jpg 300w, https:\/\/www.qualitester.com\/wp-content\/uploads\/2024\/07\/astm-f1440-Balloon-Burst-Tester-astm-f2054-150x150.jpg 150w, https:\/\/www.qualitester.com\/wp-content\/uploads\/2024\/07\/astm-f1440-Balloon-Burst-Tester-astm-f2054-100x100.jpg 100w\" sizes=\"(max-width: 600px) 100vw, 600px\" \/><\/a><\/p>\n<h2>Tekniske specifikationer<\/h2>\n<ul>\n<li><strong>PLC-kontrolleret enhed<\/strong>: Sikrer stabilitet p\u00e5 industrielt niveau og pr\u00e6cis kontrol.<\/li>\n<li><strong>Brugervenlig HMI-ber\u00f8ringssk\u00e6rm<\/strong>: Forenkler betjeningen og reducerer opl\u00e6ringstiden.<\/li>\n<li><strong>Automatisk statistik og lagring af testresultater<\/strong>: Muligg\u00f8r effektiv datah\u00e5ndtering og -analyse.<\/li>\n<li><strong>Kompatibilitet med forskellige armaturer<\/strong>: Giver mulighed for at teste forskellige pakkeformer, herunder pakker med tre siders forsegling, lukkede pakker, doy-pakker, r\u00f8r, forseglede bakker og b\u00e6gre.<\/li>\n<li><strong>Tre testtilstande<\/strong>: Burst, creep og creep to failure, der opfylder forskellige testkrav.<\/li>\n<li><strong>Personlige indstillinger for f\u00f8lsomhed og t\u00e6rskelv\u00e6rdi<\/strong>: Muligg\u00f8r tilpasning til specifikke testbehov.<\/li>\n<li><strong>Trykomr\u00e5de op til 600 KPa<\/strong>: Kan tilpasses til at opfylde unikke testspecifikationer.<\/li>\n<li><strong>Programmering, der kan tilpasses<\/strong>: Giver fleksibilitet til at tilpasse sig specifikke testprotokoller.<\/li>\n<\/ul>\n<h2>Testmetoder<\/h2>\n<h3>Princippet i emballagespr\u00e6ngningstest<\/h3>\n<p><em><span style=\"text-decoration: underline;\">Balloon Burst Testing-metoden g\u00e5r ud p\u00e5 at puste en pakke op, indtil den spr\u00e6nger, og m\u00e5le det tryk og den volumen, hvor spr\u00e6ngningen sker.<\/span> <\/em>Denne test er afg\u00f8rende for at evaluere emballagematerialers spr\u00e6ngstyrke og sikre, at de kan modst\u00e5 indre tryk under h\u00e5ndtering og opbevaring.<\/p>\n<div class=\"ast-oembed-container\" style=\"height: 100%;\"><iframe title=\"Test af forseglingsstyrke for doy-pakker og tud-pakker Kvalitetskontrol af doy-pakker\" width=\"500\" height=\"281\" src=\"https:\/\/www.youtube.com\/embed\/abNWfwlLaVQ?feature=oembed\" frameborder=\"0\" allow=\"accelerometer; autoplay; clipboard-write; encrypted-media; gyroscope; picture-in-picture; web-share\" referrerpolicy=\"strict-origin-when-cross-origin\" allowfullscreen><\/iframe><\/div>\n<h3>Standard testprocedurer<\/h3>\n<ol>\n<li><strong>Forberedelse og konditionering af pr\u00f8ver<\/strong>: Pr\u00f8verne forberedes i henhold til specificerede standarder og konditioneres til det rette milj\u00f8 f\u00f8r testning.<\/li>\n<li><strong>Testops\u00e6tning og konfiguration af parametre<\/strong>: Ballonspr\u00e6ngningstesteren s\u00e6ttes op med de rette armaturer, og testparametrene konfigureres ud fra pr\u00f8vetypen og testkravene.<\/li>\n<li><strong>Udf\u00f8relse af test- og m\u00e5leregistrering<\/strong>: Pakken pustes op, indtil den spr\u00e6nger, og testeren registrerer spr\u00e6ngningstryk og -volumen.<\/li>\n<li><strong>Fortolkning af resultater<\/strong>: Spr\u00e6ngningstryk og -volumen analyseres for at vurdere materialets styrke og ydeevne, hvilket letter kvalitetskontrol og sammenligning af materialer.<\/li>\n<\/ol>\n<h2>Test af emballagespr\u00e6ngning i ASTM-standard<\/h2>\n<h3><a href=\"https:\/\/www.qualitester.com\/da\/vare-kategori\/astm\/astm-f1140\/\">ASTM F1140<\/a><\/h3>\n<p style=\"padding-left: 40px;\">-Standardtestmetoder for modstandsdygtighed over for indre trykfejl i ubegr\u00e6nsede pakker<\/p>\n<ul>\n<li><strong>Oversigt over <a href=\"https:\/\/www.astm.org\/f1140_f1140m-13r20e01.html\" target=\"_blank\" rel=\"noopener nofollow\">ASTM F1140<\/a><\/strong>: Denne standard beskriver metoderne til test af modstandsdygtigheden over for indre tryksvigt i ubegr\u00e6nsede pakker.<\/li>\n<li><strong>Detaljeret testprocedure i henhold til ASTM F1140<\/strong>: Indeb\u00e6rer, at man puster pakken op, indtil den spr\u00e6nger, og registrerer spr\u00e6ngningstryk og volumen.<\/li>\n<li><strong>Vigtigheden af at overholde ASTM F1140<\/strong>: Sikrer emballagens integritet og p\u00e5lidelighed, hvilket er afg\u00f8rende for produktets sikkerhed og ydeevne.<\/li>\n<\/ul>\n<h4><a href=\"https:\/\/www.qualitester.com\/da\/vare-kategori\/astm\/astm-f2054\/\">ASTM F2054<\/a><\/h4>\n<p style=\"padding-left: 40px;\">-Standardtestmetode til spr\u00e6ngpr\u00f8vning af fleksible pakningsforseglinger ved hj\u00e6lp af internt lufttryk i fastholdelsesplader<\/p>\n<ul>\n<li><strong>Oversigt over <a href=\"https:\/\/www.astm.org\/f2054_f2054m-13r20.html\" target=\"_blank\" rel=\"noopener nofollow\">ASTM F2054<\/a><\/strong>: Denne standard specificerer metoden til spr\u00e6ngpr\u00f8vning af fleksible pakningst\u00e6tninger ved hj\u00e6lp af internt lufttryk i fastholdelsesplader.<\/li>\n<li><strong>Detaljeret testprocedure i henhold til ASTM F2054<\/strong>: Indeb\u00e6rer at placere pakken inden for fastholdelsesplader, puste den op og registrere spr\u00e6ngningstryk og -volumen.<\/li>\n<li><strong>Betydningen af ASTM F2054<\/strong>: N\u00f8dvendig for at vurdere forseglingsstyrken og sikre pakkens integritet, is\u00e6r for fleksibel emballage.<\/li>\n<\/ul>\n<h2>Fordele ved at bruge vores ballonspr\u00e6ngningstester<\/h2>\n<p><strong>1. Pr\u00e6cision og p\u00e5lidelighed<\/strong><\/p>\n<ul>\n<li><strong>H\u00f8j n\u00f8jagtighed i m\u00e5lingerne<\/strong>: Sikrer pr\u00e6cise og p\u00e5lidelige data om spr\u00e6ngstyrke.<\/li>\n<li><strong>Ensartede og gentagelige resultater<\/strong>: Giver tillid til testresultater og evaluering af materialets ydeevne.<\/li>\n<\/ul>\n<p><strong>2. Alsidighed<\/strong><\/p>\n<ul>\n<li><em><span style=\"text-decoration: underline;\"><strong>Velegnet til en bred vifte af materialer og emballagetyper<\/strong>: Opfylder forskellige testkrav p\u00e5 tv\u00e6rs af forskellige brancher.<\/span><\/em><\/li>\n<li><em><span style=\"text-decoration: underline;\"><strong>Justerbare testparametre til forskellige testkrav<\/strong>: Giver fleksibilitet til at teste forskellige materialer og pakker.<\/span><\/em><\/li>\n<\/ul>\n<p><strong>3. Brugervenlighed<\/strong><\/p>\n<ul>\n<li><strong>Intuitivt software-interface<\/strong>: Forenkler betjeningen og reducerer indl\u00e6ringskurven.<\/li>\n<li><strong>Minimalt behov for uddannelse af operat\u00f8rer<\/strong>: Forbedrer brugervenlighed og effektivitet.<\/li>\n<\/ul>\n<p><strong>4. Overensstemmelse<\/strong><\/p>\n<ul>\n<li><strong>Opfylder standarderne ASTM F1140 og ASTM F2054<\/strong>: Sikrer overholdelse af branchens standarder og regler.<\/li>\n<li><strong>Sikrer overholdelse af brancheforskrifter og kvalitetsstandarder<\/strong>: Garanterer testresultaternes p\u00e5lidelighed og integritet.<\/li>\n<\/ul>\n<h3>Ofte stillede sp\u00f8rgsm\u00e5l<\/h3>\n<h4>Hvad er form\u00e5let med en ballonspr\u00e6ngningstest?<\/h4>\n<p>Ballonspr\u00e6ngningstesten bruges til at bestemme emballagens spr\u00e6ngningstest og sikre, at den kan modst\u00e5 det indre tryk under h\u00e5ndtering, opbevaring og transport.<\/p>\n<h4>Hvordan m\u00e5ler ballonspr\u00e6ngningstesteren spr\u00e6ngstyrken?<\/h4>\n<p>Testeren puster pakken op, indtil den spr\u00e6nger, og registrerer spr\u00e6ngningstrykket og volumen for at evaluere materialets styrke og ydeevne.<\/p>\n<h4>Hvilke typer materialer kan testes med ballonspr\u00e6ngningstesteren?<\/h4>\n<p>Testeren kan evaluere en lang r\u00e6kke materialer, herunder plastfilm, laminater, emballage til medicinsk udstyr, farmaceutisk emballage, f\u00f8devare- og drikkevareemballage og emballage til forbrugsvarer.<!--more--><\/p>\n<h2>Relaterede produkter<\/h2>\n<figure id=\"attachment_4059\" aria-describedby=\"caption-attachment-4059\" style=\"width: 300px\" class=\"wp-caption alignleft\"><a href=\"https:\/\/www.qualitester.com\/da\/vare\/lt-01-leak-tester\/\"><img decoding=\"async\" class=\"wp-image-4059 size-medium\" src=\"https:\/\/www.qualitester.com\/wp-content\/uploads\/2023\/07\/LT-01-Leak-Tester-2-300x300.jpg\" alt=\"ASTM D3078 L\u00e6kagetester\" width=\"300\" height=\"300\" srcset=\"https:\/\/www.qualitester.com\/wp-content\/uploads\/2023\/07\/LT-01-Leak-Tester-2-300x300.jpg 300w, https:\/\/www.qualitester.com\/wp-content\/uploads\/2023\/07\/LT-01-Leak-Tester-2-150x150.jpg 150w, https:\/\/www.qualitester.com\/wp-content\/uploads\/2023\/07\/LT-01-Leak-Tester-2-600x600.jpg 600w, https:\/\/www.qualitester.com\/wp-content\/uploads\/2023\/07\/LT-01-Leak-Tester-2-100x100.jpg 100w, https:\/\/www.qualitester.com\/wp-content\/uploads\/2023\/07\/LT-01-Leak-Tester-2.jpg 750w\" sizes=\"(max-width: 300px) 100vw, 300px\" \/><\/a><figcaption id=\"caption-attachment-4059\" class=\"wp-caption-text\"><strong><a href=\"https:\/\/www.qualitester.com\/da\/vare\/lt-01-leak-tester\/\" target=\"_blank\" rel=\"noopener\">LT-01 L\u00e6kagetester<\/a><\/strong><\/figcaption><\/figure>\n<figure id=\"attachment_3905\" aria-describedby=\"caption-attachment-3905\" style=\"width: 300px\" class=\"wp-caption alignleft\"><a href=\"https:\/\/www.qualitester.com\/da\/vare\/leak-tester-lt-02\/\"><img decoding=\"async\" class=\"wp-image-3905 size-medium\" src=\"https:\/\/www.qualitester.com\/wp-content\/uploads\/2023\/04\/LT-02-Leak-Tester-01-300x300.jpg\" alt=\"ASTM D3078 L\u00e6kagetester\" width=\"300\" height=\"300\" srcset=\"https:\/\/www.qualitester.com\/wp-content\/uploads\/2023\/04\/LT-02-Leak-Tester-01-300x300.jpg 300w, https:\/\/www.qualitester.com\/wp-content\/uploads\/2023\/04\/LT-02-Leak-Tester-01-150x150.jpg 150w, https:\/\/www.qualitester.com\/wp-content\/uploads\/2023\/04\/LT-02-Leak-Tester-01-600x600.jpg 600w, https:\/\/www.qualitester.com\/wp-content\/uploads\/2023\/04\/LT-02-Leak-Tester-01-100x100.jpg 100w, https:\/\/www.qualitester.com\/wp-content\/uploads\/2023\/04\/LT-02-Leak-Tester-01.jpg 750w\" sizes=\"(max-width: 300px) 100vw, 300px\" \/><\/a><figcaption id=\"caption-attachment-3905\" class=\"wp-caption-text\"><strong><a href=\"https:\/\/www.qualitester.com\/da\/vare\/leak-tester-lt-02\/\" target=\"_blank\" rel=\"noopener\">LT-02 L\u00e6kagetester<\/a><\/strong><\/figcaption><\/figure>\n<figure id=\"attachment_3694\" aria-describedby=\"caption-attachment-3694\" style=\"width: 300px\" class=\"wp-caption alignleft\"><a href=\"https:\/\/www.qualitester.com\/da\/vare\/lt-03-seal-strength-testing-machine\/\"><img loading=\"lazy\" decoding=\"async\" class=\"wp-image-3694 size-medium\" src=\"https:\/\/www.qualitester.com\/wp-content\/uploads\/2023\/04\/LT-03-Leak-Tester-04-300x300.jpg\" alt=\"ASTM D3078 L\u00e6kagetester\" width=\"300\" height=\"300\" srcset=\"https:\/\/www.qualitester.com\/wp-content\/uploads\/2023\/04\/LT-03-Leak-Tester-04-300x300.jpg 300w, https:\/\/www.qualitester.com\/wp-content\/uploads\/2023\/04\/LT-03-Leak-Tester-04-150x150.jpg 150w, https:\/\/www.qualitester.com\/wp-content\/uploads\/2023\/04\/LT-03-Leak-Tester-04-600x600.jpg 600w, https:\/\/www.qualitester.com\/wp-content\/uploads\/2023\/04\/LT-03-Leak-Tester-04-100x100.jpg 100w, https:\/\/www.qualitester.com\/wp-content\/uploads\/2023\/04\/LT-03-Leak-Tester-04.jpg 750w\" sizes=\"(max-width: 300px) 100vw, 300px\" \/><\/a><figcaption id=\"caption-attachment-3694\" class=\"wp-caption-text\"><strong><a href=\"https:\/\/www.qualitester.com\/da\/vare\/lt-03-seal-strength-testing-machine\/\" target=\"_blank\" rel=\"noopener\">LT-03 L\u00e6kagetester<\/a><\/strong><\/figcaption><\/figure>","protected":false},"excerpt":{"rendered":"<p><strong>Ballonspr\u00e6ngningstester<\/strong> er et kritisk instrument inden for materiale- og emballagetestning, der er designet til at m\u00e5le forskellige emballagematerialers brudstyrke. Dette avancerede udstyr er afg\u00f8rende for at sikre emballagens holdbarhed og p\u00e5lidelighed, is\u00e6r i brancher som l\u00e6gemidler, f\u00f8de- og drikkevarer, medicinsk udstyr og forbrugsvarer. Balloon Burst Tester skiller sig ud ved sin pr\u00e6cision, alsidighed og overholdelse af industristandarder, hvilket g\u00f8r den til et uundv\u00e6rligt v\u00e6rkt\u00f8j til kvalitetssikring.<\/p>","protected":false},"featured_media":6136,"comment_status":"closed","ping_status":"closed","template":"","meta":{"site-sidebar-layout":"default","site-content-layout":"default","ast-global-header-display":"","ast-main-header-display":"","ast-hfb-above-header-display":"","ast-hfb-below-header-display":"","ast-hfb-mobile-header-display":"","site-post-title":"","ast-breadcrumbs-content":"","ast-featured-img":"","footer-sml-layout":"","theme-transparent-header-meta":"default","adv-header-id-meta":"","stick-header-meta":"","header-above-stick-meta":"","header-main-stick-meta":"","header-below-stick-meta":""},"product_cat":[845,953,676,675,17,149,16,108,109,95],"product_tag":[994],"class_list":{"0":"post-4401","1":"product","2":"type-product","3":"status-publish","4":"has-post-thumbnail","6":"product_cat-customization","7":"product_cat-bursting-tester","8":"product_cat-seal-strength-tester","9":"product_cat-leak-tester","10":"product_cat-package-container-testers","11":"product_cat-pharma-and-medical-testers","12":"product_cat-plastic-packaging-testers","13":"product_cat-astm-f1140","14":"product_cat-astm-f2054","15":"product_cat-products","16":"product_tag-leak-and-seal-strength-tester","17":"desktop-align-left","18":"tablet-align-left","19":"mobile-align-left","21":"first","22":"instock","23":"shipping-taxable","24":"product-type-simple"},"_links":{"self":[{"href":"https:\/\/www.qualitester.com\/da\/wp-json\/wp\/v2\/product\/4401","targetHints":{"allow":["GET"]}}],"collection":[{"href":"https:\/\/www.qualitester.com\/da\/wp-json\/wp\/v2\/product"}],"about":[{"href":"https:\/\/www.qualitester.com\/da\/wp-json\/wp\/v2\/types\/product"}],"replies":[{"embeddable":true,"href":"https:\/\/www.qualitester.com\/da\/wp-json\/wp\/v2\/comments?post=4401"}],"version-history":[{"count":0,"href":"https:\/\/www.qualitester.com\/da\/wp-json\/wp\/v2\/product\/4401\/revisions"}],"wp:featuredmedia":[{"embeddable":true,"href":"https:\/\/www.qualitester.com\/da\/wp-json\/wp\/v2\/media\/6136"}],"wp:attachment":[{"href":"https:\/\/www.qualitester.com\/da\/wp-json\/wp\/v2\/media?parent=4401"}],"wp:term":[{"taxonomy":"product_cat","embeddable":true,"href":"https:\/\/www.qualitester.com\/da\/wp-json\/wp\/v2\/product_cat?post=4401"},{"taxonomy":"product_tag","embeddable":true,"href":"https:\/\/www.qualitester.com\/da\/wp-json\/wp\/v2\/product_tag?post=4401"}],"curies":[{"name":"wp","href":"https:\/\/api.w.org\/{rel}","templated":true}]}}