{"id":3223,"date":"2023-08-07T08:52:04","date_gmt":"2023-08-07T00:52:04","guid":{"rendered":"https:\/\/www.qualitester.com\/?post_type=product&#038;p=3223"},"modified":"2024-12-04T16:01:26","modified_gmt":"2024-12-04T08:01:26","slug":"how-to-test-the-force-about-ampoule-breaking","status":"publish","type":"product","link":"https:\/\/www.qualitester.com\/da\/vare\/how-to-test-the-force-about-ampoule-breaking\/","title":{"rendered":"BST-01 Ampoule Breaking Tester"},"content":{"rendered":"<h2><strong>Introduktion til Ampoule Break Force Tester<\/strong><\/h2>\n<p>Den <strong>Test af ampullens brudstyrke<\/strong> er et vigtigt v\u00e6rkt\u00f8j i den farmaceutiske og medicinske emballageindustri, designet til at m\u00e5le den kraft, der skal til for at kn\u00e6kke halsen p\u00e5 en ampul. Ampuller er hermetisk forseglede beholdere, der bruges til opbevaring af f\u00f8lsomme farmaceutiske stoffer. Halsens brudstyrke spiller en afg\u00f8rende rolle i forhold til at sikre sikkerheden og integriteten af produktet indeni. En pr\u00e6cis og p\u00e5lidelig tester er afg\u00f8rende for at sikre, at ampuller opfylder de n\u00f8dvendige standarder for sikker brug og h\u00e5ndtering.<\/p>\n<h2><strong>Forst\u00e5else af ISO 9187: Standard for test af ampullers brudstyrke<\/strong><\/h2>\n<p><a href=\"https:\/\/www.iso.org\/standard\/55920.html\" target=\"_blank\" rel=\"noopener nofollow\">ISO 9187<\/a> er den internationale standard, der specificerer metoden til test af ampullers brudstyrke. Den giver detaljerede retningslinjer for, hvordan testprocessen skal udf\u00f8res, hvilket udstyr der er n\u00f8dvendigt, og hvilke parametre der skal m\u00e5les for at sikre ensartede og n\u00f8jagtige resultater. Ved at f\u00f8lge ISO 9187 kan producenterne v\u00e6re sikre p\u00e5, at deres ampuller lever op til sikkerhedskravene og reducerer risikoen for brud under opbevaring og h\u00e5ndtering.<\/p>\n<h3><strong>Testmetode i henhold til <a href=\"https:\/\/www.qualitester.com\/da\/vare-kategori\/iso\/iso-9187\/\" target=\"_blank\" rel=\"noopener\">ISO 9187<\/a><\/strong><\/h3>\n<p>Testen g\u00e5r ud p\u00e5 at placere en ampul p\u00e5 en holder og p\u00e5f\u00f8re en nedadg\u00e5ende kraft p\u00e5 halsen ved hj\u00e6lp af testmaskinen. Den <strong>BST-01 Ampoule Break Force Tester<\/strong> bruger en h\u00f8jpr\u00e6cisions vejecelle til at m\u00e5le den kraft, der skal til for at kn\u00e6kke halsen p\u00e5 ampullen. Testen sikrer, at ampullerne ikke kun er sikre at h\u00e5ndtere, men ogs\u00e5 opfylder de n\u00f8dvendige standarder for farmaceutiske anvendelser.<\/p>\n<h2><strong>Testproces for ampullens brudkrafttester<\/strong><\/h2>\n<ul>\n<li><strong>Trin 1<\/strong>: Placer ampullen p\u00e5 det dedikerede armatur, der er designet til forskellige ampulst\u00f8rrelser (1 ml, 2 ml, 5 ml, 10 ml, 20 ml).<\/li>\n<li><strong>Trin 2<\/strong>: Start testen, hvor pressehovedet bev\u00e6ger sig nedad med en konstant hastighed p\u00e5 10 mm\/min (justerbar fra 1-500 mm\/min).<\/li>\n<li><strong>Trin 3<\/strong>: Den meget pr\u00e6cise vejecelle registrerer den kraft, der skal til for at kn\u00e6kke ampullens hals.<\/li>\n<li><strong>Trin 4<\/strong>: Brudkraften registreres, og resultaterne vises p\u00e5 HMI-ber\u00f8ringssk\u00e6rmen eller udskrives via den integrerede mikroprinter.<\/li>\n<\/ul>\n<p>Denne proces sikrer, at ampullernes brudkraft m\u00e5les n\u00f8jagtigt i henhold til industristandarderne.<\/p>\n<h2><strong>Tekniske egenskaber ved BST-01 Ampoule Breaking Strength Tester<\/strong><\/h2>\n<p>Den <strong>BST-01 Ampul-brudstyrketester<\/strong> er udstyret med en r\u00e6kke avancerede funktioner, der forbedrer dens n\u00f8jagtighed og alsidighed:<\/p>\n<ul>\n<li><strong>Vejecelle med h\u00f8j pr\u00e6cision<\/strong>: Sikrer p\u00e5lidelige og pr\u00e6cise kraftm\u00e5linger med en opl\u00f8sning p\u00e5 0,1N.<\/li>\n<li><strong>Flere muligheder for armaturer<\/strong>: Testarmaturer til 1 ml, 2 ml, 5 ml, 10 ml og 20 ml ampuller g\u00f8r det muligt for testeren at rumme forskellige ampulst\u00f8rrelser.<\/li>\n<li><strong>Justerbar testhastighed<\/strong>: Testhastigheden kan justeres mellem 1 og 500 mm\/min for at im\u00f8dekomme forskellige testkrav.<\/li>\n<li><strong>PLC-kontrol og HMI-ber\u00f8ringssk\u00e6rm<\/strong>: For nem betjening og automatisering af testprocessen.<\/li>\n<li><strong>Stepmotor med pr\u00e6cisionsskrue med kuglehoved<\/strong>: Giver n\u00f8jagtig hastighedskontrol til pr\u00e6cis testning.<\/li>\n<li><strong>Sikkerhedsfunktioner<\/strong>: Indeholder et beskyttelsesd\u00e6ksel for at forhindre, at pr\u00f8ven springer, et opsamlingsr\u00f8r til kn\u00e6kkede ampuller og automatisk returfunktion.<\/li>\n<li><strong>Valgfri tilslutningsmuligheder<\/strong>: RS 232-forbindelse til integration med professionel software og systemer.<\/li>\n<\/ul>\n<h2><strong>Andre relevante standarder og overholdelse<\/strong><\/h2>\n<p>I till\u00e6g til <strong>ISO 9187<\/strong>, den <strong>BST-01 Ampoule Break Force Tester<\/strong> overholder flere andre industristandarder, herunder:<\/p>\n<ul>\n<li><strong>GB 2637<\/strong>: En kinesisk national standard for ampulletestning.<\/li>\n<li><strong>YBB00332002<\/strong>: En kinesisk standard for ampuller, der bruges i farmaceutisk emballage.<\/li>\n<\/ul>\n<p>Disse standarder sikrer enhedens alsidighed og overholdelse af globale testkrav.<\/p>\n<h2><strong>Hovedparametre for ampullens brudkrafttester<\/strong><\/h2>\n<table>\n<tbody>\n<tr>\n<td style=\"text-align: center;\" width=\"87\">Testomr\u00e5de<\/td>\n<td style=\"text-align: center;\" width=\"188\">0~200N (eller efter behov)<\/td>\n<\/tr>\n<tr>\n<td style=\"text-align: center;\" width=\"87\">Hastighed<\/td>\n<td style=\"text-align: center;\" width=\"188\">1~500mm\/min<\/td>\n<\/tr>\n<tr>\n<td style=\"text-align: center;\" width=\"87\">Opl\u00f8sning<\/td>\n<td style=\"text-align: center;\" width=\"188\">0.1N<\/td>\n<\/tr>\n<tr>\n<td style=\"text-align: center;\" width=\"87\">N\u00f8jagtighed<\/td>\n<td style=\"text-align: center;\" width=\"188\">0,5% F.S.<\/td>\n<\/tr>\n<tr>\n<td style=\"text-align: center;\" width=\"87\">Kraft<\/td>\n<td style=\"text-align: center;\" width=\"188\">110~ 220V 50\/60Hz<\/td>\n<\/tr>\n<\/tbody>\n<\/table>\n<p>Den <strong>BST-01 Ampoule Break Force Tester<\/strong> er en p\u00e5lidelig, alsidig og meget pr\u00e6cis enhed, der er designet til at opfylde de strenge testkrav i den farmaceutiske og medicinske emballageindustri. Ved at overholde internationale standarder som f.eks. <strong>ISO 9187<\/strong>, Testeren sikrer, at ampullerne er sikre at bruge og opfylder de n\u00f8dvendige specifikationer for brudstyrke. Med sine avancerede funktioner, fleksibilitet til at teste forskellige ampulst\u00f8rrelser og brugervenlighed er BST-01 et uundv\u00e6rligt v\u00e6rkt\u00f8j for producenter og kvalitetskontrollaboratorier.<\/p>\n<h4><strong>FAQ-sektion<\/strong><\/h4>\n<ol>\n<li><strong>Hvad er form\u00e5let med en ampulbrudskrafttester?<\/strong><br \/>\nTesteren m\u00e5ler den kraft, der skal til for at kn\u00e6kke halsen p\u00e5 en ampul, hvilket sikrer dens styrke og sikkerhed under h\u00e5ndtering og brug.<\/li>\n<li><strong>Hvordan forholder ISO 9187 sig til test af ampuller?<\/strong><br \/>\nISO 9187 beskriver metoden og retningslinjerne for test af ampullers brudstyrke, hvilket sikrer ensartethed og p\u00e5lidelighed i testprocessen.<\/li>\n<li><strong>Hvad er de vigtigste tekniske egenskaber ved BST-01 Ampoule Break Force Tester?<\/strong><br \/>\nTesteren har en belastningscelle med h\u00f8j pr\u00e6cision, flere fixturst\u00f8rrelser, justerbare testhastigheder, PLC-styring og sikkerhedsfunktioner som beskyttelsesd\u00e6ksler og opsamlingsr\u00f8r.<\/li>\n<li><strong>Kan BST-01 bruges til at teste andre materialer end ampuller?<\/strong><br \/>\nJa, BST-01 er alsidig og kan teste andre medicinske emballagematerialer som f.eks. spr\u00f8jter, h\u00e6tter og propper.<\/li>\n<li><strong>Hvad er n\u00f8jagtigheden af BST-01 Ampoule Break Force Tester?<\/strong><br \/>\nTesteren har en n\u00f8jagtighed p\u00e5 0,5% ved fuld skala (F.S.), hvilket giver pr\u00e6cise og p\u00e5lidelige testresultater.<\/li>\n<\/ol>","protected":false},"excerpt":{"rendered":"<p>Den <strong>Test af ampullens brudstyrke<\/strong> er et vigtigt v\u00e6rkt\u00f8j i den farmaceutiske og medicinske emballageindustri, designet til at m\u00e5le den kraft, der skal til for at kn\u00e6kke halsen p\u00e5 en ampul. Ampuller er hermetisk forseglede beholdere, der bruges til opbevaring af f\u00f8lsomme farmaceutiske stoffer. Halsens brudstyrke spiller en afg\u00f8rende rolle i forhold til at sikre sikkerheden og integriteten af produktet indeni. En pr\u00e6cis og p\u00e5lidelig tester er afg\u00f8rende for at sikre, at ampuller opfylder de n\u00f8dvendige standarder for sikker brug og h\u00e5ndtering.<\/p>","protected":false},"featured_media":6120,"comment_status":"closed","ping_status":"closed","template":"","meta":{"site-sidebar-layout":"default","site-content-layout":"default","ast-global-header-display":"","ast-main-header-display":"","ast-hfb-above-header-display":"","ast-hfb-below-header-display":"","ast-hfb-mobile-header-display":"","site-post-title":"","ast-breadcrumbs-content":"","ast-featured-img":"","footer-sml-layout":"","theme-transparent-header-meta":"default","adv-header-id-meta":"","stick-header-meta":"","header-above-stick-meta":"","header-main-stick-meta":"","header-below-stick-meta":""},"product_cat":[933,845,149,173,95],"product_tag":[],"class_list":{"0":"post-3223","1":"product","2":"type-product","3":"status-publish","4":"has-post-thumbnail","6":"product_cat-ampoule-breaking-tester","7":"product_cat-customization","8":"product_cat-pharma-and-medical-testers","9":"product_cat-iso-9187","10":"product_cat-products","11":"desktop-align-left","12":"tablet-align-left","13":"mobile-align-left","15":"first","16":"instock","17":"shipping-taxable","18":"product-type-simple"},"_links":{"self":[{"href":"https:\/\/www.qualitester.com\/da\/wp-json\/wp\/v2\/product\/3223","targetHints":{"allow":["GET"]}}],"collection":[{"href":"https:\/\/www.qualitester.com\/da\/wp-json\/wp\/v2\/product"}],"about":[{"href":"https:\/\/www.qualitester.com\/da\/wp-json\/wp\/v2\/types\/product"}],"replies":[{"embeddable":true,"href":"https:\/\/www.qualitester.com\/da\/wp-json\/wp\/v2\/comments?post=3223"}],"version-history":[{"count":0,"href":"https:\/\/www.qualitester.com\/da\/wp-json\/wp\/v2\/product\/3223\/revisions"}],"wp:featuredmedia":[{"embeddable":true,"href":"https:\/\/www.qualitester.com\/da\/wp-json\/wp\/v2\/media\/6120"}],"wp:attachment":[{"href":"https:\/\/www.qualitester.com\/da\/wp-json\/wp\/v2\/media?parent=3223"}],"wp:term":[{"taxonomy":"product_cat","embeddable":true,"href":"https:\/\/www.qualitester.com\/da\/wp-json\/wp\/v2\/product_cat?post=3223"},{"taxonomy":"product_tag","embeddable":true,"href":"https:\/\/www.qualitester.com\/da\/wp-json\/wp\/v2\/product_tag?post=3223"}],"curies":[{"name":"wp","href":"https:\/\/api.w.org\/{rel}","templated":true}]}}