{"id":2732,"date":"2023-07-06T14:43:07","date_gmt":"2023-07-06T06:43:07","guid":{"rendered":"https:\/\/www.qualitester.com\/?post_type=product&#038;p=2732"},"modified":"2024-12-04T13:53:54","modified_gmt":"2024-12-04T05:53:54","slug":"fdt-01-pvc-cling-film-dart-drop-impact-testing-machine","status":"publish","type":"product","link":"https:\/\/www.qualitester.com\/da\/vare\/fdt-01-pvc-cling-film-dart-drop-impact-testing-machine\/","title":{"rendered":"FDT-01 PVC Cling Film Dart Drop Impact Testing Machine"},"content":{"rendered":"<div data-elementor-type=\"wp-post\" data-elementor-id=\"2732\" class=\"elementor elementor-2732\" data-elementor-post-type=\"product\">\n\t\t\t\t<div class=\"elementor-element elementor-element-73d6688 e-flex e-con-boxed e-con e-parent\" data-id=\"73d6688\" data-element_type=\"container\">\n\t\t\t\t\t<div class=\"e-con-inner\">\n\t\t<div class=\"elementor-element elementor-element-bf47901 e-con-full e-flex e-con e-parent\" data-id=\"bf47901\" data-element_type=\"container\">\n\t\t\t\t<div class=\"elementor-element elementor-element-c2d7ca3 elementor-widget elementor-widget-image\" data-id=\"c2d7ca3\" data-element_type=\"widget\" data-widget_type=\"image.default\">\n\t\t\t\t<div class=\"elementor-widget-container\">\n\t\t\t\t\t\t\t\t\t\t\t\t\t<img fetchpriority=\"high\" decoding=\"async\" width=\"750\" height=\"750\" src=\"https:\/\/www.qualitester.com\/wp-content\/uploads\/2023\/05\/FDT-01-Falling-Drat-Impact-Tester.jpg\" class=\"attachment-large size-large wp-image-2156\" alt=\"ASTM D1709 Falling Drat Impact Tester\" srcset=\"https:\/\/www.qualitester.com\/wp-content\/uploads\/2023\/05\/FDT-01-Falling-Drat-Impact-Tester.jpg 750w, https:\/\/www.qualitester.com\/wp-content\/uploads\/2023\/05\/FDT-01-Falling-Drat-Impact-Tester-300x300.jpg 300w, https:\/\/www.qualitester.com\/wp-content\/uploads\/2023\/05\/FDT-01-Falling-Drat-Impact-Tester-150x150.jpg 150w, https:\/\/www.qualitester.com\/wp-content\/uploads\/2023\/05\/FDT-01-Falling-Drat-Impact-Tester-600x600.jpg 600w, https:\/\/www.qualitester.com\/wp-content\/uploads\/2023\/05\/FDT-01-Falling-Drat-Impact-Tester-100x100.jpg 100w\" sizes=\"(max-width: 750px) 100vw, 750px\" \/>\t\t\t\t\t\t\t\t\t\t\t\t\t<\/div>\n\t\t\t\t<\/div>\n\t\t\t\t<\/div>\n\t\t<div class=\"elementor-element elementor-element-4c132f3 e-con-full e-flex e-con e-parent\" data-id=\"4c132f3\" data-element_type=\"container\">\n\t\t\t\t<div class=\"elementor-element elementor-element-4604a40 elementor-widget elementor-widget-text-editor\" data-id=\"4604a40\" data-element_type=\"widget\" data-widget_type=\"text-editor.default\">\n\t\t\t\t<div class=\"elementor-widget-container\">\n\t\t\t\t\t\t\t<p><strong>Baggrund<\/strong><\/p><p>Slagstyrken er et vigtigt indeks for plastfoliens kvalitet, som kan p\u00e5virke omkostningerne og tendensen til at g\u00e5 i stykker under transport. Falling dart impact test er en traditionel m\u00e5de at bestemme den energi, der f\u00e5r en film til at g\u00e5 i stykker under specificerede betingelser for p\u00e5virkning af en frit faldende pil.<\/p><p><strong>Anvendelse<\/strong><\/p><p>FDT-01 Falling Dart Impact Tester bruges til at m\u00e5le modstandsdygtigheden af plastfilm, plader og kompositfilm, folier og papir med en tykkelse p\u00e5 mindre end 1 mm. Denne test indikerer materialets evne til at modst\u00e5 ekstern kraft.<\/p>\t\t\t\t\t\t<\/div>\n\t\t\t\t<\/div>\n\t\t\t\t<\/div>\n\t\t\t\t\t<\/div>\n\t\t\t\t<\/div>\n\t\t<div class=\"elementor-element elementor-element-a464ed9 e-flex e-con-boxed e-con e-parent\" data-id=\"a464ed9\" data-element_type=\"container\">\n\t\t\t\t\t<div class=\"e-con-inner\">\n\t\t<div class=\"elementor-element elementor-element-7d090f5 e-con-full e-flex e-con e-parent\" data-id=\"7d090f5\" data-element_type=\"container\">\n\t\t\t\t<div class=\"elementor-element elementor-element-d1a285e elementor-widget elementor-widget-image\" data-id=\"d1a285e\" data-element_type=\"widget\" data-widget_type=\"image.default\">\n\t\t\t\t<div class=\"elementor-widget-container\">\n\t\t\t\t\t\t\t\t\t\t\t\t\t<img decoding=\"async\" width=\"750\" height=\"750\" src=\"https:\/\/www.qualitester.com\/wp-content\/uploads\/2023\/05\/Falling-Drat-Impact-Tester-FDT-01.jpg\" class=\"attachment-large size-large wp-image-2154\" alt=\"\" srcset=\"https:\/\/www.qualitester.com\/wp-content\/uploads\/2023\/05\/Falling-Drat-Impact-Tester-FDT-01.jpg 750w, https:\/\/www.qualitester.com\/wp-content\/uploads\/2023\/05\/Falling-Drat-Impact-Tester-FDT-01-300x300.jpg 300w, https:\/\/www.qualitester.com\/wp-content\/uploads\/2023\/05\/Falling-Drat-Impact-Tester-FDT-01-150x150.jpg 150w, https:\/\/www.qualitester.com\/wp-content\/uploads\/2023\/05\/Falling-Drat-Impact-Tester-FDT-01-600x600.jpg 600w, https:\/\/www.qualitester.com\/wp-content\/uploads\/2023\/05\/Falling-Drat-Impact-Tester-FDT-01-100x100.jpg 100w\" sizes=\"(max-width: 750px) 100vw, 750px\" \/>\t\t\t\t\t\t\t\t\t\t\t\t\t<\/div>\n\t\t\t\t<\/div>\n\t\t\t\t<\/div>\n\t\t<div class=\"elementor-element elementor-element-391559c e-con-full e-flex e-con e-parent\" data-id=\"391559c\" data-element_type=\"container\">\n\t\t\t\t<div class=\"elementor-element elementor-element-ce10425 elementor-widget elementor-widget-text-editor\" data-id=\"ce10425\" data-element_type=\"widget\" data-widget_type=\"text-editor.default\">\n\t\t\t\t<div class=\"elementor-widget-container\">\n\t\t\t\t\t\t\t<p><b>Tekniske funktioner<\/b><\/p><p>FDT-01 Falling Dart Impact Tester er en PLC-styret enhed (stabil p\u00e5 industrielt niveau) med HMI-ber\u00f8ringssk\u00e6rm. Alle dele af pilesamlingen og udl\u00f8sningsmekanismen er strengt standardiserede.<\/p><p>Med det indbyggede testprogram skal brugeren bare udf\u00f8re testen og \u00f8ge eller reducere v\u00e6gten i henhold til de indstillede parametre. Efter et antal Fail\/Non-Fail-tests giver systemet automatisk et resultat af p\u00e5virkningen, som ikke skal beregnes manuelt igen.<\/p><ol><li>PLC-kontrol og betjening af ber\u00f8ringssk\u00e6rm<\/li><li>To testmetoder for A og B (B valgfri)<\/li><li>Testresultater af b\u00e5de gram- og Joule-visning<\/li><li>Elektromagnetisk affjedring og automatisk fald <\/li><li>Pneumatisk fastsp\u00e6nding af pr\u00f8ver<\/li><li>Observationslys til kontrol af pr\u00f8vestatus ved fastsp\u00e6nding<\/li><li>Manuel og fodkontakt for sikker og nem betjening<\/li><li>Mikroprinter af punktmatrix-typen til dataeksport<\/li><li>Professionel software (valgfrit)<\/li><\/ol>\t\t\t\t\t\t<\/div>\n\t\t\t\t<\/div>\n\t\t\t\t<\/div>\n\t\t\t\t\t<\/div>\n\t\t\t\t<\/div>\n\t\t<div class=\"elementor-element elementor-element-8bbd169 e-flex e-con-boxed e-con e-parent\" data-id=\"8bbd169\" data-element_type=\"container\">\n\t\t\t\t\t<div class=\"e-con-inner\">\n\t\t<div class=\"elementor-element elementor-element-07e4bae e-con-full e-flex e-con e-parent\" data-id=\"07e4bae\" data-element_type=\"container\">\n\t\t\t\t<div class=\"elementor-element elementor-element-b61b883 elementor-widget elementor-widget-image\" data-id=\"b61b883\" data-element_type=\"widget\" data-widget_type=\"image.default\">\n\t\t\t\t<div class=\"elementor-widget-container\">\n\t\t\t\t\t\t\t\t\t\t\t\t\t<img decoding=\"async\" width=\"750\" height=\"750\" src=\"https:\/\/www.qualitester.com\/wp-content\/uploads\/2023\/05\/Falling-Drat-Impact-Tester.jpg\" class=\"attachment-large size-large wp-image-2155\" alt=\"\" srcset=\"https:\/\/www.qualitester.com\/wp-content\/uploads\/2023\/05\/Falling-Drat-Impact-Tester.jpg 750w, https:\/\/www.qualitester.com\/wp-content\/uploads\/2023\/05\/Falling-Drat-Impact-Tester-300x300.jpg 300w, https:\/\/www.qualitester.com\/wp-content\/uploads\/2023\/05\/Falling-Drat-Impact-Tester-150x150.jpg 150w, https:\/\/www.qualitester.com\/wp-content\/uploads\/2023\/05\/Falling-Drat-Impact-Tester-600x600.jpg 600w, https:\/\/www.qualitester.com\/wp-content\/uploads\/2023\/05\/Falling-Drat-Impact-Tester-100x100.jpg 100w\" sizes=\"(max-width: 750px) 100vw, 750px\" \/>\t\t\t\t\t\t\t\t\t\t\t\t\t<\/div>\n\t\t\t\t<\/div>\n\t\t\t\t<\/div>\n\t\t<div class=\"elementor-element elementor-element-3cdb836 e-con-full e-flex e-con e-parent\" data-id=\"3cdb836\" data-element_type=\"container\">\n\t\t\t\t<div class=\"elementor-element elementor-element-151fc3f elementor-widget elementor-widget-text-editor\" data-id=\"151fc3f\" data-element_type=\"widget\" data-widget_type=\"text-editor.default\">\n\t\t\t\t<div class=\"elementor-widget-container\">\n\t\t\t\t\t\t\t<p><strong>Vigtigste parametre<\/strong><\/p><p>Testmetode Metode A eller Metode B (valgfrit)<br \/>Testomr\u00e5de Metode A: 50~2000g Metode B: 300~2000g<br \/>Pilens diameter Metode A: 38\u00b11mm Metode B: 50\u00b11mm<br \/>Anslagsh\u00f8jde 660 mm\/1500 mm<br \/>N\u00f8jagtighed 0,1 g (0,1 J)<br \/>Pr\u00f8veklemme Pneumatisk klemme<br \/>Gasforsyning 0,6 MPa \u03a68 mm PU-slange<br \/>Pr\u00f8vest\u00f8rrelse &gt; 150 mm x 150 mm<br \/>Str\u00f8mforsyning AC 110~220V 50Hz<br \/>Dimension Metode A: 500 mm (L) x 450 mm (B) x 1200 mm (H)<br \/>\u00a0 \u00a0 \u00a0 \u00a0 \u00a0 \u00a0 \u00a0 \u00a0 \u00a0 \u00a0 \u00a0 \u00a0 \u00a0 \u00a0 \u00a0 \u00a0 \u00a0 \u00a0 \u00a0 \u00a0 Metode B: 500 mm (L) x 450 mm (B) x 2200 mm (H)<\/p>\t\t\t\t\t\t<\/div>\n\t\t\t\t<\/div>\n\t\t\t\t<\/div>\n\t\t\t\t\t<\/div>\n\t\t\t\t<\/div>\n\t\t<div class=\"elementor-element elementor-element-1b65b2b e-flex e-con-boxed e-con e-parent\" data-id=\"1b65b2b\" data-element_type=\"container\">\n\t\t\t\t\t<div class=\"e-con-inner\">\n\t\t\t\t<div class=\"elementor-element elementor-element-12db095 elementor-widget elementor-widget-wpforms\" data-id=\"12db095\" data-element_type=\"widget\" data-widget_type=\"wpforms.default\">\n\t\t\t\t<div class=\"elementor-widget-container\">\n\t\t\t<div class=\"wpforms-container\" id=\"wpforms-11\"><form id=\"wpforms-form-11\" class=\"wpforms-validate wpforms-form wpforms-ajax-form\" data-formid=\"11\" method=\"post\" enctype=\"multipart\/form-data\" action=\"\/da\/wp-json\/wp\/v2\/product\/2732\" data-token=\"7c26fc00fd485ee9e5a7c61a93b70491\" data-trp-original-action=\"\/da\/wp-json\/wp\/v2\/product\/2732\"><noscript class=\"wpforms-error-noscript\">Aktiver venligst JavaScript i din browser for at udfylde denne formular.<\/noscript><div class=\"wpforms-field-container\"><div id=\"wpforms-11-field_1-container\" class=\"wpforms-field wpforms-field-text\" data-field-id=\"1\"><label class=\"wpforms-field-label\" for=\"wpforms-11-field_1\">Navn <span class=\"wpforms-required-label\">*<\/span><\/label><input type=\"text\" id=\"wpforms-11-field_1\" class=\"wpforms-field-medium wpforms-field-required\" name=\"wpforms[fields][1]\" placeholder=\"Navn\" required><\/div><div id=\"wpforms-11-field_5-container\" class=\"wpforms-field wpforms-field-text\" data-field-id=\"5\"><label class=\"wpforms-field-label\" for=\"wpforms-11-field_5\">Virksomhed<\/label><input type=\"text\" id=\"wpforms-11-field_5\" class=\"wpforms-field-medium\" name=\"wpforms[fields][5]\" ><\/div><div id=\"wpforms-11-field_4-container\" class=\"wpforms-field wpforms-field-number\" data-field-id=\"4\"><label class=\"wpforms-field-label\" for=\"wpforms-11-field_4\">Telefon<\/label><input type=\"number\" pattern=\"\\d*\" id=\"wpforms-11-field_4\" class=\"wpforms-field-medium\" name=\"wpforms[fields][4]\" placeholder=\"Telefon\" ><\/div><div id=\"wpforms-11-field_3-container\" class=\"wpforms-field wpforms-field-email\" data-field-id=\"3\"><label class=\"wpforms-field-label\" for=\"wpforms-11-field_3\">E-mail <span class=\"wpforms-required-label\">*<\/span><\/label><input type=\"email\" id=\"wpforms-11-field_3\" class=\"wpforms-field-medium wpforms-field-required\" name=\"wpforms[fields][3]\" placeholder=\"E-mail\" spellcheck=\"false\" required><\/div><div id=\"wpforms-11-field_2-container\" class=\"wpforms-field wpforms-field-textarea\" data-field-id=\"2\"><label class=\"wpforms-field-label\" for=\"wpforms-11-field_2\">Besked<\/label><textarea id=\"wpforms-11-field_2\" class=\"wpforms-field-large\" name=\"wpforms[fields][2]\" ><\/textarea><\/div><\/div><!-- .wpforms-field-container --><input type=\"hidden\" name=\"wpforms[recaptcha]\" value=\"\"><div class=\"wpforms-submit-container\" ><input type=\"hidden\" name=\"wpforms[id]\" value=\"11\"><input type=\"hidden\" name=\"wpforms[author]\" value=\"4\"><button type=\"submit\" name=\"wpforms[submit]\" id=\"wpforms-submit-11\" class=\"wpforms-submit\" data-alt-text=\"Submitting\" data-submit-text=\"Submit\" aria-live=\"assertive\" value=\"wpforms-submit\">Send ind<\/button><img loading=\"lazy\" decoding=\"async\" src=\"https:\/\/www.qualitester.com\/wp-content\/plugins\/wpforms-lite\/assets\/images\/submit-spin.svg\" class=\"wpforms-submit-spinner\" style=\"display: none;\" width=\"26\" height=\"26\" alt=\"Indl\u00e6sning\"><\/div><input type=\"hidden\" name=\"trp-form-language\" value=\"da\"\/><\/form><\/div>  <!-- .wpforms-container -->\t\t<\/div>\n\t\t\t\t<\/div>\n\t\t\t\t\t<\/div>\n\t\t\t\t<\/div>\n\t\t\t\t<\/div>","protected":false},"excerpt":{"rendered":"<p>Bruges til at m\u00e5le modstandsevnen i plastfilm, plader og kompositfilm, folier og papir med en tykkelse p\u00e5 mindre end 1 mm.<\/p>","protected":false},"featured_media":2156,"comment_status":"closed","ping_status":"closed","template":"","meta":{"site-sidebar-layout":"default","site-content-layout":"default","ast-global-header-display":"","ast-main-header-display":"","ast-hfb-above-header-display":"","ast-hfb-below-header-display":"","ast-hfb-mobile-header-display":"","site-post-title":"disabled","ast-breadcrumbs-content":"","ast-featured-img":"disabled","footer-sml-layout":"","theme-transparent-header-meta":"default","adv-header-id-meta":"","stick-header-meta":"","header-above-stick-meta":"","header-main-stick-meta":"","header-below-stick-meta":""},"product_cat":[44,149,16,99,111,100,169,95],"product_tag":[499,18,648,39],"class_list":{"0":"post-2732","1":"product","2":"type-product","3":"status-publish","4":"has-post-thumbnail","6":"product_cat-paper-and-board-testers","7":"product_cat-pharma-and-medical-testers","8":"product_cat-plastic-packaging-testers","9":"product_cat-astm","10":"product_cat-astm-d1709","11":"product_cat-iso","12":"product_cat-iso-7765-1","13":"product_cat-products","14":"product_tag-agricultural-film","15":"product_tag-astm-d1709","16":"product_tag-dart-drop-impact-for-pvc-cling-film","17":"product_tag-plastic-film","18":"desktop-align-left","19":"tablet-align-left","20":"mobile-align-left","22":"first","23":"instock","24":"shipping-taxable","25":"product-type-simple"},"_links":{"self":[{"href":"https:\/\/www.qualitester.com\/da\/wp-json\/wp\/v2\/product\/2732","targetHints":{"allow":["GET"]}}],"collection":[{"href":"https:\/\/www.qualitester.com\/da\/wp-json\/wp\/v2\/product"}],"about":[{"href":"https:\/\/www.qualitester.com\/da\/wp-json\/wp\/v2\/types\/product"}],"replies":[{"embeddable":true,"href":"https:\/\/www.qualitester.com\/da\/wp-json\/wp\/v2\/comments?post=2732"}],"version-history":[{"count":0,"href":"https:\/\/www.qualitester.com\/da\/wp-json\/wp\/v2\/product\/2732\/revisions"}],"wp:featuredmedia":[{"embeddable":true,"href":"https:\/\/www.qualitester.com\/da\/wp-json\/wp\/v2\/media\/2156"}],"wp:attachment":[{"href":"https:\/\/www.qualitester.com\/da\/wp-json\/wp\/v2\/media?parent=2732"}],"wp:term":[{"taxonomy":"product_cat","embeddable":true,"href":"https:\/\/www.qualitester.com\/da\/wp-json\/wp\/v2\/product_cat?post=2732"},{"taxonomy":"product_tag","embeddable":true,"href":"https:\/\/www.qualitester.com\/da\/wp-json\/wp\/v2\/product_tag?post=2732"}],"curies":[{"name":"wp","href":"https:\/\/api.w.org\/{rel}","templated":true}]}}