{"id":2475,"date":"2023-06-16T09:54:40","date_gmt":"2023-06-16T01:54:40","guid":{"rendered":"https:\/\/www.qualitester.com\/?post_type=product&#038;p=2475"},"modified":"2024-11-26T15:00:54","modified_gmt":"2024-11-26T07:00:54","slug":"ftt-01-the-paper-thickness-testing-machine","status":"publish","type":"product","link":"https:\/\/www.qualitester.com\/da\/vare\/ftt-01-the-paper-thickness-testing-machine\/","title":{"rendered":"FTT-01 Tykkelsesm\u00e5ler"},"content":{"rendered":"<p>Den <strong>Test af ber\u00f8ringstykkelse<\/strong> er et avanceret m\u00e5leinstrument, der er designet til at give n\u00f8jagtige og p\u00e5lidelige tykkelsesm\u00e5linger for en r\u00e6kke forskellige materialer, herunder plastfilm, tekstiler, papir, pap, folier og andre fleksible materialer. Tykkelsen spiller en afg\u00f8rende rolle for disse materialers ydeevne, kvalitet og overensstemmelse i brancher som emballage, l\u00e6gemidler, medicinsk udstyr, tekstiler og meget mere. Opretholdelse af en ensartet materialetykkelse sikrer produktkvalitet, forhindrer fejl og opfylder lovkrav, hvilket g\u00f8r det til et vigtigt v\u00e6rkt\u00f8j til kvalitetskontrol i fremstillingsprocesser.<\/p>\n<p>Uanset om du arbejder med plastfilm i emballage, tekstiler i modeindustrien eller papirprodukter i trykkerisektoren, s\u00e5 er <strong>Test af ber\u00f8ringstykkelse<\/strong> hj\u00e6lper virksomheder med at opretholde ensartethed, reducere spild og sikre, at materialerne lever op til strenge industristandarder.<\/p>\n<h2>Standarder for tykkelsestest<\/h2>\n<p>Den <strong>Test af ber\u00f8ringstykkelse<\/strong> er bygget til at overholde en r\u00e6kke internationale standarder, hvilket sikrer n\u00f8jagtige og standardiserede m\u00e5linger p\u00e5 tv\u00e6rs af forskellige materialetyper og industrier.<\/p>\n<h3><strong><a href=\"https:\/\/www.astm.org\/d0374-99.html\" target=\"_blank\" rel=\"noopener nofollow\">ASTM D374-99<\/a>: Standard testmetoder for tykkelsen af fast elektrisk isolering<\/strong><\/h3>\n<p>Denne standard bruges til at m\u00e5le tykkelsen af elektriske isoleringsmaterialer. Pr\u00e6cise tykkelsesm\u00e5linger er afg\u00f8rende for den elektriske industri for at sikre korrekt isolering, som beskytter elektriske komponenter og forhindrer skader. Den <strong>Test af ber\u00f8ringstykkelse<\/strong> opfylder kravene i ASTM D374, hvilket sikrer p\u00e5lidelige og ensartede m\u00e5linger af elektriske isoleringsprodukter.<\/p>\n<h3><strong><a href=\"https:\/\/www.astm.org\/d1777-96r19.html\" target=\"_blank\" rel=\"noopener nofollow\">ASTM D1777<\/a>: Standard testmetode for tykkelse af tekstilmaterialer<\/strong><\/h3>\n<p>ASTM D1777-standarden g\u00e6lder for tekstiler og stofmaterialer. N\u00f8jagtig tykkelsesm\u00e5ling er afg\u00f8rende for tekstilindustrien for at evaluere stoffets ydeevne, kvalitet og holdbarhed. Den <strong>Test af ber\u00f8ringstykkelse<\/strong> giver pr\u00e6cise m\u00e5linger, der hj\u00e6lper producenterne med at opfylde branchens standarder for tykkelse, hvilket sikrer produktkvalitet og funktionalitet.<\/p>\n<h3><strong><a href=\"https:\/\/www.iso.org\/standard\/51266.html\" target=\"_blank\" rel=\"noopener nofollow\">ISO 3034:2011<\/a>: B\u00f8lgepap - Bestemmelse af tykkelsen p\u00e5 et enkelt ark<\/strong><\/h3>\n<p>Denne standard bruges til at m\u00e5le tykkelsen af b\u00f8lgepap, et materiale, der i vid udstr\u00e6kning bruges til emballage. Ved at opfylde ISO 3034:2011-standarderne kan <strong>Test af ber\u00f8ringstykkelse<\/strong> hj\u00e6lper emballageproducenter med at sikre, at deres fiberplader opfylder de kr\u00e6vede tykkelsesspecifikationer og giver holdbarhed og beskyttelse af emballerede varer.<\/p>\n<h3><strong><a href=\"https:\/\/www.iso.org\/standard\/53060.html\" target=\"_blank\" rel=\"noopener nofollow\">ISO 534-2011<\/a>: Papir og pap - Bestemmelse af tykkelse, densitet og specifik volumen<\/strong><\/h3>\n<p>ISO 534-2011 bruges til at m\u00e5le tykkelsen af papir- og papmaterialer. Denne standard er afg\u00f8rende for, at papirindustrien kan opretholde produktkonsistens, kontrollere materialeforbruget og opfylde kundernes forventninger. Den <strong>Test af ber\u00f8ringstykkelse<\/strong> underst\u00f8tter ISO 534-2011 og sikrer n\u00f8jagtige tykkelsesm\u00e5linger for papir- og papmaterialer, hvilket er afg\u00f8rende for b\u00e5de kvalitetskontrol og produktionseffektivitet.<\/p>\n<h3><strong><a href=\"https:\/\/www.iso.org\/standard\/20759.html\" target=\"_blank\" rel=\"noopener nofollow\">ISO 4593<\/a>: Plast; Film og plader; Bestemmelse af tykkelse ved mekanisk scanning<\/strong><\/h3>\n<p>ISO 4593 definerer standarden for m\u00e5ling af tykkelsen p\u00e5 plastfilm og -plader. Pr\u00e6cise tykkelsesm\u00e5linger er afg\u00f8rende for plastproducenter, is\u00e6r inden for emballage, for at sikre produktets ydeevne og overholdelse af lovm\u00e6ssige standarder. Den <strong>Test af ber\u00f8ringstykkelse<\/strong> opfylder ISO 4593-kravene og sikrer p\u00e5lidelige tykkelsesm\u00e5linger af plastfilm, der bruges i en lang r\u00e6kke industrier.<\/p>\n<h2>Testmetoder og anvendelse<\/h2>\n<div class=\"ast-oembed-container\" style=\"height: 100%;\"><iframe title=\"Tykkelsesm\u00e5ler med trykfod og pr\u00f8vefremf\u00f8rer\" width=\"500\" height=\"281\" src=\"https:\/\/www.youtube.com\/embed\/ay_9m_wynLU?feature=oembed\" frameborder=\"0\" allow=\"accelerometer; autoplay; clipboard-write; encrypted-media; gyroscope; picture-in-picture; web-share\" referrerpolicy=\"strict-origin-when-cross-origin\" allowfullscreen><\/iframe><\/div>\n<p>Den <strong>Test af ber\u00f8ringstykkelse<\/strong> bruger en mekanisk scanningsteknik til at m\u00e5le tykkelsen p\u00e5 en lang r\u00e6kke materialer. S\u00e5dan fungerer processen:<\/p>\n<ol>\n<li><strong>Eksempel p\u00e5 placering:<\/strong> Materialepr\u00f8ven placeres p\u00e5 instrumentets base, s\u00e5 den placeres korrekt for at sikre en n\u00f8jagtig m\u00e5ling.<\/li>\n<li><strong>Trykfodsmekanisme:<\/strong> En v\u00e6gtet trykfod s\u00e6nkes forsigtigt ned p\u00e5 materialet. Testeren m\u00e5ler forskydningen eller mellemrummet mellem trykfoden og underlaget, hvilket giver en n\u00f8jagtig m\u00e5ling af pr\u00f8vens tykkelse.<\/li>\n<li><strong>Materialetyper:<\/strong> Testeren er alsidig og kan m\u00e5le tykkelsen af materialer som plastfilm, tekstiler, papir, folier, stoffer og membraner. Uanset om du tester emballagematerialer, emballage til medicinsk udstyr eller tekstiler, kan <strong>Test af ber\u00f8ringstykkelse<\/strong> sikrer pr\u00e6cise resultater.<\/li>\n<\/ol>\n<p>Denne metode er s\u00e6rlig v\u00e6rdifuld for kvalitetskontrolprocesser i industrier, hvor materialekonsistens er afg\u00f8rende, f.eks. emballage, f\u00f8de- og drikkevarer, l\u00e6gemidler og tekstiler. Ved at give n\u00f8jagtige og gentagelige m\u00e5linger kan <strong>Test af ber\u00f8ringstykkelse<\/strong> hj\u00e6lper virksomheder med at identificere tykkelsesvariationer, der kan f\u00f8re til fejl, manglende overholdelse af regler eller h\u00f8jere produktionsomkostninger.<\/p>\n<h2>Tekniske egenskaber og funktionalitet<\/h2>\n<p>Den <strong>Test af ber\u00f8ringstykkelse<\/strong> er designet til brugervenlighed og pr\u00e6cision med flere avancerede funktioner, der sikrer effektiv drift og n\u00f8jagtige resultater:<\/p>\n<ul>\n<li><strong>PLC-kontrolleret drift<\/strong>: Enheden styres af en programmerbar logisk controller (PLC), som er integreret med en intuitiv HMI-ber\u00f8ringssk\u00e6rm for nem betjening.<\/li>\n<li><strong>Automatisk l\u00f8ft af trykfod<\/strong>: Denne funktion sikrer, at trykfoden l\u00f8ftes automatisk efter hver m\u00e5ling, hvilket reducerer behovet for manuel indgriben og opretholder ensartethed i testen.<\/li>\n<li><strong>Visning af data i realtid<\/strong>: Testeren viser m\u00e5linger i realtid, herunder maksimum-, minimum-, gennemsnits- og standardafvigelsesv\u00e6rdier, s\u00e5 brugerne kan vurdere materialets konsistens og ydeevne med det samme.<\/li>\n<li><strong>Datalagring og mikroprint<\/strong>: Testeren kan gemme testresultater og udskrive rapporter, hvilket letter sporbarhed og dokumentation af kvalitetskontrol til revisioner eller registreringer.<\/li>\n<li><strong>RS232-port (valgfrit)<\/strong>: Enheden leveres med en RS232-port, der giver mulighed for nem integration med dataanalysesoftware, hvilket forbedrer muligheden for at administrere og analysere testresultater.<\/li>\n<li><strong>Mulighed for manuel og automatisk pr\u00f8vefremf\u00f8ring (valgfrit)<\/strong>: For at \u00f8ge effektiviteten i testmilj\u00f8er med store m\u00e6ngder er der mulighed for b\u00e5de manuel og automatisk pr\u00f8vefremf\u00f8ring.<\/li>\n<\/ul>\n<h2>Vigtigste parametre og specifikationer<\/h2>\n<table>\n<tbody>\n<tr>\n<td width=\"251\">Testomr\u00e5de<\/td>\n<td width=\"247\">0~2mm (tilpasning tilg\u00e6ngelig)<\/td>\n<\/tr>\n<tr>\n<td width=\"251\">Opl\u00f8sning<\/td>\n<td width=\"247\">0,1 \u03bcm<\/td>\n<\/tr>\n<tr>\n<td width=\"251\">Hoved med standardm\u00e5l<\/td>\n<td width=\"247\">Halvkugleformet type<\/td>\n<\/tr>\n<tr>\n<td width=\"251\">Valgfrit m\u00e5lehoved (flad fod)<\/td>\n<td width=\"247\">50 mm\u00b2 , 17,5\u00b11 KPa (for film)<br \/>\n200 mm\u00b2 , 50\u00b11 KPa (til papir)<\/td>\n<\/tr>\n<tr>\n<td width=\"251\">Kraft<\/td>\n<td width=\"247\">AC 110~220V<\/td>\n<\/tr>\n<\/tbody>\n<\/table>\n<h3>Hvorfor v\u00e6lge Touch Thickness Tester?<\/h3>\n<p>Den <strong>Test af ber\u00f8ringstykkelse<\/strong> giver mange fordele for virksomheder p\u00e5 tv\u00e6rs af brancher som emballage, tekstiler, medicinsk udstyr og meget mere. Her er blot nogle f\u00e5 grunde til at v\u00e6lge dette instrument:<\/p>\n<ul>\n<li><strong>Alsidighed:<\/strong> Den kan m\u00e5le tykkelsen af forskellige materialer, herunder plastfilm, tekstiler, papir og b\u00f8lgepap.<\/li>\n<li><strong>Overholdelse af standarder:<\/strong> Den opfylder vigtige industristandarder som ASTM D374, ASTM D1777, ISO 3034:2011, ISO 534-2011 og ISO 4593, hvilket sikrer, at dine m\u00e5linger er n\u00f8jagtige og i overensstemmelse med lovgivningen.<\/li>\n<li><strong>Effektivitet og n\u00f8jagtighed:<\/strong> Med sine avancerede funktioner som automatisk trykfodsl\u00f8ft, datavisning i realtid og m\u00e5linger i h\u00f8j opl\u00f8sning er <strong>Test af ber\u00f8ringstykkelse<\/strong> sikrer p\u00e5lidelige og gentagelige resultater.<\/li>\n<li><strong>Styring af data:<\/strong> Muligheden for at gemme og udskrive testresultater g\u00f8r det nemt at f\u00f8re optegnelser til kvalitetskontrol, revisioner og sporbarhed.<\/li>\n<\/ul>\n<h3>FAQ (ofte stillede sp\u00f8rgsm\u00e5l)<\/h3>\n<ol>\n<li><strong>Hvilke materialer kan Touch Thickness Tester m\u00e5le?<\/strong>\n<ul>\n<li>Testeren kan m\u00e5le tykkelsen af materialer som plastfilm, tekstiler, papir, b\u00f8lgepap, folier og membraner.<\/li>\n<\/ul>\n<\/li>\n<li><strong>Hvad er m\u00e5leomr\u00e5det for Touch Thickness Tester?<\/strong>\n<ul>\n<li>Standardtestomr\u00e5det er fra 0 til 2 mm, med mulighed for tilpasning til specifikke materialetyper eller anvendelser.<\/li>\n<\/ul>\n<\/li>\n<li><strong>Hvordan sikrer Touch Thickness Tester n\u00f8jagtighed?<\/strong>\n<ul>\n<li>Testeren bruger en mekanisk scanningsteknik med en opl\u00f8sning p\u00e5 0,1 \u03bcm for at sikre pr\u00e6cise og n\u00f8jagtige tykkelsesm\u00e5linger for forskellige materialer.<\/li>\n<\/ul>\n<\/li>\n<li><strong>Kan Touch Thickness Tester integreres med andre softwaresystemer?<\/strong>\n<ul>\n<li>Ja, testeren har en RS232-port til valgfri integration med software til forbedret datah\u00e5ndtering og -analyse.<\/li>\n<\/ul>\n<\/li>\n<li><strong>Hvilke standarder overholder Touch Thickness Tester?<\/strong>\n<ul>\n<li>Testeren underst\u00f8tter ASTM D374, ASTM D1777, ISO 3034:2011, ISO 534-2011 og ISO 4593, hvilket sikrer overholdelse af industristandarder for forskellige materialer.<\/li>\n<\/ul>\n<\/li>\n<\/ol>","protected":false},"excerpt":{"rendered":"<p>Den <strong>Test af ber\u00f8ringstykkelse<\/strong> er et avanceret m\u00e5leinstrument, der er designet til at give n\u00f8jagtige og p\u00e5lidelige tykkelsesm\u00e5linger for en r\u00e6kke forskellige materialer, herunder plastfilm, tekstiler, papir, pap, folier og andre fleksible materialer. Tykkelsen spiller en afg\u00f8rende rolle i bestemmelsen af disse materialers ydeevne, kvalitet og overensstemmelse i brancher som emballage, l\u00e6gemidler, medicinsk udstyr, tekstiler og meget mere.<\/p>","protected":false},"featured_media":5612,"comment_status":"closed","ping_status":"closed","template":"","meta":{"site-sidebar-layout":"default","site-content-layout":"default","ast-global-header-display":"","ast-main-header-display":"","ast-hfb-above-header-display":"","ast-hfb-below-header-display":"","ast-hfb-mobile-header-display":"","site-post-title":"","ast-breadcrumbs-content":"","ast-featured-img":"","footer-sml-layout":"","theme-transparent-header-meta":"default","adv-header-id-meta":"","stick-header-meta":"","header-above-stick-meta":"","header-main-stick-meta":"","header-below-stick-meta":""},"product_cat":[845,938,44,149,16,120,131,160,162,164,95],"product_tag":[],"class_list":{"0":"post-2475","1":"product","2":"type-product","3":"status-publish","4":"has-post-thumbnail","6":"product_cat-customization","7":"product_cat-textile-tester","8":"product_cat-paper-and-board-testers","9":"product_cat-pharma-and-medical-testers","10":"product_cat-plastic-packaging-testers","11":"product_cat-astm-d1777","12":"product_cat-astm-d374","13":"product_cat-iso-3034","14":"product_cat-iso-4593","15":"product_cat-iso-534","16":"product_cat-products","17":"desktop-align-left","18":"tablet-align-left","19":"mobile-align-left","21":"first","22":"instock","23":"shipping-taxable","24":"product-type-simple"},"_links":{"self":[{"href":"https:\/\/www.qualitester.com\/da\/wp-json\/wp\/v2\/product\/2475","targetHints":{"allow":["GET"]}}],"collection":[{"href":"https:\/\/www.qualitester.com\/da\/wp-json\/wp\/v2\/product"}],"about":[{"href":"https:\/\/www.qualitester.com\/da\/wp-json\/wp\/v2\/types\/product"}],"replies":[{"embeddable":true,"href":"https:\/\/www.qualitester.com\/da\/wp-json\/wp\/v2\/comments?post=2475"}],"version-history":[{"count":0,"href":"https:\/\/www.qualitester.com\/da\/wp-json\/wp\/v2\/product\/2475\/revisions"}],"wp:featuredmedia":[{"embeddable":true,"href":"https:\/\/www.qualitester.com\/da\/wp-json\/wp\/v2\/media\/5612"}],"wp:attachment":[{"href":"https:\/\/www.qualitester.com\/da\/wp-json\/wp\/v2\/media?parent=2475"}],"wp:term":[{"taxonomy":"product_cat","embeddable":true,"href":"https:\/\/www.qualitester.com\/da\/wp-json\/wp\/v2\/product_cat?post=2475"},{"taxonomy":"product_tag","embeddable":true,"href":"https:\/\/www.qualitester.com\/da\/wp-json\/wp\/v2\/product_tag?post=2475"}],"curies":[{"name":"wp","href":"https:\/\/api.w.org\/{rel}","templated":true}]}}