{"id":1799,"date":"2023-04-27T07:55:53","date_gmt":"2023-04-26T23:55:53","guid":{"rendered":"https:\/\/www.qualitester.com\/?post_type=product&#038;p=1799"},"modified":"2024-12-04T14:39:32","modified_gmt":"2024-12-04T06:39:32","slug":"stretch-film-peel-cling-tester-spc-01","status":"publish","type":"product","link":"https:\/\/www.qualitester.com\/da\/vare\/stretch-film-peel-cling-tester-spc-01\/","title":{"rendered":"SPC-01 Stretch Film Peel Cling Tester"},"content":{"rendered":"<h2>Introduktion af Peel Cling Tester<\/h2>\n<p>ASTM D5458 Peel Cling Tester m\u00e5ler kl\u00e6bning mellem to lag film og hj\u00e6lper med at bestemme str\u00e6kfoliematerialets evne til at kl\u00e6be til det. Inden for emballagematerialer er det vigtigt at sikre produktsikkerhed og -stabilitet p\u00e5 tv\u00e6rs af forskellige brancher. Blandt disse materialer spiller str\u00e6kfilm, ogs\u00e5 kendt som kl\u00e6befolie, en afg\u00f8rende rolle for sikker bundtning og beskyttelse af varer under transport og opbevaring. Det er vigtigt at vurdere str\u00e6kfilmens kl\u00e6bekvalitet for at kunne vurdere dens vedh\u00e6ftningsstyrke og generelle ydeevne.<\/p>\n<p><img fetchpriority=\"high\" decoding=\"async\" class=\"wp-image-4157 size-woocommerce_single aligncenter\" src=\"https:\/\/www.qualitester.com\/wp-content\/uploads\/2023\/04\/stretch-film-peel-cling-testser-600x600.jpg\" alt=\"skr\u00e6lningstest til plastfolie efter astm d5458\" width=\"600\" height=\"600\" srcset=\"https:\/\/www.qualitester.com\/wp-content\/uploads\/2023\/04\/stretch-film-peel-cling-testser-600x600.jpg 600w, https:\/\/www.qualitester.com\/wp-content\/uploads\/2023\/04\/stretch-film-peel-cling-testser-300x300.jpg 300w, https:\/\/www.qualitester.com\/wp-content\/uploads\/2023\/04\/stretch-film-peel-cling-testser-150x150.jpg 150w, https:\/\/www.qualitester.com\/wp-content\/uploads\/2023\/04\/stretch-film-peel-cling-testser-100x100.jpg 100w, https:\/\/www.qualitester.com\/wp-content\/uploads\/2023\/04\/stretch-film-peel-cling-testser.jpg 750w\" sizes=\"(max-width: 600px) 100vw, 600px\" \/><\/p>\n<h2>Hvorfor er Peel Cling-test vigtig?<\/h2>\n<p>Peel cling-test er afg\u00f8rende for str\u00e6kfilm, fordi den vurderer filmens evne til at kl\u00e6be til sig selv og bevare integriteten af de indpakkede varer.<\/p>\n<h3>Belastningsstabilitet<\/h3>\n<p>Str\u00e6kfilmens prim\u00e6re funktion er at stabilisere lasten under transport og opbevaring. Hvis filmen ikke kl\u00e6ber ordentligt til sig selv, kan det f\u00f8re til, at lasten forskubber sig, hvilket kan for\u00e5rsage skader p\u00e5 varerne eller endda ulykker under transporten.<\/p>\n<h3>Produktbeskyttelse<\/h3>\n<p>Korrekt kl\u00e6bning sikrer, at de indpakkede varer holdes sikkert sammen og beskytter dem mod st\u00f8v, fugt og andre eksterne faktorer, der potentielt kan beskadige eller forurene dem.<\/p>\n<h3>Effektiv h\u00e5ndtering<\/h3>\n<p>En str\u00e6kfilm med gode kl\u00e6beegenskaber g\u00f8r det lettere at h\u00e5ndtere og transportere palleterede laster og reducerer risikoen for, at de glider eller skilles ad under h\u00e5ndteringen.<\/p>\n<h3>Omkostningsbesparelser<\/h3>\n<p>Effektive kl\u00e6beegenskaber betyder, at der er brug for mindre film til at pakke en last sikkert ind. Det reducerer ikke kun materialeomkostningerne, men minimerer ogs\u00e5 den milj\u00f8p\u00e5virkning, der er forbundet med overskydende emballage.<\/p>\n<h3>Kundetilfredshed<\/h3>\n<p>Det er afg\u00f8rende for kundetilfredsheden, at produkterne ankommer til deres destination intakte og ubeskadigede. Korrekt kl\u00e6betestning hj\u00e6lper producenterne med at opretholde kvaliteten af deres produkter i hele forsyningsk\u00e6den.<\/p>\n<p><img decoding=\"async\" class=\"wp-image-4156 size-woocommerce_single aligncenter\" src=\"https:\/\/www.qualitester.com\/wp-content\/uploads\/2023\/04\/astm-d5458-peel-cling-testing-machine-for-sale-600x600.jpg\" alt=\"skr\u00e6lningstest til plastfolie efter astm d5458\" width=\"600\" height=\"600\" srcset=\"https:\/\/www.qualitester.com\/wp-content\/uploads\/2023\/04\/astm-d5458-peel-cling-testing-machine-for-sale-600x600.jpg 600w, https:\/\/www.qualitester.com\/wp-content\/uploads\/2023\/04\/astm-d5458-peel-cling-testing-machine-for-sale-300x300.jpg 300w, https:\/\/www.qualitester.com\/wp-content\/uploads\/2023\/04\/astm-d5458-peel-cling-testing-machine-for-sale-150x150.jpg 150w, https:\/\/www.qualitester.com\/wp-content\/uploads\/2023\/04\/astm-d5458-peel-cling-testing-machine-for-sale-100x100.jpg 100w, https:\/\/www.qualitester.com\/wp-content\/uploads\/2023\/04\/astm-d5458-peel-cling-testing-machine-for-sale.jpg 750w\" sizes=\"(max-width: 600px) 100vw, 600px\" \/><\/p>\n<h2>Anvendelse af Peel Cling-test i materialetestning<\/h2>\n<p>Peel Cling Tester er et vigtigt v\u00e6rkt\u00f8j til at evaluere vedh\u00e6ftningsstyrken mellem to lag str\u00e6kfilm. Ved at give pr\u00e6cise m\u00e5linger bidrager denne tester v\u00e6sentligt til at forbedre produktkvaliteten og -sikkerheden p\u00e5 tv\u00e6rs af forskellige sektorer, herunder emballage, f\u00f8devarer, medicin og meget mere.<\/p>\n<h2>Overholdelse af standarder<\/h2>\n<ul>\n<li>Den <a title=\"ASTM D5458 tester for afskalning\" href=\"https:\/\/www.astm.org\/d5458-95r20.html\" target=\"_blank\" rel=\"noopener nofollow\"><span style=\"color: #3366ff;\"><strong>ASTM D5458<\/strong><\/span><\/a> Standard Test Method for Stretch Wrap Peel Cling tilbyder en standardiseret tilgang til at kvantificere vedh\u00e6ftningsstyrken mellem folielag. Denne metode hj\u00e6lper med at bestemme det bedste kl\u00e6belag, uanset om det er eksternt eller internt.<\/li>\n<\/ul>\n<h2>Tekniske egenskaber ved Peel Cling Tester<\/h2>\n<ol>\n<li>Brugervenlig gr\u00e6nseflade: En 7-tommers TFT-ber\u00f8ringssk\u00e6rm sikrer nem betjening og interaktion.<\/li>\n<li>P\u00e5lidelig ydelse: Den interne PLC-kontrolenhed garanterer en ensartet og p\u00e5lidelig ydelse.<\/li>\n<li>Pr\u00e6cision og n\u00f8jagtighed: Udnytter en pr\u00e6cisions-kugleskruemekanisme til n\u00f8jagtige hastigheds- og forskydningsm\u00e5linger.<\/li>\n<li>Justerbar testhastighed: Giver fleksibilitet i testparametrene, s\u00e5 de passer til specifikke testkrav.<\/li>\n<li>Minimeret interferens: Forskellige vejecelleforbindelser eliminerer interferens, der typisk for\u00e5rsages af friktion og tyngdekraft, hvilket sikrer n\u00f8jagtige resultater.<\/li>\n<li>Forbedret funktionalitet: Udstyret med en begr\u00e6nsningsanordning og automatisk returfunktion for ekstra bekvemmelighed.<\/li>\n<li>Visning af data i realtid: Giver realtidsvisning af testkurver og registrerer topv\u00e6rdier til analyse.<\/li>\n<li>Alsidig anvendelse: Underst\u00f8tter forl\u00e6ngelseshastigheder p\u00e5 50%, 100% og 200%, hvilket im\u00f8dekommer en lang r\u00e6kke testbehov.<\/li>\n<li>Dokumentation: Indeholder en indbygget mikroprinter til praktisk dokumentation af testresultater.<\/li>\n<li>Valgfrie funktioner: Giver mulighed for at tilf\u00f8je en friktionskoefficientfunktion for omfattende testmuligheder.<\/li>\n<\/ol>\n<p>Str\u00e6kfilmens kl\u00e6bekvalitet er afg\u00f8rende for at sikre integriteten og stabiliteten af emballerede varer under transport og opbevaring. Peel Cling Tester er en p\u00e5lidelig l\u00f8sning til n\u00f8jagtig vurdering af kl\u00e6bestyrken og bidrager dermed til forbedret produktkvalitet og -sikkerhed p\u00e5 tv\u00e6rs af forskellige brancher.<\/p>\n<h2>Hvordan tester man str\u00e6kfilmens kl\u00e6beevne?<\/h2>\n<div class=\"ast-oembed-container\" style=\"height: 100%;\"><iframe title=\"Testinstrument til afskalning af str\u00e6kfilm | ASTM D5458\" width=\"500\" height=\"281\" src=\"https:\/\/www.youtube.com\/embed\/gRpUEGeIRNw?feature=oembed\" frameborder=\"0\" allow=\"accelerometer; autoplay; clipboard-write; encrypted-media; gyroscope; picture-in-picture; web-share\" referrerpolicy=\"strict-origin-when-cross-origin\" allowfullscreen><\/iframe><\/div>\n<h2>Ofte stillede sp\u00f8rgsm\u00e5l<\/h2>\n<ol>\n<li>Hvilke industrier har mest gavn af <strong>Test af skr\u00e6lning<\/strong>?<br \/>\nPeel cling-tests er uvurderlige i brancher som emballage, f\u00f8devarer, medicin og l\u00e6gemidler, hvor det er afg\u00f8rende at sikre varer under transport.<\/li>\n<li>Kan den <strong>Peel Cling Tester<\/strong> im\u00f8dekomme tilpassede testkrav?<br \/>\nJa, Peel Cling Tester har justerbare parametre, hvilket g\u00f8r den velegnet til forskellige testbehov, herunder tilpasset automatisering.<\/li>\n<li>Overholder test af skr\u00e6lning internationale standarder?<br \/>\nAbsolut, peel cling-test, som udf\u00f8res af Peel Cling Tester, overholder internationale standarder som ASTM D5458, hvilket sikrer n\u00f8jagtige og p\u00e5lidelige resultater.<\/li>\n<li>Hvordan bidrager peel cling-test til kvalitetskontrol?<br \/>\nPeel cling-test fungerer som en vigtig kvalitetskontrol, der sikrer str\u00e6kfilmens vedh\u00e6ftning og ydeevne til effektiv sikring af emballerede varer.<\/li>\n<li>P\u00e5 hvilke m\u00e5der hj\u00e6lper Peel Cling Tester med at spare omkostninger for virksomheder?<br \/>\nVed n\u00f8jagtigt at vurdere kl\u00e6bestyrken hj\u00e6lper Peel Cling Tester virksomheder med at optimere deres emballageprocesser, minimere materialespild og sikre effektiv ressourceudnyttelse.<\/li>\n<\/ol>\n<h2>Relaterede testinstrumenter<\/h2>\n<p><img decoding=\"async\" class=\"alignnone wp-image-4121 size-woocommerce_single\" src=\"https:\/\/www.qualitester.com\/wp-content\/uploads\/2023\/04\/TST-01-Tensile-Tester-puncture-test-1-1-600x600.jpg\" alt=\"ASTM D5748 Test af punktering af str\u00e6kfilm\" width=\"600\" height=\"600\" srcset=\"https:\/\/www.qualitester.com\/wp-content\/uploads\/2023\/04\/TST-01-Tensile-Tester-puncture-test-1-1-600x600.jpg 600w, https:\/\/www.qualitester.com\/wp-content\/uploads\/2023\/04\/TST-01-Tensile-Tester-puncture-test-1-1-300x300.jpg 300w, https:\/\/www.qualitester.com\/wp-content\/uploads\/2023\/04\/TST-01-Tensile-Tester-puncture-test-1-1-150x150.jpg 150w, https:\/\/www.qualitester.com\/wp-content\/uploads\/2023\/04\/TST-01-Tensile-Tester-puncture-test-1-1-100x100.jpg 100w, https:\/\/www.qualitester.com\/wp-content\/uploads\/2023\/04\/TST-01-Tensile-Tester-puncture-test-1-1.jpg 750w\" sizes=\"(max-width: 600px) 100vw, 600px\" \/><\/p>\n<p>TST-01 <a title=\"ASTM D5748 punkteringstester\" href=\"https:\/\/www.qualitester.com\/da\/vare\/tensile-tester-tst-01\/\" target=\"_blank\" rel=\"noopener\"><span style=\"color: #3366ff;\">Tr\u00e6kpr\u00f8vemaskine<\/span><\/a> for fremspring <strong>Punkteringsmodstand for str\u00e6kfilm<\/strong><\/p>","protected":false},"excerpt":{"rendered":"<p>Str\u00e6kfilm, ogs\u00e5 kendt som kl\u00e6befolie, spiller en afg\u00f8rende rolle for sikker bundtning og beskyttelse af varer under transport og opbevaring. Det er vigtigt at vurdere str\u00e6kfilmens skr\u00e6lningskvalitet for at kunne vurdere dens vedh\u00e6ftningsstyrke og generelle ydeevne.<\/p>","protected":false},"featured_media":6101,"comment_status":"closed","ping_status":"closed","template":"","meta":{"site-sidebar-layout":"default","site-content-layout":"default","ast-global-header-display":"","ast-main-header-display":"","ast-hfb-above-header-display":"","ast-hfb-below-header-display":"","ast-hfb-mobile-header-display":"","site-post-title":"disabled","ast-breadcrumbs-content":"","ast-featured-img":"disabled","footer-sml-layout":"","theme-transparent-header-meta":"default","adv-header-id-meta":"","stick-header-meta":"","header-above-stick-meta":"","header-main-stick-meta":"","header-below-stick-meta":""},"product_cat":[845,681,16,390,95],"product_tag":[],"class_list":{"0":"post-1799","1":"product","2":"type-product","3":"status-publish","4":"has-post-thumbnail","6":"product_cat-customization","7":"product_cat-peel-tester","8":"product_cat-plastic-packaging-testers","9":"product_cat-astm-d5458","10":"product_cat-products","11":"desktop-align-left","12":"tablet-align-left","13":"mobile-align-left","15":"first","16":"instock","17":"shipping-taxable","18":"product-type-simple"},"_links":{"self":[{"href":"https:\/\/www.qualitester.com\/da\/wp-json\/wp\/v2\/product\/1799","targetHints":{"allow":["GET"]}}],"collection":[{"href":"https:\/\/www.qualitester.com\/da\/wp-json\/wp\/v2\/product"}],"about":[{"href":"https:\/\/www.qualitester.com\/da\/wp-json\/wp\/v2\/types\/product"}],"replies":[{"embeddable":true,"href":"https:\/\/www.qualitester.com\/da\/wp-json\/wp\/v2\/comments?post=1799"}],"version-history":[{"count":0,"href":"https:\/\/www.qualitester.com\/da\/wp-json\/wp\/v2\/product\/1799\/revisions"}],"wp:featuredmedia":[{"embeddable":true,"href":"https:\/\/www.qualitester.com\/da\/wp-json\/wp\/v2\/media\/6101"}],"wp:attachment":[{"href":"https:\/\/www.qualitester.com\/da\/wp-json\/wp\/v2\/media?parent=1799"}],"wp:term":[{"taxonomy":"product_cat","embeddable":true,"href":"https:\/\/www.qualitester.com\/da\/wp-json\/wp\/v2\/product_cat?post=1799"},{"taxonomy":"product_tag","embeddable":true,"href":"https:\/\/www.qualitester.com\/da\/wp-json\/wp\/v2\/product_tag?post=1799"}],"curies":[{"name":"wp","href":"https:\/\/api.w.org\/{rel}","templated":true}]}}