{"id":1742,"date":"2023-04-26T14:30:49","date_gmt":"2023-04-26T06:30:49","guid":{"rendered":"https:\/\/www.qualitester.com\/?post_type=product&#038;p=1742"},"modified":"2024-12-04T14:11:33","modified_gmt":"2024-12-04T06:11:33","slug":"leak-tester-lt-03","status":"publish","type":"product","link":"https:\/\/www.qualitester.com\/da\/vare\/leak-tester-lt-03\/","title":{"rendered":"Leak Tester LT-03"},"content":{"rendered":"<div data-elementor-type=\"wp-post\" data-elementor-id=\"1742\" class=\"elementor elementor-1742\" data-elementor-post-type=\"product\">\n\t\t\t\t<div class=\"elementor-element elementor-element-5aef0fb e-flex e-con-boxed e-con e-parent\" data-id=\"5aef0fb\" data-element_type=\"container\">\n\t\t\t\t\t<div class=\"e-con-inner\">\n\t\t<div class=\"elementor-element elementor-element-b131450 e-con-full e-flex e-con e-child\" data-id=\"b131450\" data-element_type=\"container\">\n\t\t\t\t<div class=\"elementor-element elementor-element-48f0a04 elementor-widget elementor-widget-image\" data-id=\"48f0a04\" data-element_type=\"widget\" data-widget_type=\"image.default\">\n\t\t\t\t<div class=\"elementor-widget-container\">\n\t\t\t\t\t\t\t\t\t\t\t\t\t<img fetchpriority=\"high\" decoding=\"async\" width=\"750\" height=\"750\" src=\"https:\/\/www.qualitester.com\/wp-content\/uploads\/2023\/04\/Instruments-for-testing-leaks-1.jpg\" class=\"attachment-large size-large wp-image-1745\" alt=\"\" srcset=\"https:\/\/www.qualitester.com\/wp-content\/uploads\/2023\/04\/Instruments-for-testing-leaks-1.jpg 750w, https:\/\/www.qualitester.com\/wp-content\/uploads\/2023\/04\/Instruments-for-testing-leaks-1-300x300.jpg 300w, https:\/\/www.qualitester.com\/wp-content\/uploads\/2023\/04\/Instruments-for-testing-leaks-1-150x150.jpg 150w, https:\/\/www.qualitester.com\/wp-content\/uploads\/2023\/04\/Instruments-for-testing-leaks-1-600x600.jpg 600w, https:\/\/www.qualitester.com\/wp-content\/uploads\/2023\/04\/Instruments-for-testing-leaks-1-100x100.jpg 100w\" sizes=\"(max-width: 750px) 100vw, 750px\" \/>\t\t\t\t\t\t\t\t\t\t\t\t\t<\/div>\n\t\t\t\t<\/div>\n\t\t\t\t<\/div>\n\t\t<div class=\"elementor-element elementor-element-94ff92f e-con-full e-flex e-con e-child\" data-id=\"94ff92f\" data-element_type=\"container\">\n\t\t\t\t<div class=\"elementor-element elementor-element-02aa210 elementor-widget elementor-widget-text-editor\" data-id=\"02aa210\" data-element_type=\"widget\" data-widget_type=\"text-editor.default\">\n\t\t\t\t<div class=\"elementor-widget-container\">\n\t\t\t\t\t\t\t<h6><strong>Anvendelse<\/strong><\/h6><p><em>Test af pakkeforseglingers integritet er med til at sikre, at emballagen yder den n\u00f8dvendige produktbeskyttelse. B\u00e6redygtige emballagealternativer, billigere emballage og variationer i produktionslinjens forseglingsparametre vurderes ofte med test af forseglingsintegritet. Det er afg\u00f8rende for produktkvaliteten og -sikkerheden, at pakningernes p\u00e5lidelighed opretholdes.<\/em><\/p><h6><strong>Testbeskrivelse<\/strong><\/h6><p><em>En pr\u00f8ve placeres i kammeret, der er fyldt med vand. N\u00e5r l\u00e5get er sat p\u00e5 igen, begynder kontrolenheden at tr\u00e6kke luften inde i kammeret ud, indtil det forudindstillede vakuum er opn\u00e5et. P\u00e5 grund af trykforskellen mellem pr\u00f8vens inderside og yderside vil luften i den slippe ud, hvis der er en lille l\u00e6kage. L\u00e6kagen viser sig ved en str\u00f8m af bobler fra l\u00e6kageomr\u00e5det.<\/em><\/p>\t\t\t\t\t\t<\/div>\n\t\t\t\t<\/div>\n\t\t\t\t<\/div>\n\t\t\t\t\t<\/div>\n\t\t\t\t<\/div>\n\t\t<div class=\"elementor-element elementor-element-b82bd73 e-flex e-con-boxed e-con e-parent\" data-id=\"b82bd73\" data-element_type=\"container\">\n\t\t\t\t\t<div class=\"e-con-inner\">\n\t\t<div class=\"elementor-element elementor-element-6833f68 e-con-full e-flex e-con e-child\" data-id=\"6833f68\" data-element_type=\"container\">\n\t\t\t\t<div class=\"elementor-element elementor-element-98f9279 elementor-widget elementor-widget-image\" data-id=\"98f9279\" data-element_type=\"widget\" data-widget_type=\"image.default\">\n\t\t\t\t<div class=\"elementor-widget-container\">\n\t\t\t\t\t\t\t\t\t\t\t\t\t<img fetchpriority=\"high\" decoding=\"async\" width=\"750\" height=\"750\" src=\"https:\/\/www.qualitester.com\/wp-content\/uploads\/2023\/04\/Instruments-for-testing-leaks-1.jpg\" class=\"attachment-large size-large wp-image-1745\" alt=\"\" srcset=\"https:\/\/www.qualitester.com\/wp-content\/uploads\/2023\/04\/Instruments-for-testing-leaks-1.jpg 750w, https:\/\/www.qualitester.com\/wp-content\/uploads\/2023\/04\/Instruments-for-testing-leaks-1-300x300.jpg 300w, https:\/\/www.qualitester.com\/wp-content\/uploads\/2023\/04\/Instruments-for-testing-leaks-1-150x150.jpg 150w, https:\/\/www.qualitester.com\/wp-content\/uploads\/2023\/04\/Instruments-for-testing-leaks-1-600x600.jpg 600w, https:\/\/www.qualitester.com\/wp-content\/uploads\/2023\/04\/Instruments-for-testing-leaks-1-100x100.jpg 100w\" sizes=\"(max-width: 750px) 100vw, 750px\" \/>\t\t\t\t\t\t\t\t\t\t\t\t\t<\/div>\n\t\t\t\t<\/div>\n\t\t\t\t<\/div>\n\t\t<div class=\"elementor-element elementor-element-682a697 e-con-full e-flex e-con e-child\" data-id=\"682a697\" data-element_type=\"container\">\n\t\t\t\t<div class=\"elementor-element elementor-element-7fee0b0 elementor-widget elementor-widget-text-editor\" data-id=\"7fee0b0\" data-element_type=\"widget\" data-widget_type=\"text-editor.default\">\n\t\t\t\t<div class=\"elementor-widget-container\">\n\t\t\t\t\t\t\t<h6><strong>Tekniske funktioner<\/strong><\/h6><ul><li>PLC-styret enhed (stabil p\u00e5 industrielt niveau) og HMI-ber\u00f8ringssk\u00e6rm. <\/li><li>For at opn\u00e5 et stabilt vakuum og i betragtning af, at det er lettere at f\u00e5 fat i trykluft p\u00e5 brugerens anl\u00e6g, bruger vi Venturi-r\u00f8r til et h\u00f8jt vakuumniveau p\u00e5 op til -90KPa. <\/li><li>Denne m\u00e5de at teste p\u00e5 er baseret p\u00e5 \u00f8jenobservation, hvilket betyder, at testeren ikke giver et direkte resultat af, om en pr\u00f8ve er best\u00e5et eller ikke best\u00e5et. Ved at \u201cfort\u00e6lle\u201d testeren pr\u00f8vens status, akkumulerer den automatisk resultatnumrene. <\/li><li>For brugere, der har forskellige typer pr\u00f8ver og testbetingelser (vakuumniveau og testtid), har LT-03 en sparefunktion med 5 gruppeparametre for at forbedre effektiviteten.<\/li><\/ul>\t\t\t\t\t\t<\/div>\n\t\t\t\t<\/div>\n\t\t\t\t<\/div>\n\t\t\t\t\t<\/div>\n\t\t\t\t<\/div>\n\t\t<div class=\"elementor-element elementor-element-8aa2dc1 e-flex e-con-boxed e-con e-parent\" data-id=\"8aa2dc1\" data-element_type=\"container\">\n\t\t\t\t\t<div class=\"e-con-inner\">\n\t\t<div class=\"elementor-element elementor-element-d5515f8 e-con-full e-flex e-con e-child\" data-id=\"d5515f8\" data-element_type=\"container\">\n\t\t\t\t<div class=\"elementor-element elementor-element-760a465 elementor-widget elementor-widget-image\" data-id=\"760a465\" data-element_type=\"widget\" data-widget_type=\"image.default\">\n\t\t\t\t<div class=\"elementor-widget-container\">\n\t\t\t\t\t\t\t\t\t\t\t\t\t<img decoding=\"async\" width=\"750\" height=\"750\" src=\"https:\/\/www.qualitester.com\/wp-content\/uploads\/2023\/04\/leak-tester-2.jpg\" class=\"attachment-large size-large wp-image-1746\" alt=\"\" srcset=\"https:\/\/www.qualitester.com\/wp-content\/uploads\/2023\/04\/leak-tester-2.jpg 750w, https:\/\/www.qualitester.com\/wp-content\/uploads\/2023\/04\/leak-tester-2-300x300.jpg 300w, https:\/\/www.qualitester.com\/wp-content\/uploads\/2023\/04\/leak-tester-2-150x150.jpg 150w, https:\/\/www.qualitester.com\/wp-content\/uploads\/2023\/04\/leak-tester-2-600x600.jpg 600w, https:\/\/www.qualitester.com\/wp-content\/uploads\/2023\/04\/leak-tester-2-100x100.jpg 100w\" sizes=\"(max-width: 750px) 100vw, 750px\" \/>\t\t\t\t\t\t\t\t\t\t\t\t\t<\/div>\n\t\t\t\t<\/div>\n\t\t\t\t<\/div>\n\t\t<div class=\"elementor-element elementor-element-223f44f e-con-full e-flex e-con e-child\" data-id=\"223f44f\" data-element_type=\"container\">\n\t\t\t\t<div class=\"elementor-element elementor-element-7154c8a elementor-widget elementor-widget-text-editor\" data-id=\"7154c8a\" data-element_type=\"widget\" data-widget_type=\"text-editor.default\">\n\t\t\t\t<div class=\"elementor-widget-container\">\n\t\t\t\t\t\t\t<p>Vigtigste parametre<\/p><p>Testomr\u00e5de 0~-90 KPa<\/p><p>Kammer Akrylcylinderform<\/p><p>Testplads \u03a6270*H210mm (intern brugbar)<\/p><p>Trykluft 0,7MPa (udarbejdet af brugeren)\u00a0<\/p><p>Str\u00f8m 110~220V 50\/60Hz<\/p>\t\t\t\t\t\t<\/div>\n\t\t\t\t<\/div>\n\t\t\t\t<\/div>\n\t\t\t\t\t<\/div>\n\t\t\t\t<\/div>\n\t\t<div class=\"elementor-element elementor-element-7edcf53 e-flex e-con-boxed e-con e-parent\" data-id=\"7edcf53\" data-element_type=\"container\">\n\t\t\t\t\t<div class=\"e-con-inner\">\n\t\t\t\t<div class=\"elementor-element elementor-element-48094ba elementor-widget elementor-widget-wpforms\" data-id=\"48094ba\" data-element_type=\"widget\" data-widget_type=\"wpforms.default\">\n\t\t\t\t<div class=\"elementor-widget-container\">\n\t\t\t<div class=\"wpforms-container\" id=\"wpforms-11\"><form id=\"wpforms-form-11\" class=\"wpforms-validate wpforms-form wpforms-ajax-form\" data-formid=\"11\" method=\"post\" enctype=\"multipart\/form-data\" action=\"\/da\/wp-json\/wp\/v2\/product\/1742\" data-token=\"04df857188661b35ec3ce44c64e02aa2\" data-trp-original-action=\"\/da\/wp-json\/wp\/v2\/product\/1742\"><noscript class=\"wpforms-error-noscript\">Aktiver venligst JavaScript i din browser for at udfylde denne formular.<\/noscript><div class=\"wpforms-field-container\"><div id=\"wpforms-11-field_1-container\" class=\"wpforms-field wpforms-field-text\" data-field-id=\"1\"><label class=\"wpforms-field-label\" for=\"wpforms-11-field_1\">Navn <span class=\"wpforms-required-label\">*<\/span><\/label><input type=\"text\" id=\"wpforms-11-field_1\" class=\"wpforms-field-medium wpforms-field-required\" name=\"wpforms[fields][1]\" placeholder=\"Navn\" required><\/div><div id=\"wpforms-11-field_5-container\" class=\"wpforms-field wpforms-field-text\" data-field-id=\"5\"><label class=\"wpforms-field-label\" for=\"wpforms-11-field_5\">Virksomhed<\/label><input type=\"text\" id=\"wpforms-11-field_5\" class=\"wpforms-field-medium\" name=\"wpforms[fields][5]\" ><\/div><div id=\"wpforms-11-field_4-container\" class=\"wpforms-field wpforms-field-number\" data-field-id=\"4\"><label class=\"wpforms-field-label\" for=\"wpforms-11-field_4\">Telefon<\/label><input type=\"number\" pattern=\"\\d*\" id=\"wpforms-11-field_4\" class=\"wpforms-field-medium\" name=\"wpforms[fields][4]\" placeholder=\"Telefon\" ><\/div><div id=\"wpforms-11-field_3-container\" class=\"wpforms-field wpforms-field-email\" data-field-id=\"3\"><label class=\"wpforms-field-label\" for=\"wpforms-11-field_3\">E-mail <span class=\"wpforms-required-label\">*<\/span><\/label><input type=\"email\" id=\"wpforms-11-field_3\" class=\"wpforms-field-medium wpforms-field-required\" name=\"wpforms[fields][3]\" placeholder=\"E-mail\" spellcheck=\"false\" required><\/div><div id=\"wpforms-11-field_2-container\" class=\"wpforms-field wpforms-field-textarea\" data-field-id=\"2\"><label class=\"wpforms-field-label\" for=\"wpforms-11-field_2\">Besked<\/label><textarea id=\"wpforms-11-field_2\" class=\"wpforms-field-large\" name=\"wpforms[fields][2]\" ><\/textarea><\/div><\/div><!-- .wpforms-field-container --><input type=\"hidden\" name=\"wpforms[recaptcha]\" value=\"\"><div class=\"wpforms-submit-container\" ><input type=\"hidden\" name=\"wpforms[id]\" value=\"11\"><input type=\"hidden\" name=\"wpforms[author]\" value=\"3\"><button type=\"submit\" name=\"wpforms[submit]\" id=\"wpforms-submit-11\" class=\"wpforms-submit\" data-alt-text=\"Submitting\" data-submit-text=\"Submit\" aria-live=\"assertive\" value=\"wpforms-submit\">Send ind<\/button><img decoding=\"async\" src=\"https:\/\/www.qualitester.com\/wp-content\/plugins\/wpforms-lite\/assets\/images\/submit-spin.svg\" class=\"wpforms-submit-spinner\" style=\"display: none;\" width=\"26\" height=\"26\" alt=\"Indl\u00e6sning\"><\/div><input type=\"hidden\" name=\"trp-form-language\" value=\"da\"\/><\/form><\/div>  <!-- .wpforms-container -->\t\t<\/div>\n\t\t\t\t<\/div>\n\t\t\t\t\t<\/div>\n\t\t\t\t<\/div>\n\t\t\t\t<\/div>","protected":false},"excerpt":{"rendered":"<p>Test af pakkeforseglingers integritet er med til at sikre, at emballagen yder den n\u00f8dvendige produktbeskyttelse.<\/p>","protected":false},"featured_media":1746,"comment_status":"closed","ping_status":"closed","template":"","meta":{"site-sidebar-layout":"default","site-content-layout":"default","ast-global-header-display":"","ast-main-header-display":"","ast-hfb-above-header-display":"","ast-hfb-below-header-display":"","ast-hfb-mobile-header-display":"","site-post-title":"disabled","ast-breadcrumbs-content":"","ast-featured-img":"disabled","footer-sml-layout":"","theme-transparent-header-meta":"default","adv-header-id-meta":"","stick-header-meta":"","header-above-stick-meta":"","header-main-stick-meta":"","header-below-stick-meta":""},"product_cat":[845,674,675,672,17,149,16,99,105,135,95],"product_tag":[357,358,41,42,177],"class_list":{"0":"post-1742","1":"product","2":"type-product","3":"status-publish","4":"has-post-thumbnail","6":"product_cat-customization","7":"product_cat-test-items","8":"product_cat-leak-tester","9":"product_cat-applied-materials","10":"product_cat-package-container-testers","11":"product_cat-pharma-and-medical-testers","12":"product_cat-plastic-packaging-testers","13":"product_cat-astm","14":"product_cat-astm-d3078","15":"product_cat-astm-d4991","16":"product_cat-products","17":"product_tag-astm-d3078","18":"product_tag-astm-d4991","19":"product_tag-leak","20":"product_tag-seal","21":"product_tag-seal-strength","22":"desktop-align-left","23":"tablet-align-left","24":"mobile-align-left","26":"first","27":"instock","28":"shipping-taxable","29":"product-type-simple"},"_links":{"self":[{"href":"https:\/\/www.qualitester.com\/da\/wp-json\/wp\/v2\/product\/1742","targetHints":{"allow":["GET"]}}],"collection":[{"href":"https:\/\/www.qualitester.com\/da\/wp-json\/wp\/v2\/product"}],"about":[{"href":"https:\/\/www.qualitester.com\/da\/wp-json\/wp\/v2\/types\/product"}],"replies":[{"embeddable":true,"href":"https:\/\/www.qualitester.com\/da\/wp-json\/wp\/v2\/comments?post=1742"}],"version-history":[{"count":0,"href":"https:\/\/www.qualitester.com\/da\/wp-json\/wp\/v2\/product\/1742\/revisions"}],"wp:featuredmedia":[{"embeddable":true,"href":"https:\/\/www.qualitester.com\/da\/wp-json\/wp\/v2\/media\/1746"}],"wp:attachment":[{"href":"https:\/\/www.qualitester.com\/da\/wp-json\/wp\/v2\/media?parent=1742"}],"wp:term":[{"taxonomy":"product_cat","embeddable":true,"href":"https:\/\/www.qualitester.com\/da\/wp-json\/wp\/v2\/product_cat?post=1742"},{"taxonomy":"product_tag","embeddable":true,"href":"https:\/\/www.qualitester.com\/da\/wp-json\/wp\/v2\/product_tag?post=1742"}],"curies":[{"name":"wp","href":"https:\/\/api.w.org\/{rel}","templated":true}]}}