{"id":1728,"date":"2023-04-26T13:58:32","date_gmt":"2023-04-26T05:58:32","guid":{"rendered":"https:\/\/www.qualitester.com\/?post_type=product&#038;p=1728"},"modified":"2024-12-02T16:27:43","modified_gmt":"2024-12-02T08:27:43","slug":"leak-tester-lt-02","status":"publish","type":"product","link":"https:\/\/www.qualitester.com\/da\/vare\/leak-tester-lt-02\/","title":{"rendered":"LT-02 L\u00e6kagetester"},"content":{"rendered":"<h2><strong>Introduktion til pakkel\u00e6kagetester<\/strong><\/h2>\n<p>Det er afg\u00f8rende at sikre pakningernes integritet for at beskytte produkterne mod kontaminering, \u00f8del\u00e6ggelse og nedbrydning. En p\u00e5lidelig pakkel\u00e6kagetester som <strong>LT-02 L\u00e6kagetester<\/strong> spiller en vigtig rolle i industrier lige fra f\u00f8devareemballage til l\u00e6gemidler og giver vigtig indsigt i emballagekvaliteten. Dette avancerede l\u00e6kagetestinstrument hj\u00e6lper producenterne med at opdage og h\u00e5ndtere emballagefejl tidligt og sikrer, at produkterne forbliver sikre, friske og i overensstemmelse med industristandarderne.<\/p>\n<p>A <strong>l\u00e6kagetester til pakker<\/strong> verificerer, at en pakkes forsegling er luftt\u00e6t og forhindrer l\u00e6kager, der kan kompromittere indholdet. Dette er is\u00e6r vigtigt i sektorer, hvor forseglingsintegritet er afg\u00f8rende for at opretholde produktkvalitet og -sikkerhed.<\/p>\n<h2><strong>ASTM D3078: Standard for t\u00e6thedspr\u00f8vning<\/strong><\/h2>\n<h3><strong>Introduktion til ASTM D3078<\/strong><\/h3>\n<p>Den <a href=\"https:\/\/www.astm.org\/d3078-02r21e01.html\" target=\"_blank\" rel=\"noopener nofollow\"><strong>ASTM D3078<\/strong><\/a> er en bredt anerkendt standard, der beskriver metoder til at opdage grove l\u00e6kager i fleksibel emballage, der indeholder headspace-gas. Denne standard er is\u00e6r nyttig til test af fleksible emballagematerialer, der bruges til f\u00f8devarer, l\u00e6gemidler og medicinsk udstyr, hvor det er altafg\u00f8rende for produktsikkerheden, at forseglingen er intakt.<\/p>\n<h3><strong>Testmetode i henhold til ASTM D3078<\/strong><\/h3>\n<p>If\u00f8lge <a href=\"https:\/\/www.qualitester.com\/da\/vare-kategori\/astm\/astm-d3078\/\" target=\"_blank\" rel=\"noopener\"><strong>ASTM D3078<\/strong><\/a>, Pakkel\u00e6ktesten udf\u00f8res ved at neds\u00e6nke pr\u00f8ven i et vandfyldt kammer. Kammeret forsegles derefter, og der s\u00e6ttes vakuum p\u00e5 for at skabe trykforskelle. Hvis pakken er ut\u00e6t, vil der slippe luft ud gennem \u00e5bningen, s\u00e5 der dannes bobler i vandet. Denne metode g\u00f8r det nemt at identificere l\u00e6kager visuelt, selv dem, der er for sm\u00e5 til at blive opdaget p\u00e5 andre m\u00e5der.<\/p>\n<p>Denne standard sikrer, at emballagematerialer kan vurderes for l\u00e6kager p\u00e5 en effektiv m\u00e5de, hvilket giver producenterne en p\u00e5lidelig m\u00e5de at garantere produktbeskyttelse og overholdelse af sikkerhedsbestemmelser.<\/p>\n<h2><strong>S\u00e5dan fungerer pakkel\u00e6kagetesteren<\/strong><\/h2>\n<h3><strong>Testops\u00e6tning og procedure<\/strong><\/h3>\n<p>For at udf\u00f8re en l\u00e6kagetest ved hj\u00e6lp af <strong>LT-02 L\u00e6kagetester<\/strong>, Testpr\u00f8ven placeres i et gennemsigtigt akrylkammer fyldt med vand. Kammeret forsegles, og kontrolenheden begynder at evakuere luften, indtil det n\u00f8dvendige vakuumtryk er opn\u00e5et. Derefter testes pakken for ut\u00e6theder, som viser sig ved, at der opst\u00e5r bobler, n\u00e5r luften slipper ud af sm\u00e5 \u00e5bninger i forseglingen.<\/p>\n<h3><strong>Tekniske egenskaber ved LT-02 l\u00e6kagetester<\/strong><\/h3>\n<ul>\n<li><strong>Kapacitet til h\u00f8jt vakuum<\/strong>: LT-02 kan opn\u00e5 et vakuumtryk p\u00e5 op til <strong>-90KPa<\/strong> ved hj\u00e6lp af et venturir\u00f8r. Det g\u00f8r den i stand til at opdage selv meget sm\u00e5 l\u00e6kager i en lang r\u00e6kke emballagematerialer.<\/li>\n<li><strong>Justerbar testtid<\/strong>: Testtiden kan tilpasses, s\u00e5 den passer til de specifikke krav til den emballage, der testes. Denne funktion sikrer, at b\u00e5de sm\u00e5 og store pakker kan testes effektivt.<\/li>\n<li><strong>SMC vakuumtrykafbryder<\/strong>: LT-02 bruger en SMC-vakuumtrykafbryder af h\u00f8j kvalitet, som sikrer pr\u00e6cis og p\u00e5lidelig kontrol over vakuumniveauerne under testen.<\/li>\n<li><strong>Testkammer, der kan tilpasses<\/strong>: Kammeret er lavet af holdbar, gennemsigtig akryl og kan tilpasses i st\u00f8rrelse og form, s\u00e5 det passer til forskellige emballageformater, herunder cylindriske og kubiske former.<\/li>\n<li><strong>Mulighed for h\u00f8jere vakuumniveauer<\/strong>: LT-02 er kompatibel med en vakuumpumpe til h\u00f8jere vakuumniveauer, i overensstemmelse med <strong>ASTM D4991<\/strong>, for strengere testkrav.<\/li>\n<\/ul>\n<h2><strong>Anvendelser af l\u00e6kagetest af pakker<\/strong><\/h2>\n<h3><strong>Anvendelser i industrien<\/strong><\/h3>\n<ul>\n<li><strong>F\u00f8devareindustrien<\/strong>: LT-02 er afg\u00f8rende for at sikre emballagens integritet i f\u00f8devareindustrien og forhindre forurening, ford\u00e6rv eller nedbrydning af letford\u00e6rvelige varer.<\/li>\n<li><strong>L\u00e6gemidler og medicinsk udstyr<\/strong>: For produkter, der kr\u00e6ver steril emballage, f.eks. medicin eller medicinsk udstyr, sikrer LT-02, at emballageforseglingerne er fri for l\u00e6kager, hvilket beskytter mod kontaminering.<\/li>\n<li><strong>Emballageproducenter<\/strong>: LT-02 bruges ogs\u00e5 i vid udstr\u00e6kning af emballageproducenter til at teste og verificere deres produkters ydeevne, f\u00f8r de sendes ud til kunderne.<\/li>\n<\/ul>\n<h3><strong>Test af b\u00e6redygtig emballage<\/strong><\/h3>\n<p>Med den stigende eftersp\u00f8rgsel efter b\u00e6redygtige og milj\u00f8venlige emballagel\u00f8sninger kan LT-02 hj\u00e6lpe med at teste alternative materialer for l\u00e6kagemodstand og sikre, at disse nye emballagetyper opfylder de samme standarder for sikkerhed og beskyttelse som traditionelle emballagematerialer.<\/p>\n<h2><strong>Fordele ved at bruge en pakkel\u00e6kagetester<\/strong><\/h2>\n<ul>\n<li><strong>N\u00f8jagtighed og p\u00e5lidelighed<\/strong>: LT-02 giver pr\u00e6cise og p\u00e5lidelige resultater og sikrer, at eventuelle fejl i emballageforseglingerne opdages og h\u00e5ndteres tidligt i produktionsprocessen.<\/li>\n<li><strong>Omkostningseffektivitet<\/strong>: Ved at opdage emballagefejl, f\u00f8r produkterne n\u00e5r markedet, kan producenterne undg\u00e5 dyre produkttilbagekaldelser, utilfredse kunder og beskadigede varer.<\/li>\n<li><strong>Overholdelse af industristandarder<\/strong>: LT-02 m\u00f8des med <strong>ASTM D3078<\/strong> og andre relevante standarder for emballagetestning, hvilket hj\u00e6lper producenterne med at overholde de lovm\u00e6ssige krav til produktsikkerhed og emballagekvalitet.<\/li>\n<\/ul>\n<h2><strong>Tekniske specifikationer for LT-02 l\u00e6kagetester<\/strong><\/h2>\n<table>\n<tbody>\n<tr>\n<td style=\"text-align: center;\" width=\"129\">Testomr\u00e5de<\/td>\n<td style=\"text-align: center;\" width=\"229\">0~-90 KPa<\/td>\n<\/tr>\n<tr>\n<td style=\"text-align: center;\" width=\"129\">Kammer<\/td>\n<td width=\"229\">Cylinderform i akryl<\/td>\n<\/tr>\n<tr>\n<td style=\"text-align: center;\" width=\"129\">Testrum<\/td>\n<td style=\"text-align: center;\" width=\"229\">\u03a6270*H210mm (indvendig brugbar)<\/td>\n<\/tr>\n<tr>\n<td style=\"text-align: center;\" width=\"129\">Trykluft<\/td>\n<td style=\"text-align: center;\" width=\"229\">0,7MPa (udarbejdet af brugeren)<\/td>\n<\/tr>\n<tr>\n<td style=\"text-align: center;\" width=\"129\">Kraft<\/td>\n<td style=\"text-align: center;\" width=\"229\">110V eller 220V 50\/60Hz<\/td>\n<\/tr>\n<\/tbody>\n<\/table>\n<h2><strong>Ofte stillede sp\u00f8rgsm\u00e5l (FAQ)<\/strong><\/h2>\n<ul>\n<li><strong>Hvad er ASTM D3078, og hvordan h\u00e6nger den sammen med l\u00e6kagetest af pakker?<\/strong><br \/>\n<strong>ASTM D3078<\/strong> er en standardtestmetode til p\u00e5visning af grove l\u00e6kager i fleksibel emballage ved hj\u00e6lp af bobleemission i et vandkammer. Den bruges i vid udstr\u00e6kning til emballering af f\u00f8devarer, l\u00e6gemidler og medicinsk udstyr.<\/li>\n<li><strong>Hvordan finder LT-02 l\u00e6kagetesteren l\u00e6kager?<\/strong><br \/>\nLT-02 bruger et vakuumkammer fyldt med vand. N\u00e5r luften slipper ud af eventuelle ut\u00e6theder i emballagen, dannes der bobler, som g\u00f8r det nemt at identificere ut\u00e6theder visuelt.<\/li>\n<li><strong>Hvilke brancher har gavn af at bruge en pakkel\u00e6kagetester?<\/strong><br \/>\nBrancher som f\u00f8devareemballage, l\u00e6gemidler, medicinsk udstyr og emballageproducenter drager fordel af at bruge l\u00e6kagetestere til at sikre produktkvalitet og -overensstemmelse.<\/li>\n<li><strong>Kan LT-02 bruges til forskellige pakkest\u00f8rrelser?<\/strong><br \/>\nJa, LT-02 har kammerst\u00f8rrelser, der kan tilpasses til en bred vifte af emballageformater, fra sm\u00e5 f\u00f8devarebeholdere til st\u00f8rre medicinsk emballage.<\/li>\n<li><strong>Hvordan s\u00e6tter jeg LT-02 l\u00e6kagetesteren op til brug?<\/strong><br \/>\nDet er nemt at s\u00e6tte LT-02 op. Du skal blot placere pakken i kammeret, forsegle den og justere indstillingerne for vakuum og testtid efter behov. Apparatet udf\u00f8rer derefter testen og giver visuel feedback, hvis der opdages en l\u00e6kage.<\/li>\n<\/ul>\n<p>Den <strong>LT-02 Pakkel\u00e6kagetester<\/strong> fra Cell Instruments er et vigtigt v\u00e6rkt\u00f8j til at sikre integriteten af emballageforseglinger p\u00e5 tv\u00e6rs af flere brancher. Uanset om du er involveret i f\u00f8devareemballage, l\u00e6gemidler eller emballageproduktion, tilbyder LT-02 pr\u00e6cis, p\u00e5lidelig og effektiv l\u00e6kagetestning i overensstemmelse med <strong>ASTM D3078<\/strong> og andre relevante standarder. Med sine brugertilpassede funktioner, h\u00f8je vakuumkapacitet og brugervenlige betjening hj\u00e6lper LT-02 med at sikre produktkvalitet, reducere produktionsomkostninger og opretholde overholdelse af lovkrav.<\/p>\n<p>V\u00e6lg den <strong>LT-02 Pakkel\u00e6kagetester<\/strong> til dine behov for l\u00e6kagetestning og sikre, at din emballage giver det h\u00f8jeste beskyttelsesniveau for dine produkter.<\/p>","protected":false},"excerpt":{"rendered":"<p>Det er afg\u00f8rende at sikre pakningernes integritet for at beskytte produkterne mod kontaminering, \u00f8del\u00e6ggelse og nedbrydning. En p\u00e5lidelig pakkel\u00e6kagetester som <strong>LT-02 L\u00e6kagetester<\/strong> spiller en vigtig rolle i industrier lige fra f\u00f8devareemballage til l\u00e6gemidler og giver vigtig indsigt i emballagekvaliteten. Dette avancerede l\u00e6kagetestinstrument hj\u00e6lper producenterne med at opdage og h\u00e5ndtere emballagefejl tidligt og sikrer, at produkterne forbliver sikre, friske og i overensstemmelse med industristandarderne.<\/p>","protected":false},"featured_media":5984,"comment_status":"closed","ping_status":"closed","template":"","meta":{"site-sidebar-layout":"default","site-content-layout":"default","ast-global-header-display":"","ast-main-header-display":"","ast-hfb-above-header-display":"","ast-hfb-below-header-display":"","ast-hfb-mobile-header-display":"","site-post-title":"disabled","ast-breadcrumbs-content":"","ast-featured-img":"disabled","footer-sml-layout":"","theme-transparent-header-meta":"default","adv-header-id-meta":"","stick-header-meta":"","header-above-stick-meta":"","header-main-stick-meta":"","header-below-stick-meta":""},"product_cat":[845,674,675,17,149,16,105,135,95],"product_tag":[],"class_list":{"0":"post-1728","1":"product","2":"type-product","3":"status-publish","4":"has-post-thumbnail","6":"product_cat-customization","7":"product_cat-test-items","8":"product_cat-leak-tester","9":"product_cat-package-container-testers","10":"product_cat-pharma-and-medical-testers","11":"product_cat-plastic-packaging-testers","12":"product_cat-astm-d3078","13":"product_cat-astm-d4991","14":"product_cat-products","15":"desktop-align-left","16":"tablet-align-left","17":"mobile-align-left","19":"first","20":"instock","21":"shipping-taxable","22":"product-type-simple"},"_links":{"self":[{"href":"https:\/\/www.qualitester.com\/da\/wp-json\/wp\/v2\/product\/1728","targetHints":{"allow":["GET"]}}],"collection":[{"href":"https:\/\/www.qualitester.com\/da\/wp-json\/wp\/v2\/product"}],"about":[{"href":"https:\/\/www.qualitester.com\/da\/wp-json\/wp\/v2\/types\/product"}],"replies":[{"embeddable":true,"href":"https:\/\/www.qualitester.com\/da\/wp-json\/wp\/v2\/comments?post=1728"}],"version-history":[{"count":0,"href":"https:\/\/www.qualitester.com\/da\/wp-json\/wp\/v2\/product\/1728\/revisions"}],"wp:featuredmedia":[{"embeddable":true,"href":"https:\/\/www.qualitester.com\/da\/wp-json\/wp\/v2\/media\/5984"}],"wp:attachment":[{"href":"https:\/\/www.qualitester.com\/da\/wp-json\/wp\/v2\/media?parent=1728"}],"wp:term":[{"taxonomy":"product_cat","embeddable":true,"href":"https:\/\/www.qualitester.com\/da\/wp-json\/wp\/v2\/product_cat?post=1728"},{"taxonomy":"product_tag","embeddable":true,"href":"https:\/\/www.qualitester.com\/da\/wp-json\/wp\/v2\/product_tag?post=1728"}],"curies":[{"name":"wp","href":"https:\/\/api.w.org\/{rel}","templated":true}]}}