{"id":7515,"date":"2025-10-20T21:27:40","date_gmt":"2025-10-20T13:27:40","guid":{"rendered":"https:\/\/www.qualitester.com\/?page_id=7515"},"modified":"2025-10-22T16:49:26","modified_gmt":"2025-10-22T08:49:26","slug":"astm-d4833","status":"publish","type":"page","link":"https:\/\/www.qualitester.com\/da\/standards\/astm-d4833\/","title":{"rendered":"ASTM D4833"},"content":{"rendered":"<h1 style=\"text-align: center;\" data-start=\"209\" data-end=\"297\">ASTM D4833<br \/>\n<small>Test af geomembrans punkteringsmodstand<\/small><\/h1>\n<p data-start=\"439\" data-end=\"1029\">ASTM D4833, med den officielle titel <em data-start=\"469\" data-end=\"558\">Standardtestmetode for indekseret punkteringsmodstand for geomembraner og relaterede produkter<\/em>, er en bredt anerkendt standard udviklet af ASTM International. Denne metode evaluerer geomembraners punkteringsmodstand - en vigtig egenskab for materialer, der bruges til milj\u00f8indd\u00e6mning, byggeri og anl\u00e6gsarbejde.<br data-start=\"812\" data-end=\"815\" \/>Geomembraner fungerer som uigennemtr\u00e6ngelige barrierer i deponier, damme og reservoirer, s\u00e5 det er afg\u00f8rende at forst\u00e5 deres punkteringsmodstand for at sikre langsigtet holdbarhed og forhindre l\u00e6kage eller strukturel svigt.<\/p>\n<h2 data-start=\"1036\" data-end=\"1096\">Forst\u00e5else af geomembranens punkteringsmodstandstest<\/h2>\n<p data-start=\"1098\" data-end=\"1490\">Den <strong data-start=\"1102\" data-end=\"1132\">punkteringstest af geomembraner<\/strong> beskrevet i ASTM D4833 bestemmer, hvor modstandsdygtigt et materiale er over for punktering under kontrollerede laboratorieforhold. I denne procedure er et testeksemplar <strong data-start=\"1286\" data-end=\"1325\">fastsp\u00e6ndt mellem to cirkul\u00e6re plader<\/strong> og uds\u00e6ttes for en lodret kraft ved hj\u00e6lp af en solid st\u00e5lstang, indtil der opst\u00e5r brud. Den maksimale kraft, der registreres, repr\u00e6senterer <strong data-start=\"1448\" data-end=\"1471\">Modstandsdygtighed over for punktering<\/strong> af pr\u00f8ven.<\/p>\n<p data-start=\"1492\" data-end=\"1843\">Denne test udf\u00f8res typisk ved hj\u00e6lp af en <strong data-start=\"1533\" data-end=\"1613\">Tr\u00e6kpr\u00f8vemaskine udstyret med en ringklemme og en punkteringsstang<\/strong>. Testhastigheden holdes p\u00e5 <em data-start=\"1647\" data-end=\"1664\">300 \u00b1 10 mm\/min<\/em>, hvilket sikrer ensartede deformationshastigheder p\u00e5 tv\u00e6rs af alle pr\u00f8ver. I henhold til standarden skal brud forekomme mellem <em data-start=\"1780\" data-end=\"1816\">10% og 90% af fuldskalabelastningen<\/em> for at sikre valide resultater.<\/p>\n<h2 data-start=\"1850\" data-end=\"1909\">Hvorfor geomembranernes test af punkteringsmodstand er vigtig<\/h2>\n<p data-start=\"1911\" data-end=\"2187\">Den <strong data-start=\"1915\" data-end=\"1956\">Test af geomembraners punkteringsmodstand<\/strong> spiller en afg\u00f8rende rolle i kvalitetskontrol og materialevalg. Punkteringsmodstand har direkte indflydelse p\u00e5, hvor godt en geomembran kan modst\u00e5 installationsbelastninger, kontakt med skarpe tilslag eller tryk fra opfyldningsmaterialer.<\/p>\n<p data-start=\"2189\" data-end=\"2562\">ASTM D4833 giver <strong data-start=\"2209\" data-end=\"2225\">indeksv\u00e6rdier<\/strong> snarere end absolutte data om ydeevne i marken. Disse v\u00e6rdier giver ingeni\u00f8rer, producenter og testlaboratorier mulighed for at sammenligne den relative styrke af forskellige geomembranprodukter under standardiserede forhold. Konsistente data forbedrer tilliden til produktvalg, overholdelse af specifikationer og forudsigelse af ydeevne p\u00e5 lang sigt.<\/p>\n<h2 data-start=\"2569\" data-end=\"2622\">H\u00f8jdepunkter i de vigtigste procedurer for ASTM D4833-test<\/h2>\n<p data-start=\"2624\" data-end=\"2728\">For at sikre p\u00e5lidelige og gentagelige resultater skal laboratorierne n\u00f8je f\u00f8lge ASTM D4833-procedurerne:<\/p>\n<ol>\n<li data-start=\"2732\" data-end=\"2862\"><strong data-start=\"2732\" data-end=\"2757\">Forberedelse af pr\u00f8ver:<\/strong> Pr\u00f8veemnet skal str\u00e6kke sig til eller ud over klempladernes yderkanter for at forhindre, at det glider.<\/li>\n<li data-start=\"2865\" data-end=\"2981\"><strong data-start=\"2865\" data-end=\"2886\">Indl\u00e6sning af applikation:<\/strong> Testmaskinen p\u00e5f\u00f8rer en lodret kraft gennem en punkteringsstang af st\u00e5l, indtil den er fuldst\u00e6ndig brudt.<\/li>\n<li data-start=\"2984\" data-end=\"3207\"><strong data-start=\"2984\" data-end=\"3003\">Registrering af data:<\/strong> Den <strong data-start=\"3008\" data-end=\"3031\">maksimal kraftv\u00e6rdi<\/strong> under testen repr\u00e6senterer materialets punkteringsmodstand. For sammensatte geomembraner er <strong data-start=\"3127\" data-end=\"3149\">indledende spidskraft<\/strong> rapporteres, selv om en anden h\u00f8jere top opst\u00e5r senere.<\/li>\n<li data-start=\"3210\" data-end=\"3317\"><strong data-start=\"3210\" data-end=\"3227\">Testkontrol:<\/strong> Testhastigheden og milj\u00f8forholdene skal v\u00e6re ensartede for alle pr\u00f8ver.<\/li>\n<\/ol>\n<p data-start=\"3319\" data-end=\"3438\">Disse detaljer sikrer, at <strong data-start=\"3349\" data-end=\"3387\">Test af geomembrans punkteringsstyrke<\/strong> Resultaterne er n\u00f8jagtige, sammenlignelige og sporbare.<\/p>\n<h2 data-start=\"3445\" data-end=\"3498\">Anvendelser og fordele ved ASTM D4833-test<\/h2>\n<p data-start=\"3500\" data-end=\"3634\">Forst\u00e5else af punkteringsmodstand hj\u00e6lper brugere med at forudsige geomembraners ydeevne under virkelige forhold. Fordele ved ASTM D4833-testning:<\/p>\n<ul>\n<li data-start=\"3638\" data-end=\"3735\"><strong data-start=\"3638\" data-end=\"3660\">Kvalitetssikring:<\/strong> Kontrollerer materialets ensartethed og overholdelse af projektspecifikationer.<\/li>\n<li data-start=\"3738\" data-end=\"3822\"><strong data-start=\"3738\" data-end=\"3762\">Sammenligning af materialer:<\/strong> Muligg\u00f8r objektiv evaluering blandt leverand\u00f8rer af geomembraner.<\/li>\n<li data-start=\"3825\" data-end=\"3915\"><strong data-start=\"3825\" data-end=\"3849\">Produktudvikling:<\/strong> Styrer forbedringer i formuleringen for \u00f8get punkteringsstyrke.<\/li>\n<li data-start=\"3918\" data-end=\"4008\"><strong data-start=\"3918\" data-end=\"3944\">Overholdelse af lovgivningen:<\/strong> Opfylder kravene til milj\u00f8- og ingeni\u00f8rprojekter.<\/li>\n<\/ul>\n<p data-start=\"4010\" data-end=\"4141\">Disse fordele g\u00f8r ASTM D4833 til en vigtig del af kvalitetssikringsprocessen ved fremstilling og anvendelse af geomembraner.<\/p>\n<h2 style=\"text-align: center;\" data-start=\"4148\" data-end=\"4231\">Cell Instruments Geomembrane Puncture Strength Tester<\/h2>\n<p><a href=\"https:\/\/www.qualitester.com\/da\/vare\/tensile-tester-tst-01\/\"><img fetchpriority=\"high\" decoding=\"async\" class=\"alignleft wp-image-7517 size-medium\" src=\"https:\/\/www.qualitester.com\/wp-content\/uploads\/2025\/10\/ASTM-D4833-Geomembrane-Puncture-Resistance-Test-300x300.webp\" alt=\"ASTM D4833 Test af geomembrans punkteringsmodstand\" width=\"300\" height=\"300\" srcset=\"https:\/\/www.qualitester.com\/wp-content\/uploads\/2025\/10\/ASTM-D4833-Geomembrane-Puncture-Resistance-Test-300x300.webp 300w, https:\/\/www.qualitester.com\/wp-content\/uploads\/2025\/10\/ASTM-D4833-Geomembrane-Puncture-Resistance-Test-150x150.webp 150w, https:\/\/www.qualitester.com\/wp-content\/uploads\/2025\/10\/ASTM-D4833-Geomembrane-Puncture-Resistance-Test-12x12.webp 12w, https:\/\/www.qualitester.com\/wp-content\/uploads\/2025\/10\/ASTM-D4833-Geomembrane-Puncture-Resistance-Test-100x100.webp 100w, https:\/\/www.qualitester.com\/wp-content\/uploads\/2025\/10\/ASTM-D4833-Geomembrane-Puncture-Resistance-Test.webp 600w\" sizes=\"(max-width: 300px) 100vw, 300px\" \/><\/a><\/p>\n<p data-start=\"4233\" data-end=\"4464\">Til laboratorier, der \u00f8nsker p\u00e5lidelige og overensstemmende test, <strong data-start=\"4290\" data-end=\"4310\">Cell-instrumenter<\/strong> tilbyder en <strong data-start=\"4320\" data-end=\"4375\">h\u00f8j pr\u00e6cision <a href=\"https:\/\/www.qualitester.com\/da\/vare\/tensile-tester-tst-01\/\">Test af geomembrans punkteringsstyrke<\/a><\/strong> designet specielt til ASTM D4833-test.<br data-start=\"4421\" data-end=\"4424\" \/>Dette avancerede testsystem har mange funktioner:<\/p>\n<ul>\n<li><strong data-start=\"4468\" data-end=\"4514\">Pr\u00e6cis kontrol af vejecelle og forskydning<\/strong>, Det sikrer en n\u00f8jagtig m\u00e5ling af punkteringsmodstanden.<\/li>\n<li><strong data-start=\"4571\" data-end=\"4596\">Armaturer, der kan tilpasses<\/strong> velegnet til forskellige geomembraner og relaterede materialer.<\/li>\n<li><strong data-start=\"4657\" data-end=\"4709\">Automatiseret software til dataindsamling og -analyse<\/strong> til overv\u00e5gning og rapportering i realtid.<\/li>\n<\/ul>\n<p data-start=\"4753\" data-end=\"4960\">Ved at bruge Cell Instruments\u2019 testudstyr kan fagfolk inden for kvalitetskontrol effektivt bestemme <strong data-start=\"4859\" data-end=\"4904\">indeks for geomembraners punkteringsmodstand<\/strong> og sikre, at deres materialer opfylder ASTM D4833-standarderne.<\/p>\n<p data-start=\"4985\" data-end=\"5410\"><a href=\"https:\/\/www.astm.org\/d4833_d4833m-07r20.html\" target=\"_blank\" rel=\"noopener nofollow\">ASTM D4833<\/a> giver en standardiseret og p\u00e5lidelig metode til at vurdere punkteringsmodstanden for geomembraner og relaterede produkter. Ved at f\u00f8lge denne test f\u00e5r ingeni\u00f8rer og producenter v\u00e6rdifuld indsigt i materialets integritet og holdbarhed. Brug af testudstyr af h\u00f8j kvalitet - som det, der tilbydes af Cell Instruments - sikrer, at testresultaterne er konsekvente, n\u00f8jagtige og i overensstemmelse med internationale standarder.<\/p>","protected":false},"excerpt":{"rendered":"<p>ASTM D4833 Geomembrane Puncture Resistance Test ASTM D4833, officially titled Standard Test Method for Index Puncture Resistance of Geomembranes and Related Products, is a widely recognized standard developed by ASTM International. This method evaluates the puncture resistance of geomembranes\u2014a key performance property for materials used in environmental containment, construction, and civil engineering applications.Geomembranes serve as &hellip;<\/p>\n<p class=\"read-more\"> <a class=\"\" href=\"https:\/\/www.qualitester.com\/da\/standards\/astm-d4833\/\"> <span class=\"screen-reader-text\">ASTM D4833<\/span> L\u00e6s mere \"<\/a><\/p>","protected":false},"author":4,"featured_media":7517,"parent":4948,"menu_order":0,"comment_status":"closed","ping_status":"closed","template":"","meta":{"site-sidebar-layout":"default","site-content-layout":"default","ast-global-header-display":"","ast-main-header-display":"","ast-hfb-above-header-display":"","ast-hfb-below-header-display":"","ast-hfb-mobile-header-display":"","site-post-title":"disabled","ast-breadcrumbs-content":"","ast-featured-img":"disabled","footer-sml-layout":"","theme-transparent-header-meta":"default","adv-header-id-meta":"","stick-header-meta":"","header-above-stick-meta":"","header-main-stick-meta":"","header-below-stick-meta":"","footnotes":""},"class_list":["post-7515","page","type-page","status-publish","has-post-thumbnail","hentry"],"_links":{"self":[{"href":"https:\/\/www.qualitester.com\/da\/wp-json\/wp\/v2\/pages\/7515","targetHints":{"allow":["GET"]}}],"collection":[{"href":"https:\/\/www.qualitester.com\/da\/wp-json\/wp\/v2\/pages"}],"about":[{"href":"https:\/\/www.qualitester.com\/da\/wp-json\/wp\/v2\/types\/page"}],"author":[{"embeddable":true,"href":"https:\/\/www.qualitester.com\/da\/wp-json\/wp\/v2\/users\/4"}],"replies":[{"embeddable":true,"href":"https:\/\/www.qualitester.com\/da\/wp-json\/wp\/v2\/comments?post=7515"}],"version-history":[{"count":0,"href":"https:\/\/www.qualitester.com\/da\/wp-json\/wp\/v2\/pages\/7515\/revisions"}],"up":[{"embeddable":true,"href":"https:\/\/www.qualitester.com\/da\/wp-json\/wp\/v2\/pages\/4948"}],"wp:featuredmedia":[{"embeddable":true,"href":"https:\/\/www.qualitester.com\/da\/wp-json\/wp\/v2\/media\/7517"}],"wp:attachment":[{"href":"https:\/\/www.qualitester.com\/da\/wp-json\/wp\/v2\/media?parent=7515"}],"curies":[{"name":"wp","href":"https:\/\/api.w.org\/{rel}","templated":true}]}}