{"id":7502,"date":"2025-09-30T10:34:02","date_gmt":"2025-09-30T02:34:02","guid":{"rendered":"https:\/\/www.qualitester.com\/?page_id=7502"},"modified":"2025-09-30T10:34:02","modified_gmt":"2025-09-30T02:34:02","slug":"vacuum-leak-test-for-bottles","status":"publish","type":"page","link":"https:\/\/www.qualitester.com\/da\/applications\/vacuum-leak-test-for-bottles\/","title":{"rendered":"Vakuum-l\u00e6ktest for flasker"},"content":{"rendered":"<h1 style=\"text-align: center;\" data-start=\"412\" data-end=\"860\">Vakuum-l\u00e6ktest for flasker<br \/>\n<small>ASTM D3078 &amp; ASTM D4991 &amp; ASTM D5094 &amp; ASTM D6653 &amp; ASTM F2338<\/small><\/h1>\n<p data-start=\"637\" data-end=\"1201\">Den <strong data-start=\"641\" data-end=\"673\">Vakuum-l\u00e6ktest for flasker<\/strong> er en af de vigtigste metoder til kvalitetskontrol i moderne produktion. Flasker og beholdere spiller en afg\u00f8rende rolle i beskyttelsen af produkter under opbevaring, forsendelse og brug. Hvis en flaske ikke bevarer sin forsegling eller struktur, kan det f\u00e5 konsekvenser i form af produktforurening, \u00f8konomiske tab og beskadiget brandomd\u00f8mme. Det g\u00e6lder is\u00e6r i brancher som <strong data-start=\"1053\" data-end=\"1124\">F\u00f8de- og drikkevarer, l\u00e6gemidler, daglige kemikalier og sundhedspleje<\/strong>, hvor emballage er direkte forbundet med produktsikkerhed og forbrugersundhed.<\/p>\n<p data-start=\"1203\" data-end=\"1513\">En vakuuml\u00e6kagetest giver producenterne en p\u00e5lidelig m\u00e5de at sikre, at flasker og plastbeholdere er fri for l\u00e6kager, revner eller lukkefejl, f\u00f8r de kommer p\u00e5 markedet. Ved at opdage selv de mindste fejl hj\u00e6lper denne testmetode med at sikre b\u00e5de produktkvalitet og kundernes tillid.<\/p>\n<hr data-start=\"862\" data-end=\"865\" \/>\n<h2 data-start=\"867\" data-end=\"912\">Hvorfor vakuumt\u00e6thedstest af flasker er vigtig<\/h2>\n<p data-start=\"914\" data-end=\"1161\">Flasker af plast, glas eller kompositmaterialer kan lide af mikrorevner, lukkefejl eller defekter, der ikke er synlige med det blotte \u00f8je. A <strong data-start=\"1068\" data-end=\"1088\">Vakuum-l\u00e6kagetest<\/strong> hj\u00e6lper med at opdage s\u00e5danne svagheder tidligt og forhindrer potentielle farer som f.eks:<\/p>\n<ul>\n<li data-start=\"1165\" data-end=\"1199\">Tab af kulsyre i drikkevarer<\/li>\n<li data-start=\"1202\" data-end=\"1236\">Forurening af l\u00e6gemidler<\/li>\n<li data-start=\"1239\" data-end=\"1271\">L\u00e6kage af farlige kemikalier<\/li>\n<li data-start=\"1274\" data-end=\"1311\">Reduceret holdbarhed af f\u00f8devarer<\/li>\n<\/ul>\n<p data-start=\"1313\" data-end=\"1457\">Ved at integrere denne test i kvalitetssikringen sikrer producenterne, at de overholder internationale standarder og bevarer en konkurrencefordel.<\/p>\n<hr data-start=\"1459\" data-end=\"1462\" \/>\n<h2 data-start=\"1464\" data-end=\"1495\">Procedure for l\u00e6kagetest med vakuum<\/h2>\n<p data-start=\"1497\" data-end=\"1772\">Den <strong data-start=\"1501\" data-end=\"1531\">procedure for l\u00e6kagetest af vakuum<\/strong> involverer typisk placering af en flaske eller beholder inde i et forseglet kammer. Der p\u00e5f\u00f8res et vakuum, og beholderen overv\u00e5ges for \u00e6ndringer i tryk, bobleemission eller vakuumforfald, afh\u00e6ngigt af den valgte metode. Almindelige trin omfatter:<\/p>\n<ol>\n<li data-start=\"1777\" data-end=\"1847\">Klarg\u00f8ring af beholderen (tom eller fyldt afh\u00e6ngigt af behov).<\/li>\n<li data-start=\"1851\" data-end=\"1899\">Forsegling af beholderen inde i testkammeret.<\/li>\n<li data-start=\"1903\" data-end=\"1975\">P\u00e5f\u00f8ring af vakuum gradvist for at simulere opbevarings- eller transportforhold.<\/li>\n<li data-start=\"1979\" data-end=\"2046\">Observere l\u00e6kageindikatorer som f.eks. tryk\u00e6ndringer eller bobler.<\/li>\n<li data-start=\"2050\" data-end=\"2111\">Registrering af testdata til analyse og kvalitetsdokumentation.<\/li>\n<\/ol>\n<p data-start=\"2113\" data-end=\"2213\">Denne procedure sikrer, at selv de mindste l\u00e6kager opdages, f\u00f8r produkterne kommer p\u00e5 markedet.<\/p>\n<hr data-start=\"2215\" data-end=\"2218\" \/>\n<h2 data-start=\"2220\" data-end=\"2262\">Vigtige standarder for l\u00e6kagetest af flasker<\/h2>\n<p data-start=\"2264\" data-end=\"2387\">Flere ASTM-standarder giver detaljerede metoder til <strong data-start=\"2322\" data-end=\"2361\">l\u00e6kagetest for plastbeholdere<\/strong> og andre flasketyper:<\/p>\n<ul>\n<li data-start=\"2391\" data-end=\"2510\"><a href=\"https:\/\/www.qualitester.com\/da\/standards\/astm-d3078\/\"><strong data-start=\"2391\" data-end=\"2405\">ASTM D3078<\/strong><\/a> \u2013 <em data-start=\"2408\" data-end=\"2430\">Test af udledning af bobler<\/em> til at opdage l\u00e6kager i fleksibel emballage ved at neds\u00e6nke den i vand under vakuum.<\/li>\n<li data-start=\"2513\" data-end=\"2631\"><strong data-start=\"2513\" data-end=\"2527\">ASTM D4991<\/strong> \u2013 <em data-start=\"2530\" data-end=\"2566\">Vakuummetode til stive beholdere<\/em>, Det bruges i vid udstr\u00e6kning til tomme flasker for at vurdere den strukturelle integritet.<\/li>\n<li data-start=\"2634\" data-end=\"2740\"><strong data-start=\"2634\" data-end=\"2648\">ASTM D5094<\/strong> \u2013 <em data-start=\"2651\" data-end=\"2672\">Test af bruttol\u00e6kage<\/em> til lukninger med gevind eller \u00f8sken for at vurdere lukningens t\u00e6thed.<\/li>\n<li data-start=\"2743\" data-end=\"2866\"><strong data-start=\"2743\" data-end=\"2757\">ASTM D6653<\/strong> \u2013 <em data-start=\"2760\" data-end=\"2786\">Simulation af stor h\u00f8jde<\/em> ved at bruge vakuum til at efterligne milj\u00f8er med reduceret tryk under lufttransport.<\/li>\n<li data-start=\"2869\" data-end=\"2988\"><a href=\"https:\/\/www.qualitester.com\/da\/standards\/astm-f2338\/\"><strong data-start=\"2869\" data-end=\"2883\">ASTM F2338<\/strong><\/a> \u2013 <em data-start=\"2886\" data-end=\"2907\">Metode til vakuumnedbrydning<\/em>, en ikke-destruktiv teknik med h\u00f8j f\u00f8lsomhed til detektering af mikrol\u00e6kager.<\/li>\n<\/ul>\n<p data-start=\"2990\" data-end=\"3113\">Hver standard er designet til at replikere virkelige forhold, hvilket g\u00f8r testresultaterne b\u00e5de p\u00e5lidelige og brancheaccepterede.<\/p>\n<hr data-start=\"3115\" data-end=\"3118\" \/>\n<h2 data-start=\"3120\" data-end=\"3155\">Anvendelser p\u00e5 tv\u00e6rs af brancher<\/h2>\n<ul>\n<li data-start=\"3159\" data-end=\"3269\"><strong data-start=\"3159\" data-end=\"3178\">Mad og drikke<\/strong>: Sikrer, at kulsyre bevares i sodavandsflasker og forhindrer l\u00e6kage under distribution.<\/li>\n<li data-start=\"3272\" data-end=\"3367\"><strong data-start=\"3272\" data-end=\"3291\">L\u00e6gemidler<\/strong>: Beskytter medicin mod kontaminering og validerer emballagens sterilitet.<\/li>\n<li data-start=\"3370\" data-end=\"3472\"><strong data-start=\"3370\" data-end=\"3400\">Kemikalier og daglige produkter<\/strong>: Forhindrer farer for\u00e5rsaget af l\u00e6kage af reng\u00f8ringsmidler, opl\u00f8sningsmidler eller olier.<\/li>\n<li data-start=\"3475\" data-end=\"3583\"><strong data-start=\"3475\" data-end=\"3506\">Agenturer for kvalitetskontrol<\/strong>: Leverer standardiserede valideringsrapporter i overensstemmelse med ASTM-metoder.<\/li>\n<\/ul>\n<hr data-start=\"3585\" data-end=\"3588\" \/>\n<h2 data-start=\"3590\" data-end=\"3632\">Valg af den rigtige l\u00e6kagetester til flasker<\/h2>\n<p data-start=\"3634\" data-end=\"3927\">Valg af den passende <a href=\"https:\/\/www.qualitester.com\/da\/vare\/lt-03-seal-strength-testing-machine\/\"><strong data-start=\"3660\" data-end=\"3682\">L\u00e6kagetester til flasker<\/strong><\/a> afh\u00e6nger af beholdertypen, den kr\u00e6vede f\u00f8lsomhed og de g\u00e6ldende standarder. For eksempel kan ikke-destruktiv testning med <strong data-start=\"3807\" data-end=\"3821\">ASTM F2338<\/strong> kan v\u00e6re ideel til farmaceutiske flasker, mens <strong data-start=\"3869\" data-end=\"3883\">ASTM D4991<\/strong> er velegnet til stive plastbeholdere.<\/p>\n<p><a href=\"https:\/\/www.qualitester.com\/da\/vare-kategori\/test-items\/leak-tester\/\"><img fetchpriority=\"high\" decoding=\"async\" class=\"aligncenter wp-image-7503 size-full\" src=\"https:\/\/www.qualitester.com\/wp-content\/uploads\/2025\/09\/vacuum-leak-test-for-bottles.jpg\" alt=\"Vakuum-l\u00e6ktest for flasker\" width=\"600\" height=\"400\" srcset=\"https:\/\/www.qualitester.com\/wp-content\/uploads\/2025\/09\/vacuum-leak-test-for-bottles.jpg 600w, https:\/\/www.qualitester.com\/wp-content\/uploads\/2025\/09\/vacuum-leak-test-for-bottles-300x200.jpg 300w, https:\/\/www.qualitester.com\/wp-content\/uploads\/2025\/09\/vacuum-leak-test-for-bottles-18x12.jpg 18w\" sizes=\"(max-width: 600px) 100vw, 600px\" \/><\/a><\/p>\n<p data-start=\"3929\" data-end=\"4193\"><strong data-start=\"3929\" data-end=\"3949\">Cell-instrumenter<\/strong> tilbyder avancerede l\u00e6kagetestere, der er designet til at opfylde disse behov. Deres udstyr sikrer pr\u00e6cis vakuumkontrol, p\u00e5lidelig dataoutput og overholdelse af internationale standarder, hvilket g\u00f8r dem til et p\u00e5lideligt valg for laboratorier og produktionslinjer.<\/p>\n<hr data-start=\"4195\" data-end=\"4198\" \/>\n<h2 data-start=\"4200\" data-end=\"4238\">Fordele ved l\u00e6kagetest med vakuum<\/h2>\n<ul>\n<li data-start=\"4242\" data-end=\"4317\"><strong data-start=\"4242\" data-end=\"4262\">H\u00f8j f\u00f8lsomhed<\/strong>: Registrerer selv mikrol\u00e6kager, der er usynlige for det blotte \u00f8je.<\/li>\n<li data-start=\"4320\" data-end=\"4388\"><strong data-start=\"4320\" data-end=\"4345\">Standardiseret tilgang<\/strong>: Sikrer overholdelse af ASTM-protokoller.<\/li>\n<li data-start=\"4391\" data-end=\"4471\"><strong data-start=\"4391\" data-end=\"4418\">Ikke-destruktive muligheder<\/strong>: G\u00f8r det muligt at teste uden at spilde v\u00e6rdifulde produkter.<\/li>\n<li data-start=\"4474\" data-end=\"4550\"><strong data-start=\"4474\" data-end=\"4489\">Alsidighed<\/strong>: Velegnet til en lang r\u00e6kke flasker og lukkesystemer.<\/li>\n<\/ul>\n<hr data-start=\"4552\" data-end=\"4555\" \/>\n<p data-start=\"4574\" data-end=\"4953\">Implementering af en <strong data-start=\"4589\" data-end=\"4621\">Vakuum-l\u00e6ktest for flasker<\/strong> er et vigtigt skridt til at sikre produktkvalitet og overholdelse af globale standarder som f.eks. <strong data-start=\"4726\" data-end=\"4792\"><a href=\"https:\/\/www.astm.org\/d3078-02r21e01.html\" target=\"_blank\" rel=\"noopener nofollow\">ASTM D3078<\/a>, ASTM D4991, ASTM D5094, ASTM D6653 og ASTM F2338<\/strong>. Ved at anvende p\u00e5lidelige l\u00e6kagetestere som dem fra <strong data-start=\"4847\" data-end=\"4867\">Cell-instrumenter<\/strong>, kan producenterne reducere risici, forbedre effektiviteten og styrke forbrugernes tillid.<\/p>","protected":false},"excerpt":{"rendered":"<p>Vacuum Leak Test for Bottles ASTM D3078 &amp; ASTM D4991 &amp; ASTM D5094 &amp; ASTM D6653 &amp; ASTM F2338 The vacuum leak test for bottles is one of the most important quality control methods in modern manufacturing. Bottles and containers play a critical role in protecting products during storage, shipping, and use. If a bottle &hellip;<\/p>\n<p class=\"read-more\"> <a class=\"\" href=\"https:\/\/www.qualitester.com\/da\/applications\/vacuum-leak-test-for-bottles\/\"> <span class=\"screen-reader-text\">Vakuum-l\u00e6ktest for flasker<\/span> L\u00e6s mere \"<\/a><\/p>","protected":false},"author":4,"featured_media":0,"parent":6794,"menu_order":0,"comment_status":"closed","ping_status":"closed","template":"","meta":{"site-sidebar-layout":"default","site-content-layout":"default","ast-global-header-display":"","ast-main-header-display":"","ast-hfb-above-header-display":"","ast-hfb-below-header-display":"","ast-hfb-mobile-header-display":"","site-post-title":"disabled","ast-breadcrumbs-content":"","ast-featured-img":"disabled","footer-sml-layout":"","theme-transparent-header-meta":"default","adv-header-id-meta":"","stick-header-meta":"","header-above-stick-meta":"","header-main-stick-meta":"","header-below-stick-meta":"","footnotes":""},"class_list":["post-7502","page","type-page","status-publish","hentry"],"_links":{"self":[{"href":"https:\/\/www.qualitester.com\/da\/wp-json\/wp\/v2\/pages\/7502","targetHints":{"allow":["GET"]}}],"collection":[{"href":"https:\/\/www.qualitester.com\/da\/wp-json\/wp\/v2\/pages"}],"about":[{"href":"https:\/\/www.qualitester.com\/da\/wp-json\/wp\/v2\/types\/page"}],"author":[{"embeddable":true,"href":"https:\/\/www.qualitester.com\/da\/wp-json\/wp\/v2\/users\/4"}],"replies":[{"embeddable":true,"href":"https:\/\/www.qualitester.com\/da\/wp-json\/wp\/v2\/comments?post=7502"}],"version-history":[{"count":0,"href":"https:\/\/www.qualitester.com\/da\/wp-json\/wp\/v2\/pages\/7502\/revisions"}],"up":[{"embeddable":true,"href":"https:\/\/www.qualitester.com\/da\/wp-json\/wp\/v2\/pages\/6794"}],"wp:attachment":[{"href":"https:\/\/www.qualitester.com\/da\/wp-json\/wp\/v2\/media?parent=7502"}],"curies":[{"name":"wp","href":"https:\/\/api.w.org\/{rel}","templated":true}]}}