{"id":7455,"date":"2025-09-15T13:38:07","date_gmt":"2025-09-15T05:38:07","guid":{"rendered":"https:\/\/www.qualitester.com\/?page_id=7455"},"modified":"2025-09-15T13:42:20","modified_gmt":"2025-09-15T05:42:20","slug":"bloom-gel-strength","status":"publish","type":"page","link":"https:\/\/www.qualitester.com\/da\/applications\/bloom-gel-strength\/","title":{"rendered":"Bloom Gel Strength: Sikring af konsistens, kvalitet og sikkerhed i v\u00e5dfoder til k\u00e6ledyr"},"content":{"rendered":"<p><strong data-start=\"383\" data-end=\"405\"><a href=\"https:\/\/www.qualitester.com\/da\/?s=GST-01\"><img fetchpriority=\"high\" decoding=\"async\" class=\"alignleft wp-image-7458 size-medium\" src=\"https:\/\/www.qualitester.com\/wp-content\/uploads\/2025\/09\/GST-01-Gel-Strength-Tester-01-300x300.webp\" alt=\"bloom gel strength\" width=\"300\" height=\"300\" srcset=\"https:\/\/www.qualitester.com\/wp-content\/uploads\/2025\/09\/GST-01-Gel-Strength-Tester-01-300x300.webp 300w, https:\/\/www.qualitester.com\/wp-content\/uploads\/2025\/09\/GST-01-Gel-Strength-Tester-01-150x150.webp 150w, https:\/\/www.qualitester.com\/wp-content\/uploads\/2025\/09\/GST-01-Gel-Strength-Tester-01-12x12.webp 12w, https:\/\/www.qualitester.com\/wp-content\/uploads\/2025\/09\/GST-01-Gel-Strength-Tester-01-100x100.webp 100w, https:\/\/www.qualitester.com\/wp-content\/uploads\/2025\/09\/GST-01-Gel-Strength-Tester-01.webp 600w\" sizes=\"(max-width: 300px) 100vw, 300px\" \/><\/a>Bloom gelstyrke<\/strong> er en grundl\u00e6ggende kvalitetsparameter i dyrefoder- og den bredere f\u00f8devareindustri, der fungerer som et m\u00e5l for gelens fasthed og tekstur. For producenter af v\u00e5dfoder til k\u00e6ledyr er det vigtigt at kontrollere bloom-gelstyrken for at sikre produktkonsistens, strukturel integritet og forbrugertilfredshed. V\u00e5dfoder, der indeholder gelatine, er meget afh\u00e6ngige af bloom-styrken for at opretholde den rette tekstur, fugtighedsretention og stabilitet i hele produktets holdbarhedsperiode.<\/p>\n<hr \/>\n<h2>Betydningen af Bloom Gel Strength i v\u00e5dfoder til k\u00e6ledyr<\/h2>\n<p data-start=\"916\" data-end=\"1303\">I gelatinebaseret v\u00e5dfoder til k\u00e6ledyr er <strong data-start=\"951\" data-end=\"985\">Test af gelstyrke i v\u00e5dfoder til k\u00e6ledyr<\/strong> er uundv\u00e6rlig til evaluering af produktkvalitet. Gelatine fungerer som et strukturerende middel, der hj\u00e6lper med at opretholde klumpens form og forhindrer overdreven vandadskillelse. Ved at m\u00e5le gelestyrken i bloom kan producenterne forudsige produktets ydeevne under forskellige forhold, f.eks. opbevaring, transport og fodring.<\/p>\n<p data-start=\"1305\" data-end=\"1621\">En h\u00f8jere bloom-gelstyrke indikerer fastere geler, som hj\u00e6lper med at bevare stykkernes integritet i d\u00e5ser eller poser, mens en lavere bloom-v\u00e6rdi giver bl\u00f8dere, mere b\u00f8jelige teksturer. Den korrekte bloom-v\u00e6rdi sikrer, at v\u00e5dfoderet forbliver velsmagende og let for k\u00e6ledyrene at indtage, idet der er balance mellem fasthed og ford\u00f8jelighed.<\/p>\n<hr \/>\n<h2 data-start=\"1305\" data-end=\"1621\">Faktorer, der p\u00e5virker Bloom Gels styrke<\/h2>\n<p data-start=\"1667\" data-end=\"1732\">Der er flere variabler, der p\u00e5virker gelstyrken i v\u00e5dfoder til k\u00e6ledyr:<\/p>\n<ul data-start=\"1734\" data-end=\"2270\">\n<li data-start=\"1734\" data-end=\"1837\">\n<p data-start=\"1736\" data-end=\"1837\"><strong data-start=\"1736\" data-end=\"1755\">Kilde til gelatine:<\/strong> Kv\u00e6g-, svine- eller fiskegelatine har hver is\u00e6r forskellige geldannende egenskaber.<\/p>\n<\/li>\n<li data-start=\"1838\" data-end=\"1947\">\n<p data-start=\"1840\" data-end=\"1947\"><strong data-start=\"1840\" data-end=\"1866\">Gelatinekoncentration:<\/strong> H\u00f8jere koncentrationer resulterer generelt i h\u00f8jere blomstringsv\u00e6rdier og fastere geler.<\/p>\n<\/li>\n<li data-start=\"1948\" data-end=\"2060\">\n<p data-start=\"1950\" data-end=\"2060\"><strong data-start=\"1950\" data-end=\"1976\">Forarbejdningsbetingelser:<\/strong> Opvarmning, afk\u00f8lingshastighed og blanding har stor betydning for gelens netv\u00e6rksstruktur.<\/p>\n<\/li>\n<li data-start=\"2061\" data-end=\"2162\">\n<p data-start=\"2063\" data-end=\"2162\"><strong data-start=\"2063\" data-end=\"2093\">Ingredienser og tils\u00e6tningsstoffer:<\/strong> Salte, proteiner, pH og syrer kan \u00e6ndre gelens tekstur og fasthed.<\/p>\n<\/li>\n<li data-start=\"2163\" data-end=\"2270\">\n<p data-start=\"2165\" data-end=\"2270\"><strong data-start=\"2165\" data-end=\"2188\">Opbevaringsforhold:<\/strong> Temperatursvingninger kan p\u00e5virke gelens stabilitet og blomstringsstyrke over tid.<\/p>\n<\/li>\n<\/ul>\n<p data-start=\"2272\" data-end=\"2392\">Ved at kontrollere disse faktorer kan producenterne konsekvent opn\u00e5 den \u00f8nskede tekstur og opretholde produktkvaliteten.<\/p>\n<hr \/>\n<h2 data-start=\"2272\" data-end=\"2392\">Avanceret udstyr til test af gelestyrke<\/h2>\n<p data-start=\"2441\" data-end=\"2763\">N\u00f8jagtig m\u00e5ling af blomsters gelstyrke kr\u00e6ver specialiseret <strong data-start=\"2505\" data-end=\"2539\">Testudstyr til gelstyrke<\/strong>som f.eks. <strong data-start=\"2553\" data-end=\"2606\">Cell Instruments GST-01 blomstergelstyrke-tester<\/strong>. Denne enhed anvender en standardiseret kraft p\u00e5 en gelatinegel ved en kontrolleret temperatur og m\u00e5ler den kraft, der skal til for at trykke gelen ned til en bestemt dybde.<\/p>\n<p data-start=\"2765\" data-end=\"2806\">GST-01 giver flere fordele:<\/p>\n<ul data-start=\"2808\" data-end=\"3159\">\n<li data-start=\"2808\" data-end=\"2889\">\n<p data-start=\"2810\" data-end=\"2889\"><strong data-start=\"2810\" data-end=\"2842\">Pr\u00e6cision og repeterbarhed:<\/strong> Sikrer p\u00e5lidelige sammenligninger fra batch til batch.<\/p>\n<\/li>\n<li data-start=\"2890\" data-end=\"2991\">\n<p data-start=\"2892\" data-end=\"2991\"><strong data-start=\"2892\" data-end=\"2924\">Datadrevet kvalitetskontrol:<\/strong> Hj\u00e6lper med at justere formuleringer og optimere produktionen.<\/p>\n<\/li>\n<li data-start=\"2992\" data-end=\"3077\">\n<p data-start=\"2994\" data-end=\"3077\"><strong data-start=\"2994\" data-end=\"3024\">Overholdelse af standarder:<\/strong> Underst\u00f8tter testprotokollerne ASTM D748 og ISO 9665.<\/p>\n<\/li>\n<li data-start=\"3078\" data-end=\"3159\">\n<p data-start=\"3080\" data-end=\"3159\"><strong data-start=\"3080\" data-end=\"3095\">Effektivitet:<\/strong> Reducerer menneskelige fejl og forenkler rutinem\u00e6ssige testarbejdsgange.<\/p>\n<\/li>\n<\/ul>\n<p data-start=\"3161\" data-end=\"3345\">Ved at integrere s\u00e5dant udstyr i produktions- og kvalitetskontrolprocesser sikres det, at bloom gel-styrken overv\u00e5ges konsekvent, hvilket forhindrer afvigelser, der kan kompromittere produktkvaliteten.<\/p>\n<hr \/>\n<h2 data-start=\"3161\" data-end=\"3345\">Praktiske anvendelser og fordele<\/h2>\n<p data-start=\"3390\" data-end=\"3462\">Test af bloom gel-styrke i v\u00e5dfoder til k\u00e6ledyr giver mange fordele:<\/p>\n<ol data-start=\"3464\" data-end=\"4069\">\n<li data-start=\"3464\" data-end=\"3545\">\n<p data-start=\"3467\" data-end=\"3545\"><strong data-start=\"3467\" data-end=\"3483\">Konsistens:<\/strong> Sikrer en ensartet tekstur og biddernes integritet p\u00e5 tv\u00e6rs af partier.<\/p>\n<\/li>\n<li data-start=\"3546\" data-end=\"3650\">\n<p data-start=\"3549\" data-end=\"3650\"><strong data-start=\"3549\" data-end=\"3573\">Produktudvikling:<\/strong> Hj\u00e6lper med at formulere nye v\u00e5dfoderprodukter med forudsigelig gel-opf\u00f8rsel.<\/p>\n<\/li>\n<li data-start=\"3651\" data-end=\"3739\">\n<p data-start=\"3654\" data-end=\"3739\"><strong data-start=\"3654\" data-end=\"3676\">Kvalitetssikring:<\/strong> Registrerer variationer i gelatinekilder eller forarbejdningsmetoder.<\/p>\n<\/li>\n<li data-start=\"3740\" data-end=\"3832\">\n<p data-start=\"3743\" data-end=\"3832\"><strong data-start=\"3743\" data-end=\"3769\">Forbrugernes tilfredshed:<\/strong> Opretholder optimal fasthed, hvilket forbedrer smagsoplevelsen for k\u00e6ledyr.<\/p>\n<\/li>\n<li data-start=\"3833\" data-end=\"3935\">\n<p data-start=\"3836\" data-end=\"3935\"><strong data-start=\"3836\" data-end=\"3862\">Overholdelse af lovgivningen:<\/strong> Underst\u00f8tter overholdelse af internationale standarder for f\u00f8devaresikkerhed og kvalitet.<\/p>\n<\/li>\n<li data-start=\"3936\" data-end=\"4069\">\n<p data-start=\"3939\" data-end=\"4069\"><strong data-start=\"3939\" data-end=\"3968\">Relevans p\u00e5 tv\u00e6rs af brancher:<\/strong> Kan anvendes til f\u00f8devarer, gelatinedesserter, kosttilskud og farmaceutiske produkter.<\/p>\n<\/li>\n<\/ol>\n<hr \/>\n<h2>Konklusion<\/h2>\n<p data-start=\"46\" data-end=\"474\">Understanding and controlling <strong data-start=\"76\" data-end=\"98\">bloom gel strength<\/strong> is vital for pet wet food manufacturers, QC teams, and formulation experts. It ensures consistent texture, proper chunk integrity, and stable product performance, which are essential for both pet satisfaction and brand reliability. When gel strength deviates, products may lose their intended texture, resulting in poor acceptance by pets and reduced trust from pet owners.<\/p>\n<p data-start=\"476\" data-end=\"958\">By employing advanced <strong data-start=\"498\" data-end=\"532\">Testudstyr til gelstyrke<\/strong> such as the <strong data-start=\"545\" data-end=\"572\">Cell-instrumenter <a href=\"https:\/\/www.qualitester.com\/da\/?s=GST-01\">GST-01<\/a><\/strong>, manufacturers can optimize formulations, minimize batch variability, and deliver high-quality, reliable products that meet both regulatory standards and consumer expectations. The GST-01 not only provides accurate and repeatable measurements but also helps manufacturers streamline their quality control processes, reducing costs associated with rejected batches or product recalls.<\/p>\n<p data-start=\"960\" data-end=\"1372\">Investing in precise <strong data-start=\"981\" data-end=\"1011\">bloom gel strength testing<\/strong> goes beyond maintaining quality\u2014it also drives innovation. With reliable testing data, R&amp;D teams can confidently explore new formulations, textures, and product lines tailored to evolving consumer demands. Ultimately, this investment strengthens brand reputation, enhances consumer trust, and secures a competitive edge in the growing global pet food market.<\/p>","protected":false},"excerpt":{"rendered":"<p>Bloom-gelstyrke er en grundl\u00e6ggende kvalitetsparameter i dyrefoder- og den bredere f\u00f8devareindustri, der fungerer som et m\u00e5l for gelens fasthed og tekstur. For producenter af v\u00e5dfoder til k\u00e6ledyr er det vigtigt at kontrollere gelestyrken for at sikre produktkonsistens, strukturel integritet og forbrugertilfredshed. V\u00e5dfoder, der indeholder gelatine, er st\u00e6rkt afh\u00e6ngige af bloom-styrken for at opretholde ...<\/p>\n<p class=\"read-more\"> <a class=\"\" href=\"https:\/\/www.qualitester.com\/da\/applications\/bloom-gel-strength\/\"> <span class=\"screen-reader-text\">Bloom Gel Strength: Sikring af konsistens, kvalitet og sikkerhed i v\u00e5dfoder til k\u00e6ledyr<\/span> L\u00e6s mere \"<\/a><\/p>","protected":false},"author":3,"featured_media":0,"parent":6794,"menu_order":0,"comment_status":"closed","ping_status":"closed","template":"","meta":{"site-sidebar-layout":"default","site-content-layout":"default","ast-global-header-display":"","ast-main-header-display":"","ast-hfb-above-header-display":"","ast-hfb-below-header-display":"","ast-hfb-mobile-header-display":"","site-post-title":"","ast-breadcrumbs-content":"","ast-featured-img":"","footer-sml-layout":"","theme-transparent-header-meta":"default","adv-header-id-meta":"","stick-header-meta":"","header-above-stick-meta":"","header-main-stick-meta":"","header-below-stick-meta":"","footnotes":""},"class_list":["post-7455","page","type-page","status-publish","hentry"],"_links":{"self":[{"href":"https:\/\/www.qualitester.com\/da\/wp-json\/wp\/v2\/pages\/7455","targetHints":{"allow":["GET"]}}],"collection":[{"href":"https:\/\/www.qualitester.com\/da\/wp-json\/wp\/v2\/pages"}],"about":[{"href":"https:\/\/www.qualitester.com\/da\/wp-json\/wp\/v2\/types\/page"}],"author":[{"embeddable":true,"href":"https:\/\/www.qualitester.com\/da\/wp-json\/wp\/v2\/users\/3"}],"replies":[{"embeddable":true,"href":"https:\/\/www.qualitester.com\/da\/wp-json\/wp\/v2\/comments?post=7455"}],"version-history":[{"count":0,"href":"https:\/\/www.qualitester.com\/da\/wp-json\/wp\/v2\/pages\/7455\/revisions"}],"up":[{"embeddable":true,"href":"https:\/\/www.qualitester.com\/da\/wp-json\/wp\/v2\/pages\/6794"}],"wp:attachment":[{"href":"https:\/\/www.qualitester.com\/da\/wp-json\/wp\/v2\/media?parent=7455"}],"curies":[{"name":"wp","href":"https:\/\/api.w.org\/{rel}","templated":true}]}}