{"id":7449,"date":"2025-09-12T16:26:16","date_gmt":"2025-09-12T08:26:16","guid":{"rendered":"https:\/\/www.qualitester.com\/?page_id=7449"},"modified":"2025-09-12T16:28:00","modified_gmt":"2025-09-12T08:28:00","slug":"loop-tack-tester","status":"publish","type":"page","link":"https:\/\/www.qualitester.com\/da\/applications\/loop-tack-tester\/","title":{"rendered":"Loop Tack Tester til ASTM D6195 test af kl\u00e6beevne"},"content":{"rendered":"<p><a href=\"https:\/\/www.qualitester.com\/da\/?s=LTT\"><img fetchpriority=\"high\" decoding=\"async\" class=\"wp-image-7452 alignleft\" src=\"https:\/\/www.qualitester.com\/wp-content\/uploads\/2025\/09\/LTT-01-Loop-Tack-Tester--277x300.webp\" alt=\"Loop Tack Tester\" width=\"245\" height=\"265\" srcset=\"https:\/\/www.qualitester.com\/wp-content\/uploads\/2025\/09\/LTT-01-Loop-Tack-Tester--277x300.webp 277w, https:\/\/www.qualitester.com\/wp-content\/uploads\/2025\/09\/LTT-01-Loop-Tack-Tester--11x12.webp 11w, https:\/\/www.qualitester.com\/wp-content\/uploads\/2025\/09\/LTT-01-Loop-Tack-Tester-.webp 600w\" sizes=\"(max-width: 245px) 100vw, 245px\" \/><\/a>Trykf\u00f8lsomme kl\u00e6bemidler (PSA'er) bruges i vid udstr\u00e6kning til emballage, medicinsk udstyr, elektronik og forbrugsvarer. Deres evne til at <strong data-start=\"481\" data-end=\"512\">binder \u00f8jeblikkeligt og p\u00e5lideligt<\/strong> er afg\u00f8rende for produktets ydeevne og kundernes tilfredshed. For at evaluere denne egenskab skal en <strong data-start=\"604\" data-end=\"624\">Loop Tack Tester<\/strong> giver standardiserede, gentagelige m\u00e5linger af den indledende bindingskraft, eller <em data-start=\"705\" data-end=\"711\">h\u00e6fteklammer<\/em>. Efterf\u00f8lgende <strong data-start=\"723\" data-end=\"737\">ASTM D6195<\/strong>, Denne testning sikrer n\u00f8jagtige og sammenlignelige resultater og vejleder b\u00e5de produktudvikling og kvalitetskontrol.<\/p>\n<hr \/>\n<h2>Testudstyr til kl\u00e6bestr\u00f8mper og dets betydning<\/h2>\n<p data-start=\"914\" data-end=\"1160\"><strong data-start=\"914\" data-end=\"951\">Testudstyr til kl\u00e6bende loop tack<\/strong> er designet til at m\u00e5le \u201cf\u00f8rste kontakt\u201d-bindingsevnen for PSA-produkter som f.eks. tape, etiketter og klisterm\u00e6rker. Denne test er s\u00e6rlig vigtig for industrier, hvor <strong data-start=\"1122\" data-end=\"1144\">\u00f8jeblikkelig vedh\u00e6ftning<\/strong> er afg\u00f8rende:<\/p>\n<ul data-start=\"1162\" data-end=\"1409\">\n<li data-start=\"1162\" data-end=\"1236\">\n<p data-start=\"1164\" data-end=\"1236\"><strong data-start=\"1164\" data-end=\"1194\">H\u00f8jhastigheds-pakkelinjer<\/strong>, hvor etiketter skal kl\u00e6be uden forsinkelse.<\/p>\n<\/li>\n<li data-start=\"1237\" data-end=\"1315\">\n<p data-start=\"1239\" data-end=\"1315\"><strong data-start=\"1239\" data-end=\"1269\">Medicinsk tape og bandager<\/strong>, som kr\u00e6ver hurtig og sikker vedh\u00e6ftning til huden.<\/p>\n<\/li>\n<li data-start=\"1316\" data-end=\"1409\">\n<p data-start=\"1318\" data-end=\"1409\"><strong data-start=\"1318\" data-end=\"1341\">Elektronisk samling<\/strong>, hvor beskyttelsesfilm eller kl\u00e6belag skal binde med det samme.<\/p>\n<\/li>\n<\/ul>\n<p data-start=\"1411\" data-end=\"1445\">ASTM D6195 beskriver to metoder:<\/p>\n<ul data-start=\"1446\" data-end=\"1698\">\n<li data-start=\"1446\" data-end=\"1533\">\n<p data-start=\"1448\" data-end=\"1533\"><strong data-start=\"1448\" data-end=\"1460\">Metode A<\/strong>: Brug en tr\u00e6ktester med en 175 mm (7 tommer) strimmel kl\u00e6beb\u00e5nd.<\/p>\n<\/li>\n<li data-start=\"1534\" data-end=\"1698\">\n<p data-start=\"1536\" data-end=\"1698\"><strong data-start=\"1536\" data-end=\"1548\">Metode B<\/strong>: Brug af en dedikeret <strong data-start=\"1568\" data-end=\"1588\">Loop Tack Tester<\/strong>, designet til at m\u00e5le den maksimale kraft, der kr\u00e6ves for at l\u00f8sne en b\u00e5ndl\u00f8kke fra en 25\u00d725 mm overflade af rustfrit st\u00e5l.<\/p>\n<\/li>\n<\/ul>\n<p data-start=\"1700\" data-end=\"1841\">Begge metoder sikrer standardiseret evaluering og giver <strong data-start=\"1755\" data-end=\"1776\">kvantitative data<\/strong> der kan sammenlignes p\u00e5 tv\u00e6rs af laboratorier, produkter og partier.<\/p>\n<hr \/>\n<h2 data-start=\"1700\" data-end=\"1841\">Hvordan en <a href=\"https:\/\/www.qualitester.com\/da\/?s=LTT\">Loop Tack Tester<\/a> Arbejder<\/h2>\n<p data-start=\"1883\" data-end=\"1953\">Testprocessen for en <strong data-start=\"1908\" data-end=\"1928\">Loop Tack Tester<\/strong> er enkel, men pr\u00e6cis:<\/p>\n<ol data-start=\"1955\" data-end=\"2221\">\n<li data-start=\"1955\" data-end=\"2028\">\n<p data-start=\"1958\" data-end=\"2028\">En strimmel kl\u00e6bende tape formes til en l\u00f8kke med den kl\u00e6bende side udad.<\/p>\n<\/li>\n<li data-start=\"2029\" data-end=\"2118\">\n<p data-start=\"2032\" data-end=\"2118\">Sl\u00f8jfen s\u00e6ttes forsigtigt p\u00e5 en rustfri st\u00e5lplade under <strong data-start=\"2092\" data-end=\"2115\">kun sin egen v\u00e6gt<\/strong>.<\/p>\n<\/li>\n<li data-start=\"2119\" data-end=\"2221\">\n<p data-start=\"2122\" data-end=\"2221\">Testeren tr\u00e6kker l\u00f8kken v\u00e6k, mens den registrerer <strong data-start=\"2173\" data-end=\"2199\">maksimal kr\u00e6vet kraft<\/strong> for at tage b\u00e5ndet af.<\/p>\n<\/li>\n<\/ol>\n<p data-start=\"2223\" data-end=\"2461\">Den m\u00e5lte <strong data-start=\"2236\" data-end=\"2250\">Maksimal kraft<\/strong> angiver limens indledende kl\u00e6beevne. Denne metode simulerer forhold i den virkelige verden, hvor kl\u00e6bemidler skal kl\u00e6be hurtigt med minimalt tryk, som f.eks. i <strong data-start=\"2404\" data-end=\"2458\">m\u00e6rkning, forsegling eller anvendelse af beskyttelsesfilm<\/strong>.<\/p>\n<hr \/>\n<h2 data-start=\"2223\" data-end=\"2461\">Udvidede anvendelsesmuligheder p\u00e5 tv\u00e6rs af brancher<\/h2>\n<p data-start=\"2514\" data-end=\"2596\">Den <strong data-start=\"2518\" data-end=\"2538\">Loop Tack Tester<\/strong> har mange anvendelsesmuligheder ud over basal PSA-testning:<\/p>\n<ul data-start=\"2598\" data-end=\"3261\">\n<li data-start=\"2598\" data-end=\"2732\">\n<p data-start=\"2600\" data-end=\"2732\"><strong data-start=\"2600\" data-end=\"2622\">Emballageindustrien<\/strong>: Sikrer, at etiketter, forseglingsb\u00e5nd og beskyttelsesfilm kl\u00e6ber p\u00e5lideligt p\u00e5 kartoner, flasker eller fleksible film.<\/p>\n<\/li>\n<li data-start=\"2733\" data-end=\"2864\">\n<p data-start=\"2735\" data-end=\"2864\"><strong data-start=\"2735\" data-end=\"2754\">Medicinsk udstyr<\/strong>: Evaluerer ydeevnen af bandager, medicinske tapes og plastre for \u00f8jeblikkelig vedh\u00e6ftning og patientsikkerhed.<\/p>\n<\/li>\n<li data-start=\"2865\" data-end=\"2996\">\n<p data-start=\"2867\" data-end=\"2996\"><strong data-start=\"2867\" data-end=\"2897\">Elektronik og biler<\/strong>: Bekr\u00e6fter, at kl\u00e6bemidler til beskyttelsesfilm, monteringsdele eller isoleringslag kl\u00e6ber med det samme.<\/p>\n<\/li>\n<li data-start=\"2997\" data-end=\"3120\">\n<p data-start=\"2999\" data-end=\"3120\"><strong data-start=\"2999\" data-end=\"3030\">Forbrugsvarer og tekstiler<\/strong>: Tester etiketter, klisterm\u00e6rker og selvkl\u00e6bende tilbeh\u00f8r for holdbarhed og ydeevne.<\/p>\n<\/li>\n<li data-start=\"3121\" data-end=\"3261\">\n<p data-start=\"3123\" data-end=\"3261\"><strong data-start=\"3123\" data-end=\"3160\">Daglige kemikalier og l\u00e6gemidler<\/strong>: Vurderer emballageetiketter for at sikre, at de bevarer vedh\u00e6ftningen under opbevarings- og h\u00e5ndteringsforhold.<\/p>\n<\/li>\n<\/ul>\n<p data-start=\"3263\" data-end=\"3429\">Ved at udf\u00f8re <strong data-start=\"3277\" data-end=\"3298\">Test af l\u00f8kkekl\u00e6bning<\/strong>, reducerer producenterne risikoen for kl\u00e6befejl, forbedrer kvalitetssikringen og forbedrer <strong data-start=\"3391\" data-end=\"3426\">kundetilfredshed og tillid<\/strong>.<\/p>\n<hr \/>\n<h2 data-start=\"3263\" data-end=\"3429\">Fordele ved Cell Instruments Loop Tack Tester<\/h2>\n<p data-start=\"3490\" data-end=\"3592\">Cell Instruments tilbyder <strong data-start=\"3514\" data-end=\"3545\">pr\u00e6cision Loop Tack Testers<\/strong> konstrueret til p\u00e5lidelig kl\u00e6beevaluering:<\/p>\n<ul data-start=\"3594\" data-end=\"4110\">\n<li data-start=\"3594\" data-end=\"3675\">\n<p data-start=\"3596\" data-end=\"3675\"><strong data-start=\"3596\" data-end=\"3621\">Overholdelse af ASTM D6195<\/strong>: Sikrer, at testresultaterne lever op til internationale standarder.<\/p>\n<\/li>\n<li data-start=\"3676\" data-end=\"3788\">\n<p data-start=\"3678\" data-end=\"3788\"><strong data-start=\"3678\" data-end=\"3713\">H\u00f8j n\u00f8jagtighed og gentagelsesn\u00f8jagtighed<\/strong>: Digitale sensorer og kontrollerede testforhold minimerer menneskelige fejl.<\/p>\n<\/li>\n<li data-start=\"3789\" data-end=\"3894\">\n<p data-start=\"3791\" data-end=\"3894\"><strong data-start=\"3791\" data-end=\"3818\">Brugervenlig gr\u00e6nseflade<\/strong>: Forenkler betjeningen og g\u00f8r rutinetest hurtigere og mere konsekvente.<\/p>\n<\/li>\n<li data-start=\"3895\" data-end=\"4003\">\n<p data-start=\"3897\" data-end=\"4003\"><strong data-start=\"3897\" data-end=\"3921\">Muligheder, der kan tilpasses<\/strong>: Kan tilpasses forskellige tapetyper, bagsidematerialer og testforhold.<\/p>\n<\/li>\n<li data-start=\"4004\" data-end=\"4110\">\n<p data-start=\"4006\" data-end=\"4110\"><strong data-start=\"4006\" data-end=\"4037\">Registrering og analyse af data<\/strong>: Optager m\u00e5linger af spidsbelastning til omfattende kvalitetsdokumentation.<\/p>\n<\/li>\n<\/ul>\n<p data-start=\"4112\" data-end=\"4293\">Disse fordele g\u00f8r <strong data-start=\"4138\" data-end=\"4175\">Cell Instruments Loop Tack Tester<\/strong> ideel til <strong data-start=\"4186\" data-end=\"4245\">laboratorier, R&amp;D-teams og kvalitetskontrol i produktionen<\/strong>, hvilket giver tillid til kl\u00e6beevaluering.<\/p>\n<hr \/>\n<h2 data-start=\"4112\" data-end=\"4293\">Bedste praksis for Loop Tack-test<\/h2>\n<p data-start=\"4343\" data-end=\"4387\">For at sikre pr\u00e6cise og meningsfulde resultater:<\/p>\n<ol data-start=\"4389\" data-end=\"4844\">\n<li data-start=\"4389\" data-end=\"4473\">\n<p data-start=\"4392\" data-end=\"4473\"><strong data-start=\"4392\" data-end=\"4418\">Tilpas kl\u00e6bemidlet<\/strong> ved standardtemperatur og -fugtighed f\u00f8r testning.<\/p>\n<\/li>\n<li data-start=\"4474\" data-end=\"4571\">\n<p data-start=\"4477\" data-end=\"4571\"><strong data-start=\"4477\" data-end=\"4516\">Reng\u00f8r underlaget af rustfrit st\u00e5l<\/strong> for at fjerne st\u00f8v eller fedt, der kan p\u00e5virke vedh\u00e6ftningen.<\/p>\n<\/li>\n<li data-start=\"4572\" data-end=\"4675\">\n<p data-start=\"4575\" data-end=\"4675\"><strong data-start=\"4575\" data-end=\"4609\">Brug ensartede loop-dimensioner<\/strong> (f.eks. 25\u00d725 mm kontaktomr\u00e5de) og opretholde en ensartet b\u00e5ndv\u00e6gt.<\/p>\n<\/li>\n<li data-start=\"4676\" data-end=\"4755\">\n<p style=\"text-align: left;\" data-start=\"4679\" data-end=\"4755\"><strong data-start=\"4679\" data-end=\"4710\">F\u00f8lg med <a href=\"https:\/\/store.astm.org\/d6195-03r19.html\" target=\"_blank\" rel=\"noopener nofollow\">ASTM D6195<\/a> Protokoller<\/strong> for at opn\u00e5 gentagelige, sammenlignelige resultater.<\/p>\n<\/li>\n<li data-start=\"4756\" data-end=\"4844\">\n<p data-start=\"4759\" data-end=\"4844\"><strong data-start=\"4759\" data-end=\"4788\">Dokumenter alle m\u00e5linger<\/strong> for at spore pr\u00e6stationstendenser og produktforbedringer.<\/p>\n<\/li>\n<\/ol>\n<p data-start=\"4846\" data-end=\"5009\">Ved at f\u00f8lge denne praksis kan producenterne <strong data-start=\"4894\" data-end=\"4928\">optimer kl\u00e6bemiddelformuleringer<\/strong>, l\u00f8se problemer med bonding og validere nye produkter f\u00f8r markedsintroduktion.<\/p>\n<hr \/>\n<h2 data-start=\"5016\" data-end=\"5031\">Konklusion<\/h2>\n<p data-start=\"5033\" data-end=\"5393\">Den <strong data-start=\"5037\" data-end=\"5057\">Loop Tack Tester<\/strong> er et vigtigt v\u00e6rkt\u00f8j til at evaluere <strong data-start=\"5093\" data-end=\"5122\">indledende vedh\u00e6ftningsstyrke<\/strong> af trykf\u00f8lsomme kl\u00e6bemidler i overensstemmelse med <strong data-start=\"5174\" data-end=\"5188\">ASTM D6195<\/strong>. Dens standardiserede testmetoder, is\u00e6r n\u00e5r man bruger <strong data-start=\"5246\" data-end=\"5283\">Testudstyr til kl\u00e6bende loop tack<\/strong>, hj\u00e6lper producenter med at opretholde en ensartet kvalitet, reducere produktfejl og sikre kundetilfredshed.<\/p>\n<p data-start=\"5395\" data-end=\"5752\">For virksomheder, der s\u00f8ger <strong data-start=\"5417\" data-end=\"5481\">p\u00e5lidelige, n\u00f8jagtige og kompatible l\u00f8sninger til kl\u00e6betestning<\/strong>, den <strong data-start=\"5487\" data-end=\"5524\"><a href=\"https:\/\/www.qualitester.com\/da\/\">Cell-instrumenter<\/a> Loop Tack Tester<\/strong> tilbyder pr\u00e6cision, holdbarhed og fleksibilitet p\u00e5 tv\u00e6rs af en lang r\u00e6kke industrier. Investering i udstyr til test af loop tack i h\u00f8j kvalitet sikrer <strong data-start=\"5668\" data-end=\"5749\">bedre produktydelse, sikrere brug og langsigtet konkurrenceevne p\u00e5 markedet<\/strong>.<\/p>","protected":false},"excerpt":{"rendered":"<p>Trykf\u00f8lsomme kl\u00e6bemidler (PSA'er) bruges i vid udstr\u00e6kning til emballage, medicinsk udstyr, elektronik og forbrugsvarer. Deres evne til at binde \u00f8jeblikkeligt og p\u00e5lideligt er afg\u00f8rende for produktets ydeevne og kundetilfredshed. For at evaluere denne egenskab giver en Loop Tack Tester standardiserede, gentagelige m\u00e5linger af den indledende limkraft, eller tack. I henhold til ASTM D6195 sikrer denne test n\u00f8jagtige ...<\/p>\n<p class=\"read-more\"> <a class=\"\" href=\"https:\/\/www.qualitester.com\/da\/applications\/loop-tack-tester\/\"> <span class=\"screen-reader-text\">Loop Tack Tester til ASTM D6195 test af kl\u00e6beevne<\/span> L\u00e6s mere \"<\/a><\/p>","protected":false},"author":3,"featured_media":0,"parent":6794,"menu_order":0,"comment_status":"closed","ping_status":"closed","template":"","meta":{"site-sidebar-layout":"default","site-content-layout":"default","ast-global-header-display":"","ast-main-header-display":"","ast-hfb-above-header-display":"","ast-hfb-below-header-display":"","ast-hfb-mobile-header-display":"","site-post-title":"","ast-breadcrumbs-content":"","ast-featured-img":"","footer-sml-layout":"","theme-transparent-header-meta":"default","adv-header-id-meta":"","stick-header-meta":"","header-above-stick-meta":"","header-main-stick-meta":"","header-below-stick-meta":"","footnotes":""},"class_list":["post-7449","page","type-page","status-publish","hentry"],"_links":{"self":[{"href":"https:\/\/www.qualitester.com\/da\/wp-json\/wp\/v2\/pages\/7449","targetHints":{"allow":["GET"]}}],"collection":[{"href":"https:\/\/www.qualitester.com\/da\/wp-json\/wp\/v2\/pages"}],"about":[{"href":"https:\/\/www.qualitester.com\/da\/wp-json\/wp\/v2\/types\/page"}],"author":[{"embeddable":true,"href":"https:\/\/www.qualitester.com\/da\/wp-json\/wp\/v2\/users\/3"}],"replies":[{"embeddable":true,"href":"https:\/\/www.qualitester.com\/da\/wp-json\/wp\/v2\/comments?post=7449"}],"version-history":[{"count":0,"href":"https:\/\/www.qualitester.com\/da\/wp-json\/wp\/v2\/pages\/7449\/revisions"}],"up":[{"embeddable":true,"href":"https:\/\/www.qualitester.com\/da\/wp-json\/wp\/v2\/pages\/6794"}],"wp:attachment":[{"href":"https:\/\/www.qualitester.com\/da\/wp-json\/wp\/v2\/media?parent=7449"}],"curies":[{"name":"wp","href":"https:\/\/api.w.org\/{rel}","templated":true}]}}