{"id":7439,"date":"2025-09-11T17:11:29","date_gmt":"2025-09-11T09:11:29","guid":{"rendered":"https:\/\/www.qualitester.com\/?page_id=7439"},"modified":"2025-09-11T17:14:02","modified_gmt":"2025-09-11T09:14:02","slug":"glide-force-and-break-loose-force","status":"publish","type":"page","link":"https:\/\/www.qualitester.com\/da\/applications\/glide-force-and-break-loose-force\/","title":{"rendered":"Test af glidekraft og l\u00f8srivelseskraft i spr\u00f8jter"},"content":{"rendered":"<p><img fetchpriority=\"high\" decoding=\"async\" class=\"wp-image-7443 alignleft\" src=\"https:\/\/www.qualitester.com\/wp-content\/uploads\/2025\/09\/glide-force-and-break-loose-force-300x300.webp\" alt=\"glidekraft og l\u00f8srivelseskraft\" width=\"231\" height=\"231\" srcset=\"https:\/\/www.qualitester.com\/wp-content\/uploads\/2025\/09\/glide-force-and-break-loose-force-300x300.webp 300w, https:\/\/www.qualitester.com\/wp-content\/uploads\/2025\/09\/glide-force-and-break-loose-force-1024x1024.webp 1024w, https:\/\/www.qualitester.com\/wp-content\/uploads\/2025\/09\/glide-force-and-break-loose-force-150x150.webp 150w, https:\/\/www.qualitester.com\/wp-content\/uploads\/2025\/09\/glide-force-and-break-loose-force-768x768.webp 768w, https:\/\/www.qualitester.com\/wp-content\/uploads\/2025\/09\/glide-force-and-break-loose-force-12x12.webp 12w, https:\/\/www.qualitester.com\/wp-content\/uploads\/2025\/09\/glide-force-and-break-loose-force-600x600.webp 600w, https:\/\/www.qualitester.com\/wp-content\/uploads\/2025\/09\/glide-force-and-break-loose-force-100x100.webp 100w, https:\/\/www.qualitester.com\/wp-content\/uploads\/2025\/09\/glide-force-and-break-loose-force.webp 1200w\" sizes=\"(max-width: 231px) 100vw, 231px\" \/>N\u00f8jagtig m\u00e5ling af <strong data-start=\"368\" data-end=\"405\">glidekraft og l\u00f8srivelseskraft<\/strong> er afg\u00f8rende for at evaluere spr\u00f8jtens ydeevne og sikre patientsikkerheden. Disse parametre bestemmer, hvor let og ensartet stemplets bev\u00e6gelse er under injektionen, hvilket direkte p\u00e5virker anvendeligheden, dosisn\u00f8jagtigheden og overholdelsen af internationale standarder som f.eks. <a href=\"https:\/\/www.uspnf.com\/sites\/default\/files\/usp_pdf\/EN\/USPNF\/usp-nf-notices\/gc-382-pre-post-20190531.pdf\" target=\"_blank\" rel=\"noopener nofollow\"><strong data-start=\"670\" data-end=\"681\">USP 382<\/strong><\/a> og <a href=\"https:\/\/www.iso.org\/standard\/82222.html\" target=\"_blank\" rel=\"noopener nofollow\"><strong data-start=\"686\" data-end=\"701\">ISO 11040-4<\/strong><\/a>. Ved at forst\u00e5 disse kr\u00e6fter kan producenter og kvalitetskontrolpersonale sikre, at spr\u00f8jterne lever op til lovkravene og fungerer p\u00e5lideligt i kliniske sammenh\u00e6nge.<\/p>\n<hr \/>\n<h2>Test af stempelbev\u00e6gelsens kraft: Vigtighed og standarder<\/h2>\n<p data-start=\"938\" data-end=\"1098\">Den <strong data-start=\"942\" data-end=\"973\">Test af stempelbev\u00e6gelsens kraft<\/strong> m\u00e5ler den modstand, der opst\u00e5r, n\u00e5r et spr\u00f8jtestempel bev\u00e6ger sig inde i cylinderen. Denne test omfatter to n\u00f8glekomponenter:<\/p>\n<ul data-start=\"1100\" data-end=\"1333\">\n<li data-start=\"1100\" data-end=\"1221\">\n<p data-start=\"1102\" data-end=\"1221\"><strong data-start=\"1102\" data-end=\"1123\">Bryde l\u00f8s kraft<\/strong>: Den indledende kraft, der kr\u00e6ves for at overvinde den statiske friktion mellem stempelproppen og cylinderen.<\/p>\n<\/li>\n<li data-start=\"1222\" data-end=\"1333\">\n<p data-start=\"1224\" data-end=\"1333\"><strong data-start=\"1224\" data-end=\"1239\">Glidekraft<\/strong>: Den konstante kraft, der kr\u00e6ves for at bev\u00e6ge stemplet langs slagl\u00e6ngden efter den f\u00f8rste bev\u00e6gelse.<\/p>\n<\/li>\n<\/ul>\n<p data-start=\"1335\" data-end=\"1933\"><strong data-start=\"1335\" data-end=\"1346\">USP 382<\/strong> definerer test af stemplets egnethed med fokus p\u00e5 b\u00e5de l\u00f8srivelses- og glidekr\u00e6fter for at evaluere stemplets funktionalitet i den virkelige verden. <strong data-start=\"1492\" data-end=\"1507\">ISO 11040-4<\/strong> stiller lignende krav til genopfyldelige spr\u00f8jter og l\u00e6gger v\u00e6gt p\u00e5 sikker, p\u00e5lidelig og ensartet l\u00e6gemiddelafgivelse. Begge standarder fremh\u00e6ver behovet for korrekt testhastighed, typisk <strong data-start=\"1685\" data-end=\"1699\">100 mm\/min<\/strong>, med fleksibilitet baseret p\u00e5 spr\u00f8jtedesign eller anvendelse. For at opfange spidsbelastninger n\u00f8jagtigt er samplingshastigheder p\u00e5 op til <strong data-start=\"1814\" data-end=\"1824\">500 Hz<\/strong> anbefales, is\u00e6r n\u00e5r man skal opdage sm\u00e5 variationer i sm\u00f8ring eller interaktion mellem stempel og t\u00f8nde.<\/p>\n<hr \/>\n<h2 data-start=\"1335\" data-end=\"1933\">Faktorer, der p\u00e5virker glidekraft og l\u00f8srivelseskraft<\/h2>\n<p data-start=\"1993\" data-end=\"2048\">Flere faktorer p\u00e5virker stemplets bev\u00e6gelseskraft:<\/p>\n<ul data-start=\"2050\" data-end=\"2463\">\n<li data-start=\"2050\" data-end=\"2153\">\n<p data-start=\"2052\" data-end=\"2153\"><strong data-start=\"2052\" data-end=\"2075\">Sm\u00f8ringens kvalitet<\/strong>: Silikoneolie eller andre sm\u00f8remidler p\u00e5virker b\u00e5de l\u00f8srivelses- og glidekraften.<\/p>\n<\/li>\n<li data-start=\"2154\" data-end=\"2250\">\n<p data-start=\"2156\" data-end=\"2250\"><strong data-start=\"2156\" data-end=\"2199\">Materiale og dimensioner for stempelprop<\/strong>: Variationer kan \u00e6ndre friktionsegenskaberne.<\/p>\n<\/li>\n<li data-start=\"2251\" data-end=\"2344\">\n<p data-start=\"2253\" data-end=\"2344\"><strong data-start=\"2253\" data-end=\"2291\">Geometri og finish af spr\u00f8jtebeholder<\/strong>: Pr\u00e6cision og j\u00e6vnhed i stempelbev\u00e6gelsen.<\/p>\n<\/li>\n<li data-start=\"2345\" data-end=\"2463\">\n<p data-start=\"2347\" data-end=\"2463\"><strong data-start=\"2347\" data-end=\"2393\">Sterilisering og milj\u00f8forhold<\/strong>: Varme, fugtighed og steriliseringsprocesser kan \u00e6ndre ydeevnen.<\/p>\n<\/li>\n<\/ul>\n<p data-start=\"2465\" data-end=\"2606\">Kontrol af disse variabler sikrer konsistens og overholdelse af lovgivningen, hvilket reducerer risikoen for ubehag for brugeren, doseringsfejl eller l\u00e6kage.<\/p>\n<hr \/>\n<h2 data-start=\"2465\" data-end=\"2606\">Anbefalet testprocedure<\/h2>\n<p data-start=\"2644\" data-end=\"2715\">I henhold til USP 382 og ISO 11040-4 omfatter en typisk testprocedure:<\/p>\n<ol data-start=\"2717\" data-end=\"3393\">\n<li data-start=\"2717\" data-end=\"2824\">\n<p data-start=\"2720\" data-end=\"2824\"><strong data-start=\"2720\" data-end=\"2744\">S\u00e6t spr\u00f8jten sammen<\/strong> med stempelprop og stang, ved hj\u00e6lp af inds\u00e6ttelse af udluftningsr\u00f8r eller vakuumprop.<\/p>\n<\/li>\n<li data-start=\"2825\" data-end=\"2884\">\n<p data-start=\"2828\" data-end=\"2884\"><strong data-start=\"2828\" data-end=\"2858\">Fjern beskyttende lukninger<\/strong> s\u00e5som n\u00e5leskjold.<\/p>\n<\/li>\n<li data-start=\"2885\" data-end=\"2991\">\n<p data-start=\"2888\" data-end=\"2991\"><strong data-start=\"2888\" data-end=\"2909\">Placer spr\u00f8jten<\/strong> i en adapter af passende st\u00f8rrelse i en tr\u00e6k-\/tryktestmaskine.<\/p>\n<\/li>\n<li data-start=\"2992\" data-end=\"3081\">\n<p data-start=\"2995\" data-end=\"3081\"><strong data-start=\"2995\" data-end=\"3017\">Indstil testhastigheden<\/strong> til de anbefalede 100 mm\/min eller efter aftale med kunden.<\/p>\n<\/li>\n<li data-start=\"3082\" data-end=\"3162\">\n<p data-start=\"3085\" data-end=\"3162\"><strong data-start=\"3085\" data-end=\"3114\">M\u00e5l l\u00f8srivningskraften<\/strong> ved det punkt, hvor stemplet begynder at bev\u00e6ge sig.<\/p>\n<\/li>\n<li data-start=\"3163\" data-end=\"3280\">\n<p data-start=\"3166\" data-end=\"3280\"><strong data-start=\"3166\" data-end=\"3187\">Forts\u00e6t testen<\/strong> for at registrere glidekraften gennem hele slagl\u00e6ngden, indtil stemplet n\u00e5r cylinderens skulder.<\/p>\n<\/li>\n<li data-start=\"3281\" data-end=\"3393\">\n<p data-start=\"3284\" data-end=\"3393\"><strong data-start=\"3284\" data-end=\"3304\">Dokumenter resultater<\/strong>, herunder maksimale og gennemsnitlige kr\u00e6fter, antal pr\u00f8ver og eventuelle observerede afvigelser.<\/p>\n<\/li>\n<\/ol>\n<p data-start=\"3395\" data-end=\"3530\">N\u00f8jagtig og gentagelig testning giver indsigt i spr\u00f8jtedesign, sm\u00f8ringseffektivitet og generel funktionel egnethed.<\/p>\n<hr \/>\n<h2 data-start=\"3395\" data-end=\"3530\">Anbefaling af udstyr<\/h2>\n<p data-start=\"3563\" data-end=\"3688\">Til pr\u00e6cis og effektiv testning er <strong data-start=\"3602\" data-end=\"3652\">Cell Instruments MST-01 Medicinsk spr\u00f8jtetester<\/strong> kan varmt anbefales. Den tilbyder:<\/p>\n<ul data-start=\"3690\" data-end=\"3941\">\n<li data-start=\"3690\" data-end=\"3760\">\n<p data-start=\"3692\" data-end=\"3760\">H\u00f8jhastighedssampling p\u00e5 op til 500 Hz for n\u00f8jagtig registrering af spidskraft<\/p>\n<\/li>\n<li data-start=\"3761\" data-end=\"3829\">\n<p data-start=\"3763\" data-end=\"3829\">Justerbare testhastigheder til overholdelse af USP- og ISO-standarder<\/p>\n<\/li>\n<li data-start=\"3830\" data-end=\"3878\">\n<p data-start=\"3832\" data-end=\"3878\">Adaptere til forskellige spr\u00f8jtest\u00f8rrelser og -typer<\/p>\n<\/li>\n<li data-start=\"3879\" data-end=\"3941\">\n<p data-start=\"3881\" data-end=\"3941\">Automatiseret rapportering og sporbarhed til kvalitetssikring<\/p>\n<\/li>\n<\/ul>\n<p data-start=\"3943\" data-end=\"4079\">Integrering af MST-01 i produktions- eller QC-processer sikrer p\u00e5lidelig, konsekvent og overensstemmende test af spr\u00f8jtestemplets ydeevne.<\/p>\n<hr \/>\n<h2 data-start=\"3943\" data-end=\"4079\">Konklusion<\/h2>\n<p>Overv\u00e5gning <strong data-start=\"4109\" data-end=\"4146\">glidekraft og l\u00f8srivelseskraft<\/strong> er afg\u00f8rende for spr\u00f8jternes anvendelighed, patientsikkerhed og overholdelse af lovgivningen. Ved at f\u00f8lge USP 382- og ISO 11040-4-standarderne og bruge pr\u00e6cist udstyr som MST-01 kan producenterne optimere stemplets ydeevne, reducere variabiliteten og levere p\u00e5lidelige spr\u00f8jter af h\u00f8j kvalitet til markedet.<\/p>\n<hr \/>\n<h2>Ofte stillede sp\u00f8rgsm\u00e5l<\/h2>\n<p data-start=\"90\" data-end=\"421\"><strong data-start=\"90\" data-end=\"140\">1. Hvad er glidekraft og l\u00f8srivelseskraft?<\/strong><br data-start=\"140\" data-end=\"143\" \/>Glidekraften refererer til den kontinuerlige modstand, som spr\u00f8jtestemplet m\u00f8der, n\u00e5r det begynder at bev\u00e6ge sig, mens l\u00f8srivelseskraften er den indledende kraft, der er n\u00f8dvendig for at overvinde statisk friktion i starten af stemplets bev\u00e6gelse. Begge kr\u00e6fter p\u00e5virker spr\u00f8jtens anvendelighed og doseringsn\u00f8jagtighed.<\/p>\n<p data-start=\"423\" data-end=\"739\"><strong data-start=\"423\" data-end=\"477\">2. Hvorfor er det n\u00f8dvendigt med en test af stemplets bev\u00e6gelseskraft?<\/strong><br data-start=\"477\" data-end=\"480\" \/>Testen af stemplets bev\u00e6gelseskraft evaluerer stemplets modstand inde i spr\u00f8jten, herunder l\u00f8srivelses- og glidekr\u00e6fter. Den sikrer, at spr\u00f8jterne er sikre, p\u00e5lidelige og i overensstemmelse med <strong data-start=\"676\" data-end=\"687\">USP 382<\/strong> og <strong data-start=\"692\" data-end=\"707\">ISO 11040-4<\/strong> standarder til brug i den virkelige verden.<\/p>\n<p data-start=\"741\" data-end=\"1067\"><strong data-start=\"741\" data-end=\"821\">3. Hvilket udstyr er n\u00f8dvendigt for at teste glidekraft og l\u00f8srivelseskraft?<\/strong><br data-start=\"821\" data-end=\"824\" \/>H\u00f8jpr\u00e6cisionsudstyr som f.eks. <strong data-start=\"862\" data-end=\"912\">Cell-instrumenter <a href=\"https:\/\/www.qualitester.com\/da\/?s=MST-01\" target=\"_blank\" rel=\"noopener\">MST-01 Medicinsk spr\u00f8jtetester<\/a><\/strong>, anbefales. Den har justerbare testhastigheder, h\u00f8je pr\u00f8vetagningshastigheder og alsidige spr\u00f8jteadaptere for at sikre n\u00f8jagtige og gentagelige m\u00e5linger.<\/p>\n<p data-start=\"1069\" data-end=\"1367\"><strong data-start=\"1069\" data-end=\"1127\">4. Hvordan p\u00e5virker testresultaterne kvalitetskontrollen af spr\u00f8jter?<\/strong><br data-start=\"1127\" data-end=\"1130\" \/>Resultaterne hj\u00e6lper med at verificere sm\u00f8ringens effektivitet, stempeldesign, spr\u00f8jtegeometri og produktionskonsistens. Korrekt testning reducerer doseringsfejl, l\u00e6kage eller ubehag for brugeren og sikrer, at produktet lever op til sikkerheds- og kvalitetsstandarder.<\/p>\n<p data-start=\"1369\" data-end=\"1663\"><strong data-start=\"1369\" data-end=\"1428\">5. Hvordan skal man v\u00e6lge testhastighed og samplingsfrekvens?<\/strong><br data-start=\"1428\" data-end=\"1431\" \/>En typisk testhastighed er <strong data-start=\"1455\" data-end=\"1469\">100 mm\/min<\/strong>, kan justeres i henhold til spr\u00f8jtens design. En pr\u00f8veudtagningshastighed p\u00e5 <strong data-start=\"1530\" data-end=\"1540\">500 Hz<\/strong> anbefales for n\u00f8jagtigt at registrere spidsbelastninger og evaluere subtile forskelle i sm\u00f8ring og stemplets ydeevne.<\/p>","protected":false},"excerpt":{"rendered":"<p>N\u00f8jagtig m\u00e5ling af glidekraft og l\u00f8srivelseskraft er afg\u00f8rende for at evaluere spr\u00f8jtens ydeevne og sikre patientsikkerheden. Disse parametre bestemmer, hvor let og konsekvent stemplet bev\u00e6ger sig under injektion, hvilket direkte p\u00e5virker anvendeligheden, dosisn\u00f8jagtigheden og overholdelsen af internationale standarder som USP 382 og ISO 11040-4. Ved at forst\u00e5 disse kr\u00e6fter kan producenter og kvalitetsansvarlige ...<\/p>\n<p class=\"read-more\"> <a class=\"\" href=\"https:\/\/www.qualitester.com\/da\/applications\/glide-force-and-break-loose-force\/\"> <span class=\"screen-reader-text\">Test af glidekraft og l\u00f8srivelseskraft i spr\u00f8jter<\/span> L\u00e6s mere \"<\/a><\/p>","protected":false},"author":3,"featured_media":0,"parent":6794,"menu_order":0,"comment_status":"closed","ping_status":"closed","template":"","meta":{"site-sidebar-layout":"default","site-content-layout":"default","ast-global-header-display":"","ast-main-header-display":"","ast-hfb-above-header-display":"","ast-hfb-below-header-display":"","ast-hfb-mobile-header-display":"","site-post-title":"","ast-breadcrumbs-content":"","ast-featured-img":"","footer-sml-layout":"","theme-transparent-header-meta":"default","adv-header-id-meta":"","stick-header-meta":"","header-above-stick-meta":"","header-main-stick-meta":"","header-below-stick-meta":"","footnotes":""},"class_list":["post-7439","page","type-page","status-publish","hentry"],"_links":{"self":[{"href":"https:\/\/www.qualitester.com\/da\/wp-json\/wp\/v2\/pages\/7439","targetHints":{"allow":["GET"]}}],"collection":[{"href":"https:\/\/www.qualitester.com\/da\/wp-json\/wp\/v2\/pages"}],"about":[{"href":"https:\/\/www.qualitester.com\/da\/wp-json\/wp\/v2\/types\/page"}],"author":[{"embeddable":true,"href":"https:\/\/www.qualitester.com\/da\/wp-json\/wp\/v2\/users\/3"}],"replies":[{"embeddable":true,"href":"https:\/\/www.qualitester.com\/da\/wp-json\/wp\/v2\/comments?post=7439"}],"version-history":[{"count":0,"href":"https:\/\/www.qualitester.com\/da\/wp-json\/wp\/v2\/pages\/7439\/revisions"}],"up":[{"embeddable":true,"href":"https:\/\/www.qualitester.com\/da\/wp-json\/wp\/v2\/pages\/6794"}],"wp:attachment":[{"href":"https:\/\/www.qualitester.com\/da\/wp-json\/wp\/v2\/media?parent=7439"}],"curies":[{"name":"wp","href":"https:\/\/api.w.org\/{rel}","templated":true}]}}