{"id":7328,"date":"2025-07-31T13:49:15","date_gmt":"2025-07-31T05:49:15","guid":{"rendered":"https:\/\/www.qualitester.com\/?page_id=7328"},"modified":"2025-07-31T13:52:22","modified_gmt":"2025-07-31T05:52:22","slug":"usp-1217","status":"publish","type":"page","link":"https:\/\/www.qualitester.com\/da\/standards\/usp-1217\/","title":{"rendered":"USP 1217"},"content":{"rendered":"<h1 style=\"text-align: center;\" data-start=\"529\" data-end=\"1070\"><strong data-start=\"529\" data-end=\"599\">\u00a0USP 1217<\/strong><\/h1>\n<h2 style=\"text-align: center;\" data-start=\"529\" data-end=\"1070\"><strong data-start=\"529\" data-end=\"599\">Standarden for test af tabletstyrke<\/strong><\/h2>\n<p data-start=\"529\" data-end=\"1070\"><br data-start=\"599\" data-end=\"602\" \/>I farmaceutisk produktion, <strong data-start=\"632\" data-end=\"652\">tablettens integritet<\/strong> handler ikke kun om udseende - det har direkte indflydelse p\u00e5 effektivitet, stabilitet og patientoplevelse. <strong data-start=\"750\" data-end=\"764\">USP .<\/strong> etablerer en omfattende ramme for evaluering af tablettens mekaniske styrke med fokus p\u00e5 <strong data-start=\"858\" data-end=\"877\">Tablettens h\u00e5rdhed<\/strong>, <strong data-start=\"879\" data-end=\"897\">Brudkraft<\/strong>og strukturel holdbarhed. Disse parametre styrer formuleringen, informerer om kvalitetskontrollen og sikrer, at tabletterne kan modst\u00e5 fremstilling og h\u00e5ndtering i den virkelige verden uden at fejle.<\/p>\n<p data-start=\"1072\" data-end=\"1318\">Moderne instrumentering - som Cell Instruments' <strong data-start=\"1118\" data-end=\"1151\">MPT-02 Tablet-h\u00e5rdhedstester<\/strong>-giver producenterne mulighed for at udf\u00f8re disse tests med pr\u00e6cision og gentagelsesn\u00f8jagtighed i overensstemmelse med USP , samtidig med at de underst\u00f8tter proceseffektivitet og overholdelse af lovgivningen.<\/p>\n<hr data-start=\"1320\" data-end=\"1323\" \/>\n<h2 data-start=\"1325\" data-end=\"1398\"><strong data-start=\"1325\" data-end=\"1396\">Kritiske testprotokoller: Fra tablet-h\u00e5rdhedstest til skr\u00f8belighed<\/strong><\/h2>\n<p>&nbsp;<\/p>\n<h3 data-start=\"1400\" data-end=\"1810\"><strong data-start=\"1400\" data-end=\"1467\">Tablet-h\u00e5rdhedstest og brudtest: Hvorfor brudstyrke betyder noget<\/strong><\/h3>\n<h2 style=\"text-align: center;\" data-start=\"529\" data-end=\"1070\"><strong style=\"font-size: 27.2px;\" data-start=\"529\" data-end=\"599\"><img decoding=\"async\" class=\"wp-image-7332 alignright\" src=\"https:\/\/www.qualitester.com\/wp-content\/uploads\/2025\/07\/usp1217-tablet-hardness_11zon-150x150.webp\" alt=\"USP 1217 med tablet-h\u00e5rdhedstester\" width=\"212\" height=\"212\" srcset=\"https:\/\/www.qualitester.com\/wp-content\/uploads\/2025\/07\/usp1217-tablet-hardness_11zon-150x150.webp 150w, https:\/\/www.qualitester.com\/wp-content\/uploads\/2025\/07\/usp1217-tablet-hardness_11zon-300x300.webp 300w, https:\/\/www.qualitester.com\/wp-content\/uploads\/2025\/07\/usp1217-tablet-hardness_11zon-100x100.webp 100w\" sizes=\"(max-width: 212px) 100vw, 212px\" \/><\/strong><\/h2>\n<p data-start=\"1400\" data-end=\"1810\">Den <strong data-start=\"1474\" data-end=\"1498\">Test af tablettens h\u00e5rdhed<\/strong> handler ikke kun om at m\u00e5le overflademodstand. I forbindelse med USP  henviser det til <strong data-start=\"1595\" data-end=\"1609\">Pausetest<\/strong>-den trykkraft, der skal til for at br\u00e6kke en tablet. Denne kraft, ogs\u00e5 kaldet <strong data-start=\"1689\" data-end=\"1717\">tablettens knusningsstyrke<\/strong>giver indsigt i intern binding, ensartethed i kompression og formuleringens ydeevne.<\/p>\n<p data-start=\"1812\" data-end=\"2215\">Den <a href=\"https:\/\/www.qualitester.com\/da\/tablet-hardness-test\/\" target=\"_blank\" rel=\"noopener\"><strong data-start=\"1816\" data-end=\"1849\">MPT-02 Tablet-h\u00e5rdhedstester<\/strong><\/a>med en digital kraftsensor og konstant pladebev\u00e6gelse er skr\u00e6ddersyet til s\u00e5danne analyser. Den registrerer den maksimale kraft, der p\u00e5f\u00f8res en pr\u00f8ve, der placeres mellem to plader, og hj\u00e6lper brugerne med at afg\u00f8re, om tabletten opfylder de kr\u00e6vede styrkestandarder. Testen er is\u00e6r vigtig for tyggetabletter, overtrukne tabletter eller rillede tabletter, hvor brud kan \u00e6ndre l\u00e6gemiddelafgivelsen eller doseringsn\u00f8jagtigheden.<\/p>\n<hr data-start=\"2217\" data-end=\"2220\" \/>\n<h2 data-start=\"2222\" data-end=\"2578\"><strong data-start=\"2222\" data-end=\"2288\">Tablettens sk\u00f8rhed: Mekanisk robusthed ud over kompression\u00a0\u00a0<\/strong><\/h2>\n<p data-start=\"2222\" data-end=\"2578\"><br data-start=\"2288\" data-end=\"2291\" \/>Mens brudstyrken tester modstanden mod direkte tryk, <strong data-start=\"2353\" data-end=\"2373\">Spr\u00f8dhedstest<\/strong> simulere slid og overfladestress under h\u00e5ndtering. I henhold til USP , som supplerer USP , tromles tabletter inde i en roterende tromle for at m\u00e5le <strong data-start=\"2537\" data-end=\"2577\">v\u00e6gttab fra sk\u00e5r eller erosion<\/strong>.<\/p>\n<p data-start=\"2580\" data-end=\"2841\">Spr\u00f8dhed er afg\u00f8rende, n\u00e5r man vurderer skr\u00f8belige formuleringer eller tabletter med overfladebel\u00e6gning. Overdreven sk\u00f8rhed tyder p\u00e5, at en tablet kan smuldre under emballering, forsendelse eller administration. A <strong data-start=\"2781\" data-end=\"2814\">v\u00e6gttab st\u00f8rre end 1,0%<\/strong> er typisk uacceptabelt.<\/p>\n<p data-start=\"2843\" data-end=\"3138\">For producenter, der \u00f8nsker at minimere problemer med spr\u00f8dhed, er det afg\u00f8rende at justere bindemiddelkoncentrationer, optimere kompressionskr\u00e6fter eller forfine tabletformen. Disse justeringer b\u00f8r altid verificeres ved hj\u00e6lp af <strong data-start=\"3048\" data-end=\"3078\">en kalibreret tablet-tester<\/strong> for at forhindre overkorrektion, der kan hindre opl\u00f8sning.<\/p>\n<hr data-start=\"3140\" data-end=\"3143\" \/>\n<h2 data-start=\"3145\" data-end=\"3595\"><strong data-start=\"3145\" data-end=\"3218\">B\u00f8jningstest og test af tablettens sk\u00f8rhed: Avanceret strukturel indsigt<\/strong><\/h2>\n<p data-start=\"3145\" data-end=\"3595\"><br data-start=\"3218\" data-end=\"3221\" \/>Ikke alle tablets fejler p\u00e5 samme m\u00e5de. Nogle udviser <strong data-start=\"3272\" data-end=\"3291\">sk\u00f8rt svigt<\/strong>En del revner under minimal belastning, mens andre b\u00f8jer eller deformeres. Det er her, en <strong data-start=\"3369\" data-end=\"3385\">b\u00f8jningstest<\/strong>-ofte en <strong data-start=\"3394\" data-end=\"3422\">Trepunktsb\u00f8jningstest<\/strong>-bliver v\u00e6rdifuld. Den evaluerer, hvordan tablets opf\u00f8rer sig under b\u00f8jningskr\u00e6fter ved at simulere h\u00e5ndteringsscenarier, der komprimerer tabletten p\u00e5 den ene side og str\u00e6kker den p\u00e5 den anden.<\/p>\n<p data-start=\"3597\" data-end=\"3937\">Den <strong data-start=\"3601\" data-end=\"3628\">Test af tablettens sk\u00f8rhed<\/strong> evaluerer brudadf\u00e6rd p\u00e5 tv\u00e6rs af forskellige belastningshastigheder. Hvis en formulering er tilb\u00f8jelig til at blive sk\u00f8r, kan den revne under automatisk fodring eller blisterpakning. B\u00f8jningstest anbefales is\u00e6r til aflange eller kapselformede tabletter, hvor diametral kompression m\u00e5ske ikke giver p\u00e5lidelige resultater.<\/p>\n<div class=\"ast-oembed-container\" style=\"height: 100%;\"><iframe title=\"Test af tablettens h\u00e5rdhed Test af kompressionsh\u00e5rdhed for medicintabletter\" width=\"500\" height=\"281\" src=\"https:\/\/www.youtube.com\/embed\/uYgafVVSvpY?feature=oembed\" frameborder=\"0\" allow=\"accelerometer; autoplay; clipboard-write; encrypted-media; gyroscope; picture-in-picture; web-share\" referrerpolicy=\"strict-origin-when-cross-origin\" allowfullscreen><\/iframe><\/div>\n<hr data-start=\"3939\" data-end=\"3942\" \/>\n<h2 data-start=\"3944\" data-end=\"4293\"><strong data-start=\"3944\" data-end=\"4007\">Test af tablettens knusningsstyrke: F\u00e5 de rigtige m\u00e5linger<\/strong><\/h2>\n<p data-start=\"3944\" data-end=\"4293\"><br data-start=\"4007\" data-end=\"4010\" \/>Mens USP-standarden frar\u00e5der at bruge \"h\u00e5rdhed\" som et generisk udtryk, <strong data-start=\"4075\" data-end=\"4096\">Knusningsstyrke<\/strong> er stadig en bredt anerkendt deskriptor til m\u00e5ling af <strong data-start=\"4154\" data-end=\"4204\">kraft, der skal til for at komprimere og br\u00e6kke en tablet<\/strong>. N\u00f8glevariablerne i denne test omfatter pladehastighed, tabletgeometri og st\u00f8tteanordninger.<\/p>\n<p data-start=\"4295\" data-end=\"4602\">Konsistens er n\u00f8glen. Resultaterne skal registreres i newton (N), og udstyret skal opretholde en <strong data-start=\"4386\" data-end=\"4411\">konstant belastningshastighed<\/strong>. Instrumenter som f.eks. <strong data-start=\"4434\" data-end=\"4467\">MPT-02 <\/strong>\u00a0justerer automatisk hastigheden og indsamler data i realtid, hvilket minimerer operat\u00f8rfejl og sikrer overholdelse af farmakop\u00e9protokoller.<\/p>\n<hr data-start=\"4604\" data-end=\"4607\" \/>\n<h2 data-start=\"4609\" data-end=\"4960\"><strong data-start=\"4609\" data-end=\"4662\">Hvorfor tablet-test er afg\u00f8rende for din virksomhed<\/strong><\/h2>\n<p data-start=\"4609\" data-end=\"4960\"><br data-start=\"4662\" data-end=\"4665\" \/>For QA-teams, R&amp;D-afdelinger og produktionsingeni\u00f8rer er det vigtigt at forst\u00e5 og anvende <strong data-start=\"4749\" data-end=\"4763\">USP .<\/strong>\u00a0 Testmetoder hj\u00e6lper med at identificere svagheder i formuleringen, f\u00f8r tabletterne kommer p\u00e5 markedet. Korrekt testning reducerer ogs\u00e5 antallet af returneringer, underst\u00f8tter lovpligtige audits og \u00f8ger tilliden til produktkvaliteten.<\/p>\n<p data-start=\"4962\" data-end=\"5333\">Hos Cell Instruments tilbyder vi mere end bare p\u00e5lidelige testere - vi leverer <strong data-start=\"5035\" data-end=\"5057\">skr\u00e6ddersyede l\u00f8sninger<\/strong> for kunder inden for medicinalindustrien, medicinsk emballage og materialevidenskab. Uanset om du evaluerer <strong data-start=\"5168\" data-end=\"5190\">Tablettens sk\u00f8rhed<\/strong>, gennemf\u00f8re <strong data-start=\"5203\" data-end=\"5223\">Spr\u00f8dhedstest<\/strong>eller validering <strong data-start=\"5239\" data-end=\"5260\">Knusningsstyrke<\/strong>Vores instrumenter underst\u00f8tter n\u00f8jagtige, reproducerbare m\u00e5linger hver gang.<\/p>\n<hr data-start=\"5335\" data-end=\"5338\" \/>\n<h2 data-start=\"5340\" data-end=\"5793\"><strong data-start=\"5340\" data-end=\"5416\">Konklusion: Bring pr\u00e6cision til din tablet-testning med Cell Instruments<\/strong><\/h2>\n<p data-start=\"5340\" data-end=\"5793\"><br data-start=\"5416\" data-end=\"5419\" \/>Fra <strong data-start=\"5424\" data-end=\"5438\">Pausetest<\/strong> til <strong data-start=\"5442\" data-end=\"5458\">b\u00f8jningstest<\/strong>og fra <strong data-start=\"5469\" data-end=\"5488\">H\u00e5rdhed<\/strong> til <strong data-start=\"5492\" data-end=\"5506\">Spr\u00f8dhed<\/strong>Hver mekanisk evaluering giver kritisk indsigt i de faste doseringsformers fysiske ydeevne. Ved at f\u00f8lge <strong data-start=\"5628\" data-end=\"5642\">USP .<\/strong> og integrere avancerede l\u00f8sninger som f.eks. <a href=\"https:\/\/www.celtec.cn\/newsinfo\/7623506.html\" target=\"_blank\" rel=\"noopener nofollow\"><strong data-start=\"5687\" data-end=\"5720\">MPT-02 Tablet-h\u00e5rdhedstester<\/strong><\/a>kan producenterne sikre, at tabletterne er robuste, konsistente og i overensstemmelse med reglerne.<\/p>\n<p data-start=\"5795\" data-end=\"6005\">Hvis du er ved at optimere en produktionslinje eller udvikle nye formuleringer, s\u00e5 kontakt <strong data-start=\"5874\" data-end=\"5904\">Cell Instruments Co., Ltd.<\/strong> for professionel support og h\u00f8jtydende testinstrumenter, der tilpasser sig dine skiftende behov.<\/p>\n<p data-start=\"5795\" data-end=\"6005\">","protected":false},"excerpt":{"rendered":"<p>\u00a0USP 1217 The Standard for Tablet Strength Testing In pharmaceutical production, tablet integrity is not just about appearance\u2014it directly influences efficacy, stability, and patient experience. USP &lt;1217&gt; establishes a comprehensive framework for evaluating tablet mechanical strength, focusing on tablet hardness, breaking force, and structural durability. These metrics guide formulation, inform quality control, and ensure tablets &hellip;<\/p>\n<p class=\"read-more\"> <a class=\"\" href=\"https:\/\/www.qualitester.com\/da\/standards\/usp-1217\/\"> <span class=\"screen-reader-text\">USP 1217<\/span> L\u00e6s mere \"<\/a><\/p>","protected":false},"author":3,"featured_media":0,"parent":4948,"menu_order":0,"comment_status":"closed","ping_status":"closed","template":"","meta":{"site-sidebar-layout":"default","site-content-layout":"default","ast-global-header-display":"","ast-main-header-display":"","ast-hfb-above-header-display":"","ast-hfb-below-header-display":"","ast-hfb-mobile-header-display":"","site-post-title":"","ast-breadcrumbs-content":"","ast-featured-img":"","footer-sml-layout":"","theme-transparent-header-meta":"default","adv-header-id-meta":"","stick-header-meta":"","header-above-stick-meta":"","header-main-stick-meta":"","header-below-stick-meta":"","footnotes":""},"class_list":["post-7328","page","type-page","status-publish","hentry"],"_links":{"self":[{"href":"https:\/\/www.qualitester.com\/da\/wp-json\/wp\/v2\/pages\/7328","targetHints":{"allow":["GET"]}}],"collection":[{"href":"https:\/\/www.qualitester.com\/da\/wp-json\/wp\/v2\/pages"}],"about":[{"href":"https:\/\/www.qualitester.com\/da\/wp-json\/wp\/v2\/types\/page"}],"author":[{"embeddable":true,"href":"https:\/\/www.qualitester.com\/da\/wp-json\/wp\/v2\/users\/3"}],"replies":[{"embeddable":true,"href":"https:\/\/www.qualitester.com\/da\/wp-json\/wp\/v2\/comments?post=7328"}],"version-history":[{"count":0,"href":"https:\/\/www.qualitester.com\/da\/wp-json\/wp\/v2\/pages\/7328\/revisions"}],"up":[{"embeddable":true,"href":"https:\/\/www.qualitester.com\/da\/wp-json\/wp\/v2\/pages\/4948"}],"wp:attachment":[{"href":"https:\/\/www.qualitester.com\/da\/wp-json\/wp\/v2\/media?parent=7328"}],"curies":[{"name":"wp","href":"https:\/\/api.w.org\/{rel}","templated":true}]}}