{"id":7013,"date":"2025-07-16T14:16:12","date_gmt":"2025-07-16T06:16:12","guid":{"rendered":"https:\/\/www.qualitester.com\/?page_id=7013"},"modified":"2025-07-23T14:24:59","modified_gmt":"2025-07-23T06:24:59","slug":"needle-sharpness-testing","status":"publish","type":"page","link":"https:\/\/www.qualitester.com\/da\/applications\/needle-sharpness-testing\/","title":{"rendered":"Test af n\u00e5lens skarphed og gennemtr\u00e6ngelighed"},"content":{"rendered":"<h1 style=\"text-align: center;\" data-start=\"370\" data-end=\"882\">Test af n\u00e5leskarphed<\/h1>\n<h1 style=\"text-align: center;\" data-start=\"370\" data-end=\"882\"><\/h1>\n<p data-start=\"407\" data-end=\"827\">I en verden af produktion af medicinsk udstyr, <strong data-start=\"453\" data-end=\"481\">Test af n\u00e5leskarphed<\/strong> er et kritisk kvalitetskontroltrin, der sikrer sikker og effektiv brug af n\u00e5le i kliniske anvendelser. Uanset om en n\u00e5l bruges til indspr\u00f8jtninger, suturering eller levering af medicin, er dens ydeevne st\u00e6rkt afh\u00e6ngig af dens skarphed. D\u00e5rligt fremstillede eller sl\u00f8ve n\u00e5le kan f\u00f8re til ubehag for patienten, v\u00e6vstraumer og reduceret behandlingseffektivitet.<\/p>\n<p data-start=\"829\" data-end=\"1250\">For producenter og fagfolk inden for kvalitetskontrol er det vigtigt at forst\u00e5 principperne for skarphed og <strong data-start=\"928\" data-end=\"960\">Test af n\u00e5lens gennemtr\u00e6ngelighed<\/strong>-is\u00e6r i overensstemmelse med <strong data-start=\"993\" data-end=\"1005\">ISO 7864<\/strong>, <a href=\"https:\/\/www.qualitester.com\/da\/vare-kategori\/iso\/iso-11040-4\/\" target=\"_blank\" rel=\"noopener\"><strong data-start=\"1007\" data-end=\"1022\">ISO 11040-4<\/strong><\/a>, og <strong data-start=\"1028\" data-end=\"1042\">ISO 8871-5<\/strong>-er afg\u00f8rende. Denne artikel beskriver testmetoderne, vigtigheden og instrumenteringen i forbindelse med test af n\u00e5lens ydeevne og guider dig gennem de vigtigste fremgangsm\u00e5der for at opn\u00e5 p\u00e5lidelige resultater, der overholder reglerne.<\/p>\n<hr \/>\n<h2>Hvorfor test af n\u00e5leskarphed er vigtig<\/h2>\n<p data-start=\"1298\" data-end=\"1502\">Medicinske fagfolk er afh\u00e6ngige af skarpe, pr\u00e6cise n\u00e5le for at minimere ubehag, reducere v\u00e6vsskader og sikre effektiv indtr\u00e6ngning. En d\u00e5rligt fremstillet n\u00e5l \u00f8ger indf\u00f8ringskraften, hvilket f\u00f8rer til:<\/p>\n<ul data-start=\"1504\" data-end=\"1663\">\n<li data-start=\"1504\" data-end=\"1531\">\n<p data-start=\"1506\" data-end=\"1531\"><strong data-start=\"1506\" data-end=\"1531\">Patientens smerte og frygt<\/strong><\/p>\n<\/li>\n<li data-start=\"1532\" data-end=\"1574\">\n<p data-start=\"1534\" data-end=\"1574\"><strong data-start=\"1534\" data-end=\"1574\">Forsinket heling p\u00e5 grund af v\u00e6vstraumer<\/strong><\/p>\n<\/li>\n<li data-start=\"1575\" data-end=\"1624\">\n<p data-start=\"1577\" data-end=\"1624\"><strong data-start=\"1577\" data-end=\"1624\">Nedsat n\u00f8jagtighed under medicinadministration<\/strong><\/p>\n<\/li>\n<li data-start=\"1625\" data-end=\"1663\">\n<p data-start=\"1627\" data-end=\"1663\"><strong data-start=\"1627\" data-end=\"1663\">Reduceret tillid til medicinsk udstyr<\/strong><\/p>\n<\/li>\n<\/ul>\n<p data-start=\"1665\" data-end=\"1842\">P\u00e5 den m\u00e5de, <strong data-start=\"1671\" data-end=\"1699\">Test af n\u00e5leskarphed<\/strong> handler ikke kun om komfort - det handler om <strong data-start=\"1736\" data-end=\"1789\">sikre klinisk sikkerhed og ensartethed i pr\u00e6stationerne<\/strong>, og <strong data-start=\"1795\" data-end=\"1841\">opfylder internationale reguleringsstandarder<\/strong>.<\/p>\n<hr \/>\n<h2 data-start=\"1401\" data-end=\"1548\">Teststandarder for n\u00e5leskarphed og gennemtr\u00e6ngelighed<\/h2>\n<p>Globale standarder giver klare testmetoder til n\u00f8jagtig evaluering af n\u00e5lens ydeevne:<\/p>\n<h3 data-start=\"1996\" data-end=\"2081\">Test af n\u00e5legennemtr\u00e6ngelighed for gummipropper - ISO 11040-4, ISO 7864, ISO 8871-5<\/h3>\n<p data-start=\"2083\" data-end=\"2353\"><strong data-start=\"2083\" data-end=\"2098\">ISO 11040-4<\/strong> og <strong data-start=\"2103\" data-end=\"2115\">ISO 7864<\/strong> beskrive standardiserede <strong data-start=\"2138\" data-end=\"2181\">Test af gennemtr\u00e6ngelighed for gummipropper<\/strong> og hypodermiske n\u00e5le. Disse tests simulerer punkteringsscenarier i den virkelige verden, hvor n\u00e5le skal gennembore h\u00e6tteglaslukninger af gummi eller lignende materialer under kontrollerede forhold.<\/p>\n<ul data-start=\"2355\" data-end=\"2800\">\n<li data-start=\"2355\" data-end=\"2495\">\n<p data-start=\"2357\" data-end=\"2495\"><strong data-start=\"2357\" data-end=\"2388\">M\u00e5ling af indf\u00f8ringskraft<\/strong>: N\u00e5lene stikkes ind i et gummi eller syntetisk testunderlag ved hj\u00e6lp af et kompressionssystem med konstant hastighed.<\/p>\n<\/li>\n<li data-start=\"2496\" data-end=\"2662\">\n<p data-start=\"2498\" data-end=\"2662\"><strong data-start=\"2498\" data-end=\"2527\">Substratets egenskaber<\/strong>: Materialerne kan omfatte latex (40 \u00b1 5 Shore A), polyuretan, silikonegummi eller LDPE-film for at efterligne gummipropper af medicinsk kvalitet.<\/p>\n<\/li>\n<li data-start=\"2663\" data-end=\"2800\">\n<p data-start=\"2665\" data-end=\"2800\"><strong data-start=\"2665\" data-end=\"2680\">Dataudgang<\/strong>: Testen m\u00e5ler den maksimale indtr\u00e6ngningskraft (indledende brudkraft) og glidefriktion under hele n\u00e5lens indf\u00f8ring.<\/p>\n<\/li>\n<\/ul>\n<p data-start=\"2802\" data-end=\"2842\">Disse standardiserede tests hj\u00e6lper med at bestemme:<\/p>\n<ul data-start=\"2844\" data-end=\"2986\">\n<li data-start=\"2844\" data-end=\"2890\">\n<p data-start=\"2846\" data-end=\"2890\">Om n\u00e5lespidsen er tilstr\u00e6kkelig skarp<\/p>\n<\/li>\n<li data-start=\"2891\" data-end=\"2936\">\n<p data-start=\"2893\" data-end=\"2936\">Hvor konsekvent fremstillingsprocessen er<\/p>\n<\/li>\n<li data-start=\"2937\" data-end=\"2986\">\n<p data-start=\"2939\" data-end=\"2986\">Kompatibilitet mellem n\u00e5l og gummilukning<\/p>\n<\/li>\n<\/ul>\n<hr \/>\n<h3>Udstyr og ops\u00e6tning til test af n\u00e5leskarphed<\/h3>\n<p data-start=\"3590\" data-end=\"3712\"><strong data-start=\"3590\" data-end=\"3635\">Cell Instruments\u2019 n\u00e5leskarphedstester<\/strong> giver pr\u00e6cisionstest i overensstemmelse med ISO- og ASTM-standarder. Det inkluderer:<\/p>\n<ul data-start=\"3714\" data-end=\"4127\">\n<li data-start=\"3714\" data-end=\"3830\">\n<p data-start=\"3716\" data-end=\"3830\"><strong data-start=\"3716\" data-end=\"3744\">System til m\u00e5ling af kraft<\/strong>: Belastningscelle, der kan opfange kr\u00e6fter helt ned til 0,01 N med et output i h\u00f8j opl\u00f8sning<\/p>\n<\/li>\n<li data-start=\"3831\" data-end=\"3914\">\n<p data-start=\"3833\" data-end=\"3914\"><strong data-start=\"3833\" data-end=\"3863\">Programmerbar hastighedskontrol<\/strong>: Opretholder den ISO-specificerede testhastighed p\u00e5 100 mm\/min.<\/p>\n<\/li>\n<li data-start=\"3915\" data-end=\"4022\">\n<p data-start=\"3917\" data-end=\"4022\"><strong data-start=\"3917\" data-end=\"3937\">Holder til substrat<\/strong>: Sikrer testmaterialer med et defineret gennemtr\u00e6ngningsvindue (typisk 10 mm i diameter)<\/p>\n<\/li>\n<li data-start=\"4023\" data-end=\"4127\">\n<p data-start=\"4025\" data-end=\"4127\"><strong data-start=\"4025\" data-end=\"4049\">7-tommers HMI-gr\u00e6nseflade<\/strong>: Muligg\u00f8r intuitiv testops\u00e6tning og analyse af kraftforskydningskurver i realtid<\/p>\n<\/li>\n<\/ul>\n<p data-start=\"4129\" data-end=\"4289\">Med st\u00f8tte til <strong data-start=\"4146\" data-end=\"4208\">flere n\u00e5lest\u00f8rrelser, stempeltyper og proppedesigns<\/strong>, Systemet kan ogs\u00e5 i h\u00f8j grad tilpasses til specialiserede R&amp;D- og QA-applikationer.<\/p>\n<hr \/>\n<h2 data-start=\"3068\" data-end=\"3163\">Fordele ved at overholde ISO 7864 og relaterede standarder<\/h2>\n<ul data-start=\"4358\" data-end=\"4725\">\n<li data-start=\"4358\" data-end=\"4447\">\n<p data-start=\"4360\" data-end=\"4447\"><strong data-start=\"4360\" data-end=\"4387\">Forbedret produktsikkerhed<\/strong>: Sikrer, at n\u00e5lene fungerer p\u00e5lideligt under kliniske forhold<\/p>\n<\/li>\n<li data-start=\"4448\" data-end=\"4531\">\n<p data-start=\"4450\" data-end=\"4531\"><strong data-start=\"4450\" data-end=\"4478\">Minimeret patienttraume<\/strong>: Optimeret n\u00e5ledesign for mindre smertefulde indstik<\/p>\n<\/li>\n<li data-start=\"4532\" data-end=\"4633\">\n<p data-start=\"4534\" data-end=\"4633\"><strong data-start=\"4534\" data-end=\"4563\">Konsistens i produktionen<\/strong>: Validerer spidsgeometri, overfladefinish og produktionens repeterbarhed<\/p>\n<\/li>\n<li data-start=\"4634\" data-end=\"4725\">\n<p data-start=\"4636\" data-end=\"4725\"><strong data-start=\"4636\" data-end=\"4668\">Global overholdelse af lovgivningen<\/strong>: Opfylder FDA, EU MDR og internationale revisionskrav<\/p>\n<\/li>\n<\/ul>\n<hr \/>\n<h2>Vigtige overvejelser i gennemtr\u00e6ngelighedstest for gummipropper<\/h2>\n<figure id=\"attachment_7014\" aria-describedby=\"caption-attachment-7014\" style=\"width: 286px\" class=\"wp-caption alignright\"><img fetchpriority=\"high\" decoding=\"async\" class=\"wp-image-7014\" src=\"https:\/\/www.qualitester.com\/wp-content\/uploads\/2025\/07\/3.needle-sharpness-tester_11zon-300x300.webp\" alt=\"Test af n\u00e5leskarphed og gennemtr\u00e6ngelighed for gummipropper er standardiseret i ISO 7864 for krav til injektionsn\u00e5lens punkteringskraft\uff0c, mens ISO 11040-4 specificerer gennemtr\u00e6ngelighedstest for fyldte spr\u00f8jtesystemer, suppleret med ISO 8871-5 for elastomeriske lukningsmaterialers egenskaber\u3002\" width=\"286\" height=\"286\" srcset=\"https:\/\/www.qualitester.com\/wp-content\/uploads\/2025\/07\/3.needle-sharpness-tester_11zon-300x300.webp 300w, https:\/\/www.qualitester.com\/wp-content\/uploads\/2025\/07\/3.needle-sharpness-tester_11zon-1024x1024.webp 1024w, https:\/\/www.qualitester.com\/wp-content\/uploads\/2025\/07\/3.needle-sharpness-tester_11zon-150x150.webp 150w, https:\/\/www.qualitester.com\/wp-content\/uploads\/2025\/07\/3.needle-sharpness-tester_11zon-768x768.webp 768w, https:\/\/www.qualitester.com\/wp-content\/uploads\/2025\/07\/3.needle-sharpness-tester_11zon-12x12.webp 12w, https:\/\/www.qualitester.com\/wp-content\/uploads\/2025\/07\/3.needle-sharpness-tester_11zon-600x600.webp 600w, https:\/\/www.qualitester.com\/wp-content\/uploads\/2025\/07\/3.needle-sharpness-tester_11zon-100x100.webp 100w, https:\/\/www.qualitester.com\/wp-content\/uploads\/2025\/07\/3.needle-sharpness-tester_11zon.webp 1080w\" sizes=\"(max-width: 286px) 100vw, 286px\" \/><figcaption id=\"caption-attachment-7014\" class=\"wp-caption-text\">Test af n\u00e5leskarphed<\/figcaption><\/figure>\n<p data-start=\"4797\" data-end=\"5091\">Som beskrevet i <a href=\"https:\/\/www.qualitester.com\/da\/vare-kategori\/iso\/iso-11040-4\/\" target=\"_blank\" rel=\"noopener\"><strong data-start=\"4812\" data-end=\"4827\">ISO 11040-4<\/strong><\/a>, Testning er ikke begr\u00e6nset til selve n\u00e5len - den omfatter ogs\u00e5 gummipropper og h\u00e6tteglaslukninger. Producenter af fyldte spr\u00f8jter og beholdere til injicerbare l\u00e6gemidler skal sikre, at <strong data-start=\"5007\" data-end=\"5037\">Interaktion mellem n\u00e5l og stopper<\/strong> ikke kompromitterer l\u00e6gemidlets integritet eller administration.<\/p>\n<p data-start=\"5093\" data-end=\"5116\">N\u00f8gleparametrene omfatter:<\/p>\n<ul data-start=\"5118\" data-end=\"5242\">\n<li data-start=\"5118\" data-end=\"5155\">\n<p data-start=\"5120\" data-end=\"5155\"><strong data-start=\"5120\" data-end=\"5155\">Proppens h\u00e5rdhed og elasticitet<\/strong><\/p>\n<\/li>\n<li data-start=\"5156\" data-end=\"5204\">\n<p data-start=\"5158\" data-end=\"5204\"><strong data-start=\"5158\" data-end=\"5204\">Kraft, der kr\u00e6ves for at tr\u00e6nge ind uden udboring<\/strong><\/p>\n<\/li>\n<li data-start=\"5205\" data-end=\"5242\">\n<p data-start=\"5207\" data-end=\"5242\"><strong data-start=\"5207\" data-end=\"5242\">Forseglingens integritet efter gennemtr\u00e6ngning<\/strong><\/p>\n<\/li>\n<\/ul>\n<p data-start=\"5244\" data-end=\"5380\"><strong data-start=\"5244\" data-end=\"5273\">Cell Instruments\u2019 systemer<\/strong> st\u00f8tte b\u00e5de <strong data-start=\"5287\" data-end=\"5317\">Test af n\u00e5le og propper<\/strong>, og tilbyder samlede l\u00f8sninger til end-to-end spr\u00f8jtevalidering.<\/p>\n<hr \/>\n<h2 data-start=\"3874\" data-end=\"4081\">Hvem b\u00f8r bruge udstyr til test af n\u00e5lespidser?<\/h2>\n<ul data-start=\"5442\" data-end=\"5646\">\n<li data-start=\"5442\" data-end=\"5476\">\n<p data-start=\"5444\" data-end=\"5476\"><strong data-start=\"5444\" data-end=\"5476\">Producenter af medicinsk udstyr<\/strong><\/p>\n<\/li>\n<li data-start=\"5477\" data-end=\"5506\">\n<p data-start=\"5479\" data-end=\"5506\"><strong data-start=\"5479\" data-end=\"5506\">OEM'er af spr\u00f8jter og kanyler<\/strong><\/p>\n<\/li>\n<li data-start=\"5507\" data-end=\"5547\">\n<p data-start=\"5509\" data-end=\"5547\"><strong data-start=\"5509\" data-end=\"5547\">Leverand\u00f8rer af farmaceutisk emballage<\/strong><\/p>\n<\/li>\n<li data-start=\"5548\" data-end=\"5589\">\n<p data-start=\"5550\" data-end=\"5589\"><strong data-start=\"5550\" data-end=\"5589\">Tredjeparts kvalitetsinspektionslaboratorier<\/strong><\/p>\n<\/li>\n<li data-start=\"5590\" data-end=\"5646\">\n<p data-start=\"5592\" data-end=\"5646\"><strong data-start=\"5592\" data-end=\"5646\">R&amp;D-centre, der udvikler nye systemer til levering af l\u00e6gemidler<\/strong><\/p>\n<\/li>\n<\/ul>\n<hr \/>\n<h2 data-start=\"4558\" data-end=\"4833\">Konklusion<\/h2>\n<p data-start=\"6104\" data-end=\"6539\">Efterh\u00e5nden som injicerbare behandlinger forts\u00e6tter med at udvikle sig, bliver <strong data-start=\"6160\" data-end=\"6188\">Test af n\u00e5leskarphed<\/strong> for at sikre udstyrets sikkerhed og ydeevne bliver mere afg\u00f8rende end nogensinde. Ved at overholde <strong data-start=\"6282\" data-end=\"6294\">ISO 7864<\/strong>, <strong data-start=\"6296\" data-end=\"6311\">ISO 11040-4<\/strong>, og <strong data-start=\"6317\" data-end=\"6331\">ISO 8871-5<\/strong>, og ved at bruge p\u00e5lidelige testinstrumenter som f.eks.<a href=\"https:\/\/www.qualitester.com\/da\/needle-sharpness-testing\/\" target=\"_blank\" rel=\"noopener\"> <strong data-start=\"6385\" data-end=\"6434\">Test af n\u00e5leskarphed fra Cell Instruments<\/strong><\/a>, kan producenterne forbedre kvalitetssikringen, reducere patienternes ubehag og opretholde global compliance.<\/p>\n<p data-start=\"6541\" data-end=\"6706\">For tekniske konsultationer, produkttilpasning eller demoforesp\u00f8rgsler, bes\u00f8g venligst <a class=\"\" href=\"https:\/\/www.celtec.cn\" target=\"_new\" rel=\"noopener nofollow\" data-start=\"6624\" data-end=\"6665\">Cell-instrumenter<\/a> eller kontakt vores salgsingeni\u00f8rer direkte.<\/p>\n<p data-start=\"6541\" data-end=\"6706\">","protected":false},"excerpt":{"rendered":"<p>Needle Sharpness Testing In the world of medical device manufacturing, needle sharpness testing is a critical quality control step that ensures the safe and effective use of needles in clinical applications. Whether used for injections, suturing, or drug delivery, a needle\u2019s performance heavily relies on its sharpness. Poorly manufactured or dull needles can lead to &hellip;<\/p>\n<p class=\"read-more\"> <a class=\"\" href=\"https:\/\/www.qualitester.com\/da\/applications\/needle-sharpness-testing\/\"> <span class=\"screen-reader-text\">Test af n\u00e5lens skarphed og gennemtr\u00e6ngelighed<\/span> L\u00e6s mere \"<\/a><\/p>","protected":false},"author":3,"featured_media":0,"parent":6794,"menu_order":0,"comment_status":"closed","ping_status":"closed","template":"","meta":{"site-sidebar-layout":"default","site-content-layout":"default","ast-global-header-display":"","ast-main-header-display":"","ast-hfb-above-header-display":"","ast-hfb-below-header-display":"","ast-hfb-mobile-header-display":"","site-post-title":"","ast-breadcrumbs-content":"","ast-featured-img":"","footer-sml-layout":"","theme-transparent-header-meta":"default","adv-header-id-meta":"","stick-header-meta":"","header-above-stick-meta":"","header-main-stick-meta":"","header-below-stick-meta":"","footnotes":""},"class_list":["post-7013","page","type-page","status-publish","hentry"],"_links":{"self":[{"href":"https:\/\/www.qualitester.com\/da\/wp-json\/wp\/v2\/pages\/7013","targetHints":{"allow":["GET"]}}],"collection":[{"href":"https:\/\/www.qualitester.com\/da\/wp-json\/wp\/v2\/pages"}],"about":[{"href":"https:\/\/www.qualitester.com\/da\/wp-json\/wp\/v2\/types\/page"}],"author":[{"embeddable":true,"href":"https:\/\/www.qualitester.com\/da\/wp-json\/wp\/v2\/users\/3"}],"replies":[{"embeddable":true,"href":"https:\/\/www.qualitester.com\/da\/wp-json\/wp\/v2\/comments?post=7013"}],"version-history":[{"count":0,"href":"https:\/\/www.qualitester.com\/da\/wp-json\/wp\/v2\/pages\/7013\/revisions"}],"up":[{"embeddable":true,"href":"https:\/\/www.qualitester.com\/da\/wp-json\/wp\/v2\/pages\/6794"}],"wp:attachment":[{"href":"https:\/\/www.qualitester.com\/da\/wp-json\/wp\/v2\/media?parent=7013"}],"curies":[{"name":"wp","href":"https:\/\/api.w.org\/{rel}","templated":true}]}}