{"id":7000,"date":"2025-07-17T09:22:18","date_gmt":"2025-07-17T01:22:18","guid":{"rendered":"https:\/\/www.qualitester.com\/?page_id=7000"},"modified":"2025-07-23T14:32:24","modified_gmt":"2025-07-23T06:32:24","slug":"rupture-test-for-soft-gelatin-capsules","status":"publish","type":"page","link":"https:\/\/www.qualitester.com\/da\/applications\/rupture-test-for-soft-gelatin-capsules\/","title":{"rendered":"Test af brud p\u00e5 bl\u00f8de gelatinekapsler"},"content":{"rendered":"<h1 id=\"rupture-test-for-soft-gelatin-capsules-ensuring-ca\" class=\"mb-2 mt-6 text-base font-[500] first:mt-0 md:text-lg dark:font-[475] [hr+&amp;]:mt-4\" style=\"text-align: center;\">Brudtest for bl\u00f8de gelatinekapsler<\/h1>\n<h2 class=\"mb-2 mt-6 text-base font-[500] first:mt-0 md:text-lg dark:font-[475] [hr+&amp;]:mt-4\" style=\"text-align: center;\">Sikring af kapslens styrke og integritet<\/h2>\n<h2><\/h2>\n<p data-start=\"787\" data-end=\"1123\">Bl\u00f8de gelatinekapsler er blevet et vigtigt leveringssystem for vitaminer, mineraler og l\u00e6gemidler p\u00e5 grund af deres evne til sikkert at omslutte flydende fyldstoffer i en gelatineskal. Effektiviteten af disse kapsler afh\u00e6nger i h\u00f8j grad af styrken og kvaliteten af deres gelatinefilm. Den\u00a0<strong>Brudtest for bl\u00f8de gelatinekapsler<\/strong>\u00a0er en vigtig procedure, som producenter og kvalitetskontrolpersonale skal forst\u00e5 for at sikre produktp\u00e5lidelighed og forbrugersikkerhed.<\/p>\n<hr \/>\n<h2>Vigtigheden af brudtesten for bl\u00f8de gelatinekapsler<\/h2>\n<p class=\"my-0\">Den\u00a0<strong>Brudtest for bl\u00f8de gelatinekapsler<\/strong>\u00a0evaluerer kapselv\u00e6ggens mekaniske stabilitet og bestemmer, hvor meget kraft gelatineskallen kan modst\u00e5, f\u00f8r den g\u00e5r i stykker. Denne test er vigtig, fordi gelatinekapselskallens integritet p\u00e5virker:<\/p>\n<ul class=\"marker:text-textOff list-disc\">\n<li>\n<p class=\"my-0\">Beskyttelse af aktive ingredienser mod milj\u00f8faktorer som fugt og ilt.<\/p>\n<\/li>\n<li>\n<p class=\"my-0\">Frigivelsesprofilen for medicinen eller kosttilskuddet inde i kapslen.<\/p>\n<\/li>\n<li>\n<p class=\"my-0\">Kapslens evne til at overleve h\u00e5ndtering, emballering, transport og opbevaring uden at briste for tidligt.<\/p>\n<\/li>\n<\/ul>\n<p class=\"my-0\">Testen simulerer forhold i den virkelige verden, hvor kapsler kan blive komprimeret, klemt eller p\u00e5virket, hvilket afsl\u00f8rer svagheder, der kan kompromittere produktets kvalitet.<\/p>\n<hr \/>\n<h2 class=\"mb-xs mt-5 text-base font-[500] first:mt-0 dark:font-[475]\">H\u00e5rdhedstest af gelatinekapsler og Bloom-tester: Sekund\u00e6re n\u00f8gleaspekter<\/h2>\n<p class=\"my-0\">Et vigtigt aspekt af vurderingen af kapselkvaliteten er\u00a0<strong>Test af gelatinekapslers h\u00e5rdhed<\/strong>, som m\u00e5ler kapselskallens mekaniske styrke og elasticitet. Denne test supplerer ofte brudtesten ved at give indsigt i, hvordan kapslen opf\u00f8rer sig under gradvist tryk i stedet for pludselig p\u00e5virkning eller punktering.<\/p>\n<p class=\"my-0\">Den\u00a0<strong>blomstertester<\/strong>\u00a0spiller en afg\u00f8rende rolle i denne sammenh\u00e6ng ved at m\u00e5le gelatinens blomstringsstyrke, som afspejler materialets gelstyrke. Blomstringsstyrken p\u00e5virker b\u00e5de kapselfilmens h\u00e5rdhed og fleksibilitet. H\u00f8jere bloom-v\u00e6rdier svarer til fastere geler, som p\u00e5virker kapslens modstandsdygtighed over for brud og deformation.<\/p>\n<h2 class=\"mb-xs mt-5 text-base font-[500] first:mt-0 dark:font-[475]\">Metoder til at udf\u00f8re brudtesten for bl\u00f8de gelatinekapsler<\/h2>\n<p class=\"my-0\">Brudtesten involverer prim\u00e6rt kontrolleret kompression eller penetrationstest, hvor en kapsel uds\u00e6ttes for kraft, indtil dens skal g\u00e5r i stykker. Vigtige overvejelser under testen omfatter:<\/p>\n<ul class=\"marker:text-textOff list-disc\">\n<li>\n<p class=\"my-0\"><strong>Dimensioner p\u00e5 testprober<\/strong>: Typisk bruges en cylindrisk probe med en diameter p\u00e5 10 mm eller et overfladeareal p\u00e5 10 mm\u00b2 til at ud\u00f8ve en ensartet kraft p\u00e5 kapseloverfladen.<\/p>\n<\/li>\n<li>\n<p class=\"my-0\"><strong>M\u00e5ling af kraft<\/strong>: M\u00e5ling af den maksimale kraft, hvor kapselskallen brister, giver mulighed for kvantitativ evaluering af skalens styrke.<\/p>\n<\/li>\n<li>\n<p class=\"my-0\"><strong>Vurdering af elasticitet<\/strong>: Ud over brudkraft hj\u00e6lper m\u00e5ling af deformation under kompression med at identificere kapselfilmens elasticitet og fleksibilitet.<\/p>\n<\/li>\n<li>\n<p class=\"my-0\"><strong>Test af forseglingsstyrke<\/strong>: Test af den kraft, der kr\u00e6ves for at bryde kapselforseglingen, sikrer, at v\u00e6skefyldet er forsvarligt indkapslet under fremstilling og distribution.<\/p>\n<\/li>\n<\/ul>\n<p class=\"my-0\">En enhed, der er designet specielt til at opfylde disse testkrav, er Cell Instruments<a href=\"https:\/\/www.qualitester.com\/da\/vare\/sale-soft-gel-capsule-hardness-tester\/\" target=\"_blank\" rel=\"noopener\"> CHT-01 H\u00e5rdhedstester til bl\u00f8de gelekapsler<\/a>. Den giver automatiseret testning med flere programmer, herunder kraftkontrol, registrering af spidsbelastning og afstandsbaseret kraftm\u00e5ling, hvilket forbedrer effektiviteten og ensartetheden i kvalitetskontrolprocesserne.<\/p>\n<div class=\"ast-oembed-container\" style=\"height: 100%;\"><iframe title=\"H\u00e5rdhedstester til softgel-kapsler CHT-01\" width=\"500\" height=\"281\" src=\"https:\/\/www.youtube.com\/embed\/pGYrer6N-Mk?feature=oembed\" frameborder=\"0\" allow=\"accelerometer; autoplay; clipboard-write; encrypted-media; gyroscope; picture-in-picture; web-share\" referrerpolicy=\"strict-origin-when-cross-origin\" allowfullscreen><\/iframe><\/div>\n<hr \/>\n<h2 class=\"mb-xs mt-5 text-base font-[500] first:mt-0 dark:font-[475]\">Hvorfor bruge Cell Instruments CHT-01 Soft Gel Capsule Hardness Tester?<\/h2>\n<p class=\"my-0\">Cell Instruments har specialiseret sig i pr\u00e6cise, tilpassede l\u00f8sninger til materialetestning:<\/p>\n<ul class=\"marker:text-textOff list-disc\">\n<li>\n<p class=\"my-0\">CHT-01 er udstyret med en PLC-kontrolenhed og en brugervenlig 7-tommers HMI-ber\u00f8ringssk\u00e6rm.<img fetchpriority=\"high\" decoding=\"async\" class=\"alignright wp-image-7007 size-medium\" src=\"https:\/\/www.qualitester.com\/wp-content\/uploads\/2025\/07\/2.CHT-01-soft-gel-capsule-hardness-tester2_11zon-300x300.webp\" alt=\"Bruddetesten for bl\u00f8de gelatinekapsler evaluerer gelatineskallens mekaniske styrke og integritet.\" width=\"300\" height=\"300\" srcset=\"https:\/\/www.qualitester.com\/wp-content\/uploads\/2025\/07\/2.CHT-01-soft-gel-capsule-hardness-tester2_11zon-300x300.webp 300w, https:\/\/www.qualitester.com\/wp-content\/uploads\/2025\/07\/2.CHT-01-soft-gel-capsule-hardness-tester2_11zon-1024x1024.webp 1024w, https:\/\/www.qualitester.com\/wp-content\/uploads\/2025\/07\/2.CHT-01-soft-gel-capsule-hardness-tester2_11zon-150x150.webp 150w, https:\/\/www.qualitester.com\/wp-content\/uploads\/2025\/07\/2.CHT-01-soft-gel-capsule-hardness-tester2_11zon-768x768.webp 768w, https:\/\/www.qualitester.com\/wp-content\/uploads\/2025\/07\/2.CHT-01-soft-gel-capsule-hardness-tester2_11zon-12x12.webp 12w, https:\/\/www.qualitester.com\/wp-content\/uploads\/2025\/07\/2.CHT-01-soft-gel-capsule-hardness-tester2_11zon-600x600.webp 600w, https:\/\/www.qualitester.com\/wp-content\/uploads\/2025\/07\/2.CHT-01-soft-gel-capsule-hardness-tester2_11zon-100x100.webp 100w, https:\/\/www.qualitester.com\/wp-content\/uploads\/2025\/07\/2.CHT-01-soft-gel-capsule-hardness-tester2_11zon.webp 1080w\" sizes=\"(max-width: 300px) 100vw, 300px\" \/><\/p>\n<\/li>\n<li>\n<p class=\"my-0\">Den variable testhastighed og de pr\u00e6cise komponenter giver mulighed for tilpasning til forskellige kapselspecifikationer.<\/p>\n<\/li>\n<li>\n<p class=\"my-0\">Den simulerer realistiske stressscenarier som kompression og forseglingsbrud, der er afg\u00f8rende for farmaceutisk emballage og stabilitet.<\/p>\n<\/li>\n<li>\n<p class=\"my-0\">Testerens automatiske returfunktion og flere fixturmuligheder \u00f8ger gennemstr\u00f8mningen og reducerer manuelle h\u00e5ndteringsfejl, hvilket str\u00f8mliner testarbejdsgangen.<\/p>\n<\/li>\n<\/ul>\n<p class=\"my-0\">Ved at integrere denne avancerede tester i dine kvalitetssikringsprocedurer kan du sikre overholdelse af farmaceutiske kvalitetsstandarder og forbedre patientsikkerheden.<\/p>\n<hr \/>\n<h2 class=\"mb-xs mt-5 text-base font-[500] first:mt-0 dark:font-[475]\">Standarder og professionel best practice<\/h2>\n<p class=\"my-0\">Overholdelse af internationale standarder som ASTM og ISO er afg\u00f8rende under brudtesten for at garantere p\u00e5lidelighed og reproducerbarhed af resultaterne. Selvom specifikke farmakop\u00e9standarder, der eksplicit omhandler brud p\u00e5 gelatinekapsler, kan variere, sikrer tilpasning til mekaniske testnormer den farmaceutiske emballages integritet og underst\u00f8tter regulatoriske indsendelser.<\/p>\n<p class=\"my-0\">Branchens eksperter anbefaler det:<\/p>\n<ul class=\"marker:text-textOff list-disc\">\n<li>\n<p class=\"my-0\">Udf\u00f8rer regelm\u00e6ssigt brudpr\u00f8ver p\u00e5 produktionspartier for at opdage uoverensstemmelser i fremstillingen.<\/p>\n<\/li>\n<li>\n<p class=\"my-0\">Ved at kombinere test af h\u00e5rdhed og opbl\u00f8dningsstyrke kan man forst\u00e5 gelatinefilmens omfattende mekaniske profil.<\/p>\n<\/li>\n<li>\n<p class=\"my-0\">Dokumentere og analysere tendenser i kapselstyrke for at informere om produktionsjusteringer.<\/p>\n<\/li>\n<\/ul>\n<hr \/>\n<h2>Konklusion: Forbedret kvalitetskontrol med informeret testning<\/h2>\n<h2><\/h2>\n<p class=\"my-0\">Den\u00a0<strong>Brudtest for bl\u00f8de gelatinekapsler<\/strong>\u00a0fungerer som en kritisk kvalitetsforanstaltning, der sikrer, at kapslerne kan modst\u00e5 mekaniske belastninger uden at tage skade og dermed sikre produktets effektivitet. Inkorporering af\u00a0<strong>Test af gelatinekapslers h\u00e5rdhed<\/strong>\u00a0og m\u00e5ling af blomstringsstyrke forbedrer yderligere forst\u00e5elsen af kapslens robusthed.<\/p>\n<p class=\"my-0\"><a href=\"https:\/\/www.celtec.cn\" target=\"_blank\" rel=\"noopener nofollow\">Cell-instrumenter<\/a> tilbyder p\u00e5lidelige, tilpassede l\u00f8sninger som <a href=\"https:\/\/www.qualitester.com\/da\/vare\/sale-soft-gel-capsule-hardness-tester\/\" target=\"_blank\" rel=\"noopener\"><strong>CHT-01 h\u00e5rdhedstester<\/strong><\/a> der g\u00f8r det lettere at teste pr\u00e6cist og effektivt. Ved at udnytte s\u00e5dant udstyr og f\u00f8lge bedste praksis kan l\u00e6gemiddelproducenter og fagfolk inden for kvalitetskontrol opretholde h\u00f8je standarder, reducere produktfejl og forbedre forbrugernes tillid.<\/p>\n<p data-start=\"5570\" data-end=\"5722\">","protected":false},"excerpt":{"rendered":"<p>Rupture Test for Soft Gelatin Capsules Ensuring Capsule Strength and Integrity Soft gelatin capsules have become a crucial delivery system for vitamins, minerals, and pharmaceuticals, owing to their ability to safely enclose liquid fills within a gelatin shell. The effectiveness of these capsules depends significantly on the strength and quality of their gelatin film. The\u00a0rupture &hellip;<\/p>\n<p class=\"read-more\"> <a class=\"\" href=\"https:\/\/www.qualitester.com\/da\/applications\/rupture-test-for-soft-gelatin-capsules\/\"> <span class=\"screen-reader-text\">Test af brud p\u00e5 bl\u00f8de gelatinekapsler<\/span> L\u00e6s mere \"<\/a><\/p>","protected":false},"author":3,"featured_media":0,"parent":6794,"menu_order":0,"comment_status":"closed","ping_status":"closed","template":"","meta":{"site-sidebar-layout":"default","site-content-layout":"default","ast-global-header-display":"","ast-main-header-display":"","ast-hfb-above-header-display":"","ast-hfb-below-header-display":"","ast-hfb-mobile-header-display":"","site-post-title":"","ast-breadcrumbs-content":"","ast-featured-img":"","footer-sml-layout":"","theme-transparent-header-meta":"default","adv-header-id-meta":"","stick-header-meta":"","header-above-stick-meta":"","header-main-stick-meta":"","header-below-stick-meta":"","footnotes":""},"class_list":["post-7000","page","type-page","status-publish","hentry"],"_links":{"self":[{"href":"https:\/\/www.qualitester.com\/da\/wp-json\/wp\/v2\/pages\/7000","targetHints":{"allow":["GET"]}}],"collection":[{"href":"https:\/\/www.qualitester.com\/da\/wp-json\/wp\/v2\/pages"}],"about":[{"href":"https:\/\/www.qualitester.com\/da\/wp-json\/wp\/v2\/types\/page"}],"author":[{"embeddable":true,"href":"https:\/\/www.qualitester.com\/da\/wp-json\/wp\/v2\/users\/3"}],"replies":[{"embeddable":true,"href":"https:\/\/www.qualitester.com\/da\/wp-json\/wp\/v2\/comments?post=7000"}],"version-history":[{"count":0,"href":"https:\/\/www.qualitester.com\/da\/wp-json\/wp\/v2\/pages\/7000\/revisions"}],"up":[{"embeddable":true,"href":"https:\/\/www.qualitester.com\/da\/wp-json\/wp\/v2\/pages\/6794"}],"wp:attachment":[{"href":"https:\/\/www.qualitester.com\/da\/wp-json\/wp\/v2\/media?parent=7000"}],"curies":[{"name":"wp","href":"https:\/\/api.w.org\/{rel}","templated":true}]}}