{"id":6558,"date":"2025-03-17T16:04:02","date_gmt":"2025-03-17T08:04:02","guid":{"rendered":"https:\/\/www.qualitester.com\/?page_id=6558"},"modified":"2025-03-17T16:56:01","modified_gmt":"2025-03-17T08:56:01","slug":"iso-8510-2","status":"publish","type":"page","link":"https:\/\/www.qualitester.com\/da\/standards\/iso-8510-2\/","title":{"rendered":"ISO 8510-2"},"content":{"rendered":"<h1 style=\"text-align: center;\">ISO 8510-2<\/h1>\n<p data-pm-slice=\"1 1 []\">ISO 8510-2 specificerer 180-graders skr\u00e6lningstest til evaluering af <strong>kl\u00e6bende afskalningsstyrke<\/strong> af limede materialer. Denne standard er vigtig i industrier som <strong>Emballage, medicinsk udstyr, elektronik og kl\u00e6bemidler<\/strong>, hvor st\u00e6rk og p\u00e5lidelig vedh\u00e6ftning er afg\u00f8rende. Testen giver kritisk indsigt i <strong>kl\u00e6bemidlers ydeevne og holdbarhed<\/strong> ved at m\u00e5le den kraft, der skal til for at adskille en fleksibel kl\u00e6ber fra en stiv kl\u00e6ber under kontrollerede forhold.<\/p>\n<h2>Testprocedure i henhold til ISO 8510-2<\/h2>\n<p>Den <strong><a href=\"https:\/\/www.qualitester.com\/da\/vare-kategori\/iso\/iso-8510-2\/\" target=\"_blank\" rel=\"noopener\">ISO 8510-<\/a>2 testmetode<\/strong> involverer forberedelse og test af limede pr\u00f8ver under standardiserede forhold. Trinene omfatter:<\/p>\n<h3>1. Forberedelse af pr\u00f8veemner<\/h3>\n<ul data-spread=\"false\">\n<li>A bundet <strong>fleksibel til stiv<\/strong> samling er forberedt ved hj\u00e6lp af den lim, der evalueres.<\/li>\n<li>Den <strong>Stiv kl\u00e6ber<\/strong> kan v\u00e6re <strong>metal, plastik, tr\u00e6 eller gummi<\/strong> med specificerede tykkelser.<\/li>\n<li>Den <strong>fleksibel kl\u00e6ber<\/strong> skal kunne modst\u00e5 en <strong>180 graders b\u00f8jning<\/strong> uden deformation.<\/li>\n<li>P\u00e5f\u00f8ring af kl\u00e6bemiddel f\u00f8lger <strong>ISO 17212<\/strong> eller producentens retningslinjer.<\/li>\n<li>Bindingslinjen skal v\u00e6re <strong>j\u00e6vnt p\u00e5f\u00f8rt og fuldt h\u00e6rdet<\/strong> f\u00f8r du tester.<\/li>\n<\/ul>\n<p><img fetchpriority=\"high\" decoding=\"async\" class=\"wp-image-6591 aligncenter\" src=\"https:\/\/www.qualitester.com\/wp-content\/uploads\/2025\/03\/ISO-8510-2-180-Degree-Peel-Adhesion-Test.png\" alt=\"ISO 8510-2 180 graders skr\u00e6lningstest for vedh\u00e6ftning\" width=\"171\" height=\"366\" srcset=\"https:\/\/www.qualitester.com\/wp-content\/uploads\/2025\/03\/ISO-8510-2-180-Degree-Peel-Adhesion-Test.png 278w, https:\/\/www.qualitester.com\/wp-content\/uploads\/2025\/03\/ISO-8510-2-180-Degree-Peel-Adhesion-Test-140x300.png 140w, https:\/\/www.qualitester.com\/wp-content\/uploads\/2025\/03\/ISO-8510-2-180-Degree-Peel-Adhesion-Test-6x12.png 6w\" sizes=\"(max-width: 171px) 100vw, 171px\" \/><\/p>\n<h3>2. Krav til testudstyr<\/h3>\n<ul data-spread=\"false\">\n<li>A <strong>Afskalningstestmaskine<\/strong> (<a href=\"https:\/\/www.qualitester.com\/da\/vare\/tst-01-tensile-tester\/\" target=\"_blank\" rel=\"noopener\">Tr\u00e6kpr\u00f8vemaskine<\/a>) er p\u00e5kr\u00e6vet.<\/li>\n<li>Maskinen skal opretholde en <strong>konstant hastighed p\u00e5 grebseparation<\/strong> (typisk <strong>100 mm\/min \u00b1 10 mm\/min<\/strong>).<\/li>\n<li>Grebene skal holde sikkert fast i <strong>Stive og fleksible vedh\u00e6ftninger<\/strong>.<\/li>\n<li>Kraftm\u00e5ling skal v\u00e6re n\u00f8jagtig inden for <strong>\u00b12%<\/strong>.<\/li>\n<\/ul>\n<h3>3. Testprocedure<\/h3>\n<ul data-spread=\"false\">\n<li>Den <strong>Stiv kl\u00e6ber<\/strong> er fastsp\u00e6ndt i maskinens faste greb.<\/li>\n<li>Den <strong>fleksibel kl\u00e6ber<\/strong> er fastsp\u00e6ndt i et selvjusterende greb.<\/li>\n<li>Maskinen p\u00e5f\u00f8rer kraft parallelt med det limede plan og tr\u00e6kker det fleksible kl\u00e6bestof i en <strong>180 graders vinkel<\/strong>.<\/li>\n<li>Testen forts\u00e6tter, indtil mindst <strong>125 mm af den limede l\u00e6ngde har l\u00f8snet sig<\/strong>.<\/li>\n<li>Skr\u00e6lningskraften registreres over <strong>100 mm<\/strong>, med undtagelse af den f\u00f8rste <strong>25 mm<\/strong>.<\/li>\n<li>Fejltilstanden (kl\u00e6be-, koh\u00e6sions- eller vedh\u00e6ftningssvigt) noteres.<\/li>\n<\/ul>\n<h3>4. Registrering af resultater af skr\u00e6lningstest<\/h3>\n<ul data-spread=\"false\">\n<li>Testen afg\u00f8r, om <strong>Gennemsnitlig afskalningskraft i Newton<\/strong> over testl\u00e6ngden.<\/li>\n<li><strong>Maksimale og minimale kr\u00e6fter<\/strong> er registreret.<\/li>\n<li>Resultater hj\u00e6lper i <strong>sammenligning af kl\u00e6bemiddelformuleringer<\/strong> og <strong>sikre konsistens i produktionen<\/strong>.<\/li>\n<\/ul>\n<h2 data-pm-slice=\"1 3 []\">Betydningen af 180 graders skr\u00e6lningstest for vedh\u00e6ftning<\/h2>\n<p>Den <strong>Test af vedh\u00e6ftning ved 180 graders afskalning<\/strong> bruges i vid udstr\u00e6kning til at vurdere <strong>modstandsdygtighed over for afskalning<\/strong> af kl\u00e6bemidler. Det hj\u00e6lper producenterne med at sikre, at deres limprodukter lever op til branchens forventninger til ydeevne. N\u00f8gleapplikationer omfatter:<\/p>\n<ul data-spread=\"false\">\n<li><strong>Kvalitetskontrol<\/strong> til kl\u00e6bemidler, der bruges i emballage og medicinske applikationer<\/li>\n<li><strong>Forskning og udvikling<\/strong> til at forbedre kl\u00e6beformuleringer<\/li>\n<li><strong>Overensstemmelse<\/strong> med internationale standarder for kl\u00e6betest<\/li>\n<\/ul>\n<h2>Pr\u00e6cisionsskr\u00e6lletestmaskine til selvkl\u00e6bende tape<\/h2>\n<ul data-spread=\"false\">\n<li><strong>Pr\u00e6cision og n\u00f8jagtighed<\/strong> (kraftm\u00e5ling inden for <strong>2% tolerance<\/strong>)<\/li>\n<li><strong>Justerbar adskillelse af greb<\/strong><\/li>\n<li><strong>PLC-kontrol<\/strong><\/li>\n<li><strong>Mulighed for dataoptagelse<\/strong> til analyse<\/li>\n<li>Mere om <a href=\"https:\/\/www.qualitester.com\/da\/vare\/tst-01-tensile-tester\/\" target=\"_blank\" rel=\"noopener\">Skr\u00e6lletest-maskine<\/a>...<\/li>\n<\/ul>\n<p style=\"text-align: center;\"><big><big>Til h\u00f8j pr\u00e6cision <a href=\"https:\/\/www.qualitester.com\/da\/vare\/tst-01-tensile-tester\/\"><strong>Test af kl\u00e6bemiddelafskalningsstyrke<\/strong><\/a>, kontakt <a href=\"https:\/\/www.qualitester.com\/da\/\"><strong>Cell-instrumenter<\/strong><\/a> I dag!<\/big><\/big><\/p>\n<h2>Ofte stillede sp\u00f8rgsm\u00e5l<\/h2>\n<p><strong>1. Hvad er ISO 8510-2?<br \/>\n<\/strong>ISO 8510-2 er en international standard, der definerer <strong>Test af vedh\u00e6ftning ved 180 graders afskalning<\/strong> for at m\u00e5le <strong>kl\u00e6bende afskalningsstyrke<\/strong>.<\/p>\n<p><strong>2. Hvorfor er 180-graders skr\u00e6lningstest vigtig?<br \/>\n<\/strong>Denne test evaluerer <strong>Bindingsstyrke<\/strong> af kl\u00e6bemidler og sikrer, at de opfylder branchens krav til <strong>Holdbarhed og p\u00e5lidelighed<\/strong>.<\/p>\n<p><strong>3. Hvilket udstyr skal man bruge til ISO 8510-2-testen?<br \/>\n<\/strong>A <strong>Afskalningstestmaskine<\/strong>, Den er i stand til at opretholde en konstant grebseparationshastighed, n\u00f8jagtig kraftm\u00e5ling og sikre greb.<\/p>\n<p><strong>4. Hvilke faktorer p\u00e5virker afskalningsstyrken i denne test?<br \/>\n<\/strong>Faktorerne omfatter <strong>kl\u00e6bemiddeltype, overfladebehandling, kl\u00e6bemateriale og testhastighed<\/strong>.<\/p>\n<p><strong>5. Hvor bruges ISO 8510-2-testen?<br \/>\n<\/strong>Almindelige industrier omfatter <strong>emballage, medicin, elektronik, bilindustri og limproduktion<\/strong>.<\/p>","protected":false},"excerpt":{"rendered":"<p>ISO 8510-2 ISO 8510-2 specifies the 180-degree peel adhesion test for evaluating the adhesive peel strength of bonded materials. This standard is essential in industries such as packaging, medical devices, electronics, and adhesives, where strong and reliable adhesion is crucial. The test provides critical insights into the performance and durability of adhesives by measuring the &hellip;<\/p>\n<p class=\"read-more\"> <a class=\"\" href=\"https:\/\/www.qualitester.com\/da\/standards\/iso-8510-2\/\"> <span class=\"screen-reader-text\">ISO 8510-2<\/span> L\u00e6s mere \"<\/a><\/p>","protected":false},"author":4,"featured_media":0,"parent":4948,"menu_order":0,"comment_status":"closed","ping_status":"closed","template":"","meta":{"site-sidebar-layout":"default","site-content-layout":"default","ast-global-header-display":"","ast-main-header-display":"","ast-hfb-above-header-display":"","ast-hfb-below-header-display":"","ast-hfb-mobile-header-display":"","site-post-title":"disabled","ast-breadcrumbs-content":"","ast-featured-img":"","footer-sml-layout":"","theme-transparent-header-meta":"default","adv-header-id-meta":"","stick-header-meta":"","header-above-stick-meta":"","header-main-stick-meta":"","header-below-stick-meta":"","footnotes":""},"class_list":["post-6558","page","type-page","status-publish","hentry"],"_links":{"self":[{"href":"https:\/\/www.qualitester.com\/da\/wp-json\/wp\/v2\/pages\/6558","targetHints":{"allow":["GET"]}}],"collection":[{"href":"https:\/\/www.qualitester.com\/da\/wp-json\/wp\/v2\/pages"}],"about":[{"href":"https:\/\/www.qualitester.com\/da\/wp-json\/wp\/v2\/types\/page"}],"author":[{"embeddable":true,"href":"https:\/\/www.qualitester.com\/da\/wp-json\/wp\/v2\/users\/4"}],"replies":[{"embeddable":true,"href":"https:\/\/www.qualitester.com\/da\/wp-json\/wp\/v2\/comments?post=6558"}],"version-history":[{"count":0,"href":"https:\/\/www.qualitester.com\/da\/wp-json\/wp\/v2\/pages\/6558\/revisions"}],"up":[{"embeddable":true,"href":"https:\/\/www.qualitester.com\/da\/wp-json\/wp\/v2\/pages\/4948"}],"wp:attachment":[{"href":"https:\/\/www.qualitester.com\/da\/wp-json\/wp\/v2\/media?parent=6558"}],"curies":[{"name":"wp","href":"https:\/\/api.w.org\/{rel}","templated":true}]}}