{"id":7769,"date":"2025-12-29T14:18:31","date_gmt":"2025-12-29T06:18:31","guid":{"rendered":"https:\/\/www.qualitester.com\/?post_type=product&#038;p=7769"},"modified":"2025-12-30T16:49:34","modified_gmt":"2025-12-30T08:49:34","slug":"spt-01-soap-texture-analyzer","status":"publish","type":"product","link":"https:\/\/www.qualitester.com\/cs\/produkt-2\/spt-01-soap-texture-analyzer\/","title":{"rendered":"SPT-01 Analyz\u00e1tor textury m\u00fddla"},"content":{"rendered":"<p data-start=\"690\" data-end=\"1009\">A <strong data-start=\"692\" data-end=\"717\">analyz\u00e1tor textury m\u00fddla<\/strong> je profesion\u00e1ln\u00ed p\u0159\u00edstroj ur\u010den\u00fd k objektivn\u00edmu hodnocen\u00ed mechanick\u00fdch a texturn\u00edch vlastnost\u00ed m\u00fddlov\u00fdch v\u00fdrobk\u016f. Poskytuje p\u0159esn\u00e1 a opakovateln\u00e1 m\u011b\u0159en\u00ed tvrdosti, pevnosti a odolnosti proti pronik\u00e1n\u00ed, \u010d\u00edm\u017e pom\u00e1h\u00e1 v\u00fdrobc\u016fm udr\u017eovat st\u00e1lou kvalitu v\u0161ech v\u00fdrobn\u00edch \u0161ar\u017e\u00ed.<\/p>\n<p data-start=\"1011\" data-end=\"1343\">Na adrese <strong data-start=\"1014\" data-end=\"1044\">Cell Instruments Co., Ltd.<\/strong>, specializujeme se na \u0159e\u0161en\u00ed pro testov\u00e1n\u00ed materi\u00e1l\u016f pro obaly, l\u00e9\u010diva, pap\u00edr a spot\u0159ebn\u00ed v\u00fdrobky. Na\u0161e zku\u0161enosti s anal\u00fdzou textury n\u00e1m umo\u017e\u0148uj\u00ed dod\u00e1vat spolehliv\u00e9 syst\u00e9my pro testov\u00e1n\u00ed m\u00fddel, kter\u00e9 podporuj\u00ed kontrolu kvality, v\u00fdvoj receptur a dodr\u017eov\u00e1n\u00ed uzn\u00e1van\u00fdch zku\u0161ebn\u00edch postup\u016f.<\/p>\n<h2 data-start=\"1501\" data-end=\"1555\">Porozum\u011bn\u00ed zkou\u0161ce textury a penetrace m\u00fddla podle normy ASTM D1321<\/h2>\n<h3>Tvrdost m\u00fddla jako kl\u00ed\u010dov\u00fd ukazatel kvality<\/h3>\n<p data-start=\"1557\" data-end=\"1870\">Na str\u00e1nk\u00e1ch <strong data-start=\"1472\" data-end=\"1492\">tvrdost m\u00fddla<\/strong> p\u0159\u00edmo ovliv\u0148uje trvanlivost v\u00fdrobku, m\u00edru jeho pou\u017e\u00edv\u00e1n\u00ed a vn\u00edm\u00e1n\u00ed spot\u0159ebiteli. P\u0159\u00edli\u0161 m\u011bkk\u00e9 m\u00fddlo se m\u016f\u017ee deformovat nebo rychle rozpou\u0161t\u011bt, zat\u00edmco p\u0159\u00edli\u0161n\u00e1 tvrdost m\u016f\u017ee sn\u00ed\u017eit pou\u017eitelnost a p\u011bnivost. Analyz\u00e1tor textury m\u00fddla poskytuje objektivn\u00ed hodnoty tvrdosti a nahrazuje subjektivn\u00ed hodnocen\u00ed pocitu z ruky m\u011b\u0159iteln\u00fdmi \u00fadaji.<\/p>\n<h3 data-start=\"1732\" data-end=\"1781\">Princip testu textury m\u00fddla a penetrace<\/h3>\n<p data-start=\"1782\" data-end=\"2134\">A <strong data-start=\"1871\" data-end=\"1908\">test textury m\u00fddla a penetrace<\/strong> m\u011b\u0159\u00ed odpor m\u00fddla, kdy\u017e sonda pronikne jeho povrchem kontrolovanou rychlost\u00ed a do ur\u010dit\u00e9 hloubky. Zaznamenan\u00e1 k\u0159ivka s\u00edla-posun odr\u00e1\u017e\u00ed vnit\u0159n\u00ed strukturu, stav vytvrzen\u00ed a vyv\u00e1\u017eenost slo\u017een\u00ed. Tato metoda umo\u017e\u0148uje v\u00fdrobc\u016fm porovn\u00e1vat v\u00fdrobky, sledovat \u00fa\u010dinky st\u00e1rnut\u00ed a ov\u011b\u0159ovat stabilitu procesu.<\/p>\n<h3 data-start=\"2136\" data-end=\"2165\">Odkaz na normu ASTM D1321<\/h3>\n<p data-start=\"2166\" data-end=\"2611\"><strong data-start=\"2258\" data-end=\"2272\">ASTM D1321<\/strong> je v\u0161eobecn\u011b uzn\u00e1vanou referenc\u00ed pro penetra\u010dn\u00ed testy materi\u00e1l\u016f podobn\u00fdch vosku a b\u011b\u017en\u011b se pou\u017e\u00edv\u00e1 pro anal\u00fdzu textury m\u00fddla. Dodr\u017eov\u00e1n\u00ed pokyn\u016f normy ASTM D1321 t\u00fdkaj\u00edc\u00edch se zku\u0161ebn\u00edch podm\u00ednek a interpretace dat zlep\u0161uje konzistenci v\u00fdsledk\u016f a podporuje komunikaci mezi laborato\u0159emi, dodavateli a z\u00e1kazn\u00edky.<\/p>\n<hr data-start=\"2613\" data-end=\"2616\" \/>\n<h2 data-start=\"2668\" data-end=\"2961\">Jak funguje analyz\u00e1tor textury m\u00fddla<\/h2>\n<p data-start=\"2628\" data-end=\"2870\">Analyz\u00e1tor textury m\u00fddla p\u016fsob\u00ed na vzorek m\u00fddla \u0159\u00edzenou vertik\u00e1ln\u00ed silou pomoc\u00ed definovan\u00e9 sondy. Jak se sonda dot\u00fdk\u00e1 m\u00fddla a pronik\u00e1 j\u00edm, syst\u00e9m pr\u016fb\u011b\u017en\u011b zaznamen\u00e1v\u00e1 s\u00edlu a posun a vytv\u00e1\u0159\u00ed p\u0159esn\u00e9 profily textury.<\/p>\n<p data-start=\"2872\" data-end=\"2907\"><strong data-start=\"2872\" data-end=\"2907\">Typick\u00fd pracovn\u00ed postup testov\u00e1n\u00ed zahrnuje:<\/strong><\/p>\n<ul>\n<li data-start=\"2910\" data-end=\"2961\">P\u0159\u00edprava vzork\u016f m\u00fddla se shodn\u00fdmi rozm\u011bry<\/li>\n<li data-start=\"2964\" data-end=\"3024\">V\u00fdb\u011br vhodn\u00e9 penetra\u010dn\u00ed nebo kompresn\u00ed sondy<\/li>\n<li data-start=\"3027\" data-end=\"3109\">Nastaven\u00ed zku\u0161ebn\u00ed rychlosti a hloubky proniknut\u00ed na z\u00e1klad\u011b intern\u00edch metod nebo ASTM D1321<\/li>\n<li data-start=\"3112\" data-end=\"3165\">Proveden\u00ed testu a shroma\u017e\u010fov\u00e1n\u00ed \u00fadaj\u016f o s\u00edle a vzd\u00e1lenosti<\/li>\n<li data-start=\"3168\" data-end=\"3223\">Hodnocen\u00ed maxim\u00e1ln\u00ed s\u00edly, tvaru k\u0159ivky a opakovatelnosti<\/li>\n<\/ul>\n<p data-start=\"3225\" data-end=\"3332\">Tento kontrolovan\u00fd proces zaji\u0161\u0165uje spolehliv\u00e9 porovn\u00e1n\u00ed r\u016fzn\u00fdch slo\u017een\u00ed m\u00fddla nebo v\u00fdrobn\u00edch \u0161ar\u017e\u00ed.<\/p>\n<hr data-start=\"3486\" data-end=\"3489\" \/>\n<h2 data-start=\"3491\" data-end=\"3550\">Vhodn\u00e9 aplika\u010dn\u00ed materi\u00e1ly<\/h2>\n<p data-start=\"3374\" data-end=\"3461\">Analyz\u00e1tor textury m\u00fddla podporuje testov\u00e1n\u00ed \u0161irok\u00e9 \u0161k\u00e1ly m\u00fddlov\u00fdch v\u00fdrobk\u016f, v\u010detn\u011b:<\/p>\n<ul>\n<li data-start=\"3464\" data-end=\"3487\">Tradi\u010dn\u00ed ty\u010dov\u00e1 m\u00fddla<\/li>\n<li data-start=\"3490\" data-end=\"3522\">Pr\u016fhledn\u00e1 a glycerinov\u00e1 m\u00fddla<\/li>\n<li data-start=\"3525\" data-end=\"3556\">L\u00e9\u010div\u00e1 a speci\u00e1ln\u00ed m\u00fddla<\/li>\n<li data-start=\"3559\" data-end=\"3599\">Kompozitn\u00ed a syntetick\u00e9 ty\u010dinky na pran\u00ed<\/li>\n<\/ul>\n<p data-start=\"3601\" data-end=\"3716\">M\u016f\u017ee tak\u00e9 vyhodnocovat polotovary pro sledov\u00e1n\u00ed pr\u016fb\u011bhu vytvrzov\u00e1n\u00ed a stability receptury b\u011bhem v\u00fdvoje.<\/p>\n<hr data-start=\"4411\" data-end=\"4414\" \/>\n<h2 data-start=\"5016\" data-end=\"5081\">Cell Instruments SPT-01 Analyz\u00e1tor textury<\/h2>\n<p><a href=\"https:\/\/www.qualitester.com\/cs\/produkt-2\/sale-cheap-texture-analyser\/\"><img fetchpriority=\"high\" decoding=\"async\" class=\"alignright wp-image-7786\" src=\"https:\/\/www.qualitester.com\/wp-content\/uploads\/2025\/12\/SPT-01-Soap-Texture-Analyzer3-300x300.png\" alt=\"SPT-01 Analyz\u00e1tor textury m\u00fddla\" width=\"227\" height=\"227\" srcset=\"https:\/\/www.qualitester.com\/wp-content\/uploads\/2025\/12\/SPT-01-Soap-Texture-Analyzer3-300x300.png 300w, https:\/\/www.qualitester.com\/wp-content\/uploads\/2025\/12\/SPT-01-Soap-Texture-Analyzer3-150x150.png 150w, https:\/\/www.qualitester.com\/wp-content\/uploads\/2025\/12\/SPT-01-Soap-Texture-Analyzer3-768x768.png 768w, https:\/\/www.qualitester.com\/wp-content\/uploads\/2025\/12\/SPT-01-Soap-Texture-Analyzer3-12x12.png 12w, https:\/\/www.qualitester.com\/wp-content\/uploads\/2025\/12\/SPT-01-Soap-Texture-Analyzer3-600x600.png 600w, https:\/\/www.qualitester.com\/wp-content\/uploads\/2025\/12\/SPT-01-Soap-Texture-Analyzer3-100x100.png 100w, https:\/\/www.qualitester.com\/wp-content\/uploads\/2025\/12\/SPT-01-Soap-Texture-Analyzer3.png 950w\" sizes=\"(max-width: 227px) 100vw, 227px\" \/><\/a><\/p>\n<p data-start=\"5083\" data-end=\"5472\"><strong data-start=\"5135\" data-end=\"5179\">P\u0159\u00edstroje Cell Instruments <a href=\"https:\/\/www.qualitester.com\/cs\/produkt-2\/sale-cheap-texture-analyser\/\">SPT-01 Analyz\u00e1tor textury m\u00fddla <\/a><\/strong>je vhodn\u00fd pro hodnocen\u00ed tvrdosti m\u00fddla, textury m\u00fddla a penetra\u010dn\u00ed zkou\u0161ky podle normy ASTM D1321. Nab\u00edz\u00ed stabiln\u00ed m\u011b\u0159en\u00ed s\u00edly, flexibiln\u00ed regulaci rychlosti a intuitivn\u00ed ovl\u00e1d\u00e1n\u00ed, tak\u017ee je ide\u00e1ln\u00ed pro laborato\u0159e kontroly kvality a v\u00fdzkumu a v\u00fdvoje.<\/p>\n<p><strong>SPT-01 Analyz\u00e1tor textury m\u00fddla<\/strong><\/p>\n<table style=\"height: 230px\" width=\"720\">\n<tbody>\n<tr>\n<td width=\"152\">Testovac\u00ed rozsah<\/td>\n<td width=\"260\">\u00a0500N(nebo jin\u00e9)<\/td>\n<\/tr>\n<tr>\n<td width=\"152\">Rychlost<\/td>\n<td width=\"260\">\u00a01-500 mm\/m (nebo podle pot\u0159eby)<\/td>\n<\/tr>\n<tr>\n<td width=\"152\">Rozli\u0161en\u00ed<\/td>\n<td width=\"260\">0,5% F.S.<\/td>\n<\/tr>\n<tr>\n<td width=\"152\">Zdvih (bez p\u0159\u00edpravku)<\/td>\n<td width=\"260\">250 mm<\/td>\n<\/tr>\n<tr>\n<td width=\"152\">Rozm\u011bry (mm, V\u0160)<\/td>\n<td width=\"260\">410*360*820<\/td>\n<\/tr>\n<tr>\n<td width=\"152\">Power<\/td>\n<td width=\"260\">AC 110~ 220V<\/td>\n<\/tr>\n<\/tbody>\n<\/table>\n<p data-start=\"5474\" data-end=\"5639\">D\u00edky kombinaci p\u0159esn\u00e9ho m\u011b\u0159en\u00ed s\u00edly a intuitivn\u00edho ovl\u00e1d\u00e1n\u00ed pom\u00e1h\u00e1 SPT-01 v\u00fdrobc\u016fm m\u00fddel transformovat testov\u00e1n\u00ed textury do standardizovan\u00e9ho procesu zalo\u017een\u00e9ho na datech.<\/p>\n<h2 class=\"elementor-heading-title elementor-size-default\">Pro\u010d si vybrat p\u0159\u00edstroj Cell Instruments SPT-01<\/h2>\n<p data-start=\"5058\" data-end=\"5199\">SPT-01 podporuje konzistentn\u00ed a opakovateln\u00e9 testov\u00e1n\u00ed textury m\u00fddla a lze jej p\u0159izp\u016fsobit individu\u00e1ln\u00edm po\u017eadavk\u016fm na testov\u00e1n\u00ed podle v\u00fdvoje v\u00fdrobn\u00edch pot\u0159eb.<\/p>\n<p data-start=\"5058\" data-end=\"5199\">Profesion\u00e1ln\u00ed <strong data-start=\"5274\" data-end=\"5299\">analyz\u00e1tor textury m\u00fddla<\/strong> umo\u017e\u0148uje v\u00fdrobc\u016fm p\u0159ekonat subjektivn\u00ed hodnocen\u00ed a stanovit m\u011b\u0159iteln\u00e9 standardy kvality. Kombinac\u00ed spolehliv\u00fdch p\u0159\u00edstroj\u016f a uzn\u00e1van\u00fdch referen\u010dn\u00edch test\u016f pom\u00e1h\u00e1 spole\u010dnost Cell Instruments v\u00fdrobc\u016fm m\u00fddel dos\u00e1hnout konzistentn\u00edho v\u00fdkonu, lep\u0161\u00ed kontroly v\u00fdrobk\u016f a vy\u0161\u0161\u00ed d\u016fv\u011bry z\u00e1kazn\u00edk\u016f.<\/p>\n<hr data-start=\"6529\" data-end=\"6532\" \/>\n<h2 data-start=\"6534\" data-end=\"6542\">Nej\u010dast\u011bj\u0161\u00ed dotazy<\/h2>\n<p data-start=\"133\" data-end=\"329\"><strong data-start=\"133\" data-end=\"181\">1. K \u010demu se pou\u017e\u00edv\u00e1 analyz\u00e1tor struktury m\u00fddla?<\/strong><br data-start=\"181\" data-end=\"184\" \/>A <strong data-start=\"186\" data-end=\"211\">analyz\u00e1tor textury m\u00fddla<\/strong> m\u011b\u0159\u00ed <strong data-start=\"225\" data-end=\"245\">tvrdost m\u00fddla<\/strong>, pevnost a odolnost proti pronik\u00e1n\u00ed, aby byla zaji\u0161t\u011bna st\u00e1l\u00e1 kvalita a v\u00fdkon.<\/p>\n<p data-start=\"331\" data-end=\"543\"><strong data-start=\"331\" data-end=\"382\">2. Co je to test textury a penetrace m\u00fddla?<\/strong><br data-start=\"382\" data-end=\"385\" \/>A <strong data-start=\"387\" data-end=\"424\">test textury m\u00fddla a penetrace<\/strong> p\u016fsob\u00ed kontrolovanou silou na vzorek m\u00fddla a zaznamen\u00e1v\u00e1 deformaci, co\u017e pom\u00e1h\u00e1 kvantifikovat pevnost a pou\u017eitelnost konstrukce.<\/p>\n<p data-start=\"545\" data-end=\"746\"><strong data-start=\"545\" data-end=\"594\">3. Jak se norma ASTM D1321 vztahuje na testov\u00e1n\u00ed m\u00fddla?<\/strong><br data-start=\"594\" data-end=\"597\" \/><strong data-start=\"597\" data-end=\"611\">ASTM D1321<\/strong> poskytuje standardizovanou metodu penetra\u010dn\u00ed zkou\u0161ky, kter\u00e1 zvy\u0161uje opakovatelnost a spolehlivost p\u0159i hodnocen\u00ed textury a tvrdosti m\u00fddla.<\/p>\n<p data-start=\"748\" data-end=\"929\"><strong data-start=\"748\" data-end=\"796\">4. Pro\u010d je m\u011b\u0159en\u00ed tvrdosti m\u00fddla d\u016fle\u017eit\u00e9?<\/strong><br data-start=\"796\" data-end=\"799\" \/>Na str\u00e1nk\u00e1ch <strong data-start=\"803\" data-end=\"823\">tvrdost m\u00fddla<\/strong> ovliv\u0148uje trvanlivost, rychlost rozpou\u0161t\u011bn\u00ed a zku\u0161enosti spot\u0159ebitel\u016f, co\u017e z n\u011bj \u010din\u00ed kl\u00ed\u010dov\u00fd parametr kontroly kvality.<\/p>\n<p data-start=\"931\" data-end=\"1132\"><strong data-start=\"931\" data-end=\"995\">5. Jak\u00e9 typy m\u00fddla lze testovat pomoc\u00ed analyz\u00e1toru textury?<\/strong><br data-start=\"995\" data-end=\"998\" \/>Analyz\u00e1tory textury m\u00fddla mohou testovat ty\u010dov\u00e1 m\u00fddla, glycerinov\u00e1 m\u00fddla, l\u00e9\u010div\u00e1 m\u00fddla a speci\u00e1ln\u00ed p\u0159\u00edpravky pou\u017e\u00edvan\u00e9 v produktech osobn\u00ed p\u00e9\u010de.<\/p>","protected":false},"excerpt":{"rendered":"<ul>\n<li><strong>Standardn\u00ed<\/strong>: ASTM D1321<\/li>\n<li><strong>V\u00fdrobce<\/strong>: Cell Instruments<\/li>\n<li><strong>Aplikace<\/strong>:Denn\u00ed chemik\u00e1lie a dal\u0161\u00ed.<\/li>\n<li><strong>P\u0159izp\u016fsoben\u00ed<\/strong>: K dispozici pro speci\u00e1ln\u00ed po\u017eadavky na testov\u00e1n\u00ed a automatiza\u010dn\u00ed transformace<\/li>\n<\/ul>","protected":false},"featured_media":7786,"comment_status":"closed","ping_status":"closed","template":"","meta":{"site-sidebar-layout":"default","site-content-layout":"default","ast-global-header-display":"","ast-main-header-display":"","ast-hfb-above-header-display":"","ast-hfb-below-header-display":"","ast-hfb-mobile-header-display":"","site-post-title":"","ast-breadcrumbs-content":"","ast-featured-img":"","footer-sml-layout":"","theme-transparent-header-meta":"default","adv-header-id-meta":"","stick-header-meta":"","header-above-stick-meta":"","header-main-stick-meta":"","header-below-stick-meta":""},"product_cat":[845,1187,937,1185,1179,962,928,674,672,99],"product_tag":[],"class_list":{"0":"post-7769","1":"product","2":"type-product","3":"status-publish","4":"has-post-thumbnail","6":"product_cat-customization","7":"product_cat-astm-d1321","8":"product_cat-electronic-product-tester","9":"product_cat-iec-60404-13","10":"product_cat-needle-toughness-tester","11":"product_cat-thickness-gauges","12":"product_cat-tpa-texture-analyzer","13":"product_cat-test-items","14":"product_cat-applied-materials","15":"product_cat-astm","16":"desktop-align-left","17":"tablet-align-left","18":"mobile-align-left","20":"first","21":"instock","22":"shipping-taxable","23":"product-type-simple"},"_links":{"self":[{"href":"https:\/\/www.qualitester.com\/cs\/wp-json\/wp\/v2\/product\/7769","targetHints":{"allow":["GET"]}}],"collection":[{"href":"https:\/\/www.qualitester.com\/cs\/wp-json\/wp\/v2\/product"}],"about":[{"href":"https:\/\/www.qualitester.com\/cs\/wp-json\/wp\/v2\/types\/product"}],"replies":[{"embeddable":true,"href":"https:\/\/www.qualitester.com\/cs\/wp-json\/wp\/v2\/comments?post=7769"}],"version-history":[{"count":0,"href":"https:\/\/www.qualitester.com\/cs\/wp-json\/wp\/v2\/product\/7769\/revisions"}],"wp:featuredmedia":[{"embeddable":true,"href":"https:\/\/www.qualitester.com\/cs\/wp-json\/wp\/v2\/media\/7786"}],"wp:attachment":[{"href":"https:\/\/www.qualitester.com\/cs\/wp-json\/wp\/v2\/media?parent=7769"}],"wp:term":[{"taxonomy":"product_cat","embeddable":true,"href":"https:\/\/www.qualitester.com\/cs\/wp-json\/wp\/v2\/product_cat?post=7769"},{"taxonomy":"product_tag","embeddable":true,"href":"https:\/\/www.qualitester.com\/cs\/wp-json\/wp\/v2\/product_tag?post=7769"}],"curies":[{"name":"wp","href":"https:\/\/api.w.org\/{rel}","templated":true}]}}