{"id":7508,"date":"2025-10-10T16:06:20","date_gmt":"2025-10-10T08:06:20","guid":{"rendered":"https:\/\/www.qualitester.com\/?post_type=product&#038;p=7508"},"modified":"2025-10-10T16:06:21","modified_gmt":"2025-10-10T08:06:21","slug":"tennis-ball-compression-tester","status":"publish","type":"product","link":"https:\/\/www.qualitester.com\/cs\/produkt-2\/tennis-ball-compression-tester\/","title":{"rendered":"TBCT-01 Tester stla\u010dov\u00e1n\u00ed tenisov\u00fdch m\u00ed\u010dk\u016f"},"content":{"rendered":"<p data-start=\"459\" data-end=\"877\">Ve sv\u011bt\u011b profesion\u00e1ln\u00edho i rekrea\u010dn\u00edho tenisu, <strong data-start=\"513\" data-end=\"533\">konzistence m\u00ed\u010de<\/strong> hraje kl\u00ed\u010dovou roli p\u0159i zaji\u0161\u0165ov\u00e1n\u00ed fair play a v\u00fdkonu sportovc\u016f. V\u00fdrobci a inspekto\u0159i kvality se p\u0159i tom spol\u00e9haj\u00ed na p\u0159esn\u00e9 testovac\u00ed za\u0159\u00edzen\u00ed, jako je nap\u0159. <strong data-start=\"699\" data-end=\"733\">Tester stla\u010den\u00ed tenisov\u00e9ho m\u00ed\u010dku<\/strong>. Tento p\u0159\u00edstroj vyhodnocuje, jak moc se tenisov\u00fd m\u00ed\u010dek deformuje p\u0159i p\u016fsoben\u00ed ur\u010dit\u00e9 s\u00edly, co\u017e odr\u00e1\u017e\u00ed jeho <strong data-start=\"831\" data-end=\"874\">pru\u017enost, odolnost a hratelnost<\/strong>.<\/p>\n<p data-start=\"879\" data-end=\"1156\">Podle <strong data-start=\"896\" data-end=\"937\">Mezin\u00e1rodn\u00ed tenisov\u00e1 federace (ITF)<\/strong> a <strong data-start=\"942\" data-end=\"955\">GBT 20045<\/strong>, testov\u00e1n\u00ed tlaku je jedn\u00edm z nejd\u016fle\u017eit\u011bj\u0161\u00edch ukazatel\u016f kvality tenisov\u00fdch m\u00ed\u010dk\u016f. P\u0159\u00edli\u0161 m\u011bkk\u00fd nebo p\u0159\u00edli\u0161 tvrd\u00fd m\u00ed\u010d m\u016f\u017ee v\u00fdrazn\u011b ovlivnit hratelnost a nespl\u0148uje certifika\u010dn\u00ed normy.<\/p>\n<hr data-start=\"1158\" data-end=\"1161\" \/>\n<h2 data-start=\"3930\" data-end=\"4003\">Cell Instruments TBCT-01 Tester stla\u010den\u00ed tenisov\u00e9ho m\u00ed\u010dku<\/h2>\n<p data-start=\"4005\" data-end=\"4202\">Pro laborato\u0159e a v\u00fdrobce, kte\u0159\u00ed hledaj\u00ed profesion\u00e1ln\u00ed a kompatibiln\u00ed \u0159e\u0161en\u00ed, je ur\u010den tento produkt. <strong data-start=\"4091\" data-end=\"4150\">Cell Instruments TBCT-01 Tester stla\u010den\u00ed tenisov\u00e9ho m\u00ed\u010dku<\/strong> nab\u00edz\u00ed spolehlivou a automatizovanou testovac\u00ed platformu.<img fetchpriority=\"high\" decoding=\"async\" class=\"size-medium wp-image-7510 alignright\" src=\"https:\/\/www.qualitester.com\/wp-content\/uploads\/2025\/10\/TBCT-01-Tennis-Ball-Compression-Tester-300x300.jpg\" alt=\"TBCT-01 Tester stla\u010dov\u00e1n\u00ed tenisov\u00fdch m\u00ed\u010dk\u016f\" width=\"300\" height=\"300\" srcset=\"https:\/\/www.qualitester.com\/wp-content\/uploads\/2025\/10\/TBCT-01-Tennis-Ball-Compression-Tester-300x300.jpg 300w, https:\/\/www.qualitester.com\/wp-content\/uploads\/2025\/10\/TBCT-01-Tennis-Ball-Compression-Tester-150x150.jpg 150w, https:\/\/www.qualitester.com\/wp-content\/uploads\/2025\/10\/TBCT-01-Tennis-Ball-Compression-Tester-12x12.jpg 12w, https:\/\/www.qualitester.com\/wp-content\/uploads\/2025\/10\/TBCT-01-Tennis-Ball-Compression-Tester-100x100.jpg 100w, https:\/\/www.qualitester.com\/wp-content\/uploads\/2025\/10\/TBCT-01-Tennis-Ball-Compression-Tester.jpg 600w\" sizes=\"(max-width: 300px) 100vw, 300px\" \/><\/p>\n<p data-start=\"4204\" data-end=\"4233\"><strong data-start=\"4204\" data-end=\"4231\">Mezi hlavn\u00ed v\u00fdhody pat\u0159\u00ed:<\/strong><\/p>\n<ul>\n<li data-start=\"4236\" data-end=\"4298\"><strong data-start=\"4236\" data-end=\"4255\">\u00dapln\u00fd soulad<\/strong> s <strong data-start=\"4261\" data-end=\"4274\">GBT 20045<\/strong> a <strong data-start=\"4279\" data-end=\"4295\">ITF TB 03\/01<\/strong>.<\/li>\n<li data-start=\"4301\" data-end=\"4364\"><strong data-start=\"4301\" data-end=\"4333\">Vysoce p\u0159esn\u00e9 sn\u00edma\u010de s\u00edly<\/strong> pro m\u011b\u0159en\u00ed deformace.<\/li>\n<li data-start=\"4367\" data-end=\"4459\"><strong data-start=\"4367\" data-end=\"4403\">U\u017eivatelsky p\u0159\u00edv\u011btiv\u00e9 softwarov\u00e9 rozhran\u00ed<\/strong> pro automatick\u00fd sb\u011br dat a generov\u00e1n\u00ed zpr\u00e1v.<\/li>\n<li data-start=\"4462\" data-end=\"4537\"><strong data-start=\"4462\" data-end=\"4500\">D\u016fsledn\u00e1 kontrola p\u0159ed kompres\u00ed<\/strong>, \u010d\u00edm\u017e se eliminuje variabilita obsluhy.<\/li>\n<li data-start=\"4540\" data-end=\"4611\"><strong data-start=\"4540\" data-end=\"4558\">Odoln\u00fd design<\/strong> vhodn\u00e9 pro nep\u0159etr\u017eit\u00e9 laboratorn\u00ed nebo tov\u00e1rn\u00ed pou\u017eit\u00ed.<\/li>\n<\/ul>\n<p><strong>Hlavn\u00ed parametr:<\/strong><\/p>\n<table style=\"height: 396px;\" width=\"361\">\n<tbody>\n<tr>\n<td width=\"167\">Testovac\u00ed rozsah<\/td>\n<td width=\"337\">20 kg<\/td>\n<\/tr>\n<tr>\n<td width=\"167\">Mrtvice<\/td>\n<td width=\"337\">250 mm (bez desek)<\/td>\n<\/tr>\n<tr>\n<td width=\"167\">Rychlost<\/td>\n<td width=\"337\">1-500 mm\/min (nastaviteln\u00e9)<\/td>\n<\/tr>\n<tr>\n<td width=\"167\">P\u0159esnost posunut\u00ed<\/td>\n<td width=\"337\">+\/-0,01 mm<\/td>\n<\/tr>\n<tr>\n<td width=\"167\">P\u0159esnost s\u00edly<\/td>\n<td width=\"337\">\u00b10,5 % F.S.<\/td>\n<\/tr>\n<tr>\n<td width=\"167\">Pr\u016fm\u011br desky<\/td>\n<td width=\"337\">70 mm (a\u017e 100 mm)<\/td>\n<\/tr>\n<tr>\n<td width=\"167\">Ovl\u00e1d\u00e1n\u00ed a u\u017eivatelsk\u00e9 rozhran\u00ed<\/td>\n<td width=\"337\">PLC + 7\u2033 dotykov\u00fd displej HMI<\/td>\n<\/tr>\n<tr>\n<td width=\"167\">V\u00fdstup dat<\/td>\n<td width=\"337\">Obrazovka, mikrotisk\u00e1rna (voliteln\u011b), RS-232 (voliteln\u011b,export do PDF)<\/td>\n<\/tr>\n<tr>\n<td width=\"167\">Power<\/td>\n<td width=\"337\">AC 110~220V 50\/60Hz<\/td>\n<\/tr>\n<\/tbody>\n<\/table>\n<p data-start=\"4613\" data-end=\"4810\">Integrac\u00ed TBCT-01 do v\u00fdrobn\u00edch nebo kontroln\u00edch proces\u016f mohou u\u017eivatel\u00e9 zajistit, aby ka\u017ed\u00e1 kuli\u010dka spl\u0148ovala <strong data-start=\"4715\" data-end=\"4754\">mezin\u00e1rodn\u00ed standardy hratelnosti<\/strong>, co\u017e zvy\u0161uje spolehlivost v\u00fdrobku a d\u016fv\u011bryhodnost zna\u010dky.<\/p>\n<hr data-start=\"4812\" data-end=\"4815\" \/>\n<h2 data-start=\"1163\" data-end=\"1217\">V\u00fdznam kompresn\u00edho testeru tenisov\u00fdch m\u00ed\u010dk\u016f<\/h2>\n<p data-start=\"1219\" data-end=\"1516\">A <strong data-start=\"1221\" data-end=\"1255\">Tester stla\u010den\u00ed tenisov\u00e9ho m\u00ed\u010dku<\/strong> zaji\u0161\u0165uje, \u017ee ka\u017ed\u00e1 kuli\u010dka spl\u0148uje standardn\u00ed specifikace pro deformaci v kontrolovan\u00fdch podm\u00ednk\u00e1ch. Deformace odr\u00e1\u017e\u00ed rovnov\u00e1hu mezi vnit\u0159n\u00edm tlakem a pru\u017enost\u00ed pry\u017ee, co\u017e p\u0159\u00edmo ovliv\u0148uje jej\u00ed kvalitu. <strong data-start=\"1464\" data-end=\"1501\">rychlost, v\u00fd\u0161ka odrazu a ovl\u00e1d\u00e1n\u00ed<\/strong> b\u011bhem hry.<\/p>\n<p data-start=\"1518\" data-end=\"1914\">Nap\u0159\u00edklad na profesion\u00e1ln\u00edch tenisov\u00fdch turnaj\u00edch se p\u0159ij\u00edmaj\u00ed pouze m\u00ed\u010dky, kter\u00e9 projdou testem <strong data-start=\"1596\" data-end=\"1619\">Pravidla tenisu ITF<\/strong> pro kompresi a odskok. Nevyhovuj\u00edc\u00ed m\u00ed\u010de mohou zm\u011bnit rychlost rallye nebo vytv\u00e1\u0159et nespravedliv\u00e9 v\u00fdhody na kurtu. Proto je p\u0159esn\u00e9 testov\u00e1n\u00ed nezbytn\u00e9 nejen pro v\u00fdrobce, ale tak\u00e9 pro <strong data-start=\"1818\" data-end=\"1872\">organiz\u00e1to\u0159i turnaj\u016f, agentury pro kontrolu kvality<\/strong>, a <strong data-start=\"1878\" data-end=\"1911\">laborato\u0159e sportovn\u00edho vybaven\u00ed<\/strong>.<\/p>\n<hr data-start=\"1916\" data-end=\"1919\" \/>\n<h2 data-start=\"1921\" data-end=\"1958\">Princip a postup testov\u00e1n\u00ed<\/h2>\n<p data-start=\"1960\" data-end=\"2144\">Princip testov\u00e1n\u00ed je odvozen od <strong data-start=\"2002\" data-end=\"2042\">Deforma\u010dn\u00ed zku\u0161ebn\u00ed metoda ITF TB 03\/01<\/strong>, kter\u00e1 je rovn\u011b\u017e uvedena v <strong data-start=\"2062\" data-end=\"2075\">GBT 20045<\/strong>, kter\u00fd definuje proces mechanick\u00e9ho stla\u010dov\u00e1n\u00ed tenisov\u00fdch m\u00ed\u010dk\u016f.<\/p>\n<p data-start=\"2146\" data-end=\"2392\">P\u0159ed m\u011b\u0159en\u00edm je m\u00ed\u010d <strong data-start=\"2178\" data-end=\"2196\">p\u0159edkomprimovan\u00e9<\/strong> na vzd\u00e1lenost <strong data-start=\"2219\" data-end=\"2239\">2,54 cm (1 palec)<\/strong> t\u0159ikr\u00e1t pod\u00e9l ka\u017ed\u00e9 ze t\u0159\u00ed kolm\u00fdch os. Tento proces p\u0159ed\u00fapravy odstra\u0148uje \u201cnastaven\u00ed\u201d kuli\u010dky a zaji\u0161\u0165uje konzistentn\u00ed v\u00fdsledky testu.<\/p>\n<p data-start=\"2394\" data-end=\"2430\">Po dokon\u010den\u00ed p\u0159edkondicionov\u00e1n\u00ed:<\/p>\n<ol>\n<li data-start=\"2435\" data-end=\"2515\">M\u00ed\u010d je um\u00edst\u011bn mezi <strong data-start=\"2462\" data-end=\"2486\">dv\u011b paraleln\u00ed desky<\/strong> kompresn\u00edho testeru.<\/li>\n<li data-start=\"2519\" data-end=\"2589\">A <strong data-start=\"2521\" data-end=\"2544\">p\u0159edem stanoven\u00e1 s\u00edla<\/strong> se aplikuje pod\u00e9l pr\u016fm\u011bru koule.<\/li>\n<li data-start=\"2593\" data-end=\"2668\">V\u00fdsledn\u00fd <strong data-start=\"2607\" data-end=\"2641\">dop\u0159edn\u00e1 a zp\u011btn\u00e1 deformace<\/strong> jsou m\u011b\u0159eny p\u0159esn\u011b.<\/li>\n<li data-start=\"2672\" data-end=\"2746\">Hodnoty se porovn\u00e1vaj\u00ed se standardn\u00edmi rozsahy definovan\u00fdmi ITF a GBT 20045.<\/li>\n<\/ol>\n<p data-start=\"2748\" data-end=\"2908\">Aby byl m\u00ed\u010d zp\u016fsobil\u00fd k pou\u017eit\u00ed na turnaji, mus\u00ed tak\u00e9 proj\u00edt nebo b\u00fdt omezen. <strong data-start=\"2829\" data-end=\"2853\">specifick\u00e9 krou\u017ekov\u00e9 m\u011brky<\/strong> pod vlastn\u00ed vahou, co\u017e zaji\u0161\u0165uje p\u0159esnost rozm\u011br\u016f:<\/p>\n<ul>\n<li data-start=\"2912\" data-end=\"2985\"><strong data-start=\"2912\" data-end=\"2932\">M\u00ed\u010d typu 1 a 2:<\/strong> Mus\u00ed proj\u00edt p\u0159es 6,86 cm a ne p\u0159es 6,54 cm.<\/li>\n<li data-start=\"2988\" data-end=\"3057\"><strong data-start=\"2988\" data-end=\"3004\">Typ koule 3:<\/strong> Mus\u00ed proj\u00edt p\u0159es 7,30 cm a ne p\u0159es 7,00 cm.<\/li>\n<li data-start=\"3060\" data-end=\"3138\"><strong data-start=\"3060\" data-end=\"3085\">F\u00e1ze 1 (zelen\u00fd m\u00ed\u010d):<\/strong> Mus\u00ed proj\u00edt p\u0159es 6,86 cm a ne p\u0159es 6,30 cm.<\/li>\n<\/ul>\n<p data-start=\"3140\" data-end=\"3247\">Tyto p\u0159esn\u00e9 tolerance zaji\u0161\u0165uj\u00ed konzistentn\u00ed pr\u016fm\u011br a deforma\u010dn\u00ed vlastnosti v\u0161ech v\u00fdrobn\u00edch \u0161ar\u017e\u00ed.<\/p>\n<hr data-start=\"3249\" data-end=\"3252\" \/>\n<h2 data-start=\"3254\" data-end=\"3295\">Vztah k pravidl\u016fm ITF a GBT 20045<\/h2>\n<p data-start=\"3297\" data-end=\"3524\">Ob\u011b <strong data-start=\"3306\" data-end=\"3329\">Pravidla tenisu ITF<\/strong> a <strong data-start=\"3334\" data-end=\"3347\">GBT 20045<\/strong> zd\u016frazn\u011bte, \u017ee deformace koule mus\u00ed b\u00fdt testov\u00e1na pomoc\u00ed schv\u00e1len\u00e9ho kompresn\u00edho za\u0159\u00edzen\u00ed, jako je nap\u0159. <strong data-start=\"3442\" data-end=\"3470\">upraven\u00fd Stevens Stroj<\/strong> nebo ekvivalentn\u00ed. Kompresn\u00ed tester mus\u00ed b\u00fdt vybaven:<\/p>\n<ul>\n<li data-start=\"3528\" data-end=\"3585\">Dva <strong data-start=\"3532\" data-end=\"3553\">identick\u00e9 desky<\/strong> osov\u011b a rovnob\u011b\u017en\u011b.<\/li>\n<li data-start=\"3588\" data-end=\"3671\">A <strong data-start=\"3590\" data-end=\"3616\">za\u0159\u00edzen\u00ed pro m\u011b\u0159en\u00ed s\u00edly<\/strong> schopn\u00e9 zaznamenat deformaci p\u0159i p\u016fsoben\u00ed zat\u00ed\u017een\u00ed.<\/li>\n<li data-start=\"3674\" data-end=\"3744\">Pevn\u00e1 a kalibrovan\u00e1 konstrukce zaji\u0161\u0165uj\u00edc\u00ed opakovatelnost m\u011b\u0159en\u00ed.<\/li>\n<\/ul>\n<p data-start=\"3746\" data-end=\"3923\">Na str\u00e1nk\u00e1ch <strong data-start=\"3750\" data-end=\"3784\">Tester deformace tenisov\u00fdch m\u00ed\u010dk\u016f<\/strong> na z\u00e1klad\u011b t\u011bchto princip\u016f poskytuje p\u0159esn\u00e9 a reprodukovateln\u00e9 \u00fadaje, kter\u00e9 jsou kl\u00ed\u010dov\u00e9 pro ov\u011b\u0159en\u00ed shody m\u00ed\u010de s normami. <strong data-start=\"3891\" data-end=\"3920\">Po\u017eadavky na schv\u00e1len\u00ed ITF<\/strong>.<\/p>\n<hr data-start=\"3925\" data-end=\"3928\" \/>\n<h2 data-start=\"4817\" data-end=\"4854\">Pro\u010d je d\u016fle\u017eit\u00e9 testov\u00e1n\u00ed komprese<\/h2>\n<p data-start=\"4856\" data-end=\"5149\">Kompresn\u00ed zkou\u0161ky poskytuj\u00ed objektivn\u00ed \u00fadaje o <strong data-start=\"4907\" data-end=\"4928\">pocit a odezva<\/strong> tenisov\u00e9ho m\u00ed\u010dku. P\u0159\u00edli\u0161 velk\u00e1 deformace znamen\u00e1, \u017ee m\u00ed\u010dek je <strong data-start=\"4986\" data-end=\"4998\">p\u0159\u00edli\u0161 m\u011bkk\u00e9<\/strong>, co\u017e vede k ni\u017e\u0161\u00ed rychlosti a men\u0161\u00edmu odrazu. P\u0159\u00edli\u0161 mal\u00e1 deformace znamen\u00e1 <strong data-start=\"5075\" data-end=\"5092\">nadm\u011brn\u00e1 tvrdost<\/strong>, co\u017e m\u016f\u017ee zv\u00fd\u0161it \u00fanavu hr\u00e1\u010d\u016f a sn\u00ed\u017eit jejich kontrolu.<\/p>\n<p data-start=\"5151\" data-end=\"5446\">Prost\u0159ednictv\u00edm <strong data-start=\"5163\" data-end=\"5197\">Tester stla\u010den\u00ed tenisov\u00e9ho m\u00ed\u010dku<\/strong>, lze tyto jemn\u00e9 odchylky kvantifikovat a opravit ji\u017e v po\u010d\u00e1te\u010dn\u00ed f\u00e1zi v\u00fdroby. Tento p\u0159\u00edstup k testov\u00e1n\u00ed pom\u00e1h\u00e1 v\u00fdrobc\u016fm udr\u017eovat stabiln\u00ed v\u00fdkonnostn\u00ed profil nap\u0159\u00ed\u010d \u0161ar\u017eemi - co\u017e je z\u00e1sadn\u00ed po\u017eadavek pro certifikaci ITF a spokojenost z\u00e1kazn\u00edk\u016f.<\/p>\n<hr data-start=\"5448\" data-end=\"5451\" \/>\n<p data-start=\"5471\" data-end=\"5769\">Na str\u00e1nk\u00e1ch <strong data-start=\"5475\" data-end=\"5509\">Tester stla\u010den\u00ed tenisov\u00e9ho m\u00ed\u010dku<\/strong> je nepostradateln\u00fd pro zaji\u0161t\u011bn\u00ed struktur\u00e1ln\u00ed integrity a jednotnosti v\u00fdkonu tenisov\u00fdch m\u00ed\u010dk\u016f. Dodr\u017eov\u00e1n\u00edm <strong data-start=\"5624\" data-end=\"5647\">Pravidla tenisu ITF<\/strong> a <strong data-start=\"5652\" data-end=\"5665\">GBT 20045<\/strong>, mohou v\u00fdrobci s jistotou vyr\u00e1b\u011bt m\u00ed\u010de, kter\u00e9 spl\u0148uj\u00ed mezin\u00e1rodn\u00ed normy pro profesion\u00e1ln\u00ed hru.<\/p>\n<p data-start=\"5771\" data-end=\"5961\">Pro organizace, kter\u00e9 hledaj\u00ed spolehliv\u00e1, p\u0159esn\u00e1 a vyhovuj\u00edc\u00ed testovac\u00ed \u0159e\u0161en\u00ed, je ur\u010den <strong data-start=\"5856\" data-end=\"5884\">Cell Instruments TBCT-01<\/strong> p\u0159edstavuje ide\u00e1ln\u00ed volbu, kter\u00e1 vyva\u017euje p\u0159esnost, \u00fa\u010dinnost a spolehlivost.<\/p>","protected":false},"excerpt":{"rendered":"<p>In the world of professional and recreational tennis, ball consistency plays a crucial role in ensuring fair play and athlete performance. To achieve this, manufacturers and quality inspectors rely on precise testing equipment like the Tennis Ball Compression Tester. This instrument evaluates how much a tennis ball deforms under a specific force, reflecting its elasticity, &hellip;<\/p>\n<p class=\"read-more\"> <a class=\"\" href=\"https:\/\/www.qualitester.com\/cs\/produkt-2\/tennis-ball-compression-tester\/\"> <span class=\"screen-reader-text\">TBCT-01 Tester stla\u010dov\u00e1n\u00ed tenisov\u00fdch m\u00ed\u010dk\u016f<\/span> Pokra\u010dovat ve \u010dten\u00ed \"<\/a><\/p>","protected":false},"featured_media":7510,"comment_status":"closed","ping_status":"closed","template":"","meta":{"site-sidebar-layout":"default","site-content-layout":"default","ast-global-header-display":"","ast-main-header-display":"","ast-hfb-above-header-display":"","ast-hfb-below-header-display":"","ast-hfb-mobile-header-display":"","site-post-title":"","ast-breadcrumbs-content":"","ast-featured-img":"","footer-sml-layout":"","theme-transparent-header-meta":"default","adv-header-id-meta":"","stick-header-meta":"","header-above-stick-meta":"","header-main-stick-meta":"","header-below-stick-meta":""},"product_cat":[1186],"product_tag":[],"class_list":{"0":"post-7508","1":"product","2":"type-product","3":"status-publish","4":"has-post-thumbnail","6":"product_cat-compression-tester","7":"desktop-align-left","8":"tablet-align-left","9":"mobile-align-left","11":"first","12":"instock","13":"shipping-taxable","14":"product-type-simple"},"_links":{"self":[{"href":"https:\/\/www.qualitester.com\/cs\/wp-json\/wp\/v2\/product\/7508","targetHints":{"allow":["GET"]}}],"collection":[{"href":"https:\/\/www.qualitester.com\/cs\/wp-json\/wp\/v2\/product"}],"about":[{"href":"https:\/\/www.qualitester.com\/cs\/wp-json\/wp\/v2\/types\/product"}],"replies":[{"embeddable":true,"href":"https:\/\/www.qualitester.com\/cs\/wp-json\/wp\/v2\/comments?post=7508"}],"version-history":[{"count":0,"href":"https:\/\/www.qualitester.com\/cs\/wp-json\/wp\/v2\/product\/7508\/revisions"}],"wp:featuredmedia":[{"embeddable":true,"href":"https:\/\/www.qualitester.com\/cs\/wp-json\/wp\/v2\/media\/7510"}],"wp:attachment":[{"href":"https:\/\/www.qualitester.com\/cs\/wp-json\/wp\/v2\/media?parent=7508"}],"wp:term":[{"taxonomy":"product_cat","embeddable":true,"href":"https:\/\/www.qualitester.com\/cs\/wp-json\/wp\/v2\/product_cat?post=7508"},{"taxonomy":"product_tag","embeddable":true,"href":"https:\/\/www.qualitester.com\/cs\/wp-json\/wp\/v2\/product_tag?post=7508"}],"curies":[{"name":"wp","href":"https:\/\/api.w.org\/{rel}","templated":true}]}}