{"id":5382,"date":"2024-11-15T11:14:56","date_gmt":"2024-11-15T03:14:56","guid":{"rendered":"https:\/\/www.qualitester.com\/?post_type=product&#038;p=5382"},"modified":"2024-12-05T14:22:11","modified_gmt":"2024-12-05T06:22:11","slug":"sale-packaging-vibration-testing-machine","status":"publish","type":"product","link":"https:\/\/www.qualitester.com\/cs\/produkt-2\/sale-packaging-vibration-testing-machine\/","title":{"rendered":"VTM-01 Vibra\u010dn\u00ed testovac\u00ed stroj na obaly"},"content":{"rendered":"<h3>\u00davod do vibra\u010dn\u00ed zkou\u0161ky obal\u016f<\/h3>\n<p>Na str\u00e1nk\u00e1ch <strong>Balic\u00ed vibra\u010dn\u00ed testovac\u00ed stroj<\/strong> je robustn\u00ed a nezbytn\u00fd n\u00e1stroj pro pr\u016fmyslov\u00e1 odv\u011btv\u00ed, kter\u00e1 se sna\u017e\u00ed zajistit odolnost a spolehlivost obal\u016f v re\u00e1ln\u00fdch podm\u00ednk\u00e1ch. Tento stroj je ur\u010den k testov\u00e1n\u00ed kompletn\u00edch p\u0159epravn\u00edch obal\u016f nebo napln\u011bn\u00fdch kusov\u00fdch z\u00e1silek a pom\u00e1h\u00e1 simulovat nam\u00e1h\u00e1n\u00ed, kter\u00e9mu jsou obaly vystaveny p\u0159i manipulaci, p\u0159eprav\u011b a skladov\u00e1n\u00ed. Tento stroj je \u0161iroce pou\u017eiteln\u00fd v odv\u011btv\u00edch, jako je balen\u00ed, potravin\u00e1\u0159stv\u00ed, farmacie, elektronika a kontrola kvality, a je neoceniteln\u00fd p\u0159i ov\u011b\u0159ov\u00e1n\u00ed, zda obaly poskytuj\u00ed dostate\u010dnou ochranu sv\u00e9mu obsahu.<\/p>\n<h2>Kl\u00ed\u010dov\u00e9 aplikace vibra\u010dn\u00edho testovac\u00edho stroje na balen\u00ed<\/h2>\n<p>N\u00e1\u0161 vibra\u010dn\u00ed testovac\u00ed stroj na obaly poskytuje kontrolovan\u00e9 prost\u0159ed\u00ed pro posouzen\u00ed, jak dob\u0159e obal odol\u00e1v\u00e1 n\u00edzkofrekven\u010dn\u00edm vibrac\u00edm. Je ide\u00e1ln\u00ed pro:<\/p>\n<ul>\n<li>Hodnocen\u00ed struktur\u00e1ln\u00ed integrity p\u0159epravn\u00edch obal\u016f a zaji\u0161t\u011bn\u00ed ochrann\u00fdch vlastnost\u00ed.<\/li>\n<li>Testov\u00e1n\u00ed napln\u011bn\u00fdch jednotek, aby se zabr\u00e1nilo mo\u017en\u00e9mu po\u0161kozen\u00ed v\u00fdrobku b\u011bhem distribuce.<\/li>\n<li>Prov\u00e1d\u011bn\u00ed hodnocen\u00ed odolnosti obal\u016f pou\u017e\u00edvan\u00fdch v r\u016fzn\u00fdch pr\u016fmyslov\u00fdch odv\u011btv\u00edch a zaji\u0161t\u011bn\u00ed ochrany obsahu p\u0159ed n\u00e1razy, vibracemi a hrub\u00fdm zach\u00e1zen\u00edm.<\/li>\n<\/ul>\n<h2>Princip fungov\u00e1n\u00ed vibra\u010dn\u00edho testovac\u00edho stroje na obaly<\/h2>\n<p>Tento stroj pracuje na z\u00e1klad\u011b sinusov\u00e9ho buzen\u00ed s pevnou n\u00edzkou frekvenc\u00ed. Zku\u0161ebn\u00ed vzorky se um\u00edst\u00ed na vibra\u010dn\u00ed st\u016fl, kde jsou za kontrolovan\u00fdch podm\u00ednek vystaveny vibra\u010dn\u00edm sil\u00e1m, kter\u00e9 napodobuj\u00ed p\u0159epravn\u00ed prost\u0159ed\u00ed. Podm\u00ednky, jako jsou atmosf\u00e9rick\u00e9 parametry, frekvence vibrac\u00ed, doba trv\u00e1n\u00ed a zp\u016fsob omezen\u00ed, jsou p\u0159edem nastaveny tak, aby byly p\u0159esn\u00e9. D\u00edky automatizovan\u00fdm elektronick\u00fdm metod\u00e1m m\u011b\u0159en\u00ed tento vibra\u010dn\u00ed testovac\u00ed stroj zefektiv\u0148uje testov\u00e1n\u00ed pro dosa\u017een\u00ed rychlosti a p\u0159esnosti, \u010d\u00edm\u017e pom\u00e1h\u00e1 omezit lidsk\u00e9 chyby a poskytuje opakovateln\u00e9 v\u00fdsledky.<\/p>\n<h2>V\u00fdhody pou\u017e\u00edv\u00e1n\u00ed vibra\u010dn\u00edho testovac\u00edho stroje na obaly<\/h2>\n<ul>\n<li><strong>Vysok\u00e1 p\u0159esnost<\/strong>: Automatizovan\u00e1 a elektronick\u00e1 m\u011b\u0159en\u00ed zvy\u0161uj\u00ed p\u0159esnost a konzistenci v\u0161ech test\u016f a eliminuj\u00ed subjektivitu.<\/li>\n<li><strong>Snadnost pou\u017eit\u00ed<\/strong>: Pro zah\u00e1jen\u00ed testov\u00e1n\u00ed sta\u010d\u00ed bal\u00ed\u010dek um\u00edstit na plo\u0161inu, co\u017e je p\u0159\u00edstupn\u00e9 i pro obsluhu s minim\u00e1ln\u00edm vzd\u011bl\u00e1n\u00edm.<\/li>\n<li><strong>Efektivn\u00ed testov\u00e1n\u00ed<\/strong>: Funkce automatick\u00e9ho n\u00e1vratu stroje umo\u017e\u0148uje nep\u0159etr\u017eit\u00e9 a efektivn\u00ed testov\u00e1n\u00ed bez nutnosti ru\u010dn\u00edho resetov\u00e1n\u00ed, co\u017e \u0161et\u0159\u00ed \u010das a pr\u00e1ci.<\/li>\n<\/ul>\n<p>Tento stroj je d\u016fle\u017eit\u00fdm n\u00e1strojem pro spole\u010dnosti, kter\u00e9 usiluj\u00ed o spolehlivou kontrolu kvality v oblasti balen\u00ed a distribuce.<\/p>\n<h2>Soulad s hlavn\u00edmi standardy<\/h2>\n<h3>ASTM D999: Standard pro vibra\u010dn\u00ed zkou\u0161ky<\/h3>\n<p><a href=\"https:\/\/www.astm.org\/d0999-08r15.html\" target=\"_blank\" rel=\"noopener nofollow\">ASTM D999<\/a> je autoritativn\u00ed standard pro testov\u00e1n\u00ed n\u00edzkofrekven\u010dn\u00edch vibrac\u00ed, kter\u00fd je speci\u00e1ln\u011b navr\u017een pro hodnocen\u00ed odolnosti obal\u016f proti vibrac\u00edm, kter\u00e9 napodobuj\u00ed podm\u00ednky p\u0159epravy. Tato norma popisuje zku\u0161ebn\u00ed metody pro p\u0159esn\u00e9 posouzen\u00ed vlastnost\u00ed obal\u016f, kter\u00e9 pom\u00e1haj\u00ed zajistit bezpe\u010dnost v\u00fdrobk\u016f a minimalizovat jejich po\u0161kozen\u00ed b\u011bhem p\u0159epravy. D\u00edky slad\u011bn\u00ed s <a href=\"https:\/\/www.qualitester.com\/cs\/kategorie-produktu\/astm\/astm-d999\/\" target=\"_blank\" rel=\"noopener\">ASTM D999<\/a>, n\u00e1\u0161 stroj nab\u00edz\u00ed spolehliv\u00e9 a standardizovan\u00e9 vibra\u010dn\u00ed zkou\u0161ky v souladu s nejlep\u0161\u00edmi pr\u016fmyslov\u00fdmi postupy.<\/p>\n<h3>ISO 2247: Po\u017eadavky na balen\u00ed a distribuci<\/h3>\n<p><a href=\"https:\/\/www.iso.org\/standard\/32412.html\" target=\"_blank\" rel=\"noopener nofollow\">ISO 2247<\/a> podrobn\u011b popisuje po\u017eadavky na vibra\u010dn\u00ed zkou\u0161ky nutn\u00e9 pro obaly ur\u010den\u00e9 k celosv\u011btov\u00e9 distribuci. D\u00edky dodr\u017een\u00ed normy ISO 2247 zaji\u0161\u0165uje vibra\u010dn\u00ed testovac\u00ed stroj na obaly, \u017ee obaly spl\u0148uj\u00ed po\u017eadavky na trvanlivost a bezpe\u010dnost podle mezin\u00e1rodn\u00edch norem. Toto slad\u011bn\u00ed s normou ISO 2247 poskytuje spole\u010dnostem v\u011bt\u0161\u00ed jistotu, \u017ee jejich obalov\u00e1 \u0159e\u0161en\u00ed jsou v souladu s po\u017eadavky na glob\u00e1ln\u00ed p\u0159epravu.<\/p>\n<h3>Technick\u00e9 specifikace vibra\u010dn\u00edho testovac\u00edho stroje na obaly<\/h3>\n<ul>\n<li><strong>Frekven\u010dn\u00ed rozsah<\/strong>: Sada pokr\u00fdv\u00e1 typick\u00e9 n\u00edzkofrekven\u010dn\u00ed po\u017eadavky p\u0159i simulac\u00edch dopravy.<\/li>\n<li><strong>Kapacita zat\u00ed\u017een\u00ed<\/strong>: Navr\u017eeno pro manipulaci s r\u016fzn\u00fdmi velikostmi a hmotnostmi balen\u00ed.<\/li>\n<li><strong>Rozm\u011bry stolu<\/strong>: Dostate\u010dn\u011b velk\u00fd pro ulo\u017een\u00ed r\u016fzn\u00fdch zku\u0161ebn\u00edch vzork\u016f, kter\u00fd nab\u00edz\u00ed flexibilitu pro r\u016fzn\u00e9 typy v\u00fdrobk\u016f.<\/li>\n<li><strong>Re\u017eimy testov\u00e1n\u00ed<\/strong>: Podporuje simulace vibrac\u00ed s pevnou frekvenc\u00ed a opakovan\u00fdch n\u00e1raz\u016f, aby vyhov\u011bl r\u016fzn\u00fdm pot\u0159eb\u00e1m testov\u00e1n\u00ed.<\/li>\n<\/ul>\n<h2>Jak vibra\u010dn\u00ed testovac\u00ed stroj na obaly zaji\u0161\u0165uje bezpe\u010dnost v\u00fdrobk\u016f<\/h2>\n<p>Pou\u017eit\u00ed vibra\u010dn\u00edho testovac\u00edho stroje pro balen\u00ed umo\u017e\u0148uje v\u00fdrobc\u016fm a odes\u00edlatel\u016fm p\u0159edv\u00eddat a zm\u00edr\u0148ovat rizika, kter\u00fdm mohou v\u00fdrobky p\u0159i p\u0159eprav\u011b \u010delit. D\u00edky simulaci re\u00e1ln\u00fdch podm\u00ednek umo\u017e\u0148uje tento stroj v\u010das identifikovat slab\u00e1 m\u00edsta obal\u016f, sn\u00ed\u017eit po\u010det vr\u00e1cen\u00fdch v\u00fdrobk\u016f a zv\u00fd\u0161it spokojenost z\u00e1kazn\u00edk\u016f. Tento stroj je nezbytn\u00fd pro odd\u011blen\u00ed kontroly kvality zam\u011b\u0159en\u00e1 na stabilitu p\u0159epravy a ochranu v\u00fdrobk\u016f od za\u010d\u00e1tku do konce.<\/p>\n<h2>Dodate\u010dn\u00e1 shoda s normami (\u0159ada ISTA, GB 4857.7)<\/h2>\n<p>Krom\u011b norem ASTM D999 a ISO 2247 spl\u0148uje n\u00e1\u0161 vibra\u010dn\u00ed testovac\u00ed stroj na obaly tak\u00e9 normy \u0159ady ISTA a GB 4857.7. D\u00edky t\u011bmto dal\u0161\u00edm norm\u00e1m je stroj kompatibiln\u00ed s \u0159adou mezin\u00e1rodn\u00edch zku\u0161ebn\u00edch protokol\u016f, co\u017e d\u00e1le posiluje jeho univerz\u00e1lnost a d\u016fv\u011bryhodnost v oblasti glob\u00e1ln\u00edho zaji\u0161\u0165ov\u00e1n\u00ed kvality obal\u016f.<\/p>\n<p>Vibra\u010dn\u00ed testovac\u00ed stroj pro balen\u00ed je ide\u00e1ln\u00edm \u0159e\u0161en\u00edm pro spole\u010dnosti, kter\u00e9 kladou d\u016fraz na kvalitu balen\u00ed, spolehlivost a dodr\u017eov\u00e1n\u00ed mezin\u00e1rodn\u00edch norem. Pomoc\u00ed tohoto stroje mohou spole\u010dnosti zlep\u0161it sv\u00e9 procesy kontroly kvality pomoc\u00ed vysoce p\u0159esn\u00e9ho a standardizovan\u00e9ho vibra\u010dn\u00edho testov\u00e1n\u00ed, kter\u00e9 je v souladu s normami ASTM D999 a ISO 2247. D\u00edky u\u017eivatelsky p\u0159\u00edv\u011btiv\u00e9mu designu, automatizovan\u00fdm funkc\u00edm a robustn\u00edmu v\u00fdkonu je n\u00e1\u0161 vibra\u010dn\u00ed testovac\u00ed stroj cennou investic\u00ed do kvality v\u00fdrobk\u016f a spokojenosti z\u00e1kazn\u00edk\u016f.<\/p>","protected":false},"excerpt":{"rendered":"<p>Na str\u00e1nk\u00e1ch <strong>Balic\u00ed vibra\u010dn\u00ed testovac\u00ed stroj<\/strong> je robustn\u00ed a nezbytn\u00fd n\u00e1stroj pro pr\u016fmyslov\u00e1 odv\u011btv\u00ed, kter\u00e1 se sna\u017e\u00ed zajistit odolnost a spolehlivost obal\u016f v re\u00e1ln\u00fdch podm\u00ednk\u00e1ch. Tento stroj je ur\u010den k testov\u00e1n\u00ed kompletn\u00edch p\u0159epravn\u00edch obal\u016f nebo napln\u011bn\u00fdch kusov\u00fdch z\u00e1silek a pom\u00e1h\u00e1 simulovat nam\u00e1h\u00e1n\u00ed, kter\u00e9mu jsou obaly vystaveny p\u0159i manipulaci, p\u0159eprav\u011b a skladov\u00e1n\u00ed. Tento stroj je \u0161iroce pou\u017eiteln\u00fd v odv\u011btv\u00edch, jako je balen\u00ed, potravin\u00e1\u0159stv\u00ed, farmacie, elektronika a kontrola kvality, a je neoceniteln\u00fd p\u0159i ov\u011b\u0159ov\u00e1n\u00ed, zda obaly poskytuj\u00ed dostate\u010dnou ochranu sv\u00e9mu obsahu.<\/p>","protected":false},"featured_media":6256,"comment_status":"closed","ping_status":"closed","template":"","meta":{"site-sidebar-layout":"default","site-content-layout":"default","ast-global-header-display":"","ast-main-header-display":"","ast-hfb-above-header-display":"","ast-hfb-below-header-display":"","ast-hfb-mobile-header-display":"","site-post-title":"","ast-breadcrumbs-content":"","ast-featured-img":"","footer-sml-layout":"","theme-transparent-header-meta":"default","adv-header-id-meta":"","stick-header-meta":"","header-above-stick-meta":"","header-main-stick-meta":"","header-below-stick-meta":""},"product_cat":[845,1112,1161,17,95],"product_tag":[],"class_list":{"0":"post-5382","1":"product","2":"type-product","3":"status-publish","4":"has-post-thumbnail","6":"product_cat-customization","7":"product_cat-astm-d999","8":"product_cat-iso-2247","9":"product_cat-package-container-testers","10":"product_cat-products","11":"desktop-align-left","12":"tablet-align-left","13":"mobile-align-left","15":"first","16":"instock","17":"shipping-taxable","18":"product-type-simple"},"_links":{"self":[{"href":"https:\/\/www.qualitester.com\/cs\/wp-json\/wp\/v2\/product\/5382","targetHints":{"allow":["GET"]}}],"collection":[{"href":"https:\/\/www.qualitester.com\/cs\/wp-json\/wp\/v2\/product"}],"about":[{"href":"https:\/\/www.qualitester.com\/cs\/wp-json\/wp\/v2\/types\/product"}],"replies":[{"embeddable":true,"href":"https:\/\/www.qualitester.com\/cs\/wp-json\/wp\/v2\/comments?post=5382"}],"version-history":[{"count":0,"href":"https:\/\/www.qualitester.com\/cs\/wp-json\/wp\/v2\/product\/5382\/revisions"}],"wp:featuredmedia":[{"embeddable":true,"href":"https:\/\/www.qualitester.com\/cs\/wp-json\/wp\/v2\/media\/6256"}],"wp:attachment":[{"href":"https:\/\/www.qualitester.com\/cs\/wp-json\/wp\/v2\/media?parent=5382"}],"wp:term":[{"taxonomy":"product_cat","embeddable":true,"href":"https:\/\/www.qualitester.com\/cs\/wp-json\/wp\/v2\/product_cat?post=5382"},{"taxonomy":"product_tag","embeddable":true,"href":"https:\/\/www.qualitester.com\/cs\/wp-json\/wp\/v2\/product_tag?post=5382"}],"curies":[{"name":"wp","href":"https:\/\/api.w.org\/{rel}","templated":true}]}}