{"id":5377,"date":"2024-11-15T11:08:36","date_gmt":"2024-11-15T03:08:36","guid":{"rendered":"https:\/\/www.qualitester.com\/?post_type=product&#038;p=5377"},"modified":"2024-12-05T14:18:23","modified_gmt":"2024-12-05T06:18:23","slug":"sale-bottle-crush-testing-machine","status":"publish","type":"product","link":"https:\/\/www.qualitester.com\/cs\/produkt-2\/sale-bottle-crush-testing-machine\/","title":{"rendered":"TLT-02 Zku\u0161ebn\u00ed stroj na drcen\u00ed lahv\u00ed"},"content":{"rendered":"<h2>\u00davod do testovac\u00edho stroje na drcen\u00ed lahv\u00ed<\/h2>\n<p>Na str\u00e1nk\u00e1ch <strong>Zku\u0161ebn\u00ed stroj na drcen\u00ed lahv\u00ed<\/strong> je specializovan\u00fd p\u0159\u00edstroj ur\u010den\u00fd k posouzen\u00ed struktur\u00e1ln\u00ed integrity a pevnosti v tlaku lahv\u00ed a n\u00e1dob, v\u010detn\u011b plastov\u00fdch, sklen\u011bn\u00fdch a kompozitn\u00edch materi\u00e1l\u016f. D\u00edky simulaci tlak\u016f p\u0159i horn\u00edm zat\u00ed\u017een\u00ed podobn\u00fdch t\u011bm, kter\u00e9 se vyskytuj\u00ed p\u0159i stohov\u00e1n\u00ed, p\u0159eprav\u011b a skladov\u00e1n\u00ed, pom\u00e1h\u00e1 tento p\u0159\u00edstroj zajistit, aby kontejnery vydr\u017eely nam\u00e1h\u00e1n\u00ed p\u0159i distribuci, ani\u017e by se zhroutily nebo deformovaly. Pro pr\u016fmyslov\u00e1 odv\u011btv\u00ed, jako jsou obaly, potraviny, n\u00e1poje a l\u00e9\u010diva, je testov\u00e1n\u00ed tlakem lahv\u00ed nezbytn\u00e9 pro zachov\u00e1n\u00ed bezpe\u010dnosti v\u00fdrobk\u016f a minimalizaci potenci\u00e1ln\u00edch ztr\u00e1t zp\u016fsoben\u00fdch selh\u00e1n\u00edm kontejneru.<\/p>\n<h2>Kl\u00ed\u010dov\u00e9 aplikace testov\u00e1n\u00ed drcen\u00ed lahv\u00ed<\/h2>\n<p>Tento stroj pln\u00ed d\u016fle\u017eitou \u00falohu v r\u016fzn\u00fdch pr\u016fmyslov\u00fdch odv\u011btv\u00edch, v\u010detn\u011b:<\/p>\n<ul>\n<li><strong>Balen\u00ed<\/strong>: Zaji\u0161\u0165uje trvanlivost obalu p\u0159i skladov\u00e1n\u00ed a p\u0159eprav\u011b.<\/li>\n<li><strong>Potraviny a n\u00e1poje<\/strong>: Ov\u011b\u0159ov\u00e1n\u00edm pevnosti n\u00e1doby zabra\u0148uje \u00faniku a kontaminaci.<\/li>\n<li><strong>Farmaceutick\u00e9 produkty<\/strong>: Chr\u00e1n\u00ed k\u0159ehk\u00e9 a citliv\u00e9 v\u00fdrobky p\u0159i manipulaci.<\/li>\n<li><strong>Denn\u00ed chemik\u00e1lie a kosmetika<\/strong>: Udr\u017eov\u00e1n\u00ed dobr\u00e9ho jm\u00e9na zna\u010dky potvrzov\u00e1n\u00edm kvality obal\u016f.<\/li>\n<\/ul>\n<p>Zku\u0161ebn\u00ed stroj na drcen\u00ed lahv\u00ed je vhodn\u00fd pro testov\u00e1n\u00ed r\u016fzn\u00fdch typ\u016f n\u00e1dob, je velmi univerz\u00e1ln\u00ed a dok\u00e1\u017ee pracovat s lahvemi, sklenicemi, kartony, sudy a dal\u0161\u00edmi typy n\u00e1dob.<\/p>\n<h2>Technick\u00e9 vlastnosti zku\u0161ebn\u00edho stroje na drcen\u00ed lahv\u00ed<\/h2>\n<p>N\u00e1\u0161 stroj na zkou\u0161en\u00ed drcen\u00ed lahv\u00ed je vybaven pokro\u010dil\u00fdmi funkcemi, kter\u00e9 poskytuj\u00ed spolehliv\u00e9 a p\u0159esn\u00e9 v\u00fdsledky:<\/p>\n<ul>\n<li><strong>\u0158\u00edzen\u00ed PLC s dotykovou obrazovkou HMI<\/strong>: \u0158\u00eddic\u00ed syst\u00e9m PLC zaji\u0161\u0165uje stabiln\u00ed provoz a 7palcov\u00e1 dotykov\u00e1 obrazovka HMI umo\u017e\u0148uje intuitivn\u00ed a u\u017eivatelsky p\u0159\u00edv\u011btiv\u00e9 testov\u00e1n\u00ed.<\/li>\n<li><strong>P\u0159esn\u00fd mechanismus kuli\u010dkov\u00e9ho \u0161roubu<\/strong>: Tento mechanismus zaru\u010duje konstantn\u00ed rychlost testu a p\u0159esnou kontrolu posunu, \u010d\u00edm\u017e zvy\u0161uje spolehlivost ka\u017ed\u00e9ho testu.<\/li>\n<li><strong>V\u00edce p\u0159izp\u016fsobiteln\u00fdch testovac\u00edch re\u017eim\u016f<\/strong>:\n<ul>\n<li><em>\u0160pi\u010dkov\u00fd re\u017eim<\/em>: M\u011b\u0159\u00ed maxim\u00e1ln\u00ed zat\u00ed\u017een\u00ed v tlaku.<\/li>\n<li><em>Pevn\u00fd re\u017eim deformace<\/em>: M\u011b\u0159\u00ed zat\u00ed\u017een\u00ed p\u0159i nastaven\u00e9 deformaci.<\/li>\n<li><em>Re\u017eim pevn\u00e9ho zat\u00ed\u017een\u00ed<\/em>: Sleduje deformaci p\u0159i konstantn\u00edm zat\u00ed\u017een\u00ed.<\/li>\n<li><em>Jednoduch\u00e1 komprese<\/em>: Pro anal\u00fdzu se jednou pou\u017eije komprese.<\/li>\n<li><em>Komprese cyklu<\/em>: Opakuje kompresi v cyklech za \u00fa\u010delem vyhodnocen\u00ed odolnosti.<\/li>\n<\/ul>\n<\/li>\n<li><strong>Bezpe\u010dnostn\u00ed prvky<\/strong>: Je vybaven ochranou proti p\u0159et\u00ed\u017een\u00ed, funkc\u00ed automatick\u00e9ho n\u00e1vratu a kompatibilitou s r\u016fzn\u00fdmi velikostmi desek pro r\u016fzn\u00e9 tvary a rozm\u011bry n\u00e1dob.<\/li>\n<li><strong>Mo\u017enosti spr\u00e1vy dat<\/strong>: Obsahuje mikrotisk\u00e1rnu pro v\u00fdstup dat a port RS232 pro bezprobl\u00e9mov\u00fd p\u0159enos dat, kter\u00fd podporuje extern\u00ed anal\u00fdzu s volitelnou softwarovou integrac\u00ed.<\/li>\n<\/ul>\n<h2>Porozum\u011bn\u00ed testu horn\u00edho zat\u00ed\u017een\u00ed plastov\u00fdch lahv\u00ed<\/h2>\n<p>Na str\u00e1nk\u00e1ch <strong>Zkou\u0161ka horn\u00edho zat\u00ed\u017een\u00ed plastov\u00e9 l\u00e1hve<\/strong> je z\u00e1sadn\u00ed pro posouzen\u00ed pevnosti l\u00e1hve proti vertik\u00e1ln\u00edmu tlaku p\u016fsob\u00edc\u00edmu shora. Tato zkou\u0161ka, kter\u00e1 je zvl\u00e1\u0161t\u011b d\u016fle\u017eit\u00e1 pro plastov\u00e9 l\u00e1hve, hodnot\u00ed, jak velk\u00e9 zat\u00ed\u017een\u00ed l\u00e1hev snese, ani\u017e by se deformovala nebo zhroutila. Vy\u010d\u00edslen\u00edm odolnosti proti zat\u00ed\u017een\u00ed shora mohou v\u00fdrobci optimalizovat pou\u017eit\u00ed materi\u00e1lu a z\u00e1rove\u0148 zajistit, aby n\u00e1doby z\u016fstaly dostate\u010dn\u011b odoln\u00e9 pro prost\u0159ed\u00ed s vysok\u00fdm zat\u00ed\u017een\u00edm, jako je stohov\u00e1n\u00ed ve skladu a p\u0159epravn\u00ed logistika.<\/p>\n<h2>Normy a dodr\u017eov\u00e1n\u00ed p\u0159edpis\u016f: Vysv\u011btlen\u00ed normy ASTM D2659<\/h2>\n<p><a href=\"https:\/\/www.astm.org\/standards\/d2659.htm\" target=\"_blank\" rel=\"noopener nofollow\"><strong>ASTM D2659<\/strong><\/a> je standardn\u00ed zku\u0161ebn\u00ed metoda pro stanoven\u00ed odolnosti plastov\u00fdch n\u00e1dob proti tlaku, konkr\u00e9tn\u011b pro m\u011b\u0159en\u00ed jejich schopnosti sn\u00e1\u0161et tlak p\u0159i horn\u00edm zat\u00ed\u017een\u00ed bez poru\u0161en\u00ed. V souladu s normou ASTM D2659 hodnot\u00ed n\u00e1\u0161 stroj na zkou\u0161en\u00ed tlakem na l\u00e1hve odolnost n\u00e1dob p\u016fsoben\u00edm tlakov\u00fdch sil shora, dokud nedojde ke struktur\u00e1ln\u00ed deformaci nebo zhroucen\u00ed.<\/p>\n<p>Tento stroj je kompatibiln\u00ed i s dal\u0161\u00edmi pr\u016fmyslov\u00fdmi standardy, co\u017e zvy\u0161uje jeho univerz\u00e1lnost:<\/p>\n<ul>\n<li><a href=\"https:\/\/www.astm.org\/d4577-19.html\" target=\"_blank\" rel=\"noopener nofollow\"><strong>ASTM D4577<\/strong><\/a>: Vyhodnocuje v\u00fdkonnost kontejneru p\u0159i statick\u00e9m zat\u00ed\u017een\u00ed.<\/li>\n<li><a href=\"https:\/\/www.astm.org\/d0642-20.html\" target=\"_blank\" rel=\"noopener nofollow\"><strong>ASTM D642<\/strong><\/a>: M\u011b\u0159\u00ed odolnost p\u0159epravn\u00edch kontejner\u016f a krabic proti tlaku.<\/li>\n<li><a href=\"https:\/\/www.iso.org\/standard\/35617.html\" target=\"_blank\" rel=\"noopener nofollow\"><strong>ISO 8113<\/strong><\/a>: Zkou\u0161ky mechanick\u00e9 stability obal\u016f.<\/li>\n<li><a href=\"https:\/\/www.astm.org\/d4169-22.html\" target=\"_blank\" rel=\"noopener nofollow\"><strong>ASTM D4169<\/strong><\/a>: Simuluje podm\u00ednky distribu\u010dn\u00edho prost\u0159ed\u00ed pro testov\u00e1n\u00ed v\u00fdkonnosti balen\u00ed.<\/li>\n<\/ul>\n<h2>Pracovn\u00ed princip zku\u0161ebn\u00edho stroje na drcen\u00ed lahv\u00ed<\/h2>\n<p>Zku\u0161ebn\u00ed stroj na drcen\u00ed lahv\u00ed funguje tak, \u017ee se n\u00e1doba um\u00edst\u00ed na zku\u0161ebn\u00ed plo\u0161inu a postupn\u011b se na ni vyv\u00edj\u00ed tlak s horn\u00edm zat\u00ed\u017een\u00edm, dokud se nedeformuje nebo nezhrout\u00ed. Stroj zaznamen\u00e1v\u00e1 \u00fadaje o \u0161pi\u010dkov\u00e9 s\u00edle, kter\u00e9 se analyzuj\u00ed za \u00fa\u010delem posouzen\u00ed pevnosti konstrukce podle specifikovan\u00fdch norem, jako je ASTM D2659. Tento stroj poskytuje p\u0159esn\u00e9 a opakovateln\u00e9 v\u00fdsledky a zaji\u0161\u0165uje, \u017ee v\u00fdrobci mohou ov\u011b\u0159it integritu obalu p\u0159i manipulaci v re\u00e1ln\u00e9m prost\u0159ed\u00ed.<\/p>\n<h2>Hlavn\u00ed parametry zku\u0161ebn\u00edho stroje na drcen\u00ed lahv\u00ed<\/h2>\n<p>Tento stroj je vysoce konfigurovateln\u00fd, aby vyhovoval r\u016fzn\u00fdm po\u017eadavk\u016fm na testov\u00e1n\u00ed:<\/p>\n<ul>\n<li><strong>Rozsah zat\u00ed\u017een\u00ed<\/strong>: Vysok\u00fd rozsah zat\u00ed\u017een\u00ed a p\u0159esnost vhodn\u00e9 pro r\u016fzn\u00e9 typy kontejner\u016f.<\/li>\n<li><strong>Nastaviteln\u00e1 rychlost<\/strong>: Umo\u017e\u0148uje nastaven\u00ed rychlosti podle konkr\u00e9tn\u00edch testovac\u00edch protokol\u016f.<\/li>\n<li><strong>Kompatibilita s kompresn\u00ed deskou<\/strong>: Vym\u011bniteln\u00e9 desky pro r\u016fzn\u00e9 velikosti a tvary n\u00e1dob.<\/li>\n<li><strong>Mo\u017enosti exportu dat<\/strong>: Mikrotisk\u00e1rna a p\u0159ipojen\u00ed RS232 pro efektivn\u00ed zpracov\u00e1n\u00ed dat.<\/li>\n<\/ul>\n<h2>V\u00fdhody zku\u0161ebn\u00edho stroje na drcen\u00ed lahv\u00ed<\/h2>\n<ul>\n<li><strong>\u00daspora n\u00e1klad\u016f a efektivita<\/strong>: Minimalizuje pl\u00fdtv\u00e1n\u00ed obalov\u00fdm materi\u00e1lem potvrzen\u00edm po\u017eadovan\u00e9 pevnosti, \u010d\u00edm\u017e sni\u017euje n\u00e1klady spojen\u00e9 s vracen\u00edm a v\u00fdm\u011bnou v\u00fdrobk\u016f.<\/li>\n<li><strong>Spolehlivost a ochrana zna\u010dky<\/strong>: Zvy\u0161uje spolehlivost v\u00fdrobk\u016f d\u00edky p\u0159esn\u00e9mu testov\u00e1n\u00ed, \u010d\u00edm\u017e pom\u00e1h\u00e1 chr\u00e1nit pov\u011bst zna\u010dky a zaji\u0161\u0165uje spokojenost spot\u0159ebitel\u016f.<\/li>\n<\/ul>\n<h2>\u010cast\u00e9 dotazy t\u00fdkaj\u00edc\u00ed se testovac\u00edch stroj\u016f na drcen\u00ed lahv\u00ed<\/h2>\n<ol>\n<li><strong>Co je to test rozdrcen\u00ed l\u00e1hve a pro\u010d je d\u016fle\u017eit\u00fd?<\/strong>\n<ul>\n<li>P\u0159i zkou\u0161ce tlakem na l\u00e1hev se hodnot\u00ed trvanlivost n\u00e1doby a zaji\u0161\u0165uje se, \u017ee l\u00e1hev vydr\u017e\u00ed z\u00e1t\u011b\u017e p\u0159i manipulaci, ani\u017e by se rozbila nebo zdeformovala.<\/li>\n<\/ul>\n<\/li>\n<li><strong>Jak se norma ASTM D2659 vztahuje na zkou\u0161en\u00ed drcen\u00ed lahv\u00ed?<\/strong>\n<ul>\n<li>Norma ASTM D2659 popisuje postupy pro hodnocen\u00ed pevnosti plastov\u00fdch n\u00e1dob v tlaku, kter\u00e9 zaji\u0161\u0165uj\u00ed shodu s pr\u016fmyslov\u00fdmi normami pro trvanlivost.<\/li>\n<\/ul>\n<\/li>\n<li><strong>Jak\u00e9 typy lahv\u00ed m\u016f\u017ee tento p\u0159\u00edstroj testovat?<\/strong>\n<ul>\n<li>Tento stroj je v\u0161estrann\u00fd a podporuje r\u016fzn\u00e9 typy lahv\u00ed a n\u00e1dob, v\u010detn\u011b plastov\u00fdch, sklen\u011bn\u00fdch a kompozitn\u00edch lahv\u00ed.<\/li>\n<\/ul>\n<\/li>\n<li><strong>Jak stroj zaji\u0161\u0165uje p\u0159esnost v\u00fdsledk\u016f test\u016f?<\/strong>\n<ul>\n<li>D\u00edky \u0159\u00edzen\u00ed PLC, p\u0159esn\u00fdm vodic\u00edm \u0161roub\u016fm a n\u011bkolika testovac\u00edm re\u017eim\u016fm poskytuje stroj konzistentn\u00ed a opakovateln\u00e9 v\u00fdsledky pro spolehliv\u00e9 hodnocen\u00ed v\u00fdkonu.<\/li>\n<\/ul>\n<\/li>\n<li><strong>Jak\u00e9 jsou kl\u00ed\u010dov\u00e9 vlastnosti, d\u00edky nim\u017e je tento stroj spolehliv\u00fd?<\/strong>\n<ul>\n<li>Pokro\u010dil\u00e9 \u0159\u00edzen\u00ed PLC, p\u0159izp\u016fsobiteln\u00e9 mo\u017enosti testov\u00e1n\u00ed, bezpe\u010dnostn\u00ed mechanismy a rozs\u00e1hl\u00e9 mo\u017enosti spr\u00e1vy dat zaji\u0161\u0165uj\u00ed p\u0159esnost, efektivitu a snadn\u00e9 pou\u017eit\u00ed.<\/li>\n<\/ul>\n<\/li>\n<\/ol>","protected":false},"excerpt":{"rendered":"<p>Na str\u00e1nk\u00e1ch <strong>Zku\u0161ebn\u00ed stroj na drcen\u00ed lahv\u00ed<\/strong> je specializovan\u00fd p\u0159\u00edstroj ur\u010den\u00fd k posouzen\u00ed struktur\u00e1ln\u00ed integrity a pevnosti v tlaku lahv\u00ed a n\u00e1dob, v\u010detn\u011b plastov\u00fdch, sklen\u011bn\u00fdch a kompozitn\u00edch materi\u00e1l\u016f. D\u00edky simulaci tlak\u016f p\u0159i horn\u00edm zat\u00ed\u017een\u00ed podobn\u00fdch t\u011bm, kter\u00e9 se vyskytuj\u00ed p\u0159i stohov\u00e1n\u00ed, p\u0159eprav\u011b a skladov\u00e1n\u00ed, pom\u00e1h\u00e1 tento p\u0159\u00edstroj zajistit, aby kontejnery vydr\u017eely nam\u00e1h\u00e1n\u00ed p\u0159i distribuci, ani\u017e by se zhroutily nebo deformovaly. Pro pr\u016fmyslov\u00e1 odv\u011btv\u00ed, jako jsou obaly, potraviny, n\u00e1poje a l\u00e9\u010diva, je testov\u00e1n\u00ed tlakem lahv\u00ed nezbytn\u00e9 pro zachov\u00e1n\u00ed bezpe\u010dnosti v\u00fdrobk\u016f a minimalizaci potenci\u00e1ln\u00edch ztr\u00e1t zp\u016fsoben\u00fdch selh\u00e1n\u00edm kontejneru.<\/p>","protected":false},"featured_media":6253,"comment_status":"closed","ping_status":"closed","template":"","meta":{"site-sidebar-layout":"default","site-content-layout":"default","ast-global-header-display":"","ast-main-header-display":"","ast-hfb-above-header-display":"","ast-hfb-below-header-display":"","ast-hfb-mobile-header-display":"","site-post-title":"","ast-breadcrumbs-content":"","ast-featured-img":"","footer-sml-layout":"","theme-transparent-header-meta":"default","adv-header-id-meta":"","stick-header-meta":"","header-above-stick-meta":"","header-main-stick-meta":"","header-below-stick-meta":""},"product_cat":[845,1071,1069,1072,1068,1073,1113,17,16,95],"product_tag":[],"class_list":{"0":"post-5377","1":"product","2":"type-product","3":"status-publish","4":"has-post-thumbnail","6":"product_cat-customization","7":"product_cat-astm-d2659","8":"product_cat-astm-d4169","9":"product_cat-astm-d4577","10":"product_cat-astm-d642","11":"product_cat-iso-8113","12":"product_cat-top-load-tester","13":"product_cat-package-container-testers","14":"product_cat-plastic-packaging-testers","15":"product_cat-products","16":"desktop-align-left","17":"tablet-align-left","18":"mobile-align-left","20":"first","21":"instock","22":"shipping-taxable","23":"product-type-simple"},"_links":{"self":[{"href":"https:\/\/www.qualitester.com\/cs\/wp-json\/wp\/v2\/product\/5377","targetHints":{"allow":["GET"]}}],"collection":[{"href":"https:\/\/www.qualitester.com\/cs\/wp-json\/wp\/v2\/product"}],"about":[{"href":"https:\/\/www.qualitester.com\/cs\/wp-json\/wp\/v2\/types\/product"}],"replies":[{"embeddable":true,"href":"https:\/\/www.qualitester.com\/cs\/wp-json\/wp\/v2\/comments?post=5377"}],"version-history":[{"count":0,"href":"https:\/\/www.qualitester.com\/cs\/wp-json\/wp\/v2\/product\/5377\/revisions"}],"wp:featuredmedia":[{"embeddable":true,"href":"https:\/\/www.qualitester.com\/cs\/wp-json\/wp\/v2\/media\/6253"}],"wp:attachment":[{"href":"https:\/\/www.qualitester.com\/cs\/wp-json\/wp\/v2\/media?parent=5377"}],"wp:term":[{"taxonomy":"product_cat","embeddable":true,"href":"https:\/\/www.qualitester.com\/cs\/wp-json\/wp\/v2\/product_cat?post=5377"},{"taxonomy":"product_tag","embeddable":true,"href":"https:\/\/www.qualitester.com\/cs\/wp-json\/wp\/v2\/product_tag?post=5377"}],"curies":[{"name":"wp","href":"https:\/\/api.w.org\/{rel}","templated":true}]}}