{"id":5332,"date":"2024-11-13T11:52:19","date_gmt":"2024-11-13T03:52:19","guid":{"rendered":"https:\/\/www.qualitester.com\/?post_type=product&#038;p=5332"},"modified":"2024-12-05T15:09:02","modified_gmt":"2024-12-05T07:09:02","slug":"sale-paper-horizontal-tensile-tester","status":"publish","type":"product","link":"https:\/\/www.qualitester.com\/cs\/produkt-2\/sale-paper-horizontal-tensile-tester\/","title":{"rendered":"Horizont\u00e1ln\u00ed tahov\u00e1 zkou\u0161ka TST-H"},"content":{"rendered":"<h2><strong>\u00davod: Horizont\u00e1ln\u00ed tahov\u00e1 zkou\u0161e\u010dka pap\u00edru<\/strong><\/h2>\n<p>Na str\u00e1nk\u00e1ch <strong>Horizont\u00e1ln\u00ed tahov\u00e1 zkou\u0161ka TST-H<\/strong> je nejmodern\u011bj\u0161\u00ed zku\u0161ebn\u00ed p\u0159\u00edstroj s konstantn\u00ed rychlost\u00ed prodlou\u017een\u00ed ur\u010den\u00fd k m\u011b\u0159en\u00ed tahov\u00fdch vlastnost\u00ed pap\u00edru, lepenky, hedv\u00e1bn\u00e9ho pap\u00edru a dal\u0161\u00edch materi\u00e1l\u016f na b\u00e1zi pap\u00edru. D\u00edky sv\u00fdm p\u0159esn\u00fdm testovac\u00edm schopnostem ur\u010duje d\u016fle\u017eit\u00e9 charakteristiky, jako je pevnost v tahu, rozta\u017een\u00ed p\u0159i maxim\u00e1ln\u00ed s\u00edle, absorpce energie v tahu a tuhost v tahu. Tester je ide\u00e1ln\u00ed pro hodnocen\u00ed obalov\u00fdch materi\u00e1l\u016f, pap\u00edrov\u00fdch v\u00fdrobk\u016f a v\u00fdrobk\u016f z hedv\u00e1bn\u00e9ho pap\u00edru a poskytuje d\u016fle\u017eit\u00e9 \u00fadaje pro pr\u016fmyslov\u00e1 odv\u011btv\u00ed, jako jsou obalov\u00fd, potravin\u00e1\u0159sk\u00fd, farmaceutick\u00fd, lepic\u00ed pr\u016fmysl a agentury pro kontrolu kvality.<\/p>\n<p>Na str\u00e1nk\u00e1ch <strong>Horizont\u00e1ln\u00ed tahov\u00e1 zkou\u0161ka TST-H<\/strong> nab\u00edz\u00ed p\u0159esn\u00e9 a reprodukovateln\u00e9 v\u00fdsledky, kter\u00e9 v\u00fdrobc\u016fm umo\u017e\u0148uj\u00ed udr\u017eet st\u00e1lou kvalitu a zajistit, aby jejich v\u00fdrobky spl\u0148ovaly mezin\u00e1rodn\u00ed normy. TST-H poskytuje spolehliv\u00e1 a p\u0159esn\u00e1 tahov\u00e1 m\u011b\u0159en\u00ed, kter\u00e1 jsou d\u016fle\u017eit\u00e1 pro optimalizaci vlastnost\u00ed v\u00fdrobk\u016f, a\u0165 u\u017e pro kontrolu kvality nebo pro v\u00fdzkumn\u00e9 \u00fa\u010dely.<\/p>\n<hr \/>\n<h2><strong>Zku\u0161ebn\u00ed metody a normy pro horizont\u00e1ln\u00ed tahov\u00e9 zkou\u0161ky pap\u00edru<\/strong><\/h2>\n<h3><strong>ISO 1924: Kl\u00ed\u010dov\u00e9 zku\u0161ebn\u00ed normy pro zkou\u0161en\u00ed pap\u00edru v tahu<\/strong><\/h3>\n<p>Na str\u00e1nk\u00e1ch <strong>ISO 1924<\/strong> je nejroz\u0161\u00ed\u0159en\u011bj\u0161\u00ed mezin\u00e1rodn\u00ed normou pro zkou\u0161en\u00ed tahov\u00fdch vlastnost\u00ed pap\u00edru a lepenky. \u0158ada se skl\u00e1d\u00e1 ze t\u0159\u00ed \u010d\u00e1st\u00ed, kter\u00e9 podrobn\u011b popisuj\u00ed metody zkou\u0161en\u00ed v tahu za r\u016fzn\u00fdch podm\u00ednek:<\/p>\n<ul>\n<li><a href=\"https:\/\/www.iso.org\/standard\/6616.html\" target=\"_blank\" rel=\"noopener nofollow\"><strong>ISO 1924-1<\/strong><\/a>: Zam\u011b\u0159uje se na stanoven\u00ed pevnosti v tahu, prodlou\u017een\u00ed a rozta\u017een\u00ed p\u0159i maxim\u00e1ln\u00ed s\u00edle pap\u00edru a lepenky.<\/li>\n<li><a href=\"https:\/\/www.iso.org\/standard\/41397.html\" target=\"_blank\" rel=\"noopener nofollow\"><strong>ISO 1924-2<\/strong><\/a>: Konkr\u00e9tn\u011b se zab\u00fdv\u00e1 zkou\u0161en\u00edm pevnosti pap\u00edru a lepenky v tahu za mokra.<\/li>\n<li><a href=\"https:\/\/www.iso.org\/standard\/32206.html\" target=\"_blank\" rel=\"noopener nofollow\"><strong>ISO 1924-3<\/strong><\/a>: Zahrnuje kontinu\u00e1ln\u00ed metodu pro stanoven\u00ed tahov\u00fdch vlastnost\u00ed pap\u00edru pro studie dlouhodob\u00e9 \u017eivotnosti.<\/li>\n<\/ul>\n<p>Tyto normy poskytuj\u00ed jasn\u00e9 pokyny pro prov\u00e1d\u011bn\u00ed tahov\u00fdch zkou\u0161ek a zaji\u0161\u0165uj\u00ed, aby pap\u00edrov\u00e9 v\u00fdrobky spl\u0148ovaly nezbytn\u00e1 krit\u00e9ria kvality. Horizont\u00e1ln\u00ed tahov\u00e1 zkou\u0161e\u010dka TST-H dodr\u017euje tyto normy ISO, \u010d\u00edm\u017e zaji\u0161\u0165uje shodu a konzistenci v\u00fdsledk\u016f zkou\u0161ek.<\/p>\n<h4><strong>ISO 1924-1: Stanoven\u00ed tahov\u00fdch vlastnost\u00ed<\/strong><\/h4>\n<p><strong>ISO 1924-1<\/strong> popisuje zku\u0161ebn\u00ed metodu pro stanoven\u00ed pevnosti v tahu, prota\u017een\u00ed p\u0159i maxim\u00e1ln\u00ed s\u00edle a prodlou\u017een\u00ed pap\u00edru. Na adrese <strong>Horizont\u00e1ln\u00ed tahov\u00e1 zkou\u0161ka TST-H<\/strong> vyu\u017e\u00edv\u00e1 tuto metodu tak, \u017ee na vzorek pap\u00edru p\u016fsob\u00ed konstantn\u00ed rychlost\u00ed prodlu\u017eov\u00e1n\u00ed, dokud se nep\u0159etrhne. \u00dadaje o s\u00edle a prodlou\u017een\u00ed z\u00edskan\u00e9 b\u011bhem zkou\u0161ky se pou\u017e\u00edvaj\u00ed k v\u00fdpo\u010dtu kl\u00ed\u010dov\u00fdch parametr\u016f, v\u010detn\u011b:<\/p>\n<ul>\n<li><strong>Pevnost v tahu<\/strong>: Maxim\u00e1ln\u00ed s\u00edla, kterou pap\u00edr vydr\u017e\u00ed, ne\u017e se p\u0159etrhne.<\/li>\n<li><strong>Rozta\u017een\u00ed p\u0159i maxim\u00e1ln\u00ed s\u00edle<\/strong>: Velikost prodlou\u017een\u00ed, kterou pap\u00edr projde v m\u00edst\u011b maxim\u00e1ln\u00ed pevnosti v tahu.<\/li>\n<li><strong>Absorpce energie v tahu<\/strong>: Energie absorbovan\u00e1 pap\u00edrem b\u011bhem zkou\u0161ky.<\/li>\n<\/ul>\n<p>\u00dadaje, kter\u00e9 poskytuje TST-H, umo\u017e\u0148uj\u00ed v\u00fdrobc\u016fm vyhodnotit trvanlivost a v\u00fdkonnost pap\u00edrov\u00fdch v\u00fdrobk\u016f pro r\u016fzn\u00e9 aplikace.<\/p>\n<h4><strong>ISO 1924-2: Zkou\u0161ka pevnosti v tahu za mokra<\/strong><\/h4>\n<p><strong>ISO 1924-2<\/strong> se zam\u011b\u0159uje na m\u011b\u0159en\u00ed <strong>pevnost v tahu za mokra<\/strong> pap\u00edru a lepenky, co\u017e je d\u016fle\u017eit\u00e9 zejm\u00e9na pro v\u00fdrobky z pap\u00edru pou\u017e\u00edvan\u00e9 ve vlhk\u00e9m prost\u0159ed\u00ed (nap\u0159. hedv\u00e1bn\u00fd pap\u00edr, obalov\u00e9 materi\u00e1ly). Na str\u00e1nk\u00e1ch . <strong>Horizont\u00e1ln\u00ed tahov\u00e1 zkou\u0161ka TST-H<\/strong> je vybaven voliteln\u00fdm <strong>n\u00e1dr\u017e na vodu s pevnost\u00ed v tahu za mokra<\/strong> p\u0159izp\u016fsobit testy podle <strong>ISO 1924-2<\/strong>. Tato funkce zaji\u0161\u0165uje, \u017ee tester m\u016f\u017ee pracovat s materi\u00e1ly vystaven\u00fdmi vlhkosti a p\u0159esn\u011b m\u011b\u0159it sn\u00ed\u017een\u00ed pevnosti v tahu, ke kter\u00e9mu doch\u00e1z\u00ed, kdy\u017e je pap\u00edr mokr\u00fd.<\/p>\n<h4><strong>ISO 1924-3: Kontinu\u00e1ln\u00ed metoda pro zkou\u0161en\u00ed pap\u00edru<\/strong><\/h4>\n<p><strong>ISO 1924-3<\/strong> zav\u00e1d\u00ed kontinu\u00e1ln\u00ed metodu pro stanoven\u00ed tahov\u00fdch vlastnost\u00ed pap\u00edru a lepenky. Tato metoda se pou\u017e\u00edv\u00e1 pro dlouhodob\u00e9 zkou\u0161ky odolnosti, zejm\u00e9na u materi\u00e1l\u016f, jako je vlnit\u00e1 lepenka. Na adrese <strong>Horizont\u00e1ln\u00ed tahov\u00e1 zkou\u0161ka TST-H<\/strong> lze nakonfigurovat k prov\u00e1d\u011bn\u00ed pr\u016fb\u011b\u017en\u00fdch test\u016f, kter\u00e9 poskytuj\u00ed cenn\u00e9 informace o chov\u00e1n\u00ed pap\u00edrov\u00fdch v\u00fdrobk\u016f p\u0159i dlouhodob\u00e9m nam\u00e1h\u00e1n\u00ed.<\/p>\n<h3><strong>Dal\u0161\u00ed p\u0159\u00edslu\u0161n\u00e9 normy<\/strong><\/h3>\n<p>Krom\u011b <strong>ISO 1924<\/strong>, ... <strong>Horizont\u00e1ln\u00ed tahov\u00e1 zkou\u0161ka TST-H<\/strong> spl\u0148uje n\u011bkolik dal\u0161\u00edch norem, v\u010detn\u011b:<\/p>\n<ul>\n<li><strong>ISO 12625-4<\/strong>: Zkou\u0161ka tahu hedv\u00e1bn\u00e9ho pap\u00edru.<\/li>\n<li><strong>ISO 12625-5<\/strong>: Obecn\u00e9 zku\u0161ebn\u00ed metody pro stanoven\u00ed pevnosti pap\u00edru a lepenky v tahu.<\/li>\n<li><strong>TAPPI T494<\/strong>: Standardn\u00ed zku\u0161ebn\u00ed metoda pro stanoven\u00ed tahov\u00fdch vlastnost\u00ed pap\u00edru a lepenky.<\/li>\n<\/ul>\n<p>Tyto normy zaji\u0161\u0165uj\u00ed, \u017ee <strong>TST-H<\/strong> poskytuje konzistentn\u00ed, p\u0159esn\u00e9 a spolehliv\u00e9 v\u00fdsledky pro \u0161irokou \u0161k\u00e1lu v\u00fdrobk\u016f na b\u00e1zi pap\u00edru.<\/p>\n<hr \/>\n<h2><strong>V\u00fdhody pou\u017e\u00edv\u00e1n\u00ed horizont\u00e1ln\u00ed tahov\u00e9 zkou\u0161ky pap\u00edru<\/strong><\/h2>\n<ul>\n<li><strong>P\u0159esnost a stabilita<\/strong> Na str\u00e1nk\u00e1ch <strong>TST-H<\/strong> je postaven s <strong>jednosloupcov\u00e1 struktura<\/strong> a <strong>p\u0159esn\u00fd kuli\u010dkov\u00fd \u0161roub<\/strong> pro stabiln\u00ed p\u0159enos a vy\u0161\u0161\u00ed p\u0159esnost testov\u00e1n\u00ed. T\u00edm je zaji\u0161t\u011bno p\u0159esn\u00e9 m\u011b\u0159en\u00ed tahov\u00fdch vlastnost\u00ed, co\u017e z n\u011bj \u010din\u00ed spolehliv\u00fd n\u00e1stroj pro kontrolu kvality.<\/li>\n<li><strong>U\u017eivatelsky p\u0159\u00edv\u011btiv\u00e9 rozhran\u00ed<\/strong> Vybaveno <strong>7palcov\u00fd dotykov\u00fd displej<\/strong>, tester nab\u00edz\u00ed intuitivn\u00ed a snadno pou\u017eiteln\u00e9 rozhran\u00ed pro ovl\u00e1d\u00e1n\u00ed. U\u017eivatel\u00e9 mohou rychle nastavit testy, sledovat v\u00fdsledky a upravovat parametry, tak\u017ee je vhodn\u00fd pro za\u010d\u00ednaj\u00edc\u00ed i zku\u0161en\u00e9 oper\u00e1tory.<\/li>\n<li><strong>Voliteln\u00e1 funkce mokr\u00e9ho testov\u00e1n\u00ed<\/strong> Na str\u00e1nk\u00e1ch <strong>n\u00e1dr\u017e na vodu s pevnost\u00ed v tahu za mokra<\/strong> umo\u017e\u0148uje testov\u00e1n\u00ed pap\u00edru ve vlhk\u00e9m prost\u0159ed\u00ed, co\u017e je d\u016fle\u017eit\u00e1 vlastnost pro hodnocen\u00ed materi\u00e1l\u016f pou\u017e\u00edvan\u00fdch ve vlhk\u00e9m nebo mokr\u00e9m prost\u0159ed\u00ed, jako jsou hedv\u00e1bn\u00e9 pap\u00edry a obaly.<\/li>\n<li><strong>Roz\u0161\u00ed\u0159en\u00e1 spr\u00e1va dat<\/strong> Na str\u00e1nk\u00e1ch <strong>TST-H<\/strong> je kompatibiln\u00ed s <strong>p\u0159ipojen\u00ed k po\u010d\u00edta\u010di<\/strong> (voliteln\u011b), kter\u00fd umo\u017e\u0148uje pokro\u010dil\u00e9 ukl\u00e1d\u00e1n\u00ed dat, anal\u00fdzu a vytv\u00e1\u0159en\u00ed zpr\u00e1v. Na str\u00e1nk\u00e1ch <strong>modul\u00e1rn\u00ed term\u00e1ln\u00ed tisk\u00e1rna<\/strong> poskytuje okam\u017eit\u00e9 v\u00fdsledky test\u016f a zaji\u0161\u0165uje rychl\u00fd p\u0159\u00edstup k d\u016fle\u017eit\u00fdm \u00fadaj\u016fm.<\/li>\n<li><strong>V\u0161estrann\u00fd a p\u0159izp\u016fsobiteln\u00fd<\/strong> Na str\u00e1nk\u00e1ch <strong>TST-H<\/strong> lze p\u0159izp\u016fsobit r\u016fzn\u00fdm pot\u0159eb\u00e1m testov\u00e1n\u00ed, v\u010detn\u011b r\u016fzn\u00fdch pap\u00edrov\u00fdch v\u00fdrobk\u016f a vlastn\u00edch velikost\u00ed vzork\u016f. D\u00edky flexibiln\u00edm testovac\u00edm parametr\u016fm a voliteln\u00fdm funkc\u00edm je univerz\u00e1ln\u00ed volbou pro r\u016fzn\u00e9 aplikace.<\/li>\n<\/ul>\n<hr \/>\n<h2><strong>Parametry testu a specifikace<\/strong><\/h2>\n<table>\n<tbody>\n<tr>\n<td style=\"text-align: center;\" width=\"237\">Rozsah m\u011b\u0159en\u00ed<\/td>\n<td style=\"text-align: center;\" width=\"224\">30N, 500N nebo podle pot\u0159eby<\/td>\n<\/tr>\n<tr>\n<td style=\"text-align: center;\" width=\"237\">Rozsah m\u011b\u0159en\u00ed prodlou\u017een\u00ed<\/td>\n<td style=\"text-align: center;\" width=\"224\">45-260 mm<\/td>\n<\/tr>\n<tr>\n<td style=\"text-align: center;\" width=\"237\">Rychlost protahov\u00e1n\u00ed:<\/td>\n<td style=\"text-align: center;\" width=\"224\">(1~500) mm\/min<\/td>\n<\/tr>\n<tr>\n<td style=\"text-align: center;\" width=\"237\">Rychlost n\u00e1vratu<\/td>\n<td style=\"text-align: center;\" width=\"224\">100 mm\/min<\/td>\n<\/tr>\n<tr>\n<td style=\"text-align: center;\" width=\"237\">Rozte\u010d svorek<\/td>\n<td style=\"text-align: center;\" width=\"224\">1 ~ 250 mm<\/td>\n<\/tr>\n<tr>\n<td style=\"text-align: center;\" width=\"237\">P\u0159esnost testu rychlosti<\/td>\n<td style=\"text-align: center;\" width=\"224\">(1~10) mm\/min: \u00b10,1 mm\/min<\/td>\n<\/tr>\n<tr>\n<td style=\"text-align: center;\" width=\"237\">vzorkovac\u00ed frekvence<\/td>\n<td style=\"text-align: center;\" width=\"224\">400 Times\/S<\/td>\n<\/tr>\n<tr>\n<td style=\"text-align: center;\" width=\"237\">P\u0159esnost<\/td>\n<td style=\"text-align: center;\" width=\"224\">\u2264\u00b10,5%<\/td>\n<\/tr>\n<tr>\n<td style=\"text-align: center;\" width=\"237\">P\u0159esnost s\u00edly<\/td>\n<td style=\"text-align: center;\" width=\"224\">\u00b10,1% (20~100%FS)<\/td>\n<\/tr>\n<tr>\n<td style=\"text-align: center;\" width=\"237\">Rozli\u0161en\u00ed deformace<\/td>\n<td style=\"text-align: center;\" width=\"224\">\u22640,1 mm<\/td>\n<\/tr>\n<tr>\n<td style=\"text-align: center;\" width=\"237\">Up\u00edn\u00e1n\u00ed vzork\u016f<\/td>\n<td style=\"text-align: center;\" width=\"224\">pneumatick\u00e9<\/td>\n<\/tr>\n<tr>\n<td style=\"text-align: center;\" width=\"237\">Up\u00ednac\u00ed tlak<\/td>\n<td style=\"text-align: center;\" width=\"224\">0,2-0,7 MPa (nastaviteln\u00e9)<\/td>\n<\/tr>\n<tr>\n<td style=\"text-align: center;\" width=\"237\">Velikost vzorku<\/td>\n<td style=\"text-align: center;\" width=\"224\">1-25 mm<\/td>\n<\/tr>\n<tr>\n<td style=\"text-align: center;\" width=\"237\">Rozhran\u00ed \u010dlov\u011bk-stroj<\/td>\n<td style=\"text-align: center;\" width=\"224\">7 na dotykov\u00e9m displeji<\/td>\n<\/tr>\n<tr>\n<td style=\"text-align: center;\" width=\"237\">V\u00fdtisk<\/td>\n<td style=\"text-align: center;\" width=\"224\">vestav\u011bn\u00e1 term\u00e1ln\u00ed tisk\u00e1rna.<\/td>\n<\/tr>\n<tr>\n<td style=\"text-align: center;\" width=\"237\">Power<\/td>\n<td style=\"text-align: center;\" width=\"224\">AC 220V 50Hz<\/td>\n<\/tr>\n<tr>\n<td style=\"text-align: center;\" width=\"237\">Rozm\u011br<\/td>\n<td style=\"text-align: center;\" width=\"224\">650*500*400 mm<\/td>\n<\/tr>\n<\/tbody>\n<\/table>\n<hr \/>\n<h2><strong>Pro\u010d si vybrat horizont\u00e1ln\u00ed tahovou zkou\u0161e\u010dku pap\u00edru?<\/strong><\/h2>\n<p>Na str\u00e1nk\u00e1ch <strong>Horizont\u00e1ln\u00ed tahov\u00e1 zkou\u0161ka TST-H<\/strong> nab\u00edz\u00ed bezkonkuren\u010dn\u00ed kombinaci p\u0159esnosti, flexibility a snadn\u00e9ho pou\u017eit\u00ed, tak\u017ee je ide\u00e1ln\u00ed volbou pro testov\u00e1n\u00ed tahov\u00fdch vlastnost\u00ed pap\u00edru, lepenky, hedv\u00e1bn\u00e9ho pap\u00edru a dal\u0161\u00edch podobn\u00fdch materi\u00e1l\u016f. D\u00edky schopnosti m\u011b\u0159it kl\u00ed\u010dov\u00e9 vlastnosti, jako je pevnost v tahu, prodlou\u017een\u00ed a absorpce energie, pom\u00e1h\u00e1 tento tester v\u00fdrobc\u016fm optimalizovat kvalitu v\u00fdrobk\u016f a zajistit shodu s mezin\u00e1rodn\u00edmi normami, jako jsou nap\u0159. <strong>ISO 1924<\/strong>, <strong>ISO 12625<\/strong>, a <strong>TAPPI T494<\/strong>.<\/p>\n<p>A\u0165 u\u017e testujete pro \u00fa\u010dely kontroly kvality, v\u00fdzkumu nebo v\u00fdvoje produkt\u016f. <strong>Horizont\u00e1ln\u00ed tahov\u00e1 zkou\u0161ka TST-H<\/strong> je spolehliv\u00fdm a efektivn\u00edm \u0159e\u0161en\u00edm pro v\u0161echny va\u0161e pot\u0159eby testov\u00e1n\u00ed pap\u00edru.<\/p>\n<hr \/>\n<h2><strong>\u010casto kladen\u00e9 ot\u00e1zky (FAQ)<\/strong><\/h2>\n<ol>\n<li><strong>Jak\u00e9 typy materi\u00e1l\u016f lze testovat pomoc\u00ed horizont\u00e1ln\u00ed tahov\u00e9 zkou\u0161ky pap\u00edru?<\/strong>\n<ul>\n<li>TST-H je ur\u010den k testov\u00e1n\u00ed pap\u00edru, lepenky, hedv\u00e1bn\u00e9ho pap\u00edru a podobn\u00fdch v\u00fdrobk\u016f na b\u00e1zi pap\u00edru.<\/li>\n<\/ul>\n<\/li>\n<li><strong>Jak prov\u00e9st zkou\u0161ku pevnosti v tahu za mokra pomoc\u00ed p\u0159\u00edstroje TST-H?<\/strong>\n<ul>\n<li>TST-H obsahuje voliteln\u00fd <strong>n\u00e1dr\u017e na vodu s pevnost\u00ed v tahu za mokra<\/strong> prov\u00e1d\u011bt testy za mokra, spl\u0148uj\u00edc\u00ed <strong>ISO 1924-2<\/strong> normy.<\/li>\n<\/ul>\n<\/li>\n<li><strong>Jak\u00e9 jsou hlavn\u00ed v\u00fdhody 7palcov\u00e9ho dotykov\u00e9ho displeje na horizont\u00e1ln\u00ed tahov\u00e9 zkou\u0161e\u010dce pap\u00edru?<\/strong>\n<ul>\n<li>Dotykov\u00fd displej nab\u00edz\u00ed u\u017eivatelsky p\u0159\u00edv\u011btiv\u00e9 rozhran\u00ed, kter\u00e9 umo\u017e\u0148uje snadn\u00e9 nastaven\u00ed, ovl\u00e1d\u00e1n\u00ed a sledov\u00e1n\u00ed v\u00fdsledk\u016f test\u016f.<\/li>\n<\/ul>\n<\/li>\n<li><strong>Lze horizont\u00e1ln\u00ed tahovou zkou\u0161e\u010dku TST-H p\u0159ipojit k po\u010d\u00edta\u010di pro ukl\u00e1d\u00e1n\u00ed dat?<\/strong>\n<ul>\n<li>Ano, nab\u00edz\u00ed <strong>p\u0159ipojen\u00ed k po\u010d\u00edta\u010di<\/strong> pro pokro\u010dil\u00e9 ukl\u00e1d\u00e1n\u00ed dat, anal\u00fdzu a generov\u00e1n\u00ed sestav.<\/li>\n<\/ul>\n<\/li>\n<li><strong>Jak\u00e9 normy dodr\u017euje horizont\u00e1ln\u00ed tahov\u00e1 zkou\u0161e\u010dka pap\u00edru?<\/strong>\n<ul>\n<li>Tester je v souladu s <strong>ISO 1924<\/strong> (\u010d\u00e1sti 1, 2 a 3), <strong>ISO 12625<\/strong>, <strong>TAPPI T494<\/strong>, a dal\u0161\u00ed p\u0159\u00edslu\u0161n\u00e9 normy pro testov\u00e1n\u00ed pap\u00edru.<\/li>\n<\/ul>\n<\/li>\n<\/ol>","protected":false},"excerpt":{"rendered":"<p>Na str\u00e1nk\u00e1ch <strong>Horizont\u00e1ln\u00ed tahov\u00e1 zkou\u0161ka TST-H<\/strong> nab\u00edz\u00ed p\u0159esn\u00e9 a reprodukovateln\u00e9 v\u00fdsledky, kter\u00e9 v\u00fdrobc\u016fm umo\u017e\u0148uj\u00ed udr\u017eet st\u00e1lou kvalitu a zajistit, aby jejich v\u00fdrobky spl\u0148ovaly mezin\u00e1rodn\u00ed normy. TST-H poskytuje spolehliv\u00e1 a p\u0159esn\u00e1 tahov\u00e1 m\u011b\u0159en\u00ed, kter\u00e1 jsou d\u016fle\u017eit\u00e1 pro optimalizaci vlastnost\u00ed v\u00fdrobk\u016f, a\u0165 u\u017e pro kontrolu kvality nebo pro v\u00fdzkumn\u00e9 \u00fa\u010dely.<\/p>","protected":false},"featured_media":6280,"comment_status":"closed","ping_status":"closed","template":"","meta":{"site-sidebar-layout":"default","site-content-layout":"default","ast-global-header-display":"","ast-main-header-display":"","ast-hfb-above-header-display":"","ast-hfb-below-header-display":"","ast-hfb-mobile-header-display":"","site-post-title":"","ast-breadcrumbs-content":"","ast-featured-img":"","footer-sml-layout":"","theme-transparent-header-meta":"default","adv-header-id-meta":"","stick-header-meta":"","header-above-stick-meta":"","header-main-stick-meta":"","header-below-stick-meta":""},"product_cat":[845,953,956,955,1166,1167,1163,1164,1165,954,957,958,952,959,1168,679,95],"product_tag":[],"class_list":{"0":"post-5332","1":"product","2":"type-product","3":"status-publish","4":"has-post-thumbnail","6":"product_cat-customization","7":"product_cat-bursting-tester","8":"product_cat-cobb-tester","9":"product_cat-crush-tester","10":"product_cat-iso-12625-4","11":"product_cat-iso-12625-5","12":"product_cat-iso-1924-1","13":"product_cat-iso-1924-2","14":"product_cat-iso-1924-3","15":"product_cat-paper-tear-tester","16":"product_cat-plybond-tester","17":"product_cat-puncture-tester","18":"product_cat-rub-tester","19":"product_cat-stiffness-tester","20":"product_cat-tappi-t494","21":"product_cat-tensile-tester","22":"product_cat-products","23":"desktop-align-left","24":"tablet-align-left","25":"mobile-align-left","27":"first","28":"instock","29":"shipping-taxable","30":"product-type-simple"},"_links":{"self":[{"href":"https:\/\/www.qualitester.com\/cs\/wp-json\/wp\/v2\/product\/5332","targetHints":{"allow":["GET"]}}],"collection":[{"href":"https:\/\/www.qualitester.com\/cs\/wp-json\/wp\/v2\/product"}],"about":[{"href":"https:\/\/www.qualitester.com\/cs\/wp-json\/wp\/v2\/types\/product"}],"replies":[{"embeddable":true,"href":"https:\/\/www.qualitester.com\/cs\/wp-json\/wp\/v2\/comments?post=5332"}],"version-history":[{"count":0,"href":"https:\/\/www.qualitester.com\/cs\/wp-json\/wp\/v2\/product\/5332\/revisions"}],"wp:featuredmedia":[{"embeddable":true,"href":"https:\/\/www.qualitester.com\/cs\/wp-json\/wp\/v2\/media\/6280"}],"wp:attachment":[{"href":"https:\/\/www.qualitester.com\/cs\/wp-json\/wp\/v2\/media?parent=5332"}],"wp:term":[{"taxonomy":"product_cat","embeddable":true,"href":"https:\/\/www.qualitester.com\/cs\/wp-json\/wp\/v2\/product_cat?post=5332"},{"taxonomy":"product_tag","embeddable":true,"href":"https:\/\/www.qualitester.com\/cs\/wp-json\/wp\/v2\/product_tag?post=5332"}],"curies":[{"name":"wp","href":"https:\/\/api.w.org\/{rel}","templated":true}]}}