{"id":5309,"date":"2024-11-13T09:24:25","date_gmt":"2024-11-13T01:24:25","guid":{"rendered":"https:\/\/www.qualitester.com\/?post_type=product&#038;p=5309"},"modified":"2024-12-04T16:31:54","modified_gmt":"2024-12-04T08:31:54","slug":"sale-drop-weight-impact-tester","status":"publish","type":"product","link":"https:\/\/www.qualitester.com\/cs\/produkt-2\/sale-drop-weight-impact-tester\/","title":{"rendered":"FBT-01S Tester n\u00e1razu s p\u00e1dov\u00fdm z\u00e1va\u017e\u00edm"},"content":{"rendered":"<p>Odolnost proti n\u00e1razu je z\u00e1sadn\u00ed vlastnost\u00ed materi\u00e1l\u016f vystaven\u00fdch n\u00e1hl\u00fdm nebo trval\u00fdm n\u00e1raz\u016fm. Na str\u00e1nk\u00e1ch . <strong>Tester n\u00e1razu s p\u00e1dovou hmotnost\u00ed<\/strong> poskytuje p\u0159esnou a spolehlivou metodu pro hodnocen\u00ed trvanlivosti r\u016fzn\u00fdch materi\u00e1l\u016f, v\u010detn\u011b f\u00f3li\u00ed, pap\u00edru, plastov\u00fdch desek a kompozit\u016f o tlou\u0161\u0165ce do 2 mm. Tento tester hraje kl\u00ed\u010dovou roli p\u0159i kontrole kvality a v\u00fdvoji v\u00fdrobk\u016f v r\u016fzn\u00fdch pr\u016fmyslov\u00fdch odv\u011btv\u00edch, proto\u017ee zaji\u0161\u0165uje, \u017ee materi\u00e1ly spl\u0148uj\u00ed p\u0159\u00edsn\u00e9 normy pro v\u00fdkon a trvanlivost.<\/p>\n<h2>V souladu s normami ASTM D1709 a ISO 7765-1<\/h2>\n<p>Zkou\u0161e\u010dka n\u00e1raz\u016f s p\u00e1dovou hmotnost\u00ed je navr\u017eena tak, aby spl\u0148ovala po\u017eadavky na <strong>ASTM D1709<\/strong> a <strong>ISO 7765-1<\/strong>-dv\u011b nejroz\u0161\u00ed\u0159en\u011bj\u0161\u00ed normy pro zkou\u0161en\u00ed odolnosti proti n\u00e1razu. <strong>ASTM D1709<\/strong> se zam\u011b\u0159uje na odolnost plastov\u00fdch f\u00f3li\u00ed proti n\u00e1razu pomoc\u00ed metody voln\u011b padaj\u00edc\u00ed \u0161ipky, kter\u00e1 zaji\u0161\u0165uje, \u017ee materi\u00e1ly \u00fa\u010dinn\u011b odol\u00e1vaj\u00ed pr\u016frazn\u00fdm sil\u00e1m. <strong>ISO 7765-1<\/strong> poskytuje standardn\u00ed zku\u0161ebn\u00ed metodu pro stanoven\u00ed r\u00e1zov\u00e9 hou\u017eevnatosti termoplastick\u00fdch f\u00f3li\u00ed, d\u00edky \u010demu\u017e je tento tester ide\u00e1ln\u00ed pro region\u00e1ln\u00ed i mezin\u00e1rodn\u00ed testov\u00e1n\u00ed shody. Spln\u011bn\u00ed t\u011bchto norem zaru\u010duje, \u017ee tento tester poskytuje vysoce spolehliv\u00e9, standardizovan\u00e9 v\u00fdsledky vhodn\u00e9 pro \u0161irokou \u0161k\u00e1lu aplikac\u00ed.<\/p>\n<h2>Pou\u017eit\u00ed n\u00e1razov\u00e9ho testeru s p\u00e1dov\u00fdm z\u00e1va\u017e\u00edm<\/h2>\n<p>Tester slou\u017e\u00ed v mnoha odv\u011btv\u00edch, v\u010detn\u011b obalov\u00e9ho pr\u016fmyslu, farmaceutick\u00e9ho pr\u016fmyslu, potravin\u00e1\u0159stv\u00ed, elektroniky a chemick\u00e9ho pr\u016fmyslu. Posuzuje odolnost materi\u00e1l\u016f, jako jsou obalov\u00e9 f\u00f3lie, plastov\u00e9 obaly a ochrann\u00e9 f\u00f3lie, kter\u00e9 \u010dasto odol\u00e1vaj\u00ed n\u00e1razov\u00fdm sil\u00e1m p\u0159i manipulaci, p\u0159eprav\u011b a pou\u017e\u00edv\u00e1n\u00ed spot\u0159ebiteli. Vyhodnocen\u00edm odolnosti materi\u00e1l\u016f proti n\u00e1razu pom\u00e1h\u00e1 tento tester v\u00fdrobc\u016fm zajistit, aby jejich v\u00fdrobky zachovaly struktur\u00e1ln\u00ed integritu, chr\u00e1nily obsah a spl\u0148ovaly pr\u016fmyslov\u00e9 normy.<\/p>\n<h2>Zku\u0161ebn\u00ed metoda pro n\u00e1razovou zkou\u0161ku p\u00e1dovou hmotnost\u00ed<\/h2>\n<p>Na str\u00e1nk\u00e1ch <strong>Tester n\u00e1razu s p\u00e1dovou hmotnost\u00ed<\/strong> pou\u017e\u00edv\u00e1 se ocelov\u00e1 koule nebo \u0161ipka o stanoven\u00e9 hmotnosti a pr\u016fm\u011bru, kter\u00e1 se upust\u00ed z p\u0159edem stanoven\u00e9 v\u00fd\u0161ky, aby se simulovala \u0159\u00edzen\u00e1 s\u00edla n\u00e1razu na materi\u00e1l. Zkou\u0161e\u010dka m\u011b\u0159\u00ed v\u00fdsledn\u00e9 po\u0161kozen\u00ed, deformaci a energii absorbovanou materi\u00e1lem, \u010d\u00edm\u017e poskytuje kvantifikovatelnou anal\u00fdzu jeho odolnosti proti n\u00e1razu. Mezi kl\u00ed\u010dov\u00e9 faktory ovliv\u0148uj\u00edc\u00ed v\u00fdsledky testu pat\u0159\u00ed:<\/p>\n<ul>\n<li><strong>V\u00fd\u0161ka p\u00e1du<\/strong>: Nastaviteln\u00e1 v rozmez\u00ed 300 a\u017e 600 mm (a podle pot\u0159eby roz\u0161i\u0159iteln\u00e1), co\u017e umo\u017e\u0148uje simulovat r\u016fzn\u00e9 podm\u00ednky n\u00e1razu pro p\u0159izp\u016fsoben\u00e9 testovac\u00ed sc\u00e9n\u00e1\u0159e.<\/li>\n<li><strong>Velikost a hmotnost koule<\/strong>: Konfigurovateln\u00fd na z\u00e1klad\u011b testovac\u00ed normy a po\u017eadavk\u016f aplikace, co\u017e umo\u017e\u0148uje p\u0159esnou simulaci re\u00e1ln\u00fdch n\u00e1raz\u016f.<\/li>\n<\/ul>\n<h2>Kl\u00ed\u010dov\u00e9 vlastnosti n\u00e1razov\u00e9ho testeru Drop Weight<\/h2>\n<ul>\n<li><strong>Nastaviteln\u00e1 v\u00fd\u0161ka n\u00e1razu<\/strong>: P\u0159izp\u016fsobte v\u00fd\u0161ku n\u00e1razu pro r\u016fzn\u00e9 testovac\u00ed sc\u00e9n\u00e1\u0159e, co\u017e umo\u017e\u0148uje p\u0159esn\u00e9 a flexibiln\u00ed testov\u00e1n\u00ed n\u00e1razu.<\/li>\n<li><strong>Elektromagnetick\u00fd syst\u00e9m odpru\u017een\u00ed<\/strong>: Tato funkce zaji\u0161\u0165uje konzistentn\u00ed mechanismus uvol\u0148ov\u00e1n\u00ed, minimalizuje variabilitu a zvy\u0161uje p\u0159esnost.<\/li>\n<li><strong>Pneumatick\u00e9 up\u00edn\u00e1n\u00ed vzork\u016f<\/strong>: Pneumatick\u00fd up\u00ednac\u00ed mechanismus bezpe\u010dn\u011b dr\u017e\u00ed zku\u0161ebn\u00ed vzorek a zabra\u0148uje jeho pohybu, kter\u00fd by mohl ohrozit v\u00fdsledky.<\/li>\n<li><strong>U\u017eivatelsky p\u0159\u00edv\u011btiv\u00e9 ovl\u00e1d\u00e1n\u00ed<\/strong>: Tester je vybaven no\u017en\u00edmi sp\u00edna\u010di, kter\u00e9 umo\u017e\u0148uj\u00ed snadn\u00e9 ovl\u00e1d\u00e1n\u00ed a usnad\u0148uj\u00ed ovl\u00e1d\u00e1n\u00ed bez pou\u017eit\u00ed rukou pro bezpe\u010dn\u00e9 a efektivn\u00ed testov\u00e1n\u00ed.<\/li>\n<\/ul>\n<h2>Technick\u00e9 specifikace<\/h2>\n<table>\n<tbody>\n<tr>\n<td style=\"text-align: center;\" width=\"161\">V\u00fd\u0161ka n\u00e1razu<\/td>\n<td style=\"text-align: center;\" width=\"290\">300-600 mm (lze prodlou\u017eit)<\/td>\n<\/tr>\n<tr>\n<td style=\"text-align: center;\" width=\"161\">Pr\u016fm\u011bry koul\u00ed (mm)<\/td>\n<td style=\"text-align: center;\" width=\"290\">23, 25, 28.6, 38.1, 50.8(jeden vybaven\u00fd)<\/td>\n<\/tr>\n<tr>\n<td style=\"text-align: center;\" width=\"161\">P\u0159esnost<\/td>\n<td style=\"text-align: center;\" width=\"290\">0,1 g (0,1 J)<\/td>\n<\/tr>\n<tr>\n<td style=\"text-align: center;\" width=\"161\">Svorka na vzorky<\/td>\n<td style=\"text-align: center;\" width=\"290\">Pneumatick\u00e1 svorka<\/td>\n<\/tr>\n<tr>\n<td style=\"text-align: center;\" width=\"161\">Z\u00e1sobov\u00e1n\u00ed plynem<\/td>\n<td style=\"text-align: center;\" width=\"290\">0,6 MPa \u03a68 mm PU trubky<\/td>\n<\/tr>\n<tr>\n<td style=\"text-align: center;\" width=\"161\">Velikost vzorku<\/td>\n<td style=\"text-align: center;\" width=\"290\">&gt; 150 mm x 150 mm<\/td>\n<\/tr>\n<tr>\n<td style=\"text-align: center;\" width=\"161\">Nap\u00e1jen\u00ed<\/td>\n<td style=\"text-align: center;\" width=\"290\">AC 110~220V 50Hz<\/td>\n<\/tr>\n<\/tbody>\n<\/table>\n<h2>V\u00fdhody n\u00e1razov\u00e9ho testeru s p\u00e1dov\u00fdm z\u00e1va\u017e\u00edm<\/h2>\n<p>Pou\u017eit\u00ed tohoto testeru poskytuje konzistentn\u00ed a p\u0159esn\u00e9 v\u00fdsledky, kter\u00e9 jsou podkladem pro opat\u0159en\u00ed kontroly kvality a v\u00fdb\u011br materi\u00e1lu ve v\u00fdrob\u011b. D\u00edky zaji\u0161t\u011bn\u00ed shody s normami ASTM D1709 a ISO 7765-1 pom\u00e1h\u00e1 tento r\u00e1zov\u00fd tester pr\u016fmyslov\u00fdm odv\u011btv\u00edm splnit regula\u010dn\u00ed normy a o\u010dek\u00e1v\u00e1n\u00ed z\u00e1kazn\u00edk\u016f ohledn\u011b trvanlivosti a bezpe\u010dnosti, zejm\u00e9na p\u0159i v\u00fdrob\u011b obal\u016f a materi\u00e1l\u016f. Tester je tak\u00e9 ide\u00e1ln\u00ed volbou pro v\u00fdzkumn\u00e9 a v\u00fdvojov\u00e9 prost\u0159ed\u00ed, kde spolehliv\u00e9 \u00fadaje o odolnosti proti n\u00e1razu slou\u017e\u00ed jako vod\u00edtko pro v\u00fdvoj nov\u00fdch v\u00fdrobk\u016f.<\/p>\n<h2>Shoda s normami ASTM D1709 a ISO 7765-1<\/h2>\n<p>Tester n\u00e1razu p\u0159i p\u00e1du je pln\u011b v souladu s normami <a href=\"https:\/\/www.astm.org\/standards\/d1709\" target=\"_blank\" rel=\"noopener nofollow\"><strong>ASTM D1709<\/strong><\/a> a <a href=\"https:\/\/www.iso.org\/standard\/14629.html\" target=\"_blank\" rel=\"noopener nofollow\"><strong>ISO 7765-1<\/strong><\/a>, co\u017e znamen\u00e1, \u017ee je certifikov\u00e1n pro standardizovan\u00e9 testov\u00e1n\u00ed a je pou\u017eiteln\u00fd na m\u00edstn\u00edch i mezin\u00e1rodn\u00edch trz\u00edch. U\u017eivatel\u00e9 se tak mohou spolehnout na p\u0159esn\u00e9 a srovnateln\u00e9 v\u00fdsledky v r\u016fzn\u00fdch testovac\u00edch za\u0159\u00edzen\u00edch a v\u00fdrobn\u00edch link\u00e1ch, co\u017e zjednodu\u0161uje kontrolu kvality a dodr\u017eov\u00e1n\u00ed p\u0159edpis\u016f.<\/p>\n<h2>\u010casto kladen\u00e9 ot\u00e1zky (FAQ)<\/h2>\n<ol>\n<li><strong>Jak\u00e9 typy materi\u00e1l\u016f lze testovat pomoc\u00ed n\u00e1razov\u00e9ho testeru?<\/strong>\n<ul>\n<li>Tento tester je vhodn\u00fd pro filmy, f\u00f3lie, pap\u00edr, plastov\u00e9 desky a dal\u0161\u00ed tenk\u00e9 materi\u00e1ly do tlou\u0161\u0165ky 2 mm.<\/li>\n<\/ul>\n<\/li>\n<li><strong>Pro\u010d jsou normy ASTM D1709 a ISO 7765-1 d\u016fle\u017eit\u00e9 pro n\u00e1razov\u00e9 zkou\u0161ky?<\/strong>\n<ul>\n<li>Tyto normy specifikuj\u00ed konzistentn\u00ed metody zkou\u0161en\u00ed odolnosti proti n\u00e1razu, \u010d\u00edm\u017e zaji\u0161\u0165uj\u00ed spolehliv\u00e9 a srovnateln\u00e9 v\u00fdsledky v r\u016fzn\u00fdch odv\u011btv\u00edch.<\/li>\n<\/ul>\n<\/li>\n<li><strong>Jak\u00e9 faktory mohou ovlivnit p\u0159esnost n\u00e1razov\u00e9 zkou\u0161ky?<\/strong>\n<ul>\n<li>Mezi kl\u00ed\u010dov\u00e9 faktory pat\u0159\u00ed v\u00fd\u0161ka p\u00e1du, velikost kuli\u010dky a upnut\u00ed vzorku, kter\u00e9 lze \u0159\u00eddit podle konkr\u00e9tn\u00edch pot\u0159eb testov\u00e1n\u00ed.<\/li>\n<\/ul>\n<\/li>\n<li><strong>Jak elektromagnetick\u00fd z\u00e1v\u011bsn\u00fd syst\u00e9m zvy\u0161uje p\u0159esnost testov\u00e1n\u00ed?<\/strong>\n<ul>\n<li>Elektromagnetick\u00e9 zav\u011b\u0161en\u00ed zaji\u0161\u0165uje p\u0159esn\u00fd a konzistentn\u00ed pokles, sni\u017euje odchylky a zvy\u0161uje p\u0159esnost v\u00fdsledk\u016f.<\/li>\n<\/ul>\n<\/li>\n<li><strong>Pro jak\u00e1 odv\u011btv\u00ed je pou\u017eit\u00ed n\u00e1razov\u00e9ho testeru s p\u00e1dovou hmotnost\u00ed nejv\u00fdhodn\u011bj\u0161\u00ed?<\/strong>\n<ul>\n<li>Pr\u016fmyslov\u00e1 odv\u011btv\u00ed, jako je v\u00fdroba obal\u016f, l\u00e9\u010div, elektroniky a potravin a n\u00e1poj\u016f, vyu\u017e\u00edvaj\u00ed ov\u011b\u0159ov\u00e1n\u00ed odolnosti materi\u00e1lu proti n\u00e1razov\u00fdm sil\u00e1m.<\/li>\n<\/ul>\n<\/li>\n<\/ol>","protected":false},"excerpt":{"rendered":"<p>Odolnost proti n\u00e1razu je z\u00e1sadn\u00ed vlastnost\u00ed materi\u00e1l\u016f vystaven\u00fdch n\u00e1hl\u00fdm nebo trval\u00fdm n\u00e1raz\u016fm. Na str\u00e1nk\u00e1ch . <strong>Tester n\u00e1razu s p\u00e1dovou hmotnost\u00ed<\/strong> poskytuje p\u0159esnou a spolehlivou metodu pro hodnocen\u00ed trvanlivosti r\u016fzn\u00fdch materi\u00e1l\u016f, v\u010detn\u011b f\u00f3li\u00ed, pap\u00edru, plastov\u00fdch desek a kompozit\u016f o tlou\u0161\u0165ce do 2 mm. Tento tester hraje kl\u00ed\u010dovou roli p\u0159i kontrole kvality a v\u00fdvoji v\u00fdrobk\u016f v r\u016fzn\u00fdch pr\u016fmyslov\u00fdch odv\u011btv\u00edch, proto\u017ee zaji\u0161\u0165uje, \u017ee materi\u00e1ly spl\u0148uj\u00ed p\u0159\u00edsn\u00e9 normy pro v\u00fdkon a trvanlivost.<\/p>","protected":false},"featured_media":6147,"comment_status":"closed","ping_status":"closed","template":"","meta":{"site-sidebar-layout":"default","site-content-layout":"default","ast-global-header-display":"","ast-main-header-display":"","ast-hfb-above-header-display":"","ast-hfb-below-header-display":"","ast-hfb-mobile-header-display":"","site-post-title":"","ast-breadcrumbs-content":"","ast-featured-img":"","footer-sml-layout":"","theme-transparent-header-meta":"default","adv-header-id-meta":"","stick-header-meta":"","header-above-stick-meta":"","header-main-stick-meta":"","header-below-stick-meta":""},"product_cat":[845,938,684,17,44,149,16,95],"product_tag":[],"class_list":{"0":"post-5309","1":"product","2":"type-product","3":"status-publish","4":"has-post-thumbnail","6":"product_cat-customization","7":"product_cat-textile-tester","8":"product_cat-impact-tester","9":"product_cat-package-container-testers","10":"product_cat-paper-and-board-testers","11":"product_cat-pharma-and-medical-testers","12":"product_cat-plastic-packaging-testers","13":"product_cat-products","14":"desktop-align-left","15":"tablet-align-left","16":"mobile-align-left","18":"first","19":"instock","20":"shipping-taxable","21":"product-type-simple"},"_links":{"self":[{"href":"https:\/\/www.qualitester.com\/cs\/wp-json\/wp\/v2\/product\/5309","targetHints":{"allow":["GET"]}}],"collection":[{"href":"https:\/\/www.qualitester.com\/cs\/wp-json\/wp\/v2\/product"}],"about":[{"href":"https:\/\/www.qualitester.com\/cs\/wp-json\/wp\/v2\/types\/product"}],"replies":[{"embeddable":true,"href":"https:\/\/www.qualitester.com\/cs\/wp-json\/wp\/v2\/comments?post=5309"}],"version-history":[{"count":0,"href":"https:\/\/www.qualitester.com\/cs\/wp-json\/wp\/v2\/product\/5309\/revisions"}],"wp:featuredmedia":[{"embeddable":true,"href":"https:\/\/www.qualitester.com\/cs\/wp-json\/wp\/v2\/media\/6147"}],"wp:attachment":[{"href":"https:\/\/www.qualitester.com\/cs\/wp-json\/wp\/v2\/media?parent=5309"}],"wp:term":[{"taxonomy":"product_cat","embeddable":true,"href":"https:\/\/www.qualitester.com\/cs\/wp-json\/wp\/v2\/product_cat?post=5309"},{"taxonomy":"product_tag","embeddable":true,"href":"https:\/\/www.qualitester.com\/cs\/wp-json\/wp\/v2\/product_tag?post=5309"}],"curies":[{"name":"wp","href":"https:\/\/api.w.org\/{rel}","templated":true}]}}