{"id":5281,"date":"2024-11-08T10:06:22","date_gmt":"2024-11-08T02:06:22","guid":{"rendered":"https:\/\/www.qualitester.com\/?post_type=product&#038;p=5281"},"modified":"2024-12-05T10:26:34","modified_gmt":"2024-12-05T02:26:34","slug":"sale-paper-board-thickness-tester","status":"publish","type":"product","link":"https:\/\/www.qualitester.com\/cs\/produkt-2\/sale-paper-board-thickness-tester\/","title":{"rendered":"PBT-01 Tester tlou\u0161\u0165ky pap\u00edrov\u00e9 lepenky"},"content":{"rendered":"<h2><strong>Tester tlou\u0161\u0165ky pap\u00edrov\u00e9 lepenky \u00davod<\/strong><\/h2>\n<p>Na str\u00e1nk\u00e1ch <strong>PBT-01 Tester tlou\u0161\u0165ky pap\u00edrov\u00e9 lepenky<\/strong> je pokro\u010dil\u00fd, vysoce p\u0159esn\u00fd p\u0159\u00edstroj ur\u010den\u00fd speci\u00e1ln\u011b k m\u011b\u0159en\u00ed tlou\u0161\u0165ky jednotliv\u00fdch list\u016f vlnit\u00e9 lepenky. Tento p\u0159\u00edstroj hraje z\u00e1sadn\u00ed roli p\u0159i kontrole kvality obalov\u00fdch materi\u00e1l\u016f, proto\u017ee p\u0159esn\u00e9 m\u011b\u0159en\u00ed tlou\u0161\u0165ky je nezbytn\u00e9 pro ur\u010den\u00ed trvanlivosti a pevnosti d\u0159evovl\u00e1knit\u00fdch desek pou\u017e\u00edvan\u00fdch p\u0159i v\u00fdrob\u011b obalov\u00fdch beden a dal\u0161\u00edch obalov\u00fdch \u0159e\u0161en\u00ed. P\u0159\u00edstroj PBT-01 je vhodn\u00fd pro v\u0161echny typy vlnit\u00fdch lepenek a zaji\u0161\u0165uje, \u017ee obalov\u00e9 materi\u00e1ly spl\u0148uj\u00ed p\u0159\u00edsn\u00e9 normy kvality pro ochranu a spolehlivost.<\/p>\n<h2><strong>V\u00fdznam p\u0159esn\u00e9ho m\u011b\u0159en\u00ed tlou\u0161\u0165ky v obalech<\/strong><\/h2>\n<p>P\u0159esn\u00e9 m\u011b\u0159en\u00ed tlou\u0161\u0165ky m\u00e1 z\u00e1sadn\u00ed v\u00fdznam v obalov\u00e9m pr\u016fmyslu, kde konzistence tlou\u0161\u0165ky lepenky ovliv\u0148uje ochrann\u00e9 vlastnosti a struktur\u00e1ln\u00ed integritu kone\u010dn\u00e9ho v\u00fdrobku. Na str\u00e1nk\u00e1ch . <strong>Tester tlou\u0161\u0165ky pap\u00edrov\u00e9 lepenky PBT-01<\/strong> pom\u00e1h\u00e1 v\u00fdrobc\u016fm a odborn\u00edk\u016fm na kontrolu kvality ov\u011b\u0159it, zda ka\u017ed\u00fd plech spl\u0148uje p\u0159esn\u00e9 po\u017eadavky na tlou\u0161\u0165ku, optimalizuje vlastnosti materi\u00e1lu a pom\u00e1h\u00e1 udr\u017eet kvalitu v\u00fdrobku b\u011bhem p\u0159epravy. Spolehliv\u00e9 m\u011b\u0159en\u00ed tlou\u0161\u0165ky zabra\u0148uje pl\u00fdtv\u00e1n\u00ed materi\u00e1lem, posiluje stabilitu balen\u00ed a udr\u017euje soulad s p\u0159edpisy v oblasti kvality balen\u00ed.<\/p>\n<h2><strong>Princip a metodika testov\u00e1n\u00ed testeru tlou\u0161\u0165ky pap\u00edrov\u00e9 lepenky<\/strong><\/h2>\n<ul>\n<li><strong>Princip m\u011b\u0159en\u00ed tlou\u0161\u0165ky<\/strong> P\u0159\u00edstroj PBT-01 m\u011b\u0159\u00ed tlou\u0161\u0165ku vlnit\u00e9 lepenky um\u00edst\u011bn\u00edm vzorku lepenky mezi dv\u011b rovnob\u011b\u017en\u00e9 kruhov\u00e9 tlakov\u00e9 plochy pod ur\u010dit\u00fdm statick\u00fdm zat\u00ed\u017een\u00edm. Tento vysoce p\u0159esn\u00fd test vyv\u00edj\u00ed pot\u0159ebn\u00fd tlak, kter\u00fd zachycuje tlou\u0161\u0165ku lepenky s bezkonkuren\u010dn\u00ed p\u0159esnost\u00ed.<\/li>\n<li><strong>Metoda zkou\u0161en\u00ed tlou\u0161\u0165ky posunut\u00ed<\/strong> P\u0159i pou\u017eit\u00ed metody m\u011b\u0159en\u00ed tlou\u0161\u0165ky posunut\u00edm pou\u017e\u00edv\u00e1 p\u0159\u00edstroj PBT-01 jednu pevnou plochu (kovadlinku) a pohyblivou plochu, kter\u00e1 p\u0159i m\u011b\u0159en\u00ed tlou\u0161\u0165ky vyv\u00edj\u00ed rovnom\u011brn\u00fd tlak. Pohybliv\u00e1 plocha vyv\u00edj\u00ed st\u00e1l\u00fd tlak 20 kPa \u00b1 0,5 kPa, co\u017e zaji\u0161\u0165uje p\u0159esnost a reprodukovatelnost v\u00fdsledk\u016f. P\u0159\u00edstroj je schopen m\u011b\u0159it tlou\u0161\u0165ky od 0 do 20 mm s rozli\u0161en\u00edm 0,001 mm, co\u017e z n\u011bj \u010din\u00ed spolehlivou volbu pro standardn\u00ed i specializovan\u00e9 testovac\u00ed pot\u0159eby.<\/li>\n<\/ul>\n<h2><strong>Struktura n\u00e1stroje a technick\u00e9 specifikace<\/strong><\/h2>\n<ul>\n<li><strong>Tlakov\u00e9 plochy a kontaktn\u00ed plocha<\/strong> Dv\u011b kruhov\u00e9 tlakov\u00e9 plochy PBT-01 jsou navr\u017eeny pro optim\u00e1ln\u00ed p\u0159esnost. Kovadlinka je nehybn\u00e1, zat\u00edmco druh\u00e1 plocha se pohybuje kolmo a rovnom\u011brn\u011b vyv\u00edj\u00ed tlak rychlost\u00ed 2 a\u017e 3 mm\/s. Kruhov\u00e9 p\u0159\u00edtla\u010dn\u00e9 plochy maj\u00ed pr\u016fm\u011br 35,7 mm \u00b1 0,3 mm a jejich kontaktn\u00ed plocha je 1 000 mm\u00b2 \u00b1 20 mm\u00b2. Tato konfigurace zaji\u0161\u0165uje rovnom\u011brn\u00e9 rozlo\u017een\u00ed zku\u0161ebn\u00edho tlaku a p\u0159esn\u00e9 m\u011b\u0159en\u00ed tlou\u0161\u0165ky.<\/li>\n<li><strong>Technick\u00e9 vlastnosti<\/strong> Tester tlou\u0161\u0165ky pap\u00edrov\u00e9 lepenky PBT-01 obsahuje z\u00e1kladn\u00ed technick\u00e9 funkce:<br \/>\n<table>\n<tbody>\n<tr>\n<td width=\"220\">Testovac\u00ed rozsah<\/td>\n<td width=\"110\">0\uff5e20 mm<\/td>\n<\/tr>\n<tr>\n<td width=\"220\">Rozli\u0161en\u00ed<\/td>\n<td width=\"110\">0,001 mm<\/td>\n<\/tr>\n<tr>\n<td width=\"220\">Kontaktn\u00ed oblast<\/td>\n<td width=\"110\">1000\u00b120 mm\u00b2<\/td>\n<\/tr>\n<tr>\n<td width=\"220\">Kontaktn\u00ed tlak<\/td>\n<td width=\"110\">20\u00b12kPa<\/td>\n<\/tr>\n<tr>\n<td width=\"220\">M\u011b\u0159en\u00ed rovnob\u011b\u017enosti povrchu<\/td>\n<td width=\"110\">\u22640,035 mm<\/td>\n<\/tr>\n<tr>\n<td width=\"220\">Chyba zobrazen\u00ed<\/td>\n<td width=\"110\">\u00b10.05\uff05<\/td>\n<\/tr>\n<\/tbody>\n<\/table>\n<\/li>\n<\/ul>\n<h2><strong>Soulad s pr\u016fmyslov\u00fdmi normami<\/strong><\/h2>\n<p>Tester tlou\u0161\u0165ky pap\u00edrov\u00e9 lepenky PBT-01 je zkonstruov\u00e1n v souladu s pr\u016fmyslov\u00fdmi normami pro testov\u00e1n\u00ed vlnit\u00e9 lepenky a obalov\u00fdch materi\u00e1l\u016f, co\u017e zaru\u010duje, \u017ee spl\u0148uje po\u017eadavky t\u011bchto sm\u011brnic na technickou p\u0159esnost. Dodr\u017eov\u00e1n\u00ed t\u011bchto norem je nezbytn\u00e9 pro spolehliv\u00e1 a konzistentn\u00ed m\u011b\u0159en\u00ed v profesion\u00e1ln\u00edch obalov\u00fdch aplikac\u00edch, co\u017e posiluje \u00falohu testeru p\u0159i zaji\u0161\u0165ov\u00e1n\u00ed kontroly kvality a shody v r\u016fzn\u00fdch odv\u011btv\u00edch.<\/p>\n<h2><strong>V\u00fdhody testeru tlou\u0161\u0165ky pap\u00edrov\u00e9 lepenky PBT-01<\/strong><\/h2>\n<p>P\u0159\u00edstroj PBT-01 nab\u00edz\u00ed jedine\u010dn\u00e9 v\u00fdhody, kter\u00e9 jej odli\u0161uj\u00ed od ostatn\u00edch p\u0159\u00edstroj\u016f v oblasti testov\u00e1n\u00ed materi\u00e1l\u016f:<\/p>\n<ul>\n<li><strong>Vysok\u00e1 p\u0159esnost:<\/strong> S rozli\u0161en\u00edm 0,001 mm zaru\u010duje PBT-01 vysoce p\u0159esn\u00e1 m\u011b\u0159en\u00ed pro spolehlivou kontrolu kvality.<\/li>\n<li><strong>V\u0161estrann\u00e9 pou\u017eit\u00ed:<\/strong> Je vhodn\u00fd pro v\u0161echny typy vlnit\u00fdch lepenek, tak\u017ee je univerz\u00e1ln\u00ed volbou pro r\u016fzn\u00e9 typy obal\u016f.<\/li>\n<li><strong>U\u017eivatelsky p\u0159\u00edv\u011btiv\u00fd design:<\/strong> Funkce, jako je funkce nulov\u00e1n\u00ed a jednoduch\u00e9 ovl\u00e1d\u00e1n\u00ed v\u00fdkonu, usnad\u0148uj\u00ed pou\u017e\u00edv\u00e1n\u00ed.<\/li>\n<li><strong>Zv\u00fd\u0161en\u00e1 kontrola kvality:<\/strong> Zaji\u0161\u0165uje konzistentn\u00ed m\u011b\u0159en\u00ed tlou\u0161\u0165ky pro lep\u0161\u00ed trvanlivost obal\u016f a \u00fasporu materi\u00e1lu.<\/li>\n<\/ul>\n<h2><strong>Aplikace nap\u0159\u00ed\u010d odv\u011btv\u00edmi<\/strong><\/h2>\n<p>Tester tlou\u0161\u0165ky pap\u00edrov\u00e9 lepenky PBT-01 je \u0161iroce pou\u017eiteln\u00fd v r\u016fzn\u00fdch pr\u016fmyslov\u00fdch odv\u011btv\u00edch, v\u010detn\u011b obalov\u00e9ho, potravin\u00e1\u0159sk\u00e9ho a farmaceutick\u00e9ho pr\u016fmyslu a agentur pro kontrolu kvality. D\u00edky p\u0159esn\u00e9mu a konzistentn\u00edmu m\u011b\u0159en\u00ed umo\u017e\u0148uje tlou\u0161\u0165kom\u011br PBT-01 spole\u010dnostem udr\u017eovat p\u0159\u00edsnou kontrolu kvality obalov\u00fdch materi\u00e1l\u016f a podporuje v\u00fdvoj odoln\u00fdch a spolehliv\u00fdch obalov\u00fdch \u0159e\u0161en\u00ed v r\u016fzn\u00fdch odv\u011btv\u00edch.<\/p>\n<h2><strong>\u010casto kladen\u00e9 ot\u00e1zky (FAQ)<\/strong><\/h2>\n<ol>\n<li><strong>Co je vlnit\u00e1 lepenka?<\/strong>\n<ul>\n<li>Vlnit\u00e1 lepenka se skl\u00e1d\u00e1 z jednoho nebo v\u00edce list\u016f r\u00fdhovan\u00e9ho pap\u00edru nalepen\u00e9ho na ploch\u00fd list lepenky nebo mezi n\u011bkolik list\u016f. Je obl\u00edben\u00fdm materi\u00e1lem v obalov\u00e9 technice d\u00edky sv\u00e9 pevnosti a vlastnostem tlumen\u00ed n\u00e1raz\u016f.<\/li>\n<\/ul>\n<\/li>\n<li><strong>Co se rozum\u00ed pod pojmem \u201ctlou\u0161\u0165ka jednoho listu vlnit\u00e9 lepenky\u201d?<\/strong>\n<ul>\n<li>Tlou\u0161\u0165ka jednoho listu se vztahuje na vzd\u00e1lenost mezi jedn\u00edm povrchem listu vlnit\u00e9 lepenky a protilehl\u00fdm povrchem, m\u011b\u0159enou p\u0159i ur\u010dit\u00e9m statick\u00e9m zat\u00ed\u017een\u00ed.<\/li>\n<\/ul>\n<\/li>\n<li><strong>Jak p\u0159esn\u00fd je p\u0159\u00edstroj PBT-01 p\u0159i m\u011b\u0159en\u00ed tlou\u0161\u0165ky?<\/strong>\n<ul>\n<li>PBT-01 poskytuje vysokou p\u0159esnost s rozli\u0161en\u00edm 0,001 mm a p\u0159esnost\u00ed \u00b10,05%, co\u017e z n\u011bj \u010din\u00ed spolehlivou volbu pro konzistentn\u00ed a reprodukovateln\u00e1 m\u011b\u0159en\u00ed.<\/li>\n<\/ul>\n<\/li>\n<li><strong>Pro\u010d je p\u0159i zkou\u0161ce tlou\u0161\u0165ky d\u016fle\u017eit\u00fd kontaktn\u00ed tlak?<\/strong>\n<ul>\n<li>St\u00e1l\u00fd p\u0159\u00edtlak b\u011bhem testov\u00e1n\u00ed zaji\u0161\u0165uje, \u017ee m\u011b\u0159en\u00ed p\u0159esn\u011b odr\u00e1\u017e\u00ed tlou\u0161\u0165ku desky bez odchylky stla\u010den\u00ed, a poskytuje tak opakovateln\u00e9 a spolehliv\u00e9 v\u00fdsledky.<\/li>\n<\/ul>\n<\/li>\n<li><strong>Pro jak\u00e1 odv\u011btv\u00ed je pou\u017eit\u00ed tlou\u0161\u0165kom\u011bru PBT-01 v\u00fdhodn\u00e9?<\/strong>\n<ul>\n<li>P\u0159\u00edstroj PBT-01 je nezbytn\u00fd pro obalov\u00fd, potravin\u00e1\u0159sk\u00fd, farmaceutick\u00fd a dal\u0161\u00ed pr\u016fmyslov\u00e9 obory, kde je kvalita materi\u00e1lu a spolehlivost obalu rozhoduj\u00edc\u00ed pro ochranu a bezpe\u010dnost v\u00fdrobk\u016f.<\/li>\n<\/ul>\n<\/li>\n<\/ol>","protected":false},"excerpt":{"rendered":"<p>Na str\u00e1nk\u00e1ch <strong>PBT-01 Tester tlou\u0161\u0165ky pap\u00edrov\u00e9 lepenky<\/strong> je pokro\u010dil\u00fd, vysoce p\u0159esn\u00fd p\u0159\u00edstroj ur\u010den\u00fd speci\u00e1ln\u011b k m\u011b\u0159en\u00ed tlou\u0161\u0165ky jednotliv\u00fdch list\u016f vlnit\u00e9 lepenky. Tento p\u0159\u00edstroj hraje z\u00e1sadn\u00ed roli p\u0159i kontrole kvality obalov\u00fdch materi\u00e1l\u016f, proto\u017ee p\u0159esn\u00e9 m\u011b\u0159en\u00ed tlou\u0161\u0165ky je nezbytn\u00e9 pro ur\u010den\u00ed trvanlivosti a pevnosti d\u0159evovl\u00e1knit\u00fdch desek pou\u017e\u00edvan\u00fdch p\u0159i v\u00fdrob\u011b obalov\u00fdch beden a dal\u0161\u00edch obalov\u00fdch \u0159e\u0161en\u00ed. P\u0159\u00edstroj PBT-01 je vhodn\u00fd pro v\u0161echny typy vlnit\u00fdch lepenek a zaji\u0161\u0165uje, \u017ee obalov\u00e9 materi\u00e1ly spl\u0148uj\u00ed p\u0159\u00edsn\u00e9 normy kvality pro ochranu a spolehlivost.<\/p>","protected":false},"featured_media":6184,"comment_status":"closed","ping_status":"closed","template":"","meta":{"site-sidebar-layout":"default","site-content-layout":"default","ast-global-header-display":"","ast-main-header-display":"","ast-hfb-above-header-display":"","ast-hfb-below-header-display":"","ast-hfb-mobile-header-display":"","site-post-title":"","ast-breadcrumbs-content":"","ast-featured-img":"","footer-sml-layout":"","theme-transparent-header-meta":"default","adv-header-id-meta":"","stick-header-meta":"","header-above-stick-meta":"","header-main-stick-meta":"","header-below-stick-meta":""},"product_cat":[685,845,1149,962,44,160,95],"product_tag":[],"class_list":{"0":"post-5281","1":"product","2":"type-product","3":"status-publish","4":"has-post-thumbnail","6":"product_cat-thickness-tester","7":"product_cat-customization","8":"product_cat-tappi-t437","9":"product_cat-thickness-gauges","10":"product_cat-paper-and-board-testers","11":"product_cat-iso-3034","12":"product_cat-products","13":"desktop-align-left","14":"tablet-align-left","15":"mobile-align-left","17":"first","18":"instock","19":"shipping-taxable","20":"product-type-simple"},"_links":{"self":[{"href":"https:\/\/www.qualitester.com\/cs\/wp-json\/wp\/v2\/product\/5281","targetHints":{"allow":["GET"]}}],"collection":[{"href":"https:\/\/www.qualitester.com\/cs\/wp-json\/wp\/v2\/product"}],"about":[{"href":"https:\/\/www.qualitester.com\/cs\/wp-json\/wp\/v2\/types\/product"}],"replies":[{"embeddable":true,"href":"https:\/\/www.qualitester.com\/cs\/wp-json\/wp\/v2\/comments?post=5281"}],"version-history":[{"count":0,"href":"https:\/\/www.qualitester.com\/cs\/wp-json\/wp\/v2\/product\/5281\/revisions"}],"wp:featuredmedia":[{"embeddable":true,"href":"https:\/\/www.qualitester.com\/cs\/wp-json\/wp\/v2\/media\/6184"}],"wp:attachment":[{"href":"https:\/\/www.qualitester.com\/cs\/wp-json\/wp\/v2\/media?parent=5281"}],"wp:term":[{"taxonomy":"product_cat","embeddable":true,"href":"https:\/\/www.qualitester.com\/cs\/wp-json\/wp\/v2\/product_cat?post=5281"},{"taxonomy":"product_tag","embeddable":true,"href":"https:\/\/www.qualitester.com\/cs\/wp-json\/wp\/v2\/product_tag?post=5281"}],"curies":[{"name":"wp","href":"https:\/\/api.w.org\/{rel}","templated":true}]}}