{"id":5271,"date":"2024-11-07T10:59:28","date_gmt":"2024-11-07T02:59:28","guid":{"rendered":"https:\/\/www.qualitester.com\/?post_type=product&#038;p=5271"},"modified":"2024-12-05T10:19:31","modified_gmt":"2024-12-05T02:19:31","slug":"sale-corrugated-concora-medium-fluter","status":"publish","type":"product","link":"https:\/\/www.qualitester.com\/cs\/produkt-2\/sale-corrugated-concora-medium-fluter\/","title":{"rendered":"CWY-01 Concora Medium Fluter"},"content":{"rendered":"<h2>\u00davod<\/h2>\n<p>Na str\u00e1nk\u00e1ch <strong>CWY-01 Concora Medium Fluter<\/strong> je vysoce kvalitn\u00ed p\u0159\u00edstroj ur\u010den\u00fd k v\u00fdrob\u011b standardizovan\u00fdch r\u00fdhovan\u00fdch vzork\u016f z vlnit\u00e9ho m\u00e9dia. Tento n\u00e1stroj se pou\u017e\u00edv\u00e1 v obalov\u00e9m, farmaceutick\u00e9m, potravin\u00e1\u0159sk\u00e9m a elektronick\u00e9m pr\u016fmyslu a p\u0159i kontrole kvality a je nezbytn\u00fd pro zaji\u0161t\u011bn\u00ed pevnosti a trvanlivosti vlnit\u00fdch materi\u00e1l\u016f. P\u0159\u00edpravou vzork\u016f pro <strong>Zkou\u0161ka vlnitosti m\u00e9dia (CMT)<\/strong> a <strong>Zkou\u0161ka drcen\u00edm vlnit\u00e9ho plechu (CCT)<\/strong>, CWY-01 umo\u017e\u0148uje v\u00fdrobc\u016fm dodr\u017eovat normy kvality a zachov\u00e1vat konzistenci v\u00fdrobk\u016f.<\/p>\n<h2>Z\u00e1kladn\u00ed aplikace st\u0159edn\u00edho fl\u00e9ra\u010de CWY-01 Concora<\/h2>\n<p>Na str\u00e1nk\u00e1ch <strong>CWY-01 Concora Medium Fluter<\/strong> m\u00e1 z\u00e1sadn\u00ed v\u00fdznam pro hodnocen\u00ed pevnosti vlnit\u00e9ho m\u00e9dia a dal\u0161\u00edch materi\u00e1l\u016f pou\u017e\u00edvan\u00fdch p\u0159i v\u00fdrob\u011b vlnit\u00e9 lepenky. Jeho hlavn\u00ed funkc\u00ed je p\u0159\u00edprava stejnom\u011brn\u00fdch r\u00fdhovan\u00fdch vzork\u016f ke zkou\u0161k\u00e1m pevnosti v tlaku, kter\u00e9 u\u017eivatel\u016fm umo\u017e\u0148uj\u00ed zjistit, jak dob\u0159e materi\u00e1l odol\u00e1v\u00e1 tlaku a zachov\u00e1v\u00e1 struktur\u00e1ln\u00ed integritu p\u0159i zat\u00ed\u017een\u00ed. Mezi aplikace pat\u0159\u00ed:<\/p>\n<ul>\n<li><strong>CMT<\/strong> k m\u011b\u0159en\u00ed odolnosti proti plo\u0161n\u00e9mu tlaku dr\u00e1\u017ekovan\u00fdch vzork\u016f.<\/li>\n<li><strong>CCT<\/strong> k hodnocen\u00ed pevnosti v tlaku na hran\u011b vlnit\u00e9 lepenky<\/li>\n<\/ul>\n<p>Pou\u017e\u00edv\u00e1 se hojn\u011b v <strong>balen\u00ed, zdravotnick\u00e9 prost\u0159edky, l\u00e9\u010diva a kontrola kvality.<\/strong>, CWY-01 podporuje v\u00fdrobce p\u0159i testov\u00e1n\u00ed materi\u00e1l\u016f s vysokou spolehlivost\u00ed a \u00fa\u010dinnost\u00ed.<\/p>\n<h2>Z\u00e1sady fungov\u00e1n\u00ed<\/h2>\n<p>St\u0159edn\u00ed fr\u00e9za CWY-01 Concora je navr\u017eena s ohledem na p\u0159esnost a snadn\u00e9 pou\u017eit\u00ed. Jeho obsluha zahrnuje n\u011bkolik jednoduch\u00fdch krok\u016f:<\/p>\n<ol>\n<li><strong>Nastaven\u00ed teploty<\/strong>: Po zapnut\u00ed stroje obsluha nastav\u00ed teplotu tak, aby vlnit\u00e9 kotou\u010de dos\u00e1hly optim\u00e1ln\u00ed a stabiln\u00ed teploty. Toto rovnom\u011brn\u00e9 rozlo\u017een\u00ed tepla je rozhoduj\u00edc\u00ed pro vytvo\u0159en\u00ed p\u0159esn\u00fdch dr\u00e1\u017eek.<\/li>\n<li><strong>Uk\u00e1zka krmen\u00ed<\/strong>: Vzorek vlnit\u00e9ho m\u00e9dia se vkl\u00e1d\u00e1 shora, kde proch\u00e1z\u00ed zah\u0159\u00e1t\u00fdmi kotou\u010di a vytv\u00e1\u0159\u00ed rovnom\u011brn\u00fd r\u00fdhovan\u00fd tvar.<\/li>\n<li><strong>P\u0159\u00edprava na testov\u00e1n\u00ed<\/strong>: R\u00fdhovan\u00fd vzorek se pot\u00e9 vlo\u017e\u00ed do <strong>Stojan CMT nebo dr\u017e\u00e1k CCT<\/strong> a je p\u0159ipraven ke zkou\u0161ce pevnosti v tlaku pomoc\u00ed vysoce p\u0159esn\u00e9ho zku\u0161ebn\u00edho za\u0159\u00edzen\u00ed.<\/li>\n<\/ol>\n<p>Tento systematick\u00fd proces zaji\u0161\u0165uje konzistentn\u00ed a opakovateln\u00e9 v\u00fdsledky a umo\u017e\u0148uje p\u0159esnou kontrolu kvality v souladu s pr\u016fmyslov\u00fdmi normami.<\/p>\n<h2>P\u0159\u00edslu\u0161n\u00e9 normy a zku\u0161ebn\u00ed metody<\/h2>\n<p>St\u0159edn\u00ed fl\u00e9ra CWY-01 Concora je v souladu s kl\u00ed\u010dov\u00fdmi pr\u016fmyslov\u00fdmi standardy, co\u017e zaru\u010duje vysoce kvalitn\u00ed a standardizovan\u00e9 v\u00fdsledky:<\/p>\n<ul>\n<li><strong><a href=\"https:\/\/www.iso.org\/standard\/56171.html\" target=\"_blank\" rel=\"noopener nofollow\">ISO 7263<\/a>: Zkou\u0161ka vlnitosti m\u00e9dia (CMT)<\/strong>\n<ul>\n<li>Norma ISO 7263 specifikuje <strong>Zkou\u0161ka vlnitosti m\u00e9dia (CMT)<\/strong>, m\u011b\u0159en\u00ed odolnosti vlnit\u00e9ho m\u00e9dia proti plo\u0161n\u00e9mu tlaku po r\u00fdhov\u00e1n\u00ed. Tato norma zahrnuje jak <a href=\"https:\/\/www.qualitester.com\/cs\/kategorie-produktu\/iso\/iso-7263-1\/\" target=\"_blank\" rel=\"noopener\"><strong>ISO 7263-1<\/strong><\/a> pro kondicionovan\u00e9 vzorky a <strong>ISO 7263-2<\/strong> pro vlhk\u00e9 vzorky. P\u0159\u00edstroj CWY-01 umo\u017e\u0148uje p\u0159\u00edpravu vzork\u016f, kter\u00e9 spl\u0148uj\u00ed tyto po\u017eadavky ISO, a zaji\u0161\u0165uje tak p\u0159esn\u00e9 a spolehliv\u00e9 v\u00fdsledky test\u016f.<\/li>\n<\/ul>\n<\/li>\n<li><strong><a href=\"https:\/\/www.iso.org\/standard\/57983.html\" target=\"_blank\" rel=\"noopener nofollow\">ISO 16945<\/a>: Zkou\u0161ka drcen\u00edm vlnit\u00e9ho plechu (CCT)<\/strong>\n<ul>\n<li><a href=\"https:\/\/www.qualitester.com\/cs\/kategorie-produktu\/iso\/iso16945\/\" target=\"_blank\" rel=\"noopener\">ISO 16945<\/a> se zam\u011b\u0159uje na <strong>Zkou\u0161ka drcen\u00edm vlnit\u00e9ho plechu (CCT)<\/strong>, kter\u00e1 hodnot\u00ed odolnost vlnit\u00e9 lepenky proti ma\u010dk\u00e1n\u00ed na hran\u011b, co\u017e je rozhoduj\u00edc\u00ed m\u011b\u0159\u00edtko trvanlivosti materi\u00e1lu v obalech. Schopnost p\u0159\u00edstroje CWY-01 vytv\u00e1\u0159et p\u0159esn\u00e9 r\u00fdhovan\u00e9 vzorky je v souladu s normou ISO 16945, co\u017e usnad\u0148uje konzistentn\u00ed zkou\u0161en\u00ed pevnosti v tlaku podle norem.<\/li>\n<\/ul>\n<\/li>\n<li><strong><a href=\"https:\/\/imisrise.tappi.org\/TAPPI\/Products\/01\/T\/0104t843.aspx\" target=\"_blank\" rel=\"noopener nofollow\">TAPPI T843<\/a>: Plo\u0161n\u00e1 zkou\u0161ka drcen\u00ed pro vlnit\u00e9 m\u00e9dium<\/strong>\n<ul>\n<li><a href=\"https:\/\/www.qualitester.com\/cs\/kategorie-produktu\/tappi\/tappi-t843\/\" target=\"_blank\" rel=\"noopener\">TAPPI T843<\/a> popisuje postupy pro testov\u00e1n\u00ed <strong>odolnost proti rozdrcen\u00ed na plocho<\/strong> z r\u00fdhovan\u00e9ho pap\u00edru. Pou\u017eit\u00ed p\u0159\u00edstroje CWY-01 k v\u00fdrob\u011b standardizovan\u00fdch vzork\u016f v souladu s normou TAPPI T843 zvy\u0161uje p\u0159esnost a srovnatelnost testov\u00e1n\u00ed, co\u017e je rozhoduj\u00edc\u00ed pro zaji\u0161t\u011bn\u00ed kvality v aplikac\u00edch obal\u016f z vlnit\u00e9 lepenky.<\/li>\n<\/ul>\n<\/li>\n<\/ul>\n<h2>Kl\u00ed\u010dov\u00e9 vlastnosti a v\u00fdhody st\u0159edn\u00edho fl\u00e9tnov\u00e9ho kart\u00e1\u010de CWY-01 Concora<\/h2>\n<ol>\n<li><strong>Odoln\u00e1 a v\u0161estrann\u00e1 konstrukce<\/strong>\n<ul>\n<li>Model CWY-01 je konstruov\u00e1n tak, aby vydr\u017eel vysok\u00e9 zat\u00ed\u017een\u00ed, a nab\u00edz\u00ed spolehlivost p\u0159i dlouhodob\u00e9m provozu, co\u017e je ide\u00e1ln\u00ed pro n\u00e1ro\u010dn\u00e9 testovac\u00ed prost\u0159ed\u00ed.<\/li>\n<\/ul>\n<\/li>\n<li><strong>Vym\u011bniteln\u00e9 vlnit\u00e9 kotou\u010de<\/strong>\n<ul>\n<li>Model CWY-01 je snadno p\u0159izp\u016fsobiteln\u00fd a umo\u017e\u0148uje u\u017eivatel\u016fm vym\u011b\u0148ovat kotou\u010de s r\u016fzn\u00fdmi profily dr\u00e1\u017eek, co\u017e zaji\u0161\u0165uje v\u0161estrannost p\u0159i p\u0159\u00edprav\u011b vzork\u016f.<\/li>\n<\/ul>\n<\/li>\n<li><strong>Nastaviteln\u00fd rozsah tlaku s mo\u017enost\u00ed kalibrace<\/strong>\n<ul>\n<li>P\u0159izp\u016fsobiteln\u00e9 nastaven\u00ed tlaku umo\u017e\u0148uje p\u0159esn\u00e9 nastaven\u00ed pro r\u016fzn\u00e9 po\u017eadavky na testov\u00e1n\u00ed p\u0159i zachov\u00e1n\u00ed shody s mezin\u00e1rodn\u00edmi normami.<\/li>\n<\/ul>\n<\/li>\n<li><strong>Prostorov\u011b \u00fasporn\u00fd vertik\u00e1ln\u00ed design<\/strong>\n<ul>\n<li>Vertik\u00e1ln\u00ed konstrukce p\u0159\u00edstroje CWY-01 zjednodu\u0161uje pod\u00e1v\u00e1n\u00ed vzork\u016f, minimalizuje plochu a z\u00e1rove\u0148 maximalizuje snadnost pou\u017eit\u00ed.<\/li>\n<\/ul>\n<\/li>\n<li><strong>Vestav\u011bn\u00fd topn\u00fd mechanismus pro rovnom\u011brn\u00e9 rozlo\u017een\u00ed teploty<\/strong>\n<ul>\n<li>Integrovan\u00fd oh\u0159ev zaji\u0161\u0165uje rovnom\u011brn\u00e9 rozlo\u017een\u00ed teploty na obou kotou\u010d\u00edch, co\u017e je z\u00e1sadn\u00ed pro vytvo\u0159en\u00ed konzistentn\u00edch a kvalitn\u00edch dr\u00e1\u017eek.<\/li>\n<\/ul>\n<\/li>\n<li><strong>P\u0159esn\u00e1 regulace teploty<\/strong>\n<ul>\n<li>U\u017eivatel\u00e9 mohou p\u0159esn\u011b nastavit a kontrolovat teplotu, \u010d\u00edm\u017e je zaji\u0161t\u011bna spolehlivost p\u0159\u00edpravy vzork\u016f a zachov\u00e1n\u00ed integrity testu.<\/li>\n<\/ul>\n<\/li>\n<\/ol>\n<h2>Hlavn\u00ed parametry fl\u00e9ry CWY-01 Concora Medium Fluter<\/h2>\n<ul>\n<li><strong>\u0160\u00ed\u0159ka vzorku<\/strong>: 0,5 palce (12,7 mm)<\/li>\n<li><strong>Teplotn\u00ed rozsah<\/strong>: Nastaviteln\u00e9 pro konkr\u00e9tn\u00ed testovac\u00ed prost\u0159ed\u00ed<\/li>\n<li><strong>Rozsah tlaku<\/strong>: Nastaviteln\u00fd, kalibrovan\u00fd pro spln\u011bn\u00ed r\u016fzn\u00fdch testovac\u00edch standard\u016f<\/li>\n<\/ul>\n<h2>Nej\u010dast\u011bj\u0161\u00ed dotazy<\/h2>\n<ol>\n<li><strong>K \u010demu slou\u017e\u00ed st\u0159edn\u00ed fl\u00e9ra CWY-01 Concora?<\/strong>\n<ul>\n<li>Za\u0159\u00edzen\u00ed CWY-01 p\u0159ipravuje z vlnit\u00e9ho m\u00e9dia dr\u00e1\u017ekovan\u00e9 vzorky, kter\u00e9 jsou nezbytn\u00e9 pro zkou\u0161en\u00ed pevnosti metodami CMT a CCT.<\/li>\n<\/ul>\n<\/li>\n<li><strong>Jak je st\u0159edn\u00ed fl\u00e9ra CWY-01 Concora v souladu s normou ISO 7263?<\/strong>\n<ul>\n<li>CWY-01 umo\u017e\u0148uje v\u00fdrobu dr\u00e1\u017ekovan\u00fdch vzork\u016f podle normy ISO 7263, co\u017e zaji\u0161\u0165uje standardizovan\u00e9 v\u00fdsledky p\u0159i zkou\u0161k\u00e1ch pevnosti vlnit\u00e9ho m\u00e9dia.<\/li>\n<\/ul>\n<\/li>\n<li><strong>Jak\u00e9 typy materi\u00e1l\u016f lze testovat pomoc\u00ed p\u0159\u00edstroje CWY-01?<\/strong>\n<ul>\n<li>P\u0159\u00edstroj CWY-01 je ur\u010den pro vlnit\u00e9 m\u00e9dium, ale je vhodn\u00fd i pro jin\u00e9 materi\u00e1ly, u nich\u017e je t\u0159eba zkou\u0161et pevnost v tlaku ve vlnit\u00fdch obalech.<\/li>\n<\/ul>\n<\/li>\n<li><strong>Jak se v za\u0159\u00edzen\u00ed CWY-01 reguluje teplota?<\/strong>\n<ul>\n<li>Vestav\u011bn\u00fd oh\u0159\u00edvac\u00ed mechanismus zaji\u0161\u0165uje p\u0159esnou kontrolu a rovnom\u011brn\u00e9 rozlo\u017een\u00ed tepla po disc\u00edch, co\u017e zaru\u010duje p\u0159esn\u00e9 vytvo\u0159en\u00ed vzorku.<\/li>\n<\/ul>\n<\/li>\n<li><strong>Lze na CWY-01 pou\u017e\u00edt r\u016fzn\u00e9 typy fl\u00e9ten?<\/strong>\n<ul>\n<li>Ano, p\u0159\u00edstroj CWY-01 je vybaven vym\u011bniteln\u00fdmi kotou\u010di, kter\u00e9 umo\u017e\u0148uj\u00ed r\u016fzn\u00e9 profily dr\u00e1\u017eek v z\u00e1vislosti na konkr\u00e9tn\u00edch pot\u0159eb\u00e1ch testov\u00e1n\u00ed.<\/li>\n<\/ul>\n<\/li>\n<\/ol>\n<p>Na str\u00e1nk\u00e1ch <strong>CWY-01 Concora Medium Fluter<\/strong> je robustn\u00ed, p\u0159izp\u016fsobiv\u00fd a p\u0159esn\u00fd p\u0159\u00edstroj ur\u010den\u00fd k v\u00fdrob\u011b dr\u00e1\u017ekovan\u00fdch vzork\u016f, kter\u00e9 spl\u0148uj\u00ed p\u0159\u00edsn\u00e9 pr\u016fmyslov\u00e9 normy, jako je nap\u0159. <strong>ISO 7263<\/strong>, <strong>ISO 16945<\/strong>, a <strong>TAPPI T843<\/strong>. Tento v\u0161estrann\u00fd n\u00e1stroj je ide\u00e1ln\u00ed pro v\u00fdrobce a t\u00fdmy kontroly kvality, kter\u00e9 se sna\u017e\u00ed zajistit nejvy\u0161\u0161\u00ed \u00farove\u0148 v\u00fdkonu a spolehlivosti obalov\u00fdch materi\u00e1l\u016f z vlnit\u00e9 lepenky.<\/p>","protected":false},"excerpt":{"rendered":"<p>Na str\u00e1nk\u00e1ch <strong>CWY-01 Concora Medium Fluter<\/strong> je vysoce kvalitn\u00ed p\u0159\u00edstroj ur\u010den\u00fd k v\u00fdrob\u011b standardizovan\u00fdch r\u00fdhovan\u00fdch vzork\u016f z vlnit\u00e9ho m\u00e9dia. Tento n\u00e1stroj se pou\u017e\u00edv\u00e1 v obalov\u00e9m, farmaceutick\u00e9m, potravin\u00e1\u0159sk\u00e9m a elektronick\u00e9m pr\u016fmyslu a p\u0159i kontrole kvality a je nezbytn\u00fd pro zaji\u0161t\u011bn\u00ed pevnosti a trvanlivosti vlnit\u00fdch materi\u00e1l\u016f. P\u0159\u00edpravou vzork\u016f pro <strong>Zkou\u0161ka vlnitosti m\u00e9dia (CMT)<\/strong> a <strong>Zkou\u0161ka drcen\u00edm vlnit\u00e9ho plechu (CCT)<\/strong>, CWY-01 umo\u017e\u0148uje v\u00fdrobc\u016fm dodr\u017eovat normy kvality a zachov\u00e1vat konzistenci v\u00fdrobk\u016f.<\/p>","protected":false},"featured_media":6180,"comment_status":"closed","ping_status":"closed","template":"","meta":{"site-sidebar-layout":"default","site-content-layout":"default","ast-global-header-display":"","ast-main-header-display":"","ast-hfb-above-header-display":"","ast-hfb-below-header-display":"","ast-hfb-mobile-header-display":"","site-post-title":"","ast-breadcrumbs-content":"","ast-featured-img":"","footer-sml-layout":"","theme-transparent-header-meta":"default","adv-header-id-meta":"","stick-header-meta":"","header-above-stick-meta":"","header-main-stick-meta":"","header-below-stick-meta":""},"product_cat":[845,953,956,955,1082,1081,954,957,958,952,959,95],"product_tag":[],"class_list":{"0":"post-5271","1":"product","2":"type-product","3":"status-publish","4":"has-post-thumbnail","6":"product_cat-customization","7":"product_cat-bursting-tester","8":"product_cat-cobb-tester","9":"product_cat-crush-tester","10":"product_cat-iso-16945","11":"product_cat-iso-7263-1","12":"product_cat-paper-tear-tester","13":"product_cat-plybond-tester","14":"product_cat-puncture-tester","15":"product_cat-rub-tester","16":"product_cat-stiffness-tester","17":"product_cat-products","18":"desktop-align-left","19":"tablet-align-left","20":"mobile-align-left","22":"first","23":"instock","24":"shipping-taxable","25":"product-type-simple"},"_links":{"self":[{"href":"https:\/\/www.qualitester.com\/cs\/wp-json\/wp\/v2\/product\/5271","targetHints":{"allow":["GET"]}}],"collection":[{"href":"https:\/\/www.qualitester.com\/cs\/wp-json\/wp\/v2\/product"}],"about":[{"href":"https:\/\/www.qualitester.com\/cs\/wp-json\/wp\/v2\/types\/product"}],"replies":[{"embeddable":true,"href":"https:\/\/www.qualitester.com\/cs\/wp-json\/wp\/v2\/comments?post=5271"}],"version-history":[{"count":0,"href":"https:\/\/www.qualitester.com\/cs\/wp-json\/wp\/v2\/product\/5271\/revisions"}],"wp:featuredmedia":[{"embeddable":true,"href":"https:\/\/www.qualitester.com\/cs\/wp-json\/wp\/v2\/media\/6180"}],"wp:attachment":[{"href":"https:\/\/www.qualitester.com\/cs\/wp-json\/wp\/v2\/media?parent=5271"}],"wp:term":[{"taxonomy":"product_cat","embeddable":true,"href":"https:\/\/www.qualitester.com\/cs\/wp-json\/wp\/v2\/product_cat?post=5271"},{"taxonomy":"product_tag","embeddable":true,"href":"https:\/\/www.qualitester.com\/cs\/wp-json\/wp\/v2\/product_tag?post=5271"}],"curies":[{"name":"wp","href":"https:\/\/api.w.org\/{rel}","templated":true}]}}