{"id":5204,"date":"2024-11-05T11:37:42","date_gmt":"2024-11-05T03:37:42","guid":{"rendered":"https:\/\/www.qualitester.com\/?post_type=product&#038;p=5204"},"modified":"2024-12-05T13:32:19","modified_gmt":"2024-12-05T05:32:19","slug":"sale-automated-torque-tester-astm","status":"publish","type":"product","link":"https:\/\/www.qualitester.com\/cs\/produkt-2\/sale-automated-torque-tester-astm\/","title":{"rendered":"MCT-01L Automatizovan\u00e1 zkou\u0161e\u010dka kroutic\u00edho momentu"},"content":{"rendered":"<h2>\u00davod do automatizovan\u00e9 zkou\u0161e\u010dky kroutic\u00edho momentu<\/h2>\n<p>Na str\u00e1nk\u00e1ch <strong>Automatizovan\u00e1 zkou\u0161e\u010dka kroutic\u00edho momentu<\/strong> je z\u00e1kladn\u00edm n\u00e1strojem pro vyhodnocov\u00e1n\u00ed otev\u00edrac\u00ed a uzav\u00edrac\u00ed s\u00edly uz\u00e1v\u011br\u016f r\u016fzn\u00fdch n\u00e1dob, v\u010detn\u011b lahv\u00ed na l\u00e9ky, PET lahv\u00ed, s\u00e1\u010dk\u016f s v\u00fdlevkou a ohebn\u00fdch trubek. Tento tester zaji\u0161\u0165uje, \u017ee uz\u00e1v\u011bry si zachov\u00e1vaj\u00ed bezpe\u010dn\u00e9 t\u011bsn\u011bn\u00ed a z\u00e1rove\u0148 se spot\u0159ebitel\u016fm snadno otev\u00edraj\u00ed, co\u017e optimalizuje bezpe\u010dnost, kvalitu a pou\u017eitelnost v\u00fdrobk\u016f. D\u00edky pokro\u010dil\u00e9 automatizaci a p\u0159esnosti hraje automatick\u00fd tester kroutic\u00edho momentu z\u00e1sadn\u00ed roli p\u0159i kontrole kvality v pr\u016fmyslov\u00fdch odv\u011btv\u00edch, jako jsou obalov\u00fd pr\u016fmysl, farmaceutick\u00fd pr\u016fmysl, potravin\u00e1\u0159sk\u00fd pr\u016fmysl a v\u00fdroba kosmetiky.<\/p>\n<h2>Kl\u00ed\u010dov\u00e9 aplikace automatizovan\u00e9 zkou\u0161e\u010dky kroutic\u00edho momentu<\/h2>\n<p>Automatick\u00e1 zkou\u0161e\u010dka kroutic\u00edho momentu je \u0161iroce pou\u017eiteln\u00e1 v:<\/p>\n<ul>\n<li><strong>Balen\u00ed<\/strong>: Zaji\u0161t\u011bn\u00ed, aby uz\u00e1v\u011bry z\u016fstaly b\u011bhem p\u0159epravy uzav\u0159en\u00e9, ale spot\u0159ebitel je mohl snadno otev\u0159\u00edt.<\/li>\n<li><strong>Farmaceutick\u00e9 produkty<\/strong>: Testov\u00e1n\u00ed uz\u00e1v\u011br\u016f odoln\u00fdch proti otev\u0159en\u00ed d\u011btmi a uz\u00e1v\u011br\u016f s ochranou proti manipulaci, aby spl\u0148ovaly bezpe\u010dnostn\u00ed normy.<\/li>\n<li><strong>Potraviny a n\u00e1poje<\/strong>: Ov\u011b\u0159ov\u00e1n\u00ed neporu\u0161enosti uz\u00e1v\u011br\u016f PET a jin\u00fdch typ\u016f lahv\u00ed, aby se zabr\u00e1nilo \u00faniku a kontaminaci.<\/li>\n<li><strong>Kosmetika a denn\u00ed chemik\u00e1lie<\/strong>: Testov\u00e1n\u00ed pevnosti uz\u00e1v\u011bru pro zv\u00fd\u0161en\u00ed \u017eivotnosti v\u00fdrobku a snadn\u00e9ho pou\u017e\u00edv\u00e1n\u00ed.<\/li>\n<\/ul>\n<h2>Testov\u00e1n\u00ed kroutic\u00edho momentu uz\u00e1v\u011bru lahve P\u0159\u00edslu\u0161n\u00e9 normy<\/h2>\n<p>Na str\u00e1nk\u00e1ch <strong>Automatizovan\u00e1 zkou\u0161e\u010dka kroutic\u00edho momentu<\/strong> dodr\u017euje n\u011bkolik kritick\u00fdch pr\u016fmyslov\u00fdch norem, \u010d\u00edm\u017e zaji\u0161\u0165uje komplexn\u00ed testov\u00e1n\u00ed a shodu v r\u016fzn\u00fdch odv\u011btv\u00edch balen\u00ed. N\u00e1sleduj\u00edc\u00ed normy jsou ned\u00edlnou sou\u010d\u00e1st\u00ed procesu testov\u00e1n\u00ed:<\/p>\n<ul>\n<li><a href=\"https:\/\/www.astm.org\/d2063_d2063m-10r18.html\" target=\"_blank\" rel=\"noopener nofollow\"><strong>ASTM D2063<\/strong><\/a>: Tato norma se zam\u011b\u0159uje na m\u011b\u0159en\u00ed otev\u00edrac\u00edho a zav\u00edrac\u00edho momentu plastov\u00fdch uz\u00e1v\u011br\u016f, zejm\u00e9na pro obalov\u00e9 aplikace. Je nezbytn\u00e1 pro stanoven\u00ed hodnot kroutic\u00edho momentu pot\u0159ebn\u00e9ho pro bezpe\u010dn\u00e9, ale snadno otev\u00edrateln\u00e9 uz\u00e1v\u011bry, kter\u00e9 zaji\u0161\u0165uj\u00ed pohodl\u00ed i bezpe\u010dnost spot\u0159ebitel\u016f.<\/li>\n<li><a href=\"https:\/\/www.astm.org\/d3198-97r02.html\" target=\"_blank\" rel=\"noopener nofollow\"><strong>ASTM D3198<\/strong><\/a>: Tato norma specifikuje zku\u0161ebn\u00ed metody pro m\u011b\u0159en\u00ed kroutic\u00edho momentu na uz\u00e1v\u011brech odoln\u00fdch proti otev\u0159en\u00ed d\u011btmi. M\u00e1 z\u00e1sadn\u00ed v\u00fdznam pro hodnocen\u00ed obal\u016f zabezpe\u010den\u00fdch proti manipulaci a pro zaji\u0161t\u011bn\u00ed toho, aby uz\u00e1v\u011bry spl\u0148ovaly bezpe\u010dnostn\u00ed normy pro l\u00e9\u010diva, chemik\u00e1lie a dal\u0161\u00ed citliv\u00e9 v\u00fdrobky.<\/li>\n<li><a href=\"https:\/\/www.astm.org\/d3474-90r18.html\" target=\"_blank\" rel=\"noopener nofollow\"><strong>ASTM D3474<\/strong><\/a>: Tato norma se zab\u00fdv\u00e1 zkou\u0161kou kroutic\u00edho momentu uz\u00e1v\u011br\u016f ohebn\u00fdch n\u00e1dob, jako jsou nap\u0159\u00edklad s\u00e1\u010dky s v\u00fdpust\u00ed. Zaji\u0161\u0165uje funk\u010dnost uz\u00e1v\u011br\u016f za podm\u00ednek otev\u00edr\u00e1n\u00ed i uzav\u00edr\u00e1n\u00ed, \u010d\u00edm\u017e se zachov\u00e1v\u00e1 integrita v\u00fdrobku v cel\u00e9m dodavatelsk\u00e9m \u0159et\u011bzci.<\/li>\n<li><a href=\"https:\/\/std.samr.gov.cn\/gb\/search\/gbDetailed?id=71F772D7F88CD3A7E05397BE0A0AB82A\" target=\"_blank\" rel=\"noopener nofollow\"><strong>GB\/T 17876<\/strong><\/a>: \u010c\u00ednsk\u00e1 norma, kter\u00e1 poskytuje pokyny pro zkou\u0161en\u00ed kroutic\u00edho momentu uz\u00e1v\u011br\u016f lahv\u00ed a n\u00e1dob. Je v souladu s mezin\u00e1rodn\u00edmi postupy pro m\u011b\u0159en\u00ed pevnosti a spolehlivosti uz\u00e1v\u011br\u016f obal\u016f za r\u016fzn\u00fdch podm\u00ednek.<\/li>\n<li><a href=\"https:\/\/std.samr.gov.cn\/hb\/search\/stdHBDetailed?id=8B1827F18F69BB19E05397BE0A0AB44A\" target=\"_blank\" rel=\"noopener nofollow\"><strong>BB\/T 0025<\/strong><\/a>: Tato \u010d\u00ednsk\u00e1 norma specifikuje metody hodnocen\u00ed vlastnost\u00ed uz\u00e1v\u011br\u016f n\u00e1dob za r\u016fzn\u00fdch podm\u00ednek t\u011bsn\u011bn\u00ed a otev\u00edr\u00e1n\u00ed, kter\u00e9 zaji\u0161\u0165uj\u00ed, \u017ee uz\u00e1v\u011bry jsou bezpe\u010dn\u00e9 a u\u017eivatelsky p\u0159\u00edv\u011btiv\u00e9.<\/li>\n<li><a href=\"https:\/\/std.samr.gov.cn\/hb\/search\/stdHBDetailed?id=8B1827F24CD5BB19E05397BE0A0AB44A\" target=\"_blank\" rel=\"noopener nofollow\"><strong>BB\/T 0034<\/strong><\/a>: Tato dal\u0161\u00ed \u010d\u00ednsk\u00e1 norma se zam\u011b\u0159uje na odolnost uz\u00e1v\u011br\u016f proti manipulaci v kroutic\u00edm momentu a zaji\u0161\u0165uje, aby obaly spl\u0148ovaly bezpe\u010dnostn\u00ed a regula\u010dn\u00ed po\u017eadavky na integritu v\u00fdrobku a ochranu spot\u0159ebitele.<\/li>\n<\/ul>\n<h2>Proces testov\u00e1n\u00ed automatizovan\u00e9ho testeru kroutic\u00edho momentu<\/h2>\n<p>Automatick\u00e1 zkou\u0161e\u010dka kroutic\u00edho momentu nab\u00edz\u00ed jednoduch\u00fd, automatizovan\u00fd proces pro p\u0159esn\u00e9 a opakovateln\u00e9 v\u00fdsledky:<\/p>\n<ol>\n<li><strong>Nakl\u00e1d\u00e1n\u00ed vzorku<\/strong>: Lahvi\u010dka nebo n\u00e1dobka se vzorkem se um\u00edst\u00ed do syst\u00e9mu, kde jsou v\u00ed\u010dko i lahvi\u010dka bezpe\u010dn\u011b dr\u017eeny pneumatick\u00fdmi svorkami.<\/li>\n<li><strong>Up\u00edn\u00e1n\u00ed<\/strong>: Stisknut\u00edm tla\u010d\u00edtka CLAMP se automaticky sepnou pneumatick\u00e9 svorky a upevn\u00ed uz\u00e1v\u011br a l\u00e1hev na m\u00edst\u011b pro testov\u00e1n\u00ed.<\/li>\n<li><strong>Testov\u00e1n\u00ed<\/strong>: Stisknut\u00edm tla\u010d\u00edtka TEST se spust\u00ed ot\u00e1\u010den\u00ed spodn\u00ed svorky, kter\u00e1 v z\u00e1vislosti na po\u017eadavc\u00edch testu bu\u010f otev\u0159e, nebo zav\u0159e uz\u00e1v\u011br.<\/li>\n<li><strong>M\u011b\u0159en\u00ed to\u010div\u00e9ho momentu<\/strong>: B\u011bhem ot\u00e1\u010den\u00ed syst\u00e9m p\u0159esn\u011b zaznamen\u00e1v\u00e1 \u00fadaje o s\u00edle kroutic\u00edho momentu a poskytuje p\u0159ehled o \u0161pi\u010dkov\u00fdch i pr\u016fm\u011brn\u00fdch hodnot\u00e1ch.<\/li>\n<\/ol>\n<p>Tento proces umo\u017e\u0148uje rychlou anal\u00fdzu v\u00fdkonu uz\u00e1v\u011bru a zaji\u0161\u0165uje, \u017ee pou\u017eit\u00fd kroutic\u00ed moment p\u0159i uzav\u00edr\u00e1n\u00ed nebo otev\u00edr\u00e1n\u00ed odpov\u00edd\u00e1 specifikac\u00edm v\u00fdrobku z hlediska kvality a pou\u017eitelnosti.<\/p>\n<h2>Technick\u00e9 vlastnosti a v\u00fdhody<\/h2>\n<p>Vysoce v\u00fdkonn\u00e9 funkce automatick\u00e9 zkou\u0161e\u010dky kroutic\u00edho momentu z n\u00ed \u010din\u00ed spolehliv\u00e9 \u0159e\u0161en\u00ed pro kontrolu kvality:<\/p>\n<ul>\n<li><strong>Provoz \u0159\u00edzen\u00fd PLC s dotykovou obrazovkou HMI<\/strong>: Tento tester je vybaven u\u017eivatelsky p\u0159\u00edv\u011btiv\u00fdm rozhran\u00edm a zaji\u0161\u0165uje opakovatelnou p\u0159esnost a konzistentn\u00ed v\u00fdsledky, co\u017e je ide\u00e1ln\u00ed pro vysoce v\u00fdkonn\u00e1 prost\u0159ed\u00ed.<\/li>\n<li><strong>Automatick\u00e9 up\u00edn\u00e1n\u00ed a ot\u00e1\u010den\u00ed<\/strong>: Automatick\u00e9 up\u00edn\u00e1n\u00ed a ot\u00e1\u010den\u00ed testeru simuluje v\u00fdrobn\u00ed podm\u00ednky a umo\u017e\u0148uje realistick\u00e9 posouzen\u00ed v\u00fdkonu uz\u00e1v\u011bru.<\/li>\n<li><strong>Zobrazen\u00ed m\u011b\u0159en\u00ed ve v\u00edce jednotk\u00e1ch<\/strong>: Data lze zobrazit v r\u016fzn\u00fdch jednotk\u00e1ch (Kgf.cm, N.cm, daN.cm, Inch.lbs a N.m), co\u017e zaji\u0161\u0165uje shodu s mezin\u00e1rodn\u00edmi normami a umo\u017e\u0148uje p\u0159izp\u016fsoben\u00ed v r\u016fzn\u00fdch odv\u011btv\u00edch.<\/li>\n<li><strong>Uchov\u00e1v\u00e1n\u00ed \u0161pi\u010dkov\u00fdch hodnot a z\u00e1znam dat<\/strong>: Tester automaticky uchov\u00e1v\u00e1 \u0161pi\u010dkov\u00e9 hodnoty to\u010div\u00e9ho momentu pro komplexn\u00ed anal\u00fdzu a obsahuje vestav\u011bnou mikrotisk\u00e1rnu pro rychl\u00fd p\u0159\u00edstup k dat\u016fm. Voliteln\u00e9 p\u0159ipojen\u00ed RS232 a profesion\u00e1ln\u00ed software umo\u017e\u0148uj\u00ed tak\u00e9 digit\u00e1ln\u00ed spr\u00e1vu dat.<\/li>\n<li><strong>Bezpe\u010dnost a efektivita<\/strong>: Vestav\u011bn\u00e1 ochrana proti p\u0159et\u00ed\u017een\u00ed a funkce automatick\u00e9ho vynulov\u00e1n\u00ed zvy\u0161uj\u00ed bezpe\u010dnost i p\u0159esnost m\u011b\u0159en\u00ed, tak\u017ee je tester vhodn\u00fd pro n\u00e1ro\u010dn\u00e9 aplikace zaji\u0161\u0165ov\u00e1n\u00ed kvality.<\/li>\n<\/ul>\n<h2>Dodr\u017eov\u00e1n\u00ed pr\u016fmyslov\u00fdch norem a p\u0159edpis\u016f<\/h2>\n<p>Automatizovan\u00e1 zkou\u0161e\u010dka kroutic\u00edho momentu je navr\u017eena tak, aby spl\u0148ovala po\u017eadavky n\u011bkolika kl\u00ed\u010dov\u00fdch norem, v\u010detn\u011b <strong>ASTM D2659<\/strong>, <strong>ASTM D4577<\/strong>, <strong>ASTM D642<\/strong>, <strong>ISO 8113<\/strong>, a <strong>ASTM D4169<\/strong>. Dodr\u017eov\u00e1n\u00edm t\u011bchto norem zaru\u010duje, \u017ee v\u00fdrobky spl\u0148uj\u00ed p\u0159\u00edsn\u00e9 po\u017eadavky na kvalitu a bezpe\u010dnost, a poskytuje spolehliv\u00e9 testovac\u00ed \u0159e\u0161en\u00ed pro pr\u016fmyslov\u00e1 odv\u011btv\u00ed, kter\u00e1 vy\u017eaduj\u00ed dodr\u017eov\u00e1n\u00ed p\u0159edpis\u016f pro balen\u00ed.<\/p>\n<h2>Sekce nej\u010dast\u011bj\u0161\u00edch dotaz\u016f<\/h2>\n<ol>\n<li><strong>Pro\u010d je pro balen\u00ed d\u016fle\u017eit\u00e9 testov\u00e1n\u00ed kroutic\u00edho momentu?<\/strong><br \/>\nTestov\u00e1n\u00ed kroutic\u00edho momentu zaji\u0161\u0165uje, \u017ee uz\u00e1v\u011bry jsou bezpe\u010dn\u011b uzav\u0159eny a z\u00e1rove\u0148 jsou u\u017eivatelsky p\u0159\u00edv\u011btiv\u00e9, co\u017e spl\u0148uje bezpe\u010dnostn\u00ed normy i normy pou\u017eitelnosti pro spot\u0159ebitele.<\/li>\n<li><strong>Jak\u00e9 jsou v\u00fdhody pou\u017e\u00edv\u00e1n\u00ed automatick\u00e9 zkou\u0161e\u010dky kroutic\u00edho momentu oproti manu\u00e1ln\u00ed?<\/strong><br \/>\nAutomatizovan\u00e9 testery poskytuj\u00ed vy\u0161\u0161\u00ed p\u0159esnost, opakovatelnost a efektivitu, zejm\u00e9na ve velkos\u00e9riov\u00e9 v\u00fdrob\u011b.<\/li>\n<li><strong>Jak tester zaji\u0161\u0165uje shodu s normou ASTM D2659?<\/strong><br \/>\nTester p\u0159esn\u011b m\u011b\u0159\u00ed kroutic\u00ed moment, \u010d\u00edm\u017e pom\u00e1h\u00e1 splnit normy ASTM D2659 pro uz\u00e1v\u011bry odoln\u00e9 proti otev\u0159en\u00ed d\u011btmi a uz\u00e1v\u011bry odoln\u00e9 proti manipulaci.<\/li>\n<li><strong>Dok\u00e1\u017ee tester kroutic\u00edho momentu vyhov\u011bt r\u016fzn\u00fdm velikostem a materi\u00e1l\u016fm uz\u00e1v\u011br\u016f?<\/strong><br \/>\nAno, tester je kompatibiln\u00ed se \u0161irokou \u0161k\u00e1lou typ\u016f uz\u00e1v\u011br\u016f a materi\u00e1l\u016f, co\u017e zaji\u0161\u0165uje univerz\u00e1ln\u00ed testov\u00e1n\u00ed r\u016fzn\u00fdch v\u00fdrobk\u016f.<\/li>\n<li><strong>Jak funguje funkce uchov\u00e1n\u00ed \u0161pi\u010dkov\u00e9 hodnoty?<\/strong><br \/>\nTester zaznamen\u00e1v\u00e1 a uchov\u00e1v\u00e1 maxim\u00e1ln\u00ed hodnotu kroutic\u00edho momentu dosa\u017eenou b\u011bhem ka\u017ed\u00e9 zkou\u0161ky, co\u017e umo\u017e\u0148uje podrobnou anal\u00fdzu a zaji\u0161t\u011bn\u00ed kvality.<\/li>\n<\/ol>\n<p>Na str\u00e1nk\u00e1ch <strong>Automatizovan\u00e1 zkou\u0161e\u010dka kroutic\u00edho momentu<\/strong> je d\u016fle\u017eit\u00fdm n\u00e1strojem pro v\u00fdrobce, kte\u0159\u00ed se sna\u017e\u00ed zajistit kvalitu, bezpe\u010dnost a shodu s p\u0159edpisy. D\u00edky sv\u00fdm automatizovan\u00fdm funkc\u00edm, dodr\u017eov\u00e1n\u00ed mezin\u00e1rodn\u00edch norem, jako je nap\u0159. <a href=\"https:\/\/www.qualitester.com\/cs\/kategorie-produktu\/astm\/astm-d2659\/\" target=\"_blank\" rel=\"noopener\">ASTM D2659<\/a>, a spolehlivou p\u0159esnost\u00ed, pom\u00e1h\u00e1 tento tester zefektivnit v\u00fdrobn\u00ed procesy p\u0159i zachov\u00e1n\u00ed v\u00fdjime\u010dn\u00fdch standard\u016f integrity v\u00fdrobku.<\/p>","protected":false},"excerpt":{"rendered":"<p>Zajist\u011bte kvalitu v\u00fdrobk\u016f pomoc\u00ed automatick\u00e9 zkou\u0161ky kroutic\u00edho momentu. Vyhovuje norm\u011b ASTM D2659 a dal\u0161\u00edm kl\u00ed\u010dov\u00fdm norm\u00e1m pro p\u0159esn\u00e9 m\u011b\u0159en\u00ed otev\u00edrac\u00ed a zaji\u0161\u0165ovac\u00ed s\u00edly uz\u00e1v\u011bru.<\/p>","protected":false},"featured_media":6242,"comment_status":"closed","ping_status":"closed","template":"","meta":{"site-sidebar-layout":"default","site-content-layout":"default","ast-global-header-display":"","ast-main-header-display":"","ast-hfb-above-header-display":"","ast-hfb-below-header-display":"","ast-hfb-mobile-header-display":"","site-post-title":"","ast-breadcrumbs-content":"","ast-featured-img":"","footer-sml-layout":"","theme-transparent-header-meta":"default","adv-header-id-meta":"","stick-header-meta":"","header-above-stick-meta":"","header-main-stick-meta":"","header-below-stick-meta":""},"product_cat":[845,953,956,955,954,957,958,952,959,687,17,16,124,125,128,95],"product_tag":[],"class_list":{"0":"post-5204","1":"product","2":"type-product","3":"status-publish","4":"has-post-thumbnail","6":"product_cat-customization","7":"product_cat-bursting-tester","8":"product_cat-cobb-tester","9":"product_cat-crush-tester","10":"product_cat-paper-tear-tester","11":"product_cat-plybond-tester","12":"product_cat-puncture-tester","13":"product_cat-rub-tester","14":"product_cat-stiffness-tester","15":"product_cat-torque-tester","16":"product_cat-package-container-testers","17":"product_cat-plastic-packaging-testers","18":"product_cat-astm-d2063","19":"product_cat-astm-d3198","20":"product_cat-astm-d3474","21":"product_cat-products","22":"desktop-align-left","23":"tablet-align-left","24":"mobile-align-left","26":"first","27":"instock","28":"shipping-taxable","29":"product-type-simple"},"_links":{"self":[{"href":"https:\/\/www.qualitester.com\/cs\/wp-json\/wp\/v2\/product\/5204","targetHints":{"allow":["GET"]}}],"collection":[{"href":"https:\/\/www.qualitester.com\/cs\/wp-json\/wp\/v2\/product"}],"about":[{"href":"https:\/\/www.qualitester.com\/cs\/wp-json\/wp\/v2\/types\/product"}],"replies":[{"embeddable":true,"href":"https:\/\/www.qualitester.com\/cs\/wp-json\/wp\/v2\/comments?post=5204"}],"version-history":[{"count":0,"href":"https:\/\/www.qualitester.com\/cs\/wp-json\/wp\/v2\/product\/5204\/revisions"}],"wp:featuredmedia":[{"embeddable":true,"href":"https:\/\/www.qualitester.com\/cs\/wp-json\/wp\/v2\/media\/6242"}],"wp:attachment":[{"href":"https:\/\/www.qualitester.com\/cs\/wp-json\/wp\/v2\/media?parent=5204"}],"wp:term":[{"taxonomy":"product_cat","embeddable":true,"href":"https:\/\/www.qualitester.com\/cs\/wp-json\/wp\/v2\/product_cat?post=5204"},{"taxonomy":"product_tag","embeddable":true,"href":"https:\/\/www.qualitester.com\/cs\/wp-json\/wp\/v2\/product_tag?post=5204"}],"curies":[{"name":"wp","href":"https:\/\/api.w.org\/{rel}","templated":true}]}}