{"id":5178,"date":"2024-11-01T14:35:21","date_gmt":"2024-11-01T06:35:21","guid":{"rendered":"https:\/\/www.qualitester.com\/?post_type=product&#038;p=5178"},"modified":"2024-12-05T14:40:28","modified_gmt":"2024-12-05T06:40:28","slug":"cof-s1-mop-push-force-tester","status":"publish","type":"product","link":"https:\/\/www.qualitester.com\/cs\/produkt-2\/cof-s1-mop-push-force-tester\/","title":{"rendered":"Tester koeficientu t\u0159en\u00ed COF-S1 Mop"},"content":{"rendered":"<h2>\u00davod<\/h2>\n<p>Tester tla\u010dn\u00e9 s\u00edly mopu je z\u00e1kladn\u00edm n\u00e1strojem pro v\u00fdrobce \u010distic\u00edch prost\u0159edk\u016f, kter\u00fd je speci\u00e1ln\u011b navr\u017een pro hodnocen\u00ed tla\u010dn\u00e9 s\u00edly a t\u0159ec\u00edch vlastnost\u00ed r\u016fzn\u00fdch materi\u00e1l\u016f mop\u016f. Vyhodnocen\u00edm t\u011bchto parametr\u016f tester zaji\u0161\u0165uje, \u017ee si mopy zachov\u00e1vaj\u00ed svou \u00fa\u010dinnost a trvanlivost v pr\u016fb\u011bhu \u010dasu, tak\u017ee jsou efektivn\u00ed pro \u00faklidov\u00e9 aplikace v dom\u00e1cnostech, kancel\u00e1\u0159\u00edch a pr\u016fmyslu. Tento popis v\u00fdrobku se zab\u00fdv\u00e1 v\u00fdznamem testu tla\u010dn\u00e9 s\u00edly mop\u016f, souvisej\u00edc\u00edmi metodikami a v\u00fdhodami, kter\u00e9 poskytuje v\u00fdrobc\u016fm.<\/p>\n<h2>Pozad\u00ed<\/h2>\n<h3>V\u00fdznam testov\u00e1n\u00ed kvality mop\u016f<\/h3>\n<p>Vzhledem k r\u016fznorod\u00e9mu pou\u017eit\u00ed materi\u00e1l\u016f pro mopy je nejd\u016fle\u017eit\u011bj\u0161\u00ed d\u016fkladn\u00e9 testov\u00e1n\u00ed kvality. Mopy se \u010dasto pou\u017e\u00edvaj\u00ed k \u010di\u0161t\u011bn\u00ed kuchy\u0148sk\u00fdch povrch\u016f, oken a n\u00e1bytku, co\u017e vy\u017eaduje vysokou savost a odolnost. Testov\u00e1n\u00ed kvality pom\u00e1h\u00e1 zajistit, aby si mopy zachovaly svou \u00fa\u010dinnost a poskytovaly spolehliv\u00e1 \u0159e\u0161en\u00ed pro \u00faklid v r\u016fzn\u00fdch prost\u0159ed\u00edch.<\/p>\n<h3>Faktory ovliv\u0148uj\u00edc\u00ed v\u00fdkon mopu<\/h3>\n<p>Mezi kl\u00ed\u010dov\u00e9 faktory ovliv\u0148uj\u00edc\u00ed v\u00fdkon mopu pat\u0159\u00ed t\u0159en\u00ed, savost a celkov\u00e1 odolnost. Dob\u0159e navr\u017een\u00fd mop by m\u011bl tyto vlastnosti vyv\u00e1\u017eit, aby optimalizoval \u00fa\u010dinnost \u00faklidu. Nadm\u011brn\u00e9 t\u0159en\u00ed m\u016f\u017ee v\u00e9st ke zv\u00fd\u0161en\u00e9 pracnosti, zat\u00edmco nedostate\u010dn\u00e9 t\u0159en\u00ed m\u016f\u017ee sni\u017eovat \u00fa\u010dinnost \u00faklidu.<\/p>\n<h3>V\u00fdhody testov\u00e1n\u00ed tla\u010dn\u00e9 s\u00edly mopu<\/h3>\n<p>Pou\u017eit\u00edm testeru s\u00edly tla\u010den\u00ed mopu mohou v\u00fdrobci zv\u00fd\u0161it v\u00fdkon sv\u00fdch v\u00fdrobk\u016f a zajistit u\u017eivatelsk\u00fd komfort a \u00fa\u010dinnost \u00faklidu. Test identifikuje potenci\u00e1ln\u00ed probl\u00e9my ji\u017e v ran\u00e9 f\u00e1zi procesu n\u00e1vrhu, co\u017e umo\u017e\u0148uje \u00fapravy, kter\u00e9 zachovaj\u00ed spolehlivost a funk\u010dnost mop\u016f.<\/p>\n<h2>Pou\u017eit\u00ed testeru s\u00edly tahu mopu<\/h2>\n<h3>Prim\u00e1rn\u00ed pou\u017eit\u00ed<\/h3>\n<p>Tester tla\u010dn\u00e9 s\u00edly mopu je speci\u00e1ln\u011b p\u0159izp\u016fsoben pro testov\u00e1n\u00ed r\u016fzn\u00fdch \u010distic\u00edch materi\u00e1l\u016f, v\u010detn\u011b mop\u016f z mikrovl\u00e1kna a houbov\u00fdch mop\u016f s p\u011bnov\u00fdmi bloky z celul\u00f3zy, gumy nebo plastu. Pochopen\u00ed t\u0159ec\u00edch vlastnost\u00ed t\u011bchto materi\u00e1l\u016f je z\u00e1sadn\u00ed pro optimalizaci jejich v\u00fdkonu.<\/p>\n<h3>Vliv t\u0159en\u00ed na v\u00fdkon \u010di\u0161t\u011bn\u00ed<\/h3>\n<p>Koeficient t\u0159en\u00ed (COF) hraje z\u00e1sadn\u00ed roli p\u0159i ur\u010dov\u00e1n\u00ed \u00fa\u010dinnosti mopu p\u0159i \u010di\u0161t\u011bn\u00ed povrch\u016f. Nadm\u011brn\u00e9 t\u0159en\u00ed m\u016f\u017ee zp\u016fsobit, \u017ee mopov\u00e1n\u00ed bude pracn\u00e9, zat\u00edmco p\u0159\u00edli\u0161 mal\u00e9 t\u0159en\u00ed m\u016f\u017ee sn\u00ed\u017eit \u00fa\u010dinnost \u010di\u0161t\u011bn\u00ed. Pro optim\u00e1ln\u00ed v\u00fdkon je proto nezbytn\u00e9 naj\u00edt vyv\u00e1\u017een\u00fd koeficient.<\/p>\n<h3>Odv\u011btv\u00ed, kter\u00e1 vyu\u017e\u00edvaj\u00ed testov\u00e1n\u00ed tla\u010dn\u00e9 s\u00edly<\/h3>\n<p>Z poznatk\u016f, kter\u00e9 poskytuje tester tla\u010dn\u00e9 s\u00edly mopu, m\u016f\u017ee t\u011b\u017eit n\u011bkolik pr\u016fmyslov\u00fdch odv\u011btv\u00ed, v\u010detn\u011b \u00faklidov\u00fdch slu\u017eeb, komer\u010dn\u00edch \u00faklidov\u00fdch firem a v\u00fdrobc\u016f \u010distic\u00edch prost\u0159edk\u016f. Tato odv\u011btv\u00ed se spol\u00e9haj\u00ed na vysoce kvalitn\u00ed mopy pro \u00fa\u010dinn\u00e1 \u00faklidov\u00e1 \u0159e\u0161en\u00ed, tak\u017ee spolehliv\u00e9 testov\u00e1n\u00ed je nepostradateln\u00e9.<\/p>\n<h2>Kl\u00ed\u010dov\u00e9 koncepty testov\u00e1n\u00ed<\/h2>\n<h3>Zkou\u0161ka t\u0159en\u00ed mopu<\/h3>\n<p>Zkou\u0161ka t\u0159en\u00ed mop\u016f je d\u016fle\u017eitou sou\u010d\u00e1st\u00ed testeru s\u00edly t\u0159en\u00ed mop\u016f, kter\u00fd hodnot\u00ed koeficient t\u0159en\u00ed (COF) materi\u00e1l\u016f mop\u016f. P\u0159i testov\u00e1n\u00ed se m\u011b\u0159\u00ed dva typy COF:<\/p>\n<ul>\n<li><strong>Statick\u00e1 COF (\u00b5s):<\/strong> P\u0159edstavuje s\u00edlu pot\u0159ebnou k zah\u00e1jen\u00ed pohybu mezi dv\u011bma povrchy.<\/li>\n<li><strong>Kinetick\u00e1 COF (\u00b5d):<\/strong> To ud\u00e1v\u00e1 s\u00edlu pot\u0159ebnou k udr\u017een\u00ed pohybu, jakmile je mop v pohybu.<\/li>\n<\/ul>\n<h3>Vzorec a m\u011b\u0159en\u00ed<\/h3>\n<p>Sou\u010dinitel t\u0159en\u00ed se vypo\u010d\u00edt\u00e1 podle vzorce: <span class=\"katex\"><span class=\"katex-mathml\">COF=S\u00edla pro pohyb jedn\u00e9 plochy p\u0159es druhouS\u00edla kolm\u00e1 na plochy\\text{COF} = \\frac{\\text{S\u00edla pro pohyb jedn\u00e9 plochy p\u0159es druhou}}{\\text{S\u00edla kolm\u00e1 na plochy}}<\/span><span class=\"katex-html\" aria-hidden=\"true\"><span class=\"base\"><span class=\"mord text\"><span class=\"mord\">COF<\/span><\/span><span class=\"mrel\">=<\/span><\/span><span class=\"base\"><span class=\"mord\"><span class=\"mfrac\"><span class=\"vlist-t vlist-t2\"><span class=\"vlist-r\"><span class=\"vlist\"><span class=\"sizing reset-size6 size3 mtight\"><span class=\"mord mtight\"><span class=\"mord text mtight\">S\u00edla kolm\u00e1 na plochy<\/span><\/span><\/span><span class=\"sizing reset-size6 size3 mtight\"><span class=\"mord mtight\"><span class=\"mord text mtight\">S\u00edla pro pohyb jedn\u00e9 plochy p\u0159es druhou<\/span><\/span><\/span><\/span><span class=\"vlist-s\">\u200b<\/span><\/span><\/span><\/span><\/span><\/span><\/span><\/span> Toto kvantitativn\u00ed m\u011b\u0159\u00edtko je pro hodnocen\u00ed v\u00fdkonu mopu z\u00e1sadn\u00ed.<\/p>\n<h2>Metodika testov\u00e1n\u00ed s\u00edly tla\u010den\u00ed mopu<\/h2>\n<h3>P\u0159\u00edprava a um\u00edst\u011bn\u00ed vzorku<\/h3>\n<p>Na za\u010d\u00e1tku testov\u00e1n\u00ed se vzorek mopov\u00e9 tkaniny pevn\u011b p\u0159ipevn\u00ed k hlin\u00edkov\u00e9mu nebo plastov\u00e9mu r\u00e1mu. Tato sestava se pot\u00e9 um\u00edst\u00ed pod stanovenou z\u00e1t\u011b\u017e, aby se p\u0159ipravila na zkou\u0161ku.<\/p>\n<h3>Proces testov\u00e1n\u00ed<\/h3>\n<p>Zkou\u0161ka zahrnuje ta\u017een\u00ed vzorku a jeho r\u00e1mu rychlost\u00ed 500 mm\/min na vzd\u00e1lenost 500 mm. Zaznamen\u00e1vaj\u00ed se statick\u00e9 i kinetick\u00e9 koeficienty t\u0159en\u00ed, kter\u00e9 poskytuj\u00ed cenn\u00e9 \u00fadaje o v\u00fdkonnostn\u00edch charakteristik\u00e1ch materi\u00e1lu.<\/p>\n<h3>Podm\u00ednky a nastaven\u00ed testov\u00e1n\u00ed<\/h3>\n<p>Tester s\u00edly tla\u010den\u00ed mopu nab\u00edz\u00ed nastaviteln\u00e9 podm\u00ednky testov\u00e1n\u00ed, kter\u00e9 v\u00fdrobc\u016fm umo\u017e\u0148uj\u00ed p\u0159izp\u016fsobit rychlost a hmotnost p\u016fsob\u00edc\u00ed b\u011bhem testov\u00e1n\u00ed, co\u017e zaji\u0161\u0165uje p\u0159esn\u00e9 v\u00fdsledky p\u0159izp\u016fsoben\u00e9 specifick\u00fdm po\u017eadavk\u016fm na materi\u00e1l.<\/p>\n<h2>Kl\u00ed\u010dov\u00e9 technick\u00e9 vlastnosti<\/h2>\n<h3>P\u0159esnost a kontrola<\/h3>\n<p>Tester tla\u010dn\u00e9 s\u00edly mopu je vybaven syst\u00e9mem \u0159\u00edzen\u00fdm PLC a obrazovkou HMI pro intuitivn\u00ed ovl\u00e1d\u00e1n\u00ed, co\u017e umo\u017e\u0148uje p\u0159esn\u00e9 \u0159\u00edzen\u00ed r\u016fzn\u00fdch zku\u0161ebn\u00edch parametr\u016f.<\/p>\n<h3>Nastaviteln\u00e9 parametry testov\u00e1n\u00ed<\/h3>\n<p>Kl\u00ed\u010dov\u00e9 parametry lze upravit podle specifick\u00fdch pot\u0159eb mopovan\u00fdch materi\u00e1l\u016f, v\u010detn\u011b:<\/p>\n<ul>\n<li><strong>Rozsah rychlosti:<\/strong> 1-1000 mm\/min (s p\u0159esnost\u00ed 0,1 mm\/min)<\/li>\n<li><strong>Rozsah s\u00edly:<\/strong> A\u017e 100N<\/li>\n<li><strong>Rozm\u011bry san\u00ed:<\/strong> 100 x 100 mm<\/li>\n<li><strong>Hmotnost san\u00ed a vzork\u016f:<\/strong> Hmotnost san\u00ed 225 g \u00b1 1 g a celkov\u00e1 hmotnost vzorku 520 g \u00b1 1 g.<\/li>\n<\/ul>\n<h3>P\u0159esnost \u00fadaj\u016f<\/h3>\n<p>Senzor s vysok\u00fdm rozli\u0161en\u00edm (0,5%FS) zaru\u010duje spolehliv\u00e9 v\u00fdsledky test\u016f a opakovatelnost, co\u017e v\u00fdrobc\u016fm umo\u017e\u0148uje dos\u00e1hnout konzistentn\u00ed kontroly kvality.<\/p>\n<h3>Funkce specifick\u00e9 pro danou aplikaci<\/h3>\n<p>Tester tla\u010dn\u00e9 s\u00edly mopu tak\u00e9 podporuje v\u00edce testovac\u00edch re\u017eim\u016f (a\u017e 5 skupin), co\u017e usnad\u0148uje komplexn\u00ed anal\u00fdzu r\u016fzn\u00fdch materi\u00e1l\u016f mopu.<\/p>\n<h2>V\u00fdhody pou\u017e\u00edv\u00e1n\u00ed testeru s\u00edly tahu mopu<\/h2>\n<h3>Zv\u00fd\u0161en\u00e1 kontrola kvality<\/h3>\n<p>D\u00edky p\u0159esn\u00e9mu m\u011b\u0159en\u00ed tla\u010dn\u00e9 s\u00edly a t\u0159en\u00ed zaji\u0161\u0165uje tester tla\u010dn\u00e9 s\u00edly mopu trvanlivost v\u00fdrobku a pohodl\u00ed u\u017eivatele. Toto testov\u00e1n\u00ed umo\u017e\u0148uje v\u00fdrobc\u016fm identifikovat potenci\u00e1ln\u00ed probl\u00e9my d\u0159\u00edve, ne\u017e se v\u00fdrobky dostanou na trh.<\/p>\n<h3>Podpora v\u00fdvoje produkt\u016f<\/h3>\n<p>P\u0159izp\u016fsobiteln\u00e1 nastaven\u00ed testeru pom\u00e1haj\u00ed v\u00fdrobc\u016fm p\u0159i v\u00fdvoji nov\u00fdch materi\u00e1l\u016f a design\u016f mop\u016f, \u010d\u00edm\u017e p\u0159isp\u00edvaj\u00ed ke zv\u00fd\u0161en\u00ed \u00fa\u010dinnosti \u010di\u0161t\u011bn\u00ed a spokojenosti u\u017eivatel\u016f.<\/p>\n<h3>Zlep\u0161en\u00ed zalo\u017een\u00e1 na datech<\/h3>\n<p>D\u00edky podrobn\u00fdm kvantitativn\u00edm \u00fadaj\u016fm z testov\u00e1n\u00ed mohou v\u00fdrobci zdokonalit n\u00e1vrhy sv\u00fdch v\u00fdrobk\u016f a zajistit, aby spl\u0148ovaly nebo p\u0159ekra\u010dovaly pr\u016fmyslov\u00e9 normy kvality a v\u00fdkonu.<\/p>\n<h3>Nej\u010dast\u011bj\u0161\u00ed dotazy<\/h3>\n<p><strong>Q1:<\/strong> Co je to tester s\u00edly tahu mopu?<br \/>\n<strong>A1:<\/strong> Tester tla\u010dn\u00e9 s\u00edly mopu je p\u0159\u00edstroj, kter\u00fd slou\u017e\u00ed k vyhodnocen\u00ed tla\u010dn\u00e9 s\u00edly a t\u0159ec\u00edch vlastnost\u00ed materi\u00e1l\u016f mop\u016f, \u010d\u00edm\u017e zaji\u0161\u0165uje jejich \u00fa\u010dinnost a trvanlivost.<\/p>\n<p><strong>Q2:<\/strong> Jak ovliv\u0148uje koeficient t\u0159en\u00ed v\u00fdkon mopu?<br \/>\n<strong>A2:<\/strong> Koeficient t\u0159en\u00ed ovliv\u0148uje, jak snadno se mop m\u016f\u017ee pohybovat po povrchu; nadm\u011brn\u00e9 t\u0159en\u00ed zt\u011b\u017euje \u00faklid, zat\u00edmco p\u0159\u00edli\u0161 mal\u00e9 t\u0159en\u00ed m\u016f\u017ee sn\u00ed\u017eit \u00fa\u010dinnost.<\/p>\n<p><strong>Q3:<\/strong> Jak\u00e9 materi\u00e1ly lze testovat pomoc\u00ed testeru tla\u010dn\u00e9 s\u00edly mopu?<br \/>\n<strong>A3:<\/strong> Tester je ur\u010den k testov\u00e1n\u00ed r\u016fzn\u00fdch materi\u00e1l\u016f mop\u016f, v\u010detn\u011b mop\u016f z mikrovl\u00e1kna a houbov\u00fdch mop\u016f s p\u011bnov\u00fdmi bloky z celul\u00f3zy, gumy nebo plastu.<\/p>\n<p><strong>Q4:<\/strong> Mohu p\u0159izp\u016fsobit parametry testu pro r\u016fzn\u00e9 typy mop\u016f?<br \/>\n<strong>A4:<\/strong> Ano, tester tla\u010dn\u00e9 s\u00edly mopu umo\u017e\u0148uje nastavit parametry, jako je rychlost a hmotnost, aby se p\u0159izp\u016fsobil r\u016fzn\u00fdm materi\u00e1l\u016fm mopu a pot\u0159eb\u00e1m testov\u00e1n\u00ed.<\/p>\n<p><strong>Q5:<\/strong> Pro jak\u00e1 pr\u016fmyslov\u00e1 odv\u011btv\u00ed je testov\u00e1n\u00ed tla\u010dn\u00e9 s\u00edly mopu a t\u0159en\u00ed p\u0159\u00ednosn\u00e9?<br \/>\n<strong>A5:<\/strong> Pr\u016fmyslov\u00e1 odv\u011btv\u00ed, jako jsou \u00faklidov\u00e9 slu\u017eby, komer\u010dn\u00ed \u00faklidov\u00e9 spole\u010dnosti a v\u00fdrobci \u010distic\u00edch prost\u0159edk\u016f, vyu\u017e\u00edvaj\u00ed poznatky, kter\u00e9 jim poskytuje tester s\u00edly tahu mopu, pro zaji\u0161t\u011bn\u00ed kvality a v\u00fdvoj v\u00fdrobk\u016f.<\/p>\n<p>Tester tla\u010dn\u00e9 s\u00edly mopu je nepostradateln\u00fdm n\u00e1strojem pro v\u00fdrobce, kte\u0159\u00ed cht\u011bj\u00ed vyr\u00e1b\u011bt vysoce kvalitn\u00ed, \u00fa\u010dinn\u00e9 a u\u017eivatelsky p\u0159\u00edv\u011btiv\u00e9 mopov\u00e9 v\u00fdrobky. P\u0159esn\u00fdm vyhodnocen\u00edm tla\u010dn\u00e9 s\u00edly a t\u0159ec\u00edch charakteristik tento tester podporuje v\u00fdvoj mop\u016f, kter\u00e9 poskytuj\u00ed optim\u00e1ln\u00ed \u010distic\u00ed v\u00fdkon a zaji\u0161\u0165uj\u00ed spolehlivost v r\u016fzn\u00fdch aplikac\u00edch.<\/p>","protected":false},"excerpt":{"rendered":"<p>Tester tla\u010dn\u00e9 s\u00edly mopu je z\u00e1kladn\u00edm n\u00e1strojem pro v\u00fdrobce \u010distic\u00edch prost\u0159edk\u016f, kter\u00fd je speci\u00e1ln\u011b navr\u017een pro hodnocen\u00ed tla\u010dn\u00e9 s\u00edly a t\u0159ec\u00edch vlastnost\u00ed r\u016fzn\u00fdch materi\u00e1l\u016f mop\u016f. Vyhodnocen\u00edm t\u011bchto parametr\u016f tester zaji\u0161\u0165uje, \u017ee si mopy zachov\u00e1vaj\u00ed svou \u00fa\u010dinnost a trvanlivost v pr\u016fb\u011bhu \u010dasu, tak\u017ee jsou efektivn\u00ed pro \u00faklidov\u00e9 aplikace v dom\u00e1cnostech, kancel\u00e1\u0159\u00edch a pr\u016fmyslu. Tento popis v\u00fdrobku se zab\u00fdv\u00e1 v\u00fdznamem testu tla\u010dn\u00e9 s\u00edly mop\u016f, souvisej\u00edc\u00edmi metodikami a v\u00fdhodami, kter\u00e9 poskytuje v\u00fdrobc\u016fm.<\/p>","protected":false},"featured_media":6267,"comment_status":"closed","ping_status":"closed","template":"","meta":{"site-sidebar-layout":"default","site-content-layout":"default","ast-global-header-display":"","ast-main-header-display":"","ast-hfb-above-header-display":"","ast-hfb-below-header-display":"","ast-hfb-mobile-header-display":"","site-post-title":"","ast-breadcrumbs-content":"","ast-featured-img":"","footer-sml-layout":"","theme-transparent-header-meta":"default","adv-header-id-meta":"","stick-header-meta":"","header-above-stick-meta":"","header-main-stick-meta":"","header-below-stick-meta":""},"product_cat":[683,845,938,95],"product_tag":[],"class_list":{"0":"post-5178","1":"product","2":"type-product","3":"status-publish","4":"has-post-thumbnail","6":"product_cat-coefficient-of-friction-tester","7":"product_cat-customization","8":"product_cat-textile-tester","9":"product_cat-products","10":"desktop-align-left","11":"tablet-align-left","12":"mobile-align-left","14":"first","15":"instock","16":"shipping-taxable","17":"product-type-simple"},"_links":{"self":[{"href":"https:\/\/www.qualitester.com\/cs\/wp-json\/wp\/v2\/product\/5178","targetHints":{"allow":["GET"]}}],"collection":[{"href":"https:\/\/www.qualitester.com\/cs\/wp-json\/wp\/v2\/product"}],"about":[{"href":"https:\/\/www.qualitester.com\/cs\/wp-json\/wp\/v2\/types\/product"}],"replies":[{"embeddable":true,"href":"https:\/\/www.qualitester.com\/cs\/wp-json\/wp\/v2\/comments?post=5178"}],"version-history":[{"count":0,"href":"https:\/\/www.qualitester.com\/cs\/wp-json\/wp\/v2\/product\/5178\/revisions"}],"wp:featuredmedia":[{"embeddable":true,"href":"https:\/\/www.qualitester.com\/cs\/wp-json\/wp\/v2\/media\/6267"}],"wp:attachment":[{"href":"https:\/\/www.qualitester.com\/cs\/wp-json\/wp\/v2\/media?parent=5178"}],"wp:term":[{"taxonomy":"product_cat","embeddable":true,"href":"https:\/\/www.qualitester.com\/cs\/wp-json\/wp\/v2\/product_cat?post=5178"},{"taxonomy":"product_tag","embeddable":true,"href":"https:\/\/www.qualitester.com\/cs\/wp-json\/wp\/v2\/product_tag?post=5178"}],"curies":[{"name":"wp","href":"https:\/\/api.w.org\/{rel}","templated":true}]}}