{"id":5149,"date":"2024-10-31T11:42:15","date_gmt":"2024-10-31T03:42:15","guid":{"rendered":"https:\/\/www.qualitester.com\/?post_type=product&#038;p=5149"},"modified":"2024-12-04T16:20:18","modified_gmt":"2024-12-04T08:20:18","slug":"sale-film-friction-peel-tester","status":"publish","type":"product","link":"https:\/\/www.qualitester.com\/cs\/produkt-2\/sale-film-friction-peel-tester\/","title":{"rendered":"FPT-01 Tester t\u0159en\u00ed\/lepen\u00ed f\u00f3lie"},"content":{"rendered":"<h2>Zaveden\u00ed testeru t\u0159en\u00ed\/lepen\u00ed f\u00f3lie<\/h2>\n<p>Tester t\u0159en\u00ed\/odlupov\u00e1n\u00ed f\u00f3li\u00ed je pokro\u010dil\u00fd p\u0159\u00edstroj ur\u010den\u00fd k p\u0159esn\u00e9mu m\u011b\u0159en\u00ed t\u0159en\u00ed a odolnosti proti odlupov\u00e1n\u00ed u \u0161irok\u00e9 \u0161k\u00e1ly materi\u00e1l\u016f. Tento v\u0161estrann\u00fd p\u0159\u00edstroj, kter\u00fd se pou\u017e\u00edv\u00e1 v odv\u011btv\u00edch, jako jsou obaly, zdravotnick\u00e9 prost\u0159edky, l\u00e9\u010diva a textilie, hraje kl\u00ed\u010dovou roli p\u0159i kontrole kvality, v\u00fdvoji v\u00fdrobk\u016f a v\u00fdzkumu.<\/p>\n<h2>Z\u00e1kladn\u00ed vlastnosti testeru t\u0159en\u00ed\/lepen\u00ed f\u00f3lie<\/h2>\n<h3>Testov\u00e1n\u00ed COF<\/h3>\n<p>Tento tester p\u0159esn\u011b m\u011b\u0159\u00ed statick\u00e9 i kinetick\u00e9 koeficienty t\u0159en\u00ed, kter\u00e9 jsou nezbytn\u00e9 pro pochopen\u00ed vz\u00e1jemn\u00e9ho p\u016fsoben\u00ed materi\u00e1l\u016f.<\/p>\n<h3>Testov\u00e1n\u00ed peelingu<\/h3>\n<p>Prov\u00e1d\u00ed tak\u00e9 jemn\u00e9 testy odlupovac\u00ed s\u00edly na r\u016fzn\u00fdch materi\u00e1lech, v\u010detn\u011b separa\u010dn\u00edch pap\u00edr\u016f, lepic\u00edch p\u00e1sek a ochrann\u00fdch f\u00f3li\u00ed.<\/p>\n<h2>Technick\u00e9 specifikace<\/h2>\n<ul>\n<li>N\u00e1vrh syst\u00e9mu: Zkou\u0161e\u010dka obsahuje pevnou pozici zat\u011b\u017eovac\u00ed bu\u0148ky s ochrann\u00fdm krytem, kter\u00fd zaji\u0161\u0165uje bezpe\u010dn\u00fd provoz. Mechanismus san\u00ed usnad\u0148uje p\u0159esn\u00e9 testov\u00e1n\u00ed, kdy jsou vzorky bezpe\u010dn\u011b upnuty a b\u011bhem separace jsou zaznamen\u00e1v\u00e1ny s\u00edly odlupov\u00e1n\u00ed.<\/li>\n<li>U\u017eivatelsky p\u0159\u00edv\u011btiv\u00e9 rozhran\u00ed: Tester t\u0159en\u00ed\/lepen\u00ed f\u00f3li\u00ed je vybaven syst\u00e9mem \u0159\u00edzen\u00fdm PLC, kter\u00fd se ovl\u00e1d\u00e1 prost\u0159ednictv\u00edm intuitivn\u00ed dotykov\u00e9 obrazovky HMI, co\u017e u\u017eivatel\u016fm usnad\u0148uje navigaci a ovl\u00e1d\u00e1n\u00ed.<\/li>\n<\/ul>\n<h3>Hlavn\u00ed parametr<\/h3>\n<table>\n<tbody>\n<tr>\n<td width=\"156\">Rozsah s\u00edly<\/td>\n<td width=\"152\">5 N ( nebo podle pot\u0159eby)<\/td>\n<\/tr>\n<tr>\n<td width=\"156\">P\u0159esnost<\/td>\n<td width=\"152\">\u00b10,5%<\/td>\n<\/tr>\n<tr>\n<td width=\"156\">Rozli\u0161en\u00ed<\/td>\n<td width=\"152\">0.001N<\/td>\n<\/tr>\n<tr>\n<td width=\"156\">Rozsah v\u00fdtlaku<\/td>\n<td width=\"152\">0,1 ~ 95 mm<\/td>\n<\/tr>\n<tr>\n<td width=\"156\">P\u0159esnost<\/td>\n<td width=\"152\">\u00b10,1 mm<\/td>\n<\/tr>\n<tr>\n<td width=\"156\">Teplotn\u00ed rozsah<\/td>\n<td width=\"152\">Okoln\u00ed teplota ~ 210 \u00b0C<\/td>\n<\/tr>\n<tr>\n<td width=\"156\">P\u0159esnost<\/td>\n<td width=\"152\">\u00b10.5\u00b0C<\/td>\n<\/tr>\n<tr>\n<td width=\"156\">Po\u010det exempl\u00e1\u0159\u016f<\/td>\n<td width=\"152\">2<\/td>\n<\/tr>\n<tr>\n<td width=\"156\">Velikost vzorku<\/td>\n<td width=\"152\">110*15 mm, D*\u0160<\/td>\n<\/tr>\n<tr>\n<td width=\"156\">Nap\u00e1jen\u00ed<\/td>\n<td width=\"152\">220V 50Hz<\/td>\n<\/tr>\n<\/tbody>\n<\/table>\n<h2>Soulad s pr\u016fmyslov\u00fdmi normami<\/h2>\n<ul>\n<li><a href=\"https:\/\/www.astm.org\/d1894-14.html\" target=\"_blank\" rel=\"noopener nofollow\"><strong>ASTM D1894<\/strong><\/a>: Koeficient t\u0159en\u00ed pro plasty<\/li>\n<li><strong>ASTM D3330<\/strong>: P\u0159ilnavost p\u00e1sky citliv\u00e9 na tlak (180\u00b0)<\/li>\n<li><strong>ISO 8295<\/strong>: Koeficient t\u0159en\u00ed pro plasty, zaji\u0161t\u011bn\u00ed kvality materi\u00e1lu p\u0159i v\u00fdrob\u011b.<\/li>\n<li><strong>TAPPI T816<\/strong>: Koeficient t\u0159en\u00ed pro vlnitou lepenku a lepenku.<\/li>\n<li><strong>TAPPI T549<\/strong>: Koeficient t\u0159en\u00ed pro nenat\u00edran\u00fd pap\u00edr na psan\u00ed a tisk.<\/li>\n<\/ul>\n<h2>Pou\u017eit\u00ed zkou\u0161e\u010dky t\u0159en\u00ed\/lepen\u00ed f\u00f3lie<\/h2>\n<p>Tester t\u0159en\u00ed\/lepen\u00ed f\u00f3lie se pou\u017e\u00edv\u00e1 v r\u016fzn\u00fdch odv\u011btv\u00edch, v\u010detn\u011b:<\/p>\n<ol>\n<li><strong>Balen\u00ed<\/strong>: Zaji\u0161t\u011bn\u00ed, aby obalov\u00e9 materi\u00e1ly spl\u0148ovaly v\u00fdkonnostn\u00ed normy.<\/li>\n<li><strong>Lepidlo<\/strong>: Zkou\u0161en\u00ed spolehlivosti lepidel a bari\u00e9rov\u00fdch materi\u00e1l\u016f.<\/li>\n<li><strong>Potravin\u00e1\u0159sk\u00fd pr\u016fmysl<\/strong>: Hodnocen\u00ed pevnosti t\u011bsn\u011bn\u00ed a interakce materi\u00e1l\u016f z hlediska bezpe\u010dnosti a kvality.<\/li>\n<li><strong>Textil<\/strong> <strong>a Spot\u0159ebitel<\/strong> <strong>Zbo\u017e\u00ed<\/strong>: Posuzov\u00e1n\u00ed vlastnost\u00ed materi\u00e1l\u016f za \u00fa\u010delem zv\u00fd\u0161en\u00ed trvanlivosti a funk\u010dnosti v\u00fdrobk\u016f.<\/li>\n<\/ol>\n<h2>V\u00fdhody testeru t\u0159en\u00ed\/lepen\u00ed f\u00f3lie<\/h2>\n<ul>\n<li><strong>Vylep\u0161en\u00fd v\u00fdkon v\u00fdrobku<\/strong>: P\u0159esn\u00fdm m\u011b\u0159en\u00edm t\u0159en\u00ed a pevnosti v odlupov\u00e1n\u00ed mohou v\u00fdrobci zlep\u0161it kvalitu a trvanlivost v\u00fdrobk\u016f.<\/li>\n<li><strong>Anal\u00fdza dat v re\u00e1ln\u00e9m \u010dase<\/strong>: Syst\u00e9m poskytuje okam\u017eit\u00e9 v\u00fdsledky v\u010detn\u011b grafick\u00e9ho zn\u00e1zorn\u011bn\u00ed dat pro snadnou interpretaci.<\/li>\n<li><strong>Pokro\u010dil\u00e9 funkce<\/strong>: Mezi dal\u0161\u00ed funkce pat\u0159\u00ed integrovan\u00fd tisk a voliteln\u00fd software pro komplexn\u00ed spr\u00e1vu dat.<\/li>\n<\/ul>\n<p>Na str\u00e1nk\u00e1ch <strong><a href=\"https:\/\/www.qualitester.com\/cs\/produkt-2\/coefficient-of-friction-tester-cof-01\/\" target=\"_blank\" rel=\"noopener\">T\u0159en\u00ed filmu<\/a>\/Tester hrot\u016f<\/strong> je nezbytn\u00fdm n\u00e1strojem pro ka\u017edou organizaci, kter\u00e1 se zam\u011b\u0159uje na kvalitu materi\u00e1lu a dodr\u017eov\u00e1n\u00ed pr\u016fmyslov\u00fdch norem. Tento tester poskytuje p\u0159esn\u00e1 m\u011b\u0159en\u00ed a dodr\u017euje uzn\u00e1van\u00e9 zku\u0161ebn\u00ed protokoly, \u010d\u00edm\u017e podporuje v\u00fdrobce v dosa\u017een\u00ed optim\u00e1ln\u00edho v\u00fdkonu v\u00fdrobk\u016f. Prozkoumejte mo\u017enosti testeru t\u0159en\u00ed\/lepen\u00ed f\u00f3lie je\u0161t\u011b dnes a zajist\u011bte, aby va\u0161e materi\u00e1ly spl\u0148ovaly nejvy\u0161\u0161\u00ed standardy kvality.<\/p>\n<h2>Souvisej\u00edc\u00ed produkty<\/h2>\n<blockquote class=\"wp-embedded-content\" data-secret=\"hdCaSFydsl\"><p><a href=\"https:\/\/www.qualitester.com\/cs\/produkt-2\/coefficient-of-friction-tester-cof-01\/\">Tester koeficientu t\u0159en\u00ed COF-01<\/a><\/p><\/blockquote>\n<p><iframe class=\"wp-embedded-content\" sandbox=\"allow-scripts\" security=\"restricted\" style=\"position: absolute; visibility: hidden;\" title=\"\u300a COF-01 Coefficient of Friction Tester \u300b\u2014Material Quality Tester\" src=\"https:\/\/www.qualitester.com\/product\/coefficient-of-friction-tester-cof-01\/embed\/#?secret=KfrAZiIKcT#?secret=hdCaSFydsl\" data-secret=\"hdCaSFydsl\" width=\"500\" height=\"282\" frameborder=\"0\" marginwidth=\"0\" marginheight=\"0\" scrolling=\"no\"><\/iframe><\/p>","protected":false},"excerpt":{"rendered":"<p>Tester t\u0159en\u00ed\/odlupov\u00e1n\u00ed f\u00f3li\u00ed je pokro\u010dil\u00fd p\u0159\u00edstroj ur\u010den\u00fd k p\u0159esn\u00e9mu m\u011b\u0159en\u00ed t\u0159en\u00ed a odolnosti proti odlupov\u00e1n\u00ed u \u0161irok\u00e9 \u0161k\u00e1ly materi\u00e1l\u016f. Tento v\u0161estrann\u00fd p\u0159\u00edstroj, kter\u00fd se pou\u017e\u00edv\u00e1 v odv\u011btv\u00edch, jako jsou obaly, zdravotnick\u00e9 prost\u0159edky, l\u00e9\u010diva a textilie, hraje kl\u00ed\u010dovou roli p\u0159i kontrole kvality, v\u00fdvoji v\u00fdrobk\u016f a v\u00fdzkumu.<\/p>","protected":false},"featured_media":6139,"comment_status":"closed","ping_status":"closed","template":"","meta":{"site-sidebar-layout":"default","site-content-layout":"default","ast-global-header-display":"","ast-main-header-display":"","ast-hfb-above-header-display":"","ast-hfb-below-header-display":"","ast-hfb-mobile-header-display":"","site-post-title":"","ast-breadcrumbs-content":"","ast-featured-img":"","footer-sml-layout":"","theme-transparent-header-meta":"default","adv-header-id-meta":"","stick-header-meta":"","header-above-stick-meta":"","header-main-stick-meta":"","header-below-stick-meta":""},"product_cat":[945,953,956,955,845,954,957,958,952,959,1063,1062,683,681,106,126,132,170,171,95],"product_tag":[],"class_list":{"0":"post-5149","1":"product","2":"type-product","3":"status-publish","4":"has-post-thumbnail","6":"product_cat-180-peeling-tester","7":"product_cat-bursting-tester","8":"product_cat-cobb-tester","9":"product_cat-crush-tester","10":"product_cat-customization","11":"product_cat-paper-tear-tester","12":"product_cat-plybond-tester","13":"product_cat-puncture-tester","14":"product_cat-rub-tester","15":"product_cat-stiffness-tester","16":"product_cat-tappi-t549","17":"product_cat-tappi-t816","18":"product_cat-coefficient-of-friction-tester","19":"product_cat-peel-tester","20":"product_cat-astm-d1894","21":"product_cat-astm-d3330","22":"product_cat-astm-d4917","23":"product_cat-iso-8295","24":"product_cat-iso-8510-2","25":"product_cat-products","26":"desktop-align-left","27":"tablet-align-left","28":"mobile-align-left","30":"first","31":"instock","32":"shipping-taxable","33":"product-type-simple"},"_links":{"self":[{"href":"https:\/\/www.qualitester.com\/cs\/wp-json\/wp\/v2\/product\/5149","targetHints":{"allow":["GET"]}}],"collection":[{"href":"https:\/\/www.qualitester.com\/cs\/wp-json\/wp\/v2\/product"}],"about":[{"href":"https:\/\/www.qualitester.com\/cs\/wp-json\/wp\/v2\/types\/product"}],"replies":[{"embeddable":true,"href":"https:\/\/www.qualitester.com\/cs\/wp-json\/wp\/v2\/comments?post=5149"}],"version-history":[{"count":0,"href":"https:\/\/www.qualitester.com\/cs\/wp-json\/wp\/v2\/product\/5149\/revisions"}],"wp:featuredmedia":[{"embeddable":true,"href":"https:\/\/www.qualitester.com\/cs\/wp-json\/wp\/v2\/media\/6139"}],"wp:attachment":[{"href":"https:\/\/www.qualitester.com\/cs\/wp-json\/wp\/v2\/media?parent=5149"}],"wp:term":[{"taxonomy":"product_cat","embeddable":true,"href":"https:\/\/www.qualitester.com\/cs\/wp-json\/wp\/v2\/product_cat?post=5149"},{"taxonomy":"product_tag","embeddable":true,"href":"https:\/\/www.qualitester.com\/cs\/wp-json\/wp\/v2\/product_tag?post=5149"}],"curies":[{"name":"wp","href":"https:\/\/api.w.org\/{rel}","templated":true}]}}