{"id":5134,"date":"2024-10-30T17:11:11","date_gmt":"2024-10-30T09:11:11","guid":{"rendered":"https:\/\/www.qualitester.com\/?post_type=product&#038;p=5134"},"modified":"2024-12-05T13:39:49","modified_gmt":"2024-12-05T05:39:49","slug":"sale-bag-compression-tester","status":"publish","type":"product","link":"https:\/\/www.qualitester.com\/cs\/produkt-2\/sale-bag-compression-tester\/","title":{"rendered":"Tester komprese PCT-01"},"content":{"rendered":"<h2><strong>\u00davod do testeru stla\u010den\u00ed s\u00e1\u010dku<\/strong><\/h2>\n<p>Tester komprese s\u00e1\u010dk\u016f je d\u016fle\u017eit\u00fdm n\u00e1strojem pro zaji\u0161t\u011bn\u00ed kvality obalov\u00fdch materi\u00e1l\u016f. Vzhledem k tomu, \u017ee integrita obalu je rozhoduj\u00edc\u00ed pro zaji\u0161t\u011bn\u00ed bezpe\u010dnosti a \u00fa\u010dinnosti v\u00fdrobku, hraje tento p\u0159\u00edstroj kl\u00ed\u010dovou roli v r\u016fzn\u00fdch pr\u016fmyslov\u00fdch odv\u011btv\u00edch, v\u010detn\u011b potravin\u00e1\u0159sk\u00e9ho, farmaceutick\u00e9ho, kosmetick\u00e9ho a zdravotnick\u00e9ho balen\u00ed. Tester stla\u010ditelnosti s\u00e1\u010dk\u016f, kter\u00fd je ur\u010den k posuzov\u00e1n\u00ed odolnosti a v\u00fdkonnosti r\u016fzn\u00fdch obalov\u00fdch materi\u00e1l\u016f, zaji\u0161\u0165uje, \u017ee v\u00fdrobky vydr\u017e\u00ed n\u00e1ro\u010dn\u00e9 podm\u00ednky p\u0159epravy a skladov\u00e1n\u00ed.<\/p>\n<h2><strong>Pou\u017eit\u00ed testeru stla\u010den\u00ed s\u00e1\u010dku<\/strong><\/h2>\n<p>Tento v\u0161estrann\u00fd a p\u0159esn\u00fd p\u0159\u00edstroj je ur\u010den k vyhodnocov\u00e1n\u00ed tlakov\u00e9 odolnosti \u0161irok\u00e9 \u0161k\u00e1ly obalov\u00fdch materi\u00e1l\u016f. Je zvl\u00e1\u0161t\u011b \u00fa\u010dinn\u00fd p\u0159i testov\u00e1n\u00ed kompozitn\u00edch f\u00f3liov\u00fdch obal\u016f, infuzn\u00edch vak\u016f, plastov\u00fdch infuzn\u00edch lahv\u00ed, krevn\u00edch vak\u016f, s\u00e1\u010dk\u016f na led a r\u016fzn\u00fdch n\u00e1dob. D\u00edky simulaci re\u00e1ln\u00fdch podm\u00ednek pom\u00e1h\u00e1 tester tlaku s\u00e1\u010dk\u016f v\u00fdrobc\u016fm udr\u017eet integritu v\u00fdrobk\u016f a shodu s pr\u016fmyslov\u00fdmi normami, \u010d\u00edm\u017e sni\u017euje riziko selh\u00e1n\u00ed obal\u016f, kter\u00e9 by mohlo v\u00e9st k n\u00e1kladn\u00e9mu sta\u017een\u00ed z trhu nebo bezpe\u010dnostn\u00edm probl\u00e9m\u016fm.<\/p>\n<h2><strong>Princip testu<\/strong><\/h2>\n<h3><strong>Um\u00edst\u011bn\u00ed<\/strong><\/h3>\n<p>Proces testov\u00e1n\u00ed za\u010d\u00edn\u00e1 um\u00edst\u011bn\u00edm vzorku materi\u00e1lu bezpe\u010dn\u011b mezi horn\u00ed a doln\u00ed p\u0159\u00edtla\u010dnou desku testeru. T\u00edm se zajist\u00ed p\u0159esn\u00e9 a konzistentn\u00ed v\u00fdsledky b\u011bhem tlakov\u00e9 zkou\u0161ky.<\/p>\n<h3><strong>Komprese<\/strong><\/h3>\n<p>Jakmile je vzorek na m\u00edst\u011b, aktivuje se horn\u00ed p\u0159\u00edtla\u010dn\u00e1 deska, kter\u00e1 se pohybuje sm\u011brem dol\u016f proti obalov\u00e9mu materi\u00e1lu. Tato \u010dinnost simuluje vn\u011bj\u0161\u00ed tlaky, kter\u00fdm m\u016f\u017ee b\u00fdt obal vystaven p\u0159i manipulaci, p\u0159eprav\u011b a skladov\u00e1n\u00ed, a umo\u017e\u0148uje tak realistick\u00e9 posouzen\u00ed pevnosti materi\u00e1lu.<\/p>\n<h3><strong>M\u011b\u0159en\u00ed s\u00edly<\/strong><\/h3>\n<p>P\u0159i kompresi se v re\u00e1ln\u00e9m \u010dase m\u011b\u0159\u00ed s\u00edla, kterou p\u016fsob\u00ed spodn\u00ed p\u0159\u00edtla\u010dn\u00fd tal\u00ed\u0159. Tyto \u00fadaje jsou kl\u00ed\u010dov\u00e9 pro vyhodnocen\u00ed \u00fa\u010dinnosti vzorku p\u0159i prasknut\u00ed a jeho schopnosti odol\u00e1vat konstantn\u00edmu tlaku. Poznatky z\u00edskan\u00e9 z t\u011bchto m\u011b\u0159en\u00ed informuj\u00ed v\u00fdrobce o vhodnosti r\u016fzn\u00fdch materi\u00e1l\u016f a konstrukc\u00ed v z\u00e1t\u011b\u017eov\u00fdch podm\u00ednk\u00e1ch.<\/p>\n<h2><strong>Zku\u0161ebn\u00ed metody<\/strong><\/h2>\n<h3><strong>Test komprese bal\u00ed\u010dku<\/strong><\/h3>\n<p>Zkou\u0161ka stla\u010den\u00edm obalu je ned\u00edlnou sou\u010d\u00e1st\u00ed celkov\u00e9ho zku\u0161ebn\u00edho protokolu. Tester stla\u010dov\u00e1n\u00ed s\u00e1\u010dk\u016f nab\u00edz\u00ed dva z\u00e1kladn\u00ed zku\u0161ebn\u00ed re\u017eimy: maxim\u00e1ln\u00ed s\u00edlu p\u0159i roztr\u017een\u00ed a odolnost proti konstantn\u00edmu tlaku. Tyto metody poskytuj\u00ed d\u016fle\u017eit\u00e9 \u00fadaje o tom, jak dob\u0159e r\u016fzn\u00e9 obalov\u00e9 materi\u00e1ly sn\u00e1\u0161ej\u00ed vn\u011bj\u0161\u00ed s\u00edly, co\u017e je rozhoduj\u00edc\u00ed pro zaji\u0161t\u011bn\u00ed bezpe\u010dnosti v\u00fdrobk\u016f a shody s pr\u016fmyslov\u00fdmi normami.<\/p>\n<h3><strong>Technick\u00e9 vlastnosti<\/strong><\/h3>\n<ol>\n<li><strong>U\u017eivatelsky p\u0159\u00edv\u011btiv\u00fd dotykov\u00fd displej HMI<\/strong>: Zjednodu\u0161uje nastaven\u00ed parametr\u016f a testov\u00e1n\u00ed pro snadn\u00e9 pou\u017eit\u00ed.<\/li>\n<li><strong>\u0158\u00eddic\u00ed syst\u00e9m PLC pr\u016fmyslov\u00e9 t\u0159\u00eddy<\/strong>: Zaji\u0161\u0165uje spolehlivou a p\u0159esnou kontrolu b\u011bhem testov\u00e1n\u00ed.<\/li>\n<li><strong>Dva testovac\u00ed re\u017eimy<\/strong>: Mo\u017enosti maxim\u00e1ln\u00ed s\u00edly p\u0159i roztr\u017een\u00ed a odolnosti proti konstantn\u00edmu tlaku.<\/li>\n<li><strong>Automatick\u00e1 kompenzace konstantn\u00edho tlaku<\/strong>: Dynamicky upravuje tlak, aby byla zachov\u00e1na p\u0159esnost testu.<\/li>\n<li><strong>Statistiky dat<\/strong>: Automatick\u00fd sb\u011br a anal\u00fdza dat pro zefektivn\u011bn\u00ed v\u00fdkaznictv\u00ed.<\/li>\n<li><strong>Za\u0159\u00edzen\u00ed pro sb\u011br kapalin<\/strong>: Zabra\u0148uje kontaminaci p\u0159i prasknut\u00ed vzorku.<\/li>\n<li><strong>P\u0159izp\u016fsobiteln\u00e9 nestandardn\u00ed velikosti test\u016f<\/strong>: P\u0159izp\u016fsobuje testovac\u00ed schopnosti konkr\u00e9tn\u00edm pot\u0159eb\u00e1m.<\/li>\n<li><strong>Voliteln\u00fd port RS232 a software<\/strong>: Poskytuje pokro\u010dil\u00e9 mo\u017enosti anal\u00fdzy a integrace dat.<\/li>\n<\/ol>\n<h3><strong>Hlavn\u00ed parametry<\/strong><\/h3>\n<table>\n<tbody>\n<tr>\n<td style=\"text-align: center;\" width=\"175\">Rozsah m\u011b\u0159en\u00ed<\/td>\n<td style=\"text-align: center;\" width=\"277\">2000N (dal\u0161\u00ed voliteln\u00e9)<\/td>\n<\/tr>\n<tr>\n<td style=\"text-align: center;\" width=\"175\">P\u0159esnost m\u011b\u0159en\u00ed<\/td>\n<td style=\"text-align: center;\" width=\"277\">0.5%<\/td>\n<\/tr>\n<tr>\n<td style=\"text-align: center;\" width=\"175\">\u010casov\u00fd rozsah<\/td>\n<td style=\"text-align: center;\" width=\"277\">0~10000S<\/td>\n<\/tr>\n<tr>\n<td style=\"text-align: center;\" width=\"175\">Velikost desky<\/td>\n<td style=\"text-align: center;\" width=\"277\">250 mm * 300 mm (lze p\u0159izp\u016fsobit)<\/td>\n<\/tr>\n<tr>\n<td style=\"text-align: center;\" width=\"175\">Nap\u00e1jen\u00ed<\/td>\n<td style=\"text-align: center;\" width=\"277\">220 V, 50 HZ<\/td>\n<\/tr>\n<tr>\n<td style=\"text-align: center;\" width=\"175\">Rozm\u011br<\/td>\n<td style=\"text-align: center;\" width=\"277\">460 mm*410 mm*590 mm<\/td>\n<\/tr>\n<\/tbody>\n<\/table>\n<h2><strong>Nej\u010dast\u011bj\u0161\u00ed dotazy<\/strong><\/h2>\n<ol>\n<li><strong>Jak\u00e9 typy materi\u00e1l\u016f m\u016f\u017ee tester komprese s\u00e1\u010dk\u016f vyhodnocovat?<\/strong>\n<ul>\n<li>Tester dok\u00e1\u017ee posoudit celou \u0159adu materi\u00e1l\u016f, v\u010detn\u011b kompozitn\u00edch f\u00f3li\u00ed, plastov\u00fdch s\u00e1\u010dk\u016f a n\u00e1dob pou\u017e\u00edvan\u00fdch v potravin\u00e1\u0159stv\u00ed, farmaceutick\u00e9m pr\u016fmyslu a kosmetice.<\/li>\n<\/ul>\n<\/li>\n<li><strong>V \u010dem se li\u0161\u00ed kompresn\u00ed test obalu od jin\u00fdch kompresn\u00edch test\u016f?<\/strong>\n<ul>\n<li>Zkou\u0161ka stla\u010den\u00edm obalu hodnot\u00ed zejm\u00e9na schopnost obalu odol\u00e1vat sil\u00e1m, kter\u00e9 se mohou vyskytnout b\u011bhem p\u0159epravy a skladov\u00e1n\u00ed, a zam\u011b\u0159uje se na re\u00e1ln\u00e9 aplikace.<\/li>\n<\/ul>\n<\/li>\n<li><strong>Lze tester stla\u010dov\u00e1n\u00ed s\u00e1\u010dk\u016f p\u0159izp\u016fsobit specifick\u00fdm po\u017eadavk\u016fm na testov\u00e1n\u00ed?<\/strong>\n<ul>\n<li>Ano, tester stla\u010dov\u00e1n\u00ed s\u00e1\u010dk\u016f lze p\u0159izp\u016fsobit tak, aby vyhovoval nestandardn\u00edm zku\u0161ebn\u00edm rozm\u011br\u016fm a specifick\u00fdm materi\u00e1l\u016fm.<\/li>\n<\/ul>\n<\/li>\n<li><strong>Jakou maxim\u00e1ln\u00ed s\u00edlu m\u016f\u017ee tester nam\u011b\u0159it?<\/strong>\n<ul>\n<li>Standardn\u00ed m\u011b\u0159ic\u00ed rozsah je 2000 N, pro vy\u0161\u0161\u00ed v\u00fdkony je k dispozici voliteln\u00e9 p\u0159\u00edslu\u0161enstv\u00ed.<\/li>\n<\/ul>\n<\/li>\n<li><strong>Jak sb\u011br dat v re\u00e1ln\u00e9m \u010dase zvy\u0161uje p\u0159esnost testov\u00e1n\u00ed?<\/strong>\n<ul>\n<li>Sb\u011br dat v re\u00e1ln\u00e9m \u010dase umo\u017e\u0148uje okam\u017eitou anal\u00fdzu vlastnost\u00ed materi\u00e1lu p\u0159i nam\u00e1h\u00e1n\u00ed, co\u017e zvy\u0161uje p\u0159esnost a spolehlivost v\u00fdsledk\u016f zkou\u0161ek.<\/li>\n<\/ul>\n<\/li>\n<\/ol>\n<p>Tester stla\u010den\u00ed s\u00e1\u010dk\u016f je nezbytn\u00fd pro zv\u00fd\u0161en\u00ed kvality balen\u00ed a zaji\u0161t\u011bn\u00ed toho, aby v\u00fdrobky odolaly r\u016fzn\u00fdm tlak\u016fm b\u011bhem p\u0159epravy. Investic\u00ed do tohoto \u0161pi\u010dkov\u00e9ho testovac\u00edho za\u0159\u00edzen\u00ed mohou v\u00fdrobci v\u00fdrazn\u011b sn\u00ed\u017eit riziko selh\u00e1n\u00ed obalu, zabezpe\u010dit sv\u00e9 v\u00fdrobky a udr\u017eet si dobrou pov\u011bst na trhu.<\/p>","protected":false},"excerpt":{"rendered":"<p>Tester komprese s\u00e1\u010dk\u016f je d\u016fle\u017eit\u00fdm n\u00e1strojem pro zaji\u0161t\u011bn\u00ed kvality obalov\u00fdch materi\u00e1l\u016f. Vzhledem k tomu, \u017ee integrita obalu je rozhoduj\u00edc\u00ed pro zaji\u0161t\u011bn\u00ed bezpe\u010dnosti a \u00fa\u010dinnosti v\u00fdrobku, hraje tento p\u0159\u00edstroj kl\u00ed\u010dovou roli v r\u016fzn\u00fdch pr\u016fmyslov\u00fdch odv\u011btv\u00edch, v\u010detn\u011b potravin\u00e1\u0159sk\u00e9ho, farmaceutick\u00e9ho, kosmetick\u00e9ho a zdravotnick\u00e9ho balen\u00ed. Tester stla\u010ditelnosti s\u00e1\u010dk\u016f, kter\u00fd je ur\u010den k posuzov\u00e1n\u00ed odolnosti a v\u00fdkonnosti r\u016fzn\u00fdch obalov\u00fdch materi\u00e1l\u016f, zaji\u0161\u0165uje, \u017ee v\u00fdrobky vydr\u017e\u00ed n\u00e1ro\u010dn\u00e9 podm\u00ednky p\u0159epravy a skladov\u00e1n\u00ed.<\/p>","protected":false},"featured_media":6245,"comment_status":"closed","ping_status":"closed","template":"","meta":{"site-sidebar-layout":"default","site-content-layout":"default","ast-global-header-display":"","ast-main-header-display":"","ast-hfb-above-header-display":"","ast-hfb-below-header-display":"","ast-hfb-mobile-header-display":"","site-post-title":"","ast-breadcrumbs-content":"","ast-featured-img":"","footer-sml-layout":"","theme-transparent-header-meta":"default","adv-header-id-meta":"","stick-header-meta":"","header-above-stick-meta":"","header-main-stick-meta":"","header-below-stick-meta":""},"product_cat":[1069,1068,953,956,955,845,1065,1064,1067,1066,1159,965,954,957,958,952,959,1070,17,149,16,160,161,162,163,164,165,166,167,168,169,170,171,172,173,95],"product_tag":[],"class_list":{"0":"post-5134","1":"product","2":"type-product","3":"status-publish","4":"has-post-thumbnail","6":"product_cat-astm-d4169","7":"product_cat-astm-d642","8":"product_cat-bursting-tester","9":"product_cat-cobb-tester","10":"product_cat-crush-tester","11":"product_cat-customization","12":"product_cat-iso-12048","13":"product_cat-iso-2234","14":"product_cat-iso-2872","15":"product_cat-iso-2874","16":"product_cat-jis-z0212","17":"product_cat-package-compression-tester","18":"product_cat-paper-tear-tester","19":"product_cat-plybond-tester","20":"product_cat-puncture-tester","21":"product_cat-rub-tester","22":"product_cat-stiffness-tester","23":"product_cat-tappi-t804","24":"product_cat-package-container-testers","25":"product_cat-pharma-and-medical-testers","26":"product_cat-plastic-packaging-testers","27":"product_cat-iso-3034","28":"product_cat-iso-37","29":"product_cat-iso-4593","30":"product_cat-iso-5084","31":"product_cat-iso-534","32":"product_cat-iso-6383","33":"product_cat-iso-6710","34":"product_cat-iso-719","35":"product_cat-iso-720","36":"product_cat-iso-7765-1","37":"product_cat-iso-8295","38":"product_cat-iso-8510-2","39":"product_cat-iso-9073-2","40":"product_cat-iso-9187","41":"product_cat-products","42":"desktop-align-left","43":"tablet-align-left","44":"mobile-align-left","46":"first","47":"instock","48":"shipping-taxable","49":"product-type-simple"},"_links":{"self":[{"href":"https:\/\/www.qualitester.com\/cs\/wp-json\/wp\/v2\/product\/5134","targetHints":{"allow":["GET"]}}],"collection":[{"href":"https:\/\/www.qualitester.com\/cs\/wp-json\/wp\/v2\/product"}],"about":[{"href":"https:\/\/www.qualitester.com\/cs\/wp-json\/wp\/v2\/types\/product"}],"replies":[{"embeddable":true,"href":"https:\/\/www.qualitester.com\/cs\/wp-json\/wp\/v2\/comments?post=5134"}],"version-history":[{"count":0,"href":"https:\/\/www.qualitester.com\/cs\/wp-json\/wp\/v2\/product\/5134\/revisions"}],"wp:featuredmedia":[{"embeddable":true,"href":"https:\/\/www.qualitester.com\/cs\/wp-json\/wp\/v2\/media\/6245"}],"wp:attachment":[{"href":"https:\/\/www.qualitester.com\/cs\/wp-json\/wp\/v2\/media?parent=5134"}],"wp:term":[{"taxonomy":"product_cat","embeddable":true,"href":"https:\/\/www.qualitester.com\/cs\/wp-json\/wp\/v2\/product_cat?post=5134"},{"taxonomy":"product_tag","embeddable":true,"href":"https:\/\/www.qualitester.com\/cs\/wp-json\/wp\/v2\/product_tag?post=5134"}],"curies":[{"name":"wp","href":"https:\/\/api.w.org\/{rel}","templated":true}]}}