{"id":5132,"date":"2024-10-30T17:07:18","date_gmt":"2024-10-30T09:07:18","guid":{"rendered":"https:\/\/www.qualitester.com\/?post_type=product&#038;p=5132"},"modified":"2024-12-05T11:37:45","modified_gmt":"2024-12-05T03:37:45","slug":"sale-glass-grains-sampler-for-hydrolytic-resistance","status":"publish","type":"product","link":"https:\/\/www.qualitester.com\/cs\/produkt-2\/sale-glass-grains-sampler-for-hydrolytic-resistance\/","title":{"rendered":"GHR-01A Sklen\u011bn\u00fd vzorkovn\u00edk zrn"},"content":{"rendered":"<h2><strong>\u00davod do vzorkova\u010de sklen\u011bn\u00fdch zrn GHR-01A pro stanoven\u00ed hydrolytick\u00e9 odolnosti<\/strong><\/h2>\n<p>Na str\u00e1nk\u00e1ch <strong>GHR-01A Vzorkova\u010d sklen\u011bn\u00fdch zrn pro hydrolytickou odolnost<\/strong>\u00a0je pokro\u010dil\u00fd p\u0159\u00edstroj ur\u010den\u00fd k hodnocen\u00ed chemick\u00e9 stability sklen\u011bn\u00fdch materi\u00e1l\u016f v\u016f\u010di vod\u011b. Tento kl\u00ed\u010dov\u00fd test kontroly kvality je ve farmaceutick\u00e9m pr\u016fmyslu velmi d\u016fle\u017eit\u00fd, proto\u017ee ur\u010duje, jak obalov\u00e9 materi\u00e1ly, jako jsou sklen\u011bn\u00e9 lahve a ampule, interaguj\u00ed s l\u00e9ky, kter\u00e9 obsahuj\u00ed, co\u017e m\u00e1 p\u0159\u00edm\u00fd vliv na stabilitu a bezpe\u010dnost t\u011bchto v\u00fdrobk\u016f.<\/p>\n<h3><strong>Porozum\u011bn\u00ed testov\u00e1n\u00ed hydrolytick\u00e9 odolnosti<\/strong><\/h3>\n<p>Zkou\u0161ka hydrolytick\u00e9 odolnosti hodnot\u00ed sklon sklen\u011bn\u00fdch materi\u00e1l\u016f k degradaci p\u0159i styku s vodou. P\u0159i t\u00e9to degradaci se mohou uvol\u0148ovat ionty, kter\u00e9 mohou ohrozit \u00fa\u010dinnost l\u00e9\u010div\u00fdch p\u0159\u00edpravk\u016f. Zaji\u0161t\u011bn\u00ed vysok\u00e9 hydrolytick\u00e9 odolnosti sklen\u011bn\u00fdch obal\u016f je nezbytn\u00e9 pro zachov\u00e1n\u00ed integrity l\u00e9\u010div\u00fdch p\u0159\u00edpravk\u016f a prevenci ne\u017e\u00e1douc\u00edch \u00fa\u010dink\u016f.<\/p>\n<h3><strong>Normy pro zkou\u0161en\u00ed hydrolytick\u00e9 odolnosti<\/strong><\/h3>\n<ul>\n<li><strong><a href=\"https:\/\/www.iso.org\/standard\/77843.html\" target=\"_blank\" rel=\"noopener nofollow\">ISO 719<\/a>: Sklo - Hydrolytick\u00e1 odolnost sklen\u011bn\u00fdch zrn p\u0159i 98 \u2103<\/strong><br \/>\nTato norma popisuje zku\u0161ebn\u00ed metodu a klasifikaci pro hodnocen\u00ed hydrolytick\u00e9 odolnosti sklen\u011bn\u00fdch zrn p\u0159i teplot\u011b 98 \u2103. Poskytuje n\u00e1vod, jak p\u0159ipravit vzorky a vyhodnotit jejich odolnost v\u016f\u010di vod\u011b, co\u017e je z\u00e1sadn\u00ed pro zaji\u0161t\u011bn\u00ed toho, aby si sklen\u011bn\u00e9 obaly zachovaly svou integritu za typick\u00fdch skladovac\u00edch podm\u00ednek.<\/li>\n<li><strong><a href=\"https:\/\/www.iso.org\/standard\/77844.html\" target=\"_blank\" rel=\"noopener nofollow\">ISO 720<\/a>: Sklo - Hydrolytick\u00e1 odolnost sklen\u011bn\u00fdch zrn p\u0159i 121 \u2103<\/strong><br \/>\nPodobn\u011b jako <a href=\"https:\/\/www.qualitester.com\/cs\/kategorie-produktu\/iso\/iso-719\/\" target=\"_blank\" rel=\"noopener\">ISO 719<\/a>, tato norma se zam\u011b\u0159uje na zkou\u0161en\u00ed sklen\u011bn\u00fdch zrn p\u0159i zv\u00fd\u0161en\u00e9 teplot\u011b 121 \u2103. Nab\u00edz\u00ed p\u0159\u00edsnou metodiku pro hodnocen\u00ed toho, jak se sklen\u011bn\u00e9 materi\u00e1ly chovaj\u00ed v extr\u00e9mn\u011bj\u0161\u00edch podm\u00ednk\u00e1ch, co\u017e je d\u016fle\u017eit\u00e9 zejm\u00e9na pro steriliza\u010dn\u00ed procesy.<\/li>\n<\/ul>\n<h3><strong>Metodika testov\u00e1n\u00ed<\/strong><\/h3>\n<p>Proces testov\u00e1n\u00ed zahrnuje vlo\u017een\u00ed vzorku skla do hmo\u017ed\u00ed\u0159e, kde se automatick\u00e9 p\u011bchovadlo spust\u00ed a rozdrt\u00ed sklo na \u00falomky. Za\u0159\u00edzen\u00ed pot\u00e9 rozvibruje \u0159adu s\u00edt, kter\u00e1 odd\u011bl\u00ed kvalifikovan\u00e9 vzorky od odpadu sklen\u011bn\u00fdch granul\u00ed. Tento automatizovan\u00fd p\u0159\u00edstup zaji\u0161\u0165uje p\u0159esnou a \u00fa\u010dinnou p\u0159\u00edpravu vzork\u016f p\u0159i dodr\u017een\u00ed norem stanoven\u00fdch normami ISO 719 a ISO 720.<\/p>\n<h2><strong>Vlastnosti a v\u00fdhody testeru GHR-01A<\/strong><\/h2>\n<ol>\n<li><strong>Inteligentn\u00ed automatizace<\/strong>: GHR-01A kombinuje drcen\u00ed a vibra\u010dn\u00ed pros\u00e9v\u00e1n\u00ed do jedin\u00e9 jednotky, co\u017e usnad\u0148uje bezprobl\u00e9movou p\u0159\u00edpravu vzork\u016f a zaji\u0161\u0165uje jejich standardn\u00ed velikost.<\/li>\n<li><strong>U\u017eivatelsky p\u0159\u00edv\u011btiv\u00e9 rozhran\u00ed<\/strong>: Operace na obrazovce HMI umo\u017e\u0148uj\u00ed jednoduchou interakci mezi \u010dlov\u011bkem a strojem, co\u017e obsluze usnad\u0148uje \u0159\u00edzen\u00ed procesu testov\u00e1n\u00ed.<\/li>\n<li><strong>Bezpe\u010dnostn\u00ed prvky<\/strong>: Sn\u00ed\u017een\u00ed po\u010dtu ru\u010dn\u00edch manipulac\u00ed zvy\u0161uje bezpe\u010dnost person\u00e1lu, zat\u00edmco vestav\u011bn\u00e1 bezpe\u010dnostn\u00ed za\u0159\u00edzen\u00ed chr\u00e1n\u00ed p\u0159ed rozst\u0159\u00edknut\u00edm skla a zachov\u00e1vaj\u00ed integritu testu.<\/li>\n<li><strong>Ekologick\u00fd design<\/strong>: Za\u0159\u00edzen\u00ed zahrnuje specializovan\u00fd sb\u011br sklen\u011bn\u00e9ho odpadu, aby se minimalizoval dopad na \u017eivotn\u00ed prost\u0159ed\u00ed.<\/li>\n<li><strong>P\u0159esn\u00e9 testov\u00e1n\u00ed<\/strong>: Automatick\u00e9 pros\u00e9v\u00e1n\u00ed zvy\u0161uje p\u0159esnost a umo\u017e\u0148uje z\u00edskat spolehliv\u00e9 v\u00fdsledky.<\/li>\n<li><strong>Funkce koncov\u00e9ho sp\u00edna\u010de<\/strong>: P\u0159idan\u00e1 bezpe\u010dnostn\u00ed opat\u0159en\u00ed zabra\u0148uj\u00ed provozn\u00edm rizik\u016fm.<\/li>\n<li><strong>Optimalizovan\u00fd design<\/strong>: Vertik\u00e1ln\u00ed uspo\u0159\u00e1d\u00e1n\u00ed sni\u017euje gravita\u010dn\u00ed \u00fa\u010dinky na v\u011bt\u0161\u00ed vzorky a zaji\u0161\u0165uje konzistentn\u00ed v\u00fdsledky test\u016f.<\/li>\n<\/ol>\n<h3><strong>Hlavn\u00ed parametry<\/strong><\/h3>\n<table>\n<tbody>\n<tr>\n<td style=\"text-align: center;\" width=\"202\">Rozm\u011br malty\/kol\u00edku<\/td>\n<td style=\"text-align: center;\" width=\"151\">\u03a650\/\u03a648 mm<\/td>\n<\/tr>\n<tr>\n<td style=\"text-align: center;\" width=\"202\">Otvor s\u00edta A<\/td>\n<td style=\"text-align: center;\" width=\"151\">425 \u03bcm<\/td>\n<\/tr>\n<tr>\n<td style=\"text-align: center;\" width=\"202\">S\u00edtko B Otvor<\/td>\n<td style=\"text-align: center;\" width=\"151\">300 \u03bcm<\/td>\n<\/tr>\n<tr>\n<td style=\"text-align: center;\" width=\"202\">S\u00edto O Otvor<\/td>\n<td style=\"text-align: center;\" width=\"151\">600 \u03bcm\u03bcm<\/td>\n<\/tr>\n<tr>\n<td style=\"text-align: center;\" width=\"202\">Doba trv\u00e1n\u00ed t\u0159esen\u00ed s\u00edtem<\/td>\n<td style=\"text-align: center;\" width=\"151\">5min<\/td>\n<\/tr>\n<tr>\n<td style=\"text-align: center;\" width=\"202\">Tlak plynu<\/td>\n<td style=\"text-align: center;\" width=\"151\">0,5 Mpa<\/td>\n<\/tr>\n<tr>\n<td style=\"text-align: center;\" width=\"202\">Velikost plynov\u00e9ho portu<\/td>\n<td style=\"text-align: center;\" width=\"151\">\u04246 mm<\/td>\n<\/tr>\n<tr>\n<td style=\"text-align: center;\" width=\"202\">Power<\/td>\n<td style=\"text-align: center;\" width=\"151\">AC 110~220V 50Hz<\/td>\n<\/tr>\n<\/tbody>\n<\/table>\n<h2><strong>Pou\u017eit\u00ed testeru GHR-01A<\/strong><\/h2>\n<p>GHR-01A je nezbytn\u00fd pro \u0161irokou \u0161k\u00e1lu aplikac\u00ed, zejm\u00e9na ve farmaceutick\u00e9m pr\u016fmyslu a v oblasti zdravotnick\u00fdch prost\u0159edk\u016f. Je ide\u00e1ln\u00ed pro p\u0159\u00edpravu hydrolyticky odoln\u00fdch vzork\u016f sklen\u011bn\u00fdch granul\u00ed pou\u017e\u00edvan\u00fdch v r\u016fzn\u00fdch v\u00fdrobc\u00edch z l\u00e9ka\u0159sk\u00e9ho skla, v\u010detn\u011b infuzn\u00edch lahv\u00ed, injek\u010dn\u00edch lahv\u00ed, ampul\u00ed a lahv\u00ed na peror\u00e1ln\u00ed tekutiny.<\/p>\n<p>Souhrnn\u011b lze \u0159\u00edci, \u017ee <strong>GHR-01A Tester hydrolytick\u00e9 odolnosti sklen\u011bn\u00fdch zrn<\/strong> je sofistikovan\u00e9 \u0159e\u0161en\u00ed pro zaji\u0161t\u011bn\u00ed kvality a bezpe\u010dnosti sklen\u011bn\u00fdch obal\u016f na l\u00e9\u010diva. D\u00edky dodr\u017eov\u00e1n\u00ed norem ISO poskytuje tento p\u0159\u00edstroj spolehliv\u00e9 v\u00fdsledky, kter\u00e9 jsou kl\u00ed\u010dov\u00e9 pro zachov\u00e1n\u00ed integrity farmaceutick\u00fdch v\u00fdrobk\u016f. Zvolte si pro sv\u00e9 pot\u0159eby testov\u00e1n\u00ed p\u0159\u00edstroj GHR-01A a zajist\u011bte si nejvy\u0161\u0161\u00ed standardy kontroly kvality.<\/p>\n<h2><strong>Nej\u010dast\u011bj\u0161\u00ed dotazy<\/strong><\/h2>\n<ol>\n<li><strong>Co je to hydrolytick\u00e1 odolnost?<\/strong> Hydrolytick\u00e1 odolnost ozna\u010duje schopnost sklen\u011bn\u00fdch materi\u00e1l\u016f odol\u00e1vat degradaci p\u0159i p\u016fsoben\u00ed vody, co\u017e je z\u00e1sadn\u00ed pro zachov\u00e1n\u00ed farmaceutick\u00e9 stability.<\/li>\n<li><strong>Jak tester GHR-01A funguje?<\/strong> Tester automaticky drt\u00ed vzorky skla a vibrac\u00ed s\u00edt odd\u011bluje vyhovuj\u00edc\u00ed granule od odpadu, \u010d\u00edm\u017e zefektiv\u0148uje proces testov\u00e1n\u00ed.<\/li>\n<li><strong>Jak\u00e9 normy spl\u0148uje GHR-01A?<\/strong> GHR-01A spl\u0148uje normy ISO 719 a ISO 720 pro testov\u00e1n\u00ed hydrolytick\u00e9 odolnosti sklen\u011bn\u00fdch zrn.<\/li>\n<li><strong>Jak\u00e9 typy v\u00fdrobk\u016f lze testovat?<\/strong> P\u0159\u00edstroj GHR-01A je vhodn\u00fd pro testov\u00e1n\u00ed skla pou\u017e\u00edvan\u00e9ho v infuzn\u00edch lahv\u00edch, injek\u010dn\u00edch lahv\u00edch, ampul\u00edch a n\u00e1dob\u00e1ch na peror\u00e1ln\u00ed tekutiny.<\/li>\n<li><strong>Je proces testov\u00e1n\u00ed bezpe\u010dn\u00fd?<\/strong> Ano, GHR-01A je navr\u017een s mnoha bezpe\u010dnostn\u00edmi prvky na ochranu person\u00e1lu a zachov\u00e1n\u00ed integrity testu.<\/li>\n<\/ol>","protected":false},"excerpt":{"rendered":"<p>Na str\u00e1nk\u00e1ch <strong>GHR-01A Vzorkova\u010d sklen\u011bn\u00fdch zrn pro hydrolytickou odolnost<\/strong>\u00a0je pokro\u010dil\u00fd p\u0159\u00edstroj ur\u010den\u00fd k hodnocen\u00ed chemick\u00e9 stability sklen\u011bn\u00fdch materi\u00e1l\u016f v\u016f\u010di vod\u011b. Tento kl\u00ed\u010dov\u00fd test kontroly kvality je ve farmaceutick\u00e9m pr\u016fmyslu velmi d\u016fle\u017eit\u00fd, proto\u017ee ur\u010duje, jak obalov\u00e9 materi\u00e1ly, jako jsou sklen\u011bn\u00e9 lahve a ampule, interaguj\u00ed s l\u00e9ky, kter\u00e9 obsahuj\u00ed, co\u017e m\u00e1 p\u0159\u00edm\u00fd vliv na stabilitu a bezpe\u010dnost t\u011bchto v\u00fdrobk\u016f.<\/p>","protected":false},"featured_media":6209,"comment_status":"closed","ping_status":"closed","template":"","meta":{"site-sidebar-layout":"default","site-content-layout":"default","ast-global-header-display":"","ast-main-header-display":"","ast-hfb-above-header-display":"","ast-hfb-below-header-display":"","ast-hfb-mobile-header-display":"","site-post-title":"","ast-breadcrumbs-content":"","ast-featured-img":"","footer-sml-layout":"","theme-transparent-header-meta":"default","adv-header-id-meta":"","stick-header-meta":"","header-above-stick-meta":"","header-main-stick-meta":"","header-below-stick-meta":""},"product_cat":[845,149,167,168,95],"product_tag":[],"class_list":{"0":"post-5132","1":"product","2":"type-product","3":"status-publish","4":"has-post-thumbnail","6":"product_cat-customization","7":"product_cat-pharma-and-medical-testers","8":"product_cat-iso-719","9":"product_cat-iso-720","10":"product_cat-products","11":"desktop-align-left","12":"tablet-align-left","13":"mobile-align-left","15":"first","16":"instock","17":"shipping-taxable","18":"product-type-simple"},"_links":{"self":[{"href":"https:\/\/www.qualitester.com\/cs\/wp-json\/wp\/v2\/product\/5132","targetHints":{"allow":["GET"]}}],"collection":[{"href":"https:\/\/www.qualitester.com\/cs\/wp-json\/wp\/v2\/product"}],"about":[{"href":"https:\/\/www.qualitester.com\/cs\/wp-json\/wp\/v2\/types\/product"}],"replies":[{"embeddable":true,"href":"https:\/\/www.qualitester.com\/cs\/wp-json\/wp\/v2\/comments?post=5132"}],"version-history":[{"count":0,"href":"https:\/\/www.qualitester.com\/cs\/wp-json\/wp\/v2\/product\/5132\/revisions"}],"wp:featuredmedia":[{"embeddable":true,"href":"https:\/\/www.qualitester.com\/cs\/wp-json\/wp\/v2\/media\/6209"}],"wp:attachment":[{"href":"https:\/\/www.qualitester.com\/cs\/wp-json\/wp\/v2\/media?parent=5132"}],"wp:term":[{"taxonomy":"product_cat","embeddable":true,"href":"https:\/\/www.qualitester.com\/cs\/wp-json\/wp\/v2\/product_cat?post=5132"},{"taxonomy":"product_tag","embeddable":true,"href":"https:\/\/www.qualitester.com\/cs\/wp-json\/wp\/v2\/product_tag?post=5132"}],"curies":[{"name":"wp","href":"https:\/\/api.w.org\/{rel}","templated":true}]}}