{"id":5131,"date":"2024-10-30T17:07:00","date_gmt":"2024-10-30T09:07:00","guid":{"rendered":"https:\/\/www.qualitester.com\/?post_type=product&#038;p=5131"},"modified":"2026-04-22T12:02:56","modified_gmt":"2026-04-22T04:02:56","slug":"sale-yogurt-container-lid-film-peel-tester","status":"publish","type":"product","link":"https:\/\/www.qualitester.com\/cs\/produkt-2\/sale-yogurt-container-lid-film-peel-tester\/","title":{"rendered":"CCPT-01 Tester loup\u00e1n\u00ed kel\u00edmk\u016f a n\u00e1dob"},"content":{"rendered":"<h2><strong>\u00davod<\/strong><\/h2>\n<p>Na str\u00e1nk\u00e1ch <strong>Tester na odlupov\u00e1n\u00ed f\u00f3lie z v\u00ed\u010dek od jogurt\u016f<\/strong> je z\u00e1kladn\u00edm p\u0159\u00edstrojem pro m\u011b\u0159en\u00ed mechanick\u00e9 t\u011bsnosti v\u00ed\u010dek n\u00e1dob na jogurt. Tento tester zaji\u0161\u0165uje integritu v\u00fdrobku a bezpe\u010dnost spot\u0159ebitele t\u00edm, \u017ee vyhodnocuje s\u00edly pot\u0159ebn\u00e9 k odlepen\u00ed v\u00ed\u010dka od n\u00e1doby. V odv\u011btv\u00ed, kde kvalita obal\u016f p\u0159\u00edmo ovliv\u0148uje d\u016fv\u011bru spot\u0159ebitel\u016f, hraje tento tester v oblasti balen\u00ed potravin kl\u00ed\u010dovou roli.<\/p>\n<h2><strong>P\u0159ehled norem<\/strong><\/h2>\n<h3><strong><a href=\"https:\/\/www.qualitester.com\/cs\/standards\/astm-f2824\/\" target=\"_blank\" rel=\"noopener\">ASTM F2824<\/a>: Standardn\u00ed zku\u0161ebn\u00ed metoda pro zkou\u0161en\u00ed mechanick\u00e9 pevnosti t\u011bsn\u011bn\u00ed<\/strong><\/h3>\n<p><a href=\"https:\/\/www.qualitester.com\/cs\/kategorie-produktu\/astm\/astm-f2824\/\" target=\"_blank\" rel=\"noopener\">ASTM F2824<\/a> je uzn\u00e1van\u00e1 norma, kter\u00e1 popisuje metodiku pro hodnocen\u00ed mechanick\u00e9 t\u011bsnosti kulat\u00fdch poh\u00e1r\u016f a misek vybaven\u00fdch ohebn\u00fdmi odlupovac\u00edmi v\u00ed\u010dky. Tato norma poskytuje podrobn\u00e9 pokyny pro prov\u00e1d\u011bn\u00ed zkou\u0161ek odlupov\u00e1n\u00ed a zd\u016fraz\u0148uje d\u016fle\u017eitost zkou\u0161en\u00ed za st\u00e1l\u00fdch podm\u00ednek. Typick\u00fd \u00fahel tahu pro tyto zkou\u0161ky je 45 stup\u0148\u016f; metoda v\u0161ak umo\u017e\u0148uje i jin\u00e9 \u00fahly, aby se vyhov\u011blo r\u016fzn\u00fdm po\u017eadavk\u016fm na zkou\u0161en\u00ed.<\/p>\n<h3><strong>Dal\u0161\u00ed p\u0159\u00edslu\u0161n\u00e9 normy<\/strong><\/h3>\n<p>Krom\u011b normy ASTM F2824 <strong>Tester na odlupov\u00e1n\u00ed f\u00f3lie z v\u00ed\u010dek od jogurt\u016f<\/strong> dodr\u017euje normu ISO 17480, kter\u00e1 d\u00e1le upravuje zkou\u0161ky mechanick\u00e9 pevnosti t\u011bsn\u011bn\u00ed obalov\u00fdch materi\u00e1l\u016f. Tyto normy zaji\u0161\u0165uj\u00ed, \u017ee proces testov\u00e1n\u00ed je v souladu s celosv\u011btov\u00fdmi opat\u0159en\u00edmi pro zaji\u0161t\u011bn\u00ed kvality.<\/p>\n<h2><strong>Aplikace<\/strong><\/h2>\n<p>Na str\u00e1nk\u00e1ch <strong>Tester na odlupov\u00e1n\u00ed f\u00f3lie z v\u00ed\u010dek od jogurt\u016f<\/strong> je speci\u00e1ln\u011b navr\u017een pro obaly na jogurty, ale je dostate\u010dn\u011b univerz\u00e1ln\u00ed pro r\u016fzn\u00e9 typy obal\u016f, v\u010detn\u011b hotov\u00fdch j\u00eddel, smetanov\u00fdch kr\u00e9m\u016f a dal\u0161\u00edch potravin\u00e1\u0159sk\u00fdch v\u00fdrobk\u016f v pevn\u00fdch nebo polotuh\u00fdch obalech. Mo\u017enost testovat r\u016fzn\u00e9 tvary n\u00e1dob - kulat\u00e9, ov\u00e1ln\u00e9 a obd\u00e9ln\u00edkov\u00e9 - zaji\u0161\u0165uje, \u017ee v\u00fdrobci mohou udr\u017eovat vysok\u00e9 standardy kvality nap\u0159\u00ed\u010d sv\u00fdmi produktov\u00fdmi \u0159adami.<\/p>\n<h3><strong>V\u00fdhody<\/strong><\/h3>\n<ol>\n<li><strong>Robustn\u00ed design<\/strong>\n<ul>\n<li>D\u00edky vnit\u0159n\u00ed t\u0159\u00edsloupov\u00e9 konstrukci a krokov\u00e9mu motoru zaru\u010duje tento tester v\u00fdjime\u010dnou stabilitu b\u011bhem test\u016f. Jeho konstrukce umo\u017e\u0148uje \u0161irok\u00fd rozsah pou\u017eit\u00ed, tak\u017ee je vhodn\u00fd pro r\u016fzn\u00e9 tvary a velikosti n\u00e1dob.<\/li>\n<\/ul>\n<\/li>\n<li><strong>U\u017eivatelsky p\u0159\u00edv\u011btiv\u00e9 rozhran\u00ed<\/strong>\n<ul>\n<li>Integrovan\u00fd PLC (Programmable Logic Controller) a HMI (Human-Machine Interface) poskytuj\u00ed barevn\u00fd displej pro intuitivn\u00ed ovl\u00e1d\u00e1n\u00ed, co\u017e u\u017eivatel\u016fm zjednodu\u0161uje proces testov\u00e1n\u00ed.<\/li>\n<\/ul>\n<\/li>\n<li><strong>V\u0161estrann\u00e9 mo\u017enosti testov\u00e1n\u00ed<\/strong>\n<ul>\n<li>Tester nab\u00edz\u00ed plynulou regulaci rychlosti, tak\u017ee si u\u017eivatel\u00e9 mohou p\u0159izp\u016fsobit rychlost testov\u00e1n\u00ed podle sv\u00fdch pot\u0159eb. Flexibilitu provozu zaji\u0161\u0165uj\u00ed jak manu\u00e1ln\u00ed (kliknut\u00edm do pohybu), tak automatick\u00e9 mo\u017enosti spu\u0161t\u011bn\u00ed testu.<\/li>\n<\/ul>\n<\/li>\n<li><strong>Bezpe\u010dnostn\u00ed prvky<\/strong>\n<ul>\n<li>Zkou\u0161e\u010dka je vybavena ochranou proti p\u0159et\u00ed\u017een\u00ed a tahu, kter\u00e1 chr\u00e1n\u00ed p\u0159\u00edstroj i u\u017eivatele. Podporuje tak\u00e9 testy s pevn\u011b danou hodnotou, co\u017e umo\u017e\u0148uje p\u0159esnou kontrolu testovac\u00edch parametr\u016f, jako je poloha zdvihu a doba dr\u017een\u00ed.<\/li>\n<\/ul>\n<\/li>\n<li><strong>Spr\u00e1va dat<\/strong>\n<ul>\n<li>Zobrazen\u00ed k\u0159ivky s\u00edly v re\u00e1ln\u00e9m \u010dase poskytuje okam\u017eitou zp\u011btnou vazbu o v\u00fdsledc\u00edch testu a automatick\u00e9 v\u00fdpo\u010dty maxim\u00e1ln\u00ed, minim\u00e1ln\u00ed a pr\u016fm\u011brn\u00e9 s\u00edly zvy\u0161uj\u00ed p\u0159esnost a pou\u017eitelnost dat. Voliteln\u00fd po\u010d\u00edta\u010dov\u00fd software umo\u017e\u0148uje podrobnou anal\u00fdzu dat a vytv\u00e1\u0159en\u00ed zpr\u00e1v.<\/li>\n<\/ul>\n<\/li>\n<li><strong>Vlastn\u00ed sv\u00edtidla<\/strong>\n<ul>\n<li>Dostupnost p\u0159izp\u016fsoben\u00fdch p\u0159\u00edpravk\u016f, v\u010detn\u011b vakuov\u00e9ho up\u00ednac\u00edho mechanismu, zaji\u0161\u0165uje bezpe\u010dn\u00e9 testov\u00e1n\u00ed v\u00ed\u010dek n\u00e1dob na jogurt, co\u017e p\u0159isp\u00edv\u00e1 ke konzistentn\u00edm a spolehliv\u00fdm v\u00fdsledk\u016fm.<\/li>\n<\/ul>\n<\/li>\n<\/ol>\n<h3><strong>Specifikace<\/strong><\/h3>\n<table>\n<tbody>\n<tr>\n<td style=\"text-align: center;\" width=\"123\">Testovac\u00ed rozsah<\/td>\n<td style=\"text-align: center;\" width=\"201\">500N (nebo podle pot\u0159eby)<\/td>\n<\/tr>\n<tr>\n<td style=\"text-align: center;\" width=\"123\">Mrtvice<\/td>\n<td style=\"text-align: center;\" width=\"201\">260 mm<\/td>\n<\/tr>\n<tr>\n<td style=\"text-align: center;\" width=\"123\">Rychlost<\/td>\n<td style=\"text-align: center;\" width=\"201\">1\uff5e500mm\/min<\/td>\n<\/tr>\n<tr>\n<td style=\"text-align: center;\" width=\"123\">Tlak plynu<\/td>\n<td style=\"text-align: center;\" width=\"201\">0,6 MPa<\/td>\n<\/tr>\n<tr>\n<td style=\"text-align: center;\" width=\"123\">Velikost plynov\u00e9ho portu<\/td>\n<td style=\"text-align: center;\" width=\"201\">\u04246 mm<\/td>\n<\/tr>\n<tr>\n<td style=\"text-align: center;\" width=\"123\">Power<\/td>\n<td style=\"text-align: center;\" width=\"201\">AC 110~220V 50\/60Hz<\/td>\n<\/tr>\n<\/tbody>\n<\/table>\n<p>Na str\u00e1nk\u00e1ch <strong>Tester na odlupov\u00e1n\u00ed f\u00f3lie z v\u00ed\u010dek od jogurt\u016f<\/strong> je nepostradateln\u00fdm n\u00e1strojem pro v\u00fdrobce, kte\u0159\u00ed se sna\u017e\u00ed zajistit kvalitu a bezpe\u010dnost sv\u00fdch obal\u016f na jogurty. D\u00edky dodr\u017eov\u00e1n\u00ed zaveden\u00fdch pr\u016fmyslov\u00fdch norem, jako jsou ASTM F2824 a ISO 17480, podporuje tento tester p\u0159\u00edsn\u00e9 procesy zaji\u0161t\u011bn\u00ed kvality, \u010d\u00edm\u017e zvy\u0161uje spolehlivost v\u00fdrobk\u016f a d\u016fv\u011bru spot\u0159ebitel\u016f.<\/p>\n<h2><strong>Nej\u010dast\u011bj\u0161\u00ed dotazy<\/strong><\/h2>\n<ol>\n<li><strong>Jak\u00e9 typy n\u00e1dob lze t\u00edmto p\u0159\u00edstrojem testovat?<\/strong>\n<ul>\n<li>Tester je vhodn\u00fd pro r\u016fzn\u00e9 tuh\u00e9 a polotuh\u00e9 n\u00e1doby, v\u010detn\u011b kulat\u00fdch, ov\u00e1ln\u00fdch a obd\u00e9ln\u00edkov\u00fdch tvar\u016f.<\/li>\n<\/ul>\n<\/li>\n<li><strong>Jak tester zaji\u0161\u0165uje p\u0159esn\u00e9 m\u011b\u0159en\u00ed?<\/strong>\n<ul>\n<li>Tester vyu\u017e\u00edv\u00e1 p\u0159esn\u00fd krokov\u00fd motor a stabiln\u00ed vnit\u0159n\u00ed strukturu, co\u017e zaji\u0161\u0165uje konzistentn\u00ed v\u00fdsledky p\u0159i ka\u017ed\u00e9m testu.<\/li>\n<\/ul>\n<\/li>\n<li><strong>Lze \u00fahel tahu nastavit pro r\u016fzn\u00e9 testy?<\/strong>\n<ul>\n<li>Ano, a\u010dkoli standardn\u00ed \u00fahel testov\u00e1n\u00ed je 45 stup\u0148\u016f, tester umo\u017e\u0148uje nastaven\u00ed pro spln\u011bn\u00ed specifick\u00fdch po\u017eadavk\u016f na testov\u00e1n\u00ed.<\/li>\n<\/ul>\n<\/li>\n<li><strong>Jak\u00fd v\u00fdznam m\u00e1 norma ASTM F2824 p\u0159i zkou\u0161k\u00e1ch odlupov\u00e1n\u00ed?<\/strong>\n<ul>\n<li><a href=\"https:\/\/www.astm.org\/f2824-10r20.html\" target=\"_blank\" rel=\"noopener nofollow\">ASTM F2824<\/a> provides a standardized method for assessing the mechanical seal strength of flexible peelable lids, ensuring reliable and consistent testing across the industry.<\/li>\n<\/ul>\n<\/li>\n<li><strong>Je sou\u010d\u00e1st\u00ed dod\u00e1vky software pro anal\u00fdzu dat a jak\u00e9 jsou jeho funkce?<\/strong>\n<ul>\n<li>K dispozici je voliteln\u00fd po\u010d\u00edta\u010dov\u00fd software, kter\u00fd nab\u00edz\u00ed pokro\u010dil\u00e9 mo\u017enosti anal\u00fdzy dat, v\u010detn\u011b podrobn\u00e9ho hl\u00e1\u0161en\u00ed a grafick\u00e9ho zobrazen\u00ed v\u00fdsledk\u016f test\u016f.<\/li>\n<\/ul>\n<\/li>\n<\/ol>","protected":false},"excerpt":{"rendered":"<p>Na str\u00e1nk\u00e1ch <strong>Tester na odlupov\u00e1n\u00ed f\u00f3lie z v\u00ed\u010dek od jogurt\u016f<\/strong> je z\u00e1kladn\u00edm p\u0159\u00edstrojem pro m\u011b\u0159en\u00ed mechanick\u00e9 t\u011bsnosti v\u00ed\u010dek n\u00e1dob na jogurt. Tento tester zaji\u0161\u0165uje integritu v\u00fdrobku a bezpe\u010dnost spot\u0159ebitele t\u00edm, \u017ee vyhodnocuje s\u00edly pot\u0159ebn\u00e9 k odlepen\u00ed v\u00ed\u010dka od n\u00e1doby. V odv\u011btv\u00ed, kde kvalita obal\u016f p\u0159\u00edmo ovliv\u0148uje d\u016fv\u011bru spot\u0159ebitel\u016f, hraje tento tester v oblasti balen\u00ed potravin kl\u00ed\u010dovou roli.<\/p>","protected":false},"featured_media":6236,"comment_status":"closed","ping_status":"closed","template":"","meta":{"site-sidebar-layout":"default","site-content-layout":"default","ast-global-header-display":"","ast-main-header-display":"","ast-hfb-above-header-display":"","ast-hfb-below-header-display":"","ast-hfb-mobile-header-display":"","site-post-title":"","ast-breadcrumbs-content":"","ast-featured-img":"","footer-sml-layout":"","theme-transparent-header-meta":"default","adv-header-id-meta":"","stick-header-meta":"","header-above-stick-meta":"","header-main-stick-meta":"","header-below-stick-meta":""},"product_cat":[681,1160,953,956,955,845,954,957,958,952,959,17,16,95],"product_tag":[],"class_list":{"0":"post-5131","1":"product","2":"type-product","3":"status-publish","4":"has-post-thumbnail","6":"product_cat-peel-tester","7":"product_cat-astm-f2824","8":"product_cat-bursting-tester","9":"product_cat-cobb-tester","10":"product_cat-crush-tester","11":"product_cat-customization","12":"product_cat-paper-tear-tester","13":"product_cat-plybond-tester","14":"product_cat-puncture-tester","15":"product_cat-rub-tester","16":"product_cat-stiffness-tester","17":"product_cat-package-container-testers","18":"product_cat-plastic-packaging-testers","19":"product_cat-products","20":"desktop-align-left","21":"tablet-align-left","22":"mobile-align-left","24":"first","25":"instock","26":"shipping-taxable","27":"product-type-simple"},"_links":{"self":[{"href":"https:\/\/www.qualitester.com\/cs\/wp-json\/wp\/v2\/product\/5131","targetHints":{"allow":["GET"]}}],"collection":[{"href":"https:\/\/www.qualitester.com\/cs\/wp-json\/wp\/v2\/product"}],"about":[{"href":"https:\/\/www.qualitester.com\/cs\/wp-json\/wp\/v2\/types\/product"}],"replies":[{"embeddable":true,"href":"https:\/\/www.qualitester.com\/cs\/wp-json\/wp\/v2\/comments?post=5131"}],"version-history":[{"count":1,"href":"https:\/\/www.qualitester.com\/cs\/wp-json\/wp\/v2\/product\/5131\/revisions"}],"predecessor-version":[{"id":7934,"href":"https:\/\/www.qualitester.com\/cs\/wp-json\/wp\/v2\/product\/5131\/revisions\/7934"}],"wp:featuredmedia":[{"embeddable":true,"href":"https:\/\/www.qualitester.com\/cs\/wp-json\/wp\/v2\/media\/6236"}],"wp:attachment":[{"href":"https:\/\/www.qualitester.com\/cs\/wp-json\/wp\/v2\/media?parent=5131"}],"wp:term":[{"taxonomy":"product_cat","embeddable":true,"href":"https:\/\/www.qualitester.com\/cs\/wp-json\/wp\/v2\/product_cat?post=5131"},{"taxonomy":"product_tag","embeddable":true,"href":"https:\/\/www.qualitester.com\/cs\/wp-json\/wp\/v2\/product_tag?post=5131"}],"curies":[{"name":"wp","href":"https:\/\/api.w.org\/{rel}","templated":true}]}}