{"id":5124,"date":"2024-10-29T16:56:05","date_gmt":"2024-10-29T08:56:05","guid":{"rendered":"https:\/\/www.qualitester.com\/?post_type=product&#038;p=5124"},"modified":"2024-12-05T12:00:24","modified_gmt":"2024-12-05T04:00:24","slug":"sale-syringe-plunger-glide-force-tester","status":"publish","type":"product","link":"https:\/\/www.qualitester.com\/cs\/produkt-2\/sale-syringe-plunger-glide-force-tester\/","title":{"rendered":"MST-01 Tester l\u00e9ka\u0159sk\u00fdch st\u0159\u00edka\u010dek"},"content":{"rendered":"<p>Na str\u00e1nk\u00e1ch <strong>Tester kluzn\u00e9 s\u00edly p\u00edstu st\u0159\u00edka\u010dky<\/strong> je specializovan\u00fd p\u0159\u00edstroj ur\u010den\u00fd k m\u011b\u0159en\u00ed s\u00edly pot\u0159ebn\u00e9 k ovl\u00e1d\u00e1n\u00ed p\u00edstu v injek\u010dn\u00edch st\u0159\u00edka\u010dk\u00e1ch, kter\u00fd zaji\u0161\u0165uje kvalitu a bezpe\u010dnost zdravotnick\u00fdch prost\u0159edk\u016f pou\u017e\u00edvan\u00fdch v p\u00e9\u010di o pacienty. D\u00edky d\u016frazu na p\u0159esnost a soulad s pr\u016fmyslov\u00fdmi normami je tento tester nepostradateln\u00fd p\u0159i testov\u00e1n\u00ed zdravotnick\u00fdch obal\u016f a l\u00e9\u010div a nab\u00edz\u00ed p\u0159esn\u00e9 posouzen\u00ed v\u00fdkonu injek\u010dn\u00edch st\u0159\u00edka\u010dek. Stanoven\u00edm kl\u00ed\u010dov\u00fdch ukazatel\u016f, jako je kluzn\u00e1 s\u00edla p\u00edstu a kluzn\u00e1 s\u00edla p\u00edstu, je tento p\u0159\u00edstroj nezbytn\u00fd pro v\u00fdrobce, kte\u0159\u00ed usiluj\u00ed o spln\u011bn\u00ed regula\u010dn\u00edch po\u017eadavk\u016f a dod\u00e1vaj\u00ed koncov\u00fdm u\u017eivatel\u016fm bezpe\u010dn\u00e9 v\u00fdrobky.<\/p>\n<h2>Shoda s normou ISO 7886-1 a jej\u00ed v\u00fdznam<\/h2>\n<p>Tester kluzn\u00e9 s\u00edly p\u00edstu injek\u010dn\u00ed st\u0159\u00edka\u010dky je pln\u011b v souladu s po\u017eadavky <a href=\"https:\/\/www.iso.org\/standard\/64790.html\" target=\"_blank\" rel=\"noopener nofollow\"><strong>ISO 7886-1<\/strong><\/a>, mezin\u00e1rodn\u00ed norma upravuj\u00edc\u00ed konstrukci a zkou\u0161en\u00ed steriln\u00edch injek\u010dn\u00edch st\u0159\u00edka\u010dek na jedno pou\u017eit\u00ed. <a href=\"https:\/\/www.qualitester.com\/cs\/kategorie-produktu\/iso\/iso-7886-1\/\" target=\"_blank\" rel=\"noopener\">ISO 7886-1<\/a> specifikuje metody hodnocen\u00ed funk\u010dnosti st\u0159\u00edka\u010dky, v\u010detn\u011b m\u011b\u0159en\u00ed kluzn\u00e9 s\u00edly, aby byla zaru\u010dena pou\u017eitelnost a v\u00fdkonnost st\u0159\u00edka\u010dky za r\u016fzn\u00fdch podm\u00ednek. Testov\u00e1n\u00ed podle normy ISO 7886-1 pom\u00e1h\u00e1 nejen zajistit bezpe\u010dnost u\u017eivatel\u016f, ale tak\u00e9 pom\u00e1h\u00e1 v\u00fdrobc\u016fm splnit regula\u010dn\u00ed normy nezbytn\u00e9 pro schv\u00e1len\u00ed na trhu.<\/p>\n<h2>V\u0161estrann\u00e9 testovac\u00ed metody<\/h2>\n<p>Tento <strong>Tester kluzn\u00e9 s\u00edly p\u00edstu st\u0159\u00edka\u010dky<\/strong> nab\u00edz\u00ed celou \u0159adu zku\u0161ebn\u00edch metod pro hodnocen\u00ed r\u016fzn\u00fdch aspekt\u016f v\u00fdkonu st\u0159\u00edka\u010dky, mimo jin\u00e9:<\/p>\n<ul>\n<li><strong>M\u011b\u0159en\u00ed kluzn\u00e9 s\u00edly p\u00edstu<\/strong>: P\u0159esn\u011b m\u011b\u0159\u00ed s\u00edlu pot\u0159ebnou k ovl\u00e1d\u00e1n\u00ed p\u00edstu st\u0159\u00edka\u010dky, co\u017e je rozhoduj\u00edc\u00ed pro zaji\u0161t\u011bn\u00ed hladk\u00e9ho a konzistentn\u00edho klouz\u00e1n\u00ed.<\/li>\n<li><strong>Zkou\u0161ka odolnosti proti posunut\u00ed st\u0159\u00edka\u010dky<\/strong>: Vyhodnocuje odpor p\u0159i pohybu p\u00edstu, aby posoudil \u00farove\u0148 t\u0159en\u00ed a zajistil optim\u00e1ln\u00ed funk\u010dnost.<\/li>\n<li><strong>Zkou\u0161ka \u00faniku kapaliny<\/strong>: P\u0159i t\u00e9to zkou\u0161ce se tlakem zjist\u00ed p\u0159\u00edpadn\u00e9 net\u011bsnosti na z\u00e1tce p\u00edstu a ov\u011b\u0159\u00ed se neporu\u0161enost st\u0159\u00edka\u010dky p\u0159i p\u016fsoben\u00ed tlaku.<\/li>\n<li><strong>Test penetrace jehlou<\/strong>: Ur\u010duje s\u00edlu pot\u0159ebnou k proniknut\u00ed jehly, \u010d\u00edm\u017e podporuje bezpe\u010dn\u00e9 a efektivn\u00ed pou\u017e\u00edv\u00e1n\u00ed st\u0159\u00edka\u010dky.<\/li>\n<li><strong>Zkou\u0161ka vyta\u017een\u00ed plun\u017eru<\/strong>: M\u011b\u0159\u00ed s\u00edlu pot\u0159ebnou k vyta\u017een\u00ed p\u00edstu, \u010d\u00edm\u017e testuje odolnost konstrukce st\u0159\u00edka\u010dky a bezpe\u010dnost u\u017eivatele.<\/li>\n<\/ul>\n<p>Tyto testy umo\u017e\u0148uj\u00ed komplexn\u00ed pochopen\u00ed mechanick\u00fdch vlastnost\u00ed st\u0159\u00edka\u010dky a zaji\u0161\u0165uj\u00ed spolehlivost a bezpe\u010dnost p\u0159i jej\u00edm kone\u010dn\u00e9m pou\u017eit\u00ed.<\/p>\n<h2>\u0160irok\u00e9 vyu\u017eit\u00ed v r\u016fzn\u00fdch odv\u011btv\u00edch<\/h2>\n<p>Na str\u00e1nk\u00e1ch <strong>Tester kluzn\u00e9 s\u00edly p\u00edstu st\u0159\u00edka\u010dky<\/strong> je \u0161iroce pou\u017e\u00edv\u00e1n v r\u016fzn\u00fdch odv\u011btv\u00edch, jako jsou:<\/p>\n<ul>\n<li><strong>Zdravotnick\u00e9 obaly<\/strong>: Zaji\u0161\u0165uje, aby st\u0159\u00edka\u010dky spl\u0148ovaly pot\u0159ebn\u00e9 mechanick\u00e9 normy.<\/li>\n<li><strong>Farmaceutick\u00e9 testov\u00e1n\u00ed<\/strong>: Ov\u011b\u0159uje v\u00fdkonnost st\u0159\u00edka\u010dek a pom\u00e1h\u00e1 farmaceutick\u00fdm spole\u010dnostem zaru\u010dit kvalitu v\u00fdrobk\u016f.<\/li>\n<li><strong>Agentury pro kontrolu kvality<\/strong>: Poskytuje regula\u010dn\u00ed z\u00e1ruku t\u00edm, \u017ee potvrzuje, \u017ee l\u00e9ka\u0159sk\u00e9 st\u0159\u00edka\u010dky spl\u0148uj\u00ed bezpe\u010dnostn\u00ed normy.<\/li>\n<\/ul>\n<p>Prost\u0159ednictv\u00edm t\u011bchto aplikac\u00ed tester podporuje \u00fasil\u00ed o kontrolu kvality a d\u00e1v\u00e1 v\u00fdrobc\u016fm a regula\u010dn\u00edm org\u00e1n\u016fm d\u016fv\u011bru ve funk\u010dnost a bezpe\u010dnost st\u0159\u00edka\u010dek.<\/p>\n<h2>Kl\u00ed\u010dov\u00e9 v\u00fdhody<\/h2>\n<ul>\n<li><strong>Multifunk\u010dn\u00ed testov\u00e1n\u00ed<\/strong>: Tento p\u0159\u00edstroj, kter\u00fd obsahuje v\u00edce testovac\u00edch program\u016f v jedin\u00e9m stroji, je cenov\u011b v\u00fdhodn\u00fd a univerz\u00e1ln\u00ed pro r\u016fzn\u00e9 \u00falohy zaji\u0161t\u011bn\u00ed kvality.<\/li>\n<li><strong>N\u00e1vrh programu definovan\u00fd u\u017eivatelem<\/strong>: Pro spln\u011bn\u00ed specifick\u00fdch po\u017eadavk\u016f u\u017eivatel\u016f jsou k dispozici testovac\u00ed programy na m\u00edru, kter\u00e9 vyhovuj\u00ed r\u016fzn\u00fdm typ\u016fm a velikostem st\u0159\u00edka\u010dek.<\/li>\n<li><strong>Procesy v souladu se standardem<\/strong>: Testovac\u00ed procesy jsou v p\u0159\u00edsn\u00e9m souladu s normami ISO, co\u017e podporuje spolehliv\u00e9 a konzistentn\u00ed v\u00fdsledky u v\u0161ech \u0161ar\u017e\u00ed.<\/li>\n<li><strong>Flexibilita pro r\u016fzn\u00e9 zdravotnick\u00e9 materi\u00e1ly<\/strong>: Lze jej p\u0159izp\u016fsobit jedine\u010dn\u00fdm pot\u0159eb\u00e1m testov\u00e1n\u00ed v l\u00e9ka\u0159stv\u00ed, co\u017e zvy\u0161uje jeho pou\u017eitelnost pro \u0161irokou \u0161k\u00e1lu l\u00e9ka\u0159sk\u00fdch aplikac\u00ed.<\/li>\n<\/ul>\n<h2>Pokro\u010dil\u00e9 technick\u00e9 funkce<\/h2>\n<p>Tester klouzav\u00e9 s\u00edly st\u0159\u00edka\u010dky integruje nejmodern\u011bj\u0161\u00ed technick\u00e9 funkce, kter\u00e9 zaji\u0161\u0165uj\u00ed p\u0159esnost a snadn\u00e9 pou\u017eit\u00ed:<\/p>\n<ul>\n<li><strong>\u0158\u00eddic\u00ed jednotka PLC<\/strong>: Zaji\u0161\u0165uje p\u0159esnou kontrolu a monitorov\u00e1n\u00ed v\u0161ech testovac\u00edch parametr\u016f a nab\u00edz\u00ed spolehliv\u00e9 a opakovateln\u00e9 v\u00fdsledky test\u016f.<\/li>\n<li><strong>7palcov\u00e1 dotykov\u00e1 obrazovka HMI<\/strong>: Poskytuje u\u017eivatelsky p\u0159\u00edv\u011btiv\u00e9 rozhran\u00ed, kter\u00e9 obsluze umo\u017e\u0148uje snadn\u00e9 nastaven\u00ed a sledov\u00e1n\u00ed test\u016f.<\/li>\n<li><strong>P\u0159esn\u00fd mechanismus kuli\u010dkov\u00e9ho \u0161roubu<\/strong>: Zvy\u0161uje rychlost a p\u0159esnost posunu pro spolehliv\u00e9 testovac\u00ed podm\u00ednky.<\/li>\n<li><strong>Variabiln\u00ed rychlost testu<\/strong>: Nastaviteln\u00fd v rozmez\u00ed od 1 do 500 mm\/min, co\u017e umo\u017e\u0148uje p\u0159izp\u016fsobit p\u0159\u00edstup v z\u00e1vislosti na po\u017eadavc\u00edch testu.<\/li>\n<li><strong>Bezpe\u010dnostn\u00ed prvky<\/strong>: Obsahuje omezova\u010de polohy, ochranu proti p\u0159et\u00ed\u017een\u00ed a funkci automatick\u00e9ho n\u00e1vratu, kter\u00e1 zabra\u0148uje po\u0161kozen\u00ed a zaji\u0161\u0165uje bezpe\u010dnost obsluhy.<\/li>\n<\/ul>\n<h2>P\u0159izp\u016fsobiteln\u00e9 svorky pro specializovan\u00e9 testov\u00e1n\u00ed<\/h2>\n<p>Tester kluzn\u00e9 s\u00edly st\u0159\u00edka\u010dky je vybaven p\u0159izp\u016fsobiteln\u00fdmi svorkami vyroben\u00fdmi na zak\u00e1zku, kter\u00e9 jsou vhodn\u00e9 pro r\u016fzn\u00e9 konstrukce st\u0159\u00edka\u010dek. Tato flexibilita umo\u017e\u0148uje u\u017eivatel\u016fm p\u0159izp\u016fsobit p\u0159\u00edstroj r\u016fzn\u00fdm konfigurac\u00edm a zajistit, aby ka\u017ed\u00fd test byl p\u0159esn\u00fd, relevantn\u00ed a spolehliv\u00fd.<\/p>\n<h2>Hlavn\u00ed parametry<\/h2>\n<table>\n<thead>\n<tr>\n<th>Parametr<\/th>\n<th>Specifikace<\/th>\n<\/tr>\n<\/thead>\n<tbody>\n<tr>\n<td style=\"text-align: center;\"><strong>Testovac\u00ed rozsah<\/strong><\/td>\n<td style=\"text-align: center;\">50N (lze p\u0159izp\u016fsobit podle pot\u0159eby)<\/td>\n<\/tr>\n<tr>\n<td style=\"text-align: center;\"><strong>Mrtvice<\/strong><\/td>\n<td style=\"text-align: center;\">200 mm (bez svorky)<\/td>\n<\/tr>\n<tr>\n<td style=\"text-align: center;\"><strong>Testovac\u00ed rychlost<\/strong><\/td>\n<td style=\"text-align: center;\">1 ~ 500 mm\/min<\/td>\n<\/tr>\n<tr>\n<td style=\"text-align: center;\"><strong>P\u0159esnost posunut\u00ed<\/strong><\/td>\n<td style=\"text-align: center;\">0,01 mm<\/td>\n<\/tr>\n<tr>\n<td style=\"text-align: center;\"><strong>Celkov\u00e1 p\u0159esnost<\/strong><\/td>\n<td style=\"text-align: center;\">0,5% F.S.<\/td>\n<\/tr>\n<tr>\n<td style=\"text-align: center;\"><strong>Mo\u017enosti v\u00fdstupu<\/strong><\/td>\n<td style=\"text-align: center;\">Obrazovka, mikrotisk\u00e1rna, RS232 (voliteln\u011b)<\/td>\n<\/tr>\n<tr>\n<td style=\"text-align: center;\"><strong>Nap\u00e1jen\u00ed<\/strong><\/td>\n<td style=\"text-align: center;\">110~220V<\/td>\n<\/tr>\n<\/tbody>\n<\/table>\n<h2>Nej\u010dast\u011bj\u0161\u00ed dotazy<\/h2>\n<ol>\n<li><strong>K \u010demu slou\u017e\u00ed tester kluzn\u00e9 s\u00edly injek\u010dn\u00ed st\u0159\u00edka\u010dky?<\/strong>\n<ul>\n<li>M\u011b\u0159\u00ed s\u00edlu pot\u0159ebnou k pohybu p\u00edstu st\u0159\u00edka\u010dky a zaji\u0161\u0165uje, \u017ee spl\u0148uje standardy kvality pro hladk\u00fd chod a bezpe\u010dnost pacienta.<\/li>\n<\/ul>\n<\/li>\n<li><strong>Jak je tento tester v souladu s normou ISO 7886-1?<\/strong>\n<ul>\n<li>Tester spl\u0148uje po\u017eadavky normy ISO 7886-1 a nab\u00edz\u00ed standardizovan\u00e9 zku\u0161ebn\u00ed metody pro ov\u011b\u0159en\u00ed v\u00fdkonu a pou\u017eitelnosti st\u0159\u00edka\u010dky.<\/li>\n<\/ul>\n<\/li>\n<li><strong>M\u016f\u017ee tester vyhov\u011bt r\u016fzn\u00fdm konstrukc\u00edm st\u0159\u00edka\u010dek?<\/strong>\n<ul>\n<li>Ano, tester obsahuje p\u0159izp\u016fsobiteln\u00e9 svorky, kter\u00e9 se p\u0159izp\u016fsob\u00ed r\u016fzn\u00fdm konstrukc\u00edm st\u0159\u00edka\u010dek, co\u017e umo\u017e\u0148uje flexibiln\u00ed testov\u00e1n\u00ed.<\/li>\n<\/ul>\n<\/li>\n<li><strong>Jak\u00e9 typy test\u016f lze s t\u00edmto p\u0159\u00edstrojem prov\u00e1d\u011bt?<\/strong>\n<ul>\n<li>Zkou\u0161ky zahrnuj\u00ed s\u00edlu klouz\u00e1n\u00ed p\u00edstu, odpor p\u0159i posouv\u00e1n\u00ed st\u0159\u00edka\u010dky, \u00fanik kapaliny, pr\u016fnik jehly a vyta\u017een\u00ed p\u00edstu.<\/li>\n<\/ul>\n<\/li>\n<li><strong>Jak se spravuje v\u00fdstup dat?<\/strong>\n<ul>\n<li>Data mohou b\u00fdt vyvedena na obrazovku, mikrotisk\u00e1rnu nebo rozhran\u00ed RS232, co\u017e poskytuje v\u00edce zp\u016fsob\u016f z\u00e1znamu a anal\u00fdzy v\u00fdsledk\u016f.<\/li>\n<\/ul>\n<\/li>\n<\/ol>","protected":false},"excerpt":{"rendered":"<p>Na str\u00e1nk\u00e1ch <strong>Tester kluzn\u00e9 s\u00edly p\u00edstu st\u0159\u00edka\u010dky<\/strong> je specializovan\u00fd p\u0159\u00edstroj ur\u010den\u00fd k m\u011b\u0159en\u00ed s\u00edly pot\u0159ebn\u00e9 k ovl\u00e1d\u00e1n\u00ed p\u00edstu v injek\u010dn\u00edch st\u0159\u00edka\u010dk\u00e1ch, kter\u00fd zaji\u0161\u0165uje kvalitu a bezpe\u010dnost zdravotnick\u00fdch prost\u0159edk\u016f pou\u017e\u00edvan\u00fdch v p\u00e9\u010di o pacienty. D\u00edky d\u016frazu na p\u0159esnost a soulad s pr\u016fmyslov\u00fdmi normami je tento tester nepostradateln\u00fd p\u0159i testov\u00e1n\u00ed zdravotnick\u00fdch obal\u016f a l\u00e9\u010div a nab\u00edz\u00ed p\u0159esn\u00e9 posouzen\u00ed v\u00fdkonu injek\u010dn\u00edch st\u0159\u00edka\u010dek. Stanoven\u00edm kl\u00ed\u010dov\u00fdch ukazatel\u016f, jako je kluzn\u00e1 s\u00edla p\u00edstu a kluzn\u00e1 s\u00edla p\u00edstu, je tento p\u0159\u00edstroj nezbytn\u00fd pro v\u00fdrobce, kte\u0159\u00ed usiluj\u00ed o spln\u011bn\u00ed regula\u010dn\u00edch po\u017eadavk\u016f a dod\u00e1vaj\u00ed koncov\u00fdm u\u017eivatel\u016fm bezpe\u010dn\u00e9 v\u00fdrobky.<\/p>","protected":false},"featured_media":6220,"comment_status":"closed","ping_status":"closed","template":"","meta":{"site-sidebar-layout":"default","site-content-layout":"default","ast-global-header-display":"","ast-main-header-display":"","ast-hfb-above-header-display":"","ast-hfb-below-header-display":"","ast-hfb-mobile-header-display":"","site-post-title":"","ast-breadcrumbs-content":"","ast-featured-img":"","footer-sml-layout":"","theme-transparent-header-meta":"default","adv-header-id-meta":"","stick-header-meta":"","header-above-stick-meta":"","header-main-stick-meta":"","header-below-stick-meta":""},"product_cat":[679,845,1121,1122,1053,1120,1123,1124,149,95],"product_tag":[],"class_list":{"0":"post-5124","1":"product","2":"type-product","3":"status-publish","4":"has-post-thumbnail","6":"product_cat-tensile-tester","7":"product_cat-customization","8":"product_cat-iso-11040-4","9":"product_cat-iso-11608-5","10":"product_cat-iso-7886-1","11":"product_cat-iso-8537","12":"product_cat-usp","13":"product_cat-usp-382","14":"product_cat-pharma-and-medical-testers","15":"product_cat-products","16":"desktop-align-left","17":"tablet-align-left","18":"mobile-align-left","20":"first","21":"instock","22":"shipping-taxable","23":"product-type-simple"},"_links":{"self":[{"href":"https:\/\/www.qualitester.com\/cs\/wp-json\/wp\/v2\/product\/5124","targetHints":{"allow":["GET"]}}],"collection":[{"href":"https:\/\/www.qualitester.com\/cs\/wp-json\/wp\/v2\/product"}],"about":[{"href":"https:\/\/www.qualitester.com\/cs\/wp-json\/wp\/v2\/types\/product"}],"replies":[{"embeddable":true,"href":"https:\/\/www.qualitester.com\/cs\/wp-json\/wp\/v2\/comments?post=5124"}],"version-history":[{"count":0,"href":"https:\/\/www.qualitester.com\/cs\/wp-json\/wp\/v2\/product\/5124\/revisions"}],"wp:featuredmedia":[{"embeddable":true,"href":"https:\/\/www.qualitester.com\/cs\/wp-json\/wp\/v2\/media\/6220"}],"wp:attachment":[{"href":"https:\/\/www.qualitester.com\/cs\/wp-json\/wp\/v2\/media?parent=5124"}],"wp:term":[{"taxonomy":"product_cat","embeddable":true,"href":"https:\/\/www.qualitester.com\/cs\/wp-json\/wp\/v2\/product_cat?post=5124"},{"taxonomy":"product_tag","embeddable":true,"href":"https:\/\/www.qualitester.com\/cs\/wp-json\/wp\/v2\/product_tag?post=5124"}],"curies":[{"name":"wp","href":"https:\/\/api.w.org\/{rel}","templated":true}]}}